{"id":247,"date":"2020-06-14T12:00:36","date_gmt":"2020-06-14T12:00:36","guid":{"rendered":"http:\/\/haitises.com\/product\/import-placeholder-for-9731\/"},"modified":"2024-04-19T21:53:54","modified_gmt":"2024-04-19T21:53:54","slug":"bahia-de-las-aguilas-beach-day-trip-by-boat-day-pass-snorkeling-lunch","status":"publish","type":"product","link":"https:\/\/haitises.com\/pl\/prywatny\/bahia-de-las-aguilas-beach-day-trip-by-boat-day-pass-snorkeling-lunch\/","title":{"rendered":"Bah\u00eda de las Aguilas: Beach Day Trip by Boat -Day Pass &#8211; Snorkeling &#038; Lunch"},"content":{"rendered":"<div class=\"vc_row wpb_row vc_row-fluid\" ><div class=\"wpb_column vc_column_container vc_col-sm-12\"><div class=\"vc_column-inner\"><div class=\"wpb_wrapper\">[mkdf_section_title title_tag=\u00bb\u00bb disable_break_words=\u00bbno\u00bb subtitle_tag=\u00bb\u00bb title=\u00bbBah\u00eda de las Aguilas: Beach Day Trip by Boat\u00bb subtitle=\u00bbDay Pass &#8211; Snorkeling &amp; Lunch\u00bb]<\/div><\/div><\/div><\/div><div class=\"vc_row wpb_row vc_row-fluid\" ><div class=\"wpb_column vc_column_container vc_col-sm-12\"><div class=\"vc_column-inner\"><div class=\"wpb_wrapper\">\n\t<div class=\"wpb_text_column wpb_content_element\" >\n\t\t<div class=\"wpb_wrapper\">\n\t\t\t<h4><b><i>Przegl\u0105d<\/i><\/b><\/h4>\n<p>Sp\u0119d\u017a dzie\u0144 na pla\u017cy i daj si\u0119 ponie\u015b\u0107 duchowi, z dala od obszar\u00f3w turystycznych i ca\u0142ego stresu. Przyjed\u017a i odkryj Park Narodowy Jaragua i Bahia de las \u00c1guilas. Jed\u017a wzd\u0142u\u017c pi\u0119knej drogi z zapieraj\u0105cymi dech w piersiach widokami na ma\u0142y port i wiosk\u0119 ryback\u0105 Cabo Rojo. W Las Cuevas wsi\u0105dziesz na \u0142\u00f3d\u017a, kt\u00f3ra zabierze Ci\u0119 na 15-minutow\u0105 przeja\u017cd\u017ck\u0119 do jednej z najpi\u0119kniejszych naturalnych pla\u017c na \u015bwiecie. Piaski Bah\u00eda de las Aguilas s\u0105 nieskazitelnie czyste, a zatoka rozci\u0105ga si\u0119 na d\u0142ugo\u015bci 8 km. Do\u015bwiadcz wyj\u0105tkowego nadmorskiego krajobrazu z krystalicznie czyst\u0105 wod\u0105 l\u015bni\u0105c\u0105 w odcieniach od turkusu po opalowy b\u0142\u0119kit rozp\u0142ywaj\u0105cy si\u0119 po horyzont. Lunch serwowany jest na pla\u017cy, mo\u017cna pop\u0142ywa\u0107 lub nurkowa\u0107 z rurk\u0105 i odkrywa\u0107 ten nietkni\u0119ty naturalny raj.<\/p>\n<p>&nbsp;<\/p>\n<ul>\n<li>Lokalny przewodnik z do\u015bwiadczeniem w zakresie bezpiecze\u0144stwa w okolicy.<\/li>\n<li>Prywatny transport<\/li>\n<li>Op\u0142aty wliczone w cen\u0119<\/li>\n<li>Lunch<\/li>\n<li>Lokalny przewodnik w j\u0119zyku hiszpa\u0144skim, angielskim lub francuskim.<\/li>\n<li>Turystyka piesza<\/li>\n<li>Nurkowanie z rurk\u0105<\/li>\n<\/ul>\n<h4><b>W\u0142\u0105czenia i wy\u0142\u0105czenia<\/b><\/h4>\n<p>&nbsp;<\/p>\n<p><b>W\u0142\u0105czenia<\/b><\/p>\n<ol>\n<li>Lokalny przewodnik z do\u015bwiadczeniem w zakresie bezpiecze\u0144stwa w okolicy.<\/li>\n<li>Prywatny transport dla ma\u0142ych grup<\/li>\n<li>Wszystkie podatki, op\u0142aty i op\u0142aty manipulacyjne<\/li>\n<li>Podatki lokalne<\/li>\n<li>Lunch<\/li>\n<li>Turystyka piesza<\/li>\n<li>Baseny naturalne<\/li>\n<li>Nurkowanie z rurk\u0105<\/li>\n<li>Wszystkie dzia\u0142ania<\/li>\n<\/ol>\n<p><b>Wy\u0142\u0105czenia<\/b><\/p>\n<ol>\n<li>Gratyfikacje<\/li>\n<li>Wszystkie napoje<\/li>\n<\/ol>\n<h4><em><strong>Wylot i powr\u00f3t<\/strong><\/em><\/h4>\n<p>Podr\u00f3\u017cny otrzyma miejsce spotkania po zako\u0144czeniu procesu rezerwacji. Wycieczki rozpoczynaj\u0105 si\u0119 i ko\u0144cz\u0105 w miejscach spotka\u0144.<\/p>\n<h2 class=\"styles__heading___mD4_3\" data-radium=\"true\">Bahia de las Aguilas: ca\u0142odniowa wycieczka \u0142odzi\u0105 po pla\u017cy - ca\u0142odniowy karnet - nurkowanie z rurk\u0105 i lunch<\/h2>\n<h4><em>Czego si\u0119 spodziewa\u0107?<\/em><\/h4>\n<p>Playa de las Aguilas was named after the indigenous eagle. It is famously known as the most beautiful beach of the entire country. The park climate is very arid and the vegetation mainly composed of cacti and other desert plants. The red dirt road that runs along the bay is comparable to an African savanna landscape.<br \/>\nDiscover this paradise for fishermen and lovers of white sand beaches and crystal-clear water. But first, travel to the village La Cueva, where local fishermen live inside caves.<\/p>\n<p>Is there anything missing from this picture perfect moment?<\/p>\n<p>Spokojne morze i lekki wiatr sprawi\u0105, \u017ce nie b\u0119dziesz zbytnio cierpie\u0107 z powodu s\u0142o\u0144ca i upa\u0142u. Zosta\u0144 odkrywc\u0105 na ca\u0142y dzie\u0144 i odkryj ekologiczny, naturalny i ca\u0142kowicie dziewiczy raj. Mo\u017cna tu zaobserwowa\u0107 ponad 130 gatunk\u00f3w ptak\u00f3w, z kt\u00f3rych 76 \u017cyje na sta\u0142e w zatoce, 10 to gatunki endemiczne, a 47 to gatunki migruj\u0105ce.<\/p>\n<p>08.00 \u2013 Departure from your hotel<br \/>\n09.30 \u2013 Short stop at the Laguna de Oviedo to enjoy the view from the viewing platform<br \/>\n11.00 \u2013 Departure by boat from the village La Cueva to the Bahia de las Aguilas<br \/>\n12.30 - Typowy lunch na pla\u017cy<br \/>\n03.00 - Powr\u00f3t do La Cueva<br \/>\n06.00 \u2013 Arrival at your hotel<\/p>\n<h4><em><strong>Co nale\u017cy ze sob\u0105 zabra\u0107?<\/strong><\/em><\/h4>\n<ul>\n<li>Kamera<\/li>\n<li>P\u0105ki odstraszaj\u0105ce<\/li>\n<li>Krem do opalania<\/li>\n<li>Woda<\/li>\n<li>Kapelusz<\/li>\n<li>Wygodne spodnie<\/li>\n<li>Buty turystyczne do lasu<\/li>\n<li>Sanda\u0142y do obszar\u00f3w wiosennych.<\/li>\n<li>Odzie\u017c do p\u0142ywania<\/li>\n<\/ul>\n<p>&nbsp;<\/p>\n<h4><b><i>Pickup Hotel<\/i><\/b><\/h4>\n<p>Podczas tej wycieczki oferowany jest odbi\u00f3r z hotelu. Odbi\u00f3r \/ transport z hotelu (obszar Barahona\/Paraiso\/Los Patos).<\/p>\n<p><b>Uwaga:<\/b>\u00a0Je\u015bli dokonasz rezerwacji w ci\u0105gu 24 godzin od godziny wyjazdu\/wycieczki, mo\u017cemy zorganizowa\u0107 odbi\u00f3r z hotelu. Po prostu odbieramy w okolicy Samana. Po sfinalizowaniu zakupu wy\u015blemy Ci pe\u0142ne dane kontaktowe (numer telefonu, adres e-mail itp.) do naszego lokalnego przewodnika w celu zorganizowania odbioru.<\/p>\n<h4><b><i>Dodatkowe informacje Potwierdzenie<\/i><\/b><\/h4>\n<ol>\n<li>Bilety s\u0105 pokwitowaniem po op\u0142aceniu tej wycieczki. P\u0142atno\u015b\u0107 mo\u017cna wy\u015bwietli\u0107 w telefonie.<\/li>\n<li>Miejsce spotkania zostanie podane po zako\u0144czeniu procesu rezerwacji.<\/li>\n<li>Dzieciom musi towarzyszy\u0107 osoba doros\u0142a.<\/li>\n<li>Brak dost\u0119pu dla w\u00f3zk\u00f3w inwalidzkich<\/li>\n<li>Niemowl\u0119ta musz\u0105 siedzie\u0107 na kolanach<\/li>\n<li>Niezalecane dla os\u00f3b z problemami z kr\u0119gos\u0142upem<\/li>\n<li>Niezalecane dla kobiet w ci\u0105\u017cy<\/li>\n<li>Brak problem\u00f3w z sercem lub innych powa\u017cnych schorze\u0144<\/li>\n<li>Wi\u0119kszo\u015b\u0107 podr\u00f3\u017cnych mo\u017ce wzi\u0105\u0107 udzia\u0142<\/li>\n<\/ol>\n<h4><b><i>Polityka anulowania<\/i><\/b><\/h4>\n<p>Aby uzyska\u0107 pe\u0142ny zwrot koszt\u00f3w, nale\u017cy anulowa\u0107 rezerwacj\u0119 z co najmniej 24-godzinnym wyprzedzeniem przed dat\u0105 rozpocz\u0119cia atrakcji. \u015arodki zostan\u0105 utracone, je\u015bli rezerwacja zostanie anulowana tego samego dnia wycieczki.<\/p>\n\n\t\t<\/div>\n\t<\/div>\n<\/div><\/div><\/div><\/div>","protected":false},"excerpt":{"rendered":"<p>Kup bilet jednodniowy do Bahia las Aguilas z Barahony. Przejed\u017a przez park narodowy Jaragua i udaj si\u0119 do Cabo Rojo, gdzie czeka na Ciebie \u0142\u00f3d\u017a. Po 15-minutowej przeja\u017cd\u017cce \u0142odzi\u0105 dotrzesz do pi\u0119knej i odizolowanej Bahia de las Aguilas, kt\u00f3ra jest uwa\u017cana za najpi\u0119kniejsz\u0105 pla\u017c\u0119 w kraju. Lunch zostanie podany na pla\u017cy i b\u0119dziesz mia\u0142 okazj\u0119 pop\u0142ywa\u0107 lub po prostu zrelaksowa\u0107 si\u0119 na pla\u017cy. Ciesz si\u0119 nieskazitelnie bia\u0142ym piaskiem tej 8-kilometrowej pla\u017cy.<\/p>\n<p>&nbsp;<\/p>\n<p><strong>Wybierz dzie\u0144 tej podr\u00f3\u017cy:<\/strong><\/p>","protected":false},"featured_media":500,"template":"","meta":[],"product_brand":[],"product_cat":[396,135],"product_tag":[397,398,399,400,401,402,403,404,405,406,407,408,409,410,411],"class_list":{"0":"post-247","1":"product","2":"type-product","3":"status-publish","4":"has-post-thumbnail","6":"product_cat-bahia-de-las-aguilas-dominican-republic","7":"product_cat-lunch","8":"product_tag-bahia-de-las-aguilas","9":"product_tag-bahia-de-las-aguilas-pedernales","10":"product_tag-bahia-de-las-aguilas-beach-tour","11":"product_tag-bahia-de-las-aguilas-hoteles","12":"product_tag-bahia-de-las-aguilas-map","13":"product_tag-bahia-de-las-aguilas-private-tour","14":"product_tag-bahia-de-las-aguilas-republica-dominicana-hotel","15":"product_tag-bahia-de-las-aguilas-tour-from-punta-cana","16":"product_tag-bahia-de-las-aguilas-beach-day-trip-by-boat","17":"product_tag-bahia-las-aguilas-tours","18":"product_tag-barahona-tours","19":"product_tag-closest-airport-to-bahia-de-las-aguilas","20":"product_tag-hotel-barahona","21":"product_tag-playa-bahia-de-las-aguilas-dominican-republic","22":"product_tag-tours-a-bahia-de-las-aguilas-desde-santo-domingo","24":"first","25":"instock","26":"sale","27":"sold-individually","28":"shipping-taxable","29":"product-type-external"},"_links":{"self":[{"href":"https:\/\/haitises.com\/pl\/wp-json\/wp\/v2\/product\/247","targetHints":{"allow":["GET"]}}],"collection":[{"href":"https:\/\/haitises.com\/pl\/wp-json\/wp\/v2\/product"}],"about":[{"href":"https:\/\/haitises.com\/pl\/wp-json\/wp\/v2\/types\/product"}],"wp:featuredmedia":[{"embeddable":true,"href":"https:\/\/haitises.com\/pl\/wp-json\/wp\/v2\/media\/500"}],"wp:attachment":[{"href":"https:\/\/haitises.com\/pl\/wp-json\/wp\/v2\/media?parent=247"}],"wp:term":[{"taxonomy":"product_brand","embeddable":true,"href":"https:\/\/haitises.com\/pl\/wp-json\/wp\/v2\/product_brand?post=247"},{"taxonomy":"product_cat","embeddable":true,"href":"https:\/\/haitises.com\/pl\/wp-json\/wp\/v2\/product_cat?post=247"},{"taxonomy":"product_tag","embeddable":true,"href":"https:\/\/haitises.com\/pl\/wp-json\/wp\/v2\/product_tag?post=247"}],"curies":[{"name":"wp","href":"https:\/\/api.w.org\/{rel}","templated":true}]}}