{"id":245,"date":"2020-06-14T12:00:36","date_gmt":"2020-06-14T12:00:36","guid":{"rendered":"http:\/\/haitises.com\/product\/import-placeholder-for-9686\/"},"modified":"2024-04-19T20:40:07","modified_gmt":"2024-04-19T20:40:07","slug":"ermitano-beach-playa-ermitano-boat-tour-and-playa-onda-half-day-trip-samana-dominican-republic","status":"publish","type":"product","link":"https:\/\/haitises.com\/pl\/prywatny\/ermitano-beach-playa-ermitano-boat-tour-and-playa-onda-half-day-trip-samana-dominican-republic\/","title":{"rendered":"(Pla\u017ca Ermitano) Rejs statkiem po Playa Ermita\u00f1o i Playa Onda, wycieczka p\u00f3\u0142dniowa, Saman\u00e1 \u2013 Dominikana."},"content":{"rendered":"<div class=\"vc_row wpb_row vc_row-fluid\" ><div class=\"wpb_column vc_column_container vc_col-sm-12\"><div class=\"vc_column-inner\"><div class=\"wpb_wrapper\">[mkdf_section_title title_tag=\u00bb\u00bb disable_break_words=\u00bbno\u00bb subtitle_tag=\u00bb\u00bb title=\u00bbPlaya Rinc\u00f3n, Playa Fronton + Playa Madame Beach, Saman\u00e1 &#8211; Dominican Republic.\u00bb subtitle=\u00bbLunch, Boat Ride and Private Transportation From Hotels.\u00bb]\n\t<div class=\"wpb_text_column wpb_content_element\" >\n\t\t<div class=\"wpb_wrapper\">\n\t\t\t<h2 class=\"styles__heading___mD4_3\" data-radium=\"true\">(Pla\u017ca Ermitano) Wycieczka \u0142odzi\u0105 do Playa Ermita\u00f1o i prywatna wycieczka do Playa Onda.<\/h2>\n<h4><b><i>Przegl\u0105d <\/i><\/b><\/h4>\n<p>Podr\u00f3\u017c rozpoczyna si\u0119 odbiorem z Twojego hotelu lub z lotniska w rejonie Samana lub Las Galeras. Rozpocznij swoj\u0105 przygod\u0119 na Playa El Valle, pi\u0119knej i wyj\u0105tkowej pla\u017cy w pobli\u017cu Samany. Wybierz si\u0119 na 25-minutowy rejs \u0142odzi\u0105 do Playa Ermita\u00f1o, kt\u00f3ra jest wci\u0105\u017c niezbadan\u0105 i odizolowan\u0105 pla\u017c\u0105 z turkusow\u0105 wod\u0105. Rozkoszuj si\u0119 \u015bwie\u017c\u0105 wod\u0105 kokosow\u0105. Odkryj prawdziwe i nietkni\u0119te pi\u0119kno Republiki Dominikany i zanurz si\u0119 w naturze, zwiedzaj\u0105c poblisk\u0105 tajemnicz\u0105 jaskini\u0119. Zatrzymaj si\u0119 w Playa Ermita\u00f1o tak d\u0142ugo, jak chcesz i odwied\u017a Playa Onda, kolejn\u0105 pi\u0119kn\u0105 dzik\u0105 pla\u017c\u0119, oddalon\u0105 tylko o 15 minut \u0142odzi\u0105. Wr\u00f3\u0107 do Playa El Valle, a nast\u0119pnie udaj si\u0119 do Saman\u00e1, zobaczysz lokalne domy i poznasz prawdziwe \u017cycie Dominikany.<\/p>\n<p>&nbsp;<\/p>\n<ul>\n<li>Lokalny przewodnik z do\u015bwiadczeniem w zakresie bezpiecze\u0144stwa w okolicy.<\/li>\n<li>Prywatny transport<\/li>\n<li>Op\u0142aty wliczone w cen\u0119<\/li>\n<li>Obiad na pla\u017cy<\/li>\n<li>Lokalny przewodnik w j\u0119zyku hiszpa\u0144skim, angielskim lub francuskim.<\/li>\n<li>Turystyka piesza<\/li>\n<\/ul>\n<h4><b>W\u0142\u0105czenia i wy\u0142\u0105czenia<\/b><\/h4>\n<p>&nbsp;<\/p>\n<p><b>W\u0142\u0105czenia<\/b><\/p>\n<ol>\n<li><span style=\"font-weight: 400;\">Lokalny przewodnik z do\u015bwiadczeniem w zakresie bezpiecze\u0144stwa w okolicy.<\/span><\/li>\n<li>Prywatny transport dla ma\u0142ych grup<\/li>\n<li style=\"font-weight: 400;\">Pla\u017ca El Rincon<\/li>\n<li>Ranczo Dom Dominika\u0144ski<\/li>\n<li>Rzeka Cano Frio<\/li>\n<li style=\"font-weight: 400;\"><span style=\"font-weight: 400;\">Wszystkie podatki, op\u0142aty i op\u0142aty manipulacyjne<\/span><\/li>\n<li style=\"font-weight: 400;\"><span style=\"font-weight: 400;\">Podatki lokalne<\/span><\/li>\n<li>Obiad na pla\u017cy<\/li>\n<li>Turystyka piesza<\/li>\n<li style=\"font-weight: 400;\"><span style=\"font-weight: 400;\">Wszystkie dzia\u0142ania<\/span><\/li>\n<\/ol>\n<p><b> Wy\u0142\u0105czenia<\/b><\/p>\n<ol>\n<li style=\"font-weight: 400;\"><span style=\"font-weight: 400;\">Gratyfikacje<\/span><\/li>\n<li>Wszystkie napoje<\/li>\n<\/ol>\n<h4><em><strong>Wylot i powr\u00f3t<\/strong><\/em><\/h4>\n<p><span style=\"font-weight: 400;\">Podr\u00f3\u017cny otrzyma miejsce spotkania po zako\u0144czeniu procesu rezerwacji. Wycieczki rozpoczynaj\u0105 si\u0119 i ko\u0144cz\u0105 w miejscach spotka\u0144.<\/span><\/p>\n<h2 class=\"styles__heading___mD4_3\" data-radium=\"true\">(Pla\u017ca Ermitano) Wycieczka \u0142odzi\u0105 do Playa Ermita\u00f1o i prywatna wycieczka do Playa Onda.<\/h2>\n<h4><em>Czego si\u0119 spodziewa\u0107?<\/em><\/h4>\n<p>Po opuszczeniu obszaru hoteli Samana i przejechaniu ulicami Dominikany, zobaczysz i dowiesz si\u0119 o stylu \u017cycia lokalnych mieszka\u0144c\u00f3w. Pla\u017ca ta znajduje si\u0119 pomi\u0119dzy Playa Honda i Playa El Valle na p\u00f3\u0142wyspie Samana. Ma d\u0142ugo\u015b\u0107 400 metr\u00f3w i jest otoczona rafami. Jedynym sposobem, aby dosta\u0107 si\u0119 na t\u0119 pla\u017c\u0119, jest w\u0119dr\u00f3wka, g\u0119st\u0105 \u015bcie\u017ck\u0105 przypominaj\u0105c\u0105 d\u017cungl\u0119 lub \u0142odzi\u0105.<\/p>\n<p>Historia jego imienia jest tak fascynuj\u0105ca i interesuj\u0105ca\u2026 Juan El Ermita\u00f1o najwyra\u017aniej by\u0142 francuskim piratem, kt\u00f3ry skruszony pewnego dnia wyl\u0105dowa\u0142 na tej pla\u017cy w Samanie. Legenda g\u0142osi, \u017ce w roku 1780 by\u0142 sam i odizolowany od \u015bwiata. Legenda g\u0142osi, \u017ce po 22 latach wygnania zosta\u0142 zaskoczony przez swoich by\u0142ych koleg\u00f3w korsarzy, kt\u00f3rzy wierzyli, \u017ce nie \u017cyje. Ale Hiszpanie, zaskoczeni jego surowo\u015bci\u0105 i sta\u0142o\u015bci\u0105, udzielili mu przebaczenia, uwa\u017caj\u0105c go za niemal \u015bwi\u0119tego. Ale jak w przypadku ka\u017cdej historii pirat\u00f3w, kt\u00f3ra si\u0119 przechwala, Juan El Ermita\u00f1o trzyma\u0142 wielk\u0105 tajemnic\u0119: trzyma\u0142 cenny \u0142up ze swoich czas\u00f3w jako pirat, kt\u00f3ry ukrywa\u0142 si\u0119 na tej pla\u017cy.<\/p>\n<p>Kiedy tam dotrzesz, zobaczysz przed sob\u0105 idealny jak z poczt\u00f3wki krajobraz. B\u0119dziesz mia\u0142 wra\u017cenie, \u017ce jeste\u015b wyj\u0105tkowy na \u015bwiecie w tym magicznym miejscu z bujn\u0105 i tropikaln\u0105 ro\u015blinno\u015bci\u0105 oraz pi\u0119knem krystalicznie czystej wody. Ta pla\u017ca robi niesamowite wra\u017cenie.<\/p>\n<p>Na tej pla\u017cy kr\u0119cono tureck\u0105 i szwedzk\u0105 wersj\u0119 serialu Survivor<\/p>\n<p>This tour, organized by \u00abBooking Adventures\u00bb starts at the meeting point set with our Tour Guide. Come with Booking Adventures and have lunch at the beach and enjoy the one of the\u00a0most amazing beaches in Samana, Dominican Republic.<\/p>\n<h4><em><strong>Co nale\u017cy ze sob\u0105 zabra\u0107?<\/strong><\/em><\/h4>\n<ul>\n<li style=\"font-weight: 400;\"><span style=\"font-weight: 400;\">Kamera<\/span><\/li>\n<li style=\"font-weight: 400;\"><span style=\"font-weight: 400;\">P\u0105ki odstraszaj\u0105ce<\/span><\/li>\n<li style=\"font-weight: 400;\"><span style=\"font-weight: 400;\">Krem do opalania<\/span><\/li>\n<li>Woda<\/li>\n<li style=\"font-weight: 400;\"><span style=\"font-weight: 400;\">Kapelusz<\/span><\/li>\n<li style=\"font-weight: 400;\"><span style=\"font-weight: 400;\">Wygodne spodnie<\/span><\/li>\n<li style=\"font-weight: 400;\"><span style=\"font-weight: 400;\">Buty turystyczne do lasu<\/span><\/li>\n<li style=\"font-weight: 400;\"><span style=\"font-weight: 400;\">Sanda\u0142y do obszar\u00f3w wiosennych.<\/span><\/li>\n<li style=\"font-weight: 400;\"><span style=\"font-weight: 400;\">Odzie\u017c do p\u0142ywania<\/span><\/li>\n<\/ul>\n<p>&nbsp;<\/p>\n<h4><b><i>Pickup Hotel <\/i><\/b><\/h4>\n<p><span style=\"font-weight: 400;\">Podczas tej wycieczki oferowany jest odbi\u00f3r z hotelu. <\/span><\/p>\n<p>&nbsp;<\/p>\n<p><b>Uwaga:<\/b><span style=\"font-weight: 400;\"> Je\u015bli dokonasz rezerwacji w ci\u0105gu 24 godzin od godziny wyjazdu\/wycieczki, mo\u017cemy zorganizowa\u0107 odbi\u00f3r z hotelu. Po prostu odbieramy w okolicy Samana. Po sfinalizowaniu zakupu wy\u015blemy Ci pe\u0142ne dane kontaktowe (numer telefonu, adres e-mail itp.) do naszego lokalnego przewodnika w celu zorganizowania odbioru.<\/span><\/p>\n<h4><b><i>Dodatkowe informacje Potwierdzenie <\/i><\/b><\/h4>\n<ol>\n<li>Bilety s\u0105 pokwitowaniem po op\u0142aceniu tej wycieczki. P\u0142atno\u015b\u0107 mo\u017cna wy\u015bwietli\u0107 w telefonie.<\/li>\n<li style=\"font-weight: 400;\"><span style=\"font-weight: 400;\">Miejsce spotkania zostanie podane po zako\u0144czeniu procesu rezerwacji.<\/span><\/li>\n<li style=\"font-weight: 400;\"><span style=\"font-weight: 400;\">Dzieciom musi towarzyszy\u0107 osoba doros\u0142a.<\/span><\/li>\n<li style=\"font-weight: 400;\"><span style=\"font-weight: 400;\"> Brak dost\u0119pu dla w\u00f3zk\u00f3w inwalidzkich <\/span><\/li>\n<li style=\"font-weight: 400;\"><span style=\"font-weight: 400;\">Niemowl\u0119ta musz\u0105 siedzie\u0107 na kolanach <\/span><\/li>\n<li style=\"font-weight: 400;\"><span style=\"font-weight: 400;\">Niezalecane dla os\u00f3b z problemami z kr\u0119gos\u0142upem<\/span><\/li>\n<li style=\"font-weight: 400;\"><span style=\"font-weight: 400;\">Niezalecane dla kobiet w ci\u0105\u017cy <\/span><\/li>\n<li style=\"font-weight: 400;\"><span style=\"font-weight: 400;\"> Brak problem\u00f3w z sercem lub innych powa\u017cnych schorze\u0144 <\/span><\/li>\n<li style=\"font-weight: 400;\"><span style=\"font-weight: 400;\">Wi\u0119kszo\u015b\u0107 podr\u00f3\u017cnych mo\u017ce wzi\u0105\u0107 udzia\u0142<\/span><\/li>\n<\/ol>\n<h4><b><i>Polityka anulowania<\/i><\/b><\/h4>\n<p><span style=\"font-weight: 400;\">Aby uzyska\u0107 pe\u0142ny zwrot koszt\u00f3w, nale\u017cy anulowa\u0107 rezerwacj\u0119 z co najmniej 24-godzinnym wyprzedzeniem przed dat\u0105 rozpocz\u0119cia atrakcji. \u015arodki zostan\u0105 utracone, je\u015bli rezerwacja zostanie anulowana tego samego dnia wycieczki.<\/span><\/p>\n\n\t\t<\/div>\n\t<\/div>\n<\/div><\/div><\/div><\/div><div class=\"vc_row wpb_row vc_row-fluid\" ><div class=\"wpb_column vc_column_container vc_col-sm-12\"><div class=\"vc_column-inner\"><div class=\"wpb_wrapper\">\n\t<div class=\"wpb_video_widget wpb_content_element vc_clearfix   vc_video-aspect-ratio-169 vc_video-el-width-100 vc_video-align-left\" >\n\t\t<div class=\"wpb_wrapper\">\n\t\t\t<h2 class=\"wpb_heading wpb_video_heading\">Obejrzyj wideo:<\/h2>\n\t\t\t<div class=\"wpb_video_wrapper\"><iframe loading=\"lazy\" title=\"Pla\u017ca Ermita\u00f1o \u2013 Samana, Dominikana\" src=\"https:\/\/player.vimeo.com\/video\/263076708?dnt=1&amp;app_id=122963\" width=\"1100\" height=\"619\" frameborder=\"0\" allow=\"autoplay; fullscreen\" allowfullscreen><\/iframe><\/div>\n\t\t<\/div>\n\t<\/div>\n<\/div><\/div><\/div><\/div><div class=\"vc_row wpb_row vc_row-fluid\" ><div class=\"wpb_column vc_column_container vc_col-sm-12\"><div class=\"vc_column-inner\"><div class=\"wpb_wrapper\"><div class=\"vc_empty_space\"   style=\"height: 32px\"><span class=\"vc_empty_space_inner\"><\/span><\/div>\n\t<div class=\"wpb_text_column wpb_content_element\" >\n\t\t<div class=\"wpb_wrapper\">\n\t\t\t<h4>Skontaktowa\u0107 si\u0119 z nami?<\/h4>\n<h5>Rezerwacja przyg\u00f3d<\/h5>\n<p><em><strong>Miejscowi<\/strong>\u00a0i\u00a0<strong>Nationals<\/strong>\u00a0Przewodnicy turystyczni i obs\u0142uga go\u015bci<\/em><\/p>\n<p><span class=\"text-turquoise\">Rezerwacje:<\/span>\u00a0Wycieczki w Dom. Rep.<\/p>\n<p><img decoding=\"async\" class=\"emoji\" draggable=\"false\" src=\"https:\/\/s.w.org\/images\/core\/emoji\/11.2.0\/svg\/1f4de.svg\" alt=\"\ud83d\udcde\" title=\"\">\u00a0Tel \/ Whatsapp\u00a0\u00a0<a href=\"tel:+1-809-720-6035\">+1-809-720-6035<\/a>.<\/p>\n<p><img decoding=\"async\" class=\"emoji\" draggable=\"false\" src=\"https:\/\/s.w.org\/images\/core\/emoji\/11.2.0\/svg\/1f4e9.svg\" alt=\"\ud83d\udce9\" title=\"\">\u00a0<a href=\"mailto:info@bookingadventures.com.do\">info@bookingadventures.com.do<\/a><\/p>\n<p><strong>Jeste\u015bmy elastyczni w ustalaniu prywatnych wycieczek przez Whatsapp:\u00a0<a href=\"tel:+18097206035\">+18097206035.<\/a><\/strong><\/p>\n\n\t\t<\/div>\n\t<\/div>\n<div class=\"vc_empty_space\"   style=\"height: 32px\"><span class=\"vc_empty_space_inner\"><\/span><\/div><\/div><\/div><\/div><\/div>","protected":false},"excerpt":{"rendered":"<p>Podr\u00f3\u017c rozpoczyna si\u0119 odbiorem z Twojego hotelu lub z lotniska w dzielnicy Samana w Las Galeras. Rozpocznij swoj\u0105 przygod\u0119 na Playa El Valle, pi\u0119knej i wyj\u0105tkowej pla\u017cy w pobli\u017cu Samany. Wybierz si\u0119 na 25-minutowy rejs \u0142odzi\u0105 do Playa Ermita\u00f1o, kt\u00f3ra jest wci\u0105\u017c niezbadan\u0105 i odizolowan\u0105 pla\u017c\u0105 z turkusow\u0105 wod\u0105. Rozkoszuj si\u0119 \u015bwie\u017c\u0105 wod\u0105 kokosow\u0105. Odkryj prawdziwe i nietkni\u0119te pi\u0119kno Republiki Dominikany i zanurz si\u0119 w naturze, zwiedzaj\u0105c poblisk\u0105 tajemnicz\u0105 jaskini\u0119. Zatrzymaj si\u0119 w Playa Ermita\u00f1o tak d\u0142ugo, jak chcesz i odwied\u017a Playa Onda, kolejn\u0105 pi\u0119kn\u0105 dzik\u0105 pla\u017c\u0119, oddalon\u0105 tylko o 15 minut \u0142odzi\u0105. Wr\u00f3\u0107 do Playa El Valle, a nast\u0119pnie udaj si\u0119 do Saman\u00e1, zobaczysz lokalne domy i poznasz prawdziwe \u017cycie Dominikany. To p\u00f3\u0142dniowe do\u015bwiadczenie prawdziwej Samany na Dominikanie.<\/p>\n<p>&nbsp;<\/p>\n<p><strong>Wybierz dat\u0119 wycieczki:\u00a0<\/strong><\/p>","protected":false},"featured_media":484,"template":"","meta":[],"product_brand":[],"product_cat":[356,98,135,124],"product_tag":[376,377,378,379,380,381,382,383,384,385,386,387,388,389,201,270,148,143],"class_list":{"0":"post-245","1":"product","2":"type-product","3":"status-publish","4":"has-post-thumbnail","6":"product_cat-day-trips","7":"product_cat-local-tour-guides","8":"product_cat-lunch","9":"product_cat-tours-excursions-samana-bay-dominican-republic","10":"product_tag-ermitano-beach-playa-ermitano-boat-tour-and-playa-onda-private-trip","11":"product_tag-ermitano-beach","12":"product_tag-ermitano-excursion","13":"product_tag-ermitano-samana","14":"product_tag-ermitano-tour","15":"product_tag-las-terrenas-excursions","16":"product_tag-las-terrenas-tours","17":"product_tag-onda-beach","18":"product_tag-playa-ermitano-and-playa-onda-private-boat-tour","19":"product_tag-playa-ermitano-tour","20":"product_tag-playa-honda-samana","21":"product_tag-playa-onda","22":"product_tag-playa-onda-location","23":"product_tag-playa-onda-samana-maps","24":"product_tag-private-tours-samana","25":"product_tag-samana-dominican-republic","26":"product_tag-samana-excursions","27":"product_tag-samana-tours","29":"first","30":"instock","31":"sale","32":"sold-individually","33":"shipping-taxable","34":"product-type-external"},"_links":{"self":[{"href":"https:\/\/haitises.com\/pl\/wp-json\/wp\/v2\/product\/245","targetHints":{"allow":["GET"]}}],"collection":[{"href":"https:\/\/haitises.com\/pl\/wp-json\/wp\/v2\/product"}],"about":[{"href":"https:\/\/haitises.com\/pl\/wp-json\/wp\/v2\/types\/product"}],"wp:featuredmedia":[{"embeddable":true,"href":"https:\/\/haitises.com\/pl\/wp-json\/wp\/v2\/media\/484"}],"wp:attachment":[{"href":"https:\/\/haitises.com\/pl\/wp-json\/wp\/v2\/media?parent=245"}],"wp:term":[{"taxonomy":"product_brand","embeddable":true,"href":"https:\/\/haitises.com\/pl\/wp-json\/wp\/v2\/product_brand?post=245"},{"taxonomy":"product_cat","embeddable":true,"href":"https:\/\/haitises.com\/pl\/wp-json\/wp\/v2\/product_cat?post=245"},{"taxonomy":"product_tag","embeddable":true,"href":"https:\/\/haitises.com\/pl\/wp-json\/wp\/v2\/product_tag?post=245"}],"curies":[{"name":"wp","href":"https:\/\/api.w.org\/{rel}","templated":true}]}}