{"id":11419,"date":"2021-08-15T20:09:23","date_gmt":"2021-08-15T20:09:23","guid":{"rendered":"http:\/\/haitises.com\/?post_type=product&#038;p=11419"},"modified":"2024-04-02T20:15:34","modified_gmt":"2024-04-02T20:15:34","slug":"el-limon-waterfalls-tour-private-from-las-galeras-horse-riding-lunch-swimming","status":"publish","type":"product","link":"https:\/\/haitises.com\/pl\/prywatny\/el-limon-waterfalls-tour-private-from-las-galeras-horse-riding-lunch-swimming\/","title":{"rendered":"El Limon waterfalls Tour Private From Las Galeras (horse riding , Lunch &#038; swimming)"},"content":{"rendered":"<div class=\"vc_row wpb_row vc_row-fluid\" ><div class=\"wpb_column vc_column_container vc_col-sm-12\"><div class=\"vc_column-inner\"><div class=\"wpb_wrapper\">[mkdf_section_title title_tag=\u00bb\u00bb disable_break_words=\u00bbno\u00bb subtitle_tag=\u00bb\u00bb title=\u00bbEl Limon waterfalls Tour Private From Las Galeras \u00bb subtitle=\u00bb(horse riding , Lunch &amp; swimming) \u00ab]<\/div><\/div><\/div><\/div><div class=\"vc_row wpb_row vc_row-fluid\" ><div class=\"wpb_column vc_column_container vc_col-sm-12\"><div class=\"vc_column-inner\"><div class=\"wpb_wrapper\">\n\t<div class=\"wpb_text_column wpb_content_element\" >\n\t\t<div class=\"wpb_wrapper\">\n\t\t\t<h4><b><i>Przegl\u0105d <\/i><\/b><\/h4>\n<p>To jest prywatna wycieczka do <strong>The Waterfalls El Lim\u00f3n<\/strong> with Riding on Horses or Hiking. Visiting cacao and Coffe forest under Coconuts Palms Canopy. When you arrive at the Waterfalls you are allowed to swim and Set the time with your Local Guide. After enjoying a Typical Lunch in El Lim\u00f3n Community.<\/p>\n<p>Ucz si\u0119 z mieszka\u0144cami i zapewnij sobie bezpieczn\u0105 podr\u00f3\u017c. Zdob\u0105d\u017a bilety w ofercie ju\u017c dzi\u015b.<\/p>\n<ul>\n<li style=\"font-weight: 400;\"><span style=\"font-weight: 400;\">Includes Lunch\u00a0<\/span><\/li>\n<li>Horses Riding or Hiking<\/li>\n<li style=\"font-weight: 400;\"><span style=\"font-weight: 400;\">Przewodnik zawiera instrukcje i wskaz\u00f3wki dotycz\u0105ce nadzoru<\/span><\/li>\n<li>Op\u0142aty za wst\u0119p do parku narodowego<\/li>\n<\/ul>\n<p>&nbsp;<\/p>\n<h4><b>W\u0142\u0105czenia i wy\u0142\u0105czenia<\/b><\/h4>\n<p>&nbsp;<\/p>\n<p><b>W\u0142\u0105czenia<\/b><\/p>\n<ol>\n<li style=\"font-weight: 400;\"><span style=\"font-weight: 400;\">Buffet lunch in El Lim\u00f3n<\/span><\/li>\n<li style=\"font-weight: 400;\"><span style=\"font-weight: 400;\">Wycieczka piesza lub konna<\/span><\/li>\n<li style=\"font-weight: 400;\"><span style=\"font-weight: 400;\">Wszystkie podatki, op\u0142aty i op\u0142aty manipulacyjne<\/span><\/li>\n<li style=\"font-weight: 400;\"><span style=\"font-weight: 400;\">Podatki lokalne<\/span><\/li>\n<li style=\"font-weight: 400;\"><span style=\"font-weight: 400;\">Napoje<\/span><\/li>\n<li style=\"font-weight: 400;\"><span style=\"font-weight: 400;\">Wszystkie dzia\u0142ania<\/span><\/li>\n<li style=\"font-weight: 400;\"><span style=\"font-weight: 400;\">Lokalny przewodnik<\/span><\/li>\n<\/ol>\n<p><b> Wy\u0142\u0105czenia<\/b><\/p>\n<ol>\n<li style=\"font-weight: 400;\"><span style=\"font-weight: 400;\">Gratyfikacje<\/span><\/li>\n<li style=\"font-weight: 400;\"><span style=\"font-weight: 400;\">Transfer<\/span><\/li>\n<li style=\"font-weight: 400;\"><span style=\"font-weight: 400;\">Napoje alkoholowe<\/span><\/li>\n<li>Food on the Beach<\/li>\n<\/ol>\n<p>&nbsp;<\/p>\n<h4><em><strong>Wylot i powr\u00f3t<\/strong><\/em><\/h4>\n<p><span style=\"font-weight: 400;\">Podr\u00f3\u017cny otrzyma miejsce spotkania po zako\u0144czeniu procesu rezerwacji. Wycieczki rozpoczynaj\u0105 si\u0119 i ko\u0144cz\u0105 w naszych punktach spotka\u0144.<\/span><\/p>\n<p>&nbsp;<\/p>\n<h4><b><i>Czego si\u0119 spodziewa\u0107?<\/i><\/b><\/h4>\n<p>&nbsp;<\/p>\n<p><em><strong>Zdob\u0105d\u017a bilety<\/strong><\/em> for visiting The Waterfalls El Lim\u00f3n in Saman\u00e1 plus a wonderful lunch in El Lim\u00f3n Restaurant.<\/p>\n<p><span style=\"font-weight: 400;\">The tour, organized by \u00abBooking Adventures\u00bb starts at the meeting point set with the Tour Guide.<\/span><\/p>\n<p>Best Private trips to El Limon waterfalls with a local tour guide. Book a Horse riding trip by the Forest going around the edge of the Lim\u00f3n River, visiting cacao and Coffe plantations under the Coconuts shadows palms trees.<\/p>\n<p>First, stop in the Small waterfall where usually there are not many people and you can swim around. After we continue to the big waterfall where we will stay for an hour or more if you want to.<\/p>\n<p>Getting horses back to the restaurant where we will enjoy a typical lunch at the beach. Frite fish with Tostones and Salad or you can get other options in the menu with extra charges.<\/p>\n<p>Lunch at the Restaurant in the El Lim\u00f3n community and you can stay as long you want swimming around.\u00a0 If you are Vegan we also can set some food for you.<\/p>\n<p>&nbsp;<\/p>\n<h4><em><strong>Co nale\u017cy ze sob\u0105 zabra\u0107?<\/strong><\/em><\/h4>\n<ul>\n<li style=\"font-weight: 400;\"><span style=\"font-weight: 400;\">Kamera<\/span><\/li>\n<li style=\"font-weight: 400;\"><span style=\"font-weight: 400;\">P\u0105ki odstraszaj\u0105ce<\/span><\/li>\n<li style=\"font-weight: 400;\"><span style=\"font-weight: 400;\">krem do opalania<\/span><\/li>\n<li style=\"font-weight: 400;\"><span style=\"font-weight: 400;\">Kapelusz<\/span><\/li>\n<li style=\"font-weight: 400;\"><span style=\"font-weight: 400;\">Wygodne spodnie<\/span><\/li>\n<li style=\"font-weight: 400;\"><span style=\"font-weight: 400;\">Buty turystyczne do lasu<\/span><\/li>\n<li style=\"font-weight: 400;\"><span style=\"font-weight: 400;\">Odzie\u017c do p\u0142ywania<\/span><\/li>\n<\/ul>\n<p>&nbsp;<\/p>\n<h4><b><i>Pickup Hotel <\/i><\/b><\/h4>\n<p><span style=\"font-weight: 400;\">Ta wycieczka nie obejmuje odbioru z hotelu. <\/span><\/p>\n<p>&nbsp;<\/p>\n<p><b>Uwaga:<\/b><span style=\"font-weight: 400;\"> Je\u015bli dokonasz rezerwacji w ci\u0105gu 24 godzin od godziny wyjazdu\/wycieczki, mo\u017cemy zorganizowa\u0107 odbi\u00f3r z hotelu za dodatkow\u0105 op\u0142at\u0105. Po sfinalizowaniu zakupu wy\u015blemy Ci pe\u0142ne dane kontaktowe (numer telefonu, adres e-mail itp.) do naszego lokalnego przewodnika w celu zorganizowania odbioru.<\/span><\/p>\n<h4><b><i>Dodatkowe informacje Potwierdzenie <\/i><\/b><\/h4>\n<ol>\n<li>Bilety s\u0105 pokwitowaniem po op\u0142aceniu tej wycieczki. P\u0142atno\u015b\u0107 mo\u017cna wy\u015bwietli\u0107 w telefonie.<\/li>\n<li style=\"font-weight: 400;\"><span style=\"font-weight: 400;\">Miejsce spotkania zostanie podane po zako\u0144czeniu procesu rezerwacji.<\/span><\/li>\n<li style=\"font-weight: 400;\"><span style=\"font-weight: 400;\">Dzieciom musi towarzyszy\u0107 osoba doros\u0142a.<\/span><\/li>\n<li style=\"font-weight: 400;\"><span style=\"font-weight: 400;\"> Brak dost\u0119pu dla w\u00f3zk\u00f3w inwalidzkich <\/span><\/li>\n<li style=\"font-weight: 400;\"><span style=\"font-weight: 400;\">Niemowl\u0119ta musz\u0105 siedzie\u0107 na kolanach <\/span><\/li>\n<li style=\"font-weight: 400;\"><span style=\"font-weight: 400;\">Niezalecane dla os\u00f3b z problemami z kr\u0119gos\u0142upem<\/span><\/li>\n<li style=\"font-weight: 400;\"><span style=\"font-weight: 400;\">Niezalecane dla kobiet w ci\u0105\u017cy <\/span><\/li>\n<li style=\"font-weight: 400;\"><span style=\"font-weight: 400;\"> Brak problem\u00f3w z sercem lub innych powa\u017cnych schorze\u0144 <\/span><\/li>\n<li style=\"font-weight: 400;\"><span style=\"font-weight: 400;\">Wi\u0119kszo\u015b\u0107 podr\u00f3\u017cnych mo\u017ce wzi\u0105\u0107 udzia\u0142<\/span><\/li>\n<\/ol>\n<h4><b><i>Polityka anulowania<\/i><\/b><\/h4>\n<p><span style=\"font-weight: 400;\">Aby otrzyma\u0107 pe\u0142ny zwrot koszt\u00f3w, nale\u017cy anulowa\u0107 subskrypcj\u0119 z co najmniej 24-godzinnym wyprzedzeniem przed dat\u0105 jej rozpocz\u0119cia.<\/span><\/p>\n\n\t\t<\/div>\n\t<\/div>\n<\/div><\/div><\/div><\/div><div class=\"vc_row wpb_row vc_row-fluid\" ><div class=\"wpb_column vc_column_container vc_col-sm-12\"><div class=\"vc_column-inner\"><div class=\"wpb_wrapper\"><div class=\"vc_empty_space\"   style=\"height: 32px\"><span class=\"vc_empty_space_inner\"><\/span><\/div>\n\t<div class=\"wpb_text_column wpb_content_element\" >\n\t\t<div class=\"wpb_wrapper\">\n\t\t\t<h4>Skontaktowa\u0107 si\u0119 z nami?<\/h4>\n<h5><em><strong>Rezerwacja przyg\u00f3d<\/strong><\/em><\/h5>\n<p><em><strong>Miejscowi<\/strong> i <strong>Nationals<\/strong> Przewodnicy turystyczni i obs\u0142uga go\u015bci<\/em><\/p>\n<p><span class=\"text-turquoise\">Rezerwacje:<\/span> Wycieczki w Dom. Rep.<\/p>\n<p><img decoding=\"async\" class=\"emoji\" draggable=\"false\" src=\"https:\/\/s.w.org\/images\/core\/emoji\/11.2.0\/svg\/1f4de.svg\" alt=\"\ud83d\udcde\" title=\"\"> Tel \/ Whatsapp\u00a0 <a href=\"tel:+1-809-720-6035\">+1-809-720-6035<\/a>.<\/p>\n<p><img decoding=\"async\" class=\"emoji\" draggable=\"false\" src=\"https:\/\/s.w.org\/images\/core\/emoji\/11.2.0\/svg\/1f4e9.svg\" alt=\"\ud83d\udce9\" title=\"\"> <a href=\"mailto:info@bookingadventures.com.do\">info@bookingadventures.com.do<\/a><\/p>\n<p><strong>Jeste\u015bmy elastyczni w ustalaniu prywatnych wycieczek przez Whatsapp: <a href=\"tel:+18097206035\">+18097206035.<\/a><\/strong><\/p>\n\n\t\t<\/div>\n\t<\/div>\n<div class=\"vc_empty_space\"   style=\"height: 32px\"><span class=\"vc_empty_space_inner\"><\/span><\/div><\/div><\/div><\/div><\/div>","protected":false},"excerpt":{"rendered":"<p><strong>Wybierz dat\u0119 wycieczki\u00a0<\/strong><\/p>","protected":false},"featured_media":11436,"template":"","meta":[],"product_brand":[],"product_cat":[120,96,97,135,136,122,123,124],"product_tag":[138,140,537,155,156,538,142,143],"class_list":{"0":"post-11419","1":"product","2":"type-product","3":"status-publish","4":"has-post-thumbnail","6":"product_cat-fees-entrace","7":"product_cat-hiking","8":"product_cat-horse-riding-to-waterfalls","9":"product_cat-lunch","10":"product_cat-safari-samana","11":"product_cat-tours-and-excursions","12":"product_cat-tours-excursions-los-haitises-national-park","13":"product_cat-tours-excursions-samana-bay-dominican-republic","14":"product_tag-beach-time","15":"product_tag-el-limon-waterfalls","16":"product_tag-el-limon-waterfalls-tour-private-from-las-galeras-horse-riding","17":"product_tag-hiking-el-limon","18":"product_tag-horses-el-limon","19":"product_tag-lunch-swimming","20":"product_tag-samana","21":"product_tag-samana-tours","23":"first","24":"instock","25":"sale","26":"featured","27":"sold-individually","28":"shipping-taxable","29":"product-type-external"},"_links":{"self":[{"href":"https:\/\/haitises.com\/pl\/wp-json\/wp\/v2\/product\/11419","targetHints":{"allow":["GET"]}}],"collection":[{"href":"https:\/\/haitises.com\/pl\/wp-json\/wp\/v2\/product"}],"about":[{"href":"https:\/\/haitises.com\/pl\/wp-json\/wp\/v2\/types\/product"}],"wp:featuredmedia":[{"embeddable":true,"href":"https:\/\/haitises.com\/pl\/wp-json\/wp\/v2\/media\/11436"}],"wp:attachment":[{"href":"https:\/\/haitises.com\/pl\/wp-json\/wp\/v2\/media?parent=11419"}],"wp:term":[{"taxonomy":"product_brand","embeddable":true,"href":"https:\/\/haitises.com\/pl\/wp-json\/wp\/v2\/product_brand?post=11419"},{"taxonomy":"product_cat","embeddable":true,"href":"https:\/\/haitises.com\/pl\/wp-json\/wp\/v2\/product_cat?post=11419"},{"taxonomy":"product_tag","embeddable":true,"href":"https:\/\/haitises.com\/pl\/wp-json\/wp\/v2\/product_tag?post=11419"}],"curies":[{"name":"wp","href":"https:\/\/api.w.org\/{rel}","templated":true}]}}