{"id":11386,"date":"2021-08-15T20:09:02","date_gmt":"2021-08-15T20:09:02","guid":{"rendered":"http:\/\/haitises.com\/?post_type=product&#038;p=11386"},"modified":"2024-04-03T15:06:07","modified_gmt":"2024-04-03T15:06:07","slug":"los-haitises-tainos-canoe-mountain-bike-tour-2","status":"publish","type":"product","link":"https:\/\/haitises.com\/pl\/prywatny\/los-haitises-tainos-canoe-mountain-bike-tour-2\/","title":{"rendered":"Los Haitises Taino&#8217;s Canoe + Mountain Bike Tour"},"content":{"rendered":"<div class=\"vc_row wpb_row vc_row-fluid\" ><div class=\"wpb_column vc_column_container vc_col-sm-12\"><div class=\"vc_column-inner\"><div class=\"wpb_wrapper\"><div class=\"vc_empty_space\"   style=\"height: 32px\"><span class=\"vc_empty_space_inner\"><\/span><\/div><\/div><\/div><\/div><\/div><div class=\"vc_row wpb_row vc_row-fluid\" ><div class=\"wpb_column vc_column_container vc_col-sm-12\"><div class=\"vc_column-inner\"><div class=\"wpb_wrapper\">[mkdf_section_title title_tag=\u00bb\u00bb disable_break_words=\u00bbno\u00bb subtitle_tag=\u00bb\u00bb title=\u00bbLos Haitises Taino&#8217;s Canoe + Mountain Bike Tour\u00bb subtitle=\u00bbCanoes Adventure and Mountain Bikes \u00ab]<\/div><\/div><\/div><\/div><div class=\"vc_row wpb_row vc_row-fluid\" ><div class=\"wpb_column vc_column_container vc_col-sm-12\"><div class=\"vc_column-inner\"><div class=\"wpb_wrapper\"><div class=\"vc_empty_space\"   style=\"height: 32px\"><span class=\"vc_empty_space_inner\"><\/span><\/div><\/div><\/div><\/div><\/div><div class=\"vc_row wpb_row vc_row-fluid\" ><div class=\"wpb_column vc_column_container vc_col-sm-12\"><div class=\"vc_column-inner\"><div class=\"wpb_wrapper\">\n\t<div class=\"wpb_text_column wpb_content_element\" >\n\t\t<div class=\"wpb_wrapper\">\n\t\t\t<h4><b><i>Przegl\u0105d<\/i><\/b><\/h4>\n<p><span style=\"font-weight: 400;\">Travel with a local expert and get the unique experience of biking starting from Sabana de la Mar, this tour will take you around seeing the beautiful landscape of the countryside of the Dominican Republic. As you ride your bike you will be able to say hi! to the farmers riding their horses or motorbike to their property and during the tour, you will be able to emerge in the adventure and local culture from Sabana de la Mar. Some facts about Los Haitises: is one the largest limestone formation in the world, a place for the conservation of endemic species, Location with the majority of the biodiversity of the island, there is one of the largest mangrove forests of Quisqueya and the cave with the most pictograph of the Caribbean. <\/span><\/p>\n<p><span style=\"font-weight: 400;\">Ciekawi Ci\u0119 codzienne \u017cycie Ta\u00ednos? Dzi\u0119ki aktywno\u015bci Taino Adventure przeniesiesz si\u0119 w czasie i poznasz \u015bwiat rdzennej ludno\u015bci Republiki Dominikany.\u00a0<\/span><\/p>\n<p><span style=\"font-weight: 400;\">Kajak by\u0142 prawdopodobnie najwa\u017cniejsz\u0105 cz\u0119\u015bci\u0105 \u017cycia Ta\u00ednos. Dzi\u0119ki niemu \u0142owili ryby, podr\u00f3\u017cowali na mniejsze wyspy, komunikowali si\u0119 z innymi plemionami i odwiedzali szaman\u00f3w w celu przeprowadzenia rytua\u0142\u00f3w, uzdrawiania i proroctw. W Booking Adventures chcemy zanurzy\u0107 Ci\u0119 w \u015bwiecie Ta\u00ednos.\u00a0 <\/span><\/p>\n<p>&nbsp;<\/p>\n<h4><b>W\u0142\u0105czenia i wy\u0142\u0105czenia<\/b><\/h4>\n<p><b>W\u0142\u0105czenia<\/b><\/p>\n<ol>\n<li style=\"font-weight: 400;\">Wycieczka kajakiem<\/li>\n<li>mountain Bikes<\/li>\n<li>Gratis koszulka z piktogramem Taino<\/li>\n<li>Smak chleba Casabe<\/li>\n<li>Wycieczki jaskiniowe<\/li>\n<li style=\"font-weight: 400;\"><span style=\"font-weight: 400;\">Wszystkie podatki, op\u0142aty i op\u0142aty manipulacyjne<\/span><\/li>\n<li style=\"font-weight: 400;\"><span style=\"font-weight: 400;\">Podatki lokalne<\/span><\/li>\n<li style=\"font-weight: 400;\"><span style=\"font-weight: 400;\">Lokalny przewodnik<\/span><\/li>\n<\/ol>\n<p><b> Wy\u0142\u0105czenia<\/b><\/p>\n<ol>\n<li style=\"font-weight: 400;\"><span style=\"font-weight: 400;\">Gratyfikacje<\/span><\/li>\n<li style=\"font-weight: 400;\"><span style=\"font-weight: 400;\">Transfer<\/span><\/li>\n<li>Lunch nie jest wliczony w cen\u0119<\/li>\n<li style=\"font-weight: 400;\"><span style=\"font-weight: 400;\">Napoje alkoholowe<\/span><\/li>\n<\/ol>\n<p>&nbsp;<\/p>\n<h4><em><strong>Wylot i powr\u00f3t<\/strong><\/em><\/h4>\n<p><span style=\"font-weight: 400;\">Podr\u00f3\u017cny otrzyma miejsce spotkania po Procesie Rezerwacji. Wycieczki rozpoczynaj\u0105 si\u0119 i ko\u0144cz\u0105 w miejscach spotka\u0144.<\/span><\/p>\n<h4><b><i>Czego si\u0119 spodziewa\u0107?<\/i><\/b><\/h4>\n<p><span style=\"font-weight: 400;\">W ramach tej atrakcji wyp\u0142yniesz r\u0119cznie wykonanymi kajakami, tak jak zrobili to Ta\u00ednos. Us\u0142yszysz wiele d\u017awi\u0119k\u00f3w, kt\u00f3re \u015bwiadczy\u0142y o ich po\u0142\u0105czeniu z natur\u0105: nawo\u0142ywanie \u017curawi, zanurzanie krab\u00f3w w wodzie i delikatne uderzanie fal o naturalne formacje skalne. \u0141uki korzeni namorzynowych b\u0119d\u0105 przypomina\u0107 katedry i rzeczywi\u015bcie Ta\u00ednos (cho\u0107 nie mieli ko\u015bcio\u0142\u00f3w) byli g\u0142\u0119boko duchowi. Gdy wyruszysz z naszym przewodnikiem, b\u0119dziesz cieszy\u0107 si\u0119 bogat\u0105 r\u00f3\u017cnorodno\u015bci\u0105 ptak\u00f3w, gad\u00f3w i ryb \u017cyj\u0105cych w namorzynach. Oszo\u0142omiony blaskiem fal migocz\u0105cych w porannym \u015bwietle, g\u00f3rami Saman\u00e1 w oddali i szmaragdow\u0105 zieleni\u0105 ko\u0142ysz\u0105cych si\u0119 palm.\u00a0\u00a0<\/span><\/p>\n<p><span style=\"font-weight: 400;\">Nast\u0119pnie b\u0119dziesz m\u00f3g\u0142 odwiedzi\u0107 niekt\u00f3re jaskinie, kt\u00f3re by\u0142y szczeg\u00f3lnie wa\u017cne dla Ta\u00ednos. Podr\u00f3\u017cowali od jaskini do jaskini, odwiedzaj\u0105c m\u0119drc\u00f3w, szukaj\u0105c schronienia przed huraganami i jako miejsca spotka\u0144 z innymi plemionami. Gdy ju\u017c znajdziesz si\u0119 w jaskiniach, b\u0119dziesz m\u00f3g\u0142 doceni\u0107 cisz\u0119 i u\u015bwi\u0119con\u0105 aur\u0119 przestrzeni. Zobaczysz niekt\u00f3re rze\u017aby naskalne, zwane petroglifami, kt\u00f3re przedstawiaj\u0105 ich b\u00f3stwa i duchy. Wreszcie b\u0119dziesz m\u00f3g\u0142 skosztowa\u0107 tych samych owoc\u00f3w tropikalnych, kt\u00f3re zebra\u0142 Ta\u00ednos, zanim wr\u00f3cisz na miejsce spotkania.\u00a0<\/span><\/p>\n<p><span style=\"font-weight: 400;\">Podczas tej wycieczki nasi do\u015bwiadczeni przewodnicy opowiedz\u0105 o wielu zastosowaniach kajaka, o tym, jak \u017cyli Ta\u00ednos przed czasami Kolumba i jak las namorzynowy jest niezb\u0119dny dla zdrowia \u015brodowiska.\u00a0<\/span><\/p>\n<p>&nbsp;<\/p>\n<h4><em><strong>Co nale\u017cy ze sob\u0105 zabra\u0107?<\/strong><\/em><\/h4>\n<ul>\n<li style=\"font-weight: 400;\"><span style=\"font-weight: 400;\">Kamera<\/span><\/li>\n<li style=\"font-weight: 400;\"><span style=\"font-weight: 400;\">P\u0105ki odstraszaj\u0105ce<\/span><\/li>\n<li style=\"font-weight: 400;\"><span style=\"font-weight: 400;\">krem do opalania<\/span><\/li>\n<li style=\"font-weight: 400;\"><span style=\"font-weight: 400;\">Kapelusz<\/span><\/li>\n<li style=\"font-weight: 400;\"><span style=\"font-weight: 400;\">Wygodne spodnie<\/span><\/li>\n<li style=\"font-weight: 400;\"><span style=\"font-weight: 400;\">Sanda\u0142y lub buty na b\u0142otniste tereny.\u00a0<\/span><\/li>\n<li style=\"font-weight: 400;\"><span style=\"font-weight: 400;\">Odzie\u017c do p\u0142ywania<\/span><\/li>\n<\/ul>\n<p>&nbsp;<\/p>\n<h4><b><i>Pickup Hotel <\/i><\/b><\/h4>\n<p><span style=\"font-weight: 400;\">Ta wycieczka nie obejmuje odbioru z hotelu. <\/span><\/p>\n<p><b>Uwaga:<\/b><span style=\"font-weight: 400;\"> Je\u015bli dokonasz rezerwacji w ci\u0105gu 24 godzin od godziny wyjazdu\/wycieczki, mo\u017cemy zorganizowa\u0107 odbi\u00f3r z hotelu za dodatkow\u0105 op\u0142at\u0105. Po sfinalizowaniu zakupu wy\u015blemy Ci pe\u0142ne dane kontaktowe (numer telefonu, adres e-mail itp.) do naszego lokalnego przewodnika w celu zorganizowania odbioru.<\/span><\/p>\n<h4><b><i>Dodatkowe informacje Potwierdzenie <\/i><\/b><\/h4>\n<ol>\n<li>Bilety s\u0105 pokwitowaniem po op\u0142aceniu wycieczki. P\u0142atno\u015b\u0107 mo\u017cna wy\u015bwietli\u0107 w telefonie.<\/li>\n<li style=\"font-weight: 400;\"><span style=\"font-weight: 400;\">Miejsce spotkania zostanie podane po zako\u0144czeniu procesu rezerwacji.<\/span><\/li>\n<li style=\"font-weight: 400;\"><span style=\"font-weight: 400;\">Dzieciom musi towarzyszy\u0107 osoba doros\u0142a.<\/span><\/li>\n<li style=\"font-weight: 400;\"><span style=\"font-weight: 400;\"> Brak dost\u0119pu dla w\u00f3zk\u00f3w inwalidzkich <\/span><\/li>\n<li style=\"font-weight: 400;\"><span style=\"font-weight: 400;\">Niemowl\u0119ta musz\u0105 siedzie\u0107 na kolanach <\/span><\/li>\n<li style=\"font-weight: 400;\"><span style=\"font-weight: 400;\">Niezalecane dla os\u00f3b z problemami z kr\u0119gos\u0142upem<\/span><\/li>\n<li style=\"font-weight: 400;\"><span style=\"font-weight: 400;\">Niezalecane dla kobiet w ci\u0105\u017cy <\/span><\/li>\n<li style=\"font-weight: 400;\"><span style=\"font-weight: 400;\"> Brak problem\u00f3w z sercem lub innych powa\u017cnych schorze\u0144 <\/span><\/li>\n<li style=\"font-weight: 400;\"><span style=\"font-weight: 400;\">Wi\u0119kszo\u015b\u0107 podr\u00f3\u017cnych mo\u017ce wzi\u0105\u0107 udzia\u0142<\/span><\/li>\n<\/ol>\n<h4><b><i>Polityka anulowania<\/i><\/b><\/h4>\n<p><span style=\"font-weight: 400;\">Aby uzyska\u0107 pe\u0142ny zwrot pieni\u0119dzy, anuluj co najmniej 72 godziny przed dat\u0105 rozpocz\u0119cia atrakcji.<\/span><\/p>\n\n\t\t<\/div>\n\t<\/div>\n<\/div><\/div><\/div><\/div><div class=\"vc_row wpb_row vc_row-fluid\" ><div class=\"wpb_column vc_column_container vc_col-sm-12\"><div class=\"vc_column-inner\"><div class=\"wpb_wrapper\"><div class=\"vc_empty_space\"   style=\"height: 32px\"><span class=\"vc_empty_space_inner\"><\/span><\/div>\n\t<div class=\"wpb_text_column wpb_content_element\" >\n\t\t<div class=\"wpb_wrapper\">\n\t\t\t<h4>Skontaktowa\u0107 si\u0119 z nami?<\/h4>\n<h5>Rezerwacja przyg\u00f3d<\/h5>\n<p><em><strong>Miejscowi<\/strong>\u00a0i\u00a0<strong>Nationals<\/strong>\u00a0Przewodnicy turystyczni i obs\u0142uga go\u015bci<\/em><\/p>\n<p><span class=\"text-turquoise\">Rezerwacje:<\/span>\u00a0Wycieczki w Dom. Rep.<\/p>\n<p><img decoding=\"async\" class=\"emoji\" draggable=\"false\" src=\"https:\/\/s.w.org\/images\/core\/emoji\/11.2.0\/svg\/1f4de.svg\" alt=\"\ud83d\udcde\" title=\"\">\u00a0Tel \/ Whatsapp\u00a0\u00a0<a href=\"tel:+1-809-720-6035\">+1-809-720-6035<\/a>.<\/p>\n<p><img decoding=\"async\" class=\"emoji\" draggable=\"false\" src=\"https:\/\/s.w.org\/images\/core\/emoji\/11.2.0\/svg\/1f4e9.svg\" alt=\"\ud83d\udce9\" title=\"\">\u00a0<a href=\"mailto:info@bookingadventures.com.do\">info@bookingadventures.com.do<\/a><\/p>\n<p><strong>Jeste\u015bmy elastyczni w ustalaniu prywatnych wycieczek przez Whatsapp:\u00a0<a href=\"tel:+18097206035\">+18097206035.<\/a><\/strong><\/p>\n\n\t\t<\/div>\n\t<\/div>\n<div class=\"vc_empty_space\"   style=\"height: 32px\"><span class=\"vc_empty_space_inner\"><\/span><\/div><\/div><\/div><\/div><\/div>","protected":false},"excerpt":{"rendered":"<p><span style=\"font-weight: 400;\">W ramach tej atrakcji wyp\u0142yniesz r\u0119cznie wykonanymi kajakami, tak jak zrobili to Ta\u00ednos. Us\u0142yszysz wiele d\u017awi\u0119k\u00f3w, kt\u00f3re \u015bwiadczy\u0142y o ich po\u0142\u0105czeniu z natur\u0105: nawo\u0142ywanie \u017curawi, zanurzanie krab\u00f3w w wodzie i delikatne uderzanie fal o naturalne formacje skalne. \u0141uki korzeni namorzynowych b\u0119d\u0105 przypomina\u0107 katedry i rzeczywi\u015bcie Ta\u00ednos (cho\u0107 nie mieli ko\u015bcio\u0142\u00f3w) byli g\u0142\u0119boko duchowi. Gdy wyruszysz z naszym przewodnikiem, b\u0119dziesz cieszy\u0107 si\u0119 bogat\u0105 r\u00f3\u017cnorodno\u015bci\u0105 ptak\u00f3w, gad\u00f3w i ryb \u017cyj\u0105cych w namorzynach. Oszo\u0142omiony blaskiem fal migocz\u0105cych w porannym \u015bwietle, g\u00f3rami Saman\u00e1 w oddali i szmaragdow\u0105 zieleni\u0105 ko\u0142ysz\u0105cych si\u0119 palm.\u00a0 <\/span><\/p>\n<p>&nbsp;<\/p>\n<p><strong>Prosz\u0119 wybra\u0107 dat\u0119 wycieczki:<\/strong><\/p>","protected":false},"featured_media":11259,"template":"","meta":[],"product_brand":[],"product_cat":[509,469,123,124],"product_tag":[126,127,510,511,145,150,197,198,199,132,519,133,200,470,201,114,147,148],"class_list":{"0":"post-11386","1":"product","2":"type-product","3":"status-publish","4":"has-post-thumbnail","6":"product_cat-los-haitises","7":"product_cat-mangroves-projects","8":"product_cat-tours-excursions-los-haitises-national-park","9":"product_cat-tours-excursions-samana-bay-dominican-republic","10":"product_tag-cano-hondo","11":"product_tag-cano-hondo-hotel","12":"product_tag-canoes","13":"product_tag-canoes-dominican-republic","14":"product_tag-day-tour-cano-hondo","15":"product_tag-kayak-dominican-republic","16":"product_tag-kayaking-dominican-republic","17":"product_tag-kayaking-los-haitises","18":"product_tag-kayaks","19":"product_tag-los-haitises","20":"product_tag-los-haitises-mountain-bike","21":"product_tag-los-haitises-national-park","22":"product_tag-los-haitises-tours","23":"product_tag-mangroves-reforestation-in-los-haitises-with-locals","24":"product_tag-private-tours-samana","25":"product_tag-sabana-de-la-mar","26":"product_tag-samana-bay","27":"product_tag-samana-excursions","29":"first","30":"instock","31":"sale","32":"sold-individually","33":"shipping-taxable","34":"product-type-external"},"_links":{"self":[{"href":"https:\/\/haitises.com\/pl\/wp-json\/wp\/v2\/product\/11386","targetHints":{"allow":["GET"]}}],"collection":[{"href":"https:\/\/haitises.com\/pl\/wp-json\/wp\/v2\/product"}],"about":[{"href":"https:\/\/haitises.com\/pl\/wp-json\/wp\/v2\/types\/product"}],"wp:featuredmedia":[{"embeddable":true,"href":"https:\/\/haitises.com\/pl\/wp-json\/wp\/v2\/media\/11259"}],"wp:attachment":[{"href":"https:\/\/haitises.com\/pl\/wp-json\/wp\/v2\/media?parent=11386"}],"wp:term":[{"taxonomy":"product_brand","embeddable":true,"href":"https:\/\/haitises.com\/pl\/wp-json\/wp\/v2\/product_brand?post=11386"},{"taxonomy":"product_cat","embeddable":true,"href":"https:\/\/haitises.com\/pl\/wp-json\/wp\/v2\/product_cat?post=11386"},{"taxonomy":"product_tag","embeddable":true,"href":"https:\/\/haitises.com\/pl\/wp-json\/wp\/v2\/product_tag?post=11386"}],"curies":[{"name":"wp","href":"https:\/\/api.w.org\/{rel}","templated":true}]}}