{"id":11376,"date":"2021-08-15T20:09:01","date_gmt":"2021-08-15T20:09:01","guid":{"rendered":"http:\/\/haitises.com\/?post_type=product&#038;p=11376"},"modified":"2024-04-05T15:26:15","modified_gmt":"2024-04-05T15:26:15","slug":"szlaki-turystyczne-w-barahona-republika-dominikanska-gory-cachote-owoce-tropikalne-swim-2","status":"publish","type":"product","link":"https:\/\/haitises.com\/pl\/prywatny\/szlaki-turystyczne-w-barahona-republika-dominikanska-gory-cachote-owoce-tropikalne-swim-2\/","title":{"rendered":"Szlaki turystyczne w Barahona (Dominikana). G\u00f3ry Cachote, owoce tropikalne i p\u0142ywanie"},"content":{"rendered":"<div class=\"vc_row wpb_row vc_row-fluid\" ><div class=\"wpb_column vc_column_container vc_col-sm-12\"><div class=\"vc_column-inner\"><div class=\"wpb_wrapper\">[mkdf_section_title title_tag=\u00bb\u00bb disable_break_words=\u00bbno\u00bb subtitle_tag=\u00bb\u00bb title=\u00bbHiking trails in Barahona (Dominican Republic).\u00bb subtitle=\u00bbCachote Mountains, Tropical Fruits &amp; Swim\u00bb]<\/div><\/div><\/div><\/div><div class=\"vc_row wpb_row vc_row-fluid\" ><div class=\"wpb_column vc_column_container vc_col-sm-12\"><div class=\"vc_column-inner\"><div class=\"wpb_wrapper\">\n\t<div class=\"wpb_text_column wpb_content_element\" >\n\t\t<div class=\"wpb_wrapper\">\n\t\t\t<h4><b><i>Przegl\u0105d<\/i><\/b><\/h4>\n<p>Ciesz si\u0119 dniem w\u0119dr\u00f3wki w g\u00f3rach Cachote, Barahona. Pocz\u0105wszy od spo\u0142eczno\u015bci Paraiso. Poznanie obszar\u00f3w plantacji kawy. K\u0105piel w naturalnych \u017ar\u00f3d\u0142ach i jedna z najpi\u0119kniejszych pla\u017c na Dominikanie z malowniczymi zdj\u0119ciami.<\/p>\n<h4><b>W\u0142\u0105czenia i wy\u0142\u0105czenia<\/b><\/h4>\n<p>&nbsp;<\/p>\n<p><b>W\u0142\u0105czenia<\/b><\/p>\n<ol>\n<li>Lokalny przewodnik z do\u015bwiadczeniem w zakresie bezpiecze\u0144stwa w okolicy.<\/li>\n<li>Prywatny transport dla ma\u0142ych grup<\/li>\n<li>Wszystkie podatki, op\u0142aty i op\u0142aty manipulacyjne<\/li>\n<li>Odbi\u00f3r \/ transport z hotelu (obszar Barahona \/ Para\u00edso \/ Los Patos)<\/li>\n<li>Lokalny przewodnik m\u00f3wi\u0105cy po angielsku lub francusku<\/li>\n<li>Typowy lunch (kanapki) i butelka wody<\/li>\n<li>Podatki lokalne<\/li>\n<li>Turystyka piesza<\/li>\n<li>Baseny naturalne<\/li>\n<\/ol>\n<p><b>Wy\u0142\u0105czenia<\/b><\/p>\n<ol>\n<li>Gratyfikacje<\/li>\n<li>Wszystkie napoje<\/li>\n<li>Wszystkie niewymienione us\u0142ugi<\/li>\n<li>Wydatki osobiste i napiwki<\/li>\n<\/ol>\n<h4><em><strong>Wylot i powr\u00f3t<\/strong><\/em><\/h4>\n<p>Podr\u00f3\u017cny otrzyma miejsce spotkania po zako\u0144czeniu procesu rezerwacji. Wycieczki rozpoczynaj\u0105 si\u0119 i ko\u0144cz\u0105 w miejscach spotka\u0144.<\/p>\n<p>Stopie\u0144 trudno\u015bci: \u015arednio trudny<br \/>\nCzas trwania spaceru: 5-6 godzin<br \/>\nWysoko\u015b\u0107: 800 metr\u00f3w<br \/>\nWyjazd z hotelu: 08:00 rano<br \/>\nPowr\u00f3t do hotelu: 05:00<\/p>\n<h2 class=\"styles__heading___mD4_3\" data-radium=\"true\">Szlaki turystyczne w Barahona (Dominikana). G\u00f3ry Cachote, owoce tropikalne i p\u0142ywanie<\/h2>\n<h4><em>Czego si\u0119 spodziewa\u0107?<\/em><\/h4>\n<p>Spacer rozpoczniemy w mie\u015bcie Ojeda, kt\u00f3re s\u0142ynie z produkcji typowych karaibskich owoc\u00f3w i warzyw. Po drodze mo\u017cemy spr\u00f3bowa\u0107 awokado, pomara\u0144czy, grejpfrut\u00f3w, cytryn, guawy, mango, papai, sapotes i soursop!<\/p>\n<p>Po p\u00f3\u0142toragodzinnej wspinaczce dotrzemy do imponuj\u0105cego punktu widokowego na miasto Para\u00edso, Riosito i wysokie g\u00f3ry Cachote.<\/p>\n<p>B\u0119dziemy kontynuowa\u0107 wspinaczk\u0119 w ch\u0142odniejszym i bardziej wilgotnym klimacie, a\u017c dotrzemy do miasta Barrio Nuevo, gdzie zjemy lunch.<\/p>\n<p>Po po\u0142udniu przejdziemy przez wspania\u0142\u0105 farm\u0119 kawy na szczycie g\u00f3ry na wysoko\u015bci 800 metr\u00f3w nad poziomem morza. Nast\u0119pnie b\u0119dziemy schodzi\u0107 w d\u00f3\u0142 przez 1 godzin\u0119, a\u017c dotrzemy do w\u0105wozu Riosito, gdzie mo\u017cemy wyk\u0105pa\u0107 si\u0119 w pi\u0119knym naturalnym basenie otoczonym tropikalnym lasem.<\/p>\n<p>Kontynuuj spacer przez dolin\u0119 Riosito, aby zako\u0144czy\u0107 dzie\u0144 k\u0105piel\u0105 na pla\u017cy Paraiso.<\/p>\n<h4><em><strong>Co nale\u017cy ze sob\u0105 zabra\u0107?<\/strong><\/em><\/h4>\n<ul>\n<li>Kamera<\/li>\n<li>P\u0105ki odstraszaj\u0105ce<\/li>\n<li>Krem do opalania<\/li>\n<li>Woda<\/li>\n<li>Kapelusz<\/li>\n<li>Wygodne spodnie<\/li>\n<li>Buty turystyczne do lasu<\/li>\n<li>Sanda\u0142y do obszar\u00f3w wiosennych.<\/li>\n<li>Odzie\u017c do p\u0142ywania<\/li>\n<\/ul>\n<p>&nbsp;<\/p>\n<h4><b><i>Pickup Hotel<\/i><\/b><\/h4>\n<p>Podczas tej wycieczki oferowany jest odbi\u00f3r z hotelu. Odbi\u00f3r \/ transport z hotelu (obszar Barahona\/Paraiso\/Los Patos).<\/p>\n<p><b>Uwaga:<\/b> W przypadku rezerwacji w ci\u0105gu 24 godzin od rozpocz\u0119cia wycieczki mo\u017cemy zorganizowa\u0107 odbi\u00f3r z hotelu. Odbieramy tylko w obszarach Barahona. Po dokonaniu zakupu prze\u015blemy pe\u0142ne informacje kontaktowe (numer telefonu, adres e-mail itp.) dla naszego lokalnego przewodnika w celu zorganizowania odbioru.<\/p>\n<h4><b><i>Dodatkowe informacje Potwierdzenie<\/i><\/b><\/h4>\n<ol>\n<li>Bilety s\u0105 pokwitowaniem po op\u0142aceniu tej wycieczki. P\u0142atno\u015b\u0107 mo\u017cna wy\u015bwietli\u0107 w telefonie.<\/li>\n<li>Miejsce spotkania zostanie podane po zako\u0144czeniu procesu rezerwacji.<\/li>\n<li>Dzieciom musi towarzyszy\u0107 osoba doros\u0142a.<\/li>\n<li>Brak dost\u0119pu dla w\u00f3zk\u00f3w inwalidzkich<\/li>\n<li>Niemowl\u0119ta musz\u0105 siedzie\u0107 na kolanach<\/li>\n<li>Niezalecane dla os\u00f3b z problemami z kr\u0119gos\u0142upem<\/li>\n<li>Niezalecane dla kobiet w ci\u0105\u017cy<\/li>\n<li>Brak problem\u00f3w z sercem lub innych powa\u017cnych schorze\u0144<\/li>\n<li>Wi\u0119kszo\u015b\u0107 podr\u00f3\u017cnych mo\u017ce wzi\u0105\u0107 udzia\u0142<\/li>\n<\/ol>\n<h4><b><i>Polityka anulowania<\/i><\/b><\/h4>\n<p>Aby uzyska\u0107 pe\u0142ny zwrot koszt\u00f3w, nale\u017cy anulowa\u0107 rezerwacj\u0119 co najmniej 72 godziny przed dat\u0105 rozpocz\u0119cia atrakcji. \u015arodki zostan\u0105 utracone, je\u015bli rezerwacja zostanie anulowana tego samego dnia wycieczki.<\/p>\n\n\t\t<\/div>\n\t<\/div>\n<\/div><\/div><\/div><\/div>","protected":false},"excerpt":{"rendered":"<p>Kup bilet jednodniowy do Bahia las Aguilas z Barahony. Przejed\u017a przez park narodowy Jaragua i udaj si\u0119 do Cabo Rojo, gdzie czeka na Ciebie \u0142\u00f3d\u017a. Po 15-minutowej przeja\u017cd\u017cce \u0142odzi\u0105 dotrzesz do pi\u0119knej i odizolowanej Bahia de las Aguilas, kt\u00f3ra jest uwa\u017cana za najpi\u0119kniejsz\u0105 pla\u017c\u0119 w kraju. Lunch zostanie podany na pla\u017cy i b\u0119dziesz mia\u0142 okazj\u0119 pop\u0142ywa\u0107 lub po prostu zrelaksowa\u0107 si\u0119 na pla\u017cy. Ciesz si\u0119 nieskazitelnie bia\u0142ym piaskiem tej 8-kilometrowej pla\u017cy.<\/p>\n<p>&nbsp;<\/p>\n<p><strong>Wybierz dzie\u0144 tej podr\u00f3\u017cy:<\/strong><\/p>","protected":false},"featured_media":11170,"template":"","meta":[],"product_brand":[],"product_cat":[478,135],"product_tag":[479,407,480,481],"class_list":{"0":"post-11376","1":"product","2":"type-product","3":"status-publish","4":"has-post-thumbnail","6":"product_cat-barahona","7":"product_cat-lunch","8":"product_tag-barahona-hiking","9":"product_tag-barahona-tours","10":"product_tag-cachote-tour","11":"product_tag-paraiso-tour","13":"first","14":"instock","15":"sale","16":"sold-individually","17":"shipping-taxable","18":"product-type-external"},"_links":{"self":[{"href":"https:\/\/haitises.com\/pl\/wp-json\/wp\/v2\/product\/11376","targetHints":{"allow":["GET"]}}],"collection":[{"href":"https:\/\/haitises.com\/pl\/wp-json\/wp\/v2\/product"}],"about":[{"href":"https:\/\/haitises.com\/pl\/wp-json\/wp\/v2\/types\/product"}],"wp:featuredmedia":[{"embeddable":true,"href":"https:\/\/haitises.com\/pl\/wp-json\/wp\/v2\/media\/11170"}],"wp:attachment":[{"href":"https:\/\/haitises.com\/pl\/wp-json\/wp\/v2\/media?parent=11376"}],"wp:term":[{"taxonomy":"product_brand","embeddable":true,"href":"https:\/\/haitises.com\/pl\/wp-json\/wp\/v2\/product_brand?post=11376"},{"taxonomy":"product_cat","embeddable":true,"href":"https:\/\/haitises.com\/pl\/wp-json\/wp\/v2\/product_cat?post=11376"},{"taxonomy":"product_tag","embeddable":true,"href":"https:\/\/haitises.com\/pl\/wp-json\/wp\/v2\/product_tag?post=11376"}],"curies":[{"name":"wp","href":"https:\/\/api.w.org\/{rel}","templated":true}]}}