{"id":11082,"date":"2021-04-09T10:46:13","date_gmt":"2021-04-09T10:46:13","guid":{"rendered":"http:\/\/haitises.com\/product\/import-placeholder-for-12450\/"},"modified":"2024-04-12T15:36:51","modified_gmt":"2024-04-12T15:36:51","slug":"wypozyczalnie-na-wyspie-saona-wynajmuja-mala-prywatna-lodz","status":"publish","type":"product","link":"https:\/\/haitises.com\/pl\/prywatny\/wypozyczalnie-na-wyspie-saona-wynajmuja-mala-prywatna-lodz\/","title":{"rendered":"Wynajem na wyspie Saona \u2013 Wynajmij prywatn\u0105 ma\u0142\u0105 \u0142\u00f3dk\u0119"},"content":{"rendered":"<div class=\"vc_row wpb_row vc_row-fluid\" ><div class=\"wpb_column vc_column_container vc_col-sm-12\"><div class=\"vc_column-inner\"><div class=\"wpb_wrapper\"><div class=\"vc_tta-container\" data-vc-action=\"collapse\"><div class=\"vc_general vc_tta vc_tta-tabs vc_tta-color-grey vc_tta-style-classic vc_tta-shape-rounded vc_tta-spacing-1 vc_tta-tabs-position-top vc_tta-controls-align-left\"><div class=\"vc_tta-tabs-container\"><ul class=\"vc_tta-tabs-list\"><li class=\"vc_tta-tab vc_active\" data-vc-tab><a href=\"#1616582286467-74629ea8-fd69\" data-vc-tabs data-vc-container=\".vc_tta\"><span class=\"vc_tta-title-text\">Opis<\/span><\/a><\/li><li class=\"vc_tta-tab\" data-vc-tab><a href=\"#1616580432722-00be9baf-46e3\" data-vc-tabs data-vc-container=\".vc_tta\"><span class=\"vc_tta-title-text\">Cena<\/span><\/a><\/li><\/ul><\/div><div class=\"vc_tta-panels-container\"><div class=\"vc_tta-panels\"><div class=\"vc_tta-panel vc_active\" id=\"1616582286467-74629ea8-fd69\" data-vc-content=\".vc_tta-panel-body\"><div class=\"vc_tta-panel-heading\"><h4 class=\"vc_tta-panel-title\"><a href=\"#1616582286467-74629ea8-fd69\" data-vc-accordion data-vc-container=\".vc_tta-container\"><span class=\"vc_tta-title-text\">Opis<\/span><\/a><\/h4><\/div><div class=\"vc_tta-panel-body\">\n\t<div class=\"wpb_text_column wpb_content_element\" >\n\t\t<div class=\"wpb_wrapper\">\n\t\t\t<div class=\"custom-left\">\n<div class=\"row\">\n<div class=\"col-md-12 cust-clas\">\n<div class=\"product-header alignleft\">\n<p>WYSPA SAONA \u2013 \u0141ODZI \u2013 WYNAJEM<\/p>\n<p>PRYWATNY CA\u0141ODNIOWY CZARTER NA WYSP\u0118 SAONA<\/p>\n<p>ELASTYCZNY CZAS TRWANIA \u2013 OD PONIEDZIA\u0141KU DO NIEDZIELI<\/p>\n<\/div>\n<\/div>\n<\/div>\n<\/div>\n<div class=\"custom-left para-p\">\n<div class=\"info_content_label\">\n<p>&nbsp;<\/p>\n<p>Wynajmij t\u0119 wspania\u0142\u0105 \u0142\u00f3d\u017a na ca\u0142y dzie\u0144 dla maksymalnie 16 os\u00f3b, aby odwiedzi\u0107 wysp\u0119 Saona.<\/p>\n<p><strong>W TYM<\/strong><\/p>\n<ul>\n<li>Za\u0142oga (kapitan i asystent kapitana)<\/li>\n<li>Paliwo<\/li>\n<li>Lod\u00f3wka z lodem<\/li>\n<\/ul>\n<p>Jedzenie jest dost\u0119pne za dodatkow\u0105 op\u0142at\u0105:<\/p>\n<p><strong>Szczeg\u00f3\u0142y tradycyjnego lunchu w formie bufetu, $15 USD za osob\u0119:<\/strong><\/p>\n<p>-Zielona sa\u0142atka, sa\u0142atka rosyjska<br \/>\n-Chleb<br \/>\n-Moro de Guandule (ry\u017c w stylu dominika\u0144skim) z kokosem<br \/>\n-Makaron w sosie pomidorowym<br \/>\n- Zapiekanki z juki<br \/>\n-Ryba i grillowany kurczak (z\u0142oty) + opcjonalnie sos z mleka kokosowego<br \/>\n-\u015awie\u017cy owoc<br \/>\n-1 nap\u00f3j bezalkoholowy (soda lub woda)<br \/>\n-Kawa<\/p>\n<p><strong>Dodatkowa us\u0142uga homara + cukierek kokosowy $19 USD (dodatkowo).<\/strong><\/p>\n<\/div>\n<p><strong><label>Nie wliczone:<\/label><\/strong> Napoje i jedzenie NIE s\u0105 wliczone w cen\u0119 i mo\u017cna je zam\u00f3wi\u0107 za dodatkow\u0105 op\u0142at\u0105.<\/p>\n<p>&nbsp;<\/p>\n<\/div>\n<p>Je\u015bli potrzebujesz wi\u0119cej informacji lub masz jakie\u015b pytania, nie wahaj si\u0119 z nami skontaktowa\u0107 przez Whatsapp: +1-809-720-6035 lub czat na \u017cywo. Oferujemy najlepsz\u0105 cen\u0119 w Internecie!<\/p>\n\n\t\t<\/div>\n\t<\/div>\n<\/div><\/div><div class=\"vc_tta-panel\" id=\"1616580432722-00be9baf-46e3\" data-vc-content=\".vc_tta-panel-body\"><div class=\"vc_tta-panel-heading\"><h4 class=\"vc_tta-panel-title\"><a href=\"#1616580432722-00be9baf-46e3\" data-vc-accordion data-vc-container=\".vc_tta-container\"><span class=\"vc_tta-title-text\">Cena<\/span><\/a><\/h4><\/div><div class=\"vc_tta-panel-body\">[mkdf_section_title position=\u00bbcenter\u00bb title_tag=\u00bb\u00bb disable_break_words=\u00bbno\u00bb title=\u00bbPRICE\u00bb]<div class=\"vc_empty_space\"   style=\"height: 32px\"><span class=\"vc_empty_space_inner\"><\/span><\/div>\n\t<div class=\"wpb_text_column wpb_content_element  vc_custom_1616828931653\" >\n\t\t<div class=\"wpb_wrapper\">\n\t\t\t<h6><strong>min 1 \u2013 max 10 os\u00f3b = 500 USD \/ kompletna \u0142\u00f3d\u017a z Kapitanem<\/strong><\/h6>\n<p><strong>Jest to cena ca\u0142kowita bez dodatkowych op\u0142at.<\/strong><\/p>\n\n\t\t<\/div>\n\t<\/div>\n<\/div><\/div><\/div><\/div><\/div><\/div><\/div><\/div><\/div><\/div>","protected":false},"excerpt":{"rendered":"DescriptionPriceDescription SAONA ISLAND - BOAT - RENTAL PRIVATE FULL DAY CHARTER TO SAONA ISLAND FLEXIBLE DURATION - MONDAY TO SUNDAY &nbsp; Rent this fabulous boat for the full day for up to 16 people to visit the Saona Island. INCLUDING [...]","protected":false},"featured_media":11269,"template":"","meta":[],"product_brand":[],"product_cat":[513],"product_tag":[514,515,516,517,518],"class_list":{"0":"post-11082","1":"product","2":"type-product","3":"status-publish","4":"has-post-thumbnail","6":"product_cat-rent-private-boat-saona-island","7":"product_tag-saona-island-boat-rent","8":"product_tag-saona-island-boat-rentals","9":"product_tag-saona-island-boat-renting","10":"product_tag-saona-island-private-boat","11":"product_tag-saona-island-rentals","13":"first","14":"instock","15":"sale","16":"shipping-taxable","17":"product-type-external"},"_links":{"self":[{"href":"https:\/\/haitises.com\/pl\/wp-json\/wp\/v2\/product\/11082","targetHints":{"allow":["GET"]}}],"collection":[{"href":"https:\/\/haitises.com\/pl\/wp-json\/wp\/v2\/product"}],"about":[{"href":"https:\/\/haitises.com\/pl\/wp-json\/wp\/v2\/types\/product"}],"wp:featuredmedia":[{"embeddable":true,"href":"https:\/\/haitises.com\/pl\/wp-json\/wp\/v2\/media\/11269"}],"wp:attachment":[{"href":"https:\/\/haitises.com\/pl\/wp-json\/wp\/v2\/media?parent=11082"}],"wp:term":[{"taxonomy":"product_brand","embeddable":true,"href":"https:\/\/haitises.com\/pl\/wp-json\/wp\/v2\/product_brand?post=11082"},{"taxonomy":"product_cat","embeddable":true,"href":"https:\/\/haitises.com\/pl\/wp-json\/wp\/v2\/product_cat?post=11082"},{"taxonomy":"product_tag","embeddable":true,"href":"https:\/\/haitises.com\/pl\/wp-json\/wp\/v2\/product_tag?post=11082"}],"curies":[{"name":"wp","href":"https:\/\/api.w.org\/{rel}","templated":true}]}}