{"id":11075,"date":"2021-04-09T10:46:13","date_gmt":"2021-04-09T10:46:13","guid":{"rendered":"http:\/\/haitises.com\/product\/import-placeholder-for-12043\/"},"modified":"2024-04-10T21:27:44","modified_gmt":"2024-04-10T21:27:44","slug":"wycieczka-obserwacja-wielorybow-zatoka-samana-cayo-levantado-z-puerto-plata-prywatny-transport","status":"publish","type":"product","link":"https:\/\/haitises.com\/pl\/prywatny\/wycieczka-obserwacja-wielorybow-zatoka-samana-cayo-levantado-z-puerto-plata-prywatny-transport\/","title":{"rendered":"Wycieczka Obserwacja wieloryb\u00f3w w zatoce Saman\u00e1 + Cayo Levantado z Puerto Plata (transport prywatny)"},"content":{"rendered":"<div class=\"vc_row wpb_row vc_row-fluid\" ><div class=\"wpb_column vc_column_container vc_col-sm-12\"><div class=\"vc_column-inner\"><div class=\"wpb_wrapper\">\n\t<div class=\"wpb_text_column wpb_content_element\" >\n\t\t<div class=\"wpb_wrapper\">\n\t\t\t<div class=\"vc_row wpb_row vc_row-fluid\">\n<div class=\"wpb_column vc_column_container vc_col-sm-12\">\n<div class=\"vc_column-inner\">\n<div class=\"wpb_wrapper\">\n<div class=\"wpb_text_column wpb_content_element\">\n<div class=\"wpb_wrapper\">\n<h3>Wycieczka Obserwacja wieloryb\u00f3w w zatoce Samana + Cayo Levantado z Puerto Plata (transport prywatny)<\/h3>\n<p>Start z Puerto Plata, Sosua lub Cabarete. Odbieramy Ci\u0119 z Twojego miejsca i jedziemy do zatoki Saman\u00e1. Wycieczka rozpoczyna si\u0119 w porcie Saman\u00e1 o 9:00 rano i ko\u0144czy o 17:00, ale mo\u017cemy by\u0107 elastyczni w kwestii czasu powrotu do miejsca docelowego.<\/p>\n<p>Po opuszczeniu naszego katamaranu lub \u0142odzi odwiedzimy wieloryby w ich w\u0142asnym \u015brodowisku. Od 9:00 do 12:00 obserwatorium wieloryb\u00f3w, a po tej wycieczce odwiedzimy wysp\u0119 Bacardi \/ Cayo Levantado. Na wyspie Bacardi zostanie podany lunch w formie bufetu w typowym dominika\u0144skim stylu. Po zako\u0144czeniu lunchu mo\u017cesz p\u0142ywa\u0107 do 4:30 po po\u0142udniu. Wycieczka zako\u0144czy si\u0119 w tym samym porcie, z kt\u00f3rego rozpocznie si\u0119 o 5:00 po po\u0142udniu.<\/p>\n<p><em><strong>Uwaga: ta wycieczka nie jest prywatna.  To tylko prywatny transport z Puerto Plata. W przypadku prywatnej wycieczki \u0142odzi\u0105 prosimy o kontakt.<\/strong><\/em><\/p>\n<ul>\n<li>Wycieczka z obserwacj\u0105 wieloryb\u00f3w<\/li>\n<li>Odbi\u00f3r z obszaru Puerto Plata.<\/li>\n<li>Op\u0142aty za wst\u0119p do obserwatorium<\/li>\n<li>Oferta obejmuje lunch w formie bufetu na pla\u017cy<\/li>\n<li>Transfer \u0142odzi\u0105<\/li>\n<li>Kapitan zapewnia instrukta\u017c i nadz\u00f3r<\/li>\n<li>Przewodnik turystyczny<\/li>\n<\/ul>\n<p>&nbsp;<\/p>\n<h4><b>W\u0142\u0105czenia i wy\u0142\u0105czenia<\/b><\/h4>\n<p>&nbsp;<\/p>\n<p><b>W\u0142\u0105czenia<\/b><\/p>\n<p>&nbsp;<\/p>\n<ol>\n<li>Lunch w formie bufetu na pla\u017cy<\/li>\n<li>Samoch\u00f3d transferowy<\/li>\n<li>Przewodnik na wycieczce z obserwacj\u0105 wieloryb\u00f3w<\/li>\n<li>Wycieczka katamaranem lub \u0142odzi\u0105<\/li>\n<li>Wszystkie podatki, op\u0142aty i op\u0142aty manipulacyjne<\/li>\n<li>Podatki lokalne<\/li>\n<li>Napoje<\/li>\n<\/ol>\n<p><b>Wy\u0142\u0105czenia<\/b><\/p>\n<ol>\n<li>Gratyfikacje<\/li>\n<li>Napoje alkoholowe<\/li>\n<\/ol>\n<p>&nbsp;<\/p>\n<h4><em><strong>Wylot i powr\u00f3t<\/strong><\/em><\/h4>\n<p>Podr\u00f3\u017cny otrzyma czas spotkania po zako\u0144czeniu procesu rezerwacji. Wycieczki rozpoczynaj\u0105 si\u0119 i ko\u0144cz\u0105 w naszych punktach spotka\u0144.<\/p>\n<p>&nbsp;<\/p>\n<h4><b><i>Czego si\u0119 spodziewa\u0107?<\/i><\/b><\/h4>\n<p>&nbsp;<\/p>\n<p><em><strong>Zdob\u0105d\u017a bilety<\/strong><\/em> na jednodniow\u0105 wycieczk\u0119 Whale Watching w zatoce Samana z Sosua, Cabarete lub dowolnego miejsca w Puerto Plata. Unikaj transportu z du\u017cymi grupami i ciesz si\u0119 wspania\u0142ym lunchem i czasem na pla\u017cy.<\/p>\n<p>Daypass na obserwacj\u0119 wieloryb\u00f3w z Puerto Plata jest organizowany przez \"Booking Adventures\" i rozpoczyna si\u0119 w miejscu spotkania ustalonym z WhatsApp lub poczt\u0105. Lunch na pla\u017cy i mo\u017cesz zosta\u0107 tak d\u0142ugo, jak chcesz p\u0142ywa\u0107. Je\u015bli jeste\u015b weganinem, mo\u017cemy r\u00f3wnie\u017c przygotowa\u0107 dla Ciebie jedzenie.<\/p>\n<p><strong>Harmonogram:<\/strong><\/p>\n<p>Godzina 5:45 - 4:00 mo\u017ce ulec zmianie w zale\u017cno\u015bci od potrzeb.<\/p>\n<p>&nbsp;<\/p>\n<h4><em><strong>Co nale\u017cy ze sob\u0105 zabra\u0107?<\/strong><\/em><\/h4>\n<ul>\n<li>Kamera<\/li>\n<li>P\u0105ki odstraszaj\u0105ce<\/li>\n<li>krem do opalania<\/li>\n<li>Kapelusz<\/li>\n<li>Wygodne spodnie<\/li>\n<li>Sanda\u0142y na pla\u017c\u0119<\/li>\n<li>Odzie\u017c do p\u0142ywania<\/li>\n<li>Got\u00f3wka na pami\u0105tki<\/li>\n<\/ul>\n<p>&nbsp;<\/p>\n<h4><b><i>Pickup Hotel<\/i><\/b><\/h4>\n<p>Podczas tej wycieczki oferowany jest odbi\u00f3r z hotelu.<\/p>\n<p>&nbsp;<\/p>\n<p><b>Uwaga:<\/b> Je\u015bli rezerwacja zostanie dokonana w ci\u0105gu 24 godzin od rozpocz\u0119cia wycieczki, zorganizujemy odbi\u00f3r z hotelu. Po dokonaniu zakupu prze\u015blemy pe\u0142ne informacje kontaktowe (numer telefonu, adres e-mail itp.) dla naszego lokalnego przewodnika w celu zorganizowania odbioru.<\/p>\n<h4><b><i>Dodatkowe informacje Potwierdzenie<\/i><\/b><\/h4>\n<ol>\n<li>Bilety s\u0105 pokwitowaniem po op\u0142aceniu tej wycieczki. P\u0142atno\u015b\u0107 mo\u017cna wy\u015bwietli\u0107 w telefonie.<\/li>\n<li>Miejsce spotkania zostanie podane po zako\u0144czeniu procesu rezerwacji.<\/li>\n<li>Dzieciom musi towarzyszy\u0107 osoba doros\u0142a.<\/li>\n<li>dost\u0119pny dla w\u00f3zk\u00f3w inwalidzkich<\/li>\n<li>Niemowl\u0119ta musz\u0105 siedzie\u0107 na kolanach<\/li>\n<li>Wi\u0119kszo\u015b\u0107 podr\u00f3\u017cnych mo\u017ce wzi\u0105\u0107 udzia\u0142<\/li>\n<\/ol>\n<h4><b><i>Polityka anulowania<\/i><\/b><\/h4>\n<p>Aby otrzyma\u0107 pe\u0142ny zwrot koszt\u00f3w, nale\u017cy anulowa\u0107 subskrypcj\u0119 z co najmniej 24-godzinnym wyprzedzeniem przed dat\u0105 jej rozpocz\u0119cia.<\/p>\n<\/div>\n<\/div>\n<\/div>\n<\/div>\n<\/div>\n<\/div>\n<div class=\"vc_row wpb_row vc_row-fluid\">\n<div class=\"wpb_column vc_column_container vc_col-sm-12\">\n<div class=\"vc_column-inner\">\n<div class=\"wpb_wrapper\">\n<div class=\"wpb_text_column wpb_content_element\">\n<div class=\"wpb_wrapper\">\n<h4>Skontaktowa\u0107 si\u0119 z nami?<\/h4>\n<h5><b><i>WIELORYBY WYCIECZKA SAMANA<\/i><\/b><\/h5>\n<p><em><strong>Miejscowi<\/strong>\u00a0i\u00a0<strong>Nationals<\/strong>\u00a0Przewodnicy turystyczni i obs\u0142uga go\u015bci<\/em><\/p>\n<p><span class=\"text-turquoise\">Rezerwacje:<\/span>\u00a0Wycieczki w Dom. Rep.<\/p>\n<p><img decoding=\"async\" class=\"emoji\" draggable=\"false\" src=\"https:\/\/s.w.org\/images\/core\/emoji\/11.2.0\/svg\/1f4de.svg\" alt=\"\ud83d\udcde\" title=\"\">\u00a0Tel \/ Whatsapp\u00a0\u00a0<a href=\"tel:+1-809-720-6035\">+1-809-720-6035<\/a>.<\/p>\n<p><img decoding=\"async\" class=\"emoji\" draggable=\"false\" src=\"https:\/\/s.w.org\/images\/core\/emoji\/11.2.0\/svg\/1f4e9.svg\" alt=\"\ud83d\udce9\" title=\"\">\u00a0<a href=\"mailto:info@bookingadventures.com.do\">info@bookingadventures.com.do<\/a><\/p>\n<p><strong>Jeste\u015bmy elastyczni w ustalaniu prywatnych wycieczek przez Whatsapp:\u00a0<a href=\"tel:+18097206035\">+18097206035.<\/a><\/strong><\/p>\n<\/div>\n<\/div>\n<\/div>\n<\/div>\n<\/div>\n<\/div>\n\n\t\t<\/div>\n\t<\/div>\n<\/div><\/div><\/div><\/div>","protected":false},"excerpt":{"rendered":"<p>Start z Puerto Plata, Sosua lub Cabarete do portu w zatoce Saman\u00e1. Z profesjonalnymi przewodnikami przyrodniczymi w obserwowaniu wieloryb\u00f3w. Je\u015bli chcesz skontaktowa\u0107 si\u0119 z nami w celu uzyskania porady, wystarczy wys\u0142a\u0107 e-mail, Whatsapp lub zadzwoni\u0107.<\/p>\n<p>Prosimy o rezerwacj\u0119 bilet\u00f3w z odpowiednim wyprzedzeniem. W sezonie wieloryb\u00f3w jest wiele rezerwacji i chcieliby\u015bmy, aby Twoje bilety by\u0142y dla Ciebie bezpieczne. Ustal z nami lokalizacj\u0119 odbioru i czas.<\/p>\n<p><em><strong>Wybierz dat\u0119 wycieczki:<\/strong><\/em><\/p>","protected":false},"featured_media":11194,"template":"","meta":[],"product_brand":[],"product_cat":[492,493,494,495,496,497,485,498,499,232,500],"product_tag":[142,488,489,393,490,234,236,491],"class_list":{"0":"post-11075","1":"product","2":"type-product","3":"status-publish","4":"has-post-thumbnail","6":"product_cat-puerto-plata-2021","7":"product_cat-tours-excursions","8":"product_cat-tours-excursions-whale-watching-samana-bay-dominican-republic","9":"product_cat-whale-miches","10":"product_cat-whale-sabana-de-la-mar","11":"product_cat-whale-samana","12":"product_cat-whale-watching","13":"product_cat-whale-watching-puerto-plata","14":"product_cat-whale-watching-punta-cana","15":"product_cat-whale-watching-samana","16":"product_cat-whale-watching-samana-bay","17":"product_tag-samana","18":"product_tag-samana-tour","19":"product_tag-whale","20":"product_tag-whale-punta-cana","21":"product_tag-whale-sabana-de-la-mar","22":"product_tag-whale-samana","23":"product_tag-whale-watching-dominican-republic","24":"product_tag-whales-trips","26":"first","27":"instock","28":"sale","29":"featured","30":"shipping-taxable","31":"product-type-external"},"_links":{"self":[{"href":"https:\/\/haitises.com\/pl\/wp-json\/wp\/v2\/product\/11075","targetHints":{"allow":["GET"]}}],"collection":[{"href":"https:\/\/haitises.com\/pl\/wp-json\/wp\/v2\/product"}],"about":[{"href":"https:\/\/haitises.com\/pl\/wp-json\/wp\/v2\/types\/product"}],"wp:featuredmedia":[{"embeddable":true,"href":"https:\/\/haitises.com\/pl\/wp-json\/wp\/v2\/media\/11194"}],"wp:attachment":[{"href":"https:\/\/haitises.com\/pl\/wp-json\/wp\/v2\/media?parent=11075"}],"wp:term":[{"taxonomy":"product_brand","embeddable":true,"href":"https:\/\/haitises.com\/pl\/wp-json\/wp\/v2\/product_brand?post=11075"},{"taxonomy":"product_cat","embeddable":true,"href":"https:\/\/haitises.com\/pl\/wp-json\/wp\/v2\/product_cat?post=11075"},{"taxonomy":"product_tag","embeddable":true,"href":"https:\/\/haitises.com\/pl\/wp-json\/wp\/v2\/product_tag?post=11075"}],"curies":[{"name":"wp","href":"https:\/\/api.w.org\/{rel}","templated":true}]}}