{"id":11895,"date":"2023-11-20T10:47:47","date_gmt":"2023-11-20T10:47:47","guid":{"rendered":"http:\/\/haitises.com\/?page_id=11895"},"modified":"2023-11-20T10:59:11","modified_gmt":"2023-11-20T10:59:11","slug":"sprzedam-dzialke-w-samana-samana-sprzedam-dzialke","status":"publish","type":"page","link":"https:\/\/haitises.com\/pl\/sprzedam-dzialke-w-samana-samana-sprzedam-dzialke\/","title":{"rendered":"Sprzedam dzia\u0142k\u0119 w Samana Samana Sprzedam dzia\u0142k\u0119"},"content":{"rendered":"<details class=\"wp-block-details is-layout-flow wp-block-details-is-layout-flow\"><summary>Sprzedam dzia\u0142k\u0119 w Saman\u00e1 \u2013 Sprzedam dzia\u0142k\u0119 Samana<br>Nieruchomo\u015bci Samana<br>Sprzedam dzia\u0142k\u0119 Samana<br>DZIA\u0141KI na sprzeda\u017c w Saman\u00e1 na Dominikanie. Zobacz zdj\u0119cia i szczeg\u00f3\u0142y og\u0142osze\u0144 Saman\u00e1, Uwaga inwestorzy, deweloperzy grunt\u00f3w zainteresowani DOMINIKAN\u0104.<br>Je\u015bli szukasz grunt\u00f3w do kupienia w Samana. Nazywam si\u0119 Misael Calcano. Mam do sprzedania kilka dzia\u0142ek od rodziny ze wszystkimi dokumentami. Legalne tereny przed pla\u017c\u0105, a tak\u017ce z niesamowitym widokiem na ocean. Zapraszam do kontaktu ze mn\u0105 przez WhatsApp:\u00a0<a href=\"callto:+18097206035\">+1-809-720-6035<\/a>.<br><br>Zainwestuj w Saman\u0119<br>Dlaczego warto inwestowa\u0107 w Samana na Dominikanie?<br>Saman\u00e1 to miejsce nieko\u0144cz\u0105cych si\u0119 z\u0142otych pla\u017c, turkusowej wody i palm kokosowych ko\u0142ysaj\u0105cych si\u0119 na zielonym horyzoncie, karaibskich rytm\u00f3w, rumu i piwa. Miasto mi\u0142ych ludzi i zara\u017aliwego humoru, gdzie panuje relaks i spok\u00f3j.<br>W Samanie nie ma stresu, a mieszkaj\u0105cy tu ludzie lubi\u0105 pla\u017cowa\u0107 i przyrz\u0105dza\u0107 dania na bazie \u015bwie\u017cych owoc\u00f3w morza przywiezionych przez rybak\u00f3w na brzeg pla\u017cy.<br>Je\u015bli Twoim marzeniem zawsze by\u0142o \u017cycie w raju, w Samanie powsta\u0142o ostatnio kilka projekt\u00f3w, niekt\u00f3re s\u0105 w budowie, a inne s\u0105 ju\u017c uko\u0144czone, gdzie mo\u017cesz znale\u017a\u0107 sw\u00f3j kolejny dom.<br>Znajd\u017a nieruchomo\u015b\u0107 na sprzeda\u017c w\u00a0<em>Samana<\/em>. Szukaj\u00a0<em>nieruchomo\u015b\u0107<\/em>\u00a0i znajd\u017a najnowsze oferty\u00a0<em>Samana<\/em>\u00a0Nieruchomo\u015b\u0107 na sprzeda\u017c.<br><br>Sprzedam dzia\u0142ki Samana<br><br><br>Zapraszam do kontaktu ze mn\u0105 przez WhatsApp:\u00a0<a href=\"callto:+18097206035\">+1-809-720-6035<\/a>.<br><br>Dzia\u0142ki i farmy Samana<br><br><br>Zapraszam do kontaktu ze mn\u0105 przez WhatsApp:\u00a0<a href=\"callto:+18097206035\">+1-809-720-6035<\/a>.<br><br>Samana Ocean Zobacz dzia\u0142ki na sprzeda\u017c Nieruchomo\u015b\u0107<br><br><br>Zapraszam do kontaktu ze mn\u0105 przez WhatsApp:\u00a0<a href=\"callto:+18097206035\">+1-809-720-6035<\/a>.<br><br>Nieruchomo\u015b\u0107 przy pla\u017cy Samana na sprzeda\u017c<br><br><br>Zapraszam do kontaktu ze mn\u0105 przez WhatsApp:\u00a0<a href=\"callto:+18097206035\">+1-809-720-6035<\/a>.<br><br><a class=\"\" href=\"https:\/\/www.tourwhales.com\/wp-content\/uploads\/2023\/01\/land-mark-5-1024x567.png\" target=\"_blank\" rel=\"noopener\"><\/a><br><a class=\"\" href=\"https:\/\/www.tourwhales.com\/wp-content\/uploads\/2023\/01\/land-mark-4-1024x545.png\" target=\"_blank\" rel=\"noopener\"><\/a><br><a class=\"\" href=\"https:\/\/www.tourwhales.com\/wp-content\/uploads\/2023\/01\/land-mark-3-1024x571.png\" target=\"_blank\" rel=\"noopener\"><\/a><br><a class=\"\" href=\"https:\/\/www.tourwhales.com\/wp-content\/uploads\/2023\/01\/land-mark-2-1024x540.png\" target=\"_blank\" rel=\"noopener\"><\/a><br><a class=\"\" href=\"https:\/\/www.tourwhales.com\/wp-content\/uploads\/2023\/01\/land-maark-1024x445.png\" target=\"_blank\" rel=\"noopener\"><\/a><br><a class=\"\" href=\"https:\/\/www.tourwhales.com\/wp-content\/uploads\/2023\/01\/beachlimon-lands--1024x608.png\" target=\"_blank\" rel=\"noopener\"><\/a><br><a class=\"\" href=\"https:\/\/www.tourwhales.com\/land-for-sale-in-samana-samana-land-for-sale#\" target=\"_blank\" rel=\"noopener\">1<\/a><br><a class=\"\" href=\"https:\/\/www.tourwhales.com\/land-for-sale-in-samana-samana-land-for-sale#\" target=\"_blank\" rel=\"noopener\">2<\/a><br><a href=\"https:\/\/www.tourwhales.com\/land-for-sale-in-samana-samana-land-for-sale#\" target=\"_blank\" rel=\"noopener\">3<\/a><br><a class=\"\" href=\"https:\/\/www.tourwhales.com\/land-for-sale-in-samana-samana-land-for-sale#\" target=\"_blank\" rel=\"noopener\">4<\/a><br><a class=\"\" href=\"https:\/\/www.tourwhales.com\/land-for-sale-in-samana-samana-land-for-sale#\" target=\"_blank\" rel=\"noopener\">5<\/a><br><a class=\"\" href=\"https:\/\/www.tourwhales.com\/land-for-sale-in-samana-samana-land-for-sale#\" target=\"_blank\" rel=\"noopener\">6<\/a><br><a href=\"https:\/\/www.tourwhales.com\/land-for-sale-in-samana-samana-land-for-sale#\" target=\"_blank\" rel=\"noopener\">Poprzedni<\/a><br><a href=\"https:\/\/www.tourwhales.com\/land-for-sale-in-samana-samana-land-for-sale#\" target=\"_blank\" rel=\"noopener\">Nast\u0119pny<\/a><br><br><br>Zapraszam do kontaktu ze mn\u0105 przez WhatsApp:\u00a0<a href=\"callto:+18097206035\">+1-809-720-6035<\/a>.<\/summary>\n<p><\/p>\n<\/details>","protected":false},"excerpt":{"rendered":"Land for Sale in Saman\u00e1 \u2013 Samana land for SaleSamana Real EstateSamana Land for SaleLANDS for sale in Saman\u00e1, Dominican Republic. View photos and listing details of Saman\u00e1, Attention Investors, Land Developers interested in the DOMINICAN REPUBLIC.If you are looking [...]","protected":false},"author":4,"featured_media":0,"parent":0,"menu_order":0,"comment_status":"closed","ping_status":"closed","template":"","meta":{"footnotes":""},"class_list":["post-11895","page","type-page","status-publish","hentry"],"_links":{"self":[{"href":"https:\/\/haitises.com\/pl\/wp-json\/wp\/v2\/pages\/11895","targetHints":{"allow":["GET"]}}],"collection":[{"href":"https:\/\/haitises.com\/pl\/wp-json\/wp\/v2\/pages"}],"about":[{"href":"https:\/\/haitises.com\/pl\/wp-json\/wp\/v2\/types\/page"}],"author":[{"embeddable":true,"href":"https:\/\/haitises.com\/pl\/wp-json\/wp\/v2\/users\/4"}],"replies":[{"embeddable":true,"href":"https:\/\/haitises.com\/pl\/wp-json\/wp\/v2\/comments?post=11895"}],"version-history":[{"count":2,"href":"https:\/\/haitises.com\/pl\/wp-json\/wp\/v2\/pages\/11895\/revisions"}],"predecessor-version":[{"id":11899,"href":"https:\/\/haitises.com\/pl\/wp-json\/wp\/v2\/pages\/11895\/revisions\/11899"}],"wp:attachment":[{"href":"https:\/\/haitises.com\/pl\/wp-json\/wp\/v2\/media?parent=11895"}],"curies":[{"name":"wp","href":"https:\/\/api.w.org\/{rel}","templated":true}]}}