{"id":543,"date":"2020-06-14T19:18:13","date_gmt":"2020-06-14T19:18:13","guid":{"rendered":"http:\/\/haitises.com\/?post_type=product&#038;p=543"},"modified":"2024-08-22T05:45:22","modified_gmt":"2024-08-22T05:45:22","slug":"parque-nacional-los-haitises-desde-el-puerto-de-samana","status":"publish","type":"product","link":"https:\/\/haitises.com\/pa\/\u0a28\u0a3f\u0a71\u0a1c\u0a40\/parque-nacional-los-haitises-desde-el-puerto-de-samana\/","title":{"rendered":"\u0a38\u0a2e\u0a3e\u0a28\u0a3e \u0a26\u0a40 \u0a2c\u0a70\u0a26\u0a30\u0a17\u0a3e\u0a39 \u0a24\u0a4b\u0a02 \u0a32\u0a3e\u0a38 \u0a39\u0a48\u0a1f\u0a3f\u0a38 \u0a28\u0a48\u0a38\u0a3c\u0a28\u0a32 \u0a2a\u0a3e\u0a30\u0a15"},"content":{"rendered":"<div class=\"vc_row wpb_row vc_row-fluid\" ><div class=\"wpb_column vc_column_container vc_col-sm-12\"><div class=\"vc_column-inner\"><div class=\"wpb_wrapper\">\n\t<div class=\"wpb_text_column wpb_content_element\" >\n\t\t<div class=\"wpb_wrapper\">\n\t\t\t<h2>\u0a38\u0a2e\u0a3e\u0a28\u0a3e \u0a26\u0a40 \u0a2c\u0a70\u0a26\u0a30\u0a17\u0a3e\u0a39 \u0a24\u0a4b\u0a02 \u0a32\u0a3e\u0a38 \u0a39\u0a48\u0a1f\u0a3f\u0a38 \u0a28\u0a48\u0a38\u0a3c\u0a28\u0a32 \u0a2a\u0a3e\u0a30\u0a15 (\u0a38\u0a2e\u0a3e\u0a28\u0a3e \u0a2c\u0a47)<\/h2>\n<ul>\n<li>\u0a32\u0a3e\u0a38 \u0a39\u0a48\u0a1f\u0a3f\u0a38 \u0a28\u0a48\u0a38\u0a3c\u0a28\u0a32 \u0a2a\u0a3e\u0a30\u0a15 \u0a32\u0a08 \u0a15\u0a3f\u0a38\u0a3c\u0a24\u0a40 \u0a26\u0a40 \u0a2f\u0a3e\u0a24\u0a30\u0a3e<br \/>\n<h3>\u0a35\u0a30\u0a23\u0a28<\/h3>\n<p>\u0a38\u0a2e\u0a3e\u0a28\u0a3e \u0a26\u0a40 \u0a2c\u0a70\u0a26\u0a30\u0a17\u0a3e\u0a39 \u0a24\u0a4b\u0a02 \u0a32\u0a4b\u0a38 \u0a39\u0a48\u0a1f\u0a3f\u0a38 \u0a28\u0a48\u0a38\u0a3c\u0a28\u0a32 \u0a2a\u0a3e\u0a30\u0a15 &#039;\u0a24\u0a47 \u0a1c\u0a3e\u0a13\u0964 \u0a38\u0a3e\u0a21\u0a47 \u0a28\u0a3e\u0a32 \u0a06\u0a13 \u0a05\u0a24\u0a47 \u0a21\u0a4b\u0a2e\u0a3f\u0a28\u0a3f\u0a15\u0a28 \u0a30\u0a40\u0a2a\u0a2c\u0a32\u0a3f\u0a15 \u0a26\u0a47 \u0a38\u0a2d \u0a24\u0a4b\u0a02 \u0a38\u0a41\u0a70\u0a26\u0a30 \u0a30\u0a3e\u0a38\u0a3c\u0a1f\u0a30\u0a40 \u0a2a\u0a3e\u0a30\u0a15 \u0a26\u0a3e \u0a26\u0a4c\u0a30\u0a3e \u0a15\u0a30\u0a4b, \u0a2e\u0a48\u0a02\u0a17\u0a30\u0a4b\u0a35\u0a1c\u0a3c, \u0a17\u0a41\u0a2b\u0a3e\u0a35\u0a3e\u0a02 \u0a05\u0a24\u0a47 \u0a38\u0a48\u0a28 \u0a32\u0a4b\u0a30\u0a47\u0a02\u0a1c\u0a3c\u0a4b \u0a2c\u0a47 \u0a26\u0a3e \u0a26\u0a4c\u0a30\u0a3e \u0a15\u0a30\u0a4b, \u0a28\u0a3e\u0a32 \u0a39\u0a40 \u0a38\u0a41\u0a70\u0a26\u0a30 \u0a38\u0a2e\u0a3e\u0a28\u0a3e \u0a2c\u0a47 \u0a28\u0a42\u0a70 \u0a2a\u0a3e\u0a30 \u0a15\u0a30\u0a4b\u0964 \u0a2b\u0a3f\u0a30 \u0a38\u0a2e\u0a3e\u0a28\u0a3e \u0a26\u0a40 \u0a2c\u0a70\u0a26\u0a30\u0a17\u0a3e\u0a39 &#039;\u0a24\u0a47 \u0a35\u0a3e\u0a2a\u0a38 \u0a1c\u0a3e\u0a13\u0964<\/li>\n<\/ul>\n<p>\u0a07\u0a38 \u0a24\u0a1c\u0a3c\u0a30\u0a2c\u0a47 \u0a24\u0a4b\u0a02 \u0a2c\u0a3e\u0a05\u0a26, \u0a24\u0a41\u0a38\u0a40\u0a02 \u0a38\u0a2e\u0a3e\u0a28\u0a3e \u0a26\u0a40 \u0a2c\u0a70\u0a26\u0a30\u0a17\u0a3e\u0a39 &#039;\u0a24\u0a47 \u0a35\u0a3e\u0a2a\u0a38 \u0a06 \u0a1c\u0a3e\u0a13\u0a17\u0a47\u0964<\/p>\n<ul>\n<li>\u0a1f\u0a48\u0a15\u0a38 \u0a38\u0a3c\u0a3e\u0a2e\u0a32 \u0a39\u0a28<br \/>\n\u0a17\u0a3e\u0a08\u0a21 \u0a39\u0a3f\u0a26\u0a3e\u0a07\u0a24 \u0a05\u0a24\u0a47 \u0a28\u0a3f\u0a17\u0a30\u0a3e\u0a28\u0a40 \u0a2a\u0a4d\u0a30\u0a26\u0a3e\u0a28 \u0a15\u0a30\u0a26\u0a40 \u0a39\u0a48\u0964<\/li>\n<li>\u0a38\u0a3c\u0a2e\u0a42\u0a32\u0a40\u0a05\u0a24 \u0a05\u0a24\u0a47 \u0a2c\u0a47\u0a26\u0a16\u0a32\u0a40<\/li>\n<\/ul>\n<h3>\u0a38\u0a2e\u0a3e\u0a35\u0a47\u0a38\u0a3c<\/h3>\n<ol>\n<li>\u0a32\u0a3e\u0a38 \u0a39\u0a48\u0a1f\u0a3f\u0a38 \u0a1f\u0a42\u0a30 + \u0a17\u0a41\u0a2b\u0a3e\u0a35\u0a3e\u0a02 \u0a05\u0a24\u0a47 \u0a24\u0a38\u0a35\u0a40\u0a30\u0a3e\u0a02<\/li>\n<li>\u0a38\u0a3e\u0a30\u0a47 \u0a1f\u0a48\u0a15\u0a38, \u0a2b\u0a40\u0a38\u0a3e\u0a02 \u0a05\u0a24\u0a47 \u0a39\u0a48\u0a02\u0a21\u0a32\u0a3f\u0a70\u0a17 \u0a16\u0a30\u0a1a\u0a47\u0964<\/li>\n<li>\u0a38\u0a25\u0a3e\u0a28\u0a15 \u0a1f\u0a48\u0a15\u0a38<\/li>\n<li>\u0a2a\u0a40\u0a02\u0a26\u0a3e \u0a39\u0a48<\/li>\n<li>\u0a38\u0a3e\u0a30\u0a40\u0a06\u0a02 \u0a17\u0a24\u0a40\u0a35\u0a3f\u0a27\u0a40\u0a06\u0a02<\/li>\n<li>\u0a38\u0a25\u0a3e\u0a28\u0a15 \u0a17\u0a3e\u0a08\u0a21<\/li>\n<\/ol>\n<h3>\u0a2c\u0a47\u0a26\u0a16\u0a32\u0a40<\/h3>\n<ol>\n<li>\u0a38\u0a41\u0a1d\u0a3e\u0a05<\/li>\n<li>\u0a1f\u0a4d\u0a30\u0a3e\u0a02\u0a38\u0a2b\u0a30 \u0a15\u0a30\u0a4b<\/li>\n<li>\u0a05\u0a32\u0a15\u0a4b\u0a39\u0a32 \u0a35\u0a3e\u0a32\u0a47 \u0a2a\u0a40\u0a23 \u0a35\u0a3e\u0a32\u0a47 \u0a2a\u0a26\u0a3e\u0a30\u0a25<\/li>\n<li>\u0a26\u0a41\u0a2a\u0a39\u0a3f\u0a30 \u0a26\u0a47 \u0a16\u0a3e\u0a23\u0a47 \u0a35\u0a3f\u0a71\u0a1a \u0a38\u0a3c\u0a3e\u0a2e\u0a32 \u0a28\u0a39\u0a40\u0a02, \u0a26\u0a41\u0a2a\u0a39\u0a3f\u0a30 \u0a26\u0a47 \u0a16\u0a3e\u0a23\u0a47 \u0a35\u0a3f\u0a71\u0a1a \u0a07\u0a39\u0a28\u0a3e\u0a02 \u0a35\u0a3f\u0a71\u0a1a\u0a4b\u0a02 \u0a07\u0a71\u0a15 \u0a2f\u0a3e\u0a24\u0a30\u0a3e \u0a26\u0a40 \u0a1a\u0a4b\u0a23 \u0a15\u0a30\u0a28\u0a3e \u0a38\u0a3c\u0a3e\u0a2e\u0a32 \u0a39\u0a48: \u0a38\u0a2e\u0a3e\u0a28\u0a3e \u0a26\u0a40 \u0a2c\u0a70\u0a26\u0a30\u0a17\u0a3e\u0a39 \u0a24\u0a4b\u0a02 \u0a32\u0a4b\u0a38 \u0a39\u0a48\u0a1f\u0a3f\u0a38\u0a38 + \u0a15\u0a48\u0a2f\u0a4b \u0a32\u0a47\u0a35\u0a48\u0a02\u0a1f\u0a3e\u0a21\u0a4b \u0a1c\u0a3e\u0a02 \u0a38\u0a2e\u0a3e\u0a28\u0a3e \u0a26\u0a40 \u0a2c\u0a70\u0a26\u0a30\u0a17\u0a3e\u0a39 \u0a24\u0a4b\u0a02 \u0a32\u0a4b\u0a38 \u0a39\u0a48\u0a1f\u0a3f\u0a38 + \u0a15\u0a48\u0a28\u0a4b \u0a39\u0a4b\u0a02\u0a21\u0a4b\u0964<\/li>\n<\/ol>\n<h3>\u0a30\u0a35\u0a3e\u0a28\u0a17\u0a40 \u0a05\u0a24\u0a47 \u0a35\u0a3e\u0a2a\u0a38\u0a40<\/h3>\n<p>\u0a2c\u0a41\u0a15\u0a3f\u0a70\u0a17 \u0a2a\u0a4d\u0a30\u0a15\u0a3f\u0a30\u0a3f\u0a06 \u0a24\u0a4b\u0a02 \u0a2c\u0a3e\u0a05\u0a26 \u0a2f\u0a3e\u0a24\u0a30\u0a40 \u0a28\u0a42\u0a70 \u0a07\u0a71\u0a15 \u0a2e\u0a40\u0a1f\u0a3f\u0a70\u0a17 \u0a2a\u0a41\u0a06\u0a07\u0a70\u0a1f \u0a2e\u0a3f\u0a32\u0a47\u0a17\u0a3e\u0964 \u0a1f\u0a42\u0a30 \u0a38\u0a3e\u0a21\u0a47 \u0a2e\u0a40\u0a1f\u0a3f\u0a70\u0a17 \u0a2c\u0a3f\u0a70\u0a26\u0a42\u0a06\u0a02 &#039;\u0a24\u0a47 \u0a38\u0a3c\u0a41\u0a30\u0a42 \u0a05\u0a24\u0a47 \u0a38\u0a2e\u0a3e\u0a2a\u0a24 \u0a39\u0a41\u0a70\u0a26\u0a47 \u0a39\u0a28\u0964<\/p>\n<h3>\u0a15\u0a40 \u0a09\u0a2e\u0a40\u0a26 \u0a15\u0a30\u0a28\u0a40 \u0a39\u0a48?<\/h3>\n<p>Ca\u00f1o Hondo \u0a35\u0a3f\u0a16\u0a47 \u0a07\u0a71\u0a15 \u0a38\u0a3c\u0a3e\u0a28\u0a26\u0a3e\u0a30 \u0a26\u0a41\u0a2a\u0a39\u0a3f\u0a30 \u0a26\u0a47 \u0a16\u0a3e\u0a23\u0a47 \u0a05\u0a24\u0a47 \u0a15\u0a41\u0a26\u0a30\u0a24\u0a40 \u0a1d\u0a30\u0a28\u0a47 \u0a35\u0a3f\u0a71\u0a1a \u0a24\u0a48\u0a30\u0a3e\u0a15\u0a40 \u0a26\u0a47 \u0a28\u0a3e\u0a32 \u0a32\u0a4b\u0a38 \u0a39\u0a48\u0a1f\u0a3f\u0a38 \u0a28\u0a48\u0a38\u0a3c\u0a28\u0a32 \u0a2a\u0a3e\u0a30\u0a15 \u0a26\u0a3e \u0a26\u0a4c\u0a30\u0a3e \u0a15\u0a30\u0a28 \u0a32\u0a08 \u0a06\u0a2a\u0a23\u0a40\u0a06\u0a02 \u0a1f\u0a3f\u0a15\u0a1f\u0a3e\u0a02 \u0a2a\u0a4d\u0a30\u0a3e\u0a2a\u0a24 \u0a15\u0a30\u0a4b\u0964<\/p>\n<p>\u0a07\u0a71\u0a15 \u0a38\u0a25\u0a3e\u0a28\u0a15 \u0a1f\u0a42\u0a30 \u0a17\u0a3e\u0a08\u0a21 \u0a26\u0a47 \u0a28\u0a3e\u0a32 \u0a07\u0a71\u0a15 \u0a15\u0a3f\u0a38\u0a3c\u0a24\u0a40 \u0a1c\u0a3e\u0a02 \u0a15\u0a48\u0a1f\u0a3e\u0a2e\u0a30\u0a3e\u0a28 &#039;\u0a24\u0a47 \u0a38\u0a35\u0a3e\u0a30 \u0a38\u0a2e\u0a3e\u0a28\u0a3e \u0a26\u0a40 \u0a2c\u0a70\u0a26\u0a30\u0a17\u0a3e\u0a39 \u0a24\u0a4b\u0a02 \u0a38\u0a3c\u0a41\u0a30\u0a42 \u0a15\u0a30\u0a26\u0a47 \u0a39\u0a4b\u0a0f, \u0a05\u0a38\u0a40\u0a02 \u0a21\u0a4b\u0a2e\u0a3f\u0a28\u0a3f\u0a15\u0a28 \u0a30\u0a40\u0a2a\u0a2c\u0a32\u0a3f\u0a15 \u0a26\u0a47 \u0a38\u0a2d \u0a24\u0a4b\u0a02 \u0a38\u0a41\u0a70\u0a26\u0a30 \u0a30\u0a3e\u0a38\u0a3c\u0a1f\u0a30\u0a40 \u0a2a\u0a3e\u0a30\u0a15\u0a3e\u0a02 \u0a35\u0a3f\u0a71\u0a1a\u0a4b\u0a02 \u0a07\u0a71\u0a15 \u0a26\u0a3e \u0a26\u0a4c\u0a30\u0a3e \u0a15\u0a30\u0a28 \u0a32\u0a08 \u0a38\u0a3e\u0a2c\u0a3e\u0a28\u0a3e \u0a21\u0a47 \u0a32\u0a3e \u0a2e\u0a3e\u0a30 \u0a26\u0a47 \u0a15\u0a4b\u0a32 \u0a38\u0a2e\u0a3e\u0a28\u0a3e \u0a26\u0a40 \u0a16\u0a3e\u0a5c\u0a40 \u0a28\u0a42\u0a70 \u0a2a\u0a3e\u0a30 \u0a15\u0a30\u0a26\u0a47 \u0a39\u0a3e\u0a02\u0964 \u0a39\u0a48\u0a1f\u0a3f\u0a38 \u0a28\u0a48\u0a38\u0a3c\u0a28\u0a32 \u0a2a\u0a3e\u0a30\u0a15<\/p>\n<p>\u0a06\u0a32\u0a47-\u0a26\u0a41\u0a06\u0a32\u0a47 \u0a26\u0a47 \u0a2a\u0a70\u0a1b\u0a40\u0a06\u0a02 \u0a26\u0a47 \u0a28\u0a3e\u0a32 \u0a1f\u0a3e\u0a2a\u0a42 \u0a26\u0a3e \u0a26\u0a4c\u0a30\u0a3e \u0a15\u0a30\u0a28\u0a3e. \u0a06\u0a32\u0a4d\u0a39\u0a23\u0a47 \u0a26\u0a47 \u0a2e\u0a4c\u0a38\u0a2e \u0a35\u0a3f\u0a71\u0a1a, \u0a05\u0a38\u0a40\u0a02 \u0a06\u0a32\u0a4d\u0a39\u0a23\u0a47 \u0a35\u0a3f\u0a71\u0a1a \u0a2a\u0a48\u0a32\u0a40\u0a15\u0a28 \u0a1a\u0a42\u0a1a\u0a3f\u0a06\u0a02 \u0a28\u0a42\u0a70 \u0a35\u0a40 \u0a26\u0a47\u0a16 \u0a38\u0a15\u0a26\u0a47 \u0a39\u0a3e\u0a02\u0964 \u0a39\u0a4b\u0a30 \u0a2a\u0a25\u0a30\u0a40\u0a32\u0a47 \u0a1f\u0a3e\u0a2a\u0a42 \u0a35\u0a3f\u0a71\u0a1a \u0a1c\u0a3e\u0a13 \u0a05\u0a24\u0a47 \u0a38\u0a35\u0a26\u0a47\u0a38\u0a3c\u0a40 \u0a32\u0a4b\u0a15\u0a3e\u0a02 \u0a26\u0a40\u0a06\u0a02 \u0a24\u0a38\u0a35\u0a40\u0a30\u0a3e\u0a02 \u0a05\u0a24\u0a47 \u0a2a\u0a48\u0a1f\u0a30\u0a4b\u0a17\u0a4d\u0a30\u0a3e\u0a2b\u0a3e\u0a02 \u0a28\u0a3e\u0a32 \u0a17\u0a41\u0a2b\u0a3e\u0a35\u0a3e\u0a02 \u0a26\u0a3e \u0a26\u0a4c\u0a30\u0a3e \u0a15\u0a30\u0a4b\u0964<\/p>\n<p>El recorrido, organizado por \u00abBooking Adventures\u00bb, comienza en el punto de encuentro establecido con el gu\u00eda tur\u00edstico. Ven con Booking Adventures y comienza a observar algunos manglares llenos de p\u00e1jaros, colinas onduladas de exuberante vegetaci\u00f3n y cuevas del Parque Nacional Los Haitises.<\/p>\n<p>\u0a16\u0a41\u0a71\u0a32\u0a40 \u0a38\u0a48\u0a28 \u0a32\u0a4b\u0a30\u0a47\u0a02\u0a1c\u0a3c\u0a4b \u0a2c\u0a47 \u0a35\u0a3f\u0a71\u0a1a \u0a16\u0a41\u0a70\u0a2d\u0a3e\u0a02 \u0a05\u0a24\u0a47 \u0a1c\u0a3c\u0a2e\u0a40\u0a28 \u0a26\u0a41\u0a06\u0a30\u0a3e, \u0a1c\u0a3f\u0a71\u0a25\u0a4b\u0a02 \u0a24\u0a41\u0a38\u0a40\u0a02 \u0a30\u0a41\u0a71\u0a16\u0a47 \u0a1c\u0a70\u0a17\u0a32 \u0a26\u0a47 \u0a32\u0a48\u0a02\u0a21\u0a38\u0a15\u0a47\u0a2a \u0a26\u0a40 \u0a2b\u0a4b\u0a1f\u0a4b \u0a16\u0a3f\u0a71\u0a1a \u0a38\u0a15\u0a26\u0a47 \u0a39\u0a4b\u0964 \u0a2e\u0a48\u0a28\u0a47\u0a1f\u0a40\u0a1c\u0a3c, \u0a15\u0a4d\u0a30\u0a38\u0a1f\u0a47\u0a38\u0a3c\u0a40\u0a05\u0a28 \u0a05\u0a24\u0a47 \u0a21\u0a3e\u0a32\u0a2b\u0a3f\u0a28 \u0a28\u0a42\u0a70 \u0a26\u0a47\u0a16\u0a23 \u0a32\u0a08 \u0a2a\u0a3e\u0a23\u0a40 \u0a35\u0a3f\u0a71\u0a1a \u0a26\u0a47\u0a16\u0a4b\u0964<\/p>\n<p>El nombre del parque nacional proviene de sus habitantes originales, los indios ta\u00ednos. En su idioma, \u00abHaitises\u00bb se traduce en tierras altas o colinas, una referencia a las empinadas formaciones geol\u00f3gicas de la costa con calizas. Avent\u00farate en el parque para explorar cuevas como la Cueva de la Arena y la Cueva de la L\u00ednea. Las cuevas en la reserva fueron utilizadas como refugio por los indios ta\u00ednos y, m\u00e1s tarde, por los piratas escondidos. Busque dibujos de indios que decoran algunas de las paredes. Despu\u00e9s de visitar el Parque Nacional Los Haitises, regresaremos al puerto de Saman\u00e1 pasando la bah\u00eda de Saman\u00e1 30 minutos.<\/p>\n<p>\u0a1c\u0a47\u0a15\u0a30 \u0a24\u0a41\u0a38\u0a40\u0a02 \u0a07\u0a38 \u0a2f\u0a3e\u0a24\u0a30\u0a3e \u0a28\u0a42\u0a70 \u0a35\u0a27\u0a47\u0a30\u0a47 \u0a2a\u0a38\u0a70\u0a26 \u0a15\u0a30\u0a26\u0a47 \u0a39\u0a4b, \u0a24\u0a3e\u0a02 \u0a38\u0a3e\u0a21\u0a47 \u0a15\u0a4b\u0a32 \u0a07\u0a39 \u0a35\u0a3f\u0a15\u0a32\u0a2a \u0a39\u0a28:<\/p>\n<p>Los Haitises + Cayo Levantado \u0a38\u0a2e\u0a3e\u0a28\u0a3e \u0a26\u0a40 \u0a2c\u0a70\u0a26\u0a30\u0a17\u0a3e\u0a39 \u0a24\u0a4b\u0a02\u0964<br \/>\n\u0a38\u0a2e\u0a3e\u0a28\u0a3e \u0a26\u0a40 \u0a2c\u0a70\u0a26\u0a30\u0a17\u0a3e\u0a39 \u0a24\u0a4b\u0a02 \u0a32\u0a4b\u0a38 \u0a39\u0a48\u0a1f\u0a3f\u0a38 + \u0a15\u0a48\u0a28\u0a4b \u0a39\u0a4b\u0a02\u0a21\u0a4b\u0964<\/p>\n<h3>\u0a24\u0a41\u0a39\u0a3e\u0a28\u0a42\u0a70 \u0a15\u0a40 \u0a32\u0a3f\u0a06\u0a09\u0a23\u0a3e \u0a1a\u0a3e\u0a39\u0a40\u0a26\u0a3e \u0a39\u0a48?<\/h3>\n<ul>\n<li>\u0a15\u0a48\u0a2e\u0a30\u0a3e<\/li>\n<li>\u0a2d\u0a5c\u0a15\u0a3e\u0a0a \u0a2e\u0a41\u0a15\u0a41\u0a32<\/li>\n<li>\u0a38\u0a28\u0a38\u0a15\u0a4d\u0a30\u0a40\u0a28<\/li>\n<li>\u0a1f\u0a4b\u0a2a\u0a40<\/li>\n<li>\u0a06\u0a30\u0a3e\u0a2e\u0a26\u0a3e\u0a07\u0a15 \u0a2a\u0a48\u0a02\u0a1f<\/li>\n<li>\u0a1c\u0a70\u0a17\u0a32 \u0a39\u0a3e\u0a08\u0a15\u0a3f\u0a70\u0a17 \u0a1c\u0a41\u0a71\u0a24\u0a47<\/li>\n<li>\u0a2c\u0a38\u0a70\u0a24 \u0a16\u0a47\u0a24\u0a30\u0a3e\u0a02 \u0a28\u0a42\u0a70 \u0a38\u0a48\u0a02\u0a21\u0a32.<\/li>\n<li>\u0a24\u0a48\u0a30\u0a3e\u0a15\u0a40 \u0a2a\u0a39\u0a3f\u0a30\u0a3e\u0a35\u0a47<\/li>\n<\/ul>\n<h3>\u0a39\u0a4b\u0a1f\u0a32 \u0a2a\u0a3f\u0a15\u0a05\u0a71\u0a2a<\/h3>\n<p>\u0a07\u0a38 \u0a26\u0a4c\u0a30\u0a47 \u0a32\u0a08 \u0a39\u0a4b\u0a1f\u0a32 \u0a2a\u0a3f\u0a15\u0a05\u0a71\u0a2a \u0a26\u0a40 \u0a2a\u0a47\u0a38\u0a3c\u0a15\u0a38\u0a3c \u0a28\u0a39\u0a40\u0a02 \u0a15\u0a40\u0a24\u0a40 \u0a1c\u0a3e\u0a02\u0a26\u0a40 \u0a39\u0a48\u0964<\/p>\n<p>\u0a28\u0a4b\u0a1f: \u0a1c\u0a47\u0a15\u0a30 \u0a24\u0a41\u0a38\u0a40\u0a02 \u0a1f\u0a42\u0a30\/\u0a38\u0a48\u0a30-\u0a38\u0a2a\u0a3e\u0a1f\u0a3e \u0a30\u0a35\u0a3e\u0a28\u0a17\u0a40 \u0a26\u0a47 \u0a38\u0a2e\u0a47\u0a02 \u0a26\u0a47 24 \u0a18\u0a70\u0a1f\u0a3f\u0a06\u0a02 \u0a26\u0a47 \u0a05\u0a70\u0a26\u0a30 \u0a2c\u0a41\u0a71\u0a15 \u0a15\u0a30\u0a26\u0a47 \u0a39\u0a4b, \u0a24\u0a3e\u0a02 \u0a05\u0a38\u0a40\u0a02 \u0a35\u0a3e\u0a27\u0a42 \u0a16\u0a30\u0a1a\u0a3f\u0a06\u0a02 \u0a26\u0a47 \u0a28\u0a3e\u0a32 \u0a39\u0a4b\u0a1f\u0a32 \u0a2a\u0a3f\u0a15\u0a05\u0a71\u0a2a \u0a26\u0a3e \u0a2a\u0a4d\u0a30\u0a2c\u0a70\u0a27 \u0a15\u0a30 \u0a38\u0a15\u0a26\u0a47 \u0a39\u0a3e\u0a02\u0964 \u0a07\u0a71\u0a15 \u0a35\u0a3e\u0a30 \u0a1c\u0a26\u0a4b\u0a02 \u0a24\u0a41\u0a39\u0a3e\u0a21\u0a40 \u0a16\u0a30\u0a40\u0a26 \u0a2a\u0a42\u0a30\u0a40 \u0a39\u0a4b \u0a1c\u0a3e\u0a02\u0a26\u0a40 \u0a39\u0a48, \u0a05\u0a38\u0a40\u0a02 \u0a24\u0a41\u0a39\u0a3e\u0a28\u0a42\u0a70 \u0a2a\u0a3f\u0a15\u0a05\u0a71\u0a2a \u0a2a\u0a4d\u0a30\u0a2c\u0a70\u0a27\u0a3e\u0a02 \u0a26\u0a3e \u0a2a\u0a4d\u0a30\u0a2c\u0a70\u0a27 \u0a15\u0a30\u0a28 \u0a32\u0a08 \u0a38\u0a3e\u0a21\u0a40 \u0a38\u0a25\u0a3e\u0a28\u0a15 \u0a1f\u0a42\u0a30 \u0a17\u0a3e\u0a08\u0a21 \u0a32\u0a08 \u0a2a\u0a42\u0a30\u0a40 \u0a38\u0a70\u0a2a\u0a30\u0a15 \u0a1c\u0a3e\u0a23\u0a15\u0a3e\u0a30\u0a40 (\u0a2b\u0a4b\u0a28 \u0a28\u0a70\u0a2c\u0a30, \u0a08\u0a2e\u0a47\u0a32 \u0a2a\u0a24\u0a3e, \u0a06\u0a26\u0a3f) \u0a2d\u0a47\u0a1c\u0a3e\u0a02\u0a17\u0a47\u0964<\/p>\n<h3>\u0a35\u0a3e\u0a27\u0a42 \u0a1c\u0a3e\u0a23\u0a15\u0a3e\u0a30\u0a40 \u0a26\u0a40 \u0a2a\u0a41\u0a38\u0a3c\u0a1f\u0a40<\/h3>\n<ol>\n<li>\u0a1f\u0a3f\u0a15\u0a1f\u0a3e\u0a02 \u0a07\u0a38 \u0a1f\u0a42\u0a30 \u0a32\u0a08 \u0a2d\u0a41\u0a17\u0a24\u0a3e\u0a28 \u0a15\u0a30\u0a28 \u0a24\u0a4b\u0a02 \u0a2c\u0a3e\u0a05\u0a26 \u0a30\u0a38\u0a40\u0a26 \u0a39\u0a28\u0964 \u0a24\u0a41\u0a38\u0a40\u0a02 \u0a06\u0a2a\u0a23\u0a47 \u0a2b\u0a3c\u0a4b\u0a28 &#039;\u0a24\u0a47 \u0a2d\u0a41\u0a17\u0a24\u0a3e\u0a28 \u0a26\u0a3f\u0a16\u0a3e \u0a38\u0a15\u0a26\u0a47 \u0a39\u0a4b\u0964<\/li>\n<li>\u0a2e\u0a40\u0a1f\u0a3f\u0a70\u0a17 \u0a2a\u0a41\u0a06\u0a07\u0a70\u0a1f \u0a30\u0a3f\u0a1c\u0a3c\u0a30\u0a35\u0a47\u0a38\u0a3c\u0a28 \u0a2a\u0a4d\u0a30\u0a15\u0a3f\u0a30\u0a3f\u0a06 \u0a26\u0a47 \u0a2c\u0a3e\u0a05\u0a26 \u0a2a\u0a4d\u0a30\u0a3e\u0a2a\u0a24 \u0a15\u0a40\u0a24\u0a3e \u0a1c\u0a3e\u0a35\u0a47\u0a17\u0a3e.<\/li>\n<li>\u0a2c\u0a71\u0a1a\u0a3f\u0a06\u0a02 \u0a28\u0a42\u0a70 \u0a07\u0a71\u0a15 \u0a2c\u0a3e\u0a32\u0a17 \u0a26\u0a47 \u0a28\u0a3e\u0a32 \u0a39\u0a4b\u0a23\u0a3e \u0a1a\u0a3e\u0a39\u0a40\u0a26\u0a3e \u0a39\u0a48\u0964<\/li>\n<li>\u0a35\u0a4d\u0a39\u0a40\u0a32\u0a1a\u0a47\u0a05\u0a30 \u0a2a\u0a39\u0a41\u0a70\u0a1a\u0a2f\u0a4b\u0a17 \u0a28\u0a39\u0a40\u0a02 \u0a39\u0a48<\/li>\n<li>\u0a28\u0a3f\u0a06\u0a23\u0a3f\u0a06\u0a02 \u0a28\u0a42\u0a70 \u0a17\u0a4b\u0a26\u0a40 &#039;\u0a24\u0a47 \u0a2c\u0a48\u0a20\u0a23\u0a3e \u0a1a\u0a3e\u0a39\u0a40\u0a26\u0a3e \u0a39\u0a48<\/li>\n<li>\u0a2a\u0a3f\u0a71\u0a20 \u0a26\u0a40\u0a06\u0a02 \u0a38\u0a2e\u0a71\u0a38\u0a3f\u0a06\u0a35\u0a3e\u0a02 \u0a35\u0a3e\u0a32\u0a47 \u0a2f\u0a3e\u0a24\u0a30\u0a40\u0a06\u0a02 \u0a32\u0a08 \u0a38\u0a3f\u0a2b\u0a3e\u0a30\u0a38\u0a3c \u0a28\u0a39\u0a40\u0a02 \u0a15\u0a40\u0a24\u0a40 \u0a1c\u0a3e\u0a02\u0a26\u0a40.<\/li>\n<li>\u0a17\u0a30\u0a2d\u0a35\u0a24\u0a40 \u0a2f\u0a3e\u0a24\u0a30\u0a40\u0a06\u0a02 \u0a32\u0a08 \u0a38\u0a3f\u0a2b\u0a3e\u0a30\u0a38\u0a3c \u0a28\u0a39\u0a40\u0a02 \u0a15\u0a40\u0a24\u0a40 \u0a1c\u0a3e\u0a02\u0a26\u0a40.<\/li>\n<li>\u0a15\u0a4b\u0a08 \u0a26\u0a3f\u0a32 \u0a26\u0a40\u0a06\u0a02 \u0a38\u0a2e\u0a71\u0a38\u0a3f\u0a06\u0a35\u0a3e\u0a02 \u0a1c\u0a3e\u0a02 \u0a39\u0a4b\u0a30 \u0a17\u0a70\u0a2d\u0a40\u0a30 \u0a21\u0a3e\u0a15\u0a1f\u0a30\u0a40 \u0a38\u0a25\u0a3f\u0a24\u0a40\u0a06\u0a02 \u0a28\u0a39\u0a40\u0a02 \u0a39\u0a28\u0964<\/li>\n<li>\u0a1c\u0a3c\u0a3f\u0a06\u0a26\u0a3e\u0a24\u0a30 \u0a2f\u0a3e\u0a24\u0a30\u0a40 \u0a39\u0a3f\u0a71\u0a38\u0a3e \u0a32\u0a48 \u0a38\u0a15\u0a26\u0a47 \u0a39\u0a28\u0964<\/li>\n<\/ol>\n<h3>\u0a30\u0a71\u0a26 \u0a15\u0a30\u0a28 \u0a26\u0a40 \u0a28\u0a40\u0a24\u0a40<\/h3>\n<p>\u0a2a\u0a42\u0a30\u0a40 \u0a30\u0a3f\u0a2b\u0a70\u0a21 \u0a32\u0a08, \u0a05\u0a28\u0a41\u0a2d\u0a35 \u0a38\u0a3c\u0a41\u0a30\u0a42 \u0a39\u0a4b\u0a23 \u0a26\u0a40 \u0a2e\u0a3f\u0a24\u0a40 \u0a24\u0a4b\u0a02 \u0a18\u0a71\u0a1f\u0a4b-\u0a18\u0a71\u0a1f 24 \u0a18\u0a70\u0a1f\u0a47 \u0a2a\u0a39\u0a3f\u0a32\u0a3e\u0a02 \u0a30\u0a71\u0a26 \u0a15\u0a30\u0a4b\u0964<\/p>\n<h3>\u0a38\u0a3e\u0a21\u0a47 \u0a28\u0a3e\u0a32 \u0a38\u0a70\u0a2a\u0a30\u0a15 \u0a15\u0a30\u0a4b?<\/h3>\n<p>\u0a2c\u0a41\u0a15\u0a3f\u0a70\u0a17 \u0a38\u0a3e\u0a39\u0a38<br \/>\n\u0a38\u0a25\u0a3e\u0a28\u0a15 \u0a05\u0a24\u0a47 \u0a30\u0a3e\u0a38\u0a3c\u0a1f\u0a30\u0a40 \u0a1f\u0a42\u0a30 \u0a17\u0a3e\u0a08\u0a21 \u0a05\u0a24\u0a47 \u0a2e\u0a39\u0a3f\u0a2e\u0a3e\u0a28 \u0a38\u0a47\u0a35\u0a3e\u0a35\u0a3e\u0a02<\/p>\n<p>\u0a30\u0a3f\u0a1c\u0a3c\u0a30\u0a35\u0a47\u0a38\u0a3c\u0a28: \u0a21\u0a4b\u0a2e \u0a35\u0a3f\u0a71\u0a1a \u0a1f\u0a42\u0a30 \u0a05\u0a24\u0a47 \u0a38\u0a48\u0a30-\u0a38\u0a2a\u0a3e\u0a1f\u0a3e\u0964<\/p>\n<p>\ud83d\udcde \u0a1f\u0a48\u0a32\u0a40\u0a2b\u0a3c\u0a4b\u0a28\/\u0a35\u0a1f\u0a38\u0a10\u0a2a +1-809-720-6035\u0964<\/p>\n<p>\ud83d\udce9 info@bookingadventures.com.do<\/p>\n<p>\u0a05\u0a38\u0a40\u0a02 Whatsapp \u0a26\u0a41\u0a06\u0a30\u0a3e \u0a32\u0a1a\u0a15\u0a24\u0a3e \u0a26\u0a47 \u0a28\u0a3e\u0a32 \u0a2a\u0a4d\u0a30\u0a3e\u0a08\u0a35\u0a47\u0a1f \u0a1f\u0a42\u0a30 \u0a15\u0a30\u0a26\u0a47 \u0a39\u0a3e\u0a02: +18097206035\u0964<\/p>\n\n\t\t<\/div>\n\t<\/div>\n<\/div><\/div><\/div><\/div><div class=\"vc_row wpb_row vc_row-fluid\" ><div class=\"wpb_column vc_column_container vc_col-sm-12\"><div class=\"vc_column-inner\"><div class=\"wpb_wrapper\"><div class=\"vc_empty_space\"   style=\"height: 32px\"><span class=\"vc_empty_space_inner\"><\/span><\/div>\n\t<div class=\"wpb_video_widget wpb_content_element vc_clearfix   vc_video-aspect-ratio-169 vc_video-el-width-100 vc_video-align-left\" >\n\t\t<div class=\"wpb_wrapper\">\n\t\t\t<h2 class=\"wpb_heading wpb_video_heading\">\u0a32\u0a4b\u0a38 \u0a39\u0a48\u0a1f\u0a3f\u0a38 \u0a05\u0a24\u0a47 \u0a39\u0a4b\u0a30...<\/h2>\n\t\t\t<div class=\"wpb_video_wrapper\"><iframe loading=\"lazy\" title=\"\u0a21\u0a4b\u0a2e\u0a3f\u0a28\u0a3f\u0a15\u0a28 \u0a30\u0a40\u0a2a\u0a2c\u0a32\u0a3f\u0a15 - \u0a32\u0a4b\u0a38 \u0a39\u0a48\u0a1f\u0a3f\u0a38\u0a38 \u0a17\u0a41\u0a2b\u0a3e\u0a35\u0a3e\u0a02 (\u0a1f\u0a48\u0a28\u0a4b\u0a38), \u0a2a\u0a3f\u0a15\u0a1f\u0a4b\u0a17\u0a4d\u0a30\u0a3e\u0a2b \u0a05\u0a24\u0a47 \u0a2a\u0a48\u0a1f\u0a30\u0a4b\u0a17\u0a32\u0a3f\u0a2b\u0a38\" width=\"1100\" height=\"619\" src=\"https:\/\/www.youtube.com\/embed\/o_ExYqtOlH8?feature=oembed\" frameborder=\"0\" allow=\"accelerometer; autoplay; encrypted-media; gyroscope; picture-in-picture\" allowfullscreen><\/iframe><\/div>\n\t\t<\/div>\n\t<\/div>\n<\/div><\/div><\/div><\/div>","protected":false},"excerpt":{"rendered":"<p>\u0a07\u0a71\u0a15 \u0a38\u0a25\u0a3e\u0a28\u0a15 \u0a17\u0a3e\u0a08\u0a21 \u0a26\u0a47 \u0a28\u0a3e\u0a32 \u0a32\u0a3e\u0a38 \u0a39\u0a48\u0a1f\u0a3f\u0a38 \u0a28\u0a48\u0a38\u0a3c\u0a28\u0a32 \u0a2a\u0a3e\u0a30\u0a15 \u0a26\u0a40 \u0a35\u0a3e\u0a24\u0a3e\u0a35\u0a30\u0a23 \u0a2f\u0a3e\u0a24\u0a30\u0a3e\u0964 Los Haitises National Park \u0a35\u0a3f\u0a71\u0a1a \u0a15\u0a41\u0a70\u0a1c\u0a40\u0a06\u0a02 \u0a26\u0a3e \u0a26\u0a4c\u0a30\u0a3e \u0a15\u0a30\u0a28\u0a3e, \u0a2e\u0a48\u0a02\u0a17\u0a30\u0a4b\u0a35\u0a1c\u0a3c, \u0a2c\u0a28\u0a38\u0a2a\u0a24\u0a40, \u0a2a\u0a70\u0a1b\u0a40\u0a06\u0a02 \u0a28\u0a42\u0a70 \u0a26\u0a47\u0a16\u0a23\u0a3e, \u0a17\u0a41\u0a2b\u0a3e\u0a35\u0a3e\u0a02, \u0a24\u0a38\u0a35\u0a40\u0a30\u0a3e\u0a02 \u0a05\u0a24\u0a47 \u0a32\u0a3e\u0a38 \u0a39\u0a48\u0a1f\u0a3f\u0a38 \u0a28\u0a48\u0a38\u0a3c\u0a28\u0a32 \u0a2a\u0a3e\u0a30\u0a15 \u0a35\u0a3f\u0a71\u0a1a \u0a38\u0a2c\u0a3e\u0a28\u0a3e \u0a21\u0a47 \u0a32\u0a3e \u0a2e\u0a3e\u0a30 \u0a26\u0a47 \u0a07\u0a24\u0a3f\u0a39\u0a3e\u0a38\u0a15 \u0a16\u0a47\u0a24\u0a30\u0a3e\u0a02 \u0a26\u0a3e \u0a26\u0a4c\u0a30\u0a3e \u0a15\u0a30\u0a28\u0a3e\u0964<\/p>\n<p>&nbsp;<\/p>\n<p><strong>\u0a06\u0a2a\u0a23\u0a40 \u0a2b\u0a47\u0a30\u0a40 \u0a26\u0a40 \u0a2e\u0a3f\u0a24\u0a40 \u0a1a\u0a41\u0a23\u0a4b:<\/strong><\/p>","protected":false},"featured_media":225,"template":"","meta":[],"product_brand":[],"product_cat":[121,435,430,443],"product_tag":[132,133,432,142,148,143],"class_list":{"0":"post-543","1":"product","2":"type-product","3":"status-publish","4":"has-post-thumbnail","6":"product_cat-mangroves","7":"product_cat-manglares","8":"product_cat-parque-nacional-los-haitises-samana","9":"product_cat-tours-y-excursiones-es","10":"product_tag-los-haitises","11":"product_tag-los-haitises-national-park","12":"product_tag-parque-nacional-los-haitises-samana","13":"product_tag-samana","14":"product_tag-samana-excursions","15":"product_tag-samana-tours","17":"first","18":"instock","19":"sale","20":"sold-individually","21":"shipping-taxable","22":"product-type-external"},"_links":{"self":[{"href":"https:\/\/haitises.com\/pa\/wp-json\/wp\/v2\/product\/543","targetHints":{"allow":["GET"]}}],"collection":[{"href":"https:\/\/haitises.com\/pa\/wp-json\/wp\/v2\/product"}],"about":[{"href":"https:\/\/haitises.com\/pa\/wp-json\/wp\/v2\/types\/product"}],"wp:featuredmedia":[{"embeddable":true,"href":"https:\/\/haitises.com\/pa\/wp-json\/wp\/v2\/media\/225"}],"wp:attachment":[{"href":"https:\/\/haitises.com\/pa\/wp-json\/wp\/v2\/media?parent=543"}],"wp:term":[{"taxonomy":"product_brand","embeddable":true,"href":"https:\/\/haitises.com\/pa\/wp-json\/wp\/v2\/product_brand?post=543"},{"taxonomy":"product_cat","embeddable":true,"href":"https:\/\/haitises.com\/pa\/wp-json\/wp\/v2\/product_cat?post=543"},{"taxonomy":"product_tag","embeddable":true,"href":"https:\/\/haitises.com\/pa\/wp-json\/wp\/v2\/product_tag?post=543"}],"curies":[{"name":"wp","href":"https:\/\/api.w.org\/{rel}","templated":true}]}}