{"id":554,"date":"2020-06-22T17:36:48","date_gmt":"2020-06-22T17:36:48","guid":{"rendered":"http:\/\/haitises.com\/?post_type=product&#038;p=554"},"modified":"2024-04-17T20:44:54","modified_gmt":"2024-04-17T20:44:54","slug":"excursion-a-los-haitises-desde-sabana-de-la-mar-o-cano-hondo","status":"publish","type":"product","link":"https:\/\/haitises.com\/nl\/privaat\/excursion-a-los-haitises-desde-sabana-de-la-mar-o-cano-hondo\/","title":{"rendered":"Excursie naar Los Haitises vanuit Sabana de la Mar of Ca\u00f1o Hondo"},"content":{"rendered":"<div class=\"vc_row wpb_row vc_row-fluid\" ><div class=\"wpb_column vc_column_container vc_col-sm-12\"><div class=\"vc_column-inner\"><div class=\"wpb_wrapper\">[mkdf_section_title subtitle_tag=\u00bb\u00bb subtitle=\u00bbTour normal a los Haitises\u00bb]<\/div><\/div><\/div><\/div><div class=\"vc_row wpb_row vc_row-fluid\" ><div class=\"wpb_column vc_column_container vc_col-sm-12\"><div class=\"vc_column-inner\"><div class=\"wpb_wrapper\">\n\t<div class=\"wpb_text_column wpb_content_element\" >\n\t\t<div class=\"wpb_wrapper\">\n\t\t\t<h2>Nationaal park Los Haitises vanuit Sabana de la Mar of Hotel Cano Hondo.<\/h2>\n<h3>Beschrijving<\/h3>\n<p>Een normale priv\u00e9trip naar Los Haitises National Park. Ga met ons mee en bezoek het mooiste nationale park van de Dominicaanse Republiek, bezoek mangroven, grotten en de baai van San Lorenzo. Deze ervaring kan beginnen als de gemeenschap van Sabana de la Mar leert over de geschiedenis van Sabana de la Mar. Bovendien beginnen we deze reis vanuit de haven van Ca\u00f1o Hondo.<\/p>\n<ul>\n<li>Btw inbegrepen<\/li>\n<li>De gids geeft instructie en toezicht.<\/li>\n<li>Lunch is niet inbegrepen bij de lunch in Ca\u00f1o Hondo Kies deze tour: Los Haitises Plus Ca\u00f1o Hondo.<\/li>\n<\/ul>\n<h3>Insluitingen en uitsluitingen<\/h3>\n<h4>Insluitsels<\/h4>\n<ol>\n<li>Los Haitises Tour + grotten en pictogrammen<\/li>\n<li>Alle belastingen, toeslagen en administratiekosten.<\/li>\n<li>Lokale belastingen<\/li>\n<li>Alle activiteiten<\/li>\n<li>Lokale gids<\/li>\n<\/ol>\n<h4>Uitsluitingen<\/h4>\n<ol>\n<li>Tips<\/li>\n<li>Lunch is niet inbegrepen bij de lunch in Ca\u00f1o Hondo Kies deze tour: Los Haitises Plus Ca\u00f1o Hondo.<\/li>\n<li>Vervoer<\/li>\n<li>Alcoholische dranken<\/li>\n<\/ol>\n<h3><em>Vertrek en terugkeer<\/em><\/h3>\n<p>De reiziger krijgt na het boekingsproces een ontmoetingspunt. Rondleidingen beginnen en eindigen op onze ontmoetingspunten.<\/p>\n<h4><em>Wat te verwachten?<\/em><\/h4>\n<p>Koop je kaartjes voor een bezoek aan het Los Haitises National Park met grotten, mangroven en de baai van San Lorenzo.<\/p>\n<p>De laagste prijs om het Los Haitises National Park te bezoeken vanuit hotels in Sabana de la Mar of Ca\u00f1o Hondo met lokale gidsen. De reis begint in de belangrijkste haven van Los Haitises National Park. Deze reis begint om 10.00 uur met een lokale gids die het originele verhaal over het prachtige Nationale Park kent.<\/p>\n<p>Daarna vertrekken we vanuit de belangrijkste haven van Los Haitises National Park, genaamd Ca\u00f1o Hondo (Deep Creek) in een BOOT met reddingsvesten. We zullen genieten van het rode mangrovebos totdat we de baai van San Lorenzo bereiken. Kleine baai in de baai van Saman\u00e1. En hier gaan we! Het eerste dat je kunt zien is de verzameling van een enorm kalkstenen bergeiland genaamd Mogotes. Daarboven ruim 700 plantensoorten en vele watervogels die rondvliegen. Later bezoeken we grotten met afbeeldingen van onze inheemse gemeenschappen 750 jaar geleden.<\/p>\n<p>Door de mangroven en het land in de open baai van San Lorenzo, vanwaar je het ruige boslandschap kunt fotograferen. Kijk uit in het water en zie zeekoeien, schaaldieren en dolfijnen.<\/p>\n<p>El nombre del parque nacional proviene de sus habitantes originales, los indios ta\u00ednos. En su idioma, \u00abHaitises\u00bb se traduce en tierras altas o colinas, una referencia a las empinadas formaciones geol\u00f3gicas de la costa con calizas. Avent\u00farate en el parque para explorar cuevas como la Cueva de la Arena y la Cueva de la L\u00ednea. Las cuevas en la reserva fueron utilizadas como refugio por los indios ta\u00ednos y, m\u00e1s tarde, por los piratas escondidos. Busque dibujos de indios que decoran algunas de las paredes. Despu\u00e9s de visitar el Parque Nacional Los Haitises, regresaremos al puerto donde comenz\u00f3 nuestro viaje.<\/p>\n<h3><em>Wat moet je meenemen?<\/em><\/h3>\n<ul>\n<li>Camera<\/li>\n<li>Afweermiddelen<\/li>\n<li>zonnescherm<\/li>\n<li>Hoed<\/li>\n<li>Comfortabele broek<\/li>\n<li>Bos wandelschoenen<\/li>\n<li>Sandalen naar lentegebieden.<\/li>\n<li>Zwempak<\/li>\n<\/ul>\n<h3><em>Ophaalservice bij hotel<\/em><\/h3>\n<p>Er wordt een ophaalservice bij uw hotel aangeboden als u zich in het Paraiso Ca\u00f1o Hondo of het Altos Ca\u00f1o Hondo Hotel bevindt. Ons ontmoetingspunt ligt op 5 minuten lopen van die hotels.<\/p>\n<p><strong>Opmerking<\/strong>- Als u binnen 24 uur na de vertrektijd van de tour\/excursie boekt, kunnen we tegen extra kosten het ophalen van uw hotel regelen als u niet in de Ca\u00f1o Hondo-hotels bent. Zodra uw aankoop is voltooid, sturen wij u de volledige contactgegevens (telefoonnummer, e-mailadres, enz.) zodat onze lokale gids de ophaalregeling kan regelen.<\/p>\n<h3><em>Bevestiging van aanvullende informatie<\/em><\/h3>\n<ul>\n<li>De tickets zijn het ontvangstbewijs na betaling voor deze tour. U kunt de betaling op uw telefoon laten zien.<\/li>\n<li>Het ontmoetingspunt wordt ontvangen na het reserveringsproces.<\/li>\n<li>Kinderen moeten worden begeleid door een volwassene.<\/li>\n<li>Niet rolstoeltoegankelijk<\/li>\n<li>Baby&#039;s moeten in een babyzitje of bij een volwassene zitten<\/li>\n<li>Niet aanbevolen voor reizigers met rugklachten.<\/li>\n<li>Niet aanbevolen voor zwangere vrouwen.<\/li>\n<li>Geen hartproblemen of andere ernstige medische aandoeningen.<\/li>\n<li>De meeste reizigers kunnen meedoen.<\/li>\n<\/ul>\n<h3><em>Annuleringsbeleid<\/em><\/h3>\n<p>Voor een volledige terugbetaling dien je minimaal 24 uur v\u00f3\u00f3r de startdatum van de ervaring te annuleren.<\/p>\n<h3><em>Neem contact met ons op?<\/em><\/h3>\n<p>Avonturen boeken<br \/>\nLokale en nationale gidsen en gastendiensten<\/p>\n<p>Reserveringen: rondleidingen en excursies in Dom. Reps.<\/p>\n<p>\ud83d\udcde Tel\/Whatsapp +1-809-720-6035.<\/p>\n<p>\ud83d\udce9 info@bookingadventures.com.do<\/p>\n<p>We organiseren priv\u00e9rondleidingen met flexibele configuratie via Whatsapp: +18097206035.<\/p>\n\n\t\t<\/div>\n\t<\/div>\n<\/div><\/div><\/div><\/div>","protected":false},"excerpt":{"rendered":"<p>De laagste prijs om het Los Haitises National Park te bezoeken vanuit hotels in Sabana de la Mar of Ca\u00f1o Hondo met lokale gidsen. De reis begint in de belangrijkste haven van Los Haitises National Park. Deze reis begint om 10.00 uur met een lokale gids die het originele verhaal over het prachtige Nationale Park kent.<\/p>\n<p>Daarna vertrekken we vanuit de belangrijkste haven van Los Haitises National Park, genaamd Ca\u00f1o Hondo (Deep Creek) in een BOOT met reddingsvesten. We zullen genieten van het rode mangrovebos totdat we de San Lorenzo-baai bereiken, een kleine baai in de Saman\u00e1-baai. En hier gaan we! Het eerste dat je kunt zien is de verzameling van een enorm kalkstenen bergeiland genaamd Mogotes. Daarnaast vliegen er ruim 700 plantensoorten en veel moerasvogels rond. Later bezoeken we grotten met afbeeldingen van onze inheemse gemeenschappen 750 jaar geleden.<\/p>\n<p><strong>Selecteer de datum voor de Tour\u00a0<\/strong><\/p>","protected":false},"featured_media":81,"template":"","meta":[],"product_brand":[],"product_cat":[119,120,98,121,99,122,443,123,124],"product_tag":[125,126,127,128,129,130,131,132,133,134,114],"class_list":{"0":"post-554","1":"product","2":"type-product","3":"status-publish","4":"has-post-thumbnail","6":"product_cat-caves","7":"product_cat-fees-entrace","8":"product_cat-local-tour-guides","9":"product_cat-mangroves","10":"product_cat-swimming-natural-springs","11":"product_cat-tours-and-excursions","12":"product_cat-tours-y-excursiones-es","13":"product_cat-tours-excursions-los-haitises-national-park","14":"product_cat-tours-excursions-samana-bay-dominican-republic","15":"product_tag-boat-tour","16":"product_tag-cano-hondo","17":"product_tag-cano-hondo-hotel","18":"product_tag-cano-hondo-tours","19":"product_tag-eco-tours","20":"product_tag-excursion","21":"product_tag-locals-guides","22":"product_tag-los-haitises","23":"product_tag-los-haitises-national-park","24":"product_tag-los-haitises-national-park-tour","25":"product_tag-sabana-de-la-mar","27":"first","28":"instock","29":"sale","30":"sold-individually","31":"shipping-taxable","32":"product-type-external"},"_links":{"self":[{"href":"https:\/\/haitises.com\/nl\/wp-json\/wp\/v2\/product\/554","targetHints":{"allow":["GET"]}}],"collection":[{"href":"https:\/\/haitises.com\/nl\/wp-json\/wp\/v2\/product"}],"about":[{"href":"https:\/\/haitises.com\/nl\/wp-json\/wp\/v2\/types\/product"}],"wp:featuredmedia":[{"embeddable":true,"href":"https:\/\/haitises.com\/nl\/wp-json\/wp\/v2\/media\/81"}],"wp:attachment":[{"href":"https:\/\/haitises.com\/nl\/wp-json\/wp\/v2\/media?parent=554"}],"wp:term":[{"taxonomy":"product_brand","embeddable":true,"href":"https:\/\/haitises.com\/nl\/wp-json\/wp\/v2\/product_brand?post=554"},{"taxonomy":"product_cat","embeddable":true,"href":"https:\/\/haitises.com\/nl\/wp-json\/wp\/v2\/product_cat?post=554"},{"taxonomy":"product_tag","embeddable":true,"href":"https:\/\/haitises.com\/nl\/wp-json\/wp\/v2\/product_tag?post=554"}],"curies":[{"name":"wp","href":"https:\/\/api.w.org\/{rel}","templated":true}]}}