{"id":11416,"date":"2021-08-15T20:09:23","date_gmt":"2021-08-15T20:09:23","guid":{"rendered":"http:\/\/haitises.com\/?post_type=product&#038;p=11416"},"modified":"2024-04-02T19:34:17","modified_gmt":"2024-04-02T19:34:17","slug":"los-haitises-kayaking-boat-trip-caves-and-swimming-at-private-beach-all-in-one","status":"publish","type":"product","link":"https:\/\/haitises.com\/nl\/privaat\/los-haitises-kayaking-boat-trip-caves-and-swimming-at-private-beach-all-in-one\/","title":{"rendered":"Los Haitises Kajakken + boottocht + grotten en zwemmen op priv\u00e9strand (alles in \u00e9\u00e9n)."},"content":{"rendered":"<div class=\"vc_row wpb_row vc_row-fluid\" ><div class=\"wpb_column vc_column_container vc_col-sm-12\"><div class=\"vc_column-inner\"><div class=\"wpb_wrapper\">\n\t<div class=\"wpb_text_column wpb_content_element\" >\n\t\t<div class=\"wpb_wrapper\">\n\t\t\t<h4><b><i>Overzicht <\/i><\/b><\/h4>\n<p><span style=\"font-weight: 400;\">Escape the city to immerse yourself in the ecotourism of the province of Hato Mayor, the first ecotourism province of the Dominican Republic. Come with us and enjoy the fresh waters of one of the unexplored beaches of Los Haitises, where San Lorenzo Bay is located. The place is accessible by boat, surrounded by rainforest and mangrove forest. While you are navigating you will get in contact with nature and the unforgettable landscape of this national park. This tour will be a mix of kayaking, boating, visiting one cave, and swimming in one of the most important national parks of the country, here is the majority of the Biodiversity of the island, and the second-largest mangrove forest with more than 98 km2.\u00a0<\/span><\/p>\n<p>&nbsp;<\/p>\n<p><span style=\"font-weight: 400;\">Our local and expert staff will make sure you really get to know the Tainos culture, their history in Los Haitises, and their connection with nature. This tour is in ecotourism mode where the community gets to play a very important role, they are guides, captain boats, and drivers.<\/span><\/p>\n<p>&nbsp;<\/p>\n<p><span style=\"font-weight: 400;\">Booking Adventure&#8217;s priority is to make sure you get the best of the best, from the moment you buy the ticket until you finish your trip. Our tours are focused on environmental education, adventure, and local history and during this trip, you\u2019ll get to see a little bit of everything.\u00a0<\/span><\/p>\n<h3><span style=\"font-weight: 400;\">Insluitsels en uitsluitingen<\/span><\/h3>\n<h6><strong>Insluitsels<\/strong><\/h6>\n<ul>\n<li><span style=\"font-weight: 400;\">Boat and Captain\u00a0<\/span><\/li>\n<li><span style=\"font-weight: 400;\">Kayaks\u00a0<\/span><\/li>\n<li><span style=\"font-weight: 400;\">Snacks, (water, fruits, Sandwiches, and soda)<\/span><\/li>\n<li><span style=\"font-weight: 400;\">All taxes, fees, and handling charges<\/span><\/li>\n<li><span style=\"font-weight: 400;\">Lokale belastingen<\/span><\/li>\n<li><span style=\"font-weight: 400;\">Ambtenaren Ecologische gidsen Engels\/Spaans<\/span><\/li>\n<li><span style=\"font-weight: 400;\">Swimming Natural Pools and unexplored Beach\u00a0<\/span><\/li>\n<li><span style=\"font-weight: 400;\">One Cave\u00a0<\/span><\/li>\n<\/ul>\n<p>&nbsp;<\/p>\n<h6><strong>Uitsluitingen<\/strong><\/h6>\n<p>&nbsp;<\/p>\n<ul>\n<li><span style=\"font-weight: 400;\">Fooien<\/span><\/li>\n<li><span style=\"font-weight: 400;\">Drank<\/span><\/li>\n<li><span style=\"font-weight: 400;\">Overdracht\u00a0<\/span><\/li>\n<\/ul>\n<p><span style=\"font-weight: 400;\">\u00a0<\/span><\/p>\n<h6><strong>Vertrek &amp; Terugkeer<\/strong><\/h6>\n<p>&nbsp;<\/p>\n<p><span style=\"font-weight: 400;\">The tour, organized by \u201cBooking Adventures\u201d starts at the meeting point set with the Tour Guide or Staff member. The traveler will get a meeting point after the Reservation Process. Tours start and Finish at our meeting points.<\/span><\/p>\n<h2>Los Haitises Kayaking + Boat Trip + Caves and Swimming Beach ( All in One).<\/h2>\n<p><span style=\"font-weight: 400;\">Wat te verwachten?<\/span><\/p>\n<p>&nbsp;<\/p>\n<p><span style=\"font-weight: 400;\">Get your ticket for the Eco-Adventure Tour Los Haitises National Park All In One\u00a0<\/span><\/p>\n<p>&nbsp;<\/p>\n<p><span style=\"font-weight: 400;\">This Excursion starts from a meeting point you must confirm with our travel Agents or your Tour Guide before heading to any location. Once you meet your guide you\u2019ll have a debrief of the tour and everything related to your day.<\/span><\/p>\n<p>&nbsp;<\/p>\n<p><span style=\"font-weight: 400;\">When everyone is ready and we pick up the kayaks we will head to the first location which is Playita Las Almejas where natural pools are, while we navigate through the mangrove forest and coat of San Lorenzo Bay we will share with you stories about Los Haitises, Geology and go over the mangroves species with having around San Lorenzo Bay.\u00a0<\/span><\/p>\n<p>&nbsp;<\/p>\n<p><span style=\"font-weight: 400;\">As we arrive at the first location you should get your swimsuit ready to go on your kayak and paddle to the Cave of the line with your tour guide, the rest of the staff will wait for you until you finish the first part of the activity.<\/span><\/p>\n<p>&nbsp;<\/p>\n<p><span style=\"font-weight: 400;\">During this part of your trip, you will be able to go around the Old Las Perlas Port which is one of the first structures built by Europeans in the area, about 1866, and this was connected with a train line that was the transportation for the coffee, bananas and everything this group of European was farming in what is today Los Haitises.\u00a0<\/span><\/p>\n<p>&nbsp;<\/p>\n<p><span style=\"font-weight: 400;\">In the cave you will visit there are more than 1200 pictographs painted by the Tainos, this was a way to express themselves, and today these pieces of art tell us stories we never thought we would find nowadays. When you finish here we will head back to Playa de las Almejas for snacks and swimming time.\u00a0<\/span><\/p>\n<p>&nbsp;<\/p>\n<p><span style=\"font-weight: 400;\">After swimming at the natural pool we are going to go back to the main port in Cano Hondo area, this is a 5 hours tour that gives you the opportunity to oversee most of Sabana de la Mar and Los Haitises National Park,\u00a0 this excursion ends in the same place as it started.<\/span><\/p>\n<p>&nbsp;<\/p>\n<p><span style=\"font-weight: 400;\">Note: These tours are with Officials Ecologist tour guides. Please Book with time because in the park there are not too many specialists.<\/span><\/p>\n<p>&nbsp;<\/p>\n<h6><strong>What should you bring?<\/strong><\/h6>\n<ul>\n<li style=\"font-weight: 400;\" aria-level=\"1\"><span style=\"font-weight: 400;\">camera<\/span><\/li>\n<li style=\"font-weight: 400;\" aria-level=\"1\"><span style=\"font-weight: 400;\">Bug Spray\u00a0<\/span><\/li>\n<li style=\"font-weight: 400;\" aria-level=\"1\"><span style=\"font-weight: 400;\">zonnecreme<\/span><\/li>\n<li style=\"font-weight: 400;\" aria-level=\"1\"><span style=\"font-weight: 400;\">Comfortabele broek<\/span><\/li>\n<li style=\"font-weight: 400;\" aria-level=\"1\"><span style=\"font-weight: 400;\">Running Shoes<\/span><\/li>\n<li style=\"font-weight: 400;\" aria-level=\"1\"><span style=\"font-weight: 400;\">Rain Jacket\u00a0<\/span><\/li>\n<li style=\"font-weight: 400;\" aria-level=\"1\"><span style=\"font-weight: 400;\">Swimsuit\u00a0<\/span><\/li>\n<li style=\"font-weight: 400;\" aria-level=\"1\"><span style=\"font-weight: 400;\">Towel\u00a0<\/span><\/li>\n<\/ul>\n<h4><b><i>Ophaalservice bij hotel <\/i><\/b><\/h4>\n<p><span style=\"font-weight: 400;\">Ophaalservice bij het hotel wordt niet aangeboden voor deze tour. Alleen als u in het Cano Hondo Hotel of hotels in de regio Sabana de la Mar bent.<\/span><\/p>\n<p><b>Opmerking:<\/b><span style=\"font-weight: 400;\"> Als u binnen 24 uur na de vertrektijd van de tour\/excursie boekt, kunnen we tegen extra kosten het ophalen van uw hotel vanaf elke plaats in de Dominicaanse Republiek regelen. Zodra uw aankoop is voltooid, sturen wij u de volledige contactgegevens (telefoonnummer, e-mailadres, enz.) zodat onze lokale gids de ophaalregeling kan regelen.<\/span><\/p>\n<h4><b><i>Bevestiging van aanvullende informatie <\/i><\/b><\/h4>\n<ol>\n<li>Tickets zijn het ontvangstbewijs na betaling van deze tour. U kunt de betaling op uw telefoon laten zien.<\/li>\n<li style=\"font-weight: 400;\"><span style=\"font-weight: 400;\">Ontmoetingspunt wordt ontvangen na het reserveringsproces.<\/span><\/li>\n<li style=\"font-weight: 400;\"><span style=\"font-weight: 400;\">Kinderen moeten worden begeleid door een volwassene.<\/span><\/li>\n<li style=\"font-weight: 400;\"><span style=\"font-weight: 400;\"> Niet rolstoeltoegankelijk <\/span><\/li>\n<li style=\"font-weight: 400;\"><span style=\"font-weight: 400;\">Baby&#039;s moeten op schoot zitten <\/span><\/li>\n<li style=\"font-weight: 400;\"><span style=\"font-weight: 400;\">Niet aanbevolen voor reizigers met rugklachten<\/span><\/li>\n<li style=\"font-weight: 400;\"><span style=\"font-weight: 400;\">Niet aanbevolen voor zwangere reizigers <\/span><\/li>\n<li style=\"font-weight: 400;\"><span style=\"font-weight: 400;\"> Geen hartproblemen of andere ernstige medische aandoeningen <\/span><\/li>\n<li style=\"font-weight: 400;\"><span style=\"font-weight: 400;\">De meeste reizigers kunnen meedoen<\/span><\/li>\n<\/ol>\n<h4><b><i>Annuleringsbeleid<\/i><\/b><\/h4>\n<p><span style=\"font-weight: 400;\">For a full refund, cancel at least 24 hours in advance of the start date of the experience. Funds will be lost if the reservation is canceled the same day of the trip.<\/span><\/p>\n\n\t\t<\/div>\n\t<\/div>\n[mkdf_section_title title_tag=\u00bb\u00bb disable_break_words=\u00bbno\u00bb subtitle_tag=\u00bb\u00bb text_font_weight=\u00bb\u00bb title=\u00bbLos Haitises Kayaking + Boat Trip + Caves and Swimming Beach \u00bb subtitle=\u00bb( All in One )\u00bb text=\u00bbThis Experience Need a Minimum of 2 Participants. If you are not 2 please feel free to contact us!\u00bb]<\/div><\/div><\/div><\/div><div class=\"vc_row wpb_row vc_row-fluid\" ><div class=\"wpb_column vc_column_container vc_col-sm-12\"><div class=\"vc_column-inner\"><div class=\"wpb_wrapper\"><\/div><\/div><\/div><\/div><div class=\"vc_row wpb_row vc_row-fluid\" ><div class=\"wpb_column vc_column_container vc_col-sm-12\"><div class=\"vc_column-inner\"><div class=\"wpb_wrapper\"><div class=\"vc_empty_space\"   style=\"height: 32px\"><span class=\"vc_empty_space_inner\"><\/span><\/div>\n\t<div class=\"wpb_text_column wpb_content_element\" >\n\t\t<div class=\"wpb_wrapper\">\n\t\t\t<h4>Neem contact met ons op?<\/h4>\n<h5>Avonturen boeken<\/h5>\n<p><em><strong>Lokale bevolking<\/strong>\u00a0En\u00a0<strong>Onderdanen<\/strong>\u00a0Gidsen en gastenservices<\/em><\/p>\n<p><span class=\"text-turquoise\">Reserveringen:<\/span>\u00a0Tours &amp; excursies in Dom. Rep.<\/p>\n<p><img decoding=\"async\" class=\"emoji\" draggable=\"false\" src=\"https:\/\/s.w.org\/images\/core\/emoji\/11.2.0\/svg\/1f4de.svg\" alt=\"\ud83d\udcde\" title=\"\">\u00a0Telefoon\/Whatsapp\u00a0\u00a0<a href=\"tel:+1-809-720-6035\">+1-809-720-6035<\/a>.<\/p>\n<p><img decoding=\"async\" class=\"emoji\" draggable=\"false\" src=\"https:\/\/s.w.org\/images\/core\/emoji\/11.2.0\/svg\/1f4e9.svg\" alt=\"\ud83d\udce9\" title=\"\">\u00a0<a href=\"mailto:info@bookingadventures.com.do\">info@bookingadventures.com.do<\/a><\/p>\n<p><strong>We zijn flexibel met het instellen van priv\u00e9rondleidingen per WhatsApp:\u00a0<a href=\"tel:+18097206035\">+18097206035.<\/a><\/strong><\/p>\n\n\t\t<\/div>\n\t<\/div>\n<div class=\"vc_empty_space\"   style=\"height: 32px\"><span class=\"vc_empty_space_inner\"><\/span><\/div><\/div><\/div><\/div><\/div>","protected":false},"excerpt":{"rendered":"<p>Kayaking + Boat Trip + Caves and Swimming Beach ( All in One). Los Haitises National Park with a Local Tour guide from Sabana de la Mar. Visiting the Rain forest, Small Private Beach, Coconut, coffee, and Cacao areas. Learning about the original history from Los Haitises National Park.<\/p>\n<p>&nbsp;<\/p>\n<p><strong>Please Select the date for The Adventure All In One Trip:<\/strong><\/p>","protected":false},"featured_media":11435,"template":"","meta":[],"product_brand":[],"product_cat":[356,503,123,124],"product_tag":[341,206,129,130,412,413,221,414,415,152,153,198,133,416,215,217,417,223,114,418,148,143,419],"class_list":{"0":"post-11416","1":"product","2":"type-product","3":"status-publish","4":"has-post-thumbnail","6":"product_cat-day-trips","7":"product_cat-los-haitises-national-park","8":"product_cat-tours-excursions-los-haitises-national-park","9":"product_cat-tours-excursions-samana-bay-dominican-republic","10":"product_tag-cano-hondo-sabana-de-la-mar","11":"product_tag-caves-los-haitises","12":"product_tag-eco-tours","13":"product_tag-excursion","14":"product_tag-hike-kayak","15":"product_tag-hike-kayak-los-haitises-national-park","16":"product_tag-hiking-los-haitises","17":"product_tag-hiking-sabana-de-la-mar","18":"product_tag-hiking-samana","19":"product_tag-kayak-tour","20":"product_tag-kayaking","21":"product_tag-kayaking-los-haitises","22":"product_tag-los-haitises-national-park","23":"product_tag-los-haitises-national-park-entrance-fee","24":"product_tag-los-haitises-national-park-tour-from-las-terrenas","25":"product_tag-los-haitises-national-park-tour-from-santo-domingo","26":"product_tag-los-haitises-national-park-weather","27":"product_tag-los-haitises-sabana-de-la-mar","28":"product_tag-sabana-de-la-mar","29":"product_tag-sabana-de-la-mar-tour","30":"product_tag-samana-excursions","31":"product_tag-samana-tours","32":"product_tag-secrets-of-los-haitises","34":"first","35":"instock","36":"sale","37":"sold-individually","38":"shipping-taxable","39":"product-type-external"},"_links":{"self":[{"href":"https:\/\/haitises.com\/nl\/wp-json\/wp\/v2\/product\/11416","targetHints":{"allow":["GET"]}}],"collection":[{"href":"https:\/\/haitises.com\/nl\/wp-json\/wp\/v2\/product"}],"about":[{"href":"https:\/\/haitises.com\/nl\/wp-json\/wp\/v2\/types\/product"}],"wp:featuredmedia":[{"embeddable":true,"href":"https:\/\/haitises.com\/nl\/wp-json\/wp\/v2\/media\/11435"}],"wp:attachment":[{"href":"https:\/\/haitises.com\/nl\/wp-json\/wp\/v2\/media?parent=11416"}],"wp:term":[{"taxonomy":"product_brand","embeddable":true,"href":"https:\/\/haitises.com\/nl\/wp-json\/wp\/v2\/product_brand?post=11416"},{"taxonomy":"product_cat","embeddable":true,"href":"https:\/\/haitises.com\/nl\/wp-json\/wp\/v2\/product_cat?post=11416"},{"taxonomy":"product_tag","embeddable":true,"href":"https:\/\/haitises.com\/nl\/wp-json\/wp\/v2\/product_tag?post=11416"}],"curies":[{"name":"wp","href":"https:\/\/api.w.org\/{rel}","templated":true}]}}