{"id":610,"date":"2020-07-12T23:23:39","date_gmt":"2020-07-12T23:23:39","guid":{"rendered":"http:\/\/haitises.com\/?post_type=product&#038;p=610"},"modified":"2024-04-16T03:02:29","modified_gmt":"2024-04-16T03:02:29","slug":"\u0935\u094d\u0939\u0947\u0932-\u0939\u0947\u0930\u094d\u0926\u0948-\u092d\u094d\u0930\u092e\u0923-samana-cayo-levantado-bacardi-island","status":"publish","type":"product","link":"https:\/\/haitises.com\/ne\/\u0928\u093f\u091c\u0940\/\u0935\u094d\u0939\u0947\u0932-\u0939\u0947\u0930\u094d\u0926\u0948-\u092d\u094d\u0930\u092e\u0923-samana-cayo-levantado-bacardi-island\/","title":{"rendered":"Saman\u00e1 \u0935\u094d\u0939\u0947\u0932 \u0905\u0935\u0932\u094b\u0915\u0928 \u092d\u094d\u0930\u092e\u0923 + Cayo Levantado (Bacardi Island)\u0964"},"content":{"rendered":"<div class=\"vc_row wpb_row vc_row-fluid\" ><div class=\"wpb_column vc_column_container vc_col-sm-12\"><div class=\"vc_column-inner\"><div class=\"wpb_wrapper\">[mkdf_section_title title_tag=\u00bb\u00bb disable_break_words=\u00bbno\u00bb subtitle_tag=\u00bb\u00bb title=\u00bbObservaci\u00f3n de Ballenas en Saman\u00e1 + Cayo Levantado desde el puerto de Saman\u00e1\u00bb subtitle=\u00bbExcursi\u00f3n de Ballenas en la Bah\u00eda de Saman\u00e1\u00bb]<\/div><\/div><\/div><\/div><div class=\"vc_row wpb_row vc_row-fluid\" ><div class=\"wpb_column vc_column_container vc_col-sm-12\"><div class=\"vc_column-inner\"><div class=\"wpb_wrapper\">\n\t<div class=\"wpb_text_column wpb_content_element\" >\n\t\t<div class=\"wpb_wrapper\">\n\t\t\t<h2>Saman\u00e1 Whale Watching + Cayo Levantado (\u0938\u092c\u0948 \u091f\u093f\u0915\u091f \u092e\u0942\u0932\u094d\u092f\u092e\u093e \u0938\u092e\u093e\u0935\u0947\u0936 \u091b)<\/h2>\n<h3>\u0935\u093f\u0935\u0930\u0923<\/h3>\n<p>\u0938\u093e\u092e\u0928\u093e \u0916\u093e\u0921\u0940\u092e\u093e \u0939\u094d\u0935\u0947\u0932 \u0939\u0947\u0930\u094d\u0926\u0948 \u0938\u092e\u093e\u0928\u093e\u0915\u094b \u092c\u0928\u094d\u0926\u0930\u0917\u093e\u0939\u092c\u093e\u091f \u0938\u0941\u0930\u0941 \u092d\u090f\u0915\u094b \u092d\u094d\u0930\u092e\u0923\u0964 Saman\u00e1 \u0916\u093e\u0921\u0940\u092e\u093e \u092a\u0942\u0930\u093e \u0926\u093f\u0928 \u0935\u094d\u0939\u0947\u0932 \u0939\u0947\u0930\u094d\u0926\u0948 \u092d\u094d\u0930\u092e\u0923 \u0917\u0930\u094d\u0928\u0941\u0939\u094b\u0938\u094d \u0930 \u0910\u0924\u093f\u0939\u093e\u0938\u093f\u0915 \u091f\u093e\u092a\u0941 \u0915\u093e\u092f\u094b \u0932\u0947\u092d\u093e\u0928\u094d\u091f\u093e\u0921\u094b \u092d\u094d\u0930\u092e\u0923 \u0917\u0930\u094d\u0928\u0941\u0939\u094b\u0938\u094d, \u0938\u093e\u0925\u0948 \u0938\u092e\u0941\u0926\u094d\u0930 \u0924\u091f\u092e\u093e \u0916\u093e\u091c\u093e\u0964<\/p>\n<p>\u092a\u0939\u093f\u0932\u094b, \u0939\u093e\u092e\u0940 \u0939\u093e\u092e\u094d\u0930\u094b \u0915\u093e\u0930\u094d\u092f\u093e\u0932\u092f\u092e\u093e \u092d\u0947\u091f\u094d\u091b\u094c\u0902\u0964<\/p>\n<p>\u092d\u094d\u0930\u092e\u0923 \u0924\u094d\u092f\u0938\u092a\u091b\u093f \u092c\u093f\u0939\u093e\u0928 9:00 \u092c\u091c\u0947 \u0938\u0941\u0930\u0941 \u0939\u0941\u0928\u094d\u091b \u0930 \u0939\u093e\u092e\u094d\u0930\u094b \u0915\u094d\u092f\u093e\u091f\u093e\u092e\u0930\u0928 \u0935\u093e \u0921\u0941\u0919\u094d\u0917\u093e\u092e\u093e \u091a\u0922\u0947\u0930 \u0909\u0928\u0940\u0939\u0930\u0942\u0915\u094b \u0906\u092b\u094d\u0928\u0948 \u092c\u093e\u0938\u0938\u094d\u0925\u093e\u0928\u092e\u093e \u0939\u094d\u0935\u0947\u0932\u0939\u0930\u0942 \u092d\u0947\u091f\u094d\u0928 \u092c\u0947\u0932\u0941\u0915\u093e 5:00 \u092c\u091c\u0947 \u0938\u092e\u093e\u092a\u094d\u0924 \u0939\u0941\u0928\u094d\u091b\u0964<\/p>\n<p>\u092c\u093f\u0939\u093e\u0928 9:00 \u092c\u091c\u0947 \u0926\u0947\u0916\u093f 12:00 \u092c\u091c\u0947 \u0938\u092e\u094d\u092e \u0905\u092d\u092f\u093e\u0930\u0923\u094d\u092f \u0935\u0947\u0927\u0936\u093e\u0932\u093e\u092e\u093e \u0939\u094d\u0935\u0947\u0932 \u0939\u0947\u0930\u094d\u0926\u0948 \u0930 \u092f\u0938 \u092f\u093e\u0924\u094d\u0930\u093e \u092a\u091b\u093f \u0939\u093e\u092e\u0940 Bacardi Island \/ Cayo Levantado \u092d\u094d\u0930\u092e\u0923 \u0917\u0930\u094d\u0928\u0947\u091b\u094c\u0902\u0964 Bacardi \u0926\u094d\u0935\u0940\u092a \u092e\u093e, \u0935\u093f\u0936\u093f\u0937\u094d\u091f \u0921\u094b\u092e\u093f\u0928\u093f\u0915\u0928 \u0936\u0948\u0932\u0940 \u092c\u0941\u092b\u0947 \u0932\u0902\u091a \u092a\u094d\u0930\u0926\u093e\u0928 \u0917\u0930\u093f\u0928\u0947\u091b\u0964<\/p>\n<p>\u091c\u092c \u0916\u093e\u091c\u093e \u0938\u0915\u093f\u092f\u094b, \u0924\u092a\u093e\u0907\u0901\u0932\u093e\u0908 4:30 \u092c\u091c\u0947 \u0938\u092e\u094d\u092e \u092a\u094c\u0921\u0940 \u0916\u0947\u0932\u094d\u0928 \u0905\u0928\u0941\u092e\u0924\u093f \u0926\u093f\u0907\u0928\u094d\u091b \u092d\u094d\u0930\u092e\u0923 5:00 \u092c\u091c\u0947 \u0909\u0939\u0940 \u092a\u094b\u0930\u094d\u091f\u092e\u093e \u0938\u092e\u093e\u092a\u094d\u0924 \u0939\u0941\u0928\u0947\u091b \u091c\u0939\u093e\u0901 \u092f\u094b \u0938\u0941\u0930\u0941 \u0939\u0941\u0928\u094d\u091b\u0964<\/p>\n<p><strong>\u0928\u094b\u091f:<\/strong> \u092f\u094b \u092d\u094d\u0930\u092e\u0923 \u0928\u093f\u091c\u0940 \u0939\u094b\u0907\u0928\u0964 \u090f\u0915 \u0928\u093f\u091c\u0940 \u092d\u094d\u0930\u092e\u0923\u0915\u094b \u0932\u093e\u0917\u093f \u0935\u093e Cayo Levantado \u092c\u093f\u0928\u093e \u092e\u093e\u0924\u094d\u0930 \u0935\u094d\u0939\u0947\u0932 \u0939\u0947\u0930\u094d\u0926\u0948, \u0939\u093e\u092e\u0940\u0932\u093e\u0908 \u0938\u092e\u094d\u092a\u0930\u094d\u0915 \u0917\u0930\u094d\u0928\u0941\u0939\u094b\u0938\u094d\u0964<\/p>\n<ul>\n<li>\u0939\u094d\u0935\u0947\u0932 \u0939\u0947\u0930\u094d\u0926\u0948<\/li>\n<li>\u0935\u0947\u0927\u0936\u093e\u0932\u093e\u092e\u093e \u092a\u094d\u0930\u0935\u0947\u0936 \u091f\u093f\u0915\u091f\u0939\u0930\u0942<\/li>\n<li>\u0938\u092e\u0941\u0926\u094d\u0930 \u0924\u091f \u092e\u093e \u092c\u0941\u092b\u0947 \u0932\u0902\u091a \u0938\u092e\u093e\u0935\u0947\u0936 \u091b\u0964<\/li>\n<li>\u0921\u0941\u0919\u094d\u0917\u093e \u0938\u094d\u0925\u093e\u0928\u093e\u0928\u094d\u0924\u0930\u0923<\/li>\n<li>\u0915\u092a\u094d\u0924\u093e\u0928\u0932\u0947 \u0928\u093f\u0930\u094d\u0926\u0947\u0936\u0928 \u0930 \u092a\u0930\u094d\u092f\u0935\u0947\u0915\u094d\u0937\u0923 \u092a\u094d\u0930\u0926\u093e\u0928 \u0917\u0930\u094d\u0926\u091b\u0964<\/li>\n<li>\u091f\u0942\u0930 \u0917\u093e\u0907\u0921<\/li>\n<\/ul>\n<h3>\u0938\u092e\u093e\u0935\u0947\u0936 \u0930 \u092c\u0939\u093f\u0937\u094d\u0915\u0930\u0923<\/h3>\n<h4>\u0938\u092e\u093e\u0935\u0947\u0936\u0939\u0930\u0942<\/h4>\n<ol>\n<li>\u0938\u092e\u0941\u0926\u094d\u0930 \u0924\u091f \u092e\u093e \u092c\u0941\u092b\u0947 \u0932\u0902\u091a\u0964<\/li>\n<li>\u091f\u0942\u0930 \u0917\u093e\u0907\u0921<\/li>\n<li>Catamaran \u0935\u093e \u0921\u0941\u0919\u094d\u0917\u093e \u0938\u0935\u093e\u0930\u0940<\/li>\n<li>\u0938\u092c\u0948 \u0915\u0930, \u0936\u0941\u0932\u094d\u0915 \u0930 \u0939\u094d\u092f\u093e\u0928\u094d\u0921\u0932\u093f\u0902\u0917 \u0936\u0941\u0932\u094d\u0915\u0939\u0930\u0942<\/li>\n<li>\u0938\u094d\u0925\u093e\u0928\u0940\u092f \u0915\u0930<\/li>\n<li>\u092a\u0947\u092f\u0939\u0930\u0942<\/li>\n<\/ol>\n<h4>\u092c\u0939\u093f\u0937\u094d\u0915\u0930\u0923<\/h4>\n<ol>\n<li>\u0938\u0941\u091d\u093e\u0935\u0939\u0930\u0942<\/li>\n<li>\u0915\u093e\u0930 \u0938\u094d\u0925\u093e\u0928\u093e\u0928\u094d\u0924\u0930\u0923 \u0917\u0930\u094d\u0928\u0941\u0939\u094b\u0938\u094d<\/li>\n<li>\u092e\u093e\u0926\u0915 \u092a\u0947\u092f \u092a\u0926\u093e\u0930\u094d\u0925<\/li>\n<\/ol>\n<h3><em>\u092a\u094d\u0930\u0938\u094d\u0925\u093e\u0928 \u0930 \u092b\u093f\u0930\u094d\u0924\u093e<\/em><\/h3>\n<p>\u092c\u0941\u0915\u093f\u0902\u0917 \u092a\u094d\u0930\u0915\u094d\u0930\u093f\u092f\u093e \u092a\u091b\u093f \u092f\u093e\u0924\u094d\u0930\u0940\u0932\u0947 \u092c\u0948\u0920\u0915 \u092c\u093f\u0928\u094d\u0926\u0941 \u092a\u094d\u0930\u093e\u092a\u094d\u0924 \u0917\u0930\u094d\u0928\u0947\u091b\u0964 \u092d\u094d\u0930\u092e\u0923\u0939\u0930\u0942 \u0939\u093e\u092e\u094d\u0930\u094b \u092c\u0948\u0920\u0915 \u092c\u093f\u0928\u094d\u0926\u0941\u0939\u0930\u0942\u092e\u093e \u0938\u0941\u0930\u0941 \u0930 \u0905\u0928\u094d\u0924\u094d\u092f \u0939\u0941\u0928\u094d\u091b\u0964<\/p>\n<h3><em>\u0915\u0947 \u0906\u0936\u093e \u0917\u0930\u094d\u0928\u0941?<\/em><\/h3>\n<p>Saman\u00e1 \u0916\u093e\u0921\u0940\u092e\u093e \u0939\u094d\u0935\u0947\u0932 \u0939\u0947\u0930\u094d\u0928\u0947 \u0926\u093f\u0928 \u0930 \u090f\u0915 \u0905\u0926\u094d\u092d\u0941\u0924 \u0916\u093e\u091c\u093e \u0930 \u0938\u092e\u0941\u0926\u094d\u0930 \u0924\u091f \u0938\u092e\u092f\u0915\u094b \u0932\u093e\u0917\u093f \u0906\u092b\u094d\u0928\u094b \u091f\u093f\u0915\u091f\u0939\u0930\u0942 \u092a\u093e\u0909\u0928\u0941\u0939\u094b\u0938\u094d\u0964<\/p>\n<p>Los viajes de avistamiento de ballenas est\u00e1n organizados por \u00abBooking Adventures\u00bb que comienza en el punto de encuentro establecido con el gu\u00eda tur\u00edstico. Almuerza en la playa y puedes quedarte todo el tiempo que quieras nadando. Si eres vegano, tambi\u00e9n podemos prepararte algo de comida.<\/p>\n<p><strong>\u0924\u093e\u0932\u093f\u0915\u093e:<\/strong><\/p>\n<p>8:45 AM - 5:00 PM<\/p>\n<h3><em>\u0924\u092a\u093e\u0908\u0902\u0932\u0947 \u0915\u0947 \u0932\u094d\u092f\u093e\u0909\u0928\u0941 \u092a\u0930\u094d\u091b?<\/em><\/h3>\n<ol>\n<li>\u0915\u094d\u092f\u093e\u092e\u0947\u0930\u093e<\/li>\n<li>\u0935\u093f\u0915\u0930\u094d\u0937\u0915\u0939\u0930\u0942<\/li>\n<li>\u0938\u0928\u0938\u094d\u0915\u094d\u0930\u093f\u0928<\/li>\n<li>\u091f\u094b\u092a\u0940<\/li>\n<li>\u0906\u0930\u093e\u092e\u0926\u093e\u092f\u0915 \u092a\u094d\u092f\u093e\u0928\u094d\u091f<\/li>\n<li>\u0938\u092e\u0941\u0926\u094d\u0930 \u0924\u091f\u092e\u093e \u0938\u094d\u092f\u093e\u0928\u094d\u0921\u0932<\/li>\n<li>\u0938\u094d\u0935\u093f\u092e\u0938\u0942\u091f<\/li>\n<li>\u0938\u094d\u092e\u093e\u0930\u093f\u0915\u093e \u0932\u093e\u0917\u093f \u0928\u0917\u0926<\/li>\n<\/ol>\n<h3><em>\u0939\u094b\u091f\u0932 \u092a\u093f\u0915\u0905\u092a<\/em><\/h3>\n<p>\u092f\u0938 \u092d\u094d\u0930\u092e\u0923\u0915\u094b \u0932\u093e\u0917\u093f \u0939\u094b\u091f\u0932 \u092a\u093f\u0915\u0905\u092a \u092a\u094d\u0930\u0938\u094d\u0924\u093e\u0935 \u0917\u0930\u093f\u090f\u0915\u094b \u091b\u0948\u0928\u0964<\/p>\n<p><strong>\u0928\u094b\u091f:<\/strong> \u092f\u0926\u093f \u0924\u092a\u093e\u0908\u0902\u0932\u0947 \u092d\u094d\u0930\u092e\u0923\/\u092d\u094d\u0930\u092e\u0923 \u092a\u094d\u0930\u0938\u094d\u0925\u093e\u0928 \u0938\u092e\u092f\u0915\u094b 24 \u0918\u0923\u094d\u091f\u093e \u092d\u093f\u0924\u094d\u0930 \u092c\u0941\u0915 \u0917\u0930\u094d\u0928\u0941\u092d\u092f\u094b \u092d\u0928\u0947, \u0939\u093e\u092e\u0940 \u0905\u0924\u093f\u0930\u093f\u0915\u094d\u0924 \u0936\u0941\u0932\u094d\u0915 \u0938\u0939\u093f\u0924 \u0939\u094b\u091f\u0932 \u092a\u093f\u0915\u0905\u092a\u0915\u094b \u0935\u094d\u092f\u0935\u0938\u094d\u0925\u093e \u0917\u0930\u094d\u0928 \u0938\u0915\u094d\u091b\u094c\u0902\u0964 \u0924\u092a\u093e\u0908\u0902\u0915\u094b \u0916\u0930\u093f\u0926 \u092a\u0942\u0930\u093e \u092d\u090f\u092a\u091b\u093f, \u0939\u093e\u092e\u0940 \u0924\u092a\u093e\u0908\u0902\u0932\u093e\u0908 \u092a\u093f\u0915\u0905\u092a \u092a\u094d\u0930\u092c\u0928\u094d\u0927 \u092e\u093f\u0932\u093e\u0909\u0928 \u0939\u093e\u092e\u094d\u0930\u094b \u0938\u094d\u0925\u093e\u0928\u0940\u092f \u092d\u094d\u0930\u092e\u0923 \u0917\u093e\u0907\u0921\u0915\u094b \u0932\u093e\u0917\u093f \u092a\u0942\u0930\u094d\u0923 \u0938\u092e\u094d\u092a\u0930\u094d\u0915 \u091c\u093e\u0928\u0915\u093e\u0930\u0940 (\u092b\u094b\u0928 \u0928\u092e\u094d\u092c\u0930, \u0907\u092e\u0947\u0932 \u0920\u0947\u0917\u093e\u0928\u093e, \u0906\u0926\u093f) \u092a\u0920\u093e\u0909\u0928\u0947\u091b\u094c\u0902\u0964<\/p>\n<h3><em>\u0905\u0924\u093f\u0930\u093f\u0915\u094d\u0924 \u091c\u093e\u0928\u0915\u093e\u0930\u0940 \u0915\u094b \u092a\u0941\u0937\u094d\u091f\u093f<\/em><\/h3>\n<ul>\n<li>\u091f\u093f\u0915\u091f\u0939\u0930\u0942 \u092f\u0938 \u092d\u094d\u0930\u092e\u0923\u0915\u094b \u0932\u093e\u0917\u093f \u092d\u0941\u0915\u094d\u0924\u093e\u0928 \u0917\u0930\u0947\u092a\u091b\u093f\u0915\u094b \u0930\u0938\u093f\u0926 \u0939\u0941\u0928\u094d\u0964 \u0924\u092a\u093e\u0908\u0902\u0932\u0947 \u0906\u092b\u094d\u0928\u094b \u092b\u094b\u0928\u092e\u093e \u092d\u0941\u0915\u094d\u0924\u093e\u0928\u0940 \u0926\u0947\u0916\u093e\u0909\u0928 \u0938\u0915\u094d\u0928\u0941\u0939\u0941\u0928\u094d\u091b\u0964<\/li>\n<li>\u092c\u0948\u0920\u0915 \u092c\u093f\u0928\u094d\u0926\u0941 \u0906\u0930\u0915\u094d\u0937\u0923 \u092a\u094d\u0930\u0915\u094d\u0930\u093f\u092f\u093e \u092a\u091b\u093f \u092a\u094d\u0930\u093e\u092a\u094d\u0924 \u0939\u0941\u0928\u0947\u091b\u0964<\/li>\n<li>\u092c\u091a\u094d\u091a\u093e\u0939\u0930\u0941 \u090f\u0915 \u0935\u092f\u0938\u094d\u0915 \u0938\u0902\u0917 \u0939\u0941\u0928\u0941\u092a\u0930\u094d\u091b\u0964<\/li>\n<li>\u0935\u094d\u0939\u0940\u0932\u091a\u0947\u092f\u0930 \u092a\u0939\u0941\u0901\u091a\u092f\u094b\u0917\u094d\u092f<\/li>\n<li>\u0936\u093f\u0936\u0941\u0939\u0930\u0942\u0932\u093e\u0908 \u0915\u093e\u0916\u092e\u093e \u092c\u0938\u094d\u0928\u0941\u092a\u0930\u094d\u0926\u091b<\/li>\n<li>\u0905\u0927\u093f\u0915\u093e\u0902\u0936 \u092f\u093e\u0924\u094d\u0930\u0941\u0939\u0930\u0942\u0932\u0947 \u092d\u093e\u0917 \u0932\u093f\u0928 \u0938\u0915\u094d\u091b\u0928\u094d\u0964<\/li>\n<\/ul>\n<h3><em><strong>\u0930\u0926\u094d\u0926 \u0917\u0930\u094d\u0928\u0947 \u0928\u0940\u0924\u093f<\/strong><\/em><\/h3>\n<p>\u092a\u0942\u0930\u094d\u0923 \u092b\u093f\u0930\u094d\u0924\u093e\u0915\u094b \u0932\u093e\u0917\u093f, \u0905\u0928\u0941\u092d\u0935 \u0938\u0941\u0930\u0941 \u0939\u0941\u0928\u0947 \u092e\u093f\u0924\u093f \u092d\u0928\u094d\u0926\u093e \u0915\u092e\u094d\u0924\u093f\u092e\u093e 24 \u0918\u0923\u094d\u091f\u093e \u0905\u0918\u093f \u0930\u0926\u094d\u0926 \u0917\u0930\u094d\u0928\u0941\u0939\u094b\u0938\u094d\u0964<\/p>\n\n\t\t<\/div>\n\t<\/div>\n<\/div><\/div><\/div><\/div><div class=\"vc_row wpb_row vc_row-fluid\" ><div class=\"wpb_column vc_column_container vc_col-sm-12\"><div class=\"vc_column-inner\"><div class=\"wpb_wrapper\"><div class=\"vc_empty_space\"   style=\"height: 32px\"><span class=\"vc_empty_space_inner\"><\/span><\/div>\n\t<div class=\"wpb_video_widget wpb_content_element vc_clearfix   vc_video-aspect-ratio-169 vc_video-el-width-100 vc_video-align-left\" >\n\t\t<div class=\"wpb_wrapper\">\n\t\t\t\n\t\t\t<div class=\"wpb_video_wrapper\"><iframe loading=\"lazy\" title=\"\u0938\u092e\u093e\u0928\u093e \u092c\u0947 \u0921\u094b\u092e\u093f\u0928\u093f\u0915\u0928 \u0930\u093f\u092a\u092c\u094d\u0932\u093f\u0915 \u0939\u0947\u0930\u094d\u0926\u0948 \u0939\u094d\u0935\u0947\u0932\" src=\"https:\/\/player.vimeo.com\/video\/337838231?dnt=1&amp;app_id=122963\" width=\"1100\" height=\"619\" frameborder=\"0\" allow=\"autoplay; fullscreen\" allowfullscreen><\/iframe><\/div>\n\t\t<\/div>\n\t<\/div>\n<div class=\"vc_empty_space\"   style=\"height: 32px\"><span class=\"vc_empty_space_inner\"><\/span><\/div><\/div><\/div><\/div><\/div><div class=\"vc_row wpb_row vc_row-fluid\" ><div class=\"wpb_column vc_column_container vc_col-sm-12\"><div class=\"vc_column-inner\"><div class=\"wpb_wrapper\"><div class=\"vc_empty_space\"   style=\"height: 32px\"><span class=\"vc_empty_space_inner\"><\/span><\/div>\n\t<div class=\"wpb_text_column wpb_content_element\" >\n\t\t<div class=\"wpb_wrapper\">\n\t\t\t<h4>\u0939\u093e\u092e\u0940\u0932\u093e\u0908 \u0938\u092e\u094d\u092a\u0930\u094d\u0915 \u0917\u0930\u094d\u0928\u0941\u0939\u094b\u0938!<\/h4>\n<h5>\u0938\u093e\u0939\u0938\u093f\u0915 \u0930\u093f\u091c\u0930\u094d\u0935<\/h5>\n<p><em>\u091f\u0942\u0930 \u0917\u093e\u0907\u0921\u0939\u0930\u0942 <strong>\u0938\u094d\u0925\u093e\u0928\u093f\u092f<\/strong> \u0930 <strong>\u0930\u093e\u0937\u094d\u091f\u094d\u0930\u093f\u092f<\/strong> \u0930 \u0905\u0924\u093f\u0925\u093f \u0938\u0947\u0935\u093e\u0939\u0930\u0942<\/em><\/p>\n<p>\u0906\u0930\u0915\u094d\u0937\u0923\u0939\u0930\u0942: \u0921\u094b\u092e\u092e\u093e \u092d\u094d\u0930\u092e\u0923 \u0930 \u092d\u094d\u0930\u092e\u0923\u0939\u0930\u0942\u0964 \u092a\u094d\u0930\u0924\u093f\u0928\u093f\u0927\u093f\u0964<\/p>\n<p>Tel\/Whatsapp +1-809-720-6035\u0964<\/p>\n<p>info@bookingadventures.com.do<\/p>\n<p>\u0939\u093e\u092e\u0940 \u0932\u091a\u093f\u0932\u094b \u092c\u0928\u093e\u0909\u0901\u091b\u094c\u0902 \u0928\u093f\u091c\u0940 \u092d\u094d\u0930\u092e\u0923\u0939\u0930\u0942 \u0926\u094d\u0935\u093e\u0930\u093e <strong>\u0935\u094d\u0939\u093e\u091f\u094d\u0938\u090f\u092a:\u00a0<a href=\"tel:+18097206035\">+18097206035.<\/a><\/strong><\/p>\n\n\t\t<\/div>\n\t<\/div>\n<div class=\"vc_empty_space\"   style=\"height: 32px\"><span class=\"vc_empty_space_inner\"><\/span><\/div><\/div><\/div><\/div><\/div>","protected":false},"excerpt":{"rendered":"<p>Saman\u00e1 \u0939\u094d\u0935\u0947\u0932 \u0939\u0947\u0930\u094d\u0926\u0948 + \u0938\u094d\u0925\u093e\u0928\u0940\u092f \u092a\u094d\u0930\u0915\u0943\u0924\u093f\u0935\u093e\u0926\u0940 \u0917\u093e\u0907\u0921 \u0938\u0902\u0917 Saman\u00e1 \u092a\u094b\u0930\u094d\u091f \u0926\u0947\u0916\u093f Cayo Levantado \u092d\u094d\u0930\u092e\u0923\u0964 \u0905\u092d\u092f\u093e\u0930\u0923\u094d\u092f\u092e\u093e \u0939\u092e\u094d\u092a\u092c\u094d\u092f\u093e\u0915 \u0939\u094d\u0935\u0947\u0932\u0939\u0930\u0942 \u092d\u094d\u0930\u092e\u0923 \u0917\u0930\u094d\u0926\u0948 \u0930 \u0938\u093e\u092e\u0928\u093e \u0916\u093e\u0921\u0940\u092e\u093e \u0939\u094d\u0935\u0947\u0932 \u0939\u0947\u0930\u0947 \u092a\u091b\u093f, \u0916\u093e\u091c\u093e \u0930 \u0938\u092e\u0941\u0926\u094d\u0930 \u0924\u091f\u0915\u094b \u0938\u092e\u092f\u0915\u094b \u0932\u093e\u0917\u093f \u092c\u093e\u0915\u093e\u0930\u094d\u0921\u0940 \u091f\u093e\u092a\u0941\u092e\u093e \u091c\u093e\u0928\u0941\u0939\u094b\u0938\u094d\u0964<\/p>\n<p>\u092f\u094b \u092f\u093e\u0924\u094d\u0930\u093e \u092a\u091b\u093f, \u0939\u093e\u092e\u0940 \u0924\u092a\u093e\u0908\u0902\u0932\u093e\u0908 \u092c\u0948\u0920\u0915 \u092c\u093f\u0928\u094d\u0926\u0941\u092e\u093e \u092b\u093f\u0930\u094d\u0924\u093e \u0932\u0948\u091c\u093e\u0928\u094d\u091b\u094c\u0902 \u091c\u0939\u093e\u0901 \u0939\u093e\u092e\u0940\u0932\u0947 \u0938\u0941\u0930\u0941 \u0917\u0930\u0947\u0915\u093e \u091b\u094c\u0902\u0964<\/p>\n<p><strong>\u092f\u094b \u092d\u094d\u0930\u092e\u0923\u0915\u094b \u0932\u093e\u0917\u093f \u0909\u092a\u0932\u092c\u094d\u0927 \u0926\u093f\u0928\u0939\u0930\u0942 \u092e\u0927\u094d\u092f\u0947 \u090f\u0915 \u091b\u093e\u0928\u094d\u0928\u0941\u0939\u094b\u0938\u094d:<\/strong><\/p>","protected":false},"featured_media":254,"template":"","meta":[],"product_brand":[],"product_cat":[122,443,124,232],"product_tag":[137,139,233,225,147,148,143,234,235,236,237,238],"class_list":{"0":"post-610","1":"product","2":"type-product","3":"status-publish","4":"has-post-thumbnail","6":"product_cat-tours-and-excursions","7":"product_cat-tours-y-excursiones-es","8":"product_cat-tours-excursions-samana-bay-dominican-republic","9":"product_cat-whale-watching-samana","10":"product_tag-bacardi-island","11":"product_tag-cayo-levantado","12":"product_tag-las-galeras","13":"product_tag-las-terrenas","14":"product_tag-samana-bay","15":"product_tag-samana-excursions","16":"product_tag-samana-tours","17":"product_tag-whale-samana","18":"product_tag-whale-tours","19":"product_tag-whale-watching-dominican-republic","20":"product_tag-whale-watching-excursion","21":"product_tag-whale-watching-samana","23":"first","24":"instock","25":"sale","26":"sold-individually","27":"shipping-taxable","28":"product-type-external"},"_links":{"self":[{"href":"https:\/\/haitises.com\/ne\/wp-json\/wp\/v2\/product\/610","targetHints":{"allow":["GET"]}}],"collection":[{"href":"https:\/\/haitises.com\/ne\/wp-json\/wp\/v2\/product"}],"about":[{"href":"https:\/\/haitises.com\/ne\/wp-json\/wp\/v2\/types\/product"}],"wp:featuredmedia":[{"embeddable":true,"href":"https:\/\/haitises.com\/ne\/wp-json\/wp\/v2\/media\/254"}],"wp:attachment":[{"href":"https:\/\/haitises.com\/ne\/wp-json\/wp\/v2\/media?parent=610"}],"wp:term":[{"taxonomy":"product_brand","embeddable":true,"href":"https:\/\/haitises.com\/ne\/wp-json\/wp\/v2\/product_brand?post=610"},{"taxonomy":"product_cat","embeddable":true,"href":"https:\/\/haitises.com\/ne\/wp-json\/wp\/v2\/product_cat?post=610"},{"taxonomy":"product_tag","embeddable":true,"href":"https:\/\/haitises.com\/ne\/wp-json\/wp\/v2\/product_tag?post=610"}],"curies":[{"name":"wp","href":"https:\/\/api.w.org\/{rel}","templated":true}]}}