{"id":551,"date":"2020-06-19T20:10:32","date_gmt":"2020-06-19T20:10:32","guid":{"rendered":"http:\/\/haitises.com\/?post_type=product&#038;p=551"},"modified":"2023-10-14T21:50:12","modified_gmt":"2023-10-14T21:50:12","slug":"excursion-al-los-haitises-y-cano-hondo-desde-samana","status":"publish","type":"product","link":"https:\/\/haitises.com\/nb\/privat\/excursion-al-los-haitises-y-cano-hondo-desde-samana\/","title":{"rendered":"Utflukt til Los Haitises og Ca\u00f1o Hondo fra Saman\u00e1"},"content":{"rendered":"<div class=\"vc_row wpb_row vc_row-fluid\" ><div class=\"wpb_column vc_column_container vc_col-sm-12\"><div class=\"vc_column-inner\"><div class=\"wpb_wrapper\">[mkdf_section_title subtitle_tag=\u00bb\u00bb subtitle=\u00bbAlmuerzo y Nataci\u00f3n en Piscinas Naturales\u00bb]<\/div><\/div><\/div><\/div><div class=\"vc_row wpb_row vc_row-fluid\" ><div class=\"wpb_column vc_column_container vc_col-sm-12\"><div class=\"vc_column-inner\"><div class=\"wpb_wrapper\">\n\t<div class=\"wpb_text_column wpb_content_element\" >\n\t\t<div class=\"wpb_wrapper\">\n\t\t\t<h2>Los Haitises nasjonalpark + lunsj i Cano Hondo fra havnen i Saman\u00e1.<\/h2>\n<h3><em>Beskrivelse<\/em><\/h3>\n<p>Los Haitises nasjonalpark med start fra havnen i Saman\u00e1 pluss en herlig lunsj og sv\u00f8mming i naturlige kilder p\u00e5 Ca\u00f1o Hondo Ecolodge. Bli med oss og bes\u00f8k den vakreste nasjonalparken i Den dominikanske republikk, bes\u00f8k mangrover, grotter og San Lorenzo-bukten, i tillegg til \u00e5 krysse den vakre Saman\u00e1-bukten. Etter \u00e5 ha spist lunsj i Ca\u00f1o Hondo, vil du ha muligheten til \u00e5 sv\u00f8mme i de naturlige bassengene i noen timer og deretter returnere til havnen i Saman\u00e1.<\/p>\n<p>Etter denne opplevelsen kommer du tilbake til havnen i Saman\u00e1.<\/p>\n<ul>\n<li>Skatter inkludert<\/li>\n<li>Veilederen gir instruksjon og veiledning.<\/li>\n<\/ul>\n<h3>Inkluderinger og ekskluderinger<\/h3>\n<h4>Inkluderinger<\/h4>\n<ol>\n<li>Los Haitises-tur + grotter og piktografer<\/li>\n<li>Lunsj i Ca\u00f1o Hondo<\/li>\n<li>Sv\u00f8m i naturlige bassenger<\/li>\n<li>Alle skatter, avgifter og h\u00e5ndteringskostnader.<\/li>\n<li>Lokale skatter<\/li>\n<li>Drikkevarer<\/li>\n<li>Alle aktivitetene<\/li>\n<li>Lokal guide<\/li>\n<\/ol>\n<h4>Ekskluderinger<\/h4>\n<ol>\n<li>Tips<\/li>\n<li>Overf\u00f8re<\/li>\n<li>Alkoholholdige drikker<\/li>\n<\/ol>\n<h3><em>Avreise og retur<\/em><\/h3>\n<p>Den reisende vil f\u00e5 et m\u00f8tepunkt etter bestillingsprosessen. Turer begynner og slutter ved m\u00f8testedene v\u00e5re.<\/p>\n<h3><em>Hva \u00e5 forvente?<\/em><\/h3>\n<p>Skaff deg billetter til Los Haitises nasjonalpark med en herlig lunsj p\u00e5 Ca\u00f1o Hondo og sv\u00f8mming i de naturlige bassengene.<\/p>\n<p>Med start fra havnen i Saman\u00e1 ombord p\u00e5 en b\u00e5t eller katamaran med en lokal reiseleder, passerer vi bukten Saman\u00e1 ved siden av Sabana de la Mar for \u00e5 bes\u00f8ke en av de vakreste nasjonalparkene i Den dominikanske republikk.<\/p>\n<h5>Los Haitises nasjonalpark.<\/h5>\n<p>Bes\u00f8ker \u00f8ya med fugler rundt. I hekkesesongen kan vi til og med se pelikanunger i reirene. G\u00e5 dypere inn i de steinete \u00f8yene og bes\u00f8k hulene med piktogrammer og helleristninger av urbefolkningen.<\/p>\n<p>El recorrido, organizado por \u00abBooking Adventures\u00bb, comienza en el punto de encuentro establecido con el gu\u00eda tur\u00edstico. Ven con Booking Adventures y comienza a observar algunos manglares llenos de aves, colinas onduladas de exuberante vegetaci\u00f3n y cuevas del Parque Nacional Los Haitises.<\/p>\n<p>El nombre del parque nacional proviene de sus habitantes originales, los indios ta\u00ednos. En su idioma, \u00abHaitises\u00bb se traduce a tierras altas o colinas, una referencia a las empinadas formaciones geol\u00f3gicas de la costa con calizas. Avent\u00farate en el parque para explorar cuevas como la Cueva de la Arena y la Cueva de la L\u00ednea.<\/p>\n<p>Grottene i reservatet ble brukt som ly av Ta\u00edno-indianerne og senere av skjulte pirater. Se etter tegninger av indianere som dekorerer noen av veggene.<\/p>\n<p>Etter \u00e5 ha bes\u00f8kt Los Haitises nasjonalpark drar vi til Cano Hondo. I Cano Hondo vil du l\u00e6re om denne \u00f8kologiske historien og spise lunsj med den typiske maten til Sabana de la mar-samfunnet.<\/p>\n<p>Lunsjen blir deilig, men vi er ikke ferdige enn\u00e5. Etter lunsj vil vi sv\u00f8mme i de naturlige bassengene fra Jibales-elven, en elv til Ca\u00f1o Hondo-elven. Ved \u00e5 bo i Ca\u00f1o Hondo til kl. 16.00 og returnere til havnen i Saman\u00e1, passerer vi gjennom mangrovene igjen og kommer til den \u00e5pne bukten San Lorenzo, hvorfra du kan fotografere det forrevne skoglandskapet. Se ut i vannet for \u00e5 se sj\u00f8kuer, krepsdyr og delfiner.<\/p>\n<p>Inntil \u00f8yeblikket vil du sl\u00e5 deg ned med reiselederen og etter dette g\u00e5 til havnen i Cano Hondo og ta en b\u00e5t tilbake til havnen i Saman\u00e1 passerer Saman\u00e1-bukten 30 minutter.<\/p>\n<p>Hvis du liker denne turen mer, har vi disse alternativene:<\/p>\n<p>Los Haitises + Cayo Levantado fra havnen i Saman\u00e1.<\/p>\n<h3><em>Hva b\u00f8r du ta med?<\/em><\/h3>\n<ul>\n<li>Kamera<\/li>\n<li>Avst\u00f8tende midler<\/li>\n<li>solkrem<\/li>\n<li>Hatt<\/li>\n<li>Komfortable bukser<\/li>\n<li>Skog tursko<\/li>\n<li>Sandaler til v\u00e5romr\u00e5der.<\/li>\n<li>Badedrakt<\/li>\n<\/ul>\n<h3><em>Hotellhenting<\/em><\/h3>\n<p>Hotellhenting tilbys ikke for denne turen.<\/p>\n<p><strong>Merk:<\/strong> Hvis du bestiller innen 24 timer etter turens\/utfluktens avgangstid, kan vi ordne hotellhenting mot ekstra kostnader. N\u00e5r kj\u00f8pet er fullf\u00f8rt, vil vi sende deg fullstendig kontaktinformasjon (telefonnummer, e-postadresse osv.) slik at v\u00e5r lokale reiseguide kan arrangere henting.<\/p>\n<h3>Bekreftelse av tilleggsinformasjon<\/h3>\n<ol>\n<li>Billettene er kvitteringen etter betaling for denne turen. Du kan vise betalingen p\u00e5 telefonen.<\/li>\n<li>M\u00f8tepunktet vil bli mottatt etter reservasjonsprosessen.<\/li>\n<li>Barn m\u00e5 v\u00e6re i f\u00f8lge med en voksen.<\/li>\n<li>Ikke tilgjengelig for rullestolbrukere<\/li>\n<li>Spedbarn b\u00f8r sitte i spedbarnseter eller sammen med en voksen<\/li>\n<li>Anbefales ikke for reisende med ryggproblemer.<\/li>\n<li>Anbefales ikke for gravide.<\/li>\n<li>Ingen hjerteproblemer eller andre alvorlige medisinske tilstander.<\/li>\n<li>De fleste reisende kan delta.<\/li>\n<\/ol>\n<h3><em>Avbestillingsregler<\/em><\/h3>\n<p>For full refusjon m\u00e5 du avbestille minst 24 timer f\u00f8r opplevelsens startdato.<\/p>\n\n\t\t<\/div>\n\t<\/div>\n<\/div><\/div><\/div><\/div><div class=\"vc_row wpb_row vc_row-fluid\" ><div class=\"wpb_column vc_column_container vc_col-sm-12\"><div class=\"vc_column-inner\"><div class=\"wpb_wrapper\"><div class=\"vc_empty_space\"   style=\"height: 32px\"><span class=\"vc_empty_space_inner\"><\/span><\/div>\n\t<div class=\"wpb_video_widget wpb_content_element vc_clearfix   vc_video-aspect-ratio-169 vc_video-el-width-100 vc_video-align-left\" >\n\t\t<div class=\"wpb_wrapper\">\n\t\t\t\n\t\t\t<div class=\"wpb_video_wrapper\"><iframe loading=\"lazy\" title=\"Los Haitises nasjonalpark, turer og utflukter fra Samana eller Sabana de la Mar. Bestill her:\" src=\"https:\/\/player.vimeo.com\/video\/346508015?dnt=1&amp;app_id=122963\" width=\"1100\" height=\"619\" frameborder=\"0\" allow=\"autoplay; fullscreen\" allowfullscreen><\/iframe><\/div>\n\t\t<\/div>\n\t<\/div>\n<\/div><\/div><\/div><\/div><div class=\"vc_row wpb_row vc_row-fluid\" ><div class=\"wpb_column vc_column_container vc_col-sm-12\"><div class=\"vc_column-inner\"><div class=\"wpb_wrapper\"><div class=\"vc_empty_space\"   style=\"height: 32px\"><span class=\"vc_empty_space_inner\"><\/span><\/div>\n\t<div class=\"wpb_text_column wpb_content_element\" >\n\t\t<div class=\"wpb_wrapper\">\n\t\t\t<h4>Kontakt oss?<\/h4>\n<h5>Eventyrreservasjoner<\/h5>\n<p><em>Turledere<\/em> <em><strong>lokale<\/strong><\/em> og <strong><em>nasjonal<\/em><\/strong> &amp;<em>\u00a0gjestetjenester<\/em><\/p>\n<p>Reservasjoner: Turer og utflukter i Dom. Rep.<\/p>\n<p>Tlf\/Whatsapp +1-809-720-6035.<\/p>\n<p>info@bookingadventures.com.do<\/p>\n<p>Vi er private turer med fleksibel konfigurasjon av Whatsapp: +18097206035.<\/p>\n\n\t\t<\/div>\n\t<\/div>\n<div class=\"vc_empty_space\"   style=\"height: 32px\"><span class=\"vc_empty_space_inner\"><\/span><\/div><\/div><\/div><\/div><\/div>","protected":false},"excerpt":{"rendered":"<p><strong>Vennligst velg dato for turen\u00a0<\/strong><\/p>","protected":false},"featured_media":104,"template":"","meta":[],"product_brand":[],"product_cat":[119,96,144,98,135,121,99,122,443,123,124],"product_tag":[126,127,128,145,132,133,146,147,148,143],"class_list":{"0":"post-551","1":"product","2":"type-product","3":"status-publish","4":"has-post-thumbnail","6":"product_cat-caves","7":"product_cat-hiking","8":"product_cat-kayaking","9":"product_cat-local-tour-guides","10":"product_cat-lunch","11":"product_cat-mangroves","12":"product_cat-swimming-natural-springs","13":"product_cat-tours-and-excursions","14":"product_cat-tours-y-excursiones-es","15":"product_cat-tours-excursions-los-haitises-national-park","16":"product_cat-tours-excursions-samana-bay-dominican-republic","17":"product_tag-cano-hondo","18":"product_tag-cano-hondo-hotel","19":"product_tag-cano-hondo-tours","20":"product_tag-day-tour-cano-hondo","21":"product_tag-los-haitises","22":"product_tag-los-haitises-national-park","23":"product_tag-mangroves-los-haitises","24":"product_tag-samana-bay","25":"product_tag-samana-excursions","26":"product_tag-samana-tours","28":"first","29":"instock","30":"sale","31":"sold-individually","32":"shipping-taxable","33":"product-type-external"},"_links":{"self":[{"href":"https:\/\/haitises.com\/nb\/wp-json\/wp\/v2\/product\/551","targetHints":{"allow":["GET"]}}],"collection":[{"href":"https:\/\/haitises.com\/nb\/wp-json\/wp\/v2\/product"}],"about":[{"href":"https:\/\/haitises.com\/nb\/wp-json\/wp\/v2\/types\/product"}],"wp:featuredmedia":[{"embeddable":true,"href":"https:\/\/haitises.com\/nb\/wp-json\/wp\/v2\/media\/104"}],"wp:attachment":[{"href":"https:\/\/haitises.com\/nb\/wp-json\/wp\/v2\/media?parent=551"}],"wp:term":[{"taxonomy":"product_brand","embeddable":true,"href":"https:\/\/haitises.com\/nb\/wp-json\/wp\/v2\/product_brand?post=551"},{"taxonomy":"product_cat","embeddable":true,"href":"https:\/\/haitises.com\/nb\/wp-json\/wp\/v2\/product_cat?post=551"},{"taxonomy":"product_tag","embeddable":true,"href":"https:\/\/haitises.com\/nb\/wp-json\/wp\/v2\/product_tag?post=551"}],"curies":[{"name":"wp","href":"https:\/\/api.w.org\/{rel}","templated":true}]}}