{"id":268,"date":"2020-06-14T12:01:01","date_gmt":"2020-06-14T12:01:01","guid":{"rendered":"http:\/\/haitises.com\/product\/import-placeholder-for-9913\/"},"modified":"2024-04-19T19:19:17","modified_gmt":"2024-04-19T19:19:17","slug":"samana-whale-watching-from-las-terrenas-hotels-half-day-trip-for-whale-watching","status":"publish","type":"product","link":"https:\/\/haitises.com\/nb\/privat\/samana-whale-watching-from-las-terrenas-hotels-half-day-trip-for-whale-watching\/","title":{"rendered":"Saman\u00e1 Whale Watching From Las Terrenas Hotels. Half Day Trip For Whale Watching."},"content":{"rendered":"<div class=\"vc_row wpb_row vc_row-fluid\" ><div class=\"wpb_column vc_column_container vc_col-sm-12\"><div class=\"vc_column-inner\"><div class=\"wpb_wrapper\">[mkdf_section_title title_tag=\u00bb\u00bb disable_break_words=\u00bbno\u00bb subtitle_tag=\u00bb\u00bb title=\u00bbWhale Watching 2020 in Las Terrenas to Samana Bay\u00bb subtitle=\u00bbSamana Whale Watching From Las Terrenas Hotels. Half Day Trip For Whale watching. \u00ab]<\/div><\/div><\/div><\/div><div class=\"vc_row wpb_row vc_row-fluid\" ><div class=\"wpb_column vc_column_container vc_col-sm-12\"><div class=\"vc_column-inner\"><div class=\"wpb_wrapper\">\n\t<div class=\"wpb_text_column wpb_content_element\" >\n\t\t<div class=\"wpb_wrapper\">\n\t\t\t<div class=\"vc_row wpb_row vc_row-fluid\">\n<div class=\"wpb_column vc_column_container vc_col-sm-12\">\n<div class=\"vc_column-inner\">\n<div class=\"wpb_wrapper\">\n<div class=\"wpb_text_column wpb_content_element\">\n<div class=\"wpb_wrapper\">\n<div class=\"vc_row wpb_row vc_row-fluid\">\n<div class=\"wpb_column vc_column_container vc_col-sm-12\">\n<div class=\"vc_column-inner\">\n<div class=\"wpb_wrapper\">\n<div class=\"wpb_text_column wpb_content_element\">\n<div class=\"wpb_wrapper\">\n<h4><b><i>Oversikt<img decoding=\"async\" class=\"emoji\" draggable=\"false\" src=\"https:\/\/s.w.org\/images\/core\/emoji\/12.0.0-1\/svg\/1f433.svg\" alt=\"\ud83d\udc33\" title=\"\"><\/i><\/b><\/h4>\n<p>Whale Las Terrenas, whale watching in Saman\u00e1 Bay from Las Terrenas\u00a0 hotels half day Trip. Travel to Saman\u00e1 bay aboard a comfortable, air-conditioned coach, then transfer to a boat. Cruise out into the open waters to look for the pods of humpback whales who visit to breed and have their calves in the area. Learn about the behavior and biology of these marine mammals from your expert naturalist guide.\u00a0 After this half day trip we get back to the meeting point in Las Terrenas.<\/p>\n<p>&nbsp;<\/p>\n<p><strong>Merk:<\/strong> This tour is not Private.<\/p>\n<ul>\n<li>Hvalsafari<\/li>\n<li>Inngangsavgift til observatoriet<\/li>\n<li>Samana Safari<\/li>\n<li>B\u00e5ttransport<\/li>\n<li>Kapteinen s\u00f8rger for instruksjon og tilsyn<\/li>\n<li>Reiseleder<\/li>\n<\/ul>\n<p>&nbsp;<\/p>\n<h4><b>Inkluderinger og ekskluderinger<\/b><\/h4>\n<p>&nbsp;<\/p>\n<p><b>Inkluderinger<\/b><\/p>\n<p>&nbsp;<\/p>\n<ol>\n<li>Buffet lunch<\/li>\n<li>Transfer From Hotels<\/li>\n<li>Reiseleder<\/li>\n<li>Boat Trip<\/li>\n<li>Alle skatter, avgifter og h\u00e5ndteringskostnader<\/li>\n<li>Lokale skatter<\/li>\n<li>Drikkevarer<\/li>\n<\/ol>\n<p><b>Ekskluderinger<\/b><\/p>\n<ol>\n<li>Drikkepenger<\/li>\n<\/ol>\n<p>&nbsp;<\/p>\n<h4><em><strong>Avreise og retur<\/strong><\/em><\/h4>\n<p>The traveler will get a meeting point after the Reservation Process. Tours start and Finish in our meeting points.<\/p>\n<p>&nbsp;<\/p>\n<h3>Samana Whale Watching From Las Terrenas Hotels. Half Day Trip For Whale watching.<\/h3>\n<h4><b><i>Hva \u00e5 forvente?<\/i><\/b><\/h4>\n<p>The Humpback whales come to the Bay of Samana to give birth and to mate. Whale watching is permitted from 15 of January to 15 March only. Measuring some 12 meters and weighing 40 tons the whales offer an unforgettable sight for your awestruck eyes. Don&#8217;t miss the chance to hear the powerful sound as this magnificent mammal as it spouts out the air. Watch as the males launch themselves out of the water in an effort to impress the \u00abladies\u00bb as the mating ritual.<\/p>\n<p>It is so exciting to see the newly born calves clinging to their mothers who in turn spend their whole time caressing and playing with them. Our tour guide is specialized in marine mammals and will amaze you with his knowledge and help you interpret each movement the whales make.<\/p>\n<p>From 9:00 Am until 12:00-noon Whale watching observatory and After this Whale trip we will have lunch.Tour will be finished at 1:30 pm at the same port from where it will start. After this we will get back to Las Terrenas.<\/p>\n<p><strong>Tidsplan:<\/strong><\/p>\n<p>8:00 AM \u2013 1:30 PM<\/p>\n<p>&nbsp;<\/p>\n<h4><em><strong>Hva b\u00f8r du ta med?<\/strong><\/em><\/h4>\n<ul>\n<li>kamera<\/li>\n<li>Avvisende knopper<\/li>\n<li>solkrem<\/li>\n<li>Hatt<\/li>\n<li>Komfortable bukser<\/li>\n<li>Sandaler til stranden<\/li>\n<li>Badet\u00f8y<\/li>\n<li>Cash for souvenirs and tips<\/li>\n<\/ul>\n<p>&nbsp;<\/p>\n<h4><b><i>Hotellhenting<\/i><\/b><\/h4>\n<p>Hotel pick-up is offered for this tour. Just in Las Terrenas.<\/p>\n<p><b>Merk:<\/b> if you are booking within 24 hours of the tour\/Excursion departure time, we can arrangements hotel pick-up. Once your purchase is complete, we will send you complete contact information (phone number, email address, etc.) for our local Tour guide to organize pick-up arrangements.<\/p>\n<h4><b><i>Bekreftelse av tilleggsinformasjon<\/i><\/b><\/h4>\n<ol>\n<li>Billetter er kvitteringen etter \u00e5 ha betalt denne turen. Du kan vise betalingen p\u00e5 telefonen.<\/li>\n<li>M\u00f8tepunkt vil bli mottatt etter reservasjonsprosessen.<\/li>\n<li>Barn m\u00e5 v\u00e6re i f\u00f8lge med en voksen.<\/li>\n<li>tilgjengelig for rullestolbrukere<\/li>\n<li>Spedbarn m\u00e5 sitte p\u00e5 fanget<\/li>\n<li>De fleste reisende kan delta<\/li>\n<\/ol>\n<h4><b><i>Avbestillingsregler<\/i><\/b><\/h4>\n<p>For full refusjon m\u00e5 du avbestille minst 24 timer f\u00f8r startdatoen for opplevelsen.<\/p>\n<\/div>\n<\/div>\n<\/div>\n<\/div>\n<\/div>\n<\/div>\n<\/div>\n<\/div>\n<\/div>\n<\/div>\n<\/div>\n<\/div>\n<div class=\"vc_row wpb_row vc_row-fluid\">\n<div class=\"wpb_column vc_column_container vc_col-sm-12\">\n<div class=\"vc_column-inner\">\n<div class=\"wpb_wrapper\">\n<div class=\"vc_empty_space\"><\/div>\n<div class=\"wpb_text_column wpb_content_element\">\n<div class=\"wpb_wrapper\">\n<h4>Kontakt oss?<\/h4>\n<h5><b><i>TOUR WHALES SAMANA<\/i><\/b><\/h5>\n<p><em><strong>Lokalbefolkningen<\/strong>\u00a0og\u00a0<strong>Nationals<\/strong>\u00a0Turguider og gjestetjenester<\/em><\/p>\n<p><span class=\"text-turquoise\">Reservasjoner:<\/span>\u00a0Turer og utflukter i Dom. Rep.<\/p>\n<p><img decoding=\"async\" class=\"emoji\" draggable=\"false\" src=\"https:\/\/s.w.org\/images\/core\/emoji\/11.2.0\/svg\/1f4de.svg\" alt=\"\ud83d\udcde\" title=\"\">\u00a0Tlf\/Whatsapp\u00a0\u00a0<a href=\"tel:+1-809-720-6035\">+1-809-720-6035<\/a>.<\/p>\n<p><img decoding=\"async\" class=\"emoji\" draggable=\"false\" src=\"https:\/\/s.w.org\/images\/core\/emoji\/11.2.0\/svg\/1f4e9.svg\" alt=\"\ud83d\udce9\" title=\"\">\u00a0<a href=\"mailto:info@bookingadventures.com.do\">info@bookingadventures.com.do<\/a><\/p>\n<p><strong>Vi er fleksible med private turer av Whatsapp:\u00a0<a href=\"tel:+18097206035\">+18097206035.<\/a><\/strong><\/p>\n<\/div>\n<\/div>\n<\/div>\n<\/div>\n<\/div>\n<\/div>\n\n\t\t<\/div>\n\t<\/div>\n<\/div><\/div><\/div><\/div>","protected":false},"excerpt":{"rendered":"<p>From Las Terrenas hotels come with us to visit the humpbacks whales in the sanctuary in Samana Bay, Dominican Republic.\u00a0 Everyday Whale watching trips from las Terrenas in Samana. Contact us if you have any questions about whale watching trips in Samana bay from Las Terrenas.<\/p>\n<p>&nbsp;<\/p>\n<p><em><strong>Please Select the date for The Excursion:<\/strong><\/em><\/p>","protected":false},"featured_media":428,"template":"","meta":[],"product_brand":[],"product_cat":[120,232],"product_tag":[390,137,162,364,283,422,225,381,423,420,201,147,392,271,424,234,280,236,425],"class_list":{"0":"post-268","1":"product","2":"type-product","3":"status-publish","4":"has-post-thumbnail","6":"product_cat-fees-entrace","7":"product_cat-whale-watching-samana","8":"product_tag-390","9":"product_tag-bacardi-island","10":"product_tag-cayo-levantado-day-pass","11":"product_tag-cheap-punta-cana-excursions","12":"product_tag-el-limon-waterfall-and-bacardi-island-tour-from-punta-cana","13":"product_tag-half-day-whale-watching-las-terrenas","14":"product_tag-las-terrenas","15":"product_tag-las-terrenas-excursions","16":"product_tag-las-terrenas-whale-watching","17":"product_tag-limon-from-punta-cana","18":"product_tag-private-tours-samana","19":"product_tag-samana-bay","20":"product_tag-samana-day-trip","21":"product_tag-samana-whale-watching","22":"product_tag-whale-las-terrenas","23":"product_tag-whale-samana","24":"product_tag-whale-watching-2020","25":"product_tag-whale-watching-dominican-republic","26":"product_tag-whale-watching-trips-las-terrenas","28":"first","29":"instock","30":"sale","31":"sold-individually","32":"shipping-taxable","33":"product-type-external"},"_links":{"self":[{"href":"https:\/\/haitises.com\/nb\/wp-json\/wp\/v2\/product\/268","targetHints":{"allow":["GET"]}}],"collection":[{"href":"https:\/\/haitises.com\/nb\/wp-json\/wp\/v2\/product"}],"about":[{"href":"https:\/\/haitises.com\/nb\/wp-json\/wp\/v2\/types\/product"}],"wp:featuredmedia":[{"embeddable":true,"href":"https:\/\/haitises.com\/nb\/wp-json\/wp\/v2\/media\/428"}],"wp:attachment":[{"href":"https:\/\/haitises.com\/nb\/wp-json\/wp\/v2\/media?parent=268"}],"wp:term":[{"taxonomy":"product_brand","embeddable":true,"href":"https:\/\/haitises.com\/nb\/wp-json\/wp\/v2\/product_brand?post=268"},{"taxonomy":"product_cat","embeddable":true,"href":"https:\/\/haitises.com\/nb\/wp-json\/wp\/v2\/product_cat?post=268"},{"taxonomy":"product_tag","embeddable":true,"href":"https:\/\/haitises.com\/nb\/wp-json\/wp\/v2\/product_tag?post=268"}],"curies":[{"name":"wp","href":"https:\/\/api.w.org\/{rel}","templated":true}]}}