{"id":11634,"date":"2023-10-04T07:39:46","date_gmt":"2023-10-04T07:39:46","guid":{"rendered":"http:\/\/haitises.com\/?post_type=product&#038;p=11634"},"modified":"2024-04-01T21:24:20","modified_gmt":"2024-04-01T21:24:20","slug":"los-haitises-national-park-playa-el-rincon-beach-3","status":"publish","type":"product","link":"https:\/\/haitises.com\/nb\/privat\/los-haitises-national-park-playa-el-rincon-beach-3\/","title":{"rendered":"Los Haitises nasjonalpark + Playa el Rinc\u00f3n-stranden"},"content":{"rendered":"<div class=\"vc_row wpb_row vc_row-fluid\" ><div class=\"wpb_column vc_column_container vc_col-sm-12\"><div class=\"vc_column-inner\"><div class=\"wpb_wrapper\">[mkdf_section_title title_tag=\u00bb\u00bb disable_break_words=\u00bbno\u00bb subtitle_tag=\u00bb\u00bb title=\u00bbLos Haitises National Park + Playa el Rinc\u00f3n beach\u00bb subtitle=\u00bbCaves, Mangroves, Lunch &amp; Swimming at The Beach\u00bb]<div class=\"vc_btn3-container vc_btn3-inline\" ><button class=\"vc_general vc_btn3 vc_btn3-size-md vc_btn3-shape-rounded vc_btn3-style-modern vc_btn3-color-green\">BESTILL N\u00c5<\/button><\/div><\/div><\/div><\/div><\/div><div class=\"vc_row wpb_row vc_row-fluid\" ><div class=\"wpb_column vc_column_container vc_col-sm-12\"><div class=\"vc_column-inner\"><div class=\"wpb_wrapper\">\n\t<div class=\"wpb_text_column wpb_content_element\" >\n\t\t<div class=\"wpb_wrapper\">\n\t\t\t<h4><b><i>Oversikt <\/i><\/b><\/h4>\n<p>Los Haitises National Park and Playa El Rincon with Lunch on the beach. Come with us and visit the most beautiful national park of Dominican Republic, Visiting Mangroves, Caves and San Lorenzo Bay. After back to Samana port to take a\u00a0 private trip to Playa El Rincon Beach with Lunch on the Beach<\/p>\n<p>Etter denne opplevelsen vil du f\u00e5 tid p\u00e5 stranden pluss lokal lunsj p\u00e5 stranden.<\/p>\n<ul>\n<li style=\"font-weight: 400;\"><span style=\"font-weight: 400;\">Inkluderer lunsjbuff\u00e9 p\u00e5 stranden <\/span><\/li>\n<li style=\"font-weight: 400;\">Avgifter inkludert<\/li>\n<li style=\"font-weight: 400;\"><span style=\"font-weight: 400;\">Veilederen gir instruksjon og veiledning<\/span><\/li>\n<\/ul>\n<p>&nbsp;<\/p>\n<h4><b>Inkluderinger og ekskluderinger<\/b><\/h4>\n<p>&nbsp;<\/p>\n<p><b>Inkluderinger<\/b><\/p>\n<ol>\n<li style=\"font-weight: 400;\"><span style=\"font-weight: 400;\">\u00a0lunch on the beach<\/span><\/li>\n<li style=\"font-weight: 400;\">Los Haitises Tour + Playa El Rincon<\/li>\n<li style=\"font-weight: 400;\"><span style=\"font-weight: 400;\">Alle skatter, avgifter og h\u00e5ndteringskostnader<\/span><\/li>\n<li style=\"font-weight: 400;\"><span style=\"font-weight: 400;\">Lokale skatter<\/span><\/li>\n<li style=\"font-weight: 400;\"><span style=\"font-weight: 400;\">Drikkevarer<\/span><\/li>\n<li style=\"font-weight: 400;\"><span style=\"font-weight: 400;\">Alle aktiviteter<\/span><\/li>\n<li style=\"font-weight: 400;\"><span style=\"font-weight: 400;\">Lokal guide<\/span><\/li>\n<\/ol>\n<p><b> Ekskluderinger<\/b><\/p>\n<ol>\n<li style=\"font-weight: 400;\"><span style=\"font-weight: 400;\">Drikkepenger<\/span><\/li>\n<li style=\"font-weight: 400;\"><span style=\"font-weight: 400;\">Overf\u00f8re<\/span><\/li>\n<li style=\"font-weight: 400;\"><span style=\"font-weight: 400;\">Alkoholholdige drinker<\/span><\/li>\n<\/ol>\n<p>&nbsp;<\/p>\n<h4><em><strong>Avreise og retur<\/strong><\/em><\/h4>\n<p><span style=\"font-weight: 400;\">Den reisende vil f\u00e5 et m\u00f8tepunkt etter reservasjonsprosessen. Turer starter og slutter i m\u00f8testedene v\u00e5re.<\/span><\/p>\n<p>&nbsp;<\/p>\n<h4><b><i>Hva \u00e5 forvente?<\/i><\/b><\/h4>\n<p>&nbsp;<\/p>\n<p><em><strong>Skaff deg billetter<\/strong><\/em> for visiting Los Haitises National Park with a wonderful lunch at Playa El Rincon Beach.<\/p>\n<p><span style=\"font-weight: 400;\">The tour, organized by \u00abBooking Adventures\u00bb starts at the meeting point set with the Tour Guide.<\/span><\/p>\n<div class=\"teaser-description\">Take a boat tour through Samana bay to Visit Los Haitises National Park, Going by mangrove swamps, past ancient pirate caves and into protected forests in this picturesque reserve.<\/div>\n<div class=\"body-description secondary\">\n<p>Kom med Booking Adventures og begynn \u00e5 sjekke noen fuglefylte mangrover, b\u00f8lgende \u00e5ser med frodig vegetasjon og grotter i <em><strong>Los Haitises nasjonalpark<\/strong><\/em>. Taking a boat Excursion from Samana Port.<\/p>\n<p>The national park\u2019s name comes from its original inhabitants, the Taino Indians. In their language \u201cHaitises\u201d translates to highlands or Hills, a reference to the coastline\u2019s steep geological formations with Limestones. Venture deeper into the park to explore caves such as the <em><strong>Cueva de la Arena<\/strong><\/em> og <strong><em>Cueva de la L\u00cdnea.<\/em><\/strong> Caves in the reserve were used as shelter by the Taino Indians and, later, by hiding pirates. Look for drawings by Indians that decorate some of the walls.<\/p>\n<p>After visiting Los Haitises National Park we will take the boat and going through the mangroves and Land at the open San Lorenzo Bay directly to\u00a0 Saman\u00e1 Port. In Saman\u00e1 Port, we take our private Transportation to El Rinc\u00f3n beach for lunch.<\/p>\n<p>Lunch will be delicious but we did not finish yet. After lunchtime, you will have time to enjoy the beach or just sit in a shade and enjoy Pi\u00f1a Colada or Coco Loco in one of typical Dominican bar. Around 4:30 pm leaving from the beach and coming back to Saman\u00e1.<\/p>\n<\/div>\n<p>In the beach and you can stay as long you want swimming around. Frite fish and Tostones are offered! If you are Vegan we also can set some food for you.<\/p>\n<p>&nbsp;<\/p>\n<h4><em><strong>Hva b\u00f8r du ta med?<\/strong><\/em><\/h4>\n<ul>\n<li style=\"font-weight: 400;\"><span style=\"font-weight: 400;\">kamera<\/span><\/li>\n<li style=\"font-weight: 400;\"><span style=\"font-weight: 400;\">Avvisende knopper<\/span><\/li>\n<li style=\"font-weight: 400;\"><span style=\"font-weight: 400;\">solkrem<\/span><\/li>\n<li style=\"font-weight: 400;\"><span style=\"font-weight: 400;\">Hatt<\/span><\/li>\n<li style=\"font-weight: 400;\"><span style=\"font-weight: 400;\">Komfortable bukser<\/span><\/li>\n<li style=\"font-weight: 400;\"><span style=\"font-weight: 400;\">Tursko for skog<\/span><\/li>\n<li style=\"font-weight: 400;\"><span style=\"font-weight: 400;\">Sandaler til stranden<\/span><\/li>\n<li style=\"font-weight: 400;\"><span style=\"font-weight: 400;\">Badet\u00f8y<\/span><\/li>\n<\/ul>\n<p>&nbsp;<\/p>\n<h4><b><i>Hotellhenting <\/i><\/b><\/h4>\n<p><span style=\"font-weight: 400;\">Hotellhenting tilbys ikke for denne turen. <\/span><\/p>\n<p>&nbsp;<\/p>\n<p><b>Merk:<\/b><span style=\"font-weight: 400;\"> Hvis du er bestilt innen 24 timer etter turens\/utfluktens avgangstid, kan vi ordne hotellhenting med ekstra kostnader. N\u00e5r kj\u00f8pet er fullf\u00f8rt, vil vi sende deg fullstendig kontaktinformasjon (telefonnummer, e-postadresse osv.) slik at v\u00e5r lokale turguide kan organisere hentingsordninger.<\/span><\/p>\n<h4><b><i>Bekreftelse av tilleggsinformasjon <\/i><\/b><\/h4>\n<ol>\n<li>Tickets are the Receipt after paying this Tour. You can showthe payment on your phone.<\/li>\n<li style=\"font-weight: 400;\"><span style=\"font-weight: 400;\">M\u00f8tepunkt vil bli mottatt etter reservasjonsprosessen.<\/span><\/li>\n<li style=\"font-weight: 400;\"><span style=\"font-weight: 400;\">Barn m\u00e5 v\u00e6re i f\u00f8lge med en voksen.<\/span><\/li>\n<li style=\"font-weight: 400;\"><span style=\"font-weight: 400;\"> Ikke tilgjengelig for rullestolbrukere <\/span><\/li>\n<li style=\"font-weight: 400;\"><span style=\"font-weight: 400;\">Spedbarn m\u00e5 sitte p\u00e5 fanget <\/span><\/li>\n<li style=\"font-weight: 400;\"><span style=\"font-weight: 400;\">Anbefales ikke for reisende med ryggproblemer<\/span><\/li>\n<li style=\"font-weight: 400;\"><span style=\"font-weight: 400;\">Anbefales ikke for gravide reisende <\/span><\/li>\n<li style=\"font-weight: 400;\"><span style=\"font-weight: 400;\"> Ingen hjerteproblemer eller andre alvorlige medisinske tilstander <\/span><\/li>\n<li style=\"font-weight: 400;\"><span style=\"font-weight: 400;\">De fleste reisende kan delta<\/span><\/li>\n<\/ol>\n<h4><b><i>Avbestillingsregler<\/i><\/b><\/h4>\n<p>For full refusjon, vennligst les v\u00e5re avbestillingsregler\u00a0<a href=\"https:\/\/www.ticketswhales.com\/online-booking\/\" target=\"_blank\" rel=\"noopener\" data-saferedirecturl=\"https:\/\/www.google.com\/url?q=https:\/\/www.ticketswhales.com\/online-booking\/&amp;source=gmail&amp;ust=1672449202351000&amp;usg=AOvVaw1yAeVAPktmaVCqDujgUn90\">Klikk her<\/a>. Midler g\u00e5r tapt hvis reservasjonen avbestilles samme dag som reisen.<\/p>\n\n\t\t<\/div>\n\t<\/div>\n<div class=\"vc_empty_space\"   style=\"height: 32px\"><span class=\"vc_empty_space_inner\"><\/span><\/div><\/div><\/div><\/div><\/div><div class=\"vc_row wpb_row vc_row-fluid\" ><div class=\"wpb_column vc_column_container vc_col-sm-12\"><div class=\"vc_column-inner\"><div class=\"wpb_wrapper\"><\/div><\/div><\/div><\/div><div class=\"vc_row wpb_row vc_row-fluid\" ><div class=\"wpb_column vc_column_container vc_col-sm-12\"><div class=\"vc_column-inner\"><div class=\"wpb_wrapper\"><div class=\"vc_btn3-container vc_btn3-inline\" ><button class=\"vc_general vc_btn3 vc_btn3-size-md vc_btn3-shape-rounded vc_btn3-style-modern vc_btn3-color-green\">BESTILL N\u00c5<\/button><\/div><\/div><\/div><\/div><\/div>","protected":false},"excerpt":{"rendered":"<p>Los Haitises National Park and Playa El Rinc\u00f3n with Lunch on the beach. Come with us and visit the most beautiful national park of the Dominican Republic, Visiting Mangroves, Caves and San Lorenzo Bay. After back to Saman\u00e1 port to take a\u00a0 private trip to Playa El Rinc\u00f3n Beach with Lunch on the Beach.<\/p>\n<p>Get your tickets with offers here&#8230;<\/p>\n<p>&nbsp;<\/p>\n<p><strong>Vennligst velg dato for turen\u00a0<\/strong><\/p>","protected":false},"featured_media":228,"template":"","meta":[],"product_brand":[],"product_cat":[571,566,98,135,124,154],"product_tag":[138,195,196,142,147,148,143],"class_list":{"0":"post-11634","1":"product","2":"type-product","3":"status-publish","4":"has-post-thumbnail","6":"product_cat-1-samana","7":"product_cat-boat-trip-los-haitises","8":"product_cat-local-tour-guides","9":"product_cat-lunch","10":"product_cat-tours-excursions-samana-bay-dominican-republic","11":"product_cat-trails-or-paths","12":"product_tag-beach-time","13":"product_tag-el-rincon-beach","14":"product_tag-playa-el-rincon","15":"product_tag-samana","16":"product_tag-samana-bay","17":"product_tag-samana-excursions","18":"product_tag-samana-tours","20":"first","21":"instock","22":"sale","23":"sold-individually","24":"shipping-taxable","25":"product-type-external"},"_links":{"self":[{"href":"https:\/\/haitises.com\/nb\/wp-json\/wp\/v2\/product\/11634","targetHints":{"allow":["GET"]}}],"collection":[{"href":"https:\/\/haitises.com\/nb\/wp-json\/wp\/v2\/product"}],"about":[{"href":"https:\/\/haitises.com\/nb\/wp-json\/wp\/v2\/types\/product"}],"wp:featuredmedia":[{"embeddable":true,"href":"https:\/\/haitises.com\/nb\/wp-json\/wp\/v2\/media\/228"}],"wp:attachment":[{"href":"https:\/\/haitises.com\/nb\/wp-json\/wp\/v2\/media?parent=11634"}],"wp:term":[{"taxonomy":"product_brand","embeddable":true,"href":"https:\/\/haitises.com\/nb\/wp-json\/wp\/v2\/product_brand?post=11634"},{"taxonomy":"product_cat","embeddable":true,"href":"https:\/\/haitises.com\/nb\/wp-json\/wp\/v2\/product_cat?post=11634"},{"taxonomy":"product_tag","embeddable":true,"href":"https:\/\/haitises.com\/nb\/wp-json\/wp\/v2\/product_tag?post=11634"}],"curies":[{"name":"wp","href":"https:\/\/api.w.org\/{rel}","templated":true}]}}