{"id":11368,"date":"2021-08-15T20:09:01","date_gmt":"2021-08-15T20:09:01","guid":{"rendered":"http:\/\/haitises.com\/?post_type=product&#038;p=11368"},"modified":"2024-04-04T17:50:59","modified_gmt":"2024-04-04T17:50:59","slug":"private-kayaking-snorkeling-with-lunch-on-cayo-levantado-island-2","status":"publish","type":"product","link":"https:\/\/haitises.com\/nb\/privat\/private-kayaking-snorkeling-with-lunch-on-cayo-levantado-island-2\/","title":{"rendered":"Private Kayaking &#038; Snorkeling with Lunch on Cayo Levantado Island"},"content":{"rendered":"<div class=\"vc_row wpb_row vc_row-fluid\" ><div class=\"wpb_column vc_column_container vc_col-sm-12\"><div class=\"vc_column-inner\"><div class=\"wpb_wrapper\"><div class=\"vc_empty_space\"   style=\"height: 32px\"><span class=\"vc_empty_space_inner\"><\/span><\/div>[mkdf_section_title title_tag=\u00bb\u00bb disable_break_words=\u00bbno\u00bb subtitle_tag=\u00bb\u00bb title=\u00bbPrivate Kayaking &amp; Snorkeling with Lunch on Cayo Levantado Island\u00bb subtitle=\u00bbFrom Saman\u00e1 port Private Tour\u00bb]<div class=\"vc_empty_space\"   style=\"height: 32px\"><span class=\"vc_empty_space_inner\"><\/span><\/div><\/div><\/div><\/div><\/div><div class=\"vc_row wpb_row vc_row-fluid\" ><div class=\"wpb_column vc_column_container vc_col-sm-12\"><div class=\"vc_column-inner\"><div class=\"wpb_wrapper\">\n\t<div class=\"wpb_text_column wpb_content_element\" >\n\t\t<div class=\"wpb_wrapper\">\n\t\t\t<div class=\"vc_row wpb_row vc_row-fluid\">\n<div class=\"wpb_column vc_column_container vc_col-sm-12\">\n<div class=\"vc_column-inner\">\n<div class=\"wpb_wrapper\">\n<div class=\"wpb_text_column wpb_content_element\">\n<div class=\"wpb_wrapper\">\n<div class=\"vc_row wpb_row vc_row-fluid\">\n<div class=\"wpb_column vc_column_container vc_col-sm-12\">\n<div class=\"vc_column-inner\">\n<div class=\"wpb_wrapper\">\n<div class=\"wpb_text_column wpb_content_element\">\n<div class=\"wpb_wrapper\">\n<h4><b><i>Oversikt<img decoding=\"async\" class=\"emoji\" draggable=\"false\" src=\"https:\/\/s.w.org\/images\/core\/emoji\/12.0.0-1\/svg\/1f433.svg\" alt=\"\ud83d\udc33\" title=\"\"><\/i><\/b><\/h4>\n<p><strong>Avoid big groups of tourists<\/strong> and make your Private Kayaking &amp; Snorkeling Tour in Saman\u00e1 Bay starting from Saman\u00e1 port.<\/p>\n<p>Admire 40 min unparalleled panoramic views of the Samana Bay from the sea in kayak going for snorkeling in the crystal waters off a nearby beach of the famous Cayo Levantado\/Bacardi island. Where we can stretch our legs and wear our snorkeling kits, there&#8217;s another world to explore!<br \/>\nAfter snorkeling we will go to take a typical Dominican lunch provided on the beach and discover the most beautiful island in the Dominican Republic. Home to a beautiful luxury hotel, white sandy beaches, lush rain-forest and incredible skilled artists offering their handmade paintings and other products.<\/p>\n<p>What you can do on the island?<br \/>\nSwimming, walking around, playing volleyball, taking photos, snorkeling, enjoying the beach or just relaxing in shadow and taking a refreshing beverage (Pi\u00f1a Colada, Coco Loco, Cuba Libre etc.) There are many options how to enjoy the island for everyone!<\/p>\n<p>On our way back to Samana we change perspective and our attention is captured by details that we had not noticed before, enjoying every single meter approximately 40 min.<\/p>\n<p>We are the only one who offer this Tour in the whole Dominican Republic! This unique experience is a nature and sea lover\u2019s dream come true.<\/p>\n<p><strong>Merk:<\/strong> This tour is Private. (Just you and family or friends and Tour Guide).<\/p>\n<p>&nbsp;<\/p>\n<h4><b>Inkluderinger og ekskluderinger<\/b><\/h4>\n<p>&nbsp;<\/p>\n<p><b>Inkluderinger<\/b><\/p>\n<p>&nbsp;<\/p>\n<ol>\n<li>Buffet lunsj p\u00e5 stranden<\/li>\n<li>Reiseleder<\/li>\n<li>Kayaks, paddle<\/li>\n<li>Lifejacket<\/li>\n<li>Snorkeling kit<\/li>\n<li>Alle skatter, avgifter og h\u00e5ndteringskostnader<\/li>\n<li>Lokale skatter<\/li>\n<li>Beverages (Bottle of water per person)<\/li>\n<\/ol>\n<p><b>Ekskluderinger<\/b><\/p>\n<ol>\n<li>Drikkepenger<\/li>\n<li>Transferbil<\/li>\n<li>Alkoholholdige drinker<\/li>\n<\/ol>\n<p>&nbsp;<\/p>\n<h4><em><strong>Avreise og retur<\/strong><\/em><\/h4>\n<p>This trip starts at 8:00 Am and finishes around 4:00 Pm. But because it will be a private trip you may set the time for starting and to finish.<\/p>\n<p>The traveler will get a meeting point after the Reservation Process. Tours start and Finish in our meeting points.<\/p>\n<p>&nbsp;<\/p>\n<h4><b><i>Hva \u00e5 forvente?<\/i><\/b><\/h4>\n<p>&nbsp;<\/p>\n<p><em><strong>Skaff deg billetter<\/strong><\/em> for Kayaking &amp; Snorkeling in Samana Bay. 40 min of unparalleled panoramic views of the Samana Bay from the sea in kayak and snorkeling in the crystal waters off a nearby beach of the famous Cayo Levantado\/Bacardi. Typical Dominican Lunch provided on the beach. In the whale watching season there is possibility to see the humpback whales.<\/p>\n<p>The Kayaking &amp; Snorkeling Tour, organized by \u201cBooking Adventures\u201d starts at the meeting point set with the Tour Guide. Lunch at the beach and you can stay as long as you want swimming around. If you are Vegan we also can set some food for you.<\/p>\n<p><strong>Tidsplan:<\/strong><\/p>\n<p>8:00 AM \u2013 4:00 PM<\/p>\n<p>&nbsp;<\/p>\n<h4><em><strong>Hva b\u00f8r du ta med?<\/strong><\/em><\/h4>\n<ul>\n<li>kamera<\/li>\n<li>Towel<\/li>\n<li>Sun protection<\/li>\n<li>Hatt<\/li>\n<li>Comfortable pants and shoes<\/li>\n<li>Sandals to the beach<\/li>\n<li>Badet\u00f8y<\/li>\n<li>Kontanter til suvenirer<\/li>\n<\/ul>\n<p>&nbsp;<\/p>\n<h4><b><i>Hotellhenting<\/i><\/b><\/h4>\n<p>Hotellhenting tilbys ikke for denne turen.<\/p>\n<p>&nbsp;<\/p>\n<p><b>Merk:<\/b>\u00a0Hvis du er bestilt innen 24 timer etter turens\/utfluktens avgangstid, kan vi ordne hotellhenting med ekstra kostnader. N\u00e5r kj\u00f8pet er fullf\u00f8rt, vil vi sende deg fullstendig kontaktinformasjon (telefonnummer, e-postadresse osv.) slik at v\u00e5r lokale turguide kan organisere hentingsordninger.<\/p>\n<h4><b><i>Bekreftelse av tilleggsinformasjon<\/i><\/b><\/h4>\n<ol>\n<li>Billetter er kvitteringen etter \u00e5 ha betalt denne turen. Du kan vise betalingen p\u00e5 telefonen.<\/li>\n<li>M\u00f8tepunkt vil bli mottatt etter reservasjonsprosessen.<\/li>\n<li>Barn m\u00e5 v\u00e6re i f\u00f8lge med en voksen.<\/li>\n<li>tilgjengelig for rullestolbrukere<\/li>\n<li>Spedbarn m\u00e5 sitte p\u00e5 fanget<\/li>\n<li>De fleste reisende kan delta<\/li>\n<\/ol>\n<h4><b><i>Avbestillingsregler<\/i><\/b><\/h4>\n<p>For full refusjon m\u00e5 du avbestille minst 24 timer f\u00f8r startdatoen for opplevelsen.<\/p>\n<\/div>\n<\/div>\n<\/div>\n<\/div>\n<\/div>\n<\/div>\n<\/div>\n<\/div>\n<\/div>\n<\/div>\n<\/div>\n<\/div>\n<div class=\"vc_row wpb_row vc_row-fluid\">\n<div class=\"wpb_column vc_column_container vc_col-sm-12\">\n<div class=\"vc_column-inner\">\n<div class=\"wpb_wrapper\">\n<div class=\"vc_empty_space\"><\/div>\n<div class=\"wpb_text_column wpb_content_element\">\n<div class=\"wpb_wrapper\">\n<h4>Kontakt oss?<\/h4>\n<h5><b><i>Booking Adventures<\/i><\/b><\/h5>\n<p><em><strong>Lokalbefolkningen<\/strong>\u00a0og\u00a0<strong>Nationals<\/strong>\u00a0Turguider og gjestetjenester<\/em><\/p>\n<p><span class=\"text-turquoise\">Reservasjoner:<\/span>\u00a0Turer og utflukter i Dom. Rep.<\/p>\n<p><img decoding=\"async\" class=\"emoji\" draggable=\"false\" src=\"https:\/\/s.w.org\/images\/core\/emoji\/11.2.0\/svg\/1f4de.svg\" alt=\"\ud83d\udcde\" title=\"\">\u00a0Tlf\/Whatsapp\u00a0\u00a0<a href=\"tel:+1-809-720-6035\">+1-809-720-6035<\/a>.<\/p>\n<p><img decoding=\"async\" class=\"emoji\" draggable=\"false\" src=\"https:\/\/s.w.org\/images\/core\/emoji\/11.2.0\/svg\/1f4e9.svg\" alt=\"\ud83d\udce9\" title=\"\">\u00a0<a href=\"mailto:info@bookingadventures.com.do\">info@bookingadventures.com.do<\/a><\/p>\n<p><strong>Vi er fleksible med private turer av Whatsapp:\u00a0<a href=\"tel:+18097206035\">+18097206035.<\/a><\/strong><\/p>\n<\/div>\n<\/div>\n<\/div>\n<\/div>\n<\/div>\n<\/div>\n\n\t\t<\/div>\n\t<\/div>\n<\/div><\/div><\/div><\/div>","protected":false},"excerpt":{"rendered":"<p>Private Kayaking and Snorkeling tour in Samana Bay, Dominican Republic with Local Tour Guides. Feel free to set up your starting time that suit you. Book now this Excursion in Samana Bay to live the true Caribbean Adventure.<\/p>\n<p>Note: This tour is a private!<\/p>\n<p>&nbsp;<\/p>\n<p><em><strong>Please Select the date for The Excursion:<\/strong><\/em><\/p>","protected":false},"featured_media":11086,"template":"","meta":[],"product_brand":[],"product_cat":[124],"product_tag":[137,162,197,201,143,271,354,234],"class_list":{"0":"post-11368","1":"product","2":"type-product","3":"status-publish","4":"has-post-thumbnail","6":"product_cat-tours-excursions-samana-bay-dominican-republic","7":"product_tag-bacardi-island","8":"product_tag-cayo-levantado-day-pass","9":"product_tag-kayaking-dominican-republic","10":"product_tag-private-tours-samana","11":"product_tag-samana-tours","12":"product_tag-samana-whale-watching","13":"product_tag-snorkeling","14":"product_tag-whale-samana","16":"first","17":"instock","18":"sale","19":"sold-individually","20":"shipping-taxable","21":"product-type-external"},"_links":{"self":[{"href":"https:\/\/haitises.com\/nb\/wp-json\/wp\/v2\/product\/11368","targetHints":{"allow":["GET"]}}],"collection":[{"href":"https:\/\/haitises.com\/nb\/wp-json\/wp\/v2\/product"}],"about":[{"href":"https:\/\/haitises.com\/nb\/wp-json\/wp\/v2\/types\/product"}],"wp:featuredmedia":[{"embeddable":true,"href":"https:\/\/haitises.com\/nb\/wp-json\/wp\/v2\/media\/11086"}],"wp:attachment":[{"href":"https:\/\/haitises.com\/nb\/wp-json\/wp\/v2\/media?parent=11368"}],"wp:term":[{"taxonomy":"product_brand","embeddable":true,"href":"https:\/\/haitises.com\/nb\/wp-json\/wp\/v2\/product_brand?post=11368"},{"taxonomy":"product_cat","embeddable":true,"href":"https:\/\/haitises.com\/nb\/wp-json\/wp\/v2\/product_cat?post=11368"},{"taxonomy":"product_tag","embeddable":true,"href":"https:\/\/haitises.com\/nb\/wp-json\/wp\/v2\/product_tag?post=11368"}],"curies":[{"name":"wp","href":"https:\/\/api.w.org\/{rel}","templated":true}]}}