{"id":11350,"date":"2021-08-15T20:08:48","date_gmt":"2021-08-15T20:08:48","guid":{"rendered":"http:\/\/haitises.com\/?post_type=product&#038;p=11350"},"modified":"2024-04-05T21:12:32","modified_gmt":"2024-04-05T21:12:32","slug":"bahia-de-las-aguilas-beach-day-trip-by-boat-day-pass-snorkeling-lunch-2","status":"publish","type":"product","link":"https:\/\/haitises.com\/nb\/privat\/bahia-de-las-aguilas-beach-day-trip-by-boat-day-pass-snorkeling-lunch-2\/","title":{"rendered":"Bahia de las Aguilas: Stranddagstur med b\u00e5t - dagspass - snorkling og lunsj"},"content":{"rendered":"<div class=\"vc_row wpb_row vc_row-fluid\" ><div class=\"wpb_column vc_column_container vc_col-sm-12\"><div class=\"vc_column-inner\"><div class=\"wpb_wrapper\">[mkdf_section_title title_tag=\u00bb\u00bb disable_break_words=\u00bbno\u00bb subtitle_tag=\u00bb\u00bb title=\u00bbBah\u00eda de las Aguilas: Beach Day Trip by Boat\u00bb subtitle=\u00bbDay Pass &#8211; Snorkeling &amp; Lunch\u00bb]<\/div><\/div><\/div><\/div><div class=\"vc_row wpb_row vc_row-fluid\" ><div class=\"wpb_column vc_column_container vc_col-sm-12\"><div class=\"vc_column-inner\"><div class=\"wpb_wrapper\">\n\t<div class=\"wpb_text_column wpb_content_element\" >\n\t\t<div class=\"wpb_wrapper\">\n\t\t\t<h4><b><i>Oversikt<\/i><\/b><\/h4>\n<p>Nyt en dag p\u00e5 stranden og la hum\u00f8ret flyte, langt unna turistomr\u00e5dene og alt stresset. Opplev Jaragua nasjonalpark og Bahia de las \u00c1guilas. Kj\u00f8r langs en vakker vei med fantastisk utsikt over den lille havne- og fiskerlandsbyen Cabo Rojo. I Las Cuevas g\u00e5r du om bord i en b\u00e5t som tar deg med p\u00e5 en 15-minutters tur til en av verdens vakreste naturstrender. Sanden i Bah\u00eda de las Aguilas er uber\u00f8rt, og bukten er 8 km lang. Opplev et eksepsjonelt kystlandskap med krystallklart vann i nyanser fra turkis til opalbl\u00e5tt som smelter sammen med horisonten. Vi serverer lunsj p\u00e5 stranden, bader eller snorkler og utforsker dette uber\u00f8rte naturparadiset.<\/p>\n<p>&nbsp;<\/p>\n<ul>\n<li>Lokal guide med sikkerhetserfaring i omr\u00e5det.<\/li>\n<li>Privat transport<\/li>\n<li>Avgifter inkludert<\/li>\n<li>Lunsj<\/li>\n<li>Lokal reiseleder p\u00e5 spansk, engelsk eller fransk.<\/li>\n<li>Vandring<\/li>\n<li>Snorkling<\/li>\n<\/ul>\n<h4><b>Inkluderinger og ekskluderinger<\/b><\/h4>\n<p>&nbsp;<\/p>\n<p><b>Inkluderinger<\/b><\/p>\n<ol>\n<li>Lokal guide med sikkerhetserfaring i omr\u00e5det.<\/li>\n<li>Privat transport for sm\u00e5 grupper<\/li>\n<li>Alle skatter, avgifter og h\u00e5ndteringskostnader<\/li>\n<li>Lokale skatter<\/li>\n<li>Lunsj<\/li>\n<li>Vandring<\/li>\n<li>Naturlige bassenger<\/li>\n<li>Snorkling<\/li>\n<li>Alle aktiviteter<\/li>\n<\/ol>\n<p><b>Ekskluderinger<\/b><\/p>\n<ol>\n<li>Drikkepenger<\/li>\n<li>Alle drikkevarer<\/li>\n<\/ol>\n<h4><em><strong>Avreise og retur<\/strong><\/em><\/h4>\n<p>Den reisende vil f\u00e5 et m\u00f8tepunkt etter reservasjonsprosessen. Turene starter og slutter p\u00e5 m\u00f8tepunktene dine.<\/p>\n<h2 class=\"styles__heading___mD4_3\" data-radium=\"true\">Bahia de las Aguilas: Dagstur til stranden med b\u00e5t - dagspass - snorkling og lunsj<\/h2>\n<h4><em>Hva \u00e5 forvente?<\/em><\/h4>\n<p>Playa de las Aguilas er oppkalt etter den innf\u00f8dte \u00f8rnen. Den er kjent som den vakreste stranden i hele landet. Klimaet i parken er sv\u00e6rt t\u00f8rt, og vegetasjonen best\u00e5r hovedsakelig av kaktus og andre \u00f8rkenplanter. Den r\u00f8de grusveien som g\u00e5r langs bukten kan sammenlignes med et afrikansk savannelandskap.<br \/>\nOppdag dette paradiset for fiskere og elskere av hvite sandstrender og krystallklart vann. Men f\u00f8rst reiser du til landsbyen La Cueva, der lokale fiskere bor i grotter.<\/p>\n<p>Er det noe som mangler i dette perfekte \u00f8yeblikket?<\/p>\n<p>Det rolige havet og den lette vinden gj\u00f8r at du ikke lider for mye av sol og varme. Bli en oppdagelsesreisende for en dag og oppdag et \u00f8kologisk, naturlig og helt uber\u00f8rt paradis. Du kan observere mer enn 130 fuglearter, hvorav 76 lever permanent i bukten, 10 er endemiske og 47 er trekkfugler.<\/p>\n<p>08.00 - Avreise fra hotellet<br \/>\n09.30 - Kort stopp ved Laguna de Oviedo for \u00e5 nyte utsikten fra utsiktsplattformen.<br \/>\n11.00 - Avreise med b\u00e5t fra landsbyen La Cueva til Bahia de las Aguilas.<br \/>\n12.30 - Typisk lunsj p\u00e5 stranden<br \/>\n03.00 - Retur til La Cueva<br \/>\n06.00 - Ankomst til hotellet<\/p>\n<h4><em><strong>Hva b\u00f8r du ta med?<\/strong><\/em><\/h4>\n<ul>\n<li>kamera<\/li>\n<li>Avvisende knopper<\/li>\n<li>Solkrem<\/li>\n<li>Vann<\/li>\n<li>Hatt<\/li>\n<li>Komfortable bukser<\/li>\n<li>Tursko for skog<\/li>\n<li>Sandaler til v\u00e5romr\u00e5dene.<\/li>\n<li>Badet\u00f8y<\/li>\n<\/ul>\n<p>&nbsp;<\/p>\n<h4><b><i>Hotellhenting<\/i><\/b><\/h4>\n<p>Det tilbys henting p\u00e5 hotellet p\u00e5 denne turen. Henting\/transport fra hotellet ditt (omr\u00e5det Barahona\/Paraiso\/Los Patos).<\/p>\n<p><b>Merk:<\/b>\u00a0Hvis du bestiller innen 24 timer f\u00f8r avreisetidspunktet for turen\/utflukten, kan vi ordne henting p\u00e5 hotellet. Vi henter bare i Samana-omr\u00e5det. N\u00e5r kj\u00f8pet er fullf\u00f8rt, sender vi deg fullstendig kontaktinformasjon (telefonnummer, e-postadresse osv.) slik at v\u00e5r lokale reiseleder kan ordne med henting.<\/p>\n<h4><b><i>Bekreftelse av tilleggsinformasjon<\/i><\/b><\/h4>\n<ol>\n<li>Billetter er kvitteringen etter \u00e5 ha betalt denne turen. Du kan vise betalingen p\u00e5 telefonen.<\/li>\n<li>M\u00f8tepunkt vil bli mottatt etter reservasjonsprosessen.<\/li>\n<li>Barn m\u00e5 v\u00e6re i f\u00f8lge med en voksen.<\/li>\n<li>Ikke tilgjengelig for rullestolbrukere<\/li>\n<li>Spedbarn m\u00e5 sitte p\u00e5 fanget<\/li>\n<li>Anbefales ikke for reisende med ryggproblemer<\/li>\n<li>Anbefales ikke for gravide reisende<\/li>\n<li>Ingen hjerteproblemer eller andre alvorlige medisinske tilstander<\/li>\n<li>De fleste reisende kan delta<\/li>\n<\/ol>\n<h4><b><i>Avbestillingsregler<\/i><\/b><\/h4>\n<p>For \u00e5 f\u00e5 full refusjon m\u00e5 du avbestille minst 24 timer f\u00f8r startdatoen for opplevelsen. Midler vil g\u00e5 tapt hvis reservasjonen avbestilles samme dag som turen starter.<\/p>\n\n\t\t<\/div>\n\t<\/div>\n<\/div><\/div><\/div><\/div>","protected":false},"excerpt":{"rendered":"<p>Kj\u00f8p en dagsbillett til Bahia las Aguilas fra Barahona. Du kj\u00f8rer gjennom nasjonalparken Jaragua og setter kursen mot Cabo Rojo, der en b\u00e5t venter p\u00e5 deg. Etter en 15-minutters b\u00e5ttur kommer du til den vakre og isolerte Bahia de las Aguilas, som regnes som den vakreste stranden i landet. Lunsjen serveres p\u00e5 stranden, og du har mulighet til \u00e5 bade eller bare slappe av p\u00e5 stranden. Nyt den uber\u00f8rte, hvite sanden p\u00e5 denne 8 km lange stranden.<\/p>\n<p>&nbsp;<\/p>\n<p><strong>Velg dag for denne turen:<\/strong><\/p>","protected":false},"featured_media":500,"template":"","meta":[],"product_brand":[],"product_cat":[396,135],"product_tag":[397,398,399,400,401,402,403,404,405,406,407,408,409,410,411],"class_list":{"0":"post-11350","1":"product","2":"type-product","3":"status-publish","4":"has-post-thumbnail","6":"product_cat-bahia-de-las-aguilas-dominican-republic","7":"product_cat-lunch","8":"product_tag-bahia-de-las-aguilas","9":"product_tag-bahia-de-las-aguilas-pedernales","10":"product_tag-bahia-de-las-aguilas-beach-tour","11":"product_tag-bahia-de-las-aguilas-hoteles","12":"product_tag-bahia-de-las-aguilas-map","13":"product_tag-bahia-de-las-aguilas-private-tour","14":"product_tag-bahia-de-las-aguilas-republica-dominicana-hotel","15":"product_tag-bahia-de-las-aguilas-tour-from-punta-cana","16":"product_tag-bahia-de-las-aguilas-beach-day-trip-by-boat","17":"product_tag-bahia-las-aguilas-tours","18":"product_tag-barahona-tours","19":"product_tag-closest-airport-to-bahia-de-las-aguilas","20":"product_tag-hotel-barahona","21":"product_tag-playa-bahia-de-las-aguilas-dominican-republic","22":"product_tag-tours-a-bahia-de-las-aguilas-desde-santo-domingo","24":"first","25":"instock","26":"sale","27":"sold-individually","28":"shipping-taxable","29":"product-type-external"},"_links":{"self":[{"href":"https:\/\/haitises.com\/nb\/wp-json\/wp\/v2\/product\/11350","targetHints":{"allow":["GET"]}}],"collection":[{"href":"https:\/\/haitises.com\/nb\/wp-json\/wp\/v2\/product"}],"about":[{"href":"https:\/\/haitises.com\/nb\/wp-json\/wp\/v2\/types\/product"}],"wp:featuredmedia":[{"embeddable":true,"href":"https:\/\/haitises.com\/nb\/wp-json\/wp\/v2\/media\/500"}],"wp:attachment":[{"href":"https:\/\/haitises.com\/nb\/wp-json\/wp\/v2\/media?parent=11350"}],"wp:term":[{"taxonomy":"product_brand","embeddable":true,"href":"https:\/\/haitises.com\/nb\/wp-json\/wp\/v2\/product_brand?post=11350"},{"taxonomy":"product_cat","embeddable":true,"href":"https:\/\/haitises.com\/nb\/wp-json\/wp\/v2\/product_cat?post=11350"},{"taxonomy":"product_tag","embeddable":true,"href":"https:\/\/haitises.com\/nb\/wp-json\/wp\/v2\/product_tag?post=11350"}],"curies":[{"name":"wp","href":"https:\/\/api.w.org\/{rel}","templated":true}]}}