{"id":11336,"date":"2021-08-15T20:08:47","date_gmt":"2021-08-15T20:08:47","guid":{"rendered":"http:\/\/haitises.com\/?post_type=product&#038;p=11336"},"modified":"2024-04-08T15:58:46","modified_gmt":"2024-04-08T15:58:46","slug":"santo-domingo-city-tour-from-punta-cana-all-inclusive-day-trip-2","status":"publish","type":"product","link":"https:\/\/haitises.com\/nb\/privat\/santo-domingo-city-tour-from-punta-cana-all-inclusive-day-trip-2\/","title":{"rendered":"Santo Domingo City Tour From Punta Cana. All-Inclusive Day Trip."},"content":{"rendered":"<div class=\"vc_row wpb_row vc_row-fluid\" ><div class=\"wpb_column vc_column_container vc_col-sm-12\"><div class=\"vc_column-inner\"><div class=\"wpb_wrapper\">[mkdf_section_title title_tag=\u00bb\u00bb disable_break_words=\u00bbno\u00bb subtitle_tag=\u00bb\u00bb title=\u00bbSanto Domingo City Tour From Punta Cana. All-Inclusive Day Trip.\u00bb subtitle=\u00bbTransportation &amp; Lunch Included\u00bb]<\/div><\/div><\/div><\/div><div class=\"vc_row wpb_row vc_row-fluid\" ><div class=\"wpb_column vc_column_container vc_col-sm-12\"><div class=\"vc_column-inner\"><div class=\"wpb_wrapper\">\n\t<div class=\"wpb_text_column wpb_content_element\" >\n\t\t<div class=\"wpb_wrapper\">\n\t\t\t<h3 class=\"ui_header h1 attractions-product-info-ProductTitle__title--1qM0o\">Santo Domingo City Tour From Punta Cana. All-Inclusive Day Trip.<\/h3>\n<h4><b><i>Oversikt <\/i><\/b><\/h4>\n<p>Spend a day in the colonial historical zone of the oldest city in Latin America.\u00a0 Explore landmarks and highlights such as the Plaza de Espa\u00f1a, the National Palace, the Columbus lighthouse and the Colonial Zone.<\/p>\n<p>Stop at the Tree Eyes National Park and see the underground caves and loagoons used by the Taino Indians.First you will be picked up from your hotel by bus.<\/p>\n<p>The tour will start with meeting a professional guide that will give you some information regarding the island and the Dominican culture, food, music and much more. Lunch at a typical Dominican restaurant is included. This\u00a0tour will definitely give you the\u00a0real history of this island!<\/p>\n<p>After this experience, you will get Back to Location where you meet with the Tour Guide<\/p>\n<p>&nbsp;<\/p>\n<h4><b>Inkluderinger og ekskluderinger<\/b><\/h4>\n<p><b>Inkluderinger<\/b><\/p>\n<ol>\n<li>Lunch Buffet<\/li>\n<li>Columbus lighthouse<\/li>\n<li>Day Trip Santo Domingo<\/li>\n<li>Los Tres Ojos National Park<\/li>\n<li>The Colonial Zone Walk<\/li>\n<li>The National Palace<\/li>\n<li>\u00a0The Plaza de Espa\u00f1a<\/li>\n<li style=\"font-weight: 400;\"><span style=\"font-weight: 400;\">Alle skatter, avgifter og h\u00e5ndteringskostnader<\/span><\/li>\n<li style=\"font-weight: 400;\"><span style=\"font-weight: 400;\">Lokale skatter<\/span><\/li>\n<li style=\"font-weight: 400;\"><span style=\"font-weight: 400;\">Drikkevarer<\/span><\/li>\n<li>Snacks<\/li>\n<li style=\"font-weight: 400;\"><span style=\"font-weight: 400;\">Lokal guide<\/span><\/li>\n<\/ol>\n<p><b> Ekskluderinger<\/b><\/p>\n<ol>\n<li style=\"font-weight: 400;\"><span style=\"font-weight: 400;\">Drikkepenger<\/span><\/li>\n<li style=\"font-weight: 400;\"><span style=\"font-weight: 400;\">Alkoholholdige drinker<\/span><\/li>\n<\/ol>\n<p>&nbsp;<\/p>\n<h4><em><strong>Avreise og retur<\/strong><\/em><\/h4>\n<p><span style=\"font-weight: 400;\">Den reisende vil f\u00e5 et m\u00f8tepunkt etter reservasjonsprosessen. Turene starter og slutter p\u00e5 m\u00f8tepunktene dine.<\/span><\/p>\n<h3><\/h3>\n<h3 class=\"ui_header h1 attractions-product-info-ProductTitle__title--1qM0o\">Santo Domingo City Tour From Punta Cana. All-Inclusive Day Trip.<\/h3>\n<h4><b><i>Hva \u00e5 forvente?<\/i><\/b><\/h4>\n<div class=\"apd_content_block\" data-tab=\"TABS_OVERVIEW\">\n<div class=\"ui_card section attractions-product-details-Overview__sectionMargin--uHktd attractions-product-details-Overview__cleanslateOverrideDT--39Ov7\"><\/div>\n<\/div>\n<div data-tab=\"TABS_WHAT_TO_EXPECT\">\n<div class=\"ui_card attractions-card-CollapsibleProductDetailsCard__cardContainer--3r2wk attractions-card-CollapsibleProductDetailsCard__cleanslateOverrideDT--2AJh0\">\n<div class=\"attractions-card-CollapsibleCard__header--IDA3r\">\n<div class=\"attractions-card-CollapsibleCard__headerSection--3gTKb\"><\/div>\n<\/div>\n<div class=\"attractions-card-CollapsibleCard__content--2Ws8q\">\n<div class=\"attractions-card-CollapsibleCard__contentWrap--374jk attractions-card-CollapsibleCard__titleUnderline--1uHze\">\n<div class=\"attractions-card-CollapsibleProductDetailsCard__cardContent--23ext\">\n<div class=\"common-text-ReadMore__readMore--3Iu8c common-text-ReadMore__variantFadeOut--1tInd\">\n<div class=\"common-text-ReadMore__content--2X4LR\">\n<div class=\"ui_columns is-desktop\">\n<div class=\"ui_column\">Santo Domingo is a magical city, full of history, culture and amazing landscapes. Walk through the oldest capital of the \u201cNew\u201d World; Santo Domingo is the first city founded in America.<\/div>\n<div>In 1992 Santo Domingo, the oldest city in Americas, celebrated its 500th anniversary of its discovery by Christopher Columbus. Santo Domingo has\u00a0 the first cathedral, university and town hall of the new world. The entire city center is crammed with colonial buildings from the 15th and 16th centuries.<\/div>\n<div>On this tour you will not only visit the most important historical buildings but also some museums and a fascinating cave. \u00abLos Tres Ojos\u00bb is the first stop where you will see a cave learn about Taino Indian life.<\/div>\n<div><\/div>\n<\/div>\n<\/div>\n<\/div>\n<\/div>\n<\/div>\n<\/div>\n<\/div>\n<\/div>\n<h4><em><strong>Hva b\u00f8r du ta med?<\/strong><\/em><\/h4>\n<ul>\n<li style=\"font-weight: 400;\"><span style=\"font-weight: 400;\">kamera<\/span><\/li>\n<li style=\"font-weight: 400;\"><span style=\"font-weight: 400;\">Avvisende knopper<\/span><\/li>\n<li style=\"font-weight: 400;\"><span style=\"font-weight: 400;\">Solkrem<\/span><\/li>\n<li style=\"font-weight: 400;\"><span style=\"font-weight: 400;\">Hatt<\/span><\/li>\n<li style=\"font-weight: 400;\"><span style=\"font-weight: 400;\">Komfortable bukser<\/span><\/li>\n<li style=\"font-weight: 400;\"><span style=\"font-weight: 400;\">Hiking shoes\u00a0<\/span><\/li>\n<li style=\"font-weight: 400;\"><span style=\"font-weight: 400;\">Sandaler til v\u00e5romr\u00e5dene.<\/span><\/li>\n<li style=\"font-weight: 400;\"><span style=\"font-weight: 400;\">Badet\u00f8y<\/span><\/li>\n<\/ul>\n<p>&nbsp;<\/p>\n<h4><b><i>Hotellhenting <\/i><\/b><\/h4>\n<p><span style=\"font-weight: 400;\">Henting av reisende tilbys!<\/span><\/p>\n<p><span style=\"font-weight: 400;\">Vi henter deg fra alle hotellene i Punta Cana. Opphentingssted er hotellobbyen<br \/>\nHvis du bor i en leilighet i omr\u00e5det, henter vi deg ved leiligheten eller ved inngangen til n\u00e6rmeste feriested... Vi ordner henting ved \u00e5 kontakte oss via Whatsapp.<\/span><\/p>\n<p><b>Merk:<\/b><span style=\"font-weight: 400;\"> Hvis du bestiller innen 24 timer f\u00f8r avreisetidspunktet for turen\/utflukten, kan vi ordne henting p\u00e5 hotellet. N\u00e5r kj\u00f8pet er fullf\u00f8rt, sender vi deg fullstendig kontaktinformasjon (telefonnummer, e-postadresse osv.) slik at v\u00e5r lokale reiseleder kan ordne med henting.<\/span><\/p>\n<h4><b><i>Bekreftelse av tilleggsinformasjon <\/i><\/b><\/h4>\n<ol>\n<li>Billetter er kvitteringen etter \u00e5 ha betalt denne turen. Du kan vise betalingen p\u00e5 telefonen.<\/li>\n<li style=\"font-weight: 400;\"><span style=\"font-weight: 400;\">M\u00f8tepunkt vil bli mottatt etter reservasjonsprosessen.<\/span><\/li>\n<li style=\"font-weight: 400;\"><span style=\"font-weight: 400;\">Barn m\u00e5 v\u00e6re i f\u00f8lge med en voksen.<\/span><\/li>\n<li style=\"font-weight: 400;\"><span style=\"font-weight: 400;\"> Ikke tilgjengelig for rullestolbrukere <\/span><\/li>\n<li style=\"font-weight: 400;\"><span style=\"font-weight: 400;\">Spedbarn m\u00e5 sitte p\u00e5 fanget <\/span><\/li>\n<li style=\"font-weight: 400;\"><span style=\"font-weight: 400;\">Anbefales ikke for reisende med ryggproblemer<\/span><\/li>\n<li style=\"font-weight: 400;\"><span style=\"font-weight: 400;\">Anbefales ikke for gravide reisende <\/span><\/li>\n<li style=\"font-weight: 400;\"><span style=\"font-weight: 400;\"> Ingen hjerteproblemer eller andre alvorlige medisinske tilstander <\/span><\/li>\n<li style=\"font-weight: 400;\"><span style=\"font-weight: 400;\">De fleste reisende kan delta<\/span><\/li>\n<\/ol>\n<h4><b><i>Avbestillingsregler<\/i><\/b><\/h4>\n<p><span style=\"font-weight: 400;\">For \u00e5 f\u00e5 full refusjon m\u00e5 du avbestille minst 24 timer f\u00f8r startdatoen for opplevelsen. Midler vil g\u00e5 tapt hvis reservasjonen avbestilles samme dag som turen starter.<\/span><\/p>\n\n\t\t<\/div>\n\t<\/div>\n<\/div><\/div><\/div><\/div><div class=\"vc_row wpb_row vc_row-fluid\" ><div class=\"wpb_column vc_column_container vc_col-sm-12\"><div class=\"vc_column-inner\"><div class=\"wpb_wrapper\">\n\t<div class=\"wpb_video_widget wpb_content_element vc_clearfix   vc_video-aspect-ratio-169 vc_video-el-width-100 vc_video-align-left\" >\n\t\t<div class=\"wpb_wrapper\">\n\t\t\t<h2 class=\"wpb_heading wpb_video_heading\">Santo Domingo video:<\/h2>\n\t\t\t<div class=\"wpb_video_wrapper\"><iframe loading=\"lazy\" title=\"Santo Domingo, Capital City of the Dominican Republic | TRAVEL DIARY\" width=\"1100\" height=\"619\" src=\"https:\/\/www.youtube.com\/embed\/CixCl3alHJw?feature=oembed\" frameborder=\"0\" allow=\"accelerometer; autoplay; clipboard-write; encrypted-media; gyroscope; picture-in-picture\" allowfullscreen><\/iframe><\/div>\n\t\t<\/div>\n\t<\/div>\n<\/div><\/div><\/div><\/div><div class=\"vc_row wpb_row vc_row-fluid\" ><div class=\"wpb_column vc_column_container vc_col-sm-12\"><div class=\"vc_column-inner\"><div class=\"wpb_wrapper\"><div class=\"vc_empty_space\"   style=\"height: 32px\"><span class=\"vc_empty_space_inner\"><\/span><\/div>\n\t<div class=\"wpb_text_column wpb_content_element\" >\n\t\t<div class=\"wpb_wrapper\">\n\t\t\t<h4>Kontakt oss?<\/h4>\n<h5><em><strong>Booking Adventures<\/strong><\/em><\/h5>\n<p><em><strong>Lokalbefolkningen<\/strong>\u00a0og\u00a0<strong>Nationals<\/strong>\u00a0Turguider og gjestetjenester<\/em><\/p>\n<p><span class=\"text-turquoise\">Reservasjoner:<\/span>\u00a0Turer og utflukter i Dom. Rep.<\/p>\n<p><img decoding=\"async\" class=\"emoji\" draggable=\"false\" src=\"https:\/\/s.w.org\/images\/core\/emoji\/11.2.0\/svg\/1f4de.svg\" alt=\"\ud83d\udcde\" title=\"\">\u00a0Tlf\/Whatsapp\u00a0\u00a0<a href=\"tel:+1-809-720-6035\">+1-809-720-6035<\/a>.<\/p>\n<p><img decoding=\"async\" class=\"emoji\" draggable=\"false\" src=\"https:\/\/s.w.org\/images\/core\/emoji\/11.2.0\/svg\/1f4e9.svg\" alt=\"\ud83d\udce9\" title=\"\">\u00a0<a href=\"mailto:info@bookingadventures.com.do\">info@bookingadventures.com.do<\/a><\/p>\n<p><strong>Vi er fleksible med private turer av Whatsapp:\u00a0<a href=\"tel:+18097206035\">+18097206035.<\/a><\/strong><\/p>\n\n\t\t<\/div>\n\t<\/div>\n<div class=\"vc_empty_space\"   style=\"height: 32px\"><span class=\"vc_empty_space_inner\"><\/span><\/div><\/div><\/div><\/div><\/div>","protected":false},"excerpt":{"rendered":"<p>To truly experience the rich history and culture of the Dominican Republic, join us for an all-day tour of Santo Domingo, the oldest city in the Americas.\u00a0 Riding in a modern, clean, and comfortable bus, you will be entertained by a professional guide making this trip both lively and informative.<\/p>\n<p>You will see many interesting sites along the way, including the Chavon River, which has been featured in films, such as Apocalypse Now and Rambo.\u00a0 Visiting Los Tres Ojos National Park and the complete Zona Colonial after a Typical Lunch buffet.<\/p>\n<p>&nbsp;<\/p>\n<p><strong>Please Select the date for\u00a0 City Tour:\u00a0<\/strong><\/p>","protected":false},"featured_media":364,"template":"","meta":[],"product_brand":[],"product_cat":[120,135,303,304,305,122],"product_tag":[306,307,308,309,310,311,312,313,314,315,316],"class_list":{"0":"post-11336","1":"product","2":"type-product","3":"status-publish","4":"has-post-thumbnail","6":"product_cat-fees-entrace","7":"product_cat-lunch","8":"product_cat-santo-domingo-from-punta-cana","9":"product_cat-tours-excursion-santo-domingo","10":"product_cat-tours-and-excursion-punta-cana","11":"product_cat-tours-and-excursions","12":"product_tag-columbus-lighthouse","13":"product_tag-day-trip-santo-domingo","14":"product_tag-los-tres-ojos-national-park","15":"product_tag-los-tres-ojos-santo-domingo","16":"product_tag-santo-domingo-city-tour","17":"product_tag-santo-domingo-excursion","18":"product_tag-santo-domingo-tour","19":"product_tag-the-3-eyes","20":"product_tag-the-colonial-zone","21":"product_tag-the-national-palace","22":"product_tag-the-plaza-de-espana","24":"first","25":"instock","26":"sale","27":"sold-individually","28":"shipping-taxable","29":"product-type-external"},"_links":{"self":[{"href":"https:\/\/haitises.com\/nb\/wp-json\/wp\/v2\/product\/11336","targetHints":{"allow":["GET"]}}],"collection":[{"href":"https:\/\/haitises.com\/nb\/wp-json\/wp\/v2\/product"}],"about":[{"href":"https:\/\/haitises.com\/nb\/wp-json\/wp\/v2\/types\/product"}],"wp:featuredmedia":[{"embeddable":true,"href":"https:\/\/haitises.com\/nb\/wp-json\/wp\/v2\/media\/364"}],"wp:attachment":[{"href":"https:\/\/haitises.com\/nb\/wp-json\/wp\/v2\/media?parent=11336"}],"wp:term":[{"taxonomy":"product_brand","embeddable":true,"href":"https:\/\/haitises.com\/nb\/wp-json\/wp\/v2\/product_brand?post=11336"},{"taxonomy":"product_cat","embeddable":true,"href":"https:\/\/haitises.com\/nb\/wp-json\/wp\/v2\/product_cat?post=11336"},{"taxonomy":"product_tag","embeddable":true,"href":"https:\/\/haitises.com\/nb\/wp-json\/wp\/v2\/product_tag?post=11336"}],"curies":[{"name":"wp","href":"https:\/\/api.w.org\/{rel}","templated":true}]}}