{"id":10900,"date":"2020-07-15T20:24:07","date_gmt":"2020-07-15T20:24:07","guid":{"rendered":"http:\/\/haitises.com\/Republica-Dominicana\/import-placeholder-for-9686\/"},"modified":"2024-04-16T01:30:31","modified_gmt":"2024-04-16T01:30:31","slug":"ermitano-beach-playa-ermitano-boat-tour-and-playa-onda-half-day-trip-samana-dominican-republic-2","status":"publish","type":"product","link":"https:\/\/haitises.com\/nb\/privat\/ermitano-beach-playa-ermitano-boat-tour-and-playa-onda-half-day-trip-samana-dominican-republic-2\/","title":{"rendered":"(Ermitano Beach) Playa Ermita\u00f1o B\u00e5ttur og Playa Honda, halvdagstur, Saman\u00e1 \u2013 Den dominikanske republikk."},"content":{"rendered":"<div class=\"vc_row wpb_row vc_row-fluid\" ><div class=\"wpb_column vc_column_container vc_col-sm-12\"><div class=\"vc_column-inner\"><div class=\"wpb_wrapper\">[mkdf_section_title title_tag=\u00bb\u00bb disable_break_words=\u00bbno\u00bb subtitle_tag=\u00bb\u00bb title=\u00bbPlaya Rinc\u00f3n, Playa Fronton + Playa Madame Beach, Saman\u00e1 &#8211; Dominican Republic.\u00bb subtitle=\u00bbLunch, Boat Ride and Private Transportation From Hotels.\u00bb]\n\t<div class=\"wpb_text_column wpb_content_element\" >\n\t\t<div class=\"wpb_wrapper\">\n\t\t\t<h2 class=\"styles__heading___mD4_3\" data-radium=\"true\">(Ermitano Beach) Playa Ermita\u00f1o boat tour and Playa Onda private Trip.<\/h2>\n<h4><b><i>Oversikt <\/i><\/b><\/h4>\n<p>The trip starts picking you up in your hotel or at the airport in Samana area or Las Galeras. Start your experience at Playa El Valle, a beautiful and unique beach near to Saman\u00e1. Enjoy a 25 min boat ride to Playa Ermita\u00f1o, which is a still unexplored and isolated beach with turquoise blue water. Relish fresh coconut water. Discover the real and untouched beauty of the Dominican Republic and emmerse yourself into nature, as you explore the secret cave nearby. Stay at Playa Ermita\u00f1o as long as you want, and visit Playa Onda, another beautiful wild beach, only a 15 min boat ride away. Return to Playa El Valle and then proceed to Saman\u00e1, will see local houses and learn about the Dominican real life.<\/p>\n<p>&nbsp;<\/p>\n<ul>\n<li>Lokal guide med sikkerhetserfaring i omr\u00e5det.<\/li>\n<li>Privat transport<\/li>\n<li>Avgifter inkludert<\/li>\n<li>Lunch at the Beach<\/li>\n<li>Lokal reiseleder p\u00e5 spansk, engelsk eller fransk.<\/li>\n<li>Vandring<\/li>\n<\/ul>\n<h4><b>Inkluderinger og ekskluderinger<\/b><\/h4>\n<p>&nbsp;<\/p>\n<p><b>Inkluderinger<\/b><\/p>\n<ol>\n<li><span style=\"font-weight: 400;\">Lokal guide med sikkerhetserfaring i omr\u00e5det.<\/span><\/li>\n<li>Privat transport for sm\u00e5 grupper<\/li>\n<li style=\"font-weight: 400;\">El Rincon Beach<\/li>\n<li>Dominican House Ranch<\/li>\n<li>Cano Frio River<\/li>\n<li style=\"font-weight: 400;\"><span style=\"font-weight: 400;\">Alle skatter, avgifter og h\u00e5ndteringskostnader<\/span><\/li>\n<li style=\"font-weight: 400;\"><span style=\"font-weight: 400;\">Lokale skatter<\/span><\/li>\n<li>Lunch at the Beach<\/li>\n<li>Vandring<\/li>\n<li style=\"font-weight: 400;\"><span style=\"font-weight: 400;\">Alle aktiviteter<\/span><\/li>\n<\/ol>\n<p><b> Ekskluderinger<\/b><\/p>\n<ol>\n<li style=\"font-weight: 400;\"><span style=\"font-weight: 400;\">Drikkepenger<\/span><\/li>\n<li>Alle drikkevarer<\/li>\n<\/ol>\n<h4><em><strong>Avreise og retur<\/strong><\/em><\/h4>\n<p><span style=\"font-weight: 400;\">Den reisende vil f\u00e5 et m\u00f8tepunkt etter reservasjonsprosessen. Turene starter og slutter p\u00e5 m\u00f8tepunktene dine.<\/span><\/p>\n<h2 class=\"styles__heading___mD4_3\" data-radium=\"true\">(Ermitano Beach) Playa Ermita\u00f1o boat tour and Playa Onda private Trip.<\/h2>\n<h4><em>Hva \u00e5 forvente?<\/em><\/h4>\n<p>After departing Samana hotels area and driving across Dominican streets, you will see and learn about local\u2019s life style.This beach is located between Playa\u00a0 Honda and Playa El Valle In Samana&#8217;s Peninsula. It has a length of 400 meters and is surrounded by reefs. \u00a0The only way \u00a0to access this beach is hiking, through a dense jungle-like trail path or with a boat.<\/p>\n<p>The story of his name is so fascinating and interesting\u2026 Juan El Ermita\u00f1o apparently was a French pirate who, repentant, landed one day on this playa in Samana. The story goes he had been alone and isolated from the world during the year 1780. The legend says that after 22 years of exile, he was discovered by surprise by his former fellow corsairs who believed him dead. But the Spaniards, who were astonished by his austerity and constancy, granted him pardon, considering him almost a saint. But as with any history of pirates that boasts, Juan El Ermita\u00f1o kept a great secret: he kept a precious booty of his time as a pirate who hid on this beach.<\/p>\n<p>When arriving there you will see in front of you a postcard perfect landscape. You will have the impression of being unique in the world in this magical place of its lush and tropical vegetation and by the beauty of its crystal clear waters. \u00a0This beach makes a wow-experience come true.<\/p>\n<p>The Turkish and Swedish version of Survivor tv series were shot on this beach<\/p>\n<p>This tour, organized by \u00abBooking Adventures\u00bb starts at the meeting point set with our Tour Guide. Come with Booking Adventures and have lunch at the beach and enjoy the one of the\u00a0most amazing beaches in Samana, Dominican Republic.<\/p>\n<h4><em><strong>Hva b\u00f8r du ta med?<\/strong><\/em><\/h4>\n<ul>\n<li style=\"font-weight: 400;\"><span style=\"font-weight: 400;\">kamera<\/span><\/li>\n<li style=\"font-weight: 400;\"><span style=\"font-weight: 400;\">Avvisende knopper<\/span><\/li>\n<li style=\"font-weight: 400;\"><span style=\"font-weight: 400;\">Solkrem<\/span><\/li>\n<li>Vann<\/li>\n<li style=\"font-weight: 400;\"><span style=\"font-weight: 400;\">Hatt<\/span><\/li>\n<li style=\"font-weight: 400;\"><span style=\"font-weight: 400;\">Komfortable bukser<\/span><\/li>\n<li style=\"font-weight: 400;\"><span style=\"font-weight: 400;\">Tursko for skog<\/span><\/li>\n<li style=\"font-weight: 400;\"><span style=\"font-weight: 400;\">Sandaler til v\u00e5romr\u00e5dene.<\/span><\/li>\n<li style=\"font-weight: 400;\"><span style=\"font-weight: 400;\">Badet\u00f8y<\/span><\/li>\n<\/ul>\n<p>&nbsp;<\/p>\n<h4><b><i>Hotellhenting <\/i><\/b><\/h4>\n<p><span style=\"font-weight: 400;\">Hotel pick-up is offered for this tour. <\/span><\/p>\n<p>&nbsp;<\/p>\n<p><b>Merk:<\/b><span style=\"font-weight: 400;\"> Hvis du bestiller innen 24 timer f\u00f8r avreisetidspunktet for turen\/utflukten, kan vi ordne henting p\u00e5 hotellet. Vi henter bare i Samana-omr\u00e5det. N\u00e5r kj\u00f8pet er fullf\u00f8rt, sender vi deg fullstendig kontaktinformasjon (telefonnummer, e-postadresse osv.) slik at v\u00e5r lokale reiseleder kan ordne med henting.<\/span><\/p>\n<h4><b><i>Bekreftelse av tilleggsinformasjon <\/i><\/b><\/h4>\n<ol>\n<li>Billetter er kvitteringen etter \u00e5 ha betalt denne turen. Du kan vise betalingen p\u00e5 telefonen.<\/li>\n<li style=\"font-weight: 400;\"><span style=\"font-weight: 400;\">M\u00f8tepunkt vil bli mottatt etter reservasjonsprosessen.<\/span><\/li>\n<li style=\"font-weight: 400;\"><span style=\"font-weight: 400;\">Barn m\u00e5 v\u00e6re i f\u00f8lge med en voksen.<\/span><\/li>\n<li style=\"font-weight: 400;\"><span style=\"font-weight: 400;\"> Ikke tilgjengelig for rullestolbrukere <\/span><\/li>\n<li style=\"font-weight: 400;\"><span style=\"font-weight: 400;\">Spedbarn m\u00e5 sitte p\u00e5 fanget <\/span><\/li>\n<li style=\"font-weight: 400;\"><span style=\"font-weight: 400;\">Anbefales ikke for reisende med ryggproblemer<\/span><\/li>\n<li style=\"font-weight: 400;\"><span style=\"font-weight: 400;\">Anbefales ikke for gravide reisende <\/span><\/li>\n<li style=\"font-weight: 400;\"><span style=\"font-weight: 400;\"> Ingen hjerteproblemer eller andre alvorlige medisinske tilstander <\/span><\/li>\n<li style=\"font-weight: 400;\"><span style=\"font-weight: 400;\">De fleste reisende kan delta<\/span><\/li>\n<\/ol>\n<h4><b><i>Avbestillingsregler<\/i><\/b><\/h4>\n<p><span style=\"font-weight: 400;\">For \u00e5 f\u00e5 full refusjon m\u00e5 du avbestille minst 24 timer f\u00f8r startdatoen for opplevelsen. Midler vil g\u00e5 tapt hvis reservasjonen avbestilles samme dag som turen starter.<\/span><\/p>\n\n\t\t<\/div>\n\t<\/div>\n<\/div><\/div><\/div><\/div><div class=\"vc_row wpb_row vc_row-fluid\" ><div class=\"wpb_column vc_column_container vc_col-sm-12\"><div class=\"vc_column-inner\"><div class=\"wpb_wrapper\">\n\t<div class=\"wpb_video_widget wpb_content_element vc_clearfix   vc_video-aspect-ratio-169 vc_video-el-width-100 vc_video-align-left\" >\n\t\t<div class=\"wpb_wrapper\">\n\t\t\t<h2 class=\"wpb_heading wpb_video_heading\">Watch Video:<\/h2>\n\t\t\t<div class=\"wpb_video_wrapper\"><iframe loading=\"lazy\" title=\"Playa Ermita&amp;ntilde;o - Saman&amp;aacute;, Rep&amp;uacute;blica Dominicana\" src=\"https:\/\/player.vimeo.com\/video\/263076708?dnt=1&amp;app_id=122963\" width=\"1100\" height=\"619\" frameborder=\"0\" allow=\"autoplay; fullscreen\" allowfullscreen><\/iframe><\/div>\n\t\t<\/div>\n\t<\/div>\n<\/div><\/div><\/div><\/div><div class=\"vc_row wpb_row vc_row-fluid\" ><div class=\"wpb_column vc_column_container vc_col-sm-12\"><div class=\"vc_column-inner\"><div class=\"wpb_wrapper\"><div class=\"vc_empty_space\"   style=\"height: 32px\"><span class=\"vc_empty_space_inner\"><\/span><\/div>\n\t<div class=\"wpb_text_column wpb_content_element\" >\n\t\t<div class=\"wpb_wrapper\">\n\t\t\t<h4>Kontakt oss?<\/h4>\n<h5>Booking Adventures<\/h5>\n<p><em><strong>Lokalbefolkningen<\/strong>\u00a0og\u00a0<strong>Nationals<\/strong>\u00a0Turguider og gjestetjenester<\/em><\/p>\n<p><span class=\"text-turquoise\">Reservasjoner:<\/span>\u00a0Turer og utflukter i Dom. Rep.<\/p>\n<p><img decoding=\"async\" class=\"emoji\" draggable=\"false\" src=\"https:\/\/s.w.org\/images\/core\/emoji\/11.2.0\/svg\/1f4de.svg\" alt=\"\ud83d\udcde\" title=\"\">\u00a0Tlf\/Whatsapp\u00a0\u00a0<a href=\"tel:+1-809-720-6035\">+1-809-720-6035<\/a>.<\/p>\n<p><img decoding=\"async\" class=\"emoji\" draggable=\"false\" src=\"https:\/\/s.w.org\/images\/core\/emoji\/11.2.0\/svg\/1f4e9.svg\" alt=\"\ud83d\udce9\" title=\"\">\u00a0<a href=\"mailto:info@bookingadventures.com.do\">info@bookingadventures.com.do<\/a><\/p>\n<p><strong>Vi er fleksible med private turer av Whatsapp:\u00a0<a href=\"tel:+18097206035\">+18097206035.<\/a><\/strong><\/p>\n\n\t\t<\/div>\n\t<\/div>\n<div class=\"vc_empty_space\"   style=\"height: 32px\"><span class=\"vc_empty_space_inner\"><\/span><\/div><\/div><\/div><\/div><\/div>","protected":false},"excerpt":{"rendered":"<p>The trip starts picking you up in your hotel or at the airport in the Samana area of Las Galeras. Start your experience at Playa El Valle, a beautiful and unique beach near Saman\u00e1. Enjoy a 25 min boat ride to Playa Ermita\u00f1o, which is a still unexplored and isolated beach with turquoise blue water. Relish fresh coconut water. Discover the real and untouched beauty of the Dominican Republic and immerse yourself into nature, as you explore the secret cave nearby. Stay at Playa Ermita\u00f1o as long as you want, and visit Playa Onda, another beautiful wild beach, only a 15 min boat ride away. Return to Playa El Valle and then proceed to Saman\u00e1, will see local houses and learn about the Dominican real life. This is a half-day experience of the real Samana in the Dominican Republic.<\/p>\n<p>&nbsp;<\/p>\n<p><strong>Please Select the date for Tour:\u00a0<\/strong><\/p>","protected":false},"featured_media":484,"template":"","meta":[],"product_brand":[],"product_cat":[356,98,135,124],"product_tag":[376,377,378,379,380,381,382,383,384,385,386,387,388,389,201,270,148,143],"class_list":{"0":"post-10900","1":"product","2":"type-product","3":"status-publish","4":"has-post-thumbnail","6":"product_cat-day-trips","7":"product_cat-local-tour-guides","8":"product_cat-lunch","9":"product_cat-tours-excursions-samana-bay-dominican-republic","10":"product_tag-ermitano-beach-playa-ermitano-boat-tour-and-playa-onda-private-trip","11":"product_tag-ermitano-beach","12":"product_tag-ermitano-excursion","13":"product_tag-ermitano-samana","14":"product_tag-ermitano-tour","15":"product_tag-las-terrenas-excursions","16":"product_tag-las-terrenas-tours","17":"product_tag-onda-beach","18":"product_tag-playa-ermitano-and-playa-onda-private-boat-tour","19":"product_tag-playa-ermitano-tour","20":"product_tag-playa-honda-samana","21":"product_tag-playa-onda","22":"product_tag-playa-onda-location","23":"product_tag-playa-onda-samana-maps","24":"product_tag-private-tours-samana","25":"product_tag-samana-dominican-republic","26":"product_tag-samana-excursions","27":"product_tag-samana-tours","29":"first","30":"instock","31":"sale","32":"sold-individually","33":"shipping-taxable","34":"product-type-external"},"_links":{"self":[{"href":"https:\/\/haitises.com\/nb\/wp-json\/wp\/v2\/product\/10900","targetHints":{"allow":["GET"]}}],"collection":[{"href":"https:\/\/haitises.com\/nb\/wp-json\/wp\/v2\/product"}],"about":[{"href":"https:\/\/haitises.com\/nb\/wp-json\/wp\/v2\/types\/product"}],"wp:featuredmedia":[{"embeddable":true,"href":"https:\/\/haitises.com\/nb\/wp-json\/wp\/v2\/media\/484"}],"wp:attachment":[{"href":"https:\/\/haitises.com\/nb\/wp-json\/wp\/v2\/media?parent=10900"}],"wp:term":[{"taxonomy":"product_brand","embeddable":true,"href":"https:\/\/haitises.com\/nb\/wp-json\/wp\/v2\/product_brand?post=10900"},{"taxonomy":"product_cat","embeddable":true,"href":"https:\/\/haitises.com\/nb\/wp-json\/wp\/v2\/product_cat?post=10900"},{"taxonomy":"product_tag","embeddable":true,"href":"https:\/\/haitises.com\/nb\/wp-json\/wp\/v2\/product_tag?post=10900"}],"curies":[{"name":"wp","href":"https:\/\/api.w.org\/{rel}","templated":true}]}}