{"id":11691,"date":"2023-10-04T07:40:34","date_gmt":"2023-10-04T07:40:34","guid":{"rendered":"http:\/\/haitises.com\/?post_type=product&#038;p=11691"},"modified":"2024-10-18T11:25:39","modified_gmt":"2024-10-18T11:25:39","slug":"samana-day-trip-from-bayahibe-el-limon-waterfall-and-bacardi-island-3","status":"publish","type":"product","link":"https:\/\/haitises.com\/ms\/persendirian\/samana-day-trip-from-bayahibe-el-limon-waterfall-and-bacardi-island-3\/","title":{"rendered":"Saman\u00e1 Day Trip From Bayahibe &#8211; El Lim\u00f3n Waterfall and Bacardi Island"},"content":{"rendered":"<div class=\"vc_row wpb_row vc_row-fluid\" ><div class=\"wpb_column vc_column_container vc_col-sm-12\"><div class=\"vc_column-inner\"><div class=\"wpb_wrapper\">[mkdf_section_title title_tag=\u00bb\u00bb disable_break_words=\u00bbno\u00bb subtitle_tag=\u00bb\u00bb title=\u00bbSamana Day Trip From Bayahibe &#8211; El Limon Waterfall and Bacardi Island\u00bb subtitle=\u00bb(Pick-up in Bayahibe Hotels)\u00bb]<\/div><\/div><\/div><\/div><div class=\"vc_row wpb_row vc_row-fluid\" ><div class=\"wpb_column vc_column_container vc_col-sm-12\"><div class=\"vc_column-inner\"><div class=\"wpb_wrapper\">\n\t<div class=\"wpb_text_column wpb_content_element\" >\n\t\t<div class=\"wpb_wrapper\">\n\t\t\t<h4><b><i>Gambaran keseluruhan <\/i><\/b><\/h4>\n<p>If you are in Bayahibe, Punta Cana or Bavaro, and wants to have a day trip paying less than usual, go ahead and book this trip. Within this trip, we will take you to Samana, where on a catamaran, you will be taken to Sabana de la Mar, a township of Hato Mayor the house of \u00a0Los Haitises National Park. This journey includes visiting the communities of Samana and El Limon where you will be able to do Horse Riding or Hiking to a waterfall right after crossing Samana Bay. The lunch will be served at Bacardi Island. The trips begins at 6:00am and ends by 6:30pm. Do your reservation now!<\/p>\n<p>After this experience,\u00a0 we will drop you off at Your Hotel.<\/p>\n<ul>\n<li style=\"font-weight: 400;\">Bayaran termasuk<\/li>\n<li>Lunch at the beach included<\/li>\n<li>Transfer incluided<\/li>\n<li style=\"font-weight: 400;\"><span style=\"font-weight: 400;\">Panduan menyediakan arahan dan Penyeliaan<\/span><\/li>\n<\/ul>\n<p>&nbsp;<\/p>\n<h4><b>Kemasukan &amp; Pengecualian<\/b><\/h4>\n<p>&nbsp;<\/p>\n<p><b>Kemasukan<\/b><\/p>\n<p>&nbsp;<\/p>\n<ol>\n<li style=\"font-weight: 400;\">Hotel pick up<\/li>\n<li style=\"font-weight: 400;\">Saman\u00e1 Bay<\/li>\n<li>Bacardi Island, Beach, and Lunch<\/li>\n<li>Safari to El Lim\u00f3n<\/li>\n<li>Horse riding or Hiking to Waterfalls<\/li>\n<li>Dominicans Cocktails<\/li>\n<li style=\"font-weight: 400;\"><span style=\"font-weight: 400;\">Semua cukai, yuran dan caj pengendalian<\/span><\/li>\n<li style=\"font-weight: 400;\"><span style=\"font-weight: 400;\">Cukai tempatan<\/span><\/li>\n<li style=\"font-weight: 400;\"><span style=\"font-weight: 400;\">Beverages<\/span><\/li>\n<li style=\"font-weight: 400;\"><span style=\"font-weight: 400;\">Semua aktiviti<\/span><\/li>\n<li style=\"font-weight: 400;\"><span style=\"font-weight: 400;\">Pemandu tempatan<\/span><\/li>\n<\/ol>\n<p><b> Pengecualian<\/b><\/p>\n<ol>\n<li style=\"font-weight: 400;\"><span style=\"font-weight: 400;\">Ganjaran<\/span><\/li>\n<li style=\"font-weight: 400;\"><span style=\"font-weight: 400;\">Alcoholic Drinks after Cocktails\u00a0<\/span><\/li>\n<\/ol>\n<p>&nbsp;<\/p>\n<h4><em><strong>Berlepas &amp; Kembali<\/strong><\/em><\/h4>\n<p><span style=\"font-weight: 400;\">Pengembara akan mendapat titik pertemuan selepas Proses Tempahan. Lawatan bermula dan Selesai di tempat pertemuan kami.<\/span><\/p>\n<p>&nbsp;<\/p>\n<h3>Samana Day Trip From Bayahibe &#8211; El Limon Waterfall and Bacardi Island<\/h3>\n<h4><b><i>Apa yang Dijangkakan?<\/i><\/b><\/h4>\n<p>&nbsp;<\/p>\n<p><strong>Get your tickets now<\/strong>. The waterfalls, Horse Riding, Hiking, and Safari Tour, Swimming at Natural Springs, lunch at Bacardi Island, and others fun activities are waiting for you.<\/p>\n<p>Departing Bayahibe on a bus, we will head to Samana Bay port. Once at the port, we will get onboard of a boat or Catamaran with local tour guides who will direct you to the community of Samana. In this community a Safari Tour will take you around teaching you about the history of this town. \u00a0But this is not all, El Limon waterfall is next, here you will be able swim and hike or do horse riding. \u00a0El Limon waterfall is a fantastic natural monument with a tropical forest and clear natural springs. On the way back to Samana we will have a stop at Bacardi Island where a lunch will be served and you are going to be able to swim in one of the most natural pools of Dominican Republic.<\/p>\n<p>&nbsp;<\/p>\n<p>In case you would like to adjust this trip so it is shorter or longer, please contact us.<\/p>\n<p>&nbsp;<\/p>\n<h4><em><strong>Apa yang patut anda bawa?<\/strong><\/em><\/h4>\n<ul>\n<li style=\"font-weight: 400;\"><span style=\"font-weight: 400;\">kamera<\/span><\/li>\n<li style=\"font-weight: 400;\"><span style=\"font-weight: 400;\">Putik penghalau<\/span><\/li>\n<li style=\"font-weight: 400;\"><span style=\"font-weight: 400;\">krim matahari<\/span><\/li>\n<li style=\"font-weight: 400;\"><span style=\"font-weight: 400;\">Topi<\/span><\/li>\n<li style=\"font-weight: 400;\"><span style=\"font-weight: 400;\">Seluar yang selesa<\/span><\/li>\n<li style=\"font-weight: 400;\"><span style=\"font-weight: 400;\">Kasut mendaki untuk hutan<\/span><\/li>\n<li style=\"font-weight: 400;\"><span style=\"font-weight: 400;\">Sandal ke kawasan Spring.<\/span><\/li>\n<li style=\"font-weight: 400;\"><span style=\"font-weight: 400;\">Pakaian renang<\/span><\/li>\n<\/ul>\n<p>&nbsp;<\/p>\n<h4><b><i>Jemputan Hotel <\/i><\/b><\/h4>\n<p><span style=\"font-weight: 400;\">Traveler pickup is offered!<\/span><\/p>\n<p><span style=\"font-weight: 400;\">We do pick up from all the Hotels in Bayahibe. Pick up Location is Hotel Lobby<br \/>\nIf you are staying at a condo in the area, we will be picking you up at the condo or at the entrance of the closest resort.. We set Pick up contacting us by Whatsapp.<\/span><\/p>\n<p><b>Catatan:<\/b><span style=\"font-weight: 400;\"> If you are booking within 24 hours of the tour\/Excursion departure time, we can arrangements hotel pick-up. Once your purchase is complete, we will send you complete contact information (phone number, email address, etc.) for our local Tour guide to organize pick-up arrangements.<\/span><\/p>\n<h4><b><i>Pengesahan Maklumat Tambahan <\/i><\/b><\/h4>\n<ol>\n<li>Tiket adalah Resit selepas membayar Tour ini. Anda boleh menunjukkan pembayaran pada telefon anda.<\/li>\n<li style=\"font-weight: 400;\"><span style=\"font-weight: 400;\">Tempat Mesyuarat Akan Diterima Selepas Proses Tempahan.<\/span><\/li>\n<li style=\"font-weight: 400;\"><span style=\"font-weight: 400;\">Kanak-kanak mesti ditemani oleh orang dewasa.<\/span><\/li>\n<li style=\"font-weight: 400;\"><span style=\"font-weight: 400;\"> Tidak boleh diakses kerusi roda <\/span><\/li>\n<li style=\"font-weight: 400;\"><span style=\"font-weight: 400;\">Bayi mesti duduk di atas riba <\/span><\/li>\n<li style=\"font-weight: 400;\"><span style=\"font-weight: 400;\">Tidak disyorkan untuk pengembara yang mempunyai masalah belakang<\/span><\/li>\n<li style=\"font-weight: 400;\"><span style=\"font-weight: 400;\">Tidak disyorkan untuk pelancong hamil <\/span><\/li>\n<li style=\"font-weight: 400;\"><span style=\"font-weight: 400;\"> Tiada masalah jantung atau keadaan perubatan serius lain <\/span><\/li>\n<li style=\"font-weight: 400;\"><span style=\"font-weight: 400;\">Kebanyakan pelancong boleh mengambil bahagian<\/span><\/li>\n<\/ol>\n<h4><b><i>Polisi Pembatalan<\/i><\/b><\/h4>\n<p>Untuk bayaran balik penuh, sila baca dasar Pembatalan kami\u00a0<a href=\"https:\/\/www.ticketswhales.com\/online-booking\/\" target=\"_blank\" rel=\"noopener\" data-saferedirecturl=\"https:\/\/www.google.com\/url?q=https:\/\/www.ticketswhales.com\/online-booking\/&amp;source=gmail&amp;ust=1672449202351000&amp;usg=AOvVaw1yAeVAPktmaVCqDujgUn90\">Tekan di sini<\/a>. Funds will be lost if the reservation is cancelled the same day of the trip.<\/p>\n\n\t\t<\/div>\n\t<\/div>\n<\/div><\/div><\/div><\/div><div class=\"vc_row wpb_row vc_row-fluid\" ><\/div><div class=\"wpb_column vc_column_container vc_col-sm-12\"><div class=\"vc_column-inner\"><div class=\"wpb_wrapper\"><\/div><\/div><\/div><div class=\"vc_empty_space\"   style=\"height: 32px\"><span class=\"vc_empty_space_inner\"><\/span><\/div>\n\t<div class=\"wpb_text_column wpb_content_element\" >\n\t\t<div class=\"wpb_wrapper\">\n\t\t\t<p>I am text block. Click edit button to change this text. Lorem ipsum dolor sit amet, consectetur adipiscing elit. Ut elit tellus, luctus nec ullamcorper mattis, pulvinar dapibus leo.<\/p>\n\n\t\t<\/div>\n\t<\/div>\n<div class=\"vc_empty_space\"   style=\"height: 32px\"><span class=\"vc_empty_space_inner\"><\/span><\/div>","protected":false},"excerpt":{"rendered":"<p><span style=\"vertical-align: inherit;\"><span style=\"vertical-align: inherit;\">Si est\u00e1s en Punta Cana o B\u00e1varo y quieres hacer una excursi\u00f3n de un d\u00eda pagando menos de lo habitual, reserva este viaje. <\/span><span style=\"vertical-align: inherit;\">Dentro de este viaje, lo llevaremos a Samana, donde en un catamar\u00e1n, lo llevar\u00e1n a Sabana de la Mar, un municipio de Hato Mayor, la casa del Parque Nacional Los Haitises. <\/span><span style=\"vertical-align: inherit;\">Este viaje incluye Safari Tour, Catamar\u00e1n, Cascada y nataci\u00f3n en la playa, y m\u00e1s. <\/span><span style=\"vertical-align: inherit;\">El viaje comienza a las 6:00 am y termina a las 6:30 pm. <\/span><span style=\"vertical-align: inherit;\">\u00a1No te lo pierdas!<\/span><\/span><\/p>\n<p>&nbsp;<\/p>\n<p>&nbsp;<\/p>\n<p><strong><span style=\"vertical-align: inherit;\"><span style=\"vertical-align: inherit;\">Seleccione la fecha para el tour\u00a0<\/span><\/span><\/strong><\/p>","protected":false},"featured_media":97,"template":"","meta":[],"product_brand":[],"product_cat":[576,464,567,590,122],"product_tag":[137,138,281,139,282,283,140,284,141,114,285,142,357,358,148,143],"class_list":{"0":"post-11691","1":"product","2":"type-product","3":"status-publish","4":"has-post-thumbnail","6":"product_cat-1-punta-cana","7":"product_cat-bayahibe-to-samana","8":"product_cat-el-limon-horseback-riding","9":"product_cat-el-limon-punta-cana","10":"product_cat-tours-and-excursions","11":"product_tag-bacardi-island","12":"product_tag-beach-time","13":"product_tag-cascada-el-limon-salto-el-limon-samana-republica-dominicana","14":"product_tag-cayo-levantado","15":"product_tag-el-limon-waterfall-bacardi-island-from-punta-cana","16":"product_tag-el-limon-waterfall-and-bacardi-island-tour-from-punta-cana","17":"product_tag-el-limon-waterfalls","18":"product_tag-guided-adventures","19":"product_tag-punta-cana","20":"product_tag-sabana-de-la-mar","21":"product_tag-salto-de-limon-punta-cana","22":"product_tag-samana","23":"product_tag-samana-day-trip-from-punta-cana","24":"product_tag-samana-day-trip-from-punta-cana-el-limon-waterfall-and-bacardi-island","25":"product_tag-samana-excursions","26":"product_tag-samana-tours","28":"first","29":"instock","30":"sale","31":"sold-individually","32":"shipping-taxable","33":"product-type-external"},"_links":{"self":[{"href":"https:\/\/haitises.com\/ms\/wp-json\/wp\/v2\/product\/11691","targetHints":{"allow":["GET"]}}],"collection":[{"href":"https:\/\/haitises.com\/ms\/wp-json\/wp\/v2\/product"}],"about":[{"href":"https:\/\/haitises.com\/ms\/wp-json\/wp\/v2\/types\/product"}],"wp:featuredmedia":[{"embeddable":true,"href":"https:\/\/haitises.com\/ms\/wp-json\/wp\/v2\/media\/97"}],"wp:attachment":[{"href":"https:\/\/haitises.com\/ms\/wp-json\/wp\/v2\/media?parent=11691"}],"wp:term":[{"taxonomy":"product_brand","embeddable":true,"href":"https:\/\/haitises.com\/ms\/wp-json\/wp\/v2\/product_brand?post=11691"},{"taxonomy":"product_cat","embeddable":true,"href":"https:\/\/haitises.com\/ms\/wp-json\/wp\/v2\/product_cat?post=11691"},{"taxonomy":"product_tag","embeddable":true,"href":"https:\/\/haitises.com\/ms\/wp-json\/wp\/v2\/product_tag?post=11691"}],"curies":[{"name":"wp","href":"https:\/\/api.w.org\/{rel}","templated":true}]}}