{"id":11632,"date":"2023-10-04T07:39:46","date_gmt":"2023-10-04T07:39:46","guid":{"rendered":"http:\/\/haitises.com\/?post_type=product&#038;p=11632"},"modified":"2024-04-01T19:33:46","modified_gmt":"2024-04-01T19:33:46","slug":"los-haitises-national-park-tour-from-samana-port-3","status":"publish","type":"product","link":"https:\/\/haitises.com\/ms\/persendirian\/los-haitises-national-park-tour-from-samana-port-3\/","title":{"rendered":"Lawatan Taman Negara Los Haitises dari Pelabuhan Saman\u00e1"},"content":{"rendered":"<div class=\"vc_row wpb_row vc_row-fluid\" ><div class=\"wpb_column vc_column_container vc_col-sm-12\"><div class=\"vc_column-inner\"><div class=\"wpb_wrapper\">[mkdf_section_title title_tag=\u00bb\u00bb disable_break_words=\u00bbno\u00bb subtitle_tag=\u00bb\u00bb title=\u00bbLos Haitises National Park Boat Tour\u00bb subtitle=\u00bbJust Los Haitises National Park\u00bb]<\/div><\/div><\/div><\/div><div class=\"vc_row wpb_row vc_row-fluid\" ><div class=\"wpb_column vc_column_container vc_col-sm-12\"><div class=\"vc_column-inner\"><div class=\"wpb_wrapper\"><div class=\"vc_btn3-container vc_btn3-inline\" ><button class=\"vc_general vc_btn3 vc_btn3-size-md vc_btn3-shape-rounded vc_btn3-style-modern vc_btn3-color-green\">TEMPAH SEKARANG<\/button><\/div>\n\t<div class=\"wpb_text_column wpb_content_element\" >\n\t\t<div class=\"wpb_wrapper\">\n\t\t\t<h4><b><i>Gambaran keseluruhan <\/i><\/b><\/h4>\n<p>Visit just Los Haitises National park starting from Saman\u00e1 Port.\u00a0 Come with us and visit the most beautiful national park of the Dominican Republic, Visiting Mangroves, Caves and San Lorenzo Bay plus crossing the gorgeous Saman\u00e1 bay. Then Back to Saman\u00e1 port.<\/p>\n<p>After this experience, you will get Back to Saman\u00e1 port.<\/p>\n<ul>\n<li style=\"font-weight: 400;\">Bayaran termasuk<\/li>\n<li style=\"font-weight: 400;\"><span style=\"font-weight: 400;\">Panduan menyediakan arahan dan Penyeliaan<\/span><\/li>\n<\/ul>\n<p>&nbsp;<\/p>\n<h4><b>Kemasukan &amp; Pengecualian<\/b><\/h4>\n<p>&nbsp;<\/p>\n<p><b>Kemasukan<\/b><\/p>\n<p>&nbsp;<\/p>\n<ol>\n<li style=\"font-weight: 400;\">Lawatan + Gua dan Piktograf Los Haitises<\/li>\n<li style=\"font-weight: 400;\"><span style=\"font-weight: 400;\">Semua cukai, yuran dan caj pengendalian<\/span><\/li>\n<li style=\"font-weight: 400;\"><span style=\"font-weight: 400;\">Cukai tempatan<\/span><\/li>\n<li style=\"font-weight: 400;\"><span style=\"font-weight: 400;\">Beverages<\/span><\/li>\n<li style=\"font-weight: 400;\"><span style=\"font-weight: 400;\">Semua aktiviti<\/span><\/li>\n<li style=\"font-weight: 400;\"><span style=\"font-weight: 400;\">Pemandu tempatan<\/span><\/li>\n<\/ol>\n<p><b> Pengecualian<\/b><\/p>\n<ol>\n<li style=\"font-weight: 400;\"><span style=\"font-weight: 400;\">Ganjaran<\/span><\/li>\n<li style=\"font-weight: 400;\"><span style=\"font-weight: 400;\">Pemindahan<\/span><\/li>\n<li style=\"font-weight: 400;\"><span style=\"font-weight: 400;\">Minuman beralkohol<\/span><\/li>\n<li>Lunch Not Included, For lunch include picking one of these trips:\u00a0 <a href=\"https:\/\/www.ticketswhales.com\/tour\/los-haitises-national-park-tour-from-samana-port\/\" target=\"_blank\" rel=\"noopener\">Los Haitises + Cayo Levantado<\/a> from Saman\u00e1 Port or<a href=\"https:\/\/www.ticketswhales.com\/tour\/los-haitises-national-park-lunch-at-cano-hondo-from-samana-port\/\" target=\"_blank\" rel=\"noopener\"><em><strong> Los Haitises + Cano Hondo from Samana Port.<\/strong><\/em><\/a><\/li>\n<\/ol>\n<p>&nbsp;<\/p>\n<h4><em><strong>Berlepas &amp; Kembali<\/strong><\/em><\/h4>\n<p><span style=\"font-weight: 400;\">Pengembara akan mendapat titik pertemuan selepas Proses Tempahan. Lawatan bermula dan Selesai di tempat pertemuan kami.<\/span><\/p>\n<p>&nbsp;<\/p>\n<h4><b><i>Apa yang Dijangkakan?<\/i><\/b><\/h4>\n<p>&nbsp;<\/p>\n<p><em><strong>Dapatkan tiket anda<\/strong><\/em> for visiting Los Haitises National Park with a wonderful lunch at Ca\u00f1o Hondo and Swimming at the Natural Springs.<\/p>\n<p>Starting from Saman\u00e1 port onboard of a Boat or Catamaran with a Local tour guide we pass Saman\u00e1 bay to Sabana de la Mar side to Visit one of the most beautiful national parks of the Dominican Republic. <em><strong>The Haitises National Park<\/strong><\/em>.<\/p>\n<p>Visiting Island with birds around. In the nesting season, we can even see the Pelicans chicks on the nests. Getting more inside of the rocky Island and visiting the Caves with pictographs and petrographs from the indigenous people.<\/p>\n<p>The tour, organized by \u00abBooking Adventures\u00bb starts at the meeting point set with the Tour Guide. Come with Booking Adventures and start checking some bird-filled mangroves, rolling hills of lush vegetation and caves of <em><strong>Taman Negara Los Haitises<\/strong><\/em>.<\/p>\n<p>Melalui hutan bakau dan Tanah di Teluk San Lorenzo yang terbuka, dari situ anda boleh mengambil gambar landskap hutan berceranggah. Lihat ke air untuk melihat <em><strong>Manatees<\/strong><\/em>, krustasea, dan <em><strong>ikan lumba-lumba.<\/strong><\/em><\/p>\n<div class=\"body-description secondary\">\n<p>Nama taman negara berasal daripada penduduk asalnya, Taino Indians. Dalam bahasa mereka &quot;Haitises&quot; diterjemahkan kepada tanah tinggi atau Bukit, merujuk kepada formasi geologi yang curam di pinggir pantai dengan Batu Kapur. Pengembaraan lebih dalam ke taman untuk menerokai gua seperti <em><strong>Gua Pasir<\/strong><\/em> dan <strong><em>Gua Garisan.<\/em><\/strong> Caves in the reserve were used as shelter by the Taino Indians and, later, by hiding pirates. Look for drawings by Indians that decorate some of the walls. After visiting Los Haitises National Park we will go back to Saman\u00e1 port passing Saman\u00e1 bay 30 min.<\/p>\n<\/div>\n<p>In Case you will like this trip longer we have these options:<\/p>\n<ol>\n<li><a href=\"https:\/\/www.ticketswhales.com\/tour\/los-haitises-national-park-tour-from-samana-port\/\" target=\"_blank\" rel=\"noopener\">Los Haitises + Cayo Levantado from Samana Port.<\/a><\/li>\n<li><a href=\"https:\/\/www.ticketswhales.com\/tour\/los-haitises-national-park-lunch-at-cano-hondo-from-samana-port\/\" target=\"_blank\" rel=\"noopener\">Los Haitises + Cano Hondo from Samana Port.<\/a><\/li>\n<\/ol>\n<p>&nbsp;<\/p>\n<h4><em><strong>Apa yang patut anda bawa?<\/strong><\/em><\/h4>\n<ul>\n<li style=\"font-weight: 400;\"><span style=\"font-weight: 400;\">kamera<\/span><\/li>\n<li style=\"font-weight: 400;\"><span style=\"font-weight: 400;\">Putik penghalau<\/span><\/li>\n<li style=\"font-weight: 400;\"><span style=\"font-weight: 400;\">krim matahari<\/span><\/li>\n<li style=\"font-weight: 400;\"><span style=\"font-weight: 400;\">Topi<\/span><\/li>\n<li style=\"font-weight: 400;\"><span style=\"font-weight: 400;\">Seluar yang selesa<\/span><\/li>\n<li style=\"font-weight: 400;\"><span style=\"font-weight: 400;\">Kasut mendaki untuk hutan<\/span><\/li>\n<li style=\"font-weight: 400;\"><span style=\"font-weight: 400;\">Sandal ke kawasan Spring.<\/span><\/li>\n<li style=\"font-weight: 400;\"><span style=\"font-weight: 400;\">Pakaian renang<\/span><\/li>\n<\/ul>\n<p>&nbsp;<\/p>\n<h4><b><i>Jemputan Hotel <\/i><\/b><\/h4>\n<p><span style=\"font-weight: 400;\">Pengambilan hotel tidak ditawarkan untuk lawatan ini. <\/span><\/p>\n<p>&nbsp;<\/p>\n<p><b>Catatan:<\/b><span style=\"font-weight: 400;\"> If you are booking within 24 hours of the tour\/Excursion departure time, we can arrangements hotel pick-up with extra Charges. Once your purchase is complete, we will send you complete contact information (phone number, email address, etc.) for our local Tour guide to organize pick-up arrangements.<\/span><\/p>\n<h4><b><i>Pengesahan Maklumat Tambahan <\/i><\/b><\/h4>\n<ol>\n<li>Tiket adalah Resit selepas membayar Tour ini. Anda boleh menunjukkan pembayaran pada telefon anda.<\/li>\n<li style=\"font-weight: 400;\"><span style=\"font-weight: 400;\">Tempat Mesyuarat Akan Diterima Selepas Proses Tempahan.<\/span><\/li>\n<li style=\"font-weight: 400;\"><span style=\"font-weight: 400;\">Kanak-kanak mesti ditemani oleh orang dewasa.<\/span><\/li>\n<li style=\"font-weight: 400;\"><span style=\"font-weight: 400;\"> Tidak boleh diakses kerusi roda <\/span><\/li>\n<li style=\"font-weight: 400;\"><span style=\"font-weight: 400;\">Bayi mesti duduk di atas riba <\/span><\/li>\n<li style=\"font-weight: 400;\"><span style=\"font-weight: 400;\">Tidak disyorkan untuk pengembara yang mempunyai masalah belakang<\/span><\/li>\n<li style=\"font-weight: 400;\"><span style=\"font-weight: 400;\">Tidak disyorkan untuk pelancong hamil <\/span><\/li>\n<li style=\"font-weight: 400;\"><span style=\"font-weight: 400;\"> Tiada masalah jantung atau keadaan perubatan serius lain <\/span><\/li>\n<li style=\"font-weight: 400;\"><span style=\"font-weight: 400;\">Kebanyakan pelancong boleh mengambil bahagian<\/span><\/li>\n<\/ol>\n<h4><b><i>Polisi Pembatalan<\/i><\/b><\/h4>\n<p>Untuk bayaran balik penuh, sila baca dasar Pembatalan kami\u00a0<a href=\"https:\/\/www.ticketswhales.com\/online-booking\/\" target=\"_blank\" rel=\"noopener\" data-saferedirecturl=\"https:\/\/www.google.com\/url?q=https:\/\/www.ticketswhales.com\/online-booking\/&amp;source=gmail&amp;ust=1672529771100000&amp;usg=AOvVaw2NIGJBZ0qjB5RhPUl5Obc7\">Tekan di sini<\/a>. Funds will be lost if the reservation is cancelled the same day of the trip.<\/p>\n\n\t\t<\/div>\n\t<\/div>\n<\/div><\/div><\/div><\/div><div class=\"vc_row wpb_row vc_row-fluid\" ><\/div><div class=\"wpb_column vc_column_container vc_col-sm-12\"><div class=\"vc_column-inner\"><div class=\"wpb_wrapper\"><\/div><\/div><\/div><div class=\"vc_empty_space\"   style=\"height: 32px\"><span class=\"vc_empty_space_inner\"><\/span><\/div><div class=\"vc_empty_space\"   style=\"height: 32px\"><span class=\"vc_empty_space_inner\"><\/span><\/div><div class=\"vc_row wpb_row vc_row-fluid\" ><div class=\"wpb_column vc_column_container vc_col-sm-12\"><div class=\"vc_column-inner\"><div class=\"wpb_wrapper\"><div class=\"vc_btn3-container vc_btn3-inline\" ><button class=\"vc_general vc_btn3 vc_btn3-size-md vc_btn3-shape-rounded vc_btn3-style-modern vc_btn3-color-green\">TEMPAH SEKARANG<\/button><\/div><\/div><\/div><\/div><\/div>","protected":false},"excerpt":{"rendered":"<p><span style=\"vertical-align: inherit;\"><span style=\"vertical-align: inherit;\">Viaje ecol\u00f3gico al Parque Nacional Los Haitises con un gu\u00eda tur\u00edstico local. <\/span><span style=\"vertical-align: inherit;\">Visitando los Cayos en el Parque Nacional Los Haitises, Manglares, Vegetaci\u00f3n, Observaci\u00f3n de aves, Cuevas, Pictogramas y las \u00e1reas hist\u00f3ricas de Sabana de la Mar en el Parque Nacional Los Haitises.<\/span><\/span><\/p>\n<p>&nbsp;<\/p>\n<p><em><strong><span style=\"vertical-align: inherit;\"><span style=\"vertical-align: inherit;\">Seleccione la fecha para el tour\u00a0<\/span><\/span><\/strong><\/em><\/p>","protected":false},"featured_media":11651,"template":"","meta":[],"product_brand":[],"product_cat":[571,566,119,120,98,121],"product_tag":[132,133,142,147,148,143],"class_list":{"0":"post-11632","1":"product","2":"type-product","3":"status-publish","4":"has-post-thumbnail","6":"product_cat-1-samana","7":"product_cat-boat-trip-los-haitises","8":"product_cat-caves","9":"product_cat-fees-entrace","10":"product_cat-local-tour-guides","11":"product_cat-mangroves","12":"product_tag-los-haitises","13":"product_tag-los-haitises-national-park","14":"product_tag-samana","15":"product_tag-samana-bay","16":"product_tag-samana-excursions","17":"product_tag-samana-tours","19":"first","20":"instock","21":"sale","22":"sold-individually","23":"shipping-taxable","24":"product-type-external"},"_links":{"self":[{"href":"https:\/\/haitises.com\/ms\/wp-json\/wp\/v2\/product\/11632","targetHints":{"allow":["GET"]}}],"collection":[{"href":"https:\/\/haitises.com\/ms\/wp-json\/wp\/v2\/product"}],"about":[{"href":"https:\/\/haitises.com\/ms\/wp-json\/wp\/v2\/types\/product"}],"wp:featuredmedia":[{"embeddable":true,"href":"https:\/\/haitises.com\/ms\/wp-json\/wp\/v2\/media\/11651"}],"wp:attachment":[{"href":"https:\/\/haitises.com\/ms\/wp-json\/wp\/v2\/media?parent=11632"}],"wp:term":[{"taxonomy":"product_brand","embeddable":true,"href":"https:\/\/haitises.com\/ms\/wp-json\/wp\/v2\/product_brand?post=11632"},{"taxonomy":"product_cat","embeddable":true,"href":"https:\/\/haitises.com\/ms\/wp-json\/wp\/v2\/product_cat?post=11632"},{"taxonomy":"product_tag","embeddable":true,"href":"https:\/\/haitises.com\/ms\/wp-json\/wp\/v2\/product_tag?post=11632"}],"curies":[{"name":"wp","href":"https:\/\/api.w.org\/{rel}","templated":true}]}}