{"id":11622,"date":"2023-10-04T07:39:45","date_gmt":"2023-10-04T07:39:45","guid":{"rendered":"http:\/\/haitises.com\/?post_type=product&#038;p=11622"},"modified":"2024-04-02T15:13:14","modified_gmt":"2024-04-02T15:13:14","slug":"el-limon-waterfalls-bacardi-island-excursion-from-punta-cana-area-meeting-point-sabana-de-la-mar-3","status":"publish","type":"product","link":"https:\/\/haitises.com\/ms\/persendirian\/el-limon-waterfalls-bacardi-island-excursion-from-punta-cana-area-meeting-point-sabana-de-la-mar-3\/","title":{"rendered":"El Lim\u00f3n Waterfalls &#038; Bacardi Island &#8211; Excursion from Punta Cana area (Meeting point Sabana de la Mar)"},"content":{"rendered":"<div class=\"vc_row wpb_row vc_row-fluid\" ><div class=\"wpb_column vc_column_container vc_col-sm-12\"><div class=\"vc_column-inner\"><div class=\"wpb_wrapper\">[mkdf_section_title title_tag=\u00bb\u00bb disable_break_words=\u00bbno\u00bb subtitle_tag=\u00bb\u00bb title=\u00bbEl Limon Waterfalls &amp; Bacardi Island &#8211; Excursion from Punta Cana area\u00bb subtitle=\u00bb(Meeting point Sabana de la mar)\u00bb]<\/div><\/div><\/div><\/div><div class=\"vc_row wpb_row vc_row-fluid\" ><div class=\"wpb_column vc_column_container vc_col-sm-12\"><div class=\"vc_column-inner\"><div class=\"wpb_wrapper\"><div class=\"vc_btn3-container vc_btn3-inline\" ><button class=\"vc_general vc_btn3 vc_btn3-size-md vc_btn3-shape-rounded vc_btn3-style-modern vc_btn3-color-green\">TEMPAH SEKARANG<\/button><\/div>\n\t<div class=\"wpb_text_column wpb_content_element\" >\n\t\t<div class=\"wpb_wrapper\">\n\t\t\t<h4><b><i>Gambaran keseluruhan <\/i><\/b><\/h4>\n<p>If you are in Punta Cana or Bavaro, Looking for a day trip paying less than normal. Just book this trip starting from Sabana de la Mar area. Visiting Samana community on Safari to arrive in El Lim\u00f3n Comunity, Horse riding or Hiking to the Waterfalls after crossing Samana Bay and Luch time at Bacardi Island. This trip Starts at 9: 00 am and finish at 4:30 pm.<\/p>\n<p>After this experience, you will get Back to Sabana de la Mar port.<\/p>\n<ul>\n<li style=\"font-weight: 400;\">Bayaran termasuk<\/li>\n<li>Lunch at the beach included<\/li>\n<li style=\"font-weight: 400;\"><span style=\"font-weight: 400;\">Panduan menyediakan arahan dan Penyeliaan<\/span><\/li>\n<\/ul>\n<p>&nbsp;<\/p>\n<h4><b>Kemasukan &amp; Pengecualian<\/b><\/h4>\n<p>&nbsp;<\/p>\n<p><b>Kemasukan<\/b><\/p>\n<ol>\n<li style=\"font-weight: 400;\">Saman\u00e1 Bay<\/li>\n<li>Bacardi Island, Beach, and Lunch<\/li>\n<li>Safari to El Lim\u00f3n<\/li>\n<li>Horse riding or Hiking to Waterfalls<\/li>\n<li>Dominicans Cocktails<\/li>\n<li style=\"font-weight: 400;\"><span style=\"font-weight: 400;\">Semua cukai, yuran dan caj pengendalian<\/span><\/li>\n<li style=\"font-weight: 400;\"><span style=\"font-weight: 400;\">Cukai tempatan<\/span><\/li>\n<li style=\"font-weight: 400;\"><span style=\"font-weight: 400;\">Beverages<\/span><\/li>\n<li style=\"font-weight: 400;\"><span style=\"font-weight: 400;\">Semua aktiviti<\/span><\/li>\n<li style=\"font-weight: 400;\"><span style=\"font-weight: 400;\">Pemandu tempatan<\/span><\/li>\n<\/ol>\n<p><b> Pengecualian<\/b><\/p>\n<ol>\n<li style=\"font-weight: 400;\"><span style=\"font-weight: 400;\">Ganjaran<\/span><\/li>\n<li style=\"font-weight: 400;\"><span style=\"font-weight: 400;\">Transfers from Punta Cana not included<\/span><\/li>\n<li style=\"font-weight: 400;\"><span style=\"font-weight: 400;\">Alcoholic Drinks after Cocktails\u00a0<\/span><\/li>\n<\/ol>\n<p>&nbsp;<\/p>\n<h4><em><strong>Berlepas &amp; Kembali<\/strong><\/em><\/h4>\n<p><span style=\"font-weight: 400;\">Pengembara akan mendapat titik pertemuan selepas Proses Tempahan. Lawatan bermula dan Selesai di tempat pertemuan kami.<\/span><\/p>\n<p>&nbsp;<\/p>\n<h4><b><i>Apa yang Dijangkakan?<\/i><\/b><\/h4>\n<p>&nbsp;<\/p>\n<p><em><strong>Dapatkan tiket anda<\/strong><\/em> for visiting The Waterfalls on Horses riding or Hiking, Safari Saman\u00e1, Swimming at the Natural Springs from the waterfalls lunch at Bacardi island plus Beach Time.<\/p>\n<p>Starting from Sabana de la Mar ports onboard of a Boat or Catamaran with a Local tour guide we pass Saman\u00e1 Bay to Saman\u00e1 community. Taking a Safari with a local tour guide to talk about Saman\u00e1 history until arrive in El Limon Comunity. In El Lim\u00f3n Comunity we start hiking or Horse riding by El Limon waterfalls forest to the El Lim\u00f3n Waterfalls. Where when we arrive we can swim!\u00a0 After back to Safari to go to Samana port. Visit Bacardi island for lunch on the beach and swimming in one of the most beautiful islands from the Dominican Republic.<\/p>\n<p>In Case you will like this trip longer or Shorter we have these options:<\/p>\n<ol>\n<li><a href=\"https:\/\/www.ticketswhales.com\/tour\/los-haitises-national-park-tour-from-samana-port\/\" target=\"_blank\" rel=\"noopener\">Los Haitises + Cayo Levantado from Samana Port.<\/a><\/li>\n<li><a href=\"https:\/\/www.ticketswhales.com\/tour\/los-haitises-national-park-lunch-at-cano-hondo-from-samana-port\/\" target=\"_blank\" rel=\"noopener\">Los Haitises + Cano Hondo from Samana Port.<\/a><\/li>\n<\/ol>\n<p>&nbsp;<\/p>\n<h4><em><strong>Apa yang patut anda bawa?<\/strong><\/em><\/h4>\n<ul>\n<li style=\"font-weight: 400;\"><span style=\"font-weight: 400;\">kamera<\/span><\/li>\n<li style=\"font-weight: 400;\"><span style=\"font-weight: 400;\">Putik penghalau<\/span><\/li>\n<li style=\"font-weight: 400;\"><span style=\"font-weight: 400;\">krim matahari<\/span><\/li>\n<li style=\"font-weight: 400;\"><span style=\"font-weight: 400;\">Topi<\/span><\/li>\n<li style=\"font-weight: 400;\"><span style=\"font-weight: 400;\">Seluar yang selesa<\/span><\/li>\n<li style=\"font-weight: 400;\"><span style=\"font-weight: 400;\">Kasut mendaki untuk hutan<\/span><\/li>\n<li style=\"font-weight: 400;\"><span style=\"font-weight: 400;\">Sandal ke kawasan Spring.<\/span><\/li>\n<li style=\"font-weight: 400;\"><span style=\"font-weight: 400;\">Pakaian renang<\/span><\/li>\n<\/ul>\n<p>&nbsp;<\/p>\n<h4><b><i>Jemputan Hotel <\/i><\/b><\/h4>\n<p><span style=\"font-weight: 400;\">Hotel pick-up is not offered for this tour. But if you contact us we can talk about it.<\/span><\/p>\n<p>&nbsp;<\/p>\n<p><b>Catatan:<\/b><span style=\"font-weight: 400;\"> If you are booking within 24 hours of the tour\/Excursion departure time, we can arrangements hotel pick-up with extra Charges. Once your purchase is complete, we will send you complete contact information (phone number, email address, etc.) for our local Tour guide to organize pick-up arrangements.<\/span><\/p>\n<h4><b><i>Pengesahan Maklumat Tambahan <\/i><\/b><\/h4>\n<ol>\n<li>Tiket adalah Resit selepas membayar Tour ini. Anda boleh menunjukkan pembayaran pada telefon anda.<\/li>\n<li style=\"font-weight: 400;\"><span style=\"font-weight: 400;\">Tempat Mesyuarat Akan Diterima Selepas Proses Tempahan.<\/span><\/li>\n<li style=\"font-weight: 400;\"><span style=\"font-weight: 400;\">Kanak-kanak mesti ditemani oleh orang dewasa.<\/span><\/li>\n<li style=\"font-weight: 400;\"><span style=\"font-weight: 400;\"> Tidak boleh diakses kerusi roda <\/span><\/li>\n<li style=\"font-weight: 400;\"><span style=\"font-weight: 400;\">Bayi mesti duduk di atas riba <\/span><\/li>\n<li style=\"font-weight: 400;\"><span style=\"font-weight: 400;\">Tidak disyorkan untuk pengembara yang mempunyai masalah belakang<\/span><\/li>\n<li style=\"font-weight: 400;\"><span style=\"font-weight: 400;\">Tidak disyorkan untuk pelancong hamil <\/span><\/li>\n<li style=\"font-weight: 400;\"><span style=\"font-weight: 400;\"> Tiada masalah jantung atau keadaan perubatan serius lain <\/span><\/li>\n<li style=\"font-weight: 400;\"><span style=\"font-weight: 400;\">Kebanyakan pelancong boleh mengambil bahagian<\/span><\/li>\n<\/ol>\n<h4><b><i>Polisi Pembatalan<\/i><\/b><\/h4>\n<p>Untuk bayaran balik penuh, sila baca dasar Pembatalan kami\u00a0<a href=\"https:\/\/www.ticketswhales.com\/online-booking\/\" target=\"_blank\" rel=\"noopener\" data-saferedirecturl=\"https:\/\/www.google.com\/url?q=https:\/\/www.ticketswhales.com\/online-booking\/&amp;source=gmail&amp;ust=1672449202351000&amp;usg=AOvVaw1yAeVAPktmaVCqDujgUn90\">Tekan di sini<\/a>. Funds will be lost if the reservation is cancelled the same day of the trip.<\/p>\n\n\t\t<\/div>\n\t<\/div>\n<div class=\"vc_btn3-container vc_btn3-inline\" ><button class=\"vc_general vc_btn3 vc_btn3-size-md vc_btn3-shape-rounded vc_btn3-style-modern vc_btn3-color-green\">TEMPAH SEKARANG<\/button><\/div><\/div><\/div><\/div><\/div><div class=\"vc_row wpb_row vc_row-fluid\" ><div class=\"wpb_column vc_column_container vc_col-sm-12\"><div class=\"vc_column-inner\"><div class=\"wpb_wrapper\"><div class=\"vc_empty_space\"   style=\"height: 32px\"><span class=\"vc_empty_space_inner\"><\/span><\/div>\n\t<div class=\"wpb_text_column wpb_content_element\" >\n\t\t<div class=\"wpb_wrapper\">\n\t\t\t<h4>Hubungi Kami?<\/h4>\n<h5><em><strong>Pengembaraan Tempahan<\/strong><\/em><\/h5>\n<p><em><strong>Orang tempatan<\/strong> dan <strong>warganegara<\/strong> Pemandu Pelancong &amp; Perkhidmatan Tetamu<\/em><\/p>\n<p><span class=\"text-turquoise\">Tempahan:<\/span> Lawatan &amp; Lawatan di Dom. Rep.<\/p>\n<p><img decoding=\"async\" class=\"emoji\" draggable=\"false\" src=\"https:\/\/s.w.org\/images\/core\/emoji\/11.2.0\/svg\/1f4de.svg\" alt=\"\ud83d\udcde\" title=\"\"> Tel\/Whatsapp\u00a0 <a href=\"tel:+1-809-720-6035\">+1-809-720-6035<\/a>.<\/p>\n<p><img decoding=\"async\" class=\"emoji\" draggable=\"false\" src=\"https:\/\/s.w.org\/images\/core\/emoji\/11.2.0\/svg\/1f4e9.svg\" alt=\"\ud83d\udce9\" title=\"\"> <a href=\"mailto:info@bookingadventures.com.do\">info@bookingadventures.com.do<\/a><\/p>\n<p><strong>Kami adalah Fleksibel Menetapkan Lawatan Peribadi melalui Whatsapp: <a href=\"tel:+18097206035\">+18097206035.<\/a><\/strong><\/p>\n\n\t\t<\/div>\n\t<\/div>\n<div class=\"vc_empty_space\"   style=\"height: 32px\"><span class=\"vc_empty_space_inner\"><\/span><\/div><\/div><\/div><\/div><\/div><div class=\"vc_row wpb_row vc_row-fluid\" ><div class=\"wpb_column vc_column_container vc_col-sm-12\"><div class=\"vc_column-inner\"><div class=\"wpb_wrapper\"><div class=\"vc_btn3-container vc_btn3-inline\" ><button class=\"vc_general vc_btn3 vc_btn3-size-md vc_btn3-shape-rounded vc_btn3-style-modern vc_btn3-color-green\">TEMPAH SEKARANG<\/button><\/div><\/div><\/div><\/div><\/div>","protected":false},"excerpt":{"rendered":"<p><strong>Sila Pilih tarikh untuk The Tour\u00a0<\/strong><\/p>","protected":false},"featured_media":94,"template":"","meta":[],"product_brand":[],"product_cat":[567,568,96,97,135,569,570,136,122,123,124],"product_tag":[137,138,139,140,141,114,142,143],"class_list":{"0":"post-11622","1":"product","2":"type-product","3":"status-publish","4":"has-post-thumbnail","6":"product_cat-el-limon-horseback-riding","7":"product_cat-el-limon-sabana-de-la-mar-miches","8":"product_cat-hiking","9":"product_cat-horse-riding-to-waterfalls","10":"product_cat-lunch","11":"product_cat-punta-cana-group-tours","12":"product_cat-punta-cana-samana-day-trips","13":"product_cat-safari-samana","14":"product_cat-tours-and-excursions","15":"product_cat-tours-excursions-los-haitises-national-park","16":"product_cat-tours-excursions-samana-bay-dominican-republic","17":"product_tag-bacardi-island","18":"product_tag-beach-time","19":"product_tag-cayo-levantado","20":"product_tag-el-limon-waterfalls","21":"product_tag-punta-cana","22":"product_tag-sabana-de-la-mar","23":"product_tag-samana","24":"product_tag-samana-tours","26":"first","27":"instock","28":"sale","29":"shipping-taxable","30":"product-type-external"},"_links":{"self":[{"href":"https:\/\/haitises.com\/ms\/wp-json\/wp\/v2\/product\/11622","targetHints":{"allow":["GET"]}}],"collection":[{"href":"https:\/\/haitises.com\/ms\/wp-json\/wp\/v2\/product"}],"about":[{"href":"https:\/\/haitises.com\/ms\/wp-json\/wp\/v2\/types\/product"}],"wp:featuredmedia":[{"embeddable":true,"href":"https:\/\/haitises.com\/ms\/wp-json\/wp\/v2\/media\/94"}],"wp:attachment":[{"href":"https:\/\/haitises.com\/ms\/wp-json\/wp\/v2\/media?parent=11622"}],"wp:term":[{"taxonomy":"product_brand","embeddable":true,"href":"https:\/\/haitises.com\/ms\/wp-json\/wp\/v2\/product_brand?post=11622"},{"taxonomy":"product_cat","embeddable":true,"href":"https:\/\/haitises.com\/ms\/wp-json\/wp\/v2\/product_cat?post=11622"},{"taxonomy":"product_tag","embeddable":true,"href":"https:\/\/haitises.com\/ms\/wp-json\/wp\/v2\/product_tag?post=11622"}],"curies":[{"name":"wp","href":"https:\/\/api.w.org\/{rel}","templated":true}]}}