{"id":25,"date":"2020-06-12T08:56:14","date_gmt":"2020-06-12T08:56:14","guid":{"rendered":"http:\/\/haitises.com\/?page_id=25"},"modified":"2020-06-12T08:57:48","modified_gmt":"2020-06-12T08:57:48","slug":"como-llegar-al-parque-nacional-los-haitises","status":"publish","type":"page","link":"https:\/\/haitises.com\/ms\/como-llegar-al-parque-nacional-los-haitises\/","title":{"rendered":"Como llegar al Parque Nacional Los Haitises"},"content":{"rendered":"<div class=\"vc_row wpb_row vc_row-fluid\" ><div class=\"wpb_column vc_column_container vc_col-sm-12\"><div class=\"vc_column-inner\"><div class=\"wpb_wrapper\">\n\t<div class=\"wpb_text_column wpb_content_element\" >\n\t\t<div class=\"wpb_wrapper\">\n\t\t\t<h2>El parque Nacional Los Haitises<\/h2>\n<p>Fue declarado parque nacional en Rep\u00fablica Dominicana mediante la Ley 409 del 3 de junio de 1976, aunque ya en 1968 la Ley 244 hab\u00eda creado una Reserva Forestal llamada Zona Vedada de Los Haitises. Importante saber que Los Haitises se encuentran situado al noreste de la Rep\u00fablica Dominicana, enmarcado en la Bah\u00eda de Saman\u00e1, de la cual forma parte.<\/p>\n<p>Su l\u00edmites y, por lo tanto, su superficie, de 3,600 km. El parque nacional Los Haitises esta ubicado en los territorios de las Provincia de Hato Mayor , Monte Plata y Saman\u00e1. La palabra <i>Haitises<\/i>\u00a0significa tierra alta o tierra de monta\u00f1as, aunque el conjunto de colinas o \u00abmogotes\u00bb tiene alturas que oscilan entre 30 y 40 metros.<\/p>\n<p>Desde el punto de vista hidrogr\u00e1fico, Los Haitises y sus \u00e1reas de influencia comprenden dos regiones: la cuenca baja del\u00a0r\u00edo Yuna\u00a0y la zona de\u00a0Miches\u00a0y\u00a0Sabana de la Mar. El Yuna desagua por dos embocaduras: la del propio Yuna y la del\u00a0r\u00edo Barracote. Adem\u00e1s, en el \u00e1rea se encuentran los r\u00edos\u00a0Payabo,\u00a0Los Cocos\u00a0y\u00a0Naranjo, y los ca\u00f1os Cabirma, Estero, Prieto y otros.<\/p>\n<p>A pesar de los procesos avanzados de\u00a0deforestaci\u00f3n\u00a0en la zona, la pluviometr\u00eda a\u00fan es de consideraci\u00f3n y oscila entre 2000 y 2500\u00a0<a class=\"mw-redirect\" title=\"Mm\" href=\"https:\/\/es.wikipedia.org\/wiki\/Mm\" target=\"_blank\" rel=\"noopener\">mm<\/a>\u00a0anuales, siendo una de las regiones del pa\u00eds de mayor pluviometr\u00eda y donde m\u00e1s d\u00edas llueve en el a\u00f1o.<\/p>\n<p>Un aspecto importante es la formaci\u00f3n geomorfol\u00f3gica\u00a0c\u00e1rstica\u00a0que determina, entre otras cosas, un sistema de cavernas con muestras de\u00a0pictograf\u00edas\u00a0y\u00a0petroglifos\u00a0como las cuevas de La Reyna, de San Gabriel y de La L\u00ednea.<\/p>\n<h2>Formacion Carstica de Los Haitises<\/h2>\n<p>La zona c\u00e1rstica de\u00a0<a class=\"external text\" href=\"https:\/\/www.ticketswhales.com\/destinations\/los-haitises-tours\/\" rel=\"nofollow noopener\" target=\"_blank\">Orang Haiti<\/a>\u00a0est\u00e1 compuesta de cerros (mogotes) pr\u00f3ximos unos a otros con vallecitos (fondos) entre ellas. Los mogotes del interior y los cayos de la\u00a0Bah\u00eda de Saman\u00e1\u00a0tienen un mismo origen, difiriendo solamente en que los fondos entre los cayos est\u00e1n ocupados por el agua del mar y que son menos elevados que los mogotes.<\/p>\n<p>Los Haitises constituyen un karst (relieve en rocas calizas) tropical en mogotes, caracter\u00edstico de estas zonas clim\u00e1ticas de la tierra. En su morfolog\u00eda externa presenta colinas, corredores y valles, y en su morfolog\u00eda interna cavidades, algunas de grandes dimensiones como las de litoral.<\/p>\n<p>La formaci\u00f3n c\u00e1rstica de Los Haitises tiene una extensi\u00f3n de 82\u00a0<a class=\"mw-redirect\" title=\"Km\" href=\"https:\/\/es.wikipedia.org\/wiki\/Km\" target=\"_blank\" rel=\"noopener\">km<\/a>, de Sabana de la Mar hasta Cevicos, por 26 km, al sur de la Bah\u00eda de Saman\u00e1 hasta Bayaguana.<\/p>\n\n\t\t<\/div>\n\t<\/div>\n<\/div><\/div><\/div><\/div>","protected":false},"excerpt":{"rendered":"El parque Nacional Los Haitises Fue declarado parque nacional en Rep\u00fablica Dominicana mediante la Ley 409 del 3 de junio de 1976, aunque ya en 1968 la Ley 244 hab\u00eda creado una Reserva Forestal llamada Zona Vedada de Los Haitises. [...]","protected":false},"author":4,"featured_media":0,"parent":0,"menu_order":0,"comment_status":"closed","ping_status":"closed","template":"","meta":{"footnotes":""},"class_list":["post-25","page","type-page","status-publish","hentry"],"_links":{"self":[{"href":"https:\/\/haitises.com\/ms\/wp-json\/wp\/v2\/pages\/25","targetHints":{"allow":["GET"]}}],"collection":[{"href":"https:\/\/haitises.com\/ms\/wp-json\/wp\/v2\/pages"}],"about":[{"href":"https:\/\/haitises.com\/ms\/wp-json\/wp\/v2\/types\/page"}],"author":[{"embeddable":true,"href":"https:\/\/haitises.com\/ms\/wp-json\/wp\/v2\/users\/4"}],"replies":[{"embeddable":true,"href":"https:\/\/haitises.com\/ms\/wp-json\/wp\/v2\/comments?post=25"}],"version-history":[{"count":0,"href":"https:\/\/haitises.com\/ms\/wp-json\/wp\/v2\/pages\/25\/revisions"}],"wp:attachment":[{"href":"https:\/\/haitises.com\/ms\/wp-json\/wp\/v2\/media?parent=25"}],"curies":[{"name":"wp","href":"https:\/\/api.w.org\/{rel}","templated":true}]}}