{"id":543,"date":"2020-06-14T19:18:13","date_gmt":"2020-06-14T19:18:13","guid":{"rendered":"http:\/\/haitises.com\/?post_type=product&#038;p=543"},"modified":"2024-08-22T05:45:22","modified_gmt":"2024-08-22T05:45:22","slug":"parque-nacional-los-haitises-desde-el-puerto-de-samana","status":"publish","type":"product","link":"https:\/\/haitises.com\/mr\/\u0916\u093e\u091c\u0917\u0940\/parque-nacional-los-haitises-desde-el-puerto-de-samana\/","title":{"rendered":"\u0932\u0949\u0938 \u0939\u0948\u091f\u093f\u0938\u0947\u0938 \u0928\u0945\u0936\u0928\u0932 \u092a\u093e\u0930\u094d\u0915 \u0938\u093e\u092e\u093e\u0928\u093e \u092c\u0902\u0926\u0930\u093e\u092a\u093e\u0938\u0942\u0928"},"content":{"rendered":"<div class=\"vc_row wpb_row vc_row-fluid\" ><div class=\"wpb_column vc_column_container vc_col-sm-12\"><div class=\"vc_column-inner\"><div class=\"wpb_wrapper\">\n\t<div class=\"wpb_text_column wpb_content_element\" >\n\t\t<div class=\"wpb_wrapper\">\n\t\t\t<h2>\u0932\u0949\u0938 \u0939\u0948\u091f\u093f\u0938\u0947\u0938 \u0928\u0945\u0936\u0928\u0932 \u092a\u093e\u0930\u094d\u0915 (\u0938\u093e\u092e\u093e\u0928\u093e \u092c\u0947) \u0938\u093e\u092e\u093e\u0928\u093e \u092c\u0902\u0926\u0930\u093e\u092a\u093e\u0938\u0942\u0928<\/h2>\n<ul>\n<li>\u0932\u0949\u0938 \u0939\u0948\u091f\u093f\u0938\u0947\u0938 \u0928\u0945\u0936\u0928\u0932 \u092a\u093e\u0930\u094d\u0915\u0932\u093e \u092c\u094b\u091f\u0940\u0924\u0942\u0928 \u092b\u093f\u0930\u0923\u0947<br \/>\n<h3>\u0935\u0930\u094d\u0923\u0928<\/h3>\n<p>\u0938\u093e\u092e\u093e\u0928\u093e \u092c\u0902\u0926\u0930\u093e\u0935\u0930\u0942\u0928 \u0932\u0949\u0938 \u0939\u0948\u091f\u093f\u0938\u0947\u0938 \u0928\u0945\u0936\u0928\u0932 \u092a\u093e\u0930\u094d\u0915\u0932\u093e \u092d\u0947\u091f \u0926\u094d\u092f\u093e. \u0906\u092e\u091a\u094d\u092f\u093e\u0938\u094b\u092c\u0924 \u092f\u093e \u0906\u0923\u093f \u0921\u094b\u092e\u093f\u0928\u093f\u0915\u0928 \u092a\u094d\u0930\u091c\u093e\u0938\u0924\u094d\u0924\u093e\u0915\u092e\u0927\u0940\u0932 \u0938\u0930\u094d\u0935\u093e\u0924 \u0938\u0941\u0902\u0926\u0930 \u0930\u093e\u0937\u094d\u091f\u094d\u0930\u0940\u092f \u0909\u0926\u094d\u092f\u093e\u0928\u093e\u0932\u093e \u092d\u0947\u091f \u0926\u094d\u092f\u093e, \u0916\u093e\u0930\u092b\u0941\u091f\u0940, \u0917\u0941\u0939\u093e \u0906\u0923\u093f \u0938\u0945\u0928 \u0932\u094b\u0930\u0947\u0928\u094d\u091d\u094b \u0916\u093e\u0921\u0940\u0932\u093e \u092d\u0947\u091f \u0926\u094d\u092f\u093e, \u0924\u0938\u0947\u091a \u0938\u0941\u0902\u0926\u0930 \u0938\u093e\u092e\u093e\u0928\u093e \u0916\u093e\u0921\u0940 \u092a\u093e\u0930 \u0915\u0930\u093e. \u0928\u0902\u0924\u0930 \u0938\u093e\u092e\u093e\u0928\u093e \u092c\u0902\u0926\u0930\u093e\u0935\u0930 \u092a\u0930\u0924 \u092f\u093e.<\/li>\n<\/ul>\n<p>\u092f\u093e \u0905\u0928\u0941\u092d\u0935\u093e\u0928\u0902\u0924\u0930, \u0924\u0941\u092e\u094d\u0939\u0940 \u0938\u093e\u092e\u093e\u0928\u093e \u092c\u0902\u0926\u0930\u093e\u0935\u0930 \u092a\u0930\u0924 \u092f\u093e\u0932.<\/p>\n<ul>\n<li>\u0915\u0930\u093e\u0902\u091a\u093e \u0938\u092e\u093e\u0935\u0947\u0936 \u0906\u0939\u0947<br \/>\n\u092e\u093e\u0930\u094d\u0917\u0926\u0930\u094d\u0936\u0915 \u0938\u0942\u091a\u0928\u093e \u0906\u0923\u093f \u092a\u0930\u094d\u092f\u0935\u0947\u0915\u094d\u0937\u0923 \u092a\u094d\u0930\u0926\u093e\u0928 \u0915\u0930\u0924\u094b.<\/li>\n<li>\u0938\u092e\u093e\u0935\u0947\u0936 \u0906\u0923\u093f \u092c\u0939\u093f\u0937\u094d\u0915\u093e\u0930<\/li>\n<\/ul>\n<h3>\u0938\u092e\u093e\u0935\u0947\u0936<\/h3>\n<ol>\n<li>\u0932\u0949\u0938 \u0939\u0948\u091f\u093f\u0938 \u091f\u0942\u0930 + \u0932\u0947\u0923\u0940 \u0906\u0923\u093f \u091a\u093f\u0924\u094d\u0930\u0947<\/li>\n<li>\u0938\u0930\u094d\u0935 \u0915\u0930, \u0936\u0941\u0932\u094d\u0915 \u0906\u0923\u093f \u0939\u093e\u0924\u093e\u0933\u0923\u0940 \u0936\u0941\u0932\u094d\u0915.<\/li>\n<li>\u0938\u094d\u0925\u093e\u0928\u093f\u0915 \u0915\u0930<\/li>\n<li>\u092a\u0947\u092f<\/li>\n<li>\u0938\u0930\u094d\u0935 \u0909\u092a\u0915\u094d\u0930\u092e<\/li>\n<li>\u0938\u094d\u0925\u093e\u0928\u093f\u0915 \u092e\u093e\u0930\u094d\u0917\u0926\u0930\u094d\u0936\u0915<\/li>\n<\/ol>\n<h3>\u092c\u0939\u093f\u0937\u094d\u0915\u093e\u0930<\/h3>\n<ol>\n<li>\u091f\u093f\u092a\u093e<\/li>\n<li>\u0939\u0938\u094d\u0924\u093e\u0902\u0924\u0930\u0923<\/li>\n<li>\u0905\u0932\u094d\u0915\u094b\u0939\u094b\u0932\u092f\u0941\u0915\u094d\u0924 \u092a\u0947\u092f\u0947<\/li>\n<li>\u0926\u0941\u092a\u093e\u0930\u091a\u094d\u092f\u093e \u091c\u0947\u0935\u0923\u093e\u091a\u093e \u0938\u092e\u093e\u0935\u0947\u0936 \u0928\u093e\u0939\u0940, \u0926\u0941\u092a\u093e\u0930\u091a\u094d\u092f\u093e \u091c\u0947\u0935\u0923\u093e\u0924 \u092f\u093e\u092a\u0948\u0915\u0940 \u090f\u0915 \u091f\u094d\u0930\u093f\u092a \u0928\u093f\u0935\u0921\u0923\u0947 \u0938\u092e\u093e\u0935\u093f\u0937\u094d\u091f \u0906\u0939\u0947: \u0932\u0949\u0938 \u0939\u0948\u091f\u0940\u0938\u0947\u0938 + \u0938\u093e\u092e\u093e\u0928\u093e \u092c\u0902\u0926\u0930\u093e\u0935\u0930\u0942\u0928 \u0915\u093e\u092f\u094b \u0932\u0947\u0935\u093e\u0902\u091f\u0945\u0921\u094b \u0915\u093f\u0902\u0935\u093e \u0932\u0949\u0938 \u0939\u0948\u091f\u093f\u0938\u0947\u0938 + \u0915\u0945\u0928\u094b \u0939\u094b\u0902\u0921\u094b \u0938\u093e\u092e\u093e\u0928\u093e \u092c\u0902\u0926\u0930\u093e\u0924\u0942\u0928.<\/li>\n<\/ol>\n<h3>\u0928\u093f\u0918\u0923\u0947 \u0906\u0923\u093f \u092a\u0930\u0924\u0923\u0947<\/h3>\n<p>\u092c\u0941\u0915\u093f\u0902\u0917 \u092a\u094d\u0930\u0915\u094d\u0930\u093f\u092f\u0947\u0928\u0902\u0924\u0930 \u092a\u094d\u0930\u0935\u093e\u0936\u093e\u0932\u093e \u092e\u0940\u091f\u093f\u0902\u0917 \u092a\u0949\u0907\u0902\u091f \u092e\u093f\u0933\u0947\u0932. \u091f\u0942\u0930 \u0906\u092e\u091a\u094d\u092f\u093e \u092d\u0947\u091f\u0940\u091a\u094d\u092f\u093e \u0920\u093f\u0915\u093e\u0923\u0940 \u0938\u0941\u0930\u0942 \u0939\u094b\u0924\u093e\u0924 \u0906\u0923\u093f \u0938\u0902\u092a\u0924\u093e\u0924.<\/p>\n<h3>\u0915\u093e\u092f \u0905\u092a\u0947\u0915\u094d\u0937\u093e \u0915\u0930\u093e\u092f\u091a\u0940?<\/h3>\n<p>Ca\u00f1o Hondo \u092f\u0947\u0925\u0947 \u0905\u092a\u094d\u0930\u0924\u093f\u092e \u0932\u0902\u091a \u0906\u0923\u093f \u0928\u0948\u0938\u0930\u094d\u0917\u093f\u0915 \u091d\u0931\u094d\u092f\u093e\u0902\u092e\u0927\u094d\u092f\u0947 \u092a\u094b\u0939\u0923\u094d\u092f\u093e\u0938\u093e\u0920\u0940 \u0932\u0949\u0938 \u0939\u0948\u091f\u093f\u0938\u0947\u0938 \u0928\u0945\u0936\u0928\u0932 \u092a\u093e\u0930\u094d\u0915\u0932\u093e \u092d\u0947\u091f \u0926\u0947\u0923\u094d\u092f\u093e\u0938\u093e\u0920\u0940 \u0924\u0941\u092e\u091a\u0940 \u0924\u093f\u0915\u093f\u091f\u0947 \u092e\u093f\u0933\u0935\u093e.<\/p>\n<p>\u0938\u094d\u0925\u093e\u0928\u093f\u0915 \u091f\u0942\u0930 \u0917\u093e\u0908\u0921\u0938\u0939 \u092c\u094b\u091f\u0940 \u0915\u093f\u0902\u0935\u093e \u0915\u0945\u091f\u093e\u092e\u0930\u0928\u0935\u0930 \u092c\u0938\u0942\u0928 \u0938\u092e\u093e\u0928\u093e \u092c\u0902\u0926\u0930\u093e\u092a\u093e\u0938\u0942\u0928 \u0938\u0941\u0930\u0941\u0935\u093e\u0924 \u0915\u0930\u0942\u0928, \u0921\u094b\u092e\u093f\u0928\u093f\u0915\u0928 \u0930\u093f\u092a\u092c\u094d\u0932\u093f\u0915\u092e\u0927\u0940\u0932 \u0938\u0930\u094d\u0935\u093e\u0924 \u0938\u0941\u0902\u0926\u0930 \u0930\u093e\u0937\u094d\u091f\u094d\u0930\u0940\u092f \u0909\u0926\u094d\u092f\u093e\u0928\u093e\u0902\u092a\u0948\u0915\u0940 \u090f\u0915\u093e\u0932\u093e \u092d\u0947\u091f \u0926\u0947\u0923\u094d\u092f\u093e\u0938\u093e\u0920\u0940 \u0906\u092e\u094d\u0939\u0940 Sabana de la Mar \u091a\u094d\u092f\u093e \u092a\u0941\u0922\u0947 Saman\u00e1 \u0909\u092a\u0938\u093e\u0917\u0930 \u092a\u093e\u0930 \u0915\u0930\u0924\u094b. Haitises \u0930\u093e\u0937\u094d\u091f\u094d\u0930\u0940\u092f \u0909\u0926\u094d\u092f\u093e\u0928.<\/p>\n<p>\u0906\u091c\u0942\u092c\u093e\u091c\u0942\u0932\u093e \u092a\u0915\u094d\u0937\u094d\u092f\u093e\u0902\u0938\u0939 \u092c\u0947\u091f\u093e\u0932\u093e \u092d\u0947\u091f \u0926\u0947\u0923\u0947. \u0918\u0930\u091f\u094d\u092f\u093e\u0924 \u092a\u0947\u0932\u093f\u0915\u0928\u091a\u0940 \u092a\u093f\u0932\u094d\u0932\u0947 \u0938\u0941\u0926\u094d\u0927\u093e \u0906\u092a\u0923 \u0918\u0930\u091f\u094d\u092f\u093e\u0924 \u092a\u093e\u0939\u0942 \u0936\u0915\u0924\u094b. \u092a\u0941\u0922\u0947 \u0916\u0921\u0915\u093e\u0933 \u092c\u0947\u091f\u093e\u0935\u0930 \u091c\u093e \u0906\u0923\u093f \u0938\u094d\u0925\u093e\u0928\u093f\u0915 \u0932\u094b\u0915\u093e\u0902\u091a\u094d\u092f\u093e \u091a\u093f\u0924\u094d\u0930 \u0906\u0923\u093f \u092a\u0947\u091f\u094d\u0930\u094b\u0917\u094d\u0930\u093e\u092b\u0938\u0939 \u0932\u0947\u0923\u094d\u092f\u093e\u0902\u0928\u093e \u092d\u0947\u091f \u0926\u094d\u092f\u093e.<\/p>\n<p>El recorrido, organizado por \u00abBooking Adventures\u00bb, comienza en el punto de encuentro establecido con el gu\u00eda tur\u00edstico. Ven con Booking Adventures y comienza a observar algunos manglares llenos de p\u00e1jaros, colinas onduladas de exuberante vegetaci\u00f3n y cuevas del Parque Nacional Los Haitises.<\/p>\n<p>\u0916\u0941\u0932\u094d\u092f\u093e \u0938\u0945\u0928 \u0932\u094b\u0930\u0947\u0928\u094d\u091d\u094b \u0916\u093e\u0921\u0940\u0924\u0940\u0932 \u0916\u093e\u0930\u092b\u0941\u091f\u0940 \u0906\u0923\u093f \u091c\u092e\u093f\u0928\u0940\u0926\u094d\u0935\u093e\u0930\u0947, \u091c\u093f\u0925\u0942\u0928 \u0924\u0941\u092e\u094d\u0939\u0940 \u0916\u0921\u092c\u0921\u0940\u0924 \u091c\u0902\u0917\u0932\u093e\u0924\u0940\u0932 \u0932\u0901\u0921\u0938\u094d\u0915\u0947\u092a\u091a\u0947 \u091b\u093e\u092f\u093e\u091a\u093f\u0924\u094d\u0930 \u0918\u0947\u090a \u0936\u0915\u0924\u093e. \u092e\u0945\u0928\u0947\u091f\u0940, \u0915\u094d\u0930\u0938\u094d\u091f\u0947\u0936\u093f\u092f\u0928 \u0906\u0923\u093f \u0921\u0949\u0932\u094d\u092b\u093f\u0928 \u092a\u093e\u0939\u0923\u094d\u092f\u093e\u0938\u093e\u0920\u0940 \u092a\u093e\u0923\u094d\u092f\u093e\u0924 \u092a\u0939\u093e.<\/p>\n<p>El nombre del parque nacional proviene de sus habitantes originales, los indios ta\u00ednos. En su idioma, \u00abHaitises\u00bb se traduce en tierras altas o colinas, una referencia a las empinadas formaciones geol\u00f3gicas de la costa con calizas. Avent\u00farate en el parque para explorar cuevas como la Cueva de la Arena y la Cueva de la L\u00ednea. Las cuevas en la reserva fueron utilizadas como refugio por los indios ta\u00ednos y, m\u00e1s tarde, por los piratas escondidos. Busque dibujos de indios que decoran algunas de las paredes. Despu\u00e9s de visitar el Parque Nacional Los Haitises, regresaremos al puerto de Saman\u00e1 pasando la bah\u00eda de Saman\u00e1 30 minutos.<\/p>\n<p>\u0924\u0941\u092e\u094d\u0939\u093e\u0932\u093e \u0939\u0940 \u0938\u0939\u0932 \u0905\u0927\u093f\u0915 \u0906\u0935\u0921\u0932\u094d\u092f\u093e\u0938, \u0906\u092e\u091a\u094d\u092f\u093e\u0915\u0921\u0947 \u0939\u0947 \u092a\u0930\u094d\u092f\u093e\u092f \u0906\u0939\u0947\u0924:<\/p>\n<p>Los Haitises + Cayo Levantado Saman\u00e1 \u092c\u0902\u0926\u0930\u093e\u0924\u0942\u0928.<br \/>\n\u0932\u0949\u0938 \u0939\u0948\u091f\u093f\u0938 + \u0915\u0945\u0928\u094b \u0939\u094b\u0902\u0921\u094b \u0938\u093e\u092e\u093e\u0928\u093e \u092c\u0902\u0926\u0930\u093e\u0924\u0942\u0928.<\/p>\n<h3>\u0906\u092a\u0923 \u0915\u093e\u092f \u0906\u0923\u093e\u0935\u0947?<\/h3>\n<ul>\n<li>\u0915\u0945\u092e\u0947\u0930\u093e<\/li>\n<li>\u0924\u093f\u0930\u0938\u094d\u0915\u0930\u0923\u0940\u092f \u0915\u0933\u094d\u092f\u093e<\/li>\n<li>\u0938\u0928\u0938\u094d\u0915\u094d\u0930\u0940\u0928<\/li>\n<li>\u091f\u094b\u092a\u0940<\/li>\n<li>\u0906\u0930\u093e\u092e\u0926\u093e\u092f\u0940 \u092a\u0901\u091f<\/li>\n<li>\u092b\u0949\u0930\u0947\u0938\u094d\u091f \u0939\u093e\u092f\u0915\u093f\u0902\u0917 \u0936\u0942\u091c<\/li>\n<li>\u0938\u094d\u092a\u094d\u0930\u093f\u0902\u0917 \u092d\u093e\u0917\u093e\u0924 \u0938\u0901\u0921\u0932.<\/li>\n<li>\u092a\u094b\u0939\u0923\u094d\u092f\u093e\u091a\u093e \u0921\u094d\u0930\u0947\u0938<\/li>\n<\/ul>\n<h3>\u0939\u0949\u091f\u0947\u0932 \u092a\u093f\u0915\u0905\u092a<\/h3>\n<p>\u092f\u093e \u091f\u0942\u0930\u0938\u093e\u0920\u0940 \u0939\u0949\u091f\u0947\u0932 \u092a\u093f\u0915\u0905\u092a\u091a\u0940 \u0911\u092b\u0930 \u0928\u093e\u0939\u0940.<\/p>\n<p>\u091f\u0940\u092a: \u0924\u0941\u092e\u094d\u0939\u0940 \u091f\u0942\u0930\/\u092a\u094d\u0930\u0935\u093e\u0938 \u0938\u0941\u091f\u0923\u094d\u092f\u093e\u091a\u094d\u092f\u093e \u0935\u0947\u0933\u0947\u091a\u094d\u092f\u093e \u0968\u096a \u0924\u093e\u0938\u093e\u0902\u091a\u094d\u092f\u093e \u0906\u0924 \u092c\u0941\u0915 \u0915\u0947\u0932\u094d\u092f\u093e\u0938, \u0906\u092e\u094d\u0939\u0940 \u0905\u0924\u093f\u0930\u093f\u0915\u094d\u0924 \u0936\u0941\u0932\u094d\u0915\u093e\u0938\u0939 \u0939\u0949\u091f\u0947\u0932 \u092a\u093f\u0915\u0905\u092a\u091a\u0940 \u0935\u094d\u092f\u0935\u0938\u094d\u0925\u093e \u0915\u0930\u0942 \u0936\u0915\u0924\u094b. \u090f\u0915\u0926\u093e \u0924\u0941\u092e\u091a\u0940 \u0916\u0930\u0947\u0926\u0940 \u092a\u0942\u0930\u094d\u0923 \u091d\u093e\u0932\u094d\u092f\u093e\u0928\u0902\u0924\u0930, \u0906\u092e\u094d\u0939\u0940 \u0924\u0941\u092e\u094d\u0939\u093e\u0932\u093e \u092a\u093f\u0915\u0905\u092a \u0935\u094d\u092f\u0935\u0938\u094d\u0925\u093e \u0915\u0930\u0923\u094d\u092f\u093e\u0938\u093e\u0920\u0940 \u0906\u092e\u091a\u094d\u092f\u093e \u0938\u094d\u0925\u093e\u0928\u093f\u0915 \u091f\u0942\u0930 \u092e\u093e\u0930\u094d\u0917\u0926\u0930\u094d\u0936\u0915\u093e\u0938\u093e\u0920\u0940 \u0938\u0902\u092a\u0942\u0930\u094d\u0923 \u0938\u0902\u092a\u0930\u094d\u0915 \u092e\u093e\u0939\u093f\u0924\u0940 (\u092b\u094b\u0928 \u0928\u0902\u092c\u0930, \u0908\u092e\u0947\u0932 \u092a\u0924\u094d\u0924\u093e \u0907.) \u092a\u093e\u0920\u0935\u0942.<\/p>\n<h3>\u0905\u0924\u093f\u0930\u093f\u0915\u094d\u0924 \u092e\u093e\u0939\u093f\u0924\u0940\u091a\u0940 \u092a\u0941\u0937\u094d\u091f\u0940<\/h3>\n<ol>\n<li>\u092f\u093e \u091f\u0942\u0930\u0938\u093e\u0920\u0940 \u092a\u0948\u0938\u0947 \u092d\u0930\u0932\u094d\u092f\u093e\u0928\u0902\u0924\u0930 \u0924\u093f\u0915\u093f\u091f\u0947 \u0939\u0940 \u092a\u093e\u0935\u0924\u0940 \u0906\u0939\u0947\u0924. \u0924\u0941\u092e\u094d\u0939\u0940 \u0924\u0941\u092e\u091a\u094d\u092f\u093e \u092b\u094b\u0928\u0935\u0930 \u092a\u0947\u092e\u0947\u0902\u091f \u0926\u093e\u0916\u0935\u0942 \u0936\u0915\u0924\u093e.<\/li>\n<li>\u0906\u0930\u0915\u094d\u0937\u0923 \u092a\u094d\u0930\u0915\u094d\u0930\u093f\u092f\u0947\u0928\u0902\u0924\u0930 \u092c\u0948\u0920\u0915\u0940\u091a\u093e \u092e\u0941\u0926\u094d\u0926\u093e \u092a\u094d\u0930\u093e\u092a\u094d\u0924 \u0939\u094b\u0908\u0932.<\/li>\n<li>\u092e\u0941\u0932\u093e\u0902\u092c\u0930\u094b\u092c\u0930 \u092a\u094d\u0930\u094c\u0922 \u0935\u094d\u092f\u0915\u094d\u0924\u0940 \u0905\u0938\u0923\u0947 \u0906\u0935\u0936\u094d\u092f\u0915 \u0906\u0939\u0947.<\/li>\n<li>\u0935\u094d\u0939\u0940\u0932\u091a\u0947\u0905\u0930 \u092a\u094d\u0930\u0935\u0947\u0936\u092f\u094b\u0917\u094d\u092f \u0928\u093e\u0939\u0940<\/li>\n<li>\u0932\u0939\u093e\u0928 \u092e\u0941\u0932\u093e\u0902\u0928\u093e \u092e\u093e\u0902\u0921\u0940\u0935\u0930 \u092c\u0938\u0935\u093e\u0935\u0947<\/li>\n<li>\u092a\u093e\u0920\u0940\u091a\u094d\u092f\u093e \u0938\u092e\u0938\u094d\u092f\u093e \u0905\u0938\u0932\u0947\u0932\u094d\u092f\u093e \u092a\u094d\u0930\u0935\u093e\u0936\u093e\u0902\u0938\u093e\u0920\u0940 \u0936\u093f\u092b\u093e\u0930\u0938 \u0915\u0947\u0932\u0947\u0932\u0940 \u0928\u093e\u0939\u0940.<\/li>\n<li>\u0917\u0930\u094d\u092d\u0935\u0924\u0940 \u092a\u094d\u0930\u0935\u093e\u0936\u093e\u0902\u0938\u093e\u0920\u0940 \u0936\u093f\u092b\u093e\u0930\u0938 \u0915\u0947\u0932\u0947\u0932\u0940 \u0928\u093e\u0939\u0940.<\/li>\n<li>\u0939\u0943\u0926\u092f \u0938\u092e\u0938\u094d\u092f\u093e \u0915\u093f\u0902\u0935\u093e \u0907\u0924\u0930 \u0917\u0902\u092d\u0940\u0930 \u0935\u0948\u0926\u094d\u092f\u0915\u0940\u092f \u092a\u0930\u093f\u0938\u094d\u0925\u093f\u0924\u0940 \u0928\u093e\u0939\u0940.<\/li>\n<li>\u091c\u093e\u0938\u094d\u0924\u0940\u0924 \u091c\u093e\u0938\u094d\u0924 \u092a\u094d\u0930\u0935\u093e\u0938\u0940 \u0938\u0939\u092d\u093e\u0917\u0940 \u0939\u094b\u090a \u0936\u0915\u0924\u093e\u0924.<\/li>\n<\/ol>\n<h3>\u0930\u0926\u094d\u0926 \u0915\u0930\u0923\u094d\u092f\u093e\u091a\u0947 \u0927\u094b\u0930\u0923<\/h3>\n<p>\u092a\u0942\u0930\u094d\u0923 \u092a\u0930\u0924\u093e\u0935\u094d\u092f\u093e\u0938\u093e\u0920\u0940, \u0905\u0928\u0941\u092d\u0935 \u0938\u0941\u0930\u0942 \u0939\u094b\u0923\u094d\u092f\u093e\u091a\u094d\u092f\u093e \u0924\u093e\u0930\u0916\u0947\u091a\u094d\u092f\u093e \u0915\u093f\u092e\u093e\u0928 24 \u0924\u093e\u0938 \u0906\u0927\u0940 \u0930\u0926\u094d\u0926 \u0915\u0930\u093e.<\/p>\n<h3>\u0906\u092e\u091a\u094d\u092f\u093e\u0936\u0940 \u0938\u0902\u092a\u0930\u094d\u0915 \u0938\u093e\u0927\u093e\u092f\u091a\u093e?<\/h3>\n<p>\u092c\u0941\u0915\u093f\u0902\u0917 \u0938\u093e\u0939\u0938\u0940<br \/>\n\u0938\u094d\u0925\u093e\u0928\u093f\u0915 \u0906\u0923\u093f \u0930\u093e\u0937\u094d\u091f\u094d\u0930\u0940\u092f \u091f\u0942\u0930 \u092e\u093e\u0930\u094d\u0917\u0926\u0930\u094d\u0936\u0915 \u0906\u0923\u093f \u0905\u0924\u093f\u0925\u0940 \u0938\u0947\u0935\u093e<\/p>\n<p>\u0906\u0930\u0915\u094d\u0937\u0923: \u0921\u094b\u092e \u092e\u0927\u094d\u092f\u0947 \u091f\u0942\u0930 \u0906\u0923\u093f \u0938\u0939\u0932. \u092a\u094d\u0930\u0924\u093f\u0928\u093f\u0927\u0940.<\/p>\n<p>\ud83d\udcde \u0926\u0942\u0930\u0927\u094d\u0935\u0928\u0940\/\u0935\u094d\u0939\u0949\u091f\u094d\u0938\u0905\u0945\u092a +1-809-720-6035.<\/p>\n<p>\ud83d\udce9 info@bookingadventures.com.do<\/p>\n<p>\u0906\u092e\u094d\u0939\u0940 Whatsapp \u0926\u094d\u0935\u093e\u0930\u0947 \u0932\u0935\u091a\u093f\u0915\u0924\u0947\u0938\u0939 \u0916\u093e\u091c\u0917\u0940 \u091f\u0942\u0930 \u0915\u0930\u0924\u094b: +18097206035.<\/p>\n\n\t\t<\/div>\n\t<\/div>\n<\/div><\/div><\/div><\/div><div class=\"vc_row wpb_row vc_row-fluid\" ><div class=\"wpb_column vc_column_container vc_col-sm-12\"><div class=\"vc_column-inner\"><div class=\"wpb_wrapper\"><div class=\"vc_empty_space\"   style=\"height: 32px\"><span class=\"vc_empty_space_inner\"><\/span><\/div>\n\t<div class=\"wpb_video_widget wpb_content_element vc_clearfix   vc_video-aspect-ratio-169 vc_video-el-width-100 vc_video-align-left\" >\n\t\t<div class=\"wpb_wrapper\">\n\t\t\t<h2 class=\"wpb_heading wpb_video_heading\">\u0932\u0949\u0938 \u0939\u0948\u091f\u093f\u0938 \u0906\u0923\u093f \u092c\u0930\u0947\u091a \u0915\u093e\u0939\u0940...<\/h2>\n\t\t\t<div class=\"wpb_video_wrapper\"><iframe loading=\"lazy\" title=\"\u0921\u094b\u092e\u093f\u0928\u093f\u0915\u0928 \u092a\u094d\u0930\u091c\u093e\u0938\u0924\u094d\u0924\u093e\u0915 - \u0932\u0949\u0938 \u0939\u0948\u091f\u093f\u0938 \u0932\u0947\u0923\u0940 (\u091f\u093e\u092f\u0928\u094b\u0938), \u091a\u093f\u0924\u094d\u0930 \u0906\u0923\u093f \u092a\u0947\u091f\u094d\u0930\u094b\u0917\u094d\u0932\u093f\u092b\" width=\"1100\" height=\"619\" src=\"https:\/\/www.youtube.com\/embed\/o_ExYqtOlH8?feature=oembed\" frameborder=\"0\" allow=\"accelerometer; autoplay; encrypted-media; gyroscope; picture-in-picture\" allowfullscreen><\/iframe><\/div>\n\t\t<\/div>\n\t<\/div>\n<\/div><\/div><\/div><\/div>","protected":false},"excerpt":{"rendered":"<p>\u0938\u094d\u0925\u093e\u0928\u093f\u0915 \u092e\u093e\u0930\u094d\u0917\u0926\u0930\u094d\u0936\u0915\u093e\u0938\u0939 \u0932\u0949\u0938 \u0939\u0948\u091f\u093f\u0938\u0947\u0938 \u0928\u0945\u0936\u0928\u0932 \u092a\u093e\u0930\u094d\u0915\u091a\u0940 \u092a\u0930\u094d\u092f\u093e\u0935\u0930\u0923\u0940\u092f \u0938\u0939\u0932. \u0932\u0949\u0938 \u0939\u0948\u091f\u093f\u0938\u0947\u0938 \u0928\u0945\u0936\u0928\u0932 \u092a\u093e\u0930\u094d\u0915\u092e\u0927\u0940\u0932 \u0915\u0940\u091c, \u0916\u093e\u0930\u092b\u0941\u091f\u0940, \u0935\u0928\u0938\u094d\u092a\u0924\u0940, \u092a\u0915\u094d\u0937\u0940 \u0928\u093f\u0930\u0940\u0915\u094d\u0937\u0923, \u0917\u0941\u0939\u093e, \u091a\u093f\u0924\u094d\u0930\u0947 \u0906\u0923\u093f \u0932\u0949\u0938 \u0939\u0948\u091f\u093f\u0938\u0947\u0938 \u0928\u0945\u0936\u0928\u0932 \u092a\u093e\u0930\u094d\u0915\u092e\u0927\u0940\u0932 \u0938\u092c\u093e\u0928\u093e \u0926\u0947 \u0932\u093e \u092e\u093e\u0930\u091a\u094d\u092f\u093e \u0910\u0924\u093f\u0939\u093e\u0938\u093f\u0915 \u092d\u093e\u0917\u093e\u0902\u0928\u093e \u092d\u0947\u091f \u0926\u0947\u0923\u0947.<\/p>\n<p>&nbsp;<\/p>\n<p><strong>\u0924\u0941\u092e\u091a\u094d\u092f\u093e \u092d\u0947\u091f\u0940\u091a\u0940 \u0924\u093e\u0930\u0940\u0916 \u0928\u093f\u0935\u0921\u093e:<\/strong><\/p>","protected":false},"featured_media":225,"template":"","meta":[],"product_brand":[],"product_cat":[121,435,430,443],"product_tag":[132,133,432,142,148,143],"class_list":{"0":"post-543","1":"product","2":"type-product","3":"status-publish","4":"has-post-thumbnail","6":"product_cat-mangroves","7":"product_cat-manglares","8":"product_cat-parque-nacional-los-haitises-samana","9":"product_cat-tours-y-excursiones-es","10":"product_tag-los-haitises","11":"product_tag-los-haitises-national-park","12":"product_tag-parque-nacional-los-haitises-samana","13":"product_tag-samana","14":"product_tag-samana-excursions","15":"product_tag-samana-tours","17":"first","18":"instock","19":"sale","20":"sold-individually","21":"shipping-taxable","22":"product-type-external"},"_links":{"self":[{"href":"https:\/\/haitises.com\/mr\/wp-json\/wp\/v2\/product\/543","targetHints":{"allow":["GET"]}}],"collection":[{"href":"https:\/\/haitises.com\/mr\/wp-json\/wp\/v2\/product"}],"about":[{"href":"https:\/\/haitises.com\/mr\/wp-json\/wp\/v2\/types\/product"}],"wp:featuredmedia":[{"embeddable":true,"href":"https:\/\/haitises.com\/mr\/wp-json\/wp\/v2\/media\/225"}],"wp:attachment":[{"href":"https:\/\/haitises.com\/mr\/wp-json\/wp\/v2\/media?parent=543"}],"wp:term":[{"taxonomy":"product_brand","embeddable":true,"href":"https:\/\/haitises.com\/mr\/wp-json\/wp\/v2\/product_brand?post=543"},{"taxonomy":"product_cat","embeddable":true,"href":"https:\/\/haitises.com\/mr\/wp-json\/wp\/v2\/product_cat?post=543"},{"taxonomy":"product_tag","embeddable":true,"href":"https:\/\/haitises.com\/mr\/wp-json\/wp\/v2\/product_tag?post=543"}],"curies":[{"name":"wp","href":"https:\/\/api.w.org\/{rel}","templated":true}]}}