{"id":36,"date":"2020-06-14T11:56:46","date_gmt":"2020-06-14T11:56:46","guid":{"rendered":"http:\/\/haitises.com\/product\/import-placeholder-for-8237\/"},"modified":"2024-04-24T17:08:03","modified_gmt":"2024-04-24T17:08:03","slug":"kayaking-in-los-haitises-with-tour-guide-from-cano-hondo-2-hours","status":"publish","type":"product","link":"https:\/\/haitises.com\/mn\/\u0445\u0443\u0432\u0438\u0439\u043d\/kayaking-in-los-haitises-with-tour-guide-from-cano-hondo-2-hours\/","title":{"rendered":"Ca\u00f1o Hondo-\u0438\u0439\u043d \u0430\u044f\u043b\u043b\u044b\u043d \u0445\u04e9\u0442\u04e9\u0447\u0442\u044d\u0439 \u041b\u043e\u0441-\u0413\u0430\u0439\u0442\u0438\u0441\u0435\u0441\u0438\u0439\u043d \u0437\u0430\u0432\u0438\u0430\u0440 \u0430\u044f\u043b\u0430\u0445 2 \u0446\u0430\u0433"},"content":{"rendered":"<div class=\"vc_row wpb_row vc_row-fluid\" ><div class=\"wpb_column vc_column_container vc_col-sm-12\"><div class=\"vc_column-inner\"><div class=\"wpb_wrapper\">[mkdf_section_title title_tag=\u00bb\u00bb disable_break_words=\u00bbno\u00bb subtitle_tag=\u00bb\u00bb title=\u00bbKayaking in Los Haitises National Park with Tour guide from Ca\u00f1o Hondo 2 hours\u00bb subtitle=\u00bbKayaks &amp; Local Guide\u00bb]<\/div><\/div><\/div><\/div><div class=\"vc_row wpb_row vc_row-fluid\" ><div class=\"wpb_column vc_column_container vc_col-sm-12\"><div class=\"vc_column-inner\"><div class=\"wpb_wrapper\"><div class=\"vc_empty_space\"   style=\"height: 32px\"><span class=\"vc_empty_space_inner\"><\/span><\/div><\/div><\/div><\/div><\/div><div class=\"vc_row wpb_row vc_row-fluid\" ><div class=\"wpb_column vc_column_container vc_col-sm-12\"><div class=\"vc_column-inner\"><div class=\"wpb_wrapper\">\n\t<div class=\"wpb_text_column wpb_content_element\" >\n\t\t<div class=\"wpb_wrapper\">\n\t\t\t<h4><b><i>\u0422\u043e\u0439\u043c <\/i><\/b><\/h4>\n<p>Kayaking Mangroves in Los Haitises National Park with a local tour guide 2 Hours. Visiting Mangroves in Cano Hondo River plus an Overview of the San Lorenzo Bay in Los Haitises National park, Sabana de la mar Cano Hondo area. In Case you will like longer: <a href=\"https:\/\/www.ticketswhales.com\/Tours-Excursions\/kayaking\/kayaking-in-los-haitises-with-tour-guide-from-cano-hondo-4-hours\/\" target=\"_blank\" rel=\"noopener\"><strong>Kayaking 4 Hours in Los Haitises.<\/strong><\/a><\/p>\n<ul>\n<li style=\"font-weight: 400;\"><span style=\"font-weight: 400;\">The guide provides instruction and Supervision<\/span><\/li>\n<li>Kayaks and Paddles available Doble for two people and Simple for just one person.<\/li>\n<\/ul>\n<p>&nbsp;<\/p>\n<h4><b>\u041e\u0440\u0443\u0443\u043b\u0441\u0430\u043d \u0431\u043e\u043b\u043e\u043d \u0445\u0430\u0441\u0441\u0430\u043d \u0437\u04af\u0439\u043b\u0441<\/b><\/h4>\n<p>&nbsp;<\/p>\n<p><b>\u041e\u0440\u0443\u0443\u043b\u0441\u0430\u043d \u0437\u04af\u0439\u043b\u0441<\/b><\/p>\n<p>&nbsp;<\/p>\n<ol>\n<li style=\"font-weight: 400;\">Kayaking trip<\/li>\n<li style=\"font-weight: 400;\"><span style=\"font-weight: 400;\">\u0411\u04af\u0445 \u0442\u0430\u0442\u0432\u0430\u0440, \u0445\u0443\u0440\u0430\u0430\u043c\u0436, \u04af\u0439\u043b\u0447\u0438\u043b\u0433\u044d\u044d\u043d\u0438\u0439 \u0445\u0443\u0440\u0430\u0430\u043c\u0436<\/span><\/li>\n<li style=\"font-weight: 400;\"><span style=\"font-weight: 400;\">\u041e\u0440\u043e\u043d \u043d\u0443\u0442\u0433\u0438\u0439\u043d \u0442\u0430\u0442\u0432\u0430\u0440<\/span><\/li>\n<li style=\"font-weight: 400;\"><span style=\"font-weight: 400;\">\u041e\u0440\u043e\u043d \u043d\u0443\u0442\u0433\u0438\u0439\u043d \u0445\u04e9\u0442\u04e9\u0447<\/span><\/li>\n<\/ol>\n<p><b> \u04ae\u043b \u0445\u0430\u043c\u0430\u0430\u0440\u0430\u0445 \u0437\u04af\u0439\u043b<\/b><\/p>\n<ol>\n<li style=\"font-weight: 400;\"><span style=\"font-weight: 400;\">\u04e8\u0440\u0433\u04e9\u0434\u04e9\u043b<\/span><\/li>\n<li style=\"font-weight: 400;\"><span style=\"font-weight: 400;\">Transfer<\/span><\/li>\n<li>Lunch is not included<\/li>\n<li>Caves are not included<\/li>\n<li style=\"font-weight: 400;\"><span style=\"font-weight: 400;\">\u0421\u043e\u0433\u0442\u0443\u0443\u0440\u0443\u0443\u043b\u0430\u0445 \u0443\u043d\u0434\u0430\u0430<\/span><\/li>\n<\/ol>\n<p>&nbsp;<\/p>\n<h4><em><strong>\u042f\u0432\u0430\u0445 &amp; \u0411\u0443\u0446\u0430\u0445<\/strong><\/em><\/h4>\n<p><span style=\"font-weight: 400;\">The traveler will get a meeting point after the Reservation Process. Tours start and Finished in our meeting points.<\/span><\/p>\n<p>&nbsp;<\/p>\n<h4><b><i>\u042e\u0443 \u0445\u04af\u043b\u044d\u044d\u0445 \u0432\u044d?<\/i><\/b><\/h4>\n<p>&nbsp;<\/p>\n<p><em><strong>\u0422\u0430\u0441\u0430\u043b\u0431\u0430\u0440\u0430\u0430 \u0430\u0432\u0430\u0430\u0440\u0430\u0439<\/strong><\/em> for visiting 2 hours by Kayaking the Ca\u00f1o Hondo River Forest ( Mangroves) with the local\u00a0tour guides.<\/p>\n<p>When we get all types of equipment required for your safety\u00a0 (Lifejackets, etc)\u00a0 \u00a0the action start Kayaking from Ca\u00f1o Hondo port River.<\/p>\n<p><span style=\"font-weight: 400;\">The tour, organized by \u00abBooking Adventures\u00bb starts at the meeting point set with the Tour Guide. <\/span>Taking kayaks and going through mangrove swamps, past ancient pirate caves, and into protected forests in this picturesque reserve starting from Cano Hondo Hotels area or from Sabana de la Mar,<\/p>\n<div class=\"body-description secondary\">\n<p>Come with Booking Adventures and start checking some bird-filled mangroves, rolling hills of lush vegetation and caves of <em><strong>Los Haitises National Park<\/strong><\/em>. Taking a Kayaks Excursion from Cano Hondo river, Sabana de la Mar. Through the mangroves and Land at the open San Lorenzo Bay, from where you can photograph the rugged forest landscape. Look to the water to spot <em><strong>Manatees<\/strong><\/em>, crustaceans, and <em><strong>dolphins.<\/strong><\/em><\/p>\n<p>In case you will like this trip Longer we have a second option: <a href=\"https:\/\/www.ticketswhales.com\/Tours-Excursions\/kayaking\/kayaking-in-los-haitises-with-tour-guide-from-cano-hondo-4-hours\/\" target=\"_blank\" rel=\"noopener\"><em><strong>Kayaking in Los Haitises 4 Hours<\/strong><\/em><\/a><\/p>\n<p>The Tour finish at the starting point in Los Haitises National Park. We Recommend this trip at 6: 00 am in Case you will like to see <em><strong>Manatees<\/strong><\/em>, crustaceans, and <em><strong>dolphins.<\/strong><\/em><\/p>\n<\/div>\n<p><em><strong>6:00 AM<\/strong><\/em> is early so there are not still boats at the National Park Los Haitises.<\/p>\n<h4><em><strong>\u0422\u0430 \u044e\u0443 \u0430\u0432\u0447\u0440\u0430\u0445 \u0451\u0441\u0442\u043e\u0439 \u0432\u044d?<\/strong><\/em><\/h4>\n<ul>\n<li style=\"font-weight: 400;\"><span style=\"font-weight: 400;\">\u043a\u0430\u043c\u0435\u0440<\/span><\/li>\n<li style=\"font-weight: 400;\"><span style=\"font-weight: 400;\">\u0417\u044d\u0432\u04af\u04af\u043d \u043d\u0430\u0445\u0438\u0430<\/span><\/li>\n<li style=\"font-weight: 400;\"><span style=\"font-weight: 400;\">suncream<\/span><\/li>\n<li style=\"font-weight: 400;\"><span style=\"font-weight: 400;\">\u041c\u0430\u043b\u0433\u0430\u0439<\/span><\/li>\n<li style=\"font-weight: 400;\"><span style=\"font-weight: 400;\">\u0422\u0430\u0432 \u0442\u0443\u0445\u0442\u0430\u0439 \u04e9\u043c\u0434<\/span><\/li>\n<li style=\"font-weight: 400;\"><span style=\"font-weight: 400;\">Sandals\u00a0<\/span><\/li>\n<li style=\"font-weight: 400;\"><span style=\"font-weight: 400;\">\u0423\u0441\u0430\u043d\u0434 \u0441\u044d\u043b\u044d\u0445 \u0445\u0443\u0432\u0446\u0430\u0441<\/span><\/li>\n<\/ul>\n<p>&nbsp;<\/p>\n<h4><b><i>\u0417\u043e\u0447\u0438\u0434 \u0431\u0443\u0443\u0434\u043b\u0430\u0430\u0441 \u0430\u0432\u0430\u0445 <\/i><\/b><\/h4>\n<p><span style=\"font-weight: 400;\">\u042d\u043d\u044d \u0430\u044f\u043b\u0430\u043b\u0434 \u0437\u043e\u0447\u0438\u0434 \u0431\u0443\u0443\u0434\u043b\u0430\u0430\u0441 \u0442\u043e\u0441\u043e\u0445\u044b\u0433 \u0441\u0430\u043d\u0430\u043b \u0431\u043e\u043b\u0433\u043e\u0434\u043e\u0433\u0433\u04af\u0439. <\/span><\/p>\n<p>&nbsp;<\/p>\n<p><b>\u0416\u0438\u0447:<\/b><span style=\"font-weight: 400;\"> if you are booking within 24 hours of the tour\/Excursion departure time, we can arrangements hotel pick-up with extra Charges. Once your purchase is complete, we will send you complete contact information (phone number, email address, etc.) for our local Tour guide to organize pick-up arrangements.<\/span><\/p>\n<h4><b><i>\u041d\u044d\u043c\u044d\u043b\u0442 \u043c\u044d\u0434\u044d\u044d\u043b\u043b\u0438\u0439\u043d \u0431\u0430\u0442\u0430\u043b\u0433\u0430\u0430\u0436\u0443\u0443\u043b\u0430\u043b\u0442 <\/i><\/b><\/h4>\n<ol>\n<li>\u0422\u0430\u0441\u0430\u043b\u0431\u0430\u0440 \u043d\u044c \u044d\u043d\u044d \u0430\u044f\u043b\u0430\u043b\u044b\u0433 \u0442\u04e9\u043b\u0441\u043d\u0438\u0439 \u0434\u0430\u0440\u0430\u0430 \u0431\u0430\u0440\u0438\u043c\u0442 \u044e\u043c. \u0422\u0430 \u0443\u0442\u0441\u0430\u043d \u0434\u044d\u044d\u0440\u044d\u044d \u0442\u04e9\u043b\u0431\u04e9\u0440\u04e9\u04e9 \u0445\u0430\u0440\u0443\u0443\u043b\u0430\u0445 \u0431\u043e\u043b\u043e\u043c\u0436\u0442\u043e\u0439.<\/li>\n<li style=\"font-weight: 400;\"><span style=\"font-weight: 400;\">\u0423\u0443\u043b\u0437\u0430\u043b\u0442\u044b\u043d \u0446\u044d\u0433\u0438\u0439\u0433 \u0437\u0430\u0445\u0438\u0430\u043b\u0433\u044b\u043d \u0434\u0430\u0440\u0430\u0430 \u0445\u04af\u043b\u044d\u044d\u043d \u0430\u0432\u043d\u0430.<\/span><\/li>\n<li style=\"font-weight: 400;\"><span style=\"font-weight: 400;\">\u0425\u04af\u04af\u0445\u0434\u04af\u04af\u0434 \u043d\u0430\u0441\u0430\u043d\u0434 \u0445\u04af\u0440\u0441\u044d\u043d \u0445\u04af\u043d\u0442\u044d\u0439 \u0445\u0430\u043c\u0442 \u0431\u0430\u0439\u0445 \u0451\u0441\u0442\u043e\u0439.<\/span><\/li>\n<li style=\"font-weight: 400;\"><span style=\"font-weight: 400;\"> \u0422\u044d\u0440\u0433\u044d\u043d\u0446\u044d\u0440 \u0430\u0448\u0438\u0433\u043b\u0430\u0445 \u0431\u043e\u043b\u043e\u043c\u0436\u0433\u04af\u0439 <\/span><\/li>\n<li style=\"font-weight: 400;\"><span style=\"font-weight: 400;\">\u041d\u044f\u0440\u0430\u0439 \u0445\u04af\u04af\u0445\u044d\u0434 \u04e9\u0432\u04e9\u0440 \u0434\u044d\u044d\u0440\u044d\u044d \u0441\u0443\u0443\u0445 \u0451\u0441\u0442\u043e\u0439 <\/span><\/li>\n<li style=\"font-weight: 400;\"><span style=\"font-weight: 400;\">\u041d\u0443\u0440\u0443\u0443\u043d\u044b \u04e9\u0432\u0447\u0442\u044d\u0439 \u0430\u044f\u043b\u0430\u0433\u0447\u0434\u0430\u0434 \u0437\u04e9\u0432\u043b\u04e9\u0434\u04e9\u0433\u0433\u04af\u0439<\/span><\/li>\n<li style=\"font-weight: 400;\"><span style=\"font-weight: 400;\">\u0416\u0438\u0440\u044d\u043c\u0441\u044d\u043d \u0437\u043e\u0440\u0447\u0438\u0433\u0447\u0434\u043e\u0434 \u0445\u044d\u0440\u044d\u0433\u043b\u044d\u0445\u0438\u0439\u0433 \u0437\u04e9\u0432\u043b\u04e9\u0434\u04e9\u0433\u0433\u04af\u0439 <\/span><\/li>\n<li style=\"font-weight: 400;\"><span style=\"font-weight: 400;\"> \u0417\u04af\u0440\u0445\u043d\u0438\u0439 \u0430\u0441\u0443\u0443\u0434\u0430\u043b \u0431\u043e\u043b\u043e\u043d \u0431\u0443\u0441\u0430\u0434 \u043d\u043e\u0446\u0442\u043e\u0439 \u044d\u043c\u0433\u044d\u0433 \u0431\u0430\u0439\u0445\u0433\u04af\u0439 <\/span><\/li>\n<li style=\"font-weight: 400;\"><span style=\"font-weight: 400;\">\u0418\u0445\u044d\u043d\u0445 \u0430\u044f\u043b\u0430\u0433\u0447\u0438\u0434 \u043e\u0440\u043e\u043b\u0446\u043e\u0445 \u0431\u043e\u043b\u043e\u043c\u0436\u0442\u043e\u0439<\/span><\/li>\n<\/ol>\n<h4><b><i>\u0426\u0443\u0446\u043b\u0430\u0445 \u0431\u043e\u0434\u043b\u043e\u0433\u043e<\/i><\/b><\/h4>\n<p><span style=\"font-weight: 400;\">For a full refund, cancel at least 24 hours in advance of the start date of the experience.<\/span><\/p>\n\n\t\t<\/div>\n\t<\/div>\n<\/div><\/div><\/div><\/div><div class=\"vc_row wpb_row vc_row-fluid\" ><div class=\"wpb_column vc_column_container vc_col-sm-12\"><div class=\"vc_column-inner\"><div class=\"wpb_wrapper\"><div class=\"vc_empty_space\"   style=\"height: 32px\"><span class=\"vc_empty_space_inner\"><\/span><\/div>\n\t<div class=\"wpb_text_column wpb_content_element\" >\n\t\t<div class=\"wpb_wrapper\">\n\t\t\t<h4>\u0411\u0438\u0434\u044d\u043d\u0442\u044d\u0439 \u0445\u043e\u043b\u0431\u043e\u043e \u0431\u0430\u0440\u0438\u043d\u0430 \u0443\u0443?<\/h4>\n<h5><em><strong>\u0410\u0434\u0430\u043b \u044f\u0432\u0434\u0430\u043b \u0437\u0430\u0445\u0438\u0430\u043b\u0430\u0445<\/strong><\/em><\/h5>\n<p><em><strong>\u041d\u0443\u0442\u0433\u0438\u0439\u043d\u0445\u0430\u043d<\/strong> \u0431\u043e\u043b\u043e\u043d <strong>\u04ae\u043d\u0434\u044d\u0441\u043d\u0438\u0439 \u0445\u04af\u043c\u04af\u04af\u0441<\/strong> \u0410\u044f\u043b\u0430\u043b \u0436\u0443\u0443\u043b\u0447\u043b\u0430\u043b\u044b\u043d \u0445\u04e9\u0442\u04e9\u0447 \u0431\u0430 \u0437\u043e\u0447\u0434\u044b\u043d \u04af\u0439\u043b\u0447\u0438\u043b\u0433\u044d\u044d<\/em><\/p>\n<p><span class=\"text-turquoise\">\u0417\u0430\u0445\u0438\u0430\u043b\u0433\u0430:<\/span> \u0414\u043e\u043c.\u0420\u0430\u043f \u0434\u0430\u0445\u044c \u0430\u044f\u043b\u0430\u043b, \u0430\u044f\u043b\u0430\u043b.<\/p>\n<p><img decoding=\"async\" class=\"emoji\" draggable=\"false\" src=\"https:\/\/s.w.org\/images\/core\/emoji\/11.2.0\/svg\/1f4de.svg\" alt=\"\ud83d\udcde\" title=\"\"> \u0423\u0442\u0430\u0441\/Whatsapp\u00a0 <a href=\"tel:+1-809-720-6035\">+1-809-720-6035<\/a>.<\/p>\n<p><img decoding=\"async\" class=\"emoji\" draggable=\"false\" src=\"https:\/\/s.w.org\/images\/core\/emoji\/11.2.0\/svg\/1f4e9.svg\" alt=\"\ud83d\udce9\" title=\"\"> <a href=\"mailto:info@bookingadventures.com.do\">info@bookingadventures.com.do<\/a><\/p>\n<p><strong>\u0411\u0438\u0434 Whatsapp-\u044b\u043d \u0443\u044f\u043d \u0445\u0430\u0442\u0430\u043d \u0442\u043e\u0445\u0438\u0440\u0443\u0443\u043b\u0433\u0430\u0442\u0430\u0439 \u0445\u0443\u0432\u0438\u0439\u043d \u0430\u044f\u043b\u0430\u043b \u044e\u043c. <a href=\"tel:+18097206035\">+18097206035.<\/a><\/strong><\/p>\n\n\t\t<\/div>\n\t<\/div>\n<div class=\"vc_empty_space\"   style=\"height: 32px\"><span class=\"vc_empty_space_inner\"><\/span><\/div><\/div><\/div><\/div><\/div>","protected":false},"excerpt":{"rendered":"<p>Excursion to Los Haitises National Park starting from Sabana de la Mar or Ca\u00f1o Hondo Hotels. Kayaking Mangroves in Los Haitises National Park with a local tour guide. Visiting Mangroves in Ca\u00f1o Hondo River plus an Overview of the San Lorenzo Bay in Los Haitises National park, Sabana de la Mar Ca\u00f1o Hondo area. If you are interested in visit also the caves please book 4 Hours Kayaking <a href=\"https:\/\/www.ticketswhales.com\/Tours-Excursions\/kayaking\/kayaking-in-los-haitises-with-tour-guide-from-cano-hondo-4-hours\/\">trip here.<\/a><\/p>\n<ul>\n<li style=\"font-weight: 400;\"><span style=\"font-weight: 400;\">The guide provides instruction and Supervision<\/span><\/li>\n<li>Kayaks and Paddles available Doble for two people and Simple for just one person.<\/li>\n<\/ul>\n<p>&nbsp;<\/p>\n<p>Set this tour with a Hiking Trail and learn about the history of Los Haitises National Park with Locals.<\/p>\n<p>&nbsp;<\/p>\n<p><strong>\u0410\u044f\u043b\u0430\u043b \u0436\u0443\u0443\u043b\u0447\u043b\u0430\u043b\u044b\u043d \u043e\u0433\u043d\u043e\u043e\u0433 \u0441\u043e\u043d\u0433\u043e\u043d\u043e \u0443\u0443\u00a0<\/strong><\/p>","protected":false},"featured_media":113,"template":"","meta":[],"product_brand":[],"product_cat":[119,96,144,98,121,99,122,123,124],"product_tag":[126,127,149,145,150,151,152,153,132,133,114,148,143],"class_list":{"0":"post-36","1":"product","2":"type-product","3":"status-publish","4":"has-post-thumbnail","6":"product_cat-caves","7":"product_cat-hiking","8":"product_cat-kayaking","9":"product_cat-local-tour-guides","10":"product_cat-mangroves","11":"product_cat-swimming-natural-springs","12":"product_cat-tours-and-excursions","13":"product_cat-tours-excursions-los-haitises-national-park","14":"product_cat-tours-excursions-samana-bay-dominican-republic","15":"product_tag-cano-hondo","16":"product_tag-cano-hondo-hotel","17":"product_tag-cano-hondo-river","18":"product_tag-day-tour-cano-hondo","19":"product_tag-kayak-dominican-republic","20":"product_tag-kayak-los-haitises","21":"product_tag-kayak-tour","22":"product_tag-kayaking","23":"product_tag-los-haitises","24":"product_tag-los-haitises-national-park","25":"product_tag-sabana-de-la-mar","26":"product_tag-samana-excursions","27":"product_tag-samana-tours","29":"first","30":"instock","31":"sale","32":"sold-individually","33":"shipping-taxable","34":"product-type-external"},"_links":{"self":[{"href":"https:\/\/haitises.com\/mn\/wp-json\/wp\/v2\/product\/36","targetHints":{"allow":["GET"]}}],"collection":[{"href":"https:\/\/haitises.com\/mn\/wp-json\/wp\/v2\/product"}],"about":[{"href":"https:\/\/haitises.com\/mn\/wp-json\/wp\/v2\/types\/product"}],"wp:featuredmedia":[{"embeddable":true,"href":"https:\/\/haitises.com\/mn\/wp-json\/wp\/v2\/media\/113"}],"wp:attachment":[{"href":"https:\/\/haitises.com\/mn\/wp-json\/wp\/v2\/media?parent=36"}],"wp:term":[{"taxonomy":"product_brand","embeddable":true,"href":"https:\/\/haitises.com\/mn\/wp-json\/wp\/v2\/product_brand?post=36"},{"taxonomy":"product_cat","embeddable":true,"href":"https:\/\/haitises.com\/mn\/wp-json\/wp\/v2\/product_cat?post=36"},{"taxonomy":"product_tag","embeddable":true,"href":"https:\/\/haitises.com\/mn\/wp-json\/wp\/v2\/product_tag?post=36"}],"curies":[{"name":"wp","href":"https:\/\/api.w.org\/{rel}","templated":true}]}}