{"id":10905,"date":"2020-07-17T11:45:11","date_gmt":"2020-07-17T11:45:11","guid":{"rendered":"http:\/\/haitises.com\/?post_type=product&#038;p=10905"},"modified":"2024-04-16T00:20:24","modified_gmt":"2024-04-16T00:20:24","slug":"excursion-cascada-el-limon-y-cayo-levantado-desde-el-area-de-punta-cana-punto-de-reunion-sabana-de-la-mar","status":"publish","type":"product","link":"https:\/\/haitises.com\/mn\/\u0445\u0443\u0432\u0438\u0439\u043d\/excursion-cascada-el-limon-y-cayo-levantado-desde-el-area-de-punta-cana-punto-de-reunion-sabana-de-la-mar\/","title":{"rendered":"Excursi\u00f3n cascada El Lim\u00f3n y Cayo Levantado desde el \u00e1rea de Punta Cana (Punto de reuni\u00f3n Sabana de la Mar)"},"content":{"rendered":"<div class=\"vc_row wpb_row vc_row-fluid\" ><div class=\"wpb_column vc_column_container vc_col-sm-12\"><div class=\"vc_column-inner\"><div class=\"wpb_wrapper\">[mkdf_section_title title_tag=\u00bb\u00bb disable_break_words=\u00bbno\u00bb subtitle_tag=\u00bb\u00bb title=\u00bbCascada El Lim\u00f3n y Cayo Levantado &#8211; Excursi\u00f3n desde el \u00e1rea de Punta Cana\u00bb subtitle=\u00bb(Punto de encuentro Sabana de la Mar)\u00bb]<\/div><\/div><\/div><\/div><div class=\"vc_row wpb_row vc_row-fluid\" ><div class=\"wpb_column vc_column_container vc_col-sm-12\"><div class=\"vc_column-inner\"><div class=\"wpb_wrapper\">\n\t<div class=\"wpb_text_column wpb_content_element\" >\n\t\t<div class=\"wpb_wrapper\">\n\t\t\t<h3>\u0422\u043e\u0434\u043e\u0440\u0445\u043e\u0439\u043b\u043e\u043b\u0442<\/h3>\n<p>Si se encuentra en Punta Cana o B\u00e1varo, busca una excursi\u00f3n de un d\u00eda pagando menos de lo normal. Simplemente reserve este viaje a partir de la zona de Sabana de la Mar. Visitar la comunidad de Saman\u00e1 en Safari para llegar a la comunidad de El Lim\u00f3n, montar a caballo o caminar a las cataratas despu\u00e9s de cruzar la bah\u00eda de Saman\u00e1 y el tiempo de almuerzo en la isla de Bacardi. Este viaje comienza a las 9:00 a.m. y termina a las 4:30 p.m.<\/p>\n<p>Despu\u00e9s de esta experiencia, volver\u00e1s al puerto de Sabana de la Mar.<\/p>\n<ul>\n<li>\u0422\u0430\u0442\u0432\u0430\u0440 \u043e\u0440\u0441\u043e\u043d<\/li>\n<li>Almuerzo en la playa incluido.<\/li>\n<li>\u0423\u0434\u0438\u0440\u0434\u0430\u043c\u0436 \u043d\u044c \u0437\u0430\u0430\u0432\u0430\u0440\u0447\u0438\u043b\u0433\u0430\u0430, \u0445\u044f\u043d\u0430\u043b\u0442\u044b\u0433 \u04e9\u0433\u0434\u04e9\u0433.<\/li>\n<\/ul>\n<h3>\u041e\u0440\u0443\u0443\u043b\u0441\u0430\u043d \u0431\u043e\u043b\u043e\u043d \u0445\u0430\u0441\u0441\u0430\u043d \u0437\u04af\u0439\u043b\u0441<\/h3>\n<h4>\u041e\u0440\u0443\u0443\u043b\u0441\u0430\u043d \u0437\u04af\u0439\u043b\u0441<\/h4>\n<ul>\n<li>Bah\u00eda Saman\u00e1<\/li>\n<li>Isla Bacardi, playa y almuerzo<\/li>\n<li>Safari a El Lim\u00f3n<\/li>\n<li>Paseos a caballo o senderismo a las cascadas<\/li>\n<li>C\u00f3cteles Dominicanos<\/li>\n<li>\u0411\u04af\u0445 \u0442\u0430\u0442\u0432\u0430\u0440, \u0445\u0443\u0440\u0430\u0430\u043c\u0436, \u04af\u0439\u043b\u0447\u0438\u043b\u0433\u044d\u044d\u043d\u0438\u0439 \u0445\u0443\u0440\u0430\u0430\u043c\u0436<\/li>\n<li>\u041e\u0440\u043e\u043d \u043d\u0443\u0442\u0433\u0438\u0439\u043d \u0442\u0430\u0442\u0432\u0430\u0440<\/li>\n<li>\u0423\u043d\u0434\u0430\u0430<\/li>\n<li>\u0411\u04af\u0445 \u04af\u0439\u043b \u0430\u0436\u0438\u043b\u043b\u0430\u0433\u0430\u0430<\/li>\n<li>\u041e\u0440\u043e\u043d \u043d\u0443\u0442\u0433\u0438\u0439\u043d \u0445\u04e9\u0442\u04e9\u0447<\/li>\n<\/ul>\n<h4>\u04ae\u043b \u0445\u0430\u043c\u0430\u0430\u0440\u0430\u0445 \u0437\u04af\u0439\u043b<\/h4>\n<ul>\n<li>\u0417\u04e9\u0432\u043b\u04e9\u043c\u0436<\/li>\n<li>Traslado desde Punta Cana no incluido<\/li>\n<li>Bebidas alcoh\u00f3licas despu\u00e9s de c\u00f3cteles<\/li>\n<\/ul>\n<h3><em>\u042f\u0432\u0430\u0445, \u0431\u0443\u0446\u0430\u0445<\/em><\/h3>\n<p>\u0410\u044f\u043b\u0430\u0433\u0447 \u0437\u0430\u0445\u0438\u0430\u043b\u0433\u0430\u0430 \u04e9\u0433\u0441\u043d\u0438\u0439 \u0434\u0430\u0440\u0430\u0430 \u0443\u0443\u043b\u0437\u0430\u0445 \u0446\u044d\u0433\u0438\u0439\u0433 \u0430\u0432\u0430\u0445 \u0431\u043e\u043b\u043d\u043e. \u0410\u044f\u043b\u0430\u043b \u043d\u044c \u0431\u0438\u0434\u043d\u0438\u0439 \u0443\u0443\u043b\u0437\u0430\u0445 \u0446\u044d\u0433\u044d\u044d\u0441 \u044d\u0445\u044d\u043b\u0436, \u0434\u0443\u0443\u0441\u0434\u0430\u0433.<\/p>\n<h3><em>\u042e\u0443 \u0445\u04af\u043b\u044d\u044d\u0445 \u0432\u044d?<\/em><\/h3>\n<p>Obtenga sus boletos para visitar las cataratas en caballos o senderismo, Safari Saman\u00e1, nadar en los manantiales naturales desde el almuerzo de las cascadas en la isla de Bacardi m\u00e1s tiempo en la playa.<\/p>\n<p>Comenzando desde los puertos de Sabana de la Mar a bordo de un barco o catamar\u00e1n con un gu\u00eda tur\u00edstico local, pasamos la bah\u00eda de Saman\u00e1 a la comunidad de Saman\u00e1. Tomar un safari con un gu\u00eda tur\u00edstico local para hablar sobre la historia de Saman\u00e1 hasta llegar a la comunidad de El Lim\u00f3n. En la comunidad de El Lim\u00f3n comenzamos a caminar o montar a caballo por el bosque de cascadas de El Lim\u00f3n hasta las cascadas de El Lim\u00f3n. Donde cuando llegamos, \u00a1podemos nadar! Despu\u00e9s de regresar a Safari para ir al puerto de Saman\u00e1. Visite la isla de Bacardi para almorzar en la playa y nadar en una de las islas m\u00e1s bellas de la Rep\u00fablica Dominicana.<\/p>\n<p>\u0425\u044d\u0440\u044d\u0432 \u0442\u0430\u043d\u0434 \u044d\u043d\u044d \u0430\u044f\u043b\u0430\u043b \u0443\u0434\u0430\u0430\u043d \u044d\u0441\u0432\u044d\u043b \u0431\u043e\u0433\u0438\u043d\u043e \u0445\u0443\u0433\u0430\u0446\u0430\u0430\u043d\u0434 \u0442\u0430\u0430\u043b\u0430\u0433\u0434\u0430\u0436 \u0431\u0430\u0439\u0432\u0430\u043b \u0431\u0438\u0434\u044d\u043d\u0434 \u0434\u0430\u0440\u0430\u0430\u0445 \u0441\u043e\u043d\u0433\u043e\u043b\u0442\u0443\u0443\u0434 \u0431\u0430\u0439\u043d\u0430:<\/p>\n<ul>\n<li>\u0421\u0430\u043c\u0430\u043d\u0430 \u0431\u043e\u043e\u043c\u0442\u043e\u043e\u0441 \u041b\u043e\u0441 \u0425\u0430\u0439\u0442\u0438\u0441 + \u041a\u0430\u0439\u043e \u041b\u0435\u0432\u0430\u043d\u0442\u0430\u0434\u043e.<\/li>\n<li>Los Haitises + Cano Hondo desde el puerto de Saman\u00e1.<\/li>\n<\/ul>\n<h3><em>\u0422\u0430 \u044e\u0443 \u0430\u0432\u0447\u0440\u0430\u0445 \u0451\u0441\u0442\u043e\u0439 \u0432\u044d?<\/em><\/h3>\n<ul>\n<li>\u041a\u0430\u043c\u0435\u0440<\/li>\n<li>\u0437\u044d\u0432\u04af\u04af\u043d \u0431\u043e\u0434\u0438\u0441<\/li>\n<li>\u043d\u0430\u0440\u043d\u0430\u0430\u0441 \u0445\u0430\u043c\u0433\u0430\u0430\u043b\u0430\u0445 \u0442\u043e\u0441<\/li>\n<li>\u041c\u0430\u043b\u0433\u0430\u0439<\/li>\n<li>\u0422\u0430\u0432 \u0442\u0443\u0445\u0442\u0430\u0439 \u04e9\u043c\u0434<\/li>\n<li>\u041e\u0439\u043d \u044f\u0432\u0433\u0430\u043d \u0430\u044f\u043b\u0430\u043b\u044b\u043d \u0433\u0443\u0442\u0430\u043b<\/li>\n<li>\u0425\u0430\u0432\u0440\u044b\u043d \u0431\u04af\u0441 \u0440\u04af\u04af \u0448\u0430\u0430\u0445\u0430\u0439\u043d\u0443\u0443\u0434.<\/li>\n<li>\u0423\u0441\u043d\u044b \u0445\u0443\u0432\u0446\u0430\u0441<\/li>\n<\/ul>\n<h3><em>\u0417\u043e\u0447\u0438\u0434 \u0431\u0443\u0443\u0434\u043b\u0430\u0430\u0441 \u0430\u0432\u0430\u0445<\/em><\/h3>\n<p>No se ofrece la recogida en el hotel para este tour. Pero si nos contacta, podemos hablar de ello.<\/p>\n<p><strong>\u0410\u043d\u0445\u0430\u0430\u0440\u043d\u0430 \u0443\u0443<\/strong>: \u0425\u044d\u0440\u044d\u0432 \u0442\u0430 \u0430\u044f\u043b\u0430\u043b\/\u0430\u044f\u043b\u043b\u044b\u043d \u044f\u0432\u0430\u0445 \u0446\u0430\u0433\u0430\u0430\u0441 \u0445\u043e\u0439\u0448 24 \u0446\u0430\u0433\u0438\u0439\u043d \u0434\u043e\u0442\u043e\u0440 \u0437\u0430\u0445\u0438\u0430\u043b\u0433\u0430 \u04e9\u0433\u0432\u04e9\u043b \u0431\u0438\u0434 \u043d\u044d\u043c\u044d\u043b\u0442 \u0442\u04e9\u043b\u0431\u04e9\u0440\u0442\u044d\u0439\u0433\u044d\u044d\u0440 \u0437\u043e\u0447\u0438\u0434 \u0431\u0443\u0443\u0434\u043b\u0430\u0430\u0441 \u0430\u0432\u0430\u0445 \u0430\u0436\u043b\u044b\u0433 \u0437\u043e\u0445\u0438\u043e\u043d \u0431\u0430\u0439\u0433\u0443\u0443\u043b\u0430\u0445 \u0431\u043e\u043b\u043e\u043c\u0436\u0442\u043e\u0439. \u0422\u0430\u043d\u044b \u0445\u0443\u0434\u0430\u043b\u0434\u0430\u043d \u0430\u0432\u0430\u043b\u0442 \u0434\u0443\u0443\u0441\u0441\u0430\u043d\u044b \u0434\u0430\u0440\u0430\u0430 \u0431\u0438\u0434 \u0442\u0430\u043d\u0434 \u043e\u0440\u043e\u043d \u043d\u0443\u0442\u0433\u0438\u0439\u043d \u0430\u044f\u043b\u043b\u044b\u043d \u0445\u04e9\u0442\u04e9\u0447\u0442\u044d\u0439 \u0445\u043e\u043b\u0431\u043e\u043e \u0431\u0430\u0440\u0438\u0445 \u043c\u044d\u0434\u044d\u044d\u043b\u043b\u0438\u0439\u0433 (\u0443\u0442\u0430\u0441\u043d\u044b \u0434\u0443\u0433\u0430\u0430\u0440, \u0438\u043c\u044d\u0439\u043b \u0445\u0430\u044f\u0433 \u0433\u044d\u0445 \u043c\u044d\u0442) \u0438\u043b\u0433\u044d\u044d\u0436, \u0442\u043e\u0441\u043e\u0436 \u0430\u0432\u0430\u0445 \u0430\u0436\u043b\u044b\u0433 \u0437\u043e\u0445\u0438\u043e\u043d \u0431\u0430\u0439\u0433\u0443\u0443\u043b\u0430\u0445 \u0431\u043e\u043b\u043d\u043e.<\/p>\n<h3><em>\u041d\u044d\u043c\u044d\u043b\u0442 \u043c\u044d\u0434\u044d\u044d\u043b\u043b\u0438\u0439\u0433 \u0431\u0430\u0442\u0430\u043b\u0433\u0430\u0430\u0436\u0443\u0443\u043b\u0430\u0445<\/em><\/h3>\n<ol>\n<li>\u0422\u0430\u0441\u0430\u043b\u0431\u0430\u0440\u0443\u0443\u0434 \u043d\u044c \u044d\u043d\u044d \u0430\u044f\u043b\u043b\u044b\u043d \u0442\u04e9\u043b\u0431\u04e9\u0440\u0438\u0439\u0433 \u0442\u04e9\u043b\u0441\u043d\u0438\u0439 \u0434\u0430\u0440\u0430\u0430 \u0431\u0430\u0440\u0438\u043c\u0442 \u044e\u043c. \u0422\u0430 \u0443\u0442\u0441\u0430\u043d \u0434\u044d\u044d\u0440\u044d\u044d \u0442\u04e9\u043b\u0431\u04e9\u0440\u04e9\u04e9 \u0445\u0430\u0440\u0443\u0443\u043b\u0430\u0445 \u0431\u043e\u043b\u043e\u043c\u0436\u0442\u043e\u0439.<\/li>\n<li>\u0423\u0443\u043b\u0437\u0430\u043b\u0442\u044b\u043d \u0446\u044d\u0433\u0438\u0439\u0433 \u0437\u0430\u0445\u0438\u0430\u043b\u0433\u044b\u043d \u0434\u0430\u0440\u0430\u0430 \u0445\u04af\u043b\u044d\u044d\u043d \u0430\u0432\u043d\u0430.<\/li>\n<li>\u0425\u04af\u04af\u0445\u0434\u04af\u04af\u0434 \u043d\u0430\u0441\u0430\u043d\u0434 \u0445\u04af\u0440\u0441\u044d\u043d \u0445\u04af\u043d\u0442\u044d\u0439 \u0445\u0430\u043c\u0442 \u0431\u0430\u0439\u0445 \u0451\u0441\u0442\u043e\u0439.<\/li>\n<li>\u0422\u044d\u0440\u0433\u044d\u043d\u0446\u044d\u0440 \u0430\u0448\u0438\u0433\u043b\u0430\u0445 \u0431\u043e\u043b\u043e\u043c\u0436\u0433\u04af\u0439<\/li>\n<li>Los infantes deben sentarse en el regazo<\/li>\n<li>\u041d\u0443\u0440\u0443\u0443\u043d\u044b \u04e9\u0432\u0447\u0442\u044d\u0439 \u0430\u044f\u043b\u0430\u0433\u0447\u0434\u0430\u0434 \u0437\u04e9\u0432\u043b\u04e9\u0434\u04e9\u0433\u0433\u04af\u0439.<\/li>\n<li>\u0416\u0438\u0440\u044d\u043c\u0441\u044d\u043d \u044d\u043c\u044d\u0433\u0442\u044d\u0439\u0447\u04af\u04af\u0434\u044d\u0434 \u0445\u044d\u0440\u044d\u0433\u043b\u044d\u0445\u0438\u0439\u0433 \u0437\u04e9\u0432\u043b\u04e9\u0434\u04e9\u0433\u0433\u04af\u0439.<\/li>\n<li>\u0417\u04af\u0440\u0445\u043d\u0438\u0439 \u0430\u0441\u0443\u0443\u0434\u0430\u043b \u0431\u043e\u043b\u043e\u043d \u0431\u0443\u0441\u0430\u0434 \u043d\u043e\u0446\u0442\u043e\u0439 \u044d\u043c\u0433\u044d\u0433 \u0431\u0430\u0439\u0445\u0433\u04af\u0439.<\/li>\n<li>\u0418\u0445\u044d\u043d\u0445 \u0430\u044f\u043b\u0430\u0433\u0447\u0438\u0434 \u043e\u0440\u043e\u043b\u0446\u043e\u0445 \u0431\u043e\u043b\u043e\u043c\u0436\u0442\u043e\u0439.<\/li>\n<\/ol>\n<h3><em>\u0426\u0443\u0446\u043b\u0430\u0445 \u0431\u043e\u0434\u043b\u043e\u0433\u043e<\/em><\/h3>\n<p>\u0422\u04e9\u043b\u0431\u04e9\u0440\u0438\u0439\u0433 \u0431\u04af\u0440\u044d\u043d \u0431\u0443\u0446\u0430\u0430\u043d \u0430\u0432\u0430\u0445\u044b\u043d \u0442\u0443\u043b\u0434 \u0442\u0443\u0440\u0448\u043b\u0430\u0433\u0430 \u044d\u0445\u043b\u044d\u0445 \u04e9\u0434\u0440\u04e9\u04e9\u0441 24 \u0446\u0430\u0433\u0438\u0439\u043d \u04e9\u043c\u043d\u04e9 \u0446\u0443\u0446\u043b\u0430\u0430\u0440\u0430\u0439.<\/p>\n\n\t\t<\/div>\n\t<\/div>\n<\/div><\/div><\/div><\/div><div class=\"vc_row wpb_row vc_row-fluid\" ><div class=\"wpb_column vc_column_container vc_col-sm-12\"><div class=\"vc_column-inner\"><div class=\"wpb_wrapper\"><div class=\"vc_empty_space\"   style=\"height: 32px\"><span class=\"vc_empty_space_inner\"><\/span><\/div>\n\t<div class=\"wpb_text_column wpb_content_element\" >\n\t\t<div class=\"wpb_wrapper\">\n\t\t\t<h4>\u00a1Cont\u00e1ctenos!<\/h4>\n<h5>Reserva de Aventuras<\/h5>\n<p><em>Gu\u00edas tur\u00edsticos Locales y nacionales y servicios para hu\u00e9spedes<\/em><\/p>\n<p>\u0417\u0430\u0445\u0438\u0430\u043b\u0433\u0430: \u0414\u043e\u043c.\u0420\u0430\u043f \u0434\u0430\u0445\u044c \u0430\u044f\u043b\u0430\u043b, \u0430\u044f\u043b\u0430\u043b.<\/p>\n<p>\u0423\u0442\u0430\u0441\/Whatsapp +1-809-720-6035.<\/p>\n<p>info@bookingadventures.com.do<\/p>\n<p>Somos flexibles Configurando tours privados por <strong>Whatsapp: <a href=\"tel:+18097206035\">+18097206035.<\/a><\/strong><\/p>\n\n\t\t<\/div>\n\t<\/div>\n<div class=\"vc_empty_space\"   style=\"height: 32px\"><span class=\"vc_empty_space_inner\"><\/span><\/div><\/div><\/div><\/div><\/div>","protected":false},"excerpt":{"rendered":"<p><strong>\u0410\u044f\u043b\u043b\u044b\u043d \u043e\u0433\u043d\u043e\u043e\u0433 \u0441\u043e\u043d\u0433\u043e\u043d\u043e \u0443\u0443:<\/strong><\/p>","protected":false},"featured_media":94,"template":"","meta":[],"product_brand":[],"product_cat":[96,97,135,136,122,443,123,124],"product_tag":[137,138,139,140,141,114,142,143],"class_list":{"0":"post-10905","1":"product","2":"type-product","3":"status-publish","4":"has-post-thumbnail","6":"product_cat-hiking","7":"product_cat-horse-riding-to-waterfalls","8":"product_cat-lunch","9":"product_cat-safari-samana","10":"product_cat-tours-and-excursions","11":"product_cat-tours-y-excursiones-es","12":"product_cat-tours-excursions-los-haitises-national-park","13":"product_cat-tours-excursions-samana-bay-dominican-republic","14":"product_tag-bacardi-island","15":"product_tag-beach-time","16":"product_tag-cayo-levantado","17":"product_tag-el-limon-waterfalls","18":"product_tag-punta-cana","19":"product_tag-sabana-de-la-mar","20":"product_tag-samana","21":"product_tag-samana-tours","23":"first","24":"instock","25":"sale","26":"sold-individually","27":"shipping-taxable","28":"product-type-external"},"_links":{"self":[{"href":"https:\/\/haitises.com\/mn\/wp-json\/wp\/v2\/product\/10905","targetHints":{"allow":["GET"]}}],"collection":[{"href":"https:\/\/haitises.com\/mn\/wp-json\/wp\/v2\/product"}],"about":[{"href":"https:\/\/haitises.com\/mn\/wp-json\/wp\/v2\/types\/product"}],"wp:featuredmedia":[{"embeddable":true,"href":"https:\/\/haitises.com\/mn\/wp-json\/wp\/v2\/media\/94"}],"wp:attachment":[{"href":"https:\/\/haitises.com\/mn\/wp-json\/wp\/v2\/media?parent=10905"}],"wp:term":[{"taxonomy":"product_brand","embeddable":true,"href":"https:\/\/haitises.com\/mn\/wp-json\/wp\/v2\/product_brand?post=10905"},{"taxonomy":"product_cat","embeddable":true,"href":"https:\/\/haitises.com\/mn\/wp-json\/wp\/v2\/product_cat?post=10905"},{"taxonomy":"product_tag","embeddable":true,"href":"https:\/\/haitises.com\/mn\/wp-json\/wp\/v2\/product_tag?post=10905"}],"curies":[{"name":"wp","href":"https:\/\/api.w.org\/{rel}","templated":true}]}}