{"id":11632,"date":"2023-10-04T07:39:46","date_gmt":"2023-10-04T07:39:46","guid":{"rendered":"http:\/\/haitises.com\/?post_type=product&#038;p=11632"},"modified":"2024-04-01T19:33:46","modified_gmt":"2024-04-01T19:33:46","slug":"los-haitises-national-park-tour-from-samana-port-3","status":"publish","type":"product","link":"https:\/\/haitises.com\/mk\/\u043f\u0440\u0438\u0432\u0430\u0442\u0435\u043d\/los-haitises-national-park-tour-from-samana-port-3\/","title":{"rendered":"\u0422\u0443\u0440\u043d\u0435\u0458\u0430 \u043d\u0430 \u043d\u0430\u0446\u0438\u043e\u043d\u0430\u043b\u043d\u0438\u043e\u0442 \u043f\u0430\u0440\u043a \u041b\u043e\u0441 \u0425\u0430\u0438\u0442\u0438\u0441 \u043e\u0434 \u043f\u0440\u0438\u0441\u0442\u0430\u043d\u0438\u0448\u0442\u0435\u0442\u043e \u0421\u0430\u043c\u0430\u043d\u0430"},"content":{"rendered":"<div class=\"vc_row wpb_row vc_row-fluid\" ><div class=\"wpb_column vc_column_container vc_col-sm-12\"><div class=\"vc_column-inner\"><div class=\"wpb_wrapper\">[mkdf_section_title title_tag=\u00bb\u00bb disable_break_words=\u00bbno\u00bb subtitle_tag=\u00bb\u00bb title=\u00bbLos Haitises National Park Boat Tour\u00bb subtitle=\u00bbJust Los Haitises National Park\u00bb]<\/div><\/div><\/div><\/div><div class=\"vc_row wpb_row vc_row-fluid\" ><div class=\"wpb_column vc_column_container vc_col-sm-12\"><div class=\"vc_column-inner\"><div class=\"wpb_wrapper\"><div class=\"vc_btn3-container vc_btn3-inline\" ><button class=\"vc_general vc_btn3 vc_btn3-size-md vc_btn3-shape-rounded vc_btn3-style-modern vc_btn3-color-green\">\u0420\u0415\u0417\u0415\u0420\u0412\u0418\u0420\u0410\u0408 \u0421\u0415\u0413\u0410<\/button><\/div>\n\t<div class=\"wpb_text_column wpb_content_element\" >\n\t\t<div class=\"wpb_wrapper\">\n\t\t\t<h4><b><i>\u041f\u0440\u0435\u0433\u043b\u0435\u0434 <\/i><\/b><\/h4>\n<p>Visit just Los Haitises National park starting from Saman\u00e1 Port.\u00a0 Come with us and visit the most beautiful national park of the Dominican Republic, Visiting Mangroves, Caves and San Lorenzo Bay plus crossing the gorgeous Saman\u00e1 bay. Then Back to Saman\u00e1 port.<\/p>\n<p>\u041f\u043e \u043e\u0432\u0430 \u0438\u0441\u043a\u0443\u0441\u0442\u0432\u043e, \u045c\u0435 \u0441\u0435 \u0432\u0440\u0430\u0442\u0438\u0442\u0435 \u0432\u043e \u043f\u0440\u0438\u0441\u0442\u0430\u043d\u0438\u0448\u0442\u0435\u0442\u043e \u0421\u0430\u043c\u0430\u043d\u0430.<\/p>\n<ul>\n<li style=\"font-weight: 400;\">\u0412\u043a\u043b\u0443\u0447\u0435\u043d\u0438 \u0442\u0430\u043a\u0441\u0438<\/li>\n<li style=\"font-weight: 400;\"><span style=\"font-weight: 400;\">\u0412\u043e\u0434\u0438\u0447\u043e\u0442 \u043e\u0431\u0435\u0437\u0431\u0435\u0434\u0443\u0432\u0430 \u0438\u043d\u0441\u0442\u0440\u0443\u043a\u0446\u0438\u0438 \u0438 \u043d\u0430\u0434\u0437\u043e\u0440<\/span><\/li>\n<\/ul>\n<p>&nbsp;<\/p>\n<h4><b>\u0412\u043a\u043b\u0443\u0447\u0443\u0432\u0430\u045a\u0430 \u0438 \u0438\u0441\u043a\u043b\u0443\u0447\u0443\u0432\u0430\u045a\u0430<\/b><\/h4>\n<p>&nbsp;<\/p>\n<p><b>\u0412\u043a\u043b\u0443\u0447\u0443\u0432\u0430\u045a\u0430<\/b><\/p>\n<p>&nbsp;<\/p>\n<ol>\n<li style=\"font-weight: 400;\">\u0422\u0443\u0440\u043d\u0435\u0458\u0430 \u0432\u043e \u041b\u043e\u0441 \u0425\u0430\u0438\u0442\u0438\u0441 + \u043f\u0435\u0448\u0442\u0435\u0440\u0438 \u0438 \u0441\u043b\u0438\u043a\u0438<\/li>\n<li style=\"font-weight: 400;\"><span style=\"font-weight: 400;\">\u0421\u0438\u0442\u0435 \u0434\u0430\u043d\u043e\u0446\u0438, \u0442\u0430\u043a\u0441\u0438 \u0438 \u0442\u0440\u043e\u0448\u043e\u0446\u0438 \u0437\u0430 \u0440\u0430\u043a\u0443\u0432\u0430\u045a\u0435<\/span><\/li>\n<li style=\"font-weight: 400;\"><span style=\"font-weight: 400;\">\u041b\u043e\u043a\u0430\u043b\u043d\u0438 \u0434\u0430\u043d\u043e\u0446\u0438<\/span><\/li>\n<li style=\"font-weight: 400;\"><span style=\"font-weight: 400;\">\u041f\u0438\u0458\u0430\u043b\u043e\u0446\u0438<\/span><\/li>\n<li style=\"font-weight: 400;\"><span style=\"font-weight: 400;\">\u0421\u0438\u0442\u0435 \u0430\u043a\u0442\u0438\u0432\u043d\u043e\u0441\u0442\u0438<\/span><\/li>\n<li style=\"font-weight: 400;\"><span style=\"font-weight: 400;\">\u041b\u043e\u043a\u0430\u043b\u0435\u043d \u0432\u043e\u0434\u0438\u0447<\/span><\/li>\n<\/ol>\n<p><b> \u0418\u0441\u043a\u043b\u0443\u0447\u0443\u0432\u0430\u045a\u0430<\/b><\/p>\n<ol>\n<li style=\"font-weight: 400;\"><span style=\"font-weight: 400;\">\u0411\u0430\u043a\u0448\u0438\u0448\u0438\u0442\u0435<\/span><\/li>\n<li style=\"font-weight: 400;\"><span style=\"font-weight: 400;\">\u0422\u0440\u0430\u043d\u0441\u0444\u0435\u0440<\/span><\/li>\n<li style=\"font-weight: 400;\"><span style=\"font-weight: 400;\">\u0410\u043b\u043a\u043e\u0445\u043e\u043b\u043d\u0438 \u043f\u0438\u0458\u0430\u043b\u043e\u0446\u0438<\/span><\/li>\n<li>Lunch Not Included, For lunch include picking one of these trips:\u00a0 <a href=\"https:\/\/www.ticketswhales.com\/tour\/los-haitises-national-park-tour-from-samana-port\/\" target=\"_blank\" rel=\"noopener\">Los Haitises + Cayo Levantado<\/a> from Saman\u00e1 Port or<a href=\"https:\/\/www.ticketswhales.com\/tour\/los-haitises-national-park-lunch-at-cano-hondo-from-samana-port\/\" target=\"_blank\" rel=\"noopener\"><em><strong> Los Haitises + Cano Hondo from Samana Port.<\/strong><\/em><\/a><\/li>\n<\/ol>\n<p>&nbsp;<\/p>\n<h4><em><strong>\u041f\u043e\u0430\u0453\u0430\u045a\u0435 \u0438 \u0432\u0440\u0430\u045c\u0430\u045a\u0435<\/strong><\/em><\/h4>\n<p><span style=\"font-weight: 400;\">\u041f\u0430\u0442\u043d\u0438\u043a\u043e\u0442 \u045c\u0435 \u0434\u043e\u0431\u0438\u0435 \u0442\u043e\u0447\u043a\u0430 \u0437\u0430 \u0441\u043e\u0441\u0442\u0430\u043d\u0443\u0432\u0430\u045a\u0435 \u043f\u043e \u041f\u0440\u043e\u0446\u0435\u0441\u043e\u0442 \u043d\u0430 \u0440\u0435\u0437\u0435\u0440\u0432\u0430\u0446\u0438\u0458\u0430. \u0422\u0443\u0440\u0438\u0442\u0435 \u0437\u0430\u043f\u043e\u0447\u043d\u0443\u0432\u0430\u0430\u0442 \u0438 \u0437\u0430\u0432\u0440\u0448\u0443\u0432\u0430\u0430\u0442 \u0432\u043e \u043d\u0430\u0448\u0438\u0442\u0435 \u0442\u043e\u0447\u043a\u0438 \u0437\u0430 \u0441\u043e\u0441\u0442\u0430\u043d\u043e\u0446\u0438.<\/span><\/p>\n<p>&nbsp;<\/p>\n<h4><b><i>\u0428\u0442\u043e \u0434\u0430 \u043e\u0447\u0435\u043a\u0443\u0432\u0430\u043c?<\/i><\/b><\/h4>\n<p>&nbsp;<\/p>\n<p><em><strong>\u0417\u0435\u043c\u0435\u0442\u0435 \u0433\u0438 \u0432\u0430\u0448\u0438\u0442\u0435 \u0431\u0438\u043b\u0435\u0442\u0438<\/strong><\/em> \u0437\u0430 \u043f\u043e\u0441\u0435\u0442\u0430 \u043d\u0430 \u041d\u0430\u0446\u0438\u043e\u043d\u0430\u043b\u043d\u0438\u043e\u0442 \u043f\u0430\u0440\u043a \u041b\u043e\u0441 \u0425\u0430\u0438\u0442\u0438\u0441 \u0441\u043e \u043f\u0440\u0435\u043a\u0440\u0430\u0441\u0435\u043d \u0440\u0443\u0447\u0435\u043a \u0432\u043e \u041a\u0430\u045a\u043e \u0425\u043e\u043d\u0434\u043e \u0438 \u043f\u043b\u0438\u0432\u0430\u045a\u0435 \u0432\u043e \u043f\u0440\u0438\u0440\u043e\u0434\u043d\u0438\u0442\u0435 \u0438\u0437\u0432\u043e\u0440\u0438.<\/p>\n<p>\u041f\u043e\u0447\u043d\u0443\u0432\u0430\u0458\u045c\u0438 \u043e\u0434 \u043f\u0440\u0438\u0441\u0442\u0430\u043d\u0438\u0448\u0442\u0435\u0442\u043e \u0421\u0430\u043c\u0430\u043d\u0430 \u043d\u0430 \u0431\u0440\u043e\u0434 \u0438\u043b\u0438 \u043a\u0430\u0442\u0430\u043c\u0430\u0440\u0430\u043d \u0441\u043e \u043b\u043e\u043a\u0430\u043b\u0435\u043d \u0442\u0443\u0440\u0438\u0441\u0442\u0438\u0447\u043a\u0438 \u0432\u043e\u0434\u0438\u0447, \u0433\u043e \u043f\u043e\u043c\u0438\u043d\u0443\u0432\u0430\u043c\u0435 \u0437\u0430\u043b\u0438\u0432\u043e\u0442 \u0421\u0430\u043c\u0430\u043d\u0430 \u0434\u043e \u0441\u0442\u0440\u0430\u043d\u0430\u0442\u0430 \u0421\u0430\u0431\u0430\u043d\u0430 \u0434\u0435 \u043b\u0430 \u041c\u0430\u0440 \u0437\u0430 \u0434\u0430 \u0433\u043e \u043f\u043e\u0441\u0435\u0442\u0438\u043c\u0435 \u0435\u0434\u0435\u043d \u043e\u0434 \u043d\u0430\u0458\u0443\u0431\u0430\u0432\u0438\u0442\u0435 \u043d\u0430\u0446\u0438\u043e\u043d\u0430\u043b\u043d\u0438 \u043f\u0430\u0440\u043a\u043e\u0432\u0438 \u043d\u0430 \u0414\u043e\u043c\u0438\u043d\u0438\u043a\u0430\u043d\u0441\u043a\u0430\u0442\u0430 \u0420\u0435\u043f\u0443\u0431\u043b\u0438\u043a\u0430. <em><strong>\u041d\u0430\u0446\u0438\u043e\u043d\u0430\u043b\u043d\u0438\u043e\u0442 \u043f\u0430\u0440\u043a Haitises<\/strong><\/em>.<\/p>\n<p>\u041f\u043e\u0441\u0435\u0442\u0430 \u043d\u0430 \u043e\u0441\u0442\u0440\u043e\u0432\u043e\u0442 \u0441\u043e \u043f\u0442\u0438\u0446\u0438 \u043d\u0430\u043e\u043a\u043e\u043b\u0443. \u0412\u043e \u0441\u0435\u0437\u043e\u043d\u0430\u0442\u0430 \u043d\u0430 \u0433\u043d\u0435\u0437\u0434\u0435\u045a\u0435, \u043d\u0430 \u0433\u043d\u0435\u0437\u0434\u0430\u0442\u0430 \u043c\u043e\u0436\u0435\u043c\u0435 \u0434\u0430 \u0433\u0438 \u0432\u0438\u0434\u0438\u043c\u0435 \u0434\u0443\u0440\u0438 \u0438 \u043f\u0438\u043b\u0438\u045a\u0430\u0442\u0430 \u043f\u0435\u043b\u0438\u043a\u0430\u043d. \u0414\u043e\u0431\u0438\u0432\u0430\u045a\u0435 \u043f\u043e\u0432\u0435\u045c\u0435 \u0432\u043e \u0432\u043d\u0430\u0442\u0440\u0435\u0448\u043d\u043e\u0441\u0442\u0430 \u043d\u0430 \u043a\u0430\u0440\u043f\u0435\u0441\u0442\u0438\u043e\u0442 \u043e\u0441\u0442\u0440\u043e\u0432 \u0438 \u043f\u043e\u0441\u0435\u0442\u0430 \u043d\u0430 \u043f\u0435\u0448\u0442\u0435\u0440\u0438\u0442\u0435 \u0441\u043e \u043f\u0438\u043a\u0442\u043e\u0433\u0440\u0430\u0444\u0438 \u0438 \u043f\u0435\u0442\u0440\u043e\u0433\u0440\u0430\u0444\u0438\u0438 \u043e\u0434 \u0434\u043e\u043c\u043e\u0440\u043e\u0434\u043d\u0438\u0442\u0435 \u043b\u0443\u0453\u0435.<\/p>\n<p>The tour, organized by \u00abBooking Adventures\u00bb starts at the meeting point set with the Tour Guide. Come with Booking Adventures and start checking some bird-filled mangroves, rolling hills of lush vegetation and caves of <em><strong>\u041d\u0430\u0446\u0438\u043e\u043d\u0430\u043b\u043d\u0438\u043e\u0442 \u043f\u0430\u0440\u043a \u041b\u043e\u0441 \u0425\u0430\u0438\u0442\u0438\u0441<\/strong><\/em>.<\/p>\n<p>Through the mangroves and Land at the open San Lorenzo Bay, from where you can photograph the rugged forest landscape. Look to the water to spot <em><strong>\u041c\u0430\u043d\u0430\u0442\u0438<\/strong><\/em>, \u0440\u0430\u043a\u043e\u0432\u0438 \u0438 <em><strong>\u0414\u0435\u043b\u0444\u0438\u043d\u0438.<\/strong><\/em><\/p>\n<div class=\"body-description secondary\">\n<p>\u0418\u043c\u0435\u0442\u043e \u043d\u0430 \u043d\u0430\u0446\u0438\u043e\u043d\u0430\u043b\u043d\u0438\u043e\u0442 \u043f\u0430\u0440\u043a \u0434\u043e\u0430\u0453\u0430 \u043e\u0434 \u043d\u0435\u0433\u043e\u0432\u0438\u0442\u0435 \u043e\u0440\u0438\u0433\u0438\u043d\u0430\u043b\u043d\u0438 \u0436\u0438\u0442\u0435\u043b\u0438, \u0418\u043d\u0434\u0438\u0458\u0430\u043d\u0446\u0438\u0442\u0435 \u0422\u0430\u0438\u043d\u043e. \u041d\u0430 \u043d\u0438\u0432\u043d\u0438\u043e\u0442 \u0458\u0430\u0437\u0438\u043a \u201eHaitises\u201c \u0441\u0435 \u043f\u0440\u0435\u0432\u0435\u0434\u0443\u0432\u0430 \u043d\u0430 \u0432\u0438\u0441\u043e\u0440\u0430\u043c\u043d\u0438\u043d\u0438 \u0438\u043b\u0438 \u0440\u0438\u0434\u043e\u0432\u0438, \u0440\u0435\u0444\u0435\u0440\u0435\u043d\u0446\u0430 \u0437\u0430 \u0441\u0442\u0440\u043c\u043d\u0438\u0442\u0435 \u0433\u0435\u043e\u043b\u043e\u0448\u043a\u0438 \u0444\u043e\u0440\u043c\u0430\u0446\u0438\u0438 \u043d\u0430 \u043a\u0440\u0430\u0458\u0431\u0440\u0435\u0436\u0458\u0435\u0442\u043e \u0441\u043e \u0432\u0430\u0440\u043e\u0432\u043d\u0438\u0446\u0438. \u0410\u0432\u0430\u043d\u0442\u0443\u0440\u0438\u0440\u0430\u0458\u0442\u0435 \u043f\u043e\u0434\u043b\u0430\u0431\u043e\u043a\u043e \u0432\u043e \u043f\u0430\u0440\u043a\u043e\u0442 \u0437\u0430 \u0434\u0430 \u0438\u0441\u0442\u0440\u0430\u0436\u0438\u0442\u0435 \u043f\u0435\u0448\u0442\u0435\u0440\u0438 \u043a\u0430\u043a\u043e \u0448\u0442\u043e \u0441\u0435 <em><strong>\u041f\u0435\u0441\u043e\u0447\u043d\u0430 \u043f\u0435\u0448\u0442\u0435\u0440\u0430<\/strong><\/em> \u0438 <strong><em>\u041b\u0438\u043d\u0438\u0458\u0430 \u043f\u0435\u0448\u0442\u0435\u0440\u0430.<\/em><\/strong> Caves in the reserve were used as shelter by the Taino Indians and, later, by hiding pirates. Look for drawings by Indians that decorate some of the walls. After visiting Los Haitises National Park we will go back to Saman\u00e1 port passing Saman\u00e1 bay 30 min.<\/p>\n<\/div>\n<p>\u0412\u043e \u0441\u043b\u0443\u0447\u0430\u0458 \u0434\u0430 \u0432\u0438 \u0441\u0435 \u0434\u043e\u043f\u0430\u0453\u0430 \u043e\u0432\u0430 \u043f\u0430\u0442\u0443\u0432\u0430\u045a\u0435 \u043f\u043e\u0434\u043e\u043b\u0433\u043e, \u0433\u0438 \u0438\u043c\u0430\u043c\u0435 \u043e\u0432\u0438\u0435 \u043e\u043f\u0446\u0438\u0438:<\/p>\n<ol>\n<li><a href=\"https:\/\/www.ticketswhales.com\/tour\/los-haitises-national-park-tour-from-samana-port\/\" target=\"_blank\" rel=\"noopener\">\u041b\u043e\u0441 \u0425\u0430\u0438\u0442\u0438\u0441 + \u041a\u0430\u0458\u043e \u041b\u0435\u0432\u0430\u043d\u0442\u0430\u0434\u043e \u043e\u0434 \u043f\u0440\u0438\u0441\u0442\u0430\u043d\u0438\u0448\u0442\u0435\u0442\u043e \u0421\u0430\u043c\u0430\u043d\u0430.<\/a><\/li>\n<li><a href=\"https:\/\/www.ticketswhales.com\/tour\/los-haitises-national-park-lunch-at-cano-hondo-from-samana-port\/\" target=\"_blank\" rel=\"noopener\">Los Haitises + Cano Hondo from Samana Port.<\/a><\/li>\n<\/ol>\n<p>&nbsp;<\/p>\n<h4><em><strong>\u0428\u0442\u043e \u0442\u0440\u0435\u0431\u0430 \u0434\u0430 \u0434\u043e\u043d\u0435\u0441\u0435\u0442\u0435?<\/strong><\/em><\/h4>\n<ul>\n<li style=\"font-weight: 400;\"><span style=\"font-weight: 400;\">\u043a\u0430\u043c\u0435\u0440\u0430<\/span><\/li>\n<li style=\"font-weight: 400;\"><span style=\"font-weight: 400;\">\u041e\u0434\u0432\u0440\u0430\u0442\u043d\u0438 \u043f\u0443\u043f\u043a\u0438<\/span><\/li>\n<li style=\"font-weight: 400;\"><span style=\"font-weight: 400;\">\u043a\u0440\u0435\u043c\u0430 \u0437\u0430 \u0441\u043e\u043d\u0446\u0435<\/span><\/li>\n<li style=\"font-weight: 400;\"><span style=\"font-weight: 400;\">\u0428\u0430\u043f\u043a\u0430<\/span><\/li>\n<li style=\"font-weight: 400;\"><span style=\"font-weight: 400;\">\u0423\u0434\u043e\u0431\u043d\u0438 \u043f\u0430\u043d\u0442\u0430\u043b\u043e\u043d\u0438<\/span><\/li>\n<li style=\"font-weight: 400;\"><span style=\"font-weight: 400;\">\u041f\u0435\u0448\u0430\u0447\u043a\u0438 \u0447\u0435\u0432\u043b\u0438 \u0437\u0430 \u0448\u0443\u043c\u0430<\/span><\/li>\n<li style=\"font-weight: 400;\"><span style=\"font-weight: 400;\">\u0421\u0430\u043d\u0434\u0430\u043b\u0438 \u0437\u0430 \u043f\u0440\u043e\u043b\u0435\u0442\u043d\u0438\u0442\u0435 \u043e\u0431\u043b\u0430\u0441\u0442\u0438.<\/span><\/li>\n<li style=\"font-weight: 400;\"><span style=\"font-weight: 400;\">\u041e\u0431\u043b\u0435\u043a\u0430 \u0437\u0430 \u043f\u043b\u0438\u0432\u0430\u045a\u0435<\/span><\/li>\n<\/ul>\n<p>&nbsp;<\/p>\n<h4><b><i>\u0425\u043e\u0442\u0435\u043b\u0441\u043a\u0438 \u043f\u0438\u043a\u0430\u043f <\/i><\/b><\/h4>\n<p><span style=\"font-weight: 400;\">\u0417\u0430 \u043e\u0432\u0430\u0430 \u0442\u0443\u0440\u0430 \u043d\u0435 \u0441\u0435 \u043d\u0443\u0434\u0438 \u0437\u0435\u043c\u0430\u045a\u0435 \u0445\u043e\u0442\u0435\u043b. <\/span><\/p>\n<p>&nbsp;<\/p>\n<p><b>\u0417\u0430\u0431\u0435\u043b\u0435\u0448\u043a\u0430:<\/b><span style=\"font-weight: 400;\"> \u0414\u043e\u043a\u043e\u043b\u043a\u0443 \u0441\u0442\u0435 \u0440\u0435\u0437\u0435\u0440\u0432\u0438\u0440\u0430\u043d\u0438 \u0432\u043e \u0440\u043e\u043a \u043e\u0434 24 \u0447\u0430\u0441\u0430 \u043e\u0434 \u0432\u0440\u0435\u043c\u0435\u0442\u043e \u043d\u0430 \u043f\u043e\u0430\u0453\u0430\u045a\u0435 \u043d\u0430 \u0442\u0443\u0440\u0430\u0442\u0430\/\u0435\u043a\u0441\u043a\u0443\u0440\u0437\u0438\u0458\u0430\u0442\u0430, \u043c\u043e\u0436\u0435\u043c\u0435 \u0434\u0430 \u043e\u0440\u0433\u0430\u043d\u0438\u0437\u0438\u0440\u0430\u043c\u0435 \u043f\u043e\u0434\u0438\u0433\u0430\u045a\u0435 \u0432\u043e \u0445\u043e\u0442\u0435\u043b \u0441\u043e \u0434\u043e\u043f\u043e\u043b\u043d\u0438\u0442\u0435\u043b\u043d\u0438 \u0442\u0440\u043e\u0448\u043e\u0446\u0438. \u041e\u0442\u043a\u0430\u043a\u043e \u045c\u0435 \u0437\u0430\u0432\u0440\u0448\u0438 \u043a\u0443\u043f\u0443\u0432\u0430\u045a\u0435\u0442\u043e, \u045c\u0435 \u0432\u0438 \u0438\u0441\u043f\u0440\u0430\u0442\u0438\u043c\u0435 \u0446\u0435\u043b\u043e\u0441\u043d\u0438 \u0438\u043d\u0444\u043e\u0440\u043c\u0430\u0446\u0438\u0438 \u0437\u0430 \u043a\u043e\u043d\u0442\u0430\u043a\u0442 (\u0442\u0435\u043b\u0435\u0444\u043e\u043d\u0441\u043a\u0438 \u0431\u0440\u043e\u0458, \u0430\u0434\u0440\u0435\u0441\u0430 \u043d\u0430 \u0435-\u043f\u043e\u0448\u0442\u0430, \u0438\u0442\u043d.) \u0437\u0430 \u043d\u0430\u0448\u0438\u043e\u0442 \u043b\u043e\u043a\u0430\u043b\u0435\u043d \u0442\u0443\u0440\u0438\u0441\u0442\u0438\u0447\u043a\u0438 \u0432\u043e\u0434\u0438\u0447 \u0437\u0430 \u0434\u0430 \u043e\u0440\u0433\u0430\u043d\u0438\u0437\u0438\u0440\u0430\u043c\u0435 \u0430\u0440\u0430\u043d\u0436\u043c\u0430\u043d\u0438 \u0437\u0430 \u043f\u043e\u0434\u0438\u0433\u0430\u045a\u0435.<\/span><\/p>\n<h4><b><i>\u041f\u043e\u0442\u0432\u0440\u0434\u0430 \u0437\u0430 \u0434\u043e\u043f\u043e\u043b\u043d\u0438\u0442\u0435\u043b\u043d\u0438 \u0438\u043d\u0444\u043e\u0440\u043c\u0430\u0446\u0438\u0438 <\/i><\/b><\/h4>\n<ol>\n<li>\u0411\u0438\u043b\u0435\u0442\u0438\u0442\u0435 \u0441\u0435 \u043f\u043e\u0442\u0432\u0440\u0434\u0430 \u043f\u043e \u043f\u043b\u0430\u045c\u0430\u045a\u0435\u0442\u043e \u043d\u0430 \u043e\u0432\u0430\u0430 \u0442\u0443\u0440\u043d\u0435\u0458\u0430. \u041c\u043e\u0436\u0435\u0442\u0435 \u0434\u0430 \u0433\u043e \u043f\u0440\u0438\u043a\u0430\u0436\u0435\u0442\u0435 \u043f\u043b\u0430\u045c\u0430\u045a\u0435\u0442\u043e \u043d\u0430 \u0432\u0430\u0448\u0438\u043e\u0442 \u0442\u0435\u043b\u0435\u0444\u043e\u043d.<\/li>\n<li style=\"font-weight: 400;\"><span style=\"font-weight: 400;\">\u0422\u043e\u0447\u043a\u0430\u0442\u0430 \u0437\u0430 \u0441\u043e\u0441\u0442\u0430\u043d\u043e\u0446\u0438 \u045c\u0435 \u0441\u0435 \u0434\u043e\u0431\u0438\u0435 \u043f\u043e \u043f\u0440\u043e\u0446\u0435\u0441\u043e\u0442 \u043d\u0430 \u0440\u0435\u0437\u0435\u0440\u0432\u0430\u0446\u0438\u0458\u0430.<\/span><\/li>\n<li style=\"font-weight: 400;\"><span style=\"font-weight: 400;\">\u0414\u0435\u0446\u0430\u0442\u0430 \u043c\u043e\u0440\u0430 \u0434\u0430 \u0431\u0438\u0434\u0430\u0442 \u043f\u0440\u0438\u0434\u0440\u0443\u0436\u0443\u0432\u0430\u043d\u0438 \u043e\u0434 \u0432\u043e\u0437\u0440\u0430\u0441\u0435\u043d.<\/span><\/li>\n<li style=\"font-weight: 400;\"><span style=\"font-weight: 400;\"> \u041d\u0435 \u0435 \u0434\u043e\u0441\u0442\u0430\u043f\u043d\u043e \u0437\u0430 \u0438\u043d\u0432\u0430\u043b\u0438\u0434\u0441\u043a\u0430 \u043a\u043e\u043b\u0438\u0447\u043a\u0430 <\/span><\/li>\n<li style=\"font-weight: 400;\"><span style=\"font-weight: 400;\">\u0414\u043e\u0435\u043d\u0447\u0438\u045a\u0430\u0442\u0430 \u043c\u043e\u0440\u0430 \u0434\u0430 \u0441\u0435\u0434\u0430\u0442 \u0432\u043e \u0441\u043a\u0443\u0442 <\/span><\/li>\n<li style=\"font-weight: 400;\"><span style=\"font-weight: 400;\">\u041d\u0435 \u0441\u0435 \u043f\u0440\u0435\u043f\u043e\u0440\u0430\u0447\u0443\u0432\u0430 \u0437\u0430 \u043f\u0430\u0442\u043d\u0438\u0446\u0438 \u0441\u043e \u043f\u0440\u043e\u0431\u043b\u0435\u043c\u0438 \u0441\u043e \u0433\u0440\u0431\u043e\u0442<\/span><\/li>\n<li style=\"font-weight: 400;\"><span style=\"font-weight: 400;\">\u041d\u0435 \u0441\u0435 \u043f\u0440\u0435\u043f\u043e\u0440\u0430\u0447\u0443\u0432\u0430 \u0437\u0430 \u0431\u0440\u0435\u043c\u0435\u043d\u0438 \u043f\u0430\u0442\u043d\u0438\u0446\u0438 <\/span><\/li>\n<li style=\"font-weight: 400;\"><span style=\"font-weight: 400;\"> \u041d\u0435\u043c\u0430 \u043f\u0440\u043e\u0431\u043b\u0435\u043c\u0438 \u0441\u043e \u0441\u0440\u0446\u0435\u0442\u043e \u0438\u043b\u0438 \u0434\u0440\u0443\u0433\u0438 \u0441\u0435\u0440\u0438\u043e\u0437\u043d\u0438 \u043c\u0435\u0434\u0438\u0446\u0438\u043d\u0441\u043a\u0438 \u0441\u043e\u0441\u0442\u043e\u0458\u0431\u0438 <\/span><\/li>\n<li style=\"font-weight: 400;\"><span style=\"font-weight: 400;\">\u041f\u043e\u0432\u0435\u045c\u0435\u0442\u043e \u043f\u0430\u0442\u043d\u0438\u0446\u0438 \u043c\u043e\u0436\u0430\u0442 \u0434\u0430 \u0443\u0447\u0435\u0441\u0442\u0432\u0443\u0432\u0430\u0430\u0442<\/span><\/li>\n<\/ol>\n<h4><b><i>\u041f\u043e\u043b\u0438\u0442\u0438\u043a\u0430 \u0437\u0430 \u043e\u0442\u043a\u0430\u0436\u0443\u0432\u0430\u045a\u0435<\/i><\/b><\/h4>\n<p>\u0417\u0430 \u0446\u0435\u043b\u043e\u0441\u043d\u043e \u0432\u0440\u0430\u045c\u0430\u045a\u0435 \u043d\u0430 \u0441\u0440\u0435\u0434\u0441\u0442\u0432\u0430\u0442\u0430, \u043f\u0440\u043e\u0447\u0438\u0442\u0430\u0458\u0442\u0435 \u0433\u0438 \u043d\u0430\u0448\u0438\u0442\u0435 \u043f\u043e\u043b\u0438\u0442\u0438\u043a\u0438 \u0437\u0430 \u043e\u0442\u043a\u0430\u0436\u0443\u0432\u0430\u045a\u0435\u00a0<a href=\"https:\/\/www.ticketswhales.com\/online-booking\/\" target=\"_blank\" rel=\"noopener\" data-saferedirecturl=\"https:\/\/www.google.com\/url?q=https:\/\/www.ticketswhales.com\/online-booking\/&amp;source=gmail&amp;ust=1672529771100000&amp;usg=AOvVaw2NIGJBZ0qjB5RhPUl5Obc7\">\u041a\u043b\u0438\u043a\u043d\u0438 \u0442\u0443\u043a\u0430<\/a>. \u0421\u0440\u0435\u0434\u0441\u0442\u0432\u0430\u0442\u0430 \u045c\u0435 \u0431\u0438\u0434\u0430\u0442 \u0438\u0437\u0433\u0443\u0431\u0435\u043d\u0438 \u0434\u043e\u043a\u043e\u043b\u043a\u0443 \u0440\u0435\u0437\u0435\u0440\u0432\u0430\u0446\u0438\u0458\u0430\u0442\u0430 \u0441\u0435 \u043e\u0442\u043a\u0430\u0436\u0435 \u0438\u0441\u0442\u0438\u043e\u0442 \u0434\u0435\u043d \u043d\u0430 \u043f\u0430\u0442\u0443\u0432\u0430\u045a\u0435\u0442\u043e.<\/p>\n\n\t\t<\/div>\n\t<\/div>\n<\/div><\/div><\/div><\/div><div class=\"vc_row wpb_row vc_row-fluid\" ><\/div><div class=\"wpb_column vc_column_container vc_col-sm-12\"><div class=\"vc_column-inner\"><div class=\"wpb_wrapper\"><\/div><\/div><\/div><div class=\"vc_empty_space\"   style=\"height: 32px\"><span class=\"vc_empty_space_inner\"><\/span><\/div><div class=\"vc_empty_space\"   style=\"height: 32px\"><span class=\"vc_empty_space_inner\"><\/span><\/div><div class=\"vc_row wpb_row vc_row-fluid\" ><div class=\"wpb_column vc_column_container vc_col-sm-12\"><div class=\"vc_column-inner\"><div class=\"wpb_wrapper\"><div class=\"vc_btn3-container vc_btn3-inline\" ><button class=\"vc_general vc_btn3 vc_btn3-size-md vc_btn3-shape-rounded vc_btn3-style-modern vc_btn3-color-green\">\u0420\u0415\u0417\u0415\u0420\u0412\u0418\u0420\u0410\u0408 \u0421\u0415\u0413\u0410<\/button><\/div><\/div><\/div><\/div><\/div>","protected":false},"excerpt":{"rendered":"<p><span style=\"vertical-align: inherit;\"><span style=\"vertical-align: inherit;\">Viaje ecol\u00f3gico al Parque Nacional Los Haitises con un gu\u00eda tur\u00edstico local. <\/span><span style=\"vertical-align: inherit;\">Visitando los Cayos en el Parque Nacional Los Haitises, Manglares, Vegetaci\u00f3n, Observaci\u00f3n de aves, Cuevas, Pictogramas y las \u00e1reas hist\u00f3ricas de Sabana de la Mar en el Parque Nacional Los Haitises.<\/span><\/span><\/p>\n<p>&nbsp;<\/p>\n<p><em><strong><span style=\"vertical-align: inherit;\"><span style=\"vertical-align: inherit;\">\u0418\u0437\u0431\u0435\u0440\u0435\u0442\u0435 \u0433\u043e \u0434\u0430\u0442\u0443\u043c\u043e\u0442 \u0437\u0430 \u0442\u0443\u0440\u043d\u0435\u0458\u0430\u0442\u0430\u00a0<\/span><\/span><\/strong><\/em><\/p>","protected":false},"featured_media":11651,"template":"","meta":[],"product_brand":[],"product_cat":[571,566,119,120,98,121],"product_tag":[132,133,142,147,148,143],"class_list":{"0":"post-11632","1":"product","2":"type-product","3":"status-publish","4":"has-post-thumbnail","6":"product_cat-1-samana","7":"product_cat-boat-trip-los-haitises","8":"product_cat-caves","9":"product_cat-fees-entrace","10":"product_cat-local-tour-guides","11":"product_cat-mangroves","12":"product_tag-los-haitises","13":"product_tag-los-haitises-national-park","14":"product_tag-samana","15":"product_tag-samana-bay","16":"product_tag-samana-excursions","17":"product_tag-samana-tours","19":"first","20":"instock","21":"sale","22":"sold-individually","23":"shipping-taxable","24":"product-type-external"},"_links":{"self":[{"href":"https:\/\/haitises.com\/mk\/wp-json\/wp\/v2\/product\/11632","targetHints":{"allow":["GET"]}}],"collection":[{"href":"https:\/\/haitises.com\/mk\/wp-json\/wp\/v2\/product"}],"about":[{"href":"https:\/\/haitises.com\/mk\/wp-json\/wp\/v2\/types\/product"}],"wp:featuredmedia":[{"embeddable":true,"href":"https:\/\/haitises.com\/mk\/wp-json\/wp\/v2\/media\/11651"}],"wp:attachment":[{"href":"https:\/\/haitises.com\/mk\/wp-json\/wp\/v2\/media?parent=11632"}],"wp:term":[{"taxonomy":"product_brand","embeddable":true,"href":"https:\/\/haitises.com\/mk\/wp-json\/wp\/v2\/product_brand?post=11632"},{"taxonomy":"product_cat","embeddable":true,"href":"https:\/\/haitises.com\/mk\/wp-json\/wp\/v2\/product_cat?post=11632"},{"taxonomy":"product_tag","embeddable":true,"href":"https:\/\/haitises.com\/mk\/wp-json\/wp\/v2\/product_tag?post=11632"}],"curies":[{"name":"wp","href":"https:\/\/api.w.org\/{rel}","templated":true}]}}