{"id":57,"date":"2020-06-14T11:56:47","date_gmt":"2020-06-14T11:56:47","guid":{"rendered":"http:\/\/haitises.com\/product\/import-placeholder-for-9218\/"},"modified":"2024-04-24T04:32:45","modified_gmt":"2024-04-24T04:32:45","slug":"samana-cayo-levantado-bacardi-island-and-whale-watching-from-miches-in-catamaran","status":"publish","type":"product","link":"https:\/\/haitises.com\/lv\/privats\/samana-cayo-levantado-bacardi-island-and-whale-watching-from-miches-in-catamaran\/","title":{"rendered":"Samana Cayo Levantado (Bacardi Island) and Whale Watching from Miches in Catamaran"},"content":{"rendered":"<div class=\"vc_row wpb_row vc_row-fluid\" ><div class=\"wpb_column vc_column_container vc_col-sm-12\"><div class=\"vc_column-inner\"><div class=\"wpb_wrapper\"><\/div><\/div><\/div><\/div><div class=\"vc_row wpb_row vc_row-fluid\" ><div class=\"wpb_column vc_column_container vc_col-sm-12\"><div class=\"vc_column-inner\"><div class=\"wpb_wrapper\">[mkdf_section_title title_tag=\u00bb\u00bb disable_break_words=\u00bbno\u00bb subtitle_tag=\u00bb\u00bb title=\u00bbCayo Levantado + Whale Watching from Miches in Catamaran\u00bb subtitle=\u00bbMiches Tours &amp; Excursions\u00bb]<div class=\"vc_empty_space\"   style=\"height: 32px\"><span class=\"vc_empty_space_inner\"><\/span><\/div>\n\t<div class=\"wpb_text_column wpb_content_element\" >\n\t\t<div class=\"wpb_wrapper\">\n\t\t\t<div class=\"vc_row wpb_row vc_row-fluid\">\n<div class=\"wpb_column vc_column_container vc_col-sm-12\">\n<div class=\"vc_column-inner\">\n<div class=\"wpb_wrapper\">\n<div class=\"wpb_text_column wpb_content_element\">\n<div class=\"wpb_wrapper\">\n<div class=\"vc_row wpb_row vc_row-fluid\">\n<div class=\"wpb_column vc_column_container vc_col-sm-12\">\n<div class=\"vc_column-inner\">\n<div class=\"wpb_wrapper\">\n<div class=\"wpb_text_column wpb_content_element\">\n<div class=\"wpb_wrapper\">\n<h4><b><i>P\u0101rskats<\/i><\/b><\/h4>\n<p>Whale watching in Saman\u00e1 bay starting from Miches port in Catamaran.\u00a0 This Trip starts at 9:00 Am and Finishes at 5:00 Pm. Meeting before in Our port at Miches. After aborting our Catamaran or Boat to visit the Whales in their own habitat.<\/p>\n<p>From 9:00 Am until 12:00-noon Whale watching observatory and After this Whale trip we will visit Bacardi Island \/ Cayo Levantado. In Bacardi Island, Lunch Buffet from typical Dominican Style will be provided. When lunch is finished you are allowed to swim until 4:30 pm. Tour will be finished at 5:00 pm at the same port where it will start.<\/p>\n<p>Note: This tour is Not Private.<strong>\u00a0For a Private tour please Contact us.<\/strong><\/p>\n<ul>\n<li>Va\u013cu v\u0113ro\u0161anas ce\u013cojums<\/li>\n<li>Ieejas maksa observatorij\u0101<\/li>\n<li>Includes Buffet lunch on the beach<\/li>\n<li>Laivu transf\u0113rs<\/li>\n<li>Kapteinis nodro\u0161ina instrukt\u0101\u017eu un uzraudz\u012bbu<\/li>\n<li>Ekskursiju gids<\/li>\n<\/ul>\n<p>&nbsp;<\/p>\n<h4><b>Iek\u013cau\u0161ana un izsl\u0113g\u0161ana<\/b><\/h4>\n<p>&nbsp;<\/p>\n<p><b>Iesl\u0113gumi<\/b><\/p>\n<p>&nbsp;<\/p>\n<ol>\n<li>Bufetes tipa pusdienas pludmal\u0113<\/li>\n<li>Whale watching<\/li>\n<li>Ekskursiju gids<\/li>\n<li>Catamaran or Boat Trip<\/li>\n<li>Visi nodok\u013ci, nodevas un apstr\u0101des izmaksas<\/li>\n<li>Viet\u0113jie nodok\u013ci<\/li>\n<li>Dz\u0113rieni<\/li>\n<li>Alkoholiskie dz\u0113rieni<\/li>\n<\/ol>\n<p><b>Iz\u0146\u0113mumi<\/b><\/p>\n<ol>\n<li>Dzeramnaudas<\/li>\n<li>Transfer Car<\/li>\n<\/ol>\n<p>&nbsp;<\/p>\n<h4><em><strong>Izbrauk\u0161ana un atgrie\u0161an\u0101s<\/strong><\/em><\/h4>\n<p>P\u0113c Rezerv\u0101cijas procesa ce\u013cot\u0101js ieg\u016bs tik\u0161an\u0101s vietu. Ekskursijas s\u0101kas un beidzas m\u016bsu tik\u0161an\u0101s viet\u0101s.<\/p>\n<p>&nbsp;<\/p>\n<h4><b><i>Ko sagaid\u012bt?<\/i><\/b><\/h4>\n<p>&nbsp;<\/p>\n<p><em><strong>Ieg\u016bstiet bi\u013cetes<\/strong><\/em>\u00a0for a day Whale Watching tour in Saman\u00e1 bay starting from Miches in Catamaran with local drinks plus a wonderful lunch and beach time.<\/p>\n<p>The Daypass for whale watching, organized by \u201cBooking Adventures\u201d starts at the meeting point set with the Tour Guide. Lunch at the beach and you can stay as long as you want swimming around. If you are Vegan we also can set some food for you.<\/p>\n<p><strong>Grafiks:<\/strong><\/p>\n<p>8:45 AM \u2013 5:00 PM<\/p>\n<p>&nbsp;<\/p>\n<h4><em><strong>Kas j\u0101\u0146em l\u012bdzi?<\/strong><\/em><\/h4>\n<ul>\n<li>kameru<\/li>\n<li>Atbaido\u0161i pumpuri<\/li>\n<li>sau\u013co\u0161an\u0101s kr\u0113ms<\/li>\n<li>Cepure<\/li>\n<li>\u0112rtas bikses<\/li>\n<li>Sandales uz pludmali<\/li>\n<li>Peld\u0113\u0161anas ap\u0123\u0113rbs<\/li>\n<li>Cash for souvenirs<\/li>\n<\/ul>\n<p>&nbsp;<\/p>\n<h4><b><i>Sa\u0146em\u0161ana viesn\u012bc\u0101<\/i><\/b><\/h4>\n<p>Sa\u0146em\u0161ana viesn\u012bc\u0101 \u0161aj\u0101 ce\u013cojum\u0101 netiek pied\u0101v\u0101ta.<\/p>\n<p>&nbsp;<\/p>\n<p><b>Piez\u012bme:<\/b>\u00a0Ja esat rezerv\u0113ts 24 stundu laik\u0101 p\u0113c ekskursijas\/ekskursijas izbrauk\u0161anas laika, m\u0113s varam noorganiz\u0113t sagaid\u012b\u0161anu viesn\u012bc\u0101 par papildu samaksu. Kad pirkums b\u016bs pabeigts, m\u0113s nos\u016bt\u012bsim jums piln\u012bgu kontaktinform\u0101ciju (t\u0101lru\u0146a numuru, e-pasta adresi utt.) m\u016bsu viet\u0113jam ce\u013cvedim, lai organiz\u0113tu sa\u0146em\u0161anas pas\u0101kumus.<\/p>\n<h4><b><i>Papildu inform\u0101cijas apstiprin\u0101jums<\/i><\/b><\/h4>\n<ol>\n<li>Bi\u013cetes ir kv\u012bts p\u0113c \u0161\u012bs ekskursijas apmaksas. J\u016bs varat par\u0101d\u012bt maks\u0101jumu sav\u0101 t\u0101lrun\u012b.<\/li>\n<li>Tik\u0161an\u0101s vieta tiks sa\u0146emta p\u0113c rezerv\u0101cijas procesa.<\/li>\n<li>B\u0113rniem j\u0101b\u016bt pieaugu\u0161o pavad\u012bb\u0101.<\/li>\n<li>pieejams rati\u0146kr\u0113sl\u0101<\/li>\n<li>Z\u012bdai\u0146iem j\u0101s\u0113\u017e kl\u0113p\u012b<\/li>\n<li>Liel\u0101k\u0101 da\u013ca ce\u013cot\u0101ju var piedal\u012bties<\/li>\n<\/ol>\n<h4><b><i>Atcel\u0161anas politika<\/i><\/b><\/h4>\n<p>Lai sa\u0146emtu pilnu atmaksu, atceliet abonementu vismaz 24 stundas pirms pieredzes s\u0101kuma datuma.<\/p>\n<\/div>\n<\/div>\n<\/div>\n<\/div>\n<\/div>\n<\/div>\n<\/div>\n<\/div>\n<\/div>\n<\/div>\n<\/div>\n<\/div>\n<div class=\"vc_row wpb_row vc_row-fluid\">\n<div class=\"wpb_column vc_column_container vc_col-sm-12\">\n<div class=\"vc_column-inner\">\n<div class=\"wpb_wrapper\">\n<div class=\"vc_empty_space\"><\/div>\n<div class=\"wpb_text_column wpb_content_element\">\n<div class=\"wpb_wrapper\">\n<h4>Sazinies ar mums?<\/h4>\n<h5><b><i>VA\u013bU CE\u013bOJUMS PA SAMANU<\/i><\/b><\/h5>\n<p><em><strong>Viet\u0113jie iedz\u012bvot\u0101ji<\/strong>\u00a0un\u00a0<strong>Nacion\u0101\u013ci<\/strong>\u00a0Ce\u013cojumu gidi un viesu pakalpojumi<\/em><\/p>\n<p><span class=\"text-turquoise\">Rezerv\u0101cijas:<\/span>\u00a0Ekskursijas un ekskursijas Dom. Rep.<\/p>\n<p><img decoding=\"async\" class=\"emoji\" draggable=\"false\" src=\"https:\/\/s.w.org\/images\/core\/emoji\/11.2.0\/svg\/1f4de.svg\" alt=\"\ud83d\udcde\" title=\"\">\u00a0T\u0101lrunis\/Whatsapp\u00a0\u00a0<a href=\"tel:+1-809-720-6035\">+1-809-720-6035<\/a>.<\/p>\n<p><img decoding=\"async\" class=\"emoji\" draggable=\"false\" src=\"https:\/\/s.w.org\/images\/core\/emoji\/11.2.0\/svg\/1f4e9.svg\" alt=\"\ud83d\udce9\" title=\"\">\u00a0<a href=\"mailto:info@bookingadventures.com.do\">info@bookingadventures.com.do<\/a><\/p>\n<p><strong>M\u0113s elast\u012bgi iestat\u0101m Whatsapp priv\u0101t\u0101s ekskursijas:\u00a0<a href=\"tel:+18097206035\">+18097206035.<\/a><\/strong><\/p>\n<\/div>\n<\/div>\n<\/div>\n<\/div>\n<\/div>\n<\/div>\n\n\t\t<\/div>\n\t<\/div>\n<\/div><\/div><\/div><\/div>","protected":false},"excerpt":{"rendered":"<p>Whale Miches Tours &amp; Excursions. Book Your tickets for whale watching in Samana Bay, Starting from Miches and visiting Cayo Levantado also Knows as Bacardi Island for a Day Pass adventure.<\/p>\n<p>&nbsp;<\/p>\n<p><em><strong>L\u016bdzu, izv\u0113lieties ekskursijas datumu:<\/strong><\/em><\/p>","protected":false},"featured_media":236,"template":"","meta":[],"product_brand":[],"product_cat":[124,232],"product_tag":[269,270,271,272,273,234,236,274,275,276],"class_list":{"0":"post-57","1":"product","2":"type-product","3":"status-publish","4":"has-post-thumbnail","6":"product_cat-tours-excursions-samana-bay-dominican-republic","7":"product_cat-whale-watching-samana","8":"product_tag-miches-whale-watching","9":"product_tag-samana-dominican-republic","10":"product_tag-samana-whale-watching","11":"product_tag-samana-whale-watching-price","12":"product_tag-things-to-do-in-dominican-republic","13":"product_tag-whale-samana","14":"product_tag-whale-watching-dominican-republic","15":"product_tag-whale-watching-miches","16":"product_tag-whale-watching-miches-dominican-republic","17":"product_tag-when-to-see-whales-dominican-republic","19":"first","20":"instock","21":"sale","22":"sold-individually","23":"shipping-taxable","24":"product-type-external"},"_links":{"self":[{"href":"https:\/\/haitises.com\/lv\/wp-json\/wp\/v2\/product\/57","targetHints":{"allow":["GET"]}}],"collection":[{"href":"https:\/\/haitises.com\/lv\/wp-json\/wp\/v2\/product"}],"about":[{"href":"https:\/\/haitises.com\/lv\/wp-json\/wp\/v2\/types\/product"}],"wp:featuredmedia":[{"embeddable":true,"href":"https:\/\/haitises.com\/lv\/wp-json\/wp\/v2\/media\/236"}],"wp:attachment":[{"href":"https:\/\/haitises.com\/lv\/wp-json\/wp\/v2\/media?parent=57"}],"wp:term":[{"taxonomy":"product_brand","embeddable":true,"href":"https:\/\/haitises.com\/lv\/wp-json\/wp\/v2\/product_brand?post=57"},{"taxonomy":"product_cat","embeddable":true,"href":"https:\/\/haitises.com\/lv\/wp-json\/wp\/v2\/product_cat?post=57"},{"taxonomy":"product_tag","embeddable":true,"href":"https:\/\/haitises.com\/lv\/wp-json\/wp\/v2\/product_tag?post=57"}],"curies":[{"name":"wp","href":"https:\/\/api.w.org\/{rel}","templated":true}]}}