{"id":39,"date":"2020-06-14T11:56:46","date_gmt":"2020-06-14T11:56:46","guid":{"rendered":"http:\/\/haitises.com\/product\/import-placeholder-for-8272\/"},"modified":"2024-04-24T18:48:45","modified_gmt":"2024-04-24T18:48:45","slug":"zip-line-samana-el-valle-with-lunch-on-the-beach","status":"publish","type":"product","link":"https:\/\/haitises.com\/lv\/privats\/zip-line-samana-el-valle-with-lunch-on-the-beach\/","title":{"rendered":"Zip Line Samana El Valle ar pusdien\u0101m pludmal\u0113"},"content":{"rendered":"<div class=\"vc_row wpb_row vc_row-fluid\" ><div class=\"wpb_column vc_column_container vc_col-sm-12\"><div class=\"vc_column-inner\"><div class=\"wpb_wrapper\">[mkdf_section_title title_tag=\u00bb\u00bb disable_break_words=\u00bbno\u00bb subtitle_tag=\u00bb\u00bb title=\u00bbZip Line Samana, El Valle with Lunch on the Beach\u00bb subtitle=\u00bbZip Line adventures\u00bb]<\/div><\/div><\/div><\/div><div class=\"vc_row wpb_row vc_row-fluid\" ><div class=\"wpb_column vc_column_container vc_col-sm-12\"><div class=\"vc_column-inner\"><div class=\"wpb_wrapper\"><div class=\"vc_empty_space\"   style=\"height: 32px\"><span class=\"vc_empty_space_inner\"><\/span><\/div><\/div><\/div><\/div><\/div><div class=\"vc_row wpb_row vc_row-fluid\" ><div class=\"wpb_column vc_column_container vc_col-sm-12\"><div class=\"vc_column-inner\"><div class=\"wpb_wrapper\">\n\t<div class=\"wpb_text_column wpb_content_element\" >\n\t\t<div class=\"wpb_wrapper\">\n\t\t\t<h4><b><i>P\u0101rskats <\/i><\/b><\/h4>\n<p>Zip Line Saman\u00e1, El Valle plus pusdienas pludmal\u0113. N\u0101ciet kop\u0101 ar mums un apmekl\u0113jiet vienu no gar\u0101kaj\u0101m zip l\u012bnij\u0101m Kar\u012bbu j\u016bras re\u0123ion\u0101\u00a0\u2014 12 l\u012bnijas, 13 stacijas un vair\u0101k nek\u0101 7400\u00a0p\u0113du kabelis. Sagatavojieties un sekojiet saviem ce\u013cve\u017eiem pa divpadsmit r\u0101v\u0113jsl\u0113dz\u0113ju platform\u0101m, kas brauc p\u0101ri l\u012bnij\u0101m l\u012bdz 1000 p\u0113d\u0101m (304\u00a0metriem), vienlaikus v\u0113rojot ainavas skatus no gaisa.<\/p>\n<p>P\u0113c \u0161\u012bs pieredzes j\u016bs pavad\u012bsit laiku pludmal\u0113, k\u0101 ar\u012b viet\u0113j\u0101s pusdienas pludmal\u0113.<\/p>\n<ul>\n<li style=\"font-weight: 400;\"><span style=\"font-weight: 400;\">Ietver bufetes tipa pusdienas pludmal\u0113 <\/span><\/li>\n<li style=\"font-weight: 400;\"><span style=\"font-weight: 400;\">Zipline tropu me\u017e\u0101 un skats uz ainavu<\/span><\/li>\n<li style=\"font-weight: 400;\"><span style=\"font-weight: 400;\">Ce\u013cvedis nodro\u0161ina instrukcijas un uzraudz\u012bbu<\/span><\/li>\n<\/ul>\n<p>&nbsp;<\/p>\n<h4><b>Iek\u013cau\u0161ana un izsl\u0113g\u0161ana<\/b><\/h4>\n<p>&nbsp;<\/p>\n<p><b>Iesl\u0113gumi<\/b><\/p>\n<ol>\n<li style=\"font-weight: 400;\"><span style=\"font-weight: 400;\">Bufetes tipa pusdienas pludmal\u0113<\/span><\/li>\n<li style=\"font-weight: 400;\"><span style=\"font-weight: 400;\">Zipline Tour<\/span><\/li>\n<li style=\"font-weight: 400;\"><span style=\"font-weight: 400;\">Kafijas un kakao degust\u0101cija<\/span><\/li>\n<li style=\"font-weight: 400;\"><span style=\"font-weight: 400;\">Visi nodok\u013ci, nodevas un apstr\u0101des izmaksas<\/span><\/li>\n<li style=\"font-weight: 400;\"><span style=\"font-weight: 400;\">Viet\u0113jie nodok\u013ci<\/span><\/li>\n<li style=\"font-weight: 400;\"><span style=\"font-weight: 400;\">Dz\u0113rieni<\/span><\/li>\n<li style=\"font-weight: 400;\"><span style=\"font-weight: 400;\">Visas aktivit\u0101tes<\/span><\/li>\n<li style=\"font-weight: 400;\"><span style=\"font-weight: 400;\">Viet\u0113jais ce\u013cvedis<\/span><\/li>\n<\/ol>\n<p><b> Iz\u0146\u0113mumi<\/b><\/p>\n<ol>\n<li style=\"font-weight: 400;\"><span style=\"font-weight: 400;\">Dzeramnaudas<\/span><\/li>\n<li style=\"font-weight: 400;\"><span style=\"font-weight: 400;\">P\u0101rs\u016bt\u012b\u0161ana<\/span><\/li>\n<li style=\"font-weight: 400;\"><span style=\"font-weight: 400;\">Alkoholiskie dz\u0113rieni<\/span><\/li>\n<\/ol>\n<p>&nbsp;<\/p>\n<h4><em><strong>Izbrauk\u0161ana un atgrie\u0161an\u0101s<\/strong><\/em><\/h4>\n<p><span style=\"font-weight: 400;\">P\u0113c Rezerv\u0101cijas procesa ce\u013cot\u0101js ieg\u016bs tik\u0161an\u0101s vietu. Ekskursijas s\u0101kas un beidzas m\u016bsu tik\u0161an\u0101s punktos.<\/span><\/p>\n<p>&nbsp;<\/p>\n<h4><b><i>Ko sagaid\u012bt?<\/i><\/b><\/h4>\n<p>&nbsp;<\/p>\n<p><em><strong>Ieg\u016bstiet bi\u013cetes<\/strong><\/em> par Zipline el Valle apmekl\u0113jumu Saman\u0101, k\u0101 ar\u012b br\u012bni\u0161\u0137\u012bg\u0101m pusdien\u0101m un pludmales laiku El Valle pludmal\u0113.<\/p>\n<p>Kad m\u0113s sa\u0146emam visa veida apr\u012bkojumu, kas nepiecie\u0161ams j\u016bsu dro\u0161\u012bbai (uzkabes, \u0137iveres utt.), darb\u012bba s\u0101kas neliel\u0101 p\u0101rg\u0101jien\u0101 pa mitro Samanas kokosriekstu un kakao me\u017eu.<\/p>\n<p><span style=\"font-weight: 400;\">The tour, organized by \u00abBooking Adventures\u00bb starts at the meeting point set with the Tour Guide. With a cottage of the area, where they receive the guests with a tasting of chocolate and organic coffee and a shot of Mamajuana as well. The excitement begins at the time the Zip-Line guides start to put the entire regulatory equipment to each Zipliner and explaining steps by steps what to do at the Zip Line. Dual harness safety helmets will be required to use &#8230; the adrenaline starts to take effect, sweats and even reefing to see the distance of the first jump. Wait and be engaged in the \u00absecurity line\u00bb on the steel cable and so it&#8217;s time to free your body, experience the sensation of flying, fly from platform to platform and enjoy the air with a privileged view of the lush, ancient and tropical mountains. <\/span><\/p>\n<p><span style=\"font-weight: 400;\">Booking Adventures, Zip-Line el Valle sast\u0101v no 12 platform\u0101m, kas savstarp\u0113ji savienotas ar trim t\u0113rauda kabe\u013ciem, kop\u0101 7400 p\u0113du gariem kabe\u013ciem, kas katra atbalsta 13 t\u016bksto\u0161us m\u0101rci\u0146u, kur piedz\u012bvojumu mekl\u0113t\u0101ji slidin\u0101s, izlidojot no pirm\u0101s platformas, kuru iedvesmojis pir\u0101tu ku\u0123is un att\u0101lums. 1000 p\u0113du att\u0101lum\u0101 no otr\u0101s platformas, vair\u0101k nek\u0101 400 p\u0113du augstum\u0101. Piruete, saj\u016bsmas kliedziens vai vienk\u0101r\u0161i nov\u0113r\u0161 acu uzman\u012bbu 360\u00a0gr\u0101du le\u0146\u0137\u012b, atkl\u0101jot visspilgt\u0101ko tropu me\u017eu, kas aug kalnu sird\u012b.<\/span><\/p>\n<p>Nok\u013c\u016b\u0161ana pa kabe\u013ciem daudz\u0101m stacij\u0101m un fini\u0161s El Valle pludmal\u0113. \u0160\u012b pludmale ir viena no skaist\u0101kaj\u0101m Samanas pludmal\u0113m, un parasti apk\u0101rt nav daudz cilv\u0113ku.<\/p>\n<p>Pusdienas pludmal\u0113, un j\u016bs varat palikt tik ilgi, cik v\u0113laties peld\u0113ties. Tiek pied\u0101v\u0101ta cepta zivs un Tostones! Ja esat veg\u0101ns, m\u0113s varam ar\u012b jums pagatavot \u0113dienu.<\/p>\n<p>&nbsp;<\/p>\n<h4><em><strong>Kas j\u0101\u0146em l\u012bdzi?<\/strong><\/em><\/h4>\n<ul>\n<li style=\"font-weight: 400;\"><span style=\"font-weight: 400;\">kameru<\/span><\/li>\n<li style=\"font-weight: 400;\"><span style=\"font-weight: 400;\">Atbaido\u0161i pumpuri<\/span><\/li>\n<li style=\"font-weight: 400;\"><span style=\"font-weight: 400;\">sau\u013co\u0161an\u0101s kr\u0113ms<\/span><\/li>\n<li style=\"font-weight: 400;\"><span style=\"font-weight: 400;\">Cepure<\/span><\/li>\n<li style=\"font-weight: 400;\"><span style=\"font-weight: 400;\">\u0112rtas bikses<\/span><\/li>\n<li style=\"font-weight: 400;\"><span style=\"font-weight: 400;\">P\u0101rg\u0101jienu apavi me\u017eam<\/span><\/li>\n<li style=\"font-weight: 400;\"><span style=\"font-weight: 400;\">Sandales uz pludmali<\/span><\/li>\n<li style=\"font-weight: 400;\"><span style=\"font-weight: 400;\">Peld\u0113\u0161anas ap\u0123\u0113rbs<\/span><\/li>\n<\/ul>\n<p>&nbsp;<\/p>\n<h4><b><i>Sa\u0146em\u0161ana viesn\u012bc\u0101 <\/i><\/b><\/h4>\n<p><span style=\"font-weight: 400;\">Sa\u0146em\u0161ana viesn\u012bc\u0101 \u0161aj\u0101 ce\u013cojum\u0101 netiek pied\u0101v\u0101ta. <\/span><\/p>\n<p>&nbsp;<\/p>\n<p><b>Piez\u012bme:<\/b><span style=\"font-weight: 400;\"> Ja esat rezerv\u0113ts 24 stundu laik\u0101 p\u0113c ekskursijas\/ekskursijas izbrauk\u0161anas laika, m\u0113s varam noorganiz\u0113t sagaid\u012b\u0161anu viesn\u012bc\u0101 par papildu samaksu. Kad pirkums b\u016bs pabeigts, m\u0113s nos\u016bt\u012bsim jums piln\u012bgu kontaktinform\u0101ciju (t\u0101lru\u0146a numuru, e-pasta adresi utt.) m\u016bsu viet\u0113jam ce\u013cvedim, lai organiz\u0113tu sa\u0146em\u0161anas pas\u0101kumus.<\/span><\/p>\n<h4><b><i>Papildu inform\u0101cijas apstiprin\u0101jums <\/i><\/b><\/h4>\n<ol>\n<li>Bi\u013cetes ir kv\u012bts p\u0113c \u0161\u012bs ekskursijas apmaksas. J\u016bs varat par\u0101d\u012bt maks\u0101jumu sav\u0101 t\u0101lrun\u012b.<\/li>\n<li style=\"font-weight: 400;\"><span style=\"font-weight: 400;\">Tik\u0161an\u0101s vieta tiks sa\u0146emta p\u0113c rezerv\u0101cijas procesa.<\/span><\/li>\n<li style=\"font-weight: 400;\"><span style=\"font-weight: 400;\">B\u0113rniem j\u0101b\u016bt pieaugu\u0161o pavad\u012bb\u0101.<\/span><\/li>\n<li style=\"font-weight: 400;\"><span style=\"font-weight: 400;\"> Dal\u012bbniekiem j\u0101sver vismaz 45 m\u0101rci\u0146as. <\/span><\/li>\n<li style=\"font-weight: 400;\"><span style=\"font-weight: 400;\">Nav maksim\u0101l\u0101 svara, ta\u010du siksn\u0101m ir j\u0101atbilst j\u016bsu \u0137ermenim. (maksim\u0101lais izm\u0113rs 54 viduklim.) <\/span><\/li>\n<li style=\"font-weight: 400;\"><span style=\"font-weight: 400;\">J\u016bs varat Zip dubult\u0101, ar b\u0113rniem vai ar savu \u012bpa\u0161u. Piez\u012bme. Lai nok\u013c\u016btu pirmaj\u0101 platform\u0101, ir j\u0101iet 100\u00a0jardu garum\u0101 pa st\u0101vu grants kalnu.<\/span><\/li>\n<li style=\"font-weight: 400;\"><span style=\"font-weight: 400;\"> Nav pieejams ar rati\u0146kr\u0113slu <\/span><\/li>\n<li style=\"font-weight: 400;\"><span style=\"font-weight: 400;\">Z\u012bdai\u0146iem j\u0101s\u0113\u017e kl\u0113p\u012b <\/span><\/li>\n<li style=\"font-weight: 400;\"><span style=\"font-weight: 400;\">Nav ieteicams ce\u013cot\u0101jiem ar muguras probl\u0113m\u0101m<\/span><\/li>\n<li style=\"font-weight: 400;\"><span style=\"font-weight: 400;\">Nav ieteicams ce\u013cot\u0101jiem gr\u016btniec\u0113m <\/span><\/li>\n<li style=\"font-weight: 400;\"><span style=\"font-weight: 400;\"> Nav sirds probl\u0113mu vai citu nopietnu medic\u012bnisku st\u0101vok\u013cu <\/span><\/li>\n<li style=\"font-weight: 400;\"><span style=\"font-weight: 400;\">Liel\u0101k\u0101 da\u013ca ce\u013cot\u0101ju var piedal\u012bties<\/span><\/li>\n<\/ol>\n<h4><b><i>Atcel\u0161anas politika<\/i><\/b><\/h4>\n<p><span style=\"font-weight: 400;\">Lai sa\u0146emtu pilnu atmaksu, atceliet abonementu vismaz 24 stundas pirms pieredzes s\u0101kuma datuma.<\/span><\/p>\n\n\t\t<\/div>\n\t<\/div>\n<\/div><\/div><\/div><\/div><div class=\"vc_row wpb_row vc_row-fluid\" ><div class=\"wpb_column vc_column_container vc_col-sm-12\"><div class=\"vc_column-inner\"><div class=\"wpb_wrapper\">\n\t<div class=\"wpb_text_column wpb_content_element\" >\n\t\t<div class=\"wpb_wrapper\">\n\t\t\t<h4>Sazinies ar mums?<\/h4>\n<h5>Piedz\u012bvojumu rezerv\u0113\u0161ana<\/h5>\n<p><em><strong>Viet\u0113jie iedz\u012bvot\u0101ji<\/strong>\u00a0un\u00a0<strong>Nacion\u0101\u013ci<\/strong>\u00a0Ce\u013cojumu gidi un viesu pakalpojumi<\/em><\/p>\n<p><span class=\"text-turquoise\">Rezerv\u0101cijas:<\/span>\u00a0Ekskursijas un ekskursijas Dom. Rep.<\/p>\n<p><img decoding=\"async\" class=\"emoji\" draggable=\"false\" src=\"https:\/\/s.w.org\/images\/core\/emoji\/11.2.0\/svg\/1f4de.svg\" alt=\"\ud83d\udcde\" title=\"\">\u00a0T\u0101lrunis\/Whatsapp\u00a0\u00a0<a href=\"tel:+1-809-720-6035\">+1-809-720-6035<\/a>.<\/p>\n<p><img decoding=\"async\" class=\"emoji\" draggable=\"false\" src=\"https:\/\/s.w.org\/images\/core\/emoji\/11.2.0\/svg\/1f4e9.svg\" alt=\"\ud83d\udce9\" title=\"\">\u00a0<a href=\"mailto:info@bookingadventures.com.do\">info@bookingadventures.com.do<\/a><\/p>\n<p><strong>M\u0113s elast\u012bgi iestat\u0101m Whatsapp priv\u0101t\u0101s ekskursijas:\u00a0<a href=\"tel:+18097206035\">+18097206035.<\/a><\/strong><\/p>\n\n\t\t<\/div>\n\t<\/div>\n<div class=\"vc_empty_space\"   style=\"height: 32px\"><span class=\"vc_empty_space_inner\"><\/span><\/div><\/div><\/div><\/div><\/div>","protected":false},"excerpt":{"rendered":"<p>Zip Line Saman\u00e1, El Valle plus pusdienas pludmal\u0113. N\u0101ciet kop\u0101 ar mums un apmekl\u0113jiet vienu no gar\u0101kaj\u0101m zip l\u012bnij\u0101m Kar\u012bbu j\u016bras re\u0123ion\u0101\u00a0\u2014 12 l\u012bnijas, 13 stacijas un vair\u0101k nek\u0101 7400\u00a0p\u0113du kabelis!<\/p>\n<p>P\u0113c \u0161\u012bs pieredzes j\u016bs pavad\u012bsit laiku pludmal\u0113, k\u0101 ar\u012b viet\u0113j\u0101s pusdienas pludmal\u0113.<\/p>\n<p>&nbsp;<\/p>\n<p><em><strong>L\u016bdzu, izv\u0113lieties t\u016bres datumu\u00a0<\/strong><\/em><\/p>","protected":false},"featured_media":132,"template":"","meta":[],"product_brand":[],"product_cat":[96,135,122,123,124],"product_tag":[138,157,158,142,147,148,143,159,160,161],"class_list":{"0":"post-39","1":"product","2":"type-product","3":"status-publish","4":"has-post-thumbnail","6":"product_cat-hiking","7":"product_cat-lunch","8":"product_cat-tours-and-excursions","9":"product_cat-tours-excursions-los-haitises-national-park","10":"product_cat-tours-excursions-samana-bay-dominican-republic","11":"product_tag-beach-time","12":"product_tag-el-valle-beach","13":"product_tag-playa-el-valle","14":"product_tag-samana","15":"product_tag-samana-bay","16":"product_tag-samana-excursions","17":"product_tag-samana-tours","18":"product_tag-tours-dominican-republic","19":"product_tag-zip-line","20":"product_tag-zip-line-samana","22":"first","23":"instock","24":"sale","25":"sold-individually","26":"shipping-taxable","27":"product-type-external"},"_links":{"self":[{"href":"https:\/\/haitises.com\/lv\/wp-json\/wp\/v2\/product\/39","targetHints":{"allow":["GET"]}}],"collection":[{"href":"https:\/\/haitises.com\/lv\/wp-json\/wp\/v2\/product"}],"about":[{"href":"https:\/\/haitises.com\/lv\/wp-json\/wp\/v2\/types\/product"}],"wp:featuredmedia":[{"embeddable":true,"href":"https:\/\/haitises.com\/lv\/wp-json\/wp\/v2\/media\/132"}],"wp:attachment":[{"href":"https:\/\/haitises.com\/lv\/wp-json\/wp\/v2\/media?parent=39"}],"wp:term":[{"taxonomy":"product_brand","embeddable":true,"href":"https:\/\/haitises.com\/lv\/wp-json\/wp\/v2\/product_brand?post=39"},{"taxonomy":"product_cat","embeddable":true,"href":"https:\/\/haitises.com\/lv\/wp-json\/wp\/v2\/product_cat?post=39"},{"taxonomy":"product_tag","embeddable":true,"href":"https:\/\/haitises.com\/lv\/wp-json\/wp\/v2\/product_tag?post=39"}],"curies":[{"name":"wp","href":"https:\/\/api.w.org\/{rel}","templated":true}]}}