{"id":268,"date":"2020-06-14T12:01:01","date_gmt":"2020-06-14T12:01:01","guid":{"rendered":"http:\/\/haitises.com\/product\/import-placeholder-for-9913\/"},"modified":"2024-04-19T19:19:17","modified_gmt":"2024-04-19T19:19:17","slug":"samana-valu-verosana-no-las-terrenas-viesnicas-pusdienas-celojums-valu-verosanai","status":"publish","type":"product","link":"https:\/\/haitises.com\/lv\/privats\/samana-valu-verosana-no-las-terrenas-viesnicas-pusdienas-celojums-valu-verosanai\/","title":{"rendered":"Va\u013cu v\u0113ro\u0161ana Saman\u0101 no Las Terrenas viesn\u012bc\u0101m. Pusdienas ce\u013cojums va\u013cu v\u0113ro\u0161anai."},"content":{"rendered":"<div class=\"vc_row wpb_row vc_row-fluid\" ><div class=\"wpb_column vc_column_container vc_col-sm-12\"><div class=\"vc_column-inner\"><div class=\"wpb_wrapper\">[mkdf_section_title title_tag=\u00bb\u00bb disable_break_words=\u00bbno\u00bb subtitle_tag=\u00bb\u00bb title=\u00bbWhale Watching 2020 in Las Terrenas to Samana Bay\u00bb subtitle=\u00bbSamana Whale Watching From Las Terrenas Hotels. Half Day Trip For Whale watching. \u00ab]<\/div><\/div><\/div><\/div><div class=\"vc_row wpb_row vc_row-fluid\" ><div class=\"wpb_column vc_column_container vc_col-sm-12\"><div class=\"vc_column-inner\"><div class=\"wpb_wrapper\">\n\t<div class=\"wpb_text_column wpb_content_element\" >\n\t\t<div class=\"wpb_wrapper\">\n\t\t\t<div class=\"vc_row wpb_row vc_row-fluid\">\n<div class=\"wpb_column vc_column_container vc_col-sm-12\">\n<div class=\"vc_column-inner\">\n<div class=\"wpb_wrapper\">\n<div class=\"wpb_text_column wpb_content_element\">\n<div class=\"wpb_wrapper\">\n<div class=\"vc_row wpb_row vc_row-fluid\">\n<div class=\"wpb_column vc_column_container vc_col-sm-12\">\n<div class=\"vc_column-inner\">\n<div class=\"wpb_wrapper\">\n<div class=\"wpb_text_column wpb_content_element\">\n<div class=\"wpb_wrapper\">\n<h4><b><i>P\u0101rskats<img decoding=\"async\" class=\"emoji\" draggable=\"false\" src=\"https:\/\/s.w.org\/images\/core\/emoji\/12.0.0-1\/svg\/1f433.svg\" alt=\"\ud83d\udc33\" title=\"\"><\/i><\/b><\/h4>\n<p>Va\u013cu Las Terrenas, va\u013cu v\u0113ro\u0161ana Samanas l\u012bc\u012b no Las Terrenas viesn\u012bc\u0101m pusdienas ce\u013cojums. Ce\u013cojums uz Samanas l\u012bci ar \u0113rtu, gaisa kondicion\u0113tu autobusu, p\u0113c tam transf\u0113rs uz laivu. Izbrauciet kru\u012bza braucien\u0101 atkl\u0101tos \u016bde\u0146os, lai mekl\u0113tu kupraino va\u013cu pulkus, kas \u0161aj\u0101 apvid\u016b ierodas vairoties un dzemd\u0113t mazu\u013cus. Uzziniet par \u0161o j\u016bras z\u012bd\u012bt\u0101ju uzved\u012bbu un biolo\u0123iju no sava pieredz\u0113ju\u0161\u0101 gida-dabas gida.  P\u0113c \u0161\u012bs pusdienas ekskursijas m\u0113s atgriez\u012bsimies tik\u0161an\u0101s viet\u0101 Las Terrenas.<\/p>\n<p>&nbsp;<\/p>\n<p><strong>Piez\u012bme:<\/strong> \u0160\u012b ekskursija nav priv\u0101ta.<\/p>\n<ul>\n<li>Va\u013cu v\u0113ro\u0161anas ce\u013cojums<\/li>\n<li>Ieejas maksa observatorij\u0101<\/li>\n<li>Samana Safari<\/li>\n<li>Laivu transf\u0113rs<\/li>\n<li>Kapteinis nodro\u0161ina instrukt\u0101\u017eu un uzraudz\u012bbu<\/li>\n<li>Ekskursiju gids<\/li>\n<\/ul>\n<p>&nbsp;<\/p>\n<h4><b>Iek\u013cau\u0161ana un izsl\u0113g\u0161ana<\/b><\/h4>\n<p>&nbsp;<\/p>\n<p><b>Iesl\u0113gumi<\/b><\/p>\n<p>&nbsp;<\/p>\n<ol>\n<li>Bufetes pusdienas<\/li>\n<li>Transf\u0113rs no viesn\u012bc\u0101m<\/li>\n<li>Ekskursiju gids<\/li>\n<li>Laivu brauciens<\/li>\n<li>Visi nodok\u013ci, nodevas un apstr\u0101des izmaksas<\/li>\n<li>Viet\u0113jie nodok\u013ci<\/li>\n<li>Dz\u0113rieni<\/li>\n<\/ol>\n<p><b>Iz\u0146\u0113mumi<\/b><\/p>\n<ol>\n<li>Dzeramnaudas<\/li>\n<\/ol>\n<p>&nbsp;<\/p>\n<h4><em><strong>Izbrauk\u0161ana un atgrie\u0161an\u0101s<\/strong><\/em><\/h4>\n<p>P\u0113c Rezerv\u0101cijas procesa ce\u013cot\u0101js ieg\u016bs tik\u0161an\u0101s vietu. Ekskursijas s\u0101kas un beidzas m\u016bsu tik\u0161an\u0101s viet\u0101s.<\/p>\n<p>&nbsp;<\/p>\n<h3>Va\u013cu v\u0113ro\u0161ana Saman\u0101 no Las Terrenas viesn\u012bc\u0101m. Pusdienas ce\u013cojums va\u013cu v\u0113ro\u0161anai.<\/h3>\n<h4><b><i>Ko sagaid\u012bt?<\/i><\/b><\/h4>\n<p>The Humpback whales come to the Bay of Samana to give birth and to mate. Whale watching is permitted from 15 of January to 15 March only. Measuring some 12 meters and weighing 40 tons the whales offer an unforgettable sight for your awestruck eyes. Don&#8217;t miss the chance to hear the powerful sound as this magnificent mammal as it spouts out the air. Watch as the males launch themselves out of the water in an effort to impress the \u00abladies\u00bb as the mating ritual.<\/p>\n<p>Ir tik aizraujo\u0161i v\u0113rot tikko dzimu\u0161os te\u013cus, kas pie\u0137eras sav\u0101m m\u0101t\u0113m, kuras savuk\u0101rt visu laiku pavada, gl\u0101stot un sp\u0113l\u0113joties ar tiem. M\u016bsu gids ir specializ\u0113jies j\u016bras z\u012bd\u012bt\u0101ju izp\u0113t\u0113 un p\u0101rsteigs j\u016bs ar sav\u0101m zin\u0101\u0161an\u0101m, k\u0101 ar\u012b pal\u012bdz\u0113s jums interpret\u0113t katru va\u013cu kust\u012bbu.<\/p>\n<p>No plkst. 9:00 l\u012bdz 12:00 - p\u0113cpusdien\u0101 Va\u013cu v\u0113ro\u0161anas observatorija un P\u0113c \u0161\u012b va\u013cu ce\u013cojuma mums b\u016bs pusdienas.Ekskursija tiks pabeigta plkst. 13:30 taj\u0101 pa\u0161\u0101 ost\u0101, no kuras t\u0101 tiks uzs\u0101kta. P\u0113c tam m\u0113s atgriez\u012bsimies Las Terrenas.<\/p>\n<p><strong>Grafiks:<\/strong><\/p>\n<p>8:00 - 13:30<\/p>\n<p>&nbsp;<\/p>\n<h4><em><strong>Kas j\u0101\u0146em l\u012bdzi?<\/strong><\/em><\/h4>\n<ul>\n<li>kameru<\/li>\n<li>Atbaido\u0161i pumpuri<\/li>\n<li>sau\u013co\u0161an\u0101s kr\u0113ms<\/li>\n<li>Cepure<\/li>\n<li>\u0112rtas bikses<\/li>\n<li>Sandales uz pludmali<\/li>\n<li>Peld\u0113\u0161anas ap\u0123\u0113rbs<\/li>\n<li>Nauda suven\u012briem un dzeramnaudai<\/li>\n<\/ul>\n<p>&nbsp;<\/p>\n<h4><b><i>Sa\u0146em\u0161ana viesn\u012bc\u0101<\/i><\/b><\/h4>\n<p>\u0160ai ekskursijai tiek pied\u0101v\u0101ta sav\u0101k\u0161ana no viesn\u012bcas. Tikai Las Terrenas\u0101.<\/p>\n<p><b>Piez\u012bme:<\/b> ja j\u016bs veicat rezerv\u0101ciju 24 stundu laik\u0101 pirms ekskursijas\/ekskursijas izbrauk\u0161anas laika, m\u0113s varam organiz\u0113t sav\u0101k\u0161anu no viesn\u012bcas. Kad pirkums b\u016bs pabeigts, m\u0113s nos\u016bt\u012bsim jums pilnu kontaktinform\u0101ciju (t\u0101lru\u0146a numuru, e-pasta adresi u. c.), lai m\u016bsu viet\u0113jais gids var\u0113tu organiz\u0113t sav\u0101k\u0161anu.<\/p>\n<h4><b><i>Papildu inform\u0101cijas apstiprin\u0101jums<\/i><\/b><\/h4>\n<ol>\n<li>Bi\u013cetes ir kv\u012bts p\u0113c \u0161\u012bs ekskursijas apmaksas. J\u016bs varat par\u0101d\u012bt maks\u0101jumu sav\u0101 t\u0101lrun\u012b.<\/li>\n<li>Tik\u0161an\u0101s vieta tiks sa\u0146emta p\u0113c rezerv\u0101cijas procesa.<\/li>\n<li>B\u0113rniem j\u0101b\u016bt pieaugu\u0161o pavad\u012bb\u0101.<\/li>\n<li>pieejams rati\u0146kr\u0113sl\u0101<\/li>\n<li>Z\u012bdai\u0146iem j\u0101s\u0113\u017e kl\u0113p\u012b<\/li>\n<li>Liel\u0101k\u0101 da\u013ca ce\u013cot\u0101ju var piedal\u012bties<\/li>\n<\/ol>\n<h4><b><i>Atcel\u0161anas politika<\/i><\/b><\/h4>\n<p>Lai sa\u0146emtu pilnu atmaksu, atceliet abonementu vismaz 24 stundas pirms pieredzes s\u0101kuma datuma.<\/p>\n<\/div>\n<\/div>\n<\/div>\n<\/div>\n<\/div>\n<\/div>\n<\/div>\n<\/div>\n<\/div>\n<\/div>\n<\/div>\n<\/div>\n<div class=\"vc_row wpb_row vc_row-fluid\">\n<div class=\"wpb_column vc_column_container vc_col-sm-12\">\n<div class=\"vc_column-inner\">\n<div class=\"wpb_wrapper\">\n<div class=\"vc_empty_space\"><\/div>\n<div class=\"wpb_text_column wpb_content_element\">\n<div class=\"wpb_wrapper\">\n<h4>Sazinies ar mums?<\/h4>\n<h5><b><i>VA\u013bU CE\u013bOJUMS PA SAMANU<\/i><\/b><\/h5>\n<p><em><strong>Viet\u0113jie iedz\u012bvot\u0101ji<\/strong>\u00a0un\u00a0<strong>Nacion\u0101\u013ci<\/strong>\u00a0Ce\u013cojumu gidi un viesu pakalpojumi<\/em><\/p>\n<p><span class=\"text-turquoise\">Rezerv\u0101cijas:<\/span>\u00a0Ekskursijas un ekskursijas Dom. Rep.<\/p>\n<p><img decoding=\"async\" class=\"emoji\" draggable=\"false\" src=\"https:\/\/s.w.org\/images\/core\/emoji\/11.2.0\/svg\/1f4de.svg\" alt=\"\ud83d\udcde\" title=\"\">\u00a0T\u0101lrunis\/Whatsapp\u00a0\u00a0<a href=\"tel:+1-809-720-6035\">+1-809-720-6035<\/a>.<\/p>\n<p><img decoding=\"async\" class=\"emoji\" draggable=\"false\" src=\"https:\/\/s.w.org\/images\/core\/emoji\/11.2.0\/svg\/1f4e9.svg\" alt=\"\ud83d\udce9\" title=\"\">\u00a0<a href=\"mailto:info@bookingadventures.com.do\">info@bookingadventures.com.do<\/a><\/p>\n<p><strong>M\u0113s elast\u012bgi iestat\u0101m Whatsapp priv\u0101t\u0101s ekskursijas:\u00a0<a href=\"tel:+18097206035\">+18097206035.<\/a><\/strong><\/p>\n<\/div>\n<\/div>\n<\/div>\n<\/div>\n<\/div>\n<\/div>\n\n\t\t<\/div>\n\t<\/div>\n<\/div><\/div><\/div><\/div>","protected":false},"excerpt":{"rendered":"<p>No Las Terrenasasas viesn\u012bc\u0101m dodieties ar mums, lai apmekl\u0113tu va\u013cu mugurkak\u013cus patv\u0113ruma viet\u0101 Samanas l\u012bc\u012b, Dominik\u0101nas Republik\u0101.  Ikdienas va\u013cu v\u0113ro\u0161anas braucieni no Las Terrenasas Saman\u0101. Sazinieties ar mums, ja jums ir k\u0101di jaut\u0101jumi par va\u013cu v\u0113ro\u0161anas braucieniem no Las Terrenas uz Samanas l\u012bci.<\/p>\n<p>&nbsp;<\/p>\n<p><em><strong>L\u016bdzu, izv\u0113lieties ekskursijas datumu:<\/strong><\/em><\/p>","protected":false},"featured_media":428,"template":"","meta":[],"product_brand":[],"product_cat":[120,232],"product_tag":[390,137,162,364,283,422,225,381,423,420,201,147,392,271,424,234,280,236,425],"class_list":{"0":"post-268","1":"product","2":"type-product","3":"status-publish","4":"has-post-thumbnail","6":"product_cat-fees-entrace","7":"product_cat-whale-watching-samana","8":"product_tag-390","9":"product_tag-bacardi-island","10":"product_tag-cayo-levantado-day-pass","11":"product_tag-cheap-punta-cana-excursions","12":"product_tag-el-limon-waterfall-and-bacardi-island-tour-from-punta-cana","13":"product_tag-half-day-whale-watching-las-terrenas","14":"product_tag-las-terrenas","15":"product_tag-las-terrenas-excursions","16":"product_tag-las-terrenas-whale-watching","17":"product_tag-limon-from-punta-cana","18":"product_tag-private-tours-samana","19":"product_tag-samana-bay","20":"product_tag-samana-day-trip","21":"product_tag-samana-whale-watching","22":"product_tag-whale-las-terrenas","23":"product_tag-whale-samana","24":"product_tag-whale-watching-2020","25":"product_tag-whale-watching-dominican-republic","26":"product_tag-whale-watching-trips-las-terrenas","28":"first","29":"instock","30":"sale","31":"sold-individually","32":"shipping-taxable","33":"product-type-external"},"_links":{"self":[{"href":"https:\/\/haitises.com\/lv\/wp-json\/wp\/v2\/product\/268","targetHints":{"allow":["GET"]}}],"collection":[{"href":"https:\/\/haitises.com\/lv\/wp-json\/wp\/v2\/product"}],"about":[{"href":"https:\/\/haitises.com\/lv\/wp-json\/wp\/v2\/types\/product"}],"wp:featuredmedia":[{"embeddable":true,"href":"https:\/\/haitises.com\/lv\/wp-json\/wp\/v2\/media\/428"}],"wp:attachment":[{"href":"https:\/\/haitises.com\/lv\/wp-json\/wp\/v2\/media?parent=268"}],"wp:term":[{"taxonomy":"product_brand","embeddable":true,"href":"https:\/\/haitises.com\/lv\/wp-json\/wp\/v2\/product_brand?post=268"},{"taxonomy":"product_cat","embeddable":true,"href":"https:\/\/haitises.com\/lv\/wp-json\/wp\/v2\/product_cat?post=268"},{"taxonomy":"product_tag","embeddable":true,"href":"https:\/\/haitises.com\/lv\/wp-json\/wp\/v2\/product_tag?post=268"}],"curies":[{"name":"wp","href":"https:\/\/api.w.org\/{rel}","templated":true}]}}