{"id":11912,"date":"2024-01-04T09:11:59","date_gmt":"2024-01-04T09:11:59","guid":{"rendered":"http:\/\/haitises.com\/?post_type=product&#038;p=11912"},"modified":"2024-03-28T15:14:36","modified_gmt":"2024-03-28T15:14:36","slug":"private-los-haitises-cayo-levantado-from-samana","status":"publish","type":"product","link":"https:\/\/haitises.com\/lv\/privats\/private-los-haitises-cayo-levantado-from-samana\/","title":{"rendered":"Private: Los Haitises &#038; Cayo Levantado from Samana"},"content":{"rendered":"<div class=\"vc_row wpb_row vc_row-fluid\" ><div class=\"wpb_column vc_column_container vc_col-sm-12\"><div class=\"vc_column-inner\"><div class=\"wpb_wrapper\">[mkdf_section_title title_tag=\u00bb\u00bb disable_break_words=\u00bbno\u00bb subtitle_tag=\u00bb\u00bb title=\u00bbLos Haitises National Park Boat Tour + Cayo Levantado Island\u00bb subtitle=\u00bbEco Tours with Locals\u00bb]<\/div><\/div><\/div><\/div><div class=\"vc_row wpb_row vc_row-fluid\" ><div class=\"wpb_column vc_column_container vc_col-sm-12\"><div class=\"vc_column-inner\"><div class=\"wpb_wrapper\">\n\t<div class=\"wpb_text_column wpb_content_element\" >\n\t\t<div class=\"wpb_wrapper\">\n\t\t\t<h4><\/h4>\n<h2>Ekskursija Loshaitises nacion\u0101laj\u0101 park\u0101 no Samanas ostas + Bacardi salas (Cayo Levantado)<\/h2>\n<h4><b><i>P\u0101rskats <\/i><\/b><\/h4>\n<p>Los Haitises nacion\u0101lais parks, s\u0101kot no Samanas ostas un pusdien\u0101m Bacardi sal\u0101. N\u0101ciet kop\u0101 ar mums un apmekl\u0113jiet Dominik\u0101nas Republikas skaist\u0101ko nacion\u0101lo parku, apmekl\u0113jot mangrovju audzes, alas un Sanlorenco l\u012bci, k\u0101 ar\u012b \u0161\u0137\u0113rsojot kr\u0101\u0161\u0146o Samanas l\u012bci. P\u0113c tam atgriezieties Samanas apgabal\u0101, lai apmekl\u0113tu Bacardi salu, pusdienotu pludmal\u0113 un peld\u0113tos vien\u0101 no skaist\u0101kaj\u0101m Samanas l\u012b\u010da pludmal\u0113m.<\/p>\n<p>P\u0113c \u0161\u012bs pieredzes j\u016bs atgriez\u012bsities Samanas ost\u0101.<\/p>\n<ul>\n<li style=\"font-weight: 400;\">Maksas iek\u013cautas<\/li>\n<li>Cen\u0101 iek\u013cautas pusdienas Bacardi sal\u0101<\/li>\n<li style=\"font-weight: 400;\"><span style=\"font-weight: 400;\">Ce\u013cvedis nodro\u0161ina instrukcijas un uzraudz\u012bbu<\/span><\/li>\n<\/ul>\n<p>&nbsp;<\/p>\n<h4><b>Iek\u013cau\u0161ana un izsl\u0113g\u0161ana<\/b><\/h4>\n<p><b>Iesl\u0113gumi<\/b><\/p>\n<ol>\n<li style=\"font-weight: 400;\">Los Haitises t\u016bre + alas un piktogrammas<\/li>\n<li>Pusdienas Cayo Levantado (Bacardi sal\u0101), ja jums patiks l\u012bdz\u012bga ekskursija: Los Haitises + Ca\u00f1o Hondo<\/li>\n<li style=\"font-weight: 400;\"><span style=\"font-weight: 400;\">Visi nodok\u013ci, nodevas un apstr\u0101des izmaksas<\/span><\/li>\n<li style=\"font-weight: 400;\"><span style=\"font-weight: 400;\">Viet\u0113jie nodok\u013ci<\/span><\/li>\n<li style=\"font-weight: 400;\"><span style=\"font-weight: 400;\">Dz\u0113rieni<\/span><\/li>\n<li style=\"font-weight: 400;\"><span style=\"font-weight: 400;\">Visas aktivit\u0101tes<\/span><\/li>\n<li style=\"font-weight: 400;\"><span style=\"font-weight: 400;\">Viet\u0113jais ce\u013cvedis<\/span><\/li>\n<\/ol>\n<p><b> Iz\u0146\u0113mumi<\/b><\/p>\n<ol>\n<li style=\"font-weight: 400;\"><span style=\"font-weight: 400;\">Dzeramnaudas<\/span><\/li>\n<li style=\"font-weight: 400;\"><span style=\"font-weight: 400;\">P\u0101rs\u016bt\u012b\u0161ana<\/span><\/li>\n<li style=\"font-weight: 400;\"><span style=\"font-weight: 400;\">Alkoholiskie dz\u0113rieni<\/span><\/li>\n<\/ol>\n<p>&nbsp;<\/p>\n<h4><em><strong>Izbrauk\u0161ana un atgrie\u0161an\u0101s<\/strong><\/em><\/h4>\n<p><span style=\"font-weight: 400;\">P\u0113c Rezerv\u0101cijas procesa ce\u013cot\u0101js ieg\u016bs tik\u0161an\u0101s vietu. Ekskursijas s\u0101kas un beidzas m\u016bsu tik\u0161an\u0101s viet\u0101s.<\/span><\/p>\n<p>&nbsp;<\/p>\n<h2>Ekskursija Los Haitises nacion\u0101laj\u0101 park\u0101 no Samanas ostas mas Bacardi salas (Cayo Levantado)<\/h2>\n<h4><b><i>Ko sagaid\u012bt?<\/i><\/b><\/h4>\n<p><b><i>V<\/i><\/b>atrodas<strong> Los Haitises nacion\u0101lais parks<\/strong> ar br\u012bni\u0161\u0137\u012bg\u0101m pusdien\u0101m plkst<strong> Cayo Levantado sala<\/strong> un peld\u0113\u0161ana pludmal\u0113. S\u0101kas <strong>no Samanas ostas<\/strong> uz ku\u0123a vai katamar\u0101na viet\u0113j\u0101 gida pavad\u012bb\u0101 dodamies gar\u0101m Samanas l\u012bcim uz Sabana de la Mar pusi, lai apmekl\u0113tu vienu no skaist\u0101kajiem Dominik\u0101nas Republikas nacion\u0101lajiem parkiem. <em><strong>Haitises nacion\u0101lais parks<\/strong><\/em>.<\/p>\n<p>The tour, organized by \u00abBooking Adventures\u00bb starts at the meeting point set with the Tour Guide. Come with Booking Adventures and start checking some bird-filled mangroves, rolling hills of lush vegetation and caves of <em><strong>Los Haitises nacion\u0101lais parks<\/strong><\/em>. Apmekl\u0113jot salu ar putniem apk\u0101rt. Ligzdo\u0161anas sezon\u0101 uz ligzd\u0101m varam redz\u0113t pat Pelecanos c\u0101\u013cus. Iepaz\u012bstieties ar Klin\u0161u sal\u0101m un apmekl\u0113jiet alas ar piktogramm\u0101m un petrogr\u0101fiem no pamatiedz\u012bvot\u0101jiem.<\/p>\n<p>Caur mangrovju audz\u0113m un zemi atkl\u0101taj\u0101 San Lorenzo l\u012bc\u012b, no kurienes varat fotograf\u0113t skarbo me\u017ea ainavu. Paskatieties uz \u016bdeni, lai to paman\u012btu <em><strong>Lamant\u012bni<\/strong><\/em>, v\u0113\u017eveid\u012bgie un <em><strong>Delf\u012bni.<\/strong><\/em><\/p>\n<h2><strong>Alas Los Haitises nacion\u0101laj\u0101 park\u0101<\/strong><\/h2>\n<div class=\"body-description secondary\">\n<p>Nacion\u0101l\u0101 parka nosaukums c\u0113lies no t\u0101 s\u0101kotn\u0113jiem iedz\u012bvot\u0101jiem - taino indi\u0101\u0146iem. Vi\u0146u valod\u0101 \"Haitises\" noz\u012bm\u0113 \"augstienes\" vai \"kalni\", kas ir atsauce uz piekrastes st\u0101vajiem \u0123eolo\u0123iskajiem veidojumiem ar ka\u013c\u0137akme\u0146iem. Dodieties piedz\u012bvojumu dzi\u013c\u0101k park\u0101, lai izp\u0113t\u012btu alas, piem. <em><strong>Smil\u0161u ala<\/strong><\/em> un <strong><em>L\u012bnijas ala.<\/em><\/strong><\/p>\n<p>Rezerv\u0101t\u0101 eso\u0161\u0101s alas k\u0101 patv\u0113rumu izmantoja Taino indi\u0101\u0146i un v\u0113l\u0101k ar\u012b pir\u0101ti. Mekl\u0113jiet indie\u0161u z\u012bm\u0113jumus, kas rot\u0101 da\u017eas sienas. P\u0113c Los Haitises nacion\u0101l\u0101 parka apmekl\u0113juma m\u0113s atgriez\u012bsimies Samanas ost\u0101, \u0161\u0137\u0113rsojot Samanas l\u012bci 30 min\u016btes un apmekl\u0113jot Bacardi salu. Pa\u0113d\u012bsim tipiskas pusdienas sal\u0101. Ja esat veg\u0101ns, neuztraucieties, mums ir ar\u012b \u0113diens jums!<\/p>\n<p>P\u0113c pilnas p\u0113cpusdienas peldes un atv\u0113sin\u0101\u0161an\u0101s pludmal\u0113 m\u016bsu gids noteiks laiku, lai dotos atpaka\u013c uz Samanas ostu.<\/p>\n<\/div>\n<p>Ja jums patiks \u0161is ce\u013cojums ilg\u0101ks vai \u012bs\u0101ks, mums ir \u0161\u0101das iesp\u0113jas:<\/p>\n<ol>\n<li>Tikai Los Haitises no Samanas ostas.<\/li>\n<li>Los Haitises + Ca\u00f1o Hondo no Samanas ostas.<\/li>\n<\/ol>\n<p>&nbsp;<\/p>\n<h4><em><strong>Kas j\u0101\u0146em l\u012bdzi?<\/strong><\/em><\/h4>\n<ul>\n<li style=\"font-weight: 400;\"><span style=\"font-weight: 400;\">kameru<\/span><\/li>\n<li style=\"font-weight: 400;\"><span style=\"font-weight: 400;\">Atbaido\u0161i pumpuri<\/span><\/li>\n<li style=\"font-weight: 400;\"><span style=\"font-weight: 400;\">sau\u013co\u0161an\u0101s kr\u0113ms<\/span><\/li>\n<li style=\"font-weight: 400;\"><span style=\"font-weight: 400;\">Cepure<\/span><\/li>\n<li style=\"font-weight: 400;\"><span style=\"font-weight: 400;\">\u0112rtas bikses<\/span><\/li>\n<li style=\"font-weight: 400;\"><span style=\"font-weight: 400;\">P\u0101rg\u0101jienu apavi me\u017eam<\/span><\/li>\n<li style=\"font-weight: 400;\"><span style=\"font-weight: 400;\">Sandales uz pavasara zon\u0101m.<\/span><\/li>\n<li style=\"font-weight: 400;\"><span style=\"font-weight: 400;\">Peld\u0113\u0161anas ap\u0123\u0113rbs<\/span><\/li>\n<\/ul>\n<p>&nbsp;<\/p>\n<h4><b><i>Sa\u0146em\u0161ana viesn\u012bc\u0101 <\/i><\/b><\/h4>\n<p><span style=\"font-weight: 400;\">Sa\u0146em\u0161ana viesn\u012bc\u0101 \u0161aj\u0101 ce\u013cojum\u0101 netiek pied\u0101v\u0101ta. <\/span><\/p>\n<p>&nbsp;<\/p>\n<p><b>Piez\u012bme:<\/b><span style=\"font-weight: 400;\"> Ja esat rezerv\u0113ts 24 stundu laik\u0101 p\u0113c ekskursijas\/ekskursijas izbrauk\u0161anas laika, m\u0113s varam noorganiz\u0113t sagaid\u012b\u0161anu viesn\u012bc\u0101 par papildu samaksu. Kad pirkums b\u016bs pabeigts, m\u0113s nos\u016bt\u012bsim jums piln\u012bgu kontaktinform\u0101ciju (t\u0101lru\u0146a numuru, e-pasta adresi utt.) m\u016bsu viet\u0113jam ce\u013cvedim, lai organiz\u0113tu sa\u0146em\u0161anas pas\u0101kumus.<\/span><\/p>\n<h4><b><i>Papildu inform\u0101cijas apstiprin\u0101jums <\/i><\/b><\/h4>\n<ol>\n<li>Bi\u013cetes ir kv\u012bts p\u0113c \u0161\u012bs ekskursijas apmaksas. J\u016bs varat par\u0101d\u012bt maks\u0101jumu sav\u0101 t\u0101lrun\u012b.<\/li>\n<li style=\"font-weight: 400;\"><span style=\"font-weight: 400;\">Tik\u0161an\u0101s vieta tiks sa\u0146emta p\u0113c rezerv\u0101cijas procesa.<\/span><\/li>\n<li style=\"font-weight: 400;\"><span style=\"font-weight: 400;\">B\u0113rniem j\u0101b\u016bt pieaugu\u0161o pavad\u012bb\u0101.<\/span><\/li>\n<li style=\"font-weight: 400;\"><span style=\"font-weight: 400;\"> Nav pieejams ar rati\u0146kr\u0113slu <\/span><\/li>\n<li style=\"font-weight: 400;\"><span style=\"font-weight: 400;\">Z\u012bdai\u0146iem j\u0101s\u0113\u017e kl\u0113p\u012b <\/span><\/li>\n<li style=\"font-weight: 400;\"><span style=\"font-weight: 400;\">Nav ieteicams ce\u013cot\u0101jiem ar muguras probl\u0113m\u0101m<\/span><\/li>\n<li style=\"font-weight: 400;\"><span style=\"font-weight: 400;\">Nav ieteicams ce\u013cot\u0101jiem gr\u016btniec\u0113m <\/span><\/li>\n<li style=\"font-weight: 400;\"><span style=\"font-weight: 400;\"> Nav sirds probl\u0113mu vai citu nopietnu medic\u012bnisku st\u0101vok\u013cu <\/span><\/li>\n<li style=\"font-weight: 400;\"><span style=\"font-weight: 400;\">Liel\u0101k\u0101 da\u013ca ce\u013cot\u0101ju var piedal\u012bties<\/span><\/li>\n<\/ol>\n<h4><b><i>Atcel\u0161anas politika<\/i><\/b><\/h4>\n<p>Lai sa\u0146emtu pilnu kompens\u0101ciju, l\u016bdzu, izlasiet m\u016bsu Atcel\u0161anas noteikumus.\u00a0<a href=\"https:\/\/www.ticketswhales.com\/online-booking\/\" target=\"_blank\" rel=\"noopener\" data-saferedirecturl=\"https:\/\/www.google.com\/url?q=https:\/\/www.ticketswhales.com\/online-booking\/&amp;source=gmail&amp;ust=1672449202351000&amp;usg=AOvVaw1yAeVAPktmaVCqDujgUn90\">Noklik\u0161\u0137iniet \u0161eit<\/a>. L\u012bdzek\u013ci tiks zaud\u0113ti, ja rezerv\u0113jums tiks atcelts ce\u013cojuma dien\u0101.<\/p>\n\n\t\t<\/div>\n\t<\/div>\n\n\t<div class=\"wpb_video_widget wpb_content_element vc_clearfix   vc_video-aspect-ratio-169 vc_video-el-width-100 vc_video-align-left\" >\n\t\t<div class=\"wpb_wrapper\">\n\t\t\t<h2 class=\"wpb_heading wpb_video_heading\">Los Haitises nacion\u0101lais parks<\/h2>\n\t\t\t<div class=\"wpb_video_wrapper\"><iframe loading=\"lazy\" title=\"Los Haitises nacion\u0101l\u0101 parka ekskursijas un ekskursijas\" width=\"1100\" height=\"619\" src=\"https:\/\/www.youtube.com\/embed\/vMI4Ou81cd4?feature=oembed\" frameborder=\"0\" allow=\"accelerometer; autoplay; clipboard-write; encrypted-media; gyroscope; picture-in-picture; web-share\" allowfullscreen><\/iframe><\/div>\n\t\t<\/div>\n\t<\/div>\n<\/div><\/div><\/div><\/div><div class=\"vc_row wpb_row vc_row-fluid\" ><\/div><div class=\"wpb_column vc_column_container vc_col-sm-12\"><div class=\"vc_column-inner\"><div class=\"wpb_wrapper\"><\/div><\/div><\/div><div class=\"vc_empty_space\"   style=\"height: 32px\"><span class=\"vc_empty_space_inner\"><\/span><\/div>\n\t<div class=\"wpb_text_column wpb_content_element\" >\n\t\t<div class=\"wpb_wrapper\">\n\t\t\t<p>Es esmu teksta bloks. Noklik\u0161\u0137iniet uz redi\u0123\u0113\u0161anas pogas, lai main\u012btu \u0161o tekstu. Lorem ipsum dolor sit amet, consectetur adipiscing elit. Ut elit tellus, luctus nec ullamcorper mattis, pulvinar dapibus leo.<\/p>\n\n\t\t<\/div>\n\t<\/div>\n<div class=\"vc_empty_space\"   style=\"height: 32px\"><span class=\"vc_empty_space_inner\"><\/span><\/div><div class=\"vc_row wpb_row vc_row-fluid\" ><\/div><div class=\"wpb_column vc_column_container vc_col-sm-12\"><div class=\"vc_column-inner\"><div class=\"wpb_wrapper\"><\/div><\/div><\/div>[mkdf_section_title title_tag=\u00bb\u00bb disable_break_words=\u00bbno\u00bb title=\u00bbLos Haitises y Cayo Levantado\u00bb]<div class=\"vc_empty_space\"   style=\"height: 32px\"><span class=\"vc_empty_space_inner\"><\/span><\/div><div class=\"vc_row wpb_row vc_row-fluid\" ><\/div><div class=\"wpb_column vc_column_container vc_col-sm-12\"><div class=\"vc_column-inner\"><div class=\"wpb_wrapper\"><\/div><\/div><\/div>","protected":false},"excerpt":{"rendered":"<p><span style=\"vertical-align: inherit;\"><span style=\"vertical-align: inherit;\">Excursiones a Los haitises y Cayo levantado, Viaje Ecol\u00f3gico al Parque Nacional Los Haitises con un Gu\u00eda Tur\u00edstico Local. <\/span><span style=\"vertical-align: inherit;\">Visitando los Cayos en el Parque Nacional Los Haitises, Manglares, Vegetaci\u00f3n, Observaci\u00f3n de aves, Cuevas, Pictogramas y las \u00e1reas hist\u00f3ricas de Sabana de la Mar en el Parque Nacional Los Haitises. <\/span><span style=\"vertical-align: inherit;\">Despu\u00e9s de Los Haitises almorzamos en la playa de la isla Bacardi. <\/span><span style=\"vertical-align: inherit;\">Reserve ahora Tour al Parque Nacional Los Haitises desde Puerto Saman\u00e1 + Isla Bacardi (Cayo Levantado) con nosotros.<\/span><\/span><\/p>\n<p>&nbsp;<\/p>\n<p><strong><span style=\"vertical-align: inherit;\"><span style=\"vertical-align: inherit;\">Seleccione la fecha para el Tour:<\/span><\/span><\/strong><\/p>","protected":false},"featured_media":91,"template":"","meta":[],"product_brand":[],"product_cat":[571,566,123,124],"product_tag":[137,205,180,125,206,139,163,129,207,208,132,209,210,211,212,133,213,214,215,216,217,218,190,219,114,142,148,143,220],"class_list":{"0":"post-11912","1":"product","2":"type-product","3":"status-publish","4":"has-post-thumbnail","6":"product_cat-1-samana","7":"product_cat-boat-trip-los-haitises","8":"product_cat-tours-excursions-los-haitises-national-park","9":"product_cat-tours-excursions-samana-bay-dominican-republic","10":"product_tag-bacardi-island","11":"product_tag-bacardi-island-tours","12":"product_tag-birdwatching","13":"product_tag-boat-tour","14":"product_tag-caves-los-haitises","15":"product_tag-cayo-levantado","16":"product_tag-cayo-levantado-tour","17":"product_tag-eco-tours","18":"product_tag-excursiones-a-los-haitises-y-cayo-levantado","19":"product_tag-haitises-park-and-cayo-levantado-island","20":"product_tag-los-haitises","21":"product_tag-los-haitises-excursiones","22":"product_tag-los-haitises-excursions","23":"product_tag-los-haitises-mapa","24":"product_tag-los-haitises-mas-cayo-levantado","25":"product_tag-los-haitises-national-park","26":"product_tag-los-haitises-national-park-map","27":"product_tag-los-haitises-national-park-mas-cayo-levantado","28":"product_tag-los-haitises-national-park-tour-from-las-terrenas","29":"product_tag-los-haitises-national-park-tour-from-samana-port-bacardi-island-cayo-levantado","30":"product_tag-los-haitises-national-park-tour-from-santo-domingo","31":"product_tag-los-haitises-park-tour-cayo-levantado-island","32":"product_tag-los-haitises-samana","33":"product_tag-los-haitises-y-cayo-levantado","34":"product_tag-sabana-de-la-mar","35":"product_tag-samana","36":"product_tag-samana-excursions","37":"product_tag-samana-tours","38":"product_tag-tour-los-haitises-national-park-cayo-levantado","40":"first","41":"instock","42":"sale","43":"sold-individually","44":"shipping-taxable","45":"product-type-external"},"_links":{"self":[{"href":"https:\/\/haitises.com\/lv\/wp-json\/wp\/v2\/product\/11912","targetHints":{"allow":["GET"]}}],"collection":[{"href":"https:\/\/haitises.com\/lv\/wp-json\/wp\/v2\/product"}],"about":[{"href":"https:\/\/haitises.com\/lv\/wp-json\/wp\/v2\/types\/product"}],"wp:featuredmedia":[{"embeddable":true,"href":"https:\/\/haitises.com\/lv\/wp-json\/wp\/v2\/media\/91"}],"wp:attachment":[{"href":"https:\/\/haitises.com\/lv\/wp-json\/wp\/v2\/media?parent=11912"}],"wp:term":[{"taxonomy":"product_brand","embeddable":true,"href":"https:\/\/haitises.com\/lv\/wp-json\/wp\/v2\/product_brand?post=11912"},{"taxonomy":"product_cat","embeddable":true,"href":"https:\/\/haitises.com\/lv\/wp-json\/wp\/v2\/product_cat?post=11912"},{"taxonomy":"product_tag","embeddable":true,"href":"https:\/\/haitises.com\/lv\/wp-json\/wp\/v2\/product_tag?post=11912"}],"curies":[{"name":"wp","href":"https:\/\/api.w.org\/{rel}","templated":true}]}}