{"id":11701,"date":"2023-10-04T07:40:35","date_gmt":"2023-10-04T07:40:35","guid":{"rendered":"http:\/\/haitises.com\/?post_type=product&#038;p=11701"},"modified":"2024-03-28T15:22:35","modified_gmt":"2024-03-28T15:22:35","slug":"punta-cana-cap-cana-excursion-whale-watching-cayo-levantado-private-tour","status":"publish","type":"product","link":"https:\/\/haitises.com\/lv\/privats\/punta-cana-cap-cana-excursion-whale-watching-cayo-levantado-private-tour\/","title":{"rendered":"Punta Cana \/ Cap Cana: va\u013cu v\u0113ro\u0161anas ekskursija + Cayo Levantado (priv\u0101ts ce\u013cojums)"},"content":{"rendered":"<div class=\"wpb_column vc_column_container vc_col-sm-12\"><div class=\"vc_column-inner\"><div class=\"wpb_wrapper\"><div class=\"vc_btn3-container vc_btn3-inline\" ><a class=\"vc_general vc_btn3 vc_btn3-size-md vc_btn3-shape-rounded vc_btn3-style-modern vc_btn3-color-green\" href=\"https:\/\/bookingadventures.tours\/booking.php?tour_id=6ed21424a849c63fc6398949d1f80266\" title=\"\" target=\"_blank\" rel=\"noopener\">REZERV\u0112T TAGAD<\/a><\/div><\/div><\/div><\/div><div class=\"vc_row wpb_row vc_row-fluid\" ><div class=\"wpb_column vc_column_container vc_col-sm-12\"><div class=\"vc_column-inner\"><div class=\"wpb_wrapper\">\n\t<div class=\"wpb_text_column wpb_content_element\" >\n\t\t<div class=\"wpb_wrapper\">\n\t\t\t<div class=\"vc_row wpb_row vc_row-fluid\">\n<div class=\"wpb_column vc_column_container vc_col-sm-12\">\n<div class=\"vc_column-inner\">\n<div class=\"wpb_wrapper\">\n<div class=\"wpb_text_column wpb_content_element\">\n<div class=\"wpb_wrapper\">\n<h3>Excursion Whale Watching + Cayo Levantado from Punta Cana\/Cap Cana ( Private Tour )<\/h3>\n<p>Whale watching in Samana bay starting from Punta Cana\/Cap Cana hotels in Private transportation. This Trip starts between 6:00 \u2013 8:00 Am and finishes around 7:00 Pm. After aborting our boat to visit the Whales in their own habitat. After this Whale trip we will visit Bacardi Island \/ Cayo Levantado (optional). In Bacardi Island, Lunch Buffet from a typical Dominican Style will be provided. When lunch is finished you are allowed to swim until 4:00 pm. Tour will be finished at the same port from where it will start at 5:00 pm. After this, we take you back to your hotel.<\/p>\n<p>Note: This is a Private Tour with a minimum payment of 540 USD. If you are less then 4 people, please contact us and we will send you a link where you can book this Tour.\u00a0<strong><em>To join a group for whale watching with pick up in your hotel please<\/em>\u00a0<\/strong><a href=\"https:\/\/www.ticketswhales.com\/Tours-Excursions\/tours-excursions-samana-bay-dominican-republic\/whale-watching-2020-in-punta-cana-to-samana-bay-cayo-levantado-bacardi-island-from-hotels\/\" data-mil=\"12004\" target=\"_blank\" rel=\"noopener\">CLICK HERE.<\/a><\/p>\n<ul>\n<li>Whale Watching Private trip<\/li>\n<li>Ieejas maksa observatorij\u0101<\/li>\n<li>Includes Buffet lunch on the beach<\/li>\n<li>Private Transfer from Hotels<\/li>\n<li>Private Boat Transfer<\/li>\n<li>Kapteinis nodro\u0161ina instrukt\u0101\u017eu un uzraudz\u012bbu<\/li>\n<li>Ekskursiju gids<\/li>\n<\/ul>\n<p>&nbsp;<\/p>\n<h4><b>Iek\u013cau\u0161ana un izsl\u0113g\u0161ana<\/b><\/h4>\n<p>&nbsp;<\/p>\n<p><b>Iesl\u0113gumi<\/b><\/p>\n<ol>\n<li>Bufetes tipa pusdienas pludmal\u0113<\/li>\n<li>Ekskursiju gids<\/li>\n<li>Transfer Car<\/li>\n<li>Laivu brauciens<\/li>\n<li>Visi nodok\u013ci, nodevas un apstr\u0101des izmaksas<\/li>\n<li>Viet\u0113jie nodok\u013ci<\/li>\n<li>Dz\u0113rieni<\/li>\n<\/ol>\n<p><b>Iz\u0146\u0113mumi<\/b><\/p>\n<ol>\n<li>Dzeramnaudas<\/li>\n<li>Alkoholiskie dz\u0113rieni<\/li>\n<\/ol>\n<p>&nbsp;<\/p>\n<h4><em><strong>Izbrauk\u0161ana un atgrie\u0161an\u0101s<\/strong><\/em><\/h4>\n<p>The traveler will get a meeting point after the Reservation Process. Tours start and finished at the meeting point.<\/p>\n<p>&nbsp;<\/p>\n<h4><b><i>Ko sagaid\u012bt?<\/i><\/b><\/h4>\n<p>&nbsp;<\/p>\n<p><em><strong>Ieg\u016bstiet bi\u013cetes<\/strong><\/em>\u00a0for a day Whale Watching private from Cap Cana to Samana bay, plus a wonderful lunch and beach time.<\/p>\n<p>The Daypass for whale watching, organized by \u201cBooking Adventures\u201d starts at the meeting point set with the Tour Guide. Lunch at the beach and you can stay as long as you want swimming around. If you are Vegan we also can set some food for you.<\/p>\n<p><strong>Grafiks:<\/strong><\/p>\n<p>Flexible<\/p>\n<p>&nbsp;<\/p>\n<h4><em><strong>Kas j\u0101\u0146em l\u012bdzi?<\/strong><\/em><\/h4>\n<ul>\n<li>kameru<\/li>\n<li>Atbaido\u0161i pumpuri<\/li>\n<li>sau\u013co\u0161an\u0101s kr\u0113ms<\/li>\n<li>Cepure<\/li>\n<li>\u0112rtas bikses<\/li>\n<li>Sandales uz pludmali<\/li>\n<li>Peld\u0113\u0161anas ap\u0123\u0113rbs<\/li>\n<li>Cash for souvenirs<\/li>\n<\/ul>\n<p>&nbsp;<\/p>\n<h4><b><i>Sa\u0146em\u0161ana viesn\u012bc\u0101<\/i><\/b><\/h4>\n<p>Hotel pick-up is included for this tour. We Pick up in any hotel in Punta Cana\/ Cap Cana area.<\/p>\n<p>&nbsp;<\/p>\n<p><b>Piez\u012bme:<\/b>\u00a0ja j\u016bs veicat rezerv\u0101ciju 24 stundu laik\u0101 pirms ekskursijas\/ekskursijas izbrauk\u0161anas laika, m\u0113s varam organiz\u0113t sav\u0101k\u0161anu no viesn\u012bcas. Kad pirkums b\u016bs pabeigts, m\u0113s nos\u016bt\u012bsim jums pilnu kontaktinform\u0101ciju (t\u0101lru\u0146a numuru, e-pasta adresi u. c.), lai m\u016bsu viet\u0113jais gids var\u0113tu organiz\u0113t sav\u0101k\u0161anu.<\/p>\n<h4><b><i>Papildu inform\u0101cijas apstiprin\u0101jums<\/i><\/b><\/h4>\n<ol>\n<li>Bi\u013cetes ir kv\u012bts p\u0113c \u0161\u012bs ekskursijas apmaksas. J\u016bs varat par\u0101d\u012bt maks\u0101jumu sav\u0101 t\u0101lrun\u012b.<\/li>\n<li>Tik\u0161an\u0101s vieta tiks sa\u0146emta p\u0113c rezerv\u0101cijas procesa.<\/li>\n<li>B\u0113rniem j\u0101b\u016bt pieaugu\u0161o pavad\u012bb\u0101.<\/li>\n<li>pieejams rati\u0146kr\u0113sl\u0101<\/li>\n<li>Z\u012bdai\u0146iem j\u0101s\u0113\u017e kl\u0113p\u012b<\/li>\n<li>Liel\u0101k\u0101 da\u013ca ce\u013cot\u0101ju var piedal\u012bties<\/li>\n<\/ol>\n<h4><b><i>Atcel\u0161anas politika<\/i><\/b><\/h4>\n<p>Lai sa\u0146emtu pilnu atmaksu, atceliet abonementu vismaz 24 stundas pirms pieredzes s\u0101kuma datuma.<\/p>\n<\/div>\n<\/div>\n<\/div>\n<\/div>\n<\/div>\n<\/div>\n<div class=\"vc_row wpb_row vc_row-fluid\">\n<div class=\"wpb_column vc_column_container vc_col-sm-12\">\n<div class=\"vc_column-inner\">\n<div class=\"wpb_wrapper\">\n<div class=\"wpb_text_column wpb_content_element\">\n<div class=\"wpb_wrapper\">\n<h4>Sazinies ar mums?<\/h4>\n<h5><b><i>VA\u013bU CE\u013bOJUMS PA SAMANU<\/i><\/b><\/h5>\n<p><em><strong>Viet\u0113jie iedz\u012bvot\u0101ji<\/strong>\u00a0un\u00a0<strong>Nacion\u0101\u013ci<\/strong>\u00a0Ce\u013cojumu gidi un viesu pakalpojumi<\/em><\/p>\n<p><span class=\"text-turquoise\">Reservas:<\/span>\u00a0\u00a0Tours y Excursiones en Dom.\u00a0Reps.<\/p>\n<p><img decoding=\"async\" class=\"emoji\" draggable=\"false\" src=\"https:\/\/s.w.org\/images\/core\/emoji\/11.2.0\/svg\/1f4de.svg\" alt=\"\ud83d\udcde\" title=\"\">\u00a0T\u0101lrunis\/Whatsapp\u00a0\u00a0\u00a0<a href=\"tel:+1-809-720-6035\">+ 1-809-720-6035<\/a>\u00a0.<\/p>\n<p data-wp-editing=\"1\"><a href=\"mailto:Reservabatour@gmail.com\"><img decoding=\"async\" class=\"emoji\" draggable=\"false\" src=\"https:\/\/s.w.org\/images\/core\/emoji\/11.2.0\/svg\/1f4e9.svg\" alt=\"\ud83d\udce9\" title=\"\"> Reservabatour@gmail.com<\/a><\/p>\n<p>&nbsp;<\/p>\n<\/div>\n<\/div>\n<\/div>\n<\/div>\n<\/div>\n<\/div>\n\n\t\t<\/div>\n\t<\/div>\n<div class=\"vc_btn3-container vc_btn3-inline\" ><a class=\"vc_general vc_btn3 vc_btn3-size-md vc_btn3-shape-rounded vc_btn3-style-modern vc_btn3-color-green\" href=\"https:\/\/bookingadventures.tours\/booking.php?tour_id=6ed21424a849c63fc6398949d1f80266\" title=\"\" target=\"_blank\" rel=\"noopener\">REZERV\u0112T TAGAD<\/a><\/div><\/div><\/div><\/div><\/div>","protected":false},"excerpt":{"rendered":"<p><span style=\"vertical-align: inherit;\"><span style=\"vertical-align: inherit;\">Reserve su viaje para una experiencia de avistamiento de ballenas comenzando desde Cap Cana en un viaje privado con gu\u00edas profesionales ecologistas. <\/span><span style=\"vertical-align: inherit;\">Si desea ponerse en contacto con nosotros para recibir asesoramiento, env\u00ede un correo electr\u00f3nico, Whatsapp o Llamadas disponibles. <\/span><span style=\"vertical-align: inherit;\">Por favor reserve con tiempo sus entradas. <\/span><span style=\"vertical-align: inherit;\">En la temporada de ballenas hay muchas reservas y nos gustar\u00eda tener sus entradas a salvo para usted.<\/span><\/span><\/p>\n<p><span style=\"vertical-align: inherit;\"><span style=\"vertical-align: inherit;\">Nota: Este es un Tour Privado con un pago m\u00ednimo de 540 USD. <\/span><span style=\"vertical-align: inherit;\">Si son menos de 4 personas, cont\u00e1ctenos y le enviaremos un enlace donde puede reservar este Tour. <\/span><span style=\"vertical-align: inherit;\">Para unirse a un grupo de observaci\u00f3n de ballenas con recogida en su hotel, <\/span><\/span><a href=\"https:\/\/www.ticketswhales.com\/Tours-Excursions\/tours-excursions-samana-bay-dominican-republic\/whale-watching-2020-in-punta-cana-to-samana-bay-cayo-levantado-bacardi-island-from-hotels\/\"><span style=\"vertical-align: inherit;\"><span style=\"vertical-align: inherit;\">HAGA CLIC AQU\u00cd.<\/span><\/span><\/a><\/p>\n<p><strong><span style=\"vertical-align: inherit;\"><span style=\"vertical-align: inherit;\">Tenga en cuenta<\/span><\/span><\/strong><span style=\"vertical-align: inherit;\"><span style=\"vertical-align: inherit;\"> : <\/span><\/span><em><span style=\"vertical-align: inherit;\"><span style=\"vertical-align: inherit;\">Beb\u00e9s<\/span><\/span><\/em><span style=\"vertical-align: inherit;\"><span style=\"vertical-align: inherit;\"> (0 &#8211; 23 meses) gratis, <\/span><\/span><em><span style=\"vertical-align: inherit;\"><span style=\"vertical-align: inherit;\">Ni\u00f1os<\/span><\/span><\/em><span style=\"vertical-align: inherit;\"><span style=\"vertical-align: inherit;\"> (2 &#8211; 10 <\/span><\/span><em><span style=\"vertical-align: inherit;\"><span style=\"vertical-align: inherit;\">a\u00f1os<\/span><\/span><\/em><span style=\"vertical-align: inherit;\"><span style=\"vertical-align: inherit;\"> )<\/span><\/span><\/p>\n<p><em><strong><span style=\"vertical-align: inherit;\"><span style=\"vertical-align: inherit;\">Seleccione la fecha de la excursi\u00f3n:<\/span><\/span><\/strong><\/em><\/p>","protected":false},"featured_media":11738,"template":"","meta":[],"product_brand":[],"product_cat":[576,571,482,483,598,597,484,485,589,499],"product_tag":[260,486,487,142,488,271,489,393,490,234,236,395,491],"class_list":{"0":"post-11701","1":"product","2":"type-product","3":"status-publish","4":"has-post-thumbnail","6":"product_cat-1-punta-cana","7":"product_cat-1-samana","8":"product_cat-cap-cana-whale-watching","9":"product_cat-outdoor-activities","10":"product_cat-punta-cana-private-tours","11":"product_cat-punta-cana-whale-watching","12":"product_cat-water-activities","13":"product_cat-whale-watching","14":"product_cat-whale-watching-private-tours","15":"product_cat-whale-watching-punta-cana","16":"product_tag-day-trip-punta-cana","17":"product_tag-private-punta-cana","18":"product_tag-punta-cana-whale-watching","19":"product_tag-samana","20":"product_tag-samana-tour","21":"product_tag-samana-whale-watching","22":"product_tag-whale","23":"product_tag-whale-punta-cana","24":"product_tag-whale-sabana-de-la-mar","25":"product_tag-whale-samana","26":"product_tag-whale-watching-dominican-republic","27":"product_tag-whale-watching-punta-cana","28":"product_tag-whales-trips","30":"first","31":"instock","32":"sale","33":"sold-individually","34":"shipping-taxable","35":"product-type-external"},"_links":{"self":[{"href":"https:\/\/haitises.com\/lv\/wp-json\/wp\/v2\/product\/11701","targetHints":{"allow":["GET"]}}],"collection":[{"href":"https:\/\/haitises.com\/lv\/wp-json\/wp\/v2\/product"}],"about":[{"href":"https:\/\/haitises.com\/lv\/wp-json\/wp\/v2\/types\/product"}],"wp:featuredmedia":[{"embeddable":true,"href":"https:\/\/haitises.com\/lv\/wp-json\/wp\/v2\/media\/11738"}],"wp:attachment":[{"href":"https:\/\/haitises.com\/lv\/wp-json\/wp\/v2\/media?parent=11701"}],"wp:term":[{"taxonomy":"product_brand","embeddable":true,"href":"https:\/\/haitises.com\/lv\/wp-json\/wp\/v2\/product_brand?post=11701"},{"taxonomy":"product_cat","embeddable":true,"href":"https:\/\/haitises.com\/lv\/wp-json\/wp\/v2\/product_cat?post=11701"},{"taxonomy":"product_tag","embeddable":true,"href":"https:\/\/haitises.com\/lv\/wp-json\/wp\/v2\/product_tag?post=11701"}],"curies":[{"name":"wp","href":"https:\/\/api.w.org\/{rel}","templated":true}]}}