{"id":11693,"date":"2023-10-04T07:40:34","date_gmt":"2023-10-04T07:40:34","guid":{"rendered":"http:\/\/haitises.com\/?post_type=product&#038;p=11693"},"modified":"2024-03-28T17:17:43","modified_gmt":"2024-03-28T17:17:43","slug":"hotel-hiking-swimming-kayaking-2-days-trip-los-haitises","status":"publish","type":"product","link":"https:\/\/haitises.com\/lv\/privats\/hotel-hiking-swimming-kayaking-2-days-trip-los-haitises\/","title":{"rendered":"Hotel + Hiking +Swimming + Kayaking 2 Days trip Los Haitises"},"content":{"rendered":"<div class=\"vc_row wpb_row vc_row-fluid\" ><div class=\"wpb_column vc_column_container vc_col-sm-12\"><div class=\"vc_column-inner\"><div class=\"wpb_wrapper\">\n\t<div class=\"wpb_text_column wpb_content_element\" >\n\t\t<div class=\"wpb_wrapper\">\n\t\t\t<p><span style=\"vertical-align: inherit;\"><span style=\"vertical-align: inherit;\"><\/p>\n\n\t\t<\/div>\n\t<\/div>\n<\/div><\/div><\/div><\/div><div class=\"vc_row wpb_row vc_row-fluid\" ><div class=\"wpb_column vc_column_container vc_col-sm-12\"><div class=\"vc_column-inner\"><div class=\"wpb_wrapper\">[mkdf_section_title title_tag=\u00bb\u00bb disable_break_words=\u00bbno\u00bb subtitle_tag=\u00bb\u00bb title=\u00bbLos Haitises Complete Adventure\u00bb subtitle=\u00bbHotel + Senderismo + Nataci\u00f3n + Kayak\u00bb]<div class=\"vc_empty_space\"   style=\"height: 32px\"><span class=\"vc_empty_space_inner\"><\/span><\/div>\n\t<div class=\"wpb_text_column wpb_content_element\" >\n\t\t<div class=\"wpb_wrapper\">\n\t\t\t<p>\u00a0<\/span><\/span><\/p>\n<h4><\/h4>\n<h3><span style=\"vertical-align: inherit;\"><span style=\"vertical-align: inherit;\">D\u00eda 1<\/span><\/span><\/h3>\n<p>We visit the East side of Dominican Republic, Los Haitises National Park Rainforest, our adventure starts After having check- in at the Ecolodge. First with a 2 to 3 Hours Hike. There you can enjoy the landscape,\u00a0 learn about Dominican Republic life in the country side and live nature. Along the way you will learn of the bio diverse ecosystem of the rainforest, touch Cacaos trees, unique flora and historical areas.<\/p>\n<p>Further up after we finish the hike, there is a Dominican style Dinner and Bonfires at the light of the stars.<\/p>\n<h3>Day 2<\/h3>\n<p>Next day Dominican Style Breakfast. After Breakfast we hike\u00a0 minutes to the Mangroves port. Then we take the equipment required for your safety (Lifejackets, etc), kayaks and going through mangrove swamps. You will see some bird-filled mangroves, rolling hills of lush vegetation.<\/p>\n<p>Through the mangroves and Land at the open San Lorenzo Bay, from where you can photograph the rugged forest landscape. Start checking some Endemics Birds, Mammals and Plants species, rolling hills of lush vegetation and caves of <em><strong>Los Haitises nacion\u0101lais parks<\/strong><\/em>.<\/p>\n<div class=\"body-description secondary\">\n<p>Nacion\u0101l\u0101 parka nosaukums c\u0113lies no t\u0101 s\u0101kotn\u0113jiem iedz\u012bvot\u0101jiem - taino indi\u0101\u0146iem. Vi\u0146u valod\u0101 \"Haitises\" noz\u012bm\u0113 \"augstienes\" vai \"kalni\", kas ir atsauce uz piekrastes st\u0101vajiem \u0123eolo\u0123iskajiem veidojumiem ar ka\u013c\u0137akme\u0146iem. Dodieties piedz\u012bvojumu dzi\u013c\u0101k park\u0101, lai izp\u0113t\u012btu alas, piem. <em><strong>Cueva de la Arena.\u00a0<\/strong><\/em><\/p>\n<h3>Finishing Day<\/h3>\n<p>After getting back to the Ecolodge there is free time to enjoy natural water pool swim in the first mineral waterfalls areas of Los Haitises National Park. Having Dominican Style Lunch and Check- out from Hotel 1: 00 PM.<\/p>\n<\/div>\n<p>This is an adventure good for those looking to enjoy nature and an unique rainforest experience. Focused on providing a true local view of Dominican Republic in Los Haitises National Park, with history facts and information about the ecosystem along the trip. Transportation is not included.<\/p>\n<h3>Meeting Point<\/h3>\n<p>We meet in Sabana de la mar, from here you will follow the guide in your own vehicle to our hidden gem!. Be ready for a real adventure hike, bonfires, kayaking &amp; waterfalls and the unique Ecolodge\u00a0 in Dominican Republic.<\/p>\n<p>If you are a group or are interested in a date you don&#8217;t see available, feel free to contact us directly and I will help you out. As you see in the reviews, Booking Adventures is very a passionate about our job and\u00a0 We love to show the real life in the island to our guests. On each tour we plant one Mangrove tree as a donation To the Nature.<\/p>\n<h4><b>Iek\u013cau\u0161ana un izsl\u0113g\u0161ana<\/b><\/h4>\n<p><b>Iesl\u0113gumi<\/b><\/p>\n<ul>\n<li style=\"font-weight: 400;\">Los Haitises nacion\u0101lais parks<\/li>\n<li>Bonfire at Night<\/li>\n<li>4 Hours Hiking Rain Forest<\/li>\n<li>1 Room at the Ecolodge<\/li>\n<li>1 Dinner per Person<\/li>\n<li>1 Breakfast per Person<\/li>\n<li>1 Lunch per Person<\/li>\n<li>3 Hours Kayaking ( Or Boat Trip)<\/li>\n<li>Bird watching<\/li>\n<li>Mangroves plantation<\/li>\n<li>1 Cave Visit<\/li>\n<li style=\"font-weight: 400;\"><span style=\"font-weight: 400;\">Visi nodok\u013ci, nodevas un apstr\u0101des izmaksas<\/span><\/li>\n<li style=\"font-weight: 400;\"><span style=\"font-weight: 400;\">Viet\u0113jie nodok\u013ci<\/span><\/li>\n<li style=\"font-weight: 400;\"><span style=\"font-weight: 400;\">Viet\u0113jais ce\u013cvedis<\/span><\/li>\n<\/ul>\n<p><b> Iz\u0146\u0113mumi<\/b><\/p>\n<ol>\n<li style=\"font-weight: 400;\"><span style=\"font-weight: 400;\">Dzeramnaudas<\/span><\/li>\n<li style=\"font-weight: 400;\"><span style=\"font-weight: 400;\">P\u0101rs\u016bt\u012b\u0161ana<\/span><\/li>\n<li style=\"font-weight: 400;\"><span style=\"font-weight: 400;\">Alkoholiskie dz\u0113rieni<\/span><\/li>\n<\/ol>\n<p>&nbsp;<\/p>\n<h4><em><strong>Izbrauk\u0161ana un atgrie\u0161an\u0101s<\/strong><\/em><\/h4>\n<p><span style=\"font-weight: 400;\">P\u0113c Rezerv\u0101cijas procesa ce\u013cot\u0101js ieg\u016bs tik\u0161an\u0101s vietu. Ekskursijas s\u0101kas un beidzas m\u016bsu tik\u0161an\u0101s viet\u0101s.<\/span><\/p>\n<p>From:<\/p>\n<p>3:00 PM Day One<\/p>\n<p>To:<\/p>\n<p>1: 00 PM Day Two.<\/p>\n<p>&nbsp;<\/p>\n<h4><em><strong>Kas j\u0101\u0146em l\u012bdzi?<\/strong><\/em><\/h4>\n<ul>\n<li style=\"font-weight: 400;\"><span style=\"font-weight: 400;\">kameru<\/span><\/li>\n<li style=\"font-weight: 400;\"><span style=\"font-weight: 400;\">Atbaido\u0161i pumpuri<\/span><\/li>\n<li style=\"font-weight: 400;\"><span style=\"font-weight: 400;\">sau\u013co\u0161an\u0101s kr\u0113ms<\/span><\/li>\n<li style=\"font-weight: 400;\"><span style=\"font-weight: 400;\">Cepure<\/span><\/li>\n<li style=\"font-weight: 400;\"><span style=\"font-weight: 400;\">\u0112rtas bikses<\/span><\/li>\n<li style=\"font-weight: 400;\"><span style=\"font-weight: 400;\">P\u0101rg\u0101jienu apavi me\u017eam<\/span><\/li>\n<li style=\"font-weight: 400;\"><span style=\"font-weight: 400;\">Sandales uz pavasara zon\u0101m.<\/span><\/li>\n<li style=\"font-weight: 400;\"><span style=\"font-weight: 400;\">Peld\u0113\u0161anas ap\u0123\u0113rbs<\/span><\/li>\n<\/ul>\n<p>&nbsp;<\/p>\n<h4><b><i>Pickup <\/i><\/b><\/h4>\n<p><span style=\"font-weight: 400;\">Hotel pick-up is <em style=\"font-weight: 400;\"><strong>not<\/strong>\u00a0<\/em><i>included<\/i> for this tour.\u00a0<\/span><\/p>\n<p><b>Piez\u012bme:<\/b><span style=\"font-weight: 400;\"> If you are booking within 72 hours of the tour\/Excursion departure time, we can arrangements hotel pick-up with extra Charges from any place of The Dominican Republic. Once your purchase is complete, we will send you complete contact information (phone number, email address, etc.) for our local Tour guide to organize pick-up arrangements.<\/span><\/p>\n<h4><b><i>Papildu inform\u0101cijas apstiprin\u0101jums <\/i><\/b><\/h4>\n<ol>\n<li>Bi\u013cetes ir kv\u012bts p\u0113c \u0161\u012bs ekskursijas apmaksas. J\u016bs varat par\u0101d\u012bt maks\u0101jumu sav\u0101 t\u0101lrun\u012b.<\/li>\n<li style=\"font-weight: 400;\"><span style=\"font-weight: 400;\">Tik\u0161an\u0101s vieta tiks sa\u0146emta p\u0113c rezerv\u0101cijas procesa.<\/span><\/li>\n<li style=\"font-weight: 400;\"><span style=\"font-weight: 400;\">B\u0113rniem j\u0101b\u016bt pieaugu\u0161o pavad\u012bb\u0101.<\/span><\/li>\n<li style=\"font-weight: 400;\"><span style=\"font-weight: 400;\"> Nav pieejams ar rati\u0146kr\u0113slu <\/span><\/li>\n<li style=\"font-weight: 400;\"><span style=\"font-weight: 400;\">Z\u012bdai\u0146iem j\u0101s\u0113\u017e kl\u0113p\u012b <\/span><\/li>\n<li style=\"font-weight: 400;\"><span style=\"font-weight: 400;\">Nav ieteicams ce\u013cot\u0101jiem ar muguras probl\u0113m\u0101m<\/span><\/li>\n<li style=\"font-weight: 400;\"><span style=\"font-weight: 400;\">Nav ieteicams ce\u013cot\u0101jiem gr\u016btniec\u0113m <\/span><\/li>\n<li style=\"font-weight: 400;\"><span style=\"font-weight: 400;\"> Nav sirds probl\u0113mu vai citu nopietnu medic\u012bnisku st\u0101vok\u013cu <\/span><\/li>\n<li style=\"font-weight: 400;\"><span style=\"font-weight: 400;\">Liel\u0101k\u0101 da\u013ca ce\u013cot\u0101ju var piedal\u012bties<\/span><\/li>\n<\/ol>\n<h4><b><i>Atcel\u0161anas politika<\/i><\/b><\/h4>\n<p>Lai sa\u0146emtu pilnu kompens\u0101ciju, l\u016bdzu, izlasiet m\u016bsu Atcel\u0161anas noteikumus.\u00a0<a href=\"https:\/\/www.ticketswhales.com\/online-booking\/\" target=\"_blank\" rel=\"noopener\" data-saferedirecturl=\"https:\/\/www.google.com\/url?q=https:\/\/www.ticketswhales.com\/online-booking\/&amp;source=gmail&amp;ust=1672449202351000&amp;usg=AOvVaw1yAeVAPktmaVCqDujgUn90\">Noklik\u0161\u0137iniet \u0161eit<\/a>. L\u012bdzek\u013ci tiks zaud\u0113ti, ja rezerv\u0113jums tiks atcelts ce\u013cojuma dien\u0101.<\/p>\n\n\t\t<\/div>\n\t<\/div>\n<div class=\"vc_empty_space\"   style=\"height: 32px\"><span class=\"vc_empty_space_inner\"><\/span><\/div><div class=\"woocommerce columns-4\"><\/div><\/div><\/div><\/div><\/div><div class=\"vc_row wpb_row vc_row-fluid\" ><\/div><div class=\"wpb_column vc_column_container vc_col-sm-12\"><div class=\"vc_column-inner\"><div class=\"wpb_wrapper\"><\/div><\/div><\/div><div class=\"vc_empty_space\"   style=\"height: 32px\"><span class=\"vc_empty_space_inner\"><\/span><\/div>\n\t<div class=\"wpb_text_column wpb_content_element\" >\n\t\t<div class=\"wpb_wrapper\">\n\t\t\t<p>Es esmu teksta bloks. Noklik\u0161\u0137iniet uz redi\u0123\u0113\u0161anas pogas, lai main\u012btu \u0161o tekstu. Lorem ipsum dolor sit amet, consectetur adipiscing elit. Ut elit tellus, luctus nec ullamcorper mattis, pulvinar dapibus leo.<\/p>\n\n\t\t<\/div>\n\t<\/div>\n<div class=\"vc_empty_space\"   style=\"height: 32px\"><span class=\"vc_empty_space_inner\"><\/span><\/div>","protected":false},"excerpt":{"rendered":"<p><span style=\"vertical-align: inherit;\"><span style=\"vertical-align: inherit;\">Caminata de 3 horas y kayak en manglares en el Parque Nacional Los Haitises con un gu\u00eda tur\u00edstico local desde Sabana de la mar. <\/span><span style=\"vertical-align: inherit;\">Lietus me\u017eu, kokosriekstu, kafijas un kakao apgabalu apmekl\u0113jums. <\/span><span style=\"vertical-align: inherit;\">Iepaz\u012b\u0161an\u0101s ar Los Haitises nacion\u0101l\u0101 parka s\u0101kotn\u0113jo v\u0113sturi.<\/span><\/span><\/p>\n<p>&nbsp;<\/p>\n<p><strong><span style=\"vertical-align: inherit;\"><span style=\"vertical-align: inherit;\">Izv\u0113lieties p\u0101rg\u0101jiena datumu:<\/span><\/span><\/strong><\/p>","protected":false},"featured_media":11714,"template":"","meta":[],"product_brand":[],"product_cat":[565,356,578,573,601],"product_tag":[341,206,129,130,412,413,221,414,415,152,153,198,133,416,215,217,417,223,114,418,148,143,419],"class_list":{"0":"post-11693","1":"product","2":"type-product","3":"status-publish","4":"has-post-thumbnail","6":"product_cat-1-sabana-de-la-mar","7":"product_cat-day-trips","8":"product_cat-hiking-los-haitises","9":"product_cat-kayaking-los-haitises","10":"product_cat-overnight-los-haitises","11":"product_tag-cano-hondo-sabana-de-la-mar","12":"product_tag-caves-los-haitises","13":"product_tag-eco-tours","14":"product_tag-excursion","15":"product_tag-hike-kayak","16":"product_tag-hike-kayak-los-haitises-national-park","17":"product_tag-hiking-los-haitises","18":"product_tag-hiking-sabana-de-la-mar","19":"product_tag-hiking-samana","20":"product_tag-kayak-tour","21":"product_tag-kayaking","22":"product_tag-kayaking-los-haitises","23":"product_tag-los-haitises-national-park","24":"product_tag-los-haitises-national-park-entrance-fee","25":"product_tag-los-haitises-national-park-tour-from-las-terrenas","26":"product_tag-los-haitises-national-park-tour-from-santo-domingo","27":"product_tag-los-haitises-national-park-weather","28":"product_tag-los-haitises-sabana-de-la-mar","29":"product_tag-sabana-de-la-mar","30":"product_tag-sabana-de-la-mar-tour","31":"product_tag-samana-excursions","32":"product_tag-samana-tours","33":"product_tag-secrets-of-los-haitises","35":"first","36":"instock","37":"sale","38":"sold-individually","39":"shipping-taxable","40":"product-type-external"},"_links":{"self":[{"href":"https:\/\/haitises.com\/lv\/wp-json\/wp\/v2\/product\/11693","targetHints":{"allow":["GET"]}}],"collection":[{"href":"https:\/\/haitises.com\/lv\/wp-json\/wp\/v2\/product"}],"about":[{"href":"https:\/\/haitises.com\/lv\/wp-json\/wp\/v2\/types\/product"}],"wp:featuredmedia":[{"embeddable":true,"href":"https:\/\/haitises.com\/lv\/wp-json\/wp\/v2\/media\/11714"}],"wp:attachment":[{"href":"https:\/\/haitises.com\/lv\/wp-json\/wp\/v2\/media?parent=11693"}],"wp:term":[{"taxonomy":"product_brand","embeddable":true,"href":"https:\/\/haitises.com\/lv\/wp-json\/wp\/v2\/product_brand?post=11693"},{"taxonomy":"product_cat","embeddable":true,"href":"https:\/\/haitises.com\/lv\/wp-json\/wp\/v2\/product_cat?post=11693"},{"taxonomy":"product_tag","embeddable":true,"href":"https:\/\/haitises.com\/lv\/wp-json\/wp\/v2\/product_tag?post=11693"}],"curies":[{"name":"wp","href":"https:\/\/api.w.org\/{rel}","templated":true}]}}