{"id":11691,"date":"2023-10-04T07:40:34","date_gmt":"2023-10-04T07:40:34","guid":{"rendered":"http:\/\/haitises.com\/?post_type=product&#038;p=11691"},"modified":"2024-10-18T11:25:39","modified_gmt":"2024-10-18T11:25:39","slug":"samana-dienas-celojums-no-bayahibe-el-limon-udenskritums-un-bacardi-sala-3","status":"publish","type":"product","link":"https:\/\/haitises.com\/lv\/privats\/samana-dienas-celojums-no-bayahibe-el-limon-udenskritums-un-bacardi-sala-3\/","title":{"rendered":"Vienas dienas ce\u013cojums no Bayahibe - El Lim\u00f3n \u016bdenskritums un Bacardi sala"},"content":{"rendered":"<div class=\"vc_row wpb_row vc_row-fluid\" ><div class=\"wpb_column vc_column_container vc_col-sm-12\"><div class=\"vc_column-inner\"><div class=\"wpb_wrapper\">[mkdf_section_title title_tag=\u00bb\u00bb disable_break_words=\u00bbno\u00bb subtitle_tag=\u00bb\u00bb title=\u00bbSamana Day Trip From Bayahibe &#8211; El Limon Waterfall and Bacardi Island\u00bb subtitle=\u00bb(Pick-up in Bayahibe Hotels)\u00bb]<\/div><\/div><\/div><\/div><div class=\"vc_row wpb_row vc_row-fluid\" ><div class=\"wpb_column vc_column_container vc_col-sm-12\"><div class=\"vc_column-inner\"><div class=\"wpb_wrapper\">\n\t<div class=\"wpb_text_column wpb_content_element\" >\n\t\t<div class=\"wpb_wrapper\">\n\t\t\t<h4><b><i>P\u0101rskats <\/i><\/b><\/h4>\n<p>Ja esat Bayahibe, Punta Cana vai Bavaro un v\u0113laties doties vienas dienas ce\u013cojum\u0101, maks\u0101jot maz\u0101k nek\u0101 parasti, dodieties uz priek\u0161u un rezerv\u0113jiet \u0161o ce\u013cojumu. \u0160\u012b ce\u013cojuma ietvaros m\u0113s j\u016bs aizved\u012bsim uz Samanu, kur ar katamar\u0101nu j\u016bs aizved\u012bsim uz Sabana de la Mar, Hato Mayor pils\u0113ti\u0146u, kur\u0101 atrodas Los Haitises nacion\u0101lais parks. \u0160is ce\u013cojums ietver Samanas un El Limonas apdz\u012bvoto vietu apmekl\u0113jumu, kur j\u016bs var\u0113siet doties izj\u0101d\u0113s ar zirgiem vai p\u0101rg\u0101jien\u0101 l\u012bdz \u016bdenskritumam uzreiz p\u0113c tam, kad \u0161\u0137\u0113rsosiet Samanas l\u012bci. Pusdienas tiks pasniegtas Bacardi sal\u0101. Brauciens s\u0101kas plkst. 6:00 un beidzas plkst. 18:30. Rezerv\u0113jiet bi\u013cetes jau tagad!<\/p>\n<p>P\u0113c \u0161\u012bs pieredzes m\u0113s j\u016bs nog\u0101d\u0101sim j\u016bsu viesn\u012bc\u0101.<\/p>\n<ul>\n<li style=\"font-weight: 400;\">Maksas iek\u013cautas<\/li>\n<li>Pusdienas pludmal\u0113 iek\u013cautas cen\u0101<\/li>\n<li>Transf\u0113rs iek\u013cauts<\/li>\n<li style=\"font-weight: 400;\"><span style=\"font-weight: 400;\">Ce\u013cvedis nodro\u0161ina instrukcijas un uzraudz\u012bbu<\/span><\/li>\n<\/ul>\n<p>&nbsp;<\/p>\n<h4><b>Iek\u013cau\u0161ana un izsl\u0113g\u0161ana<\/b><\/h4>\n<p>&nbsp;<\/p>\n<p><b>Iesl\u0113gumi<\/b><\/p>\n<p>&nbsp;<\/p>\n<ol>\n<li style=\"font-weight: 400;\">Sav\u0101k\u0161ana viesn\u012bc\u0101<\/li>\n<li style=\"font-weight: 400;\">Samanas l\u012bcis<\/li>\n<li>Bacardi sala, pludmale un pusdienas<\/li>\n<li>Safari uz El Limonu<\/li>\n<li>Izj\u0101des ar zirgiem vai p\u0101rg\u0101jieni pie \u016bdenskritumiem<\/li>\n<li>Dominik\u0101\u0146u koktei\u013ci<\/li>\n<li style=\"font-weight: 400;\"><span style=\"font-weight: 400;\">Visi nodok\u013ci, nodevas un apstr\u0101des izmaksas<\/span><\/li>\n<li style=\"font-weight: 400;\"><span style=\"font-weight: 400;\">Viet\u0113jie nodok\u013ci<\/span><\/li>\n<li style=\"font-weight: 400;\"><span style=\"font-weight: 400;\">Dz\u0113rieni<\/span><\/li>\n<li style=\"font-weight: 400;\"><span style=\"font-weight: 400;\">Visas aktivit\u0101tes<\/span><\/li>\n<li style=\"font-weight: 400;\"><span style=\"font-weight: 400;\">Viet\u0113jais ce\u013cvedis<\/span><\/li>\n<\/ol>\n<p><b> Iz\u0146\u0113mumi<\/b><\/p>\n<ol>\n<li style=\"font-weight: 400;\"><span style=\"font-weight: 400;\">Dzeramnaudas<\/span><\/li>\n<li style=\"font-weight: 400;\"><span style=\"font-weight: 400;\">Alkoholiskie dz\u0113rieni p\u0113c koktei\u013ciem\u00a0<\/span><\/li>\n<\/ol>\n<p>&nbsp;<\/p>\n<h4><em><strong>Izbrauk\u0161ana un atgrie\u0161an\u0101s<\/strong><\/em><\/h4>\n<p><span style=\"font-weight: 400;\">P\u0113c Rezerv\u0101cijas procesa ce\u013cot\u0101js ieg\u016bs tik\u0161an\u0101s vietu. Ekskursijas s\u0101kas un beidzas m\u016bsu tik\u0161an\u0101s punktos.<\/span><\/p>\n<p>&nbsp;<\/p>\n<h3>Vienas dienas ce\u013cojums no Bayahibe - El Limon \u016bdenskritums un Bacardi sala<\/h3>\n<h4><b><i>Ko sagaid\u012bt?<\/i><\/b><\/h4>\n<p>&nbsp;<\/p>\n<p><strong>Ieg\u0101d\u0101jieties bi\u013cetes jau tagad<\/strong>. J\u016bs gaida \u016bdenskritumi, izj\u0101des ar zirgiem, p\u0101rg\u0101jieni un safari t\u016bre, peld\u0113\u0161an\u0101s pie dab\u012bgajiem avotiem, pusdienas Bacardi sal\u0101 un citas jautras aktivit\u0101tes.<\/p>\n<p>Izbraucot no Bayahibe ar autobusu, m\u0113s dosimies uz Samana Bay ostu. Ieradu\u0161ies ost\u0101, m\u0113s iek\u0101psim laiv\u0101 vai katamar\u0101n\u0101 kop\u0101 ar viet\u0113jiem gidiem, kuri j\u016bs aizved\u012bs uz Samanas kopienu. \u0160aj\u0101 kopien\u0101 j\u016bs izvad\u0101s Safari t\u016bre, iepaz\u012bstinot ar \u0161\u012bs pils\u0113tas v\u0113sturi.  Bet tas v\u0113l nav viss, El Limon \u016bdenskritums ir n\u0101kamais, \u0161eit j\u016bs var\u0113siet peld\u0113ties un doties p\u0101rg\u0101jien\u0101 vai izj\u0101d\u0113s ar zirgiem.  El Limon \u016bdenskritums ir fantastisks dabas piemineklis ar tropu me\u017eu un dzidriem dabas avotiem. Pa ce\u013cam atpaka\u013c uz Samanu m\u0113s apst\u0101simies Bacardi sal\u0101, kur jums tiks pasniegtas pusdienas un j\u016bs var\u0113siet peld\u0113ties vien\u0101 no dabisk\u0101kajiem Dominik\u0101nas Republikas baseiniem.<\/p>\n<p>&nbsp;<\/p>\n<p>Ja v\u0113laties piel\u0101got \u0161o ce\u013cojumu, lai tas b\u016btu \u012bs\u0101ks vai gar\u0101ks, l\u016bdzu, sazinieties ar mums.<\/p>\n<p>&nbsp;<\/p>\n<h4><em><strong>Kas j\u0101\u0146em l\u012bdzi?<\/strong><\/em><\/h4>\n<ul>\n<li style=\"font-weight: 400;\"><span style=\"font-weight: 400;\">kameru<\/span><\/li>\n<li style=\"font-weight: 400;\"><span style=\"font-weight: 400;\">Atbaido\u0161i pumpuri<\/span><\/li>\n<li style=\"font-weight: 400;\"><span style=\"font-weight: 400;\">sau\u013co\u0161an\u0101s kr\u0113ms<\/span><\/li>\n<li style=\"font-weight: 400;\"><span style=\"font-weight: 400;\">Cepure<\/span><\/li>\n<li style=\"font-weight: 400;\"><span style=\"font-weight: 400;\">\u0112rtas bikses<\/span><\/li>\n<li style=\"font-weight: 400;\"><span style=\"font-weight: 400;\">P\u0101rg\u0101jienu apavi me\u017eam<\/span><\/li>\n<li style=\"font-weight: 400;\"><span style=\"font-weight: 400;\">Sandales uz pavasara zon\u0101m.<\/span><\/li>\n<li style=\"font-weight: 400;\"><span style=\"font-weight: 400;\">Peld\u0113\u0161anas ap\u0123\u0113rbs<\/span><\/li>\n<\/ul>\n<p>&nbsp;<\/p>\n<h4><b><i>Sa\u0146em\u0161ana viesn\u012bc\u0101 <\/i><\/b><\/h4>\n<p><span style=\"font-weight: 400;\">Tiek pied\u0101v\u0101ta pasa\u017eieru sav\u0101k\u0161ana!<\/span><\/p>\n<p><span style=\"font-weight: 400;\">M\u0113s pa\u0146emam no vis\u0101m Bayahibe viesn\u012bc\u0101m. Sav\u0101k\u0161anas vieta ir viesn\u012bcas vestibils<br \/>\nJa esat apmetu\u0161ies k\u0101d\u0101 no \u0161aj\u0101 teritorij\u0101 eso\u0161ajiem apartamentiem, m\u0113s j\u016bs sagaid\u012bsim pie apartamentiem vai pie ieejas tuv\u0101kaj\u0101 k\u016brort\u0101... M\u0113s uzst\u0101d\u0101m Pick up, sazinoties ar mums, izmantojot Whatsapp.<\/span><\/p>\n<p><b>Piez\u012bme:<\/b><span style=\"font-weight: 400;\"> Ja esat rezerv\u0113ts 24 stundu laik\u0101 p\u0113c ekskursijas\/ekskursijas izbrauk\u0161anas laika, m\u0113s varam noorganiz\u0113t sagaid\u012b\u0161anu viesn\u012bc\u0101. Kad pirkums b\u016bs pabeigts, m\u0113s nos\u016bt\u012bsim jums piln\u012bgu kontaktinform\u0101ciju (t\u0101lru\u0146a numuru, e-pasta adresi utt.) m\u016bsu viet\u0113jam ce\u013cvedim, lai organiz\u0113tu sa\u0146em\u0161anas pas\u0101kumus.<\/span><\/p>\n<h4><b><i>Papildu inform\u0101cijas apstiprin\u0101jums <\/i><\/b><\/h4>\n<ol>\n<li>Bi\u013cetes ir kv\u012bts p\u0113c \u0161\u012bs ekskursijas apmaksas. J\u016bs varat par\u0101d\u012bt maks\u0101jumu sav\u0101 t\u0101lrun\u012b.<\/li>\n<li style=\"font-weight: 400;\"><span style=\"font-weight: 400;\">Tik\u0161an\u0101s vieta tiks sa\u0146emta p\u0113c rezerv\u0101cijas procesa.<\/span><\/li>\n<li style=\"font-weight: 400;\"><span style=\"font-weight: 400;\">B\u0113rniem j\u0101b\u016bt pieaugu\u0161o pavad\u012bb\u0101.<\/span><\/li>\n<li style=\"font-weight: 400;\"><span style=\"font-weight: 400;\"> Nav pieejams ar rati\u0146kr\u0113slu <\/span><\/li>\n<li style=\"font-weight: 400;\"><span style=\"font-weight: 400;\">Z\u012bdai\u0146iem j\u0101s\u0113\u017e kl\u0113p\u012b <\/span><\/li>\n<li style=\"font-weight: 400;\"><span style=\"font-weight: 400;\">Nav ieteicams ce\u013cot\u0101jiem ar muguras probl\u0113m\u0101m<\/span><\/li>\n<li style=\"font-weight: 400;\"><span style=\"font-weight: 400;\">Nav ieteicams ce\u013cot\u0101jiem gr\u016btniec\u0113m <\/span><\/li>\n<li style=\"font-weight: 400;\"><span style=\"font-weight: 400;\"> Nav sirds probl\u0113mu vai citu nopietnu medic\u012bnisku st\u0101vok\u013cu <\/span><\/li>\n<li style=\"font-weight: 400;\"><span style=\"font-weight: 400;\">Liel\u0101k\u0101 da\u013ca ce\u013cot\u0101ju var piedal\u012bties<\/span><\/li>\n<\/ol>\n<h4><b><i>Atcel\u0161anas politika<\/i><\/b><\/h4>\n<p>Lai sa\u0146emtu pilnu kompens\u0101ciju, l\u016bdzu, izlasiet m\u016bsu Atcel\u0161anas noteikumus.\u00a0<a href=\"https:\/\/www.ticketswhales.com\/online-booking\/\" target=\"_blank\" rel=\"noopener\" data-saferedirecturl=\"https:\/\/www.google.com\/url?q=https:\/\/www.ticketswhales.com\/online-booking\/&amp;source=gmail&amp;ust=1672449202351000&amp;usg=AOvVaw1yAeVAPktmaVCqDujgUn90\">Noklik\u0161\u0137iniet \u0161eit<\/a>. L\u012bdzek\u013ci tiks zaud\u0113ti, ja rezerv\u0113jums tiks atcelts ce\u013cojuma dien\u0101.<\/p>\n\n\t\t<\/div>\n\t<\/div>\n<\/div><\/div><\/div><\/div><div class=\"vc_row wpb_row vc_row-fluid\" ><\/div><div class=\"wpb_column vc_column_container vc_col-sm-12\"><div class=\"vc_column-inner\"><div class=\"wpb_wrapper\"><\/div><\/div><\/div><div class=\"vc_empty_space\"   style=\"height: 32px\"><span class=\"vc_empty_space_inner\"><\/span><\/div>\n\t<div class=\"wpb_text_column wpb_content_element\" >\n\t\t<div class=\"wpb_wrapper\">\n\t\t\t<p>Es esmu teksta bloks. Noklik\u0161\u0137iniet uz redi\u0123\u0113\u0161anas pogas, lai main\u012btu \u0161o tekstu. Lorem ipsum dolor sit amet, consectetur adipiscing elit. Ut elit tellus, luctus nec ullamcorper mattis, pulvinar dapibus leo.<\/p>\n\n\t\t<\/div>\n\t<\/div>\n<div class=\"vc_empty_space\"   style=\"height: 32px\"><span class=\"vc_empty_space_inner\"><\/span><\/div>","protected":false},"excerpt":{"rendered":"<p><span style=\"vertical-align: inherit;\"><span style=\"vertical-align: inherit;\">Ja atrodaties Punta Kana vai Bavaro un v\u0113laties doties vienas dienas ce\u013cojum\u0101 par maz\u0101k nek\u0101 parasti, rezerv\u0113jiet \u0161o ce\u013cojumu. <\/span><span style=\"vertical-align: inherit;\">\u0160\u012b brauciena laik\u0101 m\u0113s j\u016bs aizved\u012bsim uz Samanu, no kurienes ar katamar\u0101nu dosieties uz Sabana de la Mar, Hato Mayor pa\u0161vald\u012bbu, kur\u0101 atrodas Los Haitises nacion\u0101lais parks. <\/span><span style=\"vertical-align: inherit;\">\u0160is ce\u013cojums ietver safari, katamar\u0101nu, \u016bdenskritumu, peldi pludmal\u0113 un daudz ko citu. <\/span><span style=\"vertical-align: inherit;\">Brauciens s\u0101kas plkst. 6:00 un beidzas plkst. 18:30. <\/span><span style=\"vertical-align: inherit;\">Nepalaidiet to gar\u0101m!<\/span><\/span><\/p>\n<p>&nbsp;<\/p>\n<p>&nbsp;<\/p>\n<p><strong><span style=\"vertical-align: inherit;\"><span style=\"vertical-align: inherit;\">Izv\u0113lieties ekskursijas datumu\u00a0<\/span><\/span><\/strong><\/p>","protected":false},"featured_media":97,"template":"","meta":[],"product_brand":[],"product_cat":[576,464,567,590,122],"product_tag":[137,138,281,139,282,283,140,284,141,114,285,142,357,358,148,143],"class_list":{"0":"post-11691","1":"product","2":"type-product","3":"status-publish","4":"has-post-thumbnail","6":"product_cat-1-punta-cana","7":"product_cat-bayahibe-to-samana","8":"product_cat-el-limon-horseback-riding","9":"product_cat-el-limon-punta-cana","10":"product_cat-tours-and-excursions","11":"product_tag-bacardi-island","12":"product_tag-beach-time","13":"product_tag-cascada-el-limon-salto-el-limon-samana-republica-dominicana","14":"product_tag-cayo-levantado","15":"product_tag-el-limon-waterfall-bacardi-island-from-punta-cana","16":"product_tag-el-limon-waterfall-and-bacardi-island-tour-from-punta-cana","17":"product_tag-el-limon-waterfalls","18":"product_tag-guided-adventures","19":"product_tag-punta-cana","20":"product_tag-sabana-de-la-mar","21":"product_tag-salto-de-limon-punta-cana","22":"product_tag-samana","23":"product_tag-samana-day-trip-from-punta-cana","24":"product_tag-samana-day-trip-from-punta-cana-el-limon-waterfall-and-bacardi-island","25":"product_tag-samana-excursions","26":"product_tag-samana-tours","28":"first","29":"instock","30":"sale","31":"sold-individually","32":"shipping-taxable","33":"product-type-external"},"_links":{"self":[{"href":"https:\/\/haitises.com\/lv\/wp-json\/wp\/v2\/product\/11691","targetHints":{"allow":["GET"]}}],"collection":[{"href":"https:\/\/haitises.com\/lv\/wp-json\/wp\/v2\/product"}],"about":[{"href":"https:\/\/haitises.com\/lv\/wp-json\/wp\/v2\/types\/product"}],"wp:featuredmedia":[{"embeddable":true,"href":"https:\/\/haitises.com\/lv\/wp-json\/wp\/v2\/media\/97"}],"wp:attachment":[{"href":"https:\/\/haitises.com\/lv\/wp-json\/wp\/v2\/media?parent=11691"}],"wp:term":[{"taxonomy":"product_brand","embeddable":true,"href":"https:\/\/haitises.com\/lv\/wp-json\/wp\/v2\/product_brand?post=11691"},{"taxonomy":"product_cat","embeddable":true,"href":"https:\/\/haitises.com\/lv\/wp-json\/wp\/v2\/product_cat?post=11691"},{"taxonomy":"product_tag","embeddable":true,"href":"https:\/\/haitises.com\/lv\/wp-json\/wp\/v2\/product_tag?post=11691"}],"curies":[{"name":"wp","href":"https:\/\/api.w.org\/{rel}","templated":true}]}}