{"id":11667,"date":"2023-10-04T07:40:09","date_gmt":"2023-10-04T07:40:09","guid":{"rendered":"http:\/\/haitises.com\/?post_type=product&#038;p=11667"},"modified":"2023-10-04T07:40:23","modified_gmt":"2023-10-04T07:40:23","slug":"four-adventures-parasailing-snorkeling-cruise-sharks-rays-in-natural-pools-from-punta-cana-3","status":"publish","type":"product","link":"https:\/\/haitises.com\/lv\/privats\/four-adventures-parasailing-snorkeling-cruise-sharks-rays-in-natural-pools-from-punta-cana-3\/","title":{"rendered":"Four Adventures: Parasailing, Snorkeling Cruise, Sharks &#038; Rays in Natural Pools from Punta Cana"},"content":{"rendered":"<div class=\"vc_row wpb_row vc_row-fluid\" ><div class=\"wpb_column vc_column_container vc_col-sm-12\"><div class=\"vc_column-inner\"><div class=\"wpb_wrapper\">[mkdf_section_title title_tag=\u00bb\u00bb disable_break_words=\u00bbno\u00bb subtitle_tag=\u00bb\u00bb text_font_weight=\u00bb\u00bb title=\u00bbFour Adventures: Parasailing, Snorkeling Cruise, Sharks &amp; Rays in Natural Pools from Punta Cana\u00bb subtitle=\u00bbFrom Punta Cana Hotels\u00bb text=\u00bbNote: This tour starts at different times between 7: 00 AM until 4: 00 Pm. Also, you are allowed to see Dolphin but not Swimming with Dolphins. Depending on where is the Pickup Hotels Time may Change. Extras cost for Pick up in Areas not listed in Our Description.\u00bb]<\/div><\/div><\/div><\/div><div class=\"vc_row wpb_row vc_row-fluid\" ><div class=\"wpb_column vc_column_container vc_col-sm-12\"><div class=\"vc_column-inner\"><div class=\"wpb_wrapper\"><div class=\"vc_empty_space\"   style=\"height: 32px\"><span class=\"vc_empty_space_inner\"><\/span><\/div><\/div><\/div><\/div><\/div><div class=\"vc_row wpb_row vc_row-fluid\" ><div class=\"wpb_column vc_column_container vc_col-sm-12\"><div class=\"vc_column-inner\"><div class=\"wpb_wrapper\"><div class=\"vc_btn3-container vc_btn3-inline\" ><button class=\"vc_general vc_btn3 vc_btn3-size-md vc_btn3-shape-rounded vc_btn3-style-modern vc_btn3-color-green\">REZERV\u0112T TAGAD<\/button><\/div>\n\t<div class=\"wpb_text_column wpb_content_element\" >\n\t\t<div class=\"wpb_wrapper\">\n\t\t\t<h4><b><i>P\u0101rskats <\/i><\/b><\/h4>\n<div>\n<p>Experience the thrill of four adventures in one with this epic tour from Punta Cana. Relax aboard a double-decker catamaran, discover wonders of the sea, and enjoy close encounters with marine life. You&#8217;ll snorkel in a spectacular barrier reef surrounded by tropical fish and experience the fun of an interactive marine show complete with sharks and stingrays. This popular tour option includes unlimited drinks on the best party boat around and is perfect for fun with family and friends. After you get a taste of life underwater, explore it from above with a thrilling parasail 500 feet above the surface of the water!<\/p>\n<\/div>\n<ul class=\"vcs-highlights\">\n<li>Choice of several departures throughout the day<\/li>\n<li>For sea lovers<\/li>\n<li>Enjoy fantastic aerial views<\/li>\n<li>Family friendly<\/li>\n<li>Pickup from a centrally located meeting point<\/li>\n<li>Romantic experience, perfect for couples<\/li>\n<\/ul>\n<p>&nbsp;<\/p>\n<h4><b>Iek\u013cau\u0161ana un izsl\u0113g\u0161ana<\/b><\/h4>\n<p>&nbsp;<\/p>\n<p><b>Iesl\u0113gumi<\/b><\/p>\n<p>&nbsp;<\/p>\n<ol>\n<li>Parasaling Tour<\/li>\n<li>Snorkeling Cruise, Sharks &amp; Rays in Natural Pools<\/li>\n<li>Bus pick up from Your Hotel<\/li>\n<li style=\"font-weight: 400;\"><span style=\"font-weight: 400;\">Visi nodok\u013ci, nodevas un apstr\u0101des izmaksas<\/span><\/li>\n<li style=\"font-weight: 400;\"><span style=\"font-weight: 400;\">Viet\u0113jie nodok\u013ci<\/span><\/li>\n<li style=\"font-weight: 400;\"><span style=\"font-weight: 400;\">Dz\u0113rieni<\/span><\/li>\n<\/ol>\n<p><b> Iz\u0146\u0113mumi<\/b><\/p>\n<ol>\n<li style=\"font-weight: 400;\"><span style=\"font-weight: 400;\">Dzeramnaudas<\/span><\/li>\n<li>Pusdienas<\/li>\n<\/ol>\n<p>&nbsp;<\/p>\n<h4><em><strong>Izbrauk\u0161ana un atgrie\u0161an\u0101s<\/strong><\/em><\/h4>\n<p><span style=\"font-weight: 400;\">P\u0113c Rezerv\u0101cijas procesa ce\u013cot\u0101js ieg\u016bs tik\u0161an\u0101s vietu. Ekskursijas s\u0101kas un beidzas m\u016bsu tik\u0161an\u0101s punktos.<\/span><\/p>\n<p>&nbsp;<\/p>\n<h4><b><i>Ko sagaid\u012bt?<\/i><\/b><\/h4>\n<p>Travel in air-conditioned comfort from your Punta Cana hotel to a beautiful double-decker catamaran and journey into the stunning beauty of Punta Cana with an expert crew. Tour the Bavaro Beach and snorkel through coral reefs and tropical fish under the supervision of professional divers.\u00a0 Next, make your way to a marine park where you&#8217;ll have a close encounter with stingrays and docile sharks. Swim and snorkel surrounded by these giant creatures and gain deeper insight from your team of guides.<\/p>\n<p>Then you&#8217;ll\u00a0enjoy time at a refreshing natural pool where you&#8217;ll swim and relax with a cold beer in hand. Tuck into treats from a floating bar and listen in as a local DJ pumps beats in this incredible island setting.<\/p>\n<p>Experience the excitement of the crystal clear waters in the ocean with games, drinks and entertainment.\u00a0 Your tour concludes with an epic parasailing adventure from the Cortesito Beach. After a safety overview you&#8217;ll fly sky high above the stunning blue waters and take in incredible tropical views while you soar through paradise. You&#8217;ll be safely returned to shore before heading back to your hotel with your transport.<\/p>\n<p><strong>Grafiks:<\/strong><\/p>\n<p>7:00 AM &#8211; 4:00 PM&#8230; Time change depending on were in Punta Cana you are located. Contact us to set the time.<\/p>\n<p>&nbsp;<\/p>\n<h4><em><strong>Kas j\u0101\u0146em l\u012bdzi?<\/strong><\/em><\/h4>\n<ul>\n<li style=\"font-weight: 400;\"><span style=\"font-weight: 400;\">kameru<\/span><\/li>\n<li style=\"font-weight: 400;\"><span style=\"font-weight: 400;\">Atbaido\u0161i pumpuri<\/span><\/li>\n<li style=\"font-weight: 400;\"><span style=\"font-weight: 400;\">sau\u013co\u0161an\u0101s kr\u0113ms<\/span><\/li>\n<li style=\"font-weight: 400;\"><span style=\"font-weight: 400;\">Cepure<\/span><\/li>\n<li style=\"font-weight: 400;\"><span style=\"font-weight: 400;\">\u0112rtas bikses<\/span><\/li>\n<li style=\"font-weight: 400;\"><span style=\"font-weight: 400;\">P\u0101rg\u0101jienu apavi me\u017eam<\/span><\/li>\n<li style=\"font-weight: 400;\"><span style=\"font-weight: 400;\">Sandales uz pludmali<\/span><\/li>\n<li style=\"font-weight: 400;\"><span style=\"font-weight: 400;\">Peld\u0113\u0161anas ap\u0123\u0113rbs<\/span><\/li>\n<li>Cash for souvenirs<\/li>\n<\/ul>\n<p>&nbsp;<\/p>\n<h4><b><i>Sa\u0146em\u0161ana viesn\u012bc\u0101 <\/i><\/b><\/h4>\n<p><span style=\"font-weight: 400;\">Tiek pied\u0101v\u0101ta pasa\u017eieru sav\u0101k\u0161ana!<\/span><\/p>\n<p><span style=\"font-weight: 400;\">M\u0113s pa\u0146emam no vis\u0101m Punta Kanas viesn\u012bc\u0101m. Sav\u0101k\u0161anas vieta ir viesn\u012bcas vestibils<br \/>\nJa esat apmetu\u0161ies k\u0101d\u0101 no \u0161aj\u0101 teritorij\u0101 eso\u0161ajiem apartamentiem, m\u0113s j\u016bs sagaid\u012bsim pie apartamentiem vai pie ieejas tuv\u0101kaj\u0101 k\u016brort\u0101... M\u0113s uzst\u0101d\u0101m Pick up, sazinoties ar mums, izmantojot Whatsapp.<\/span><\/p>\n<p><b>Piez\u012bme:<\/b><span style=\"font-weight: 400;\"> Ja esat rezerv\u0113ts 24 stundu laik\u0101 p\u0113c ekskursijas\/ekskursijas izbrauk\u0161anas laika, m\u0113s varam noorganiz\u0113t sagaid\u012b\u0161anu viesn\u012bc\u0101. Kad pirkums b\u016bs pabeigts, m\u0113s nos\u016bt\u012bsim jums piln\u012bgu kontaktinform\u0101ciju (t\u0101lru\u0146a numuru, e-pasta adresi utt.) m\u016bsu viet\u0113jam ce\u013cvedim, lai organiz\u0113tu sa\u0146em\u0161anas pas\u0101kumus.<\/span><\/p>\n<h4><b><i>Papildu inform\u0101cijas apstiprin\u0101jums <\/i><\/b><\/h4>\n<ol>\n<li>Bi\u013cetes ir kv\u012bts p\u0113c \u0161\u012bs ekskursijas apmaksas. J\u016bs varat par\u0101d\u012bt maks\u0101jumu sav\u0101 t\u0101lrun\u012b.<\/li>\n<li style=\"font-weight: 400;\"><span style=\"font-weight: 400;\">Tik\u0161an\u0101s vieta tiks sa\u0146emta p\u0113c rezerv\u0101cijas procesa.<\/span><\/li>\n<li style=\"font-weight: 400;\"><span style=\"font-weight: 400;\">B\u0113rniem j\u0101b\u016bt pieaugu\u0161o pavad\u012bb\u0101.<\/span><\/li>\n<li style=\"font-weight: 400;\"><span style=\"font-weight: 400;\">pieejams rati\u0146kr\u0113sl\u0101 <\/span><\/li>\n<li style=\"font-weight: 400;\"><span style=\"font-weight: 400;\">Z\u012bdai\u0146iem j\u0101s\u0113\u017e kl\u0113p\u012b <\/span><\/li>\n<li style=\"font-weight: 400;\"><span style=\"font-weight: 400;\">Liel\u0101k\u0101 da\u013ca ce\u013cot\u0101ju var piedal\u012bties<\/span><\/li>\n<\/ol>\n<h4><b><i>Atcel\u0161anas politika<\/i><\/b><\/h4>\n<p>Lai sa\u0146emtu pilnu kompens\u0101ciju, l\u016bdzu, izlasiet m\u016bsu Atcel\u0161anas noteikumus.\u00a0<a href=\"https:\/\/www.ticketswhales.com\/online-booking\/\" target=\"_blank\" rel=\"noopener\" data-saferedirecturl=\"https:\/\/www.google.com\/url?q=https:\/\/www.ticketswhales.com\/online-booking\/&amp;source=gmail&amp;ust=1672532492004000&amp;usg=AOvVaw3ylqI1cdbIPTimEqEWneyd\">Noklik\u0161\u0137iniet \u0161eit<\/a>. L\u012bdzek\u013ci tiks zaud\u0113ti, ja rezerv\u0113jums tiks atcelts ce\u013cojuma dien\u0101.<\/p>\n\n\t\t<\/div>\n\t<\/div>\n<\/div><\/div><\/div><\/div><div class=\"vc_row wpb_row vc_row-fluid\" ><div class=\"wpb_column vc_column_container vc_col-sm-12\"><div class=\"vc_column-inner\"><div class=\"wpb_wrapper\">\n\t<div class=\"wpb_text_column wpb_content_element\" >\n\t\t<div class=\"wpb_wrapper\">\n\t\t\t<h4>Sazinies ar mums?<\/h4>\n<h5><em><strong>Piedz\u012bvojumu rezerv\u0113\u0161ana<\/strong><\/em><\/h5>\n<p><em><strong>Viet\u0113jie iedz\u012bvot\u0101ji<\/strong> un <strong>Nacion\u0101\u013ci<\/strong> Ce\u013cojumu gidi un viesu pakalpojumi<\/em><\/p>\n<p><span class=\"text-turquoise\">Rezerv\u0101cijas:<\/span> Ekskursijas un ekskursijas Dom. Rep.<\/p>\n\n\t\t<\/div>\n\t<\/div>\n<\/div><\/div><\/div><\/div><div class=\"vc_row wpb_row vc_row-fluid\" ><\/div><div class=\"wpb_column vc_column_container vc_col-sm-12\"><div class=\"vc_column-inner\"><div class=\"wpb_wrapper\"><\/div><\/div><\/div><div class=\"vc_empty_space\"   style=\"height: 32px\"><span class=\"vc_empty_space_inner\"><\/span><\/div><div class=\"vc_empty_space\"   style=\"height: 32px\"><span class=\"vc_empty_space_inner\"><\/span><\/div><div class=\"vc_row wpb_row vc_row-fluid\" ><div class=\"wpb_column vc_column_container vc_col-sm-12\"><div class=\"vc_column-inner\"><div class=\"wpb_wrapper\"><div class=\"vc_btn3-container vc_btn3-inline\" ><button class=\"vc_general vc_btn3 vc_btn3-size-md vc_btn3-shape-rounded vc_btn3-style-modern vc_btn3-color-green\">REZERV\u0112T TAGAD<\/button><\/div><\/div><\/div><\/div><\/div>","protected":false},"excerpt":{"rendered":"<p><span style=\"vertical-align: inherit;\"><span style=\"vertical-align: inherit;\"><span style=\"vertical-align: inherit;\"><span style=\"vertical-align: inherit;\">Parasailing en Punta Cana es una aventura incre\u00edble y una de las mejores cosas para hacer en Punta Cana. <\/span><\/span><\/span><span style=\"vertical-align: inherit;\"><span style=\"vertical-align: inherit;\"><span style=\"vertical-align: inherit;\">La costa desde 200 pies en el aire, mientras navega, es absolutamente impresionante.<\/span><\/span><\/span><\/span><\/p>\n<p><span style=\"vertical-align: inherit;\"><span style=\"vertical-align: inherit;\"><span style=\"vertical-align: inherit;\"><span style=\"vertical-align: inherit;\">El parasailing es una experiencia sencilla y divertida para todos los miembros de la familia. <\/span><\/span><\/span><span style=\"vertical-align: inherit;\"><span style=\"vertical-align: inherit;\"><span style=\"vertical-align: inherit;\">Como la principal empresa de parasailing y aventura en Rep\u00fablica Dominicana, nuestro equipo de Parasailing se encuentra entre los m\u00e1s experimentados en Punta Cana, con m\u00e1s de 16 a\u00f1os de experiencia en vuelos. <\/span><\/span><\/span><span style=\"vertical-align: inherit;\"><span style=\"vertical-align: inherit;\"><span style=\"vertical-align: inherit;\">Puede disfrutar de unos 15 minutos de vuelo mientras disfruta de la hermosa vista panor\u00e1mica.<\/span><\/span><\/span><\/span><\/p>\n<p>&nbsp;<\/p>\n<p><em><strong><span style=\"vertical-align: inherit;\"><span style=\"vertical-align: inherit;\"><span style=\"vertical-align: inherit;\"><span style=\"vertical-align: inherit;\">Izv\u0113lieties ekskursijas datumu\u00a0<\/span><\/span><\/span><\/span><\/strong><\/em><\/p>","protected":false},"featured_media":11158,"template":"","meta":[],"product_brand":[],"product_cat":[576,359,363,305,122,259],"product_tag":[167,364,365,366,367,360,361,141,362,368,228,369,171,370,371,372],"class_list":{"0":"post-11667","1":"product","2":"type-product","3":"status-publish","4":"has-post-thumbnail","6":"product_cat-1-punta-cana","7":"product_cat-parasaling","8":"product_cat-sharks-rays-in-natural-pools","9":"product_cat-tours-and-excursion-punta-cana","10":"product_cat-tours-and-excursions","11":"product_cat-tours-excursions-punta-cana-dominican-republic","12":"product_tag-catamaran","13":"product_tag-cheap-punta-cana-excursions","14":"product_tag-four-adventures-parasailing","15":"product_tag-natural-pool-punta-cana","16":"product_tag-natural-swimming-pool-punta-cana","17":"product_tag-parasail-punta-cana","18":"product_tag-parasailing-in-punta-cana","19":"product_tag-punta-cana","20":"product_tag-punta-cana-catamaran-party-with-snorkeling-and-parasailing","21":"product_tag-punta-cana-sharks","22":"product_tag-punta-cana-tours","23":"product_tag-rays-from-punta-cana","24":"product_tag-saona-island","25":"product_tag-sharks-rays-in-natural-pools-from-punta-cana","26":"product_tag-snorkeling-cruise","27":"product_tag-swimming-with-sharks-punta-cana","29":"first","30":"instock","31":"sale","32":"featured","33":"sold-individually","34":"shipping-taxable","35":"product-type-external"},"_links":{"self":[{"href":"https:\/\/haitises.com\/lv\/wp-json\/wp\/v2\/product\/11667","targetHints":{"allow":["GET"]}}],"collection":[{"href":"https:\/\/haitises.com\/lv\/wp-json\/wp\/v2\/product"}],"about":[{"href":"https:\/\/haitises.com\/lv\/wp-json\/wp\/v2\/types\/product"}],"wp:featuredmedia":[{"embeddable":true,"href":"https:\/\/haitises.com\/lv\/wp-json\/wp\/v2\/media\/11158"}],"wp:attachment":[{"href":"https:\/\/haitises.com\/lv\/wp-json\/wp\/v2\/media?parent=11667"}],"wp:term":[{"taxonomy":"product_brand","embeddable":true,"href":"https:\/\/haitises.com\/lv\/wp-json\/wp\/v2\/product_brand?post=11667"},{"taxonomy":"product_cat","embeddable":true,"href":"https:\/\/haitises.com\/lv\/wp-json\/wp\/v2\/product_cat?post=11667"},{"taxonomy":"product_tag","embeddable":true,"href":"https:\/\/haitises.com\/lv\/wp-json\/wp\/v2\/product_tag?post=11667"}],"curies":[{"name":"wp","href":"https:\/\/api.w.org\/{rel}","templated":true}]}}