{"id":11657,"date":"2023-10-04T07:40:08","date_gmt":"2023-10-04T07:40:08","guid":{"rendered":"http:\/\/haitises.com\/?post_type=product&#038;p=11657"},"modified":"2024-03-31T23:53:14","modified_gmt":"2024-03-31T23:53:14","slug":"santo-domingo-pilsetas-ekskursija-no-punta-cana-all-inclusive-dienas-celojums-3","status":"publish","type":"product","link":"https:\/\/haitises.com\/lv\/privats\/santo-domingo-pilsetas-ekskursija-no-punta-cana-all-inclusive-dienas-celojums-3\/","title":{"rendered":"Ekskursija pa Santo Domingo no Punta Kanas. Dienas ce\u013cojums \"Viss iek\u013cauts\"."},"content":{"rendered":"<div class=\"vc_row wpb_row vc_row-fluid\" ><div class=\"wpb_column vc_column_container vc_col-sm-12\"><div class=\"vc_column-inner\"><div class=\"wpb_wrapper\">[mkdf_section_title title_tag=\u00bb\u00bb disable_break_words=\u00bbno\u00bb subtitle_tag=\u00bb\u00bb title=\u00bbSanto Domingo City Tour From Punta Cana. All-Inclusive Day Trip.\u00bb subtitle=\u00bbTransportation &amp; Lunch Included\u00bb]<\/div><\/div><\/div><\/div><div class=\"vc_row wpb_row vc_row-fluid\" ><div class=\"wpb_column vc_column_container vc_col-sm-12\"><div class=\"vc_column-inner\"><div class=\"wpb_wrapper\"><div class=\"vc_btn3-container vc_btn3-inline\" ><button class=\"vc_general vc_btn3 vc_btn3-size-md vc_btn3-shape-rounded vc_btn3-style-modern vc_btn3-color-green\">REZERV\u0112T TAGAD<\/button><\/div>\n\t<div class=\"wpb_text_column wpb_content_element\" >\n\t\t<div class=\"wpb_wrapper\">\n\t\t\t<h3 class=\"ui_header h1 attractions-product-info-ProductTitle__title--1qM0o\"><\/h3>\n<h4><b><i>P\u0101rskats <\/i><\/b><\/h4>\n<p>Pavadiet dienu Lat\u012b\u0146amerikas vec\u0101k\u0101s pils\u0113tas koloni\u0101laj\u0101 v\u0113sturiskaj\u0101 zon\u0101.  Izp\u0113tiet t\u0101dus iev\u0113rojamus objektus un iev\u0113rojam\u0101k\u0101s vietas k\u0101 Plaza de Espa\u00f1a, Nacion\u0101l\u0101 pils, Kolumba b\u0101ka un Koloni\u0101l\u0101 zona.<\/p>\n<p>Apst\u0101jieties Nacion\u0101laj\u0101 park\u0101 Tree Eyes un apskatiet pazemes alas un alas, ko izmantoju\u0161i taino indi\u0101\u0146i.Vispirms j\u016bs no viesn\u012bcas pa\u0146ems autobuss.<\/p>\n<p>Ekskursija s\u0101ksies ar tik\u0161anos ar profesion\u0101lu gidu, kur\u0161 sniegs jums inform\u0101ciju par salu un Dominik\u0101nas kult\u016bru, \u0113dieniem, m\u016bziku un daudz ko citu. Ekskursij\u0101 ir iek\u013cautas pusdienas tipisk\u0101 Dominik\u0101nas restor\u0101n\u0101. \u0160\u012b ekskursija noteikti \u013caus jums iepaz\u012bt \u0161\u012bs salas patieso v\u0113sturi!<\/p>\n<p>P\u0113c \u0161\u012bs pieredzes j\u016bs dosieties atpaka\u013c uz vietu, kur j\u016bs tiksieties ar gidu.<\/p>\n<p>&nbsp;<\/p>\n<h4><b>Iek\u013cau\u0161ana un izsl\u0113g\u0161ana<\/b><\/h4>\n<p><b>Iesl\u0113gumi<\/b><\/p>\n<ol>\n<li>Pusdienu bufete<\/li>\n<li>Kolumba b\u0101ka<\/li>\n<li>Dienas ce\u013cojums Santo Domingo<\/li>\n<li>Los Tres Ojos nacion\u0101lais parks<\/li>\n<li>Koloni\u0101l\u0101s zonas pastaiga<\/li>\n<li>Nacion\u0101l\u0101 pils<\/li>\n<li>\u00a0Sp\u0101nijas laukums Plaza de Espa\u00f1a<\/li>\n<li style=\"font-weight: 400;\"><span style=\"font-weight: 400;\">Visi nodok\u013ci, nodevas un apstr\u0101des izmaksas<\/span><\/li>\n<li style=\"font-weight: 400;\"><span style=\"font-weight: 400;\">Viet\u0113jie nodok\u013ci<\/span><\/li>\n<li style=\"font-weight: 400;\"><span style=\"font-weight: 400;\">Dz\u0113rieni<\/span><\/li>\n<li>Uzkodas<\/li>\n<li style=\"font-weight: 400;\"><span style=\"font-weight: 400;\">Viet\u0113jais ce\u013cvedis<\/span><\/li>\n<\/ol>\n<p><b> Iz\u0146\u0113mumi<\/b><\/p>\n<ol>\n<li style=\"font-weight: 400;\"><span style=\"font-weight: 400;\">Dzeramnaudas<\/span><\/li>\n<li style=\"font-weight: 400;\"><span style=\"font-weight: 400;\">Alkoholiskie dz\u0113rieni<\/span><\/li>\n<\/ol>\n<p>&nbsp;<\/p>\n<h4><em><strong>Izbrauk\u0161ana un atgrie\u0161an\u0101s<\/strong><\/em><\/h4>\n<p><span style=\"font-weight: 400;\">P\u0113c Rezerv\u0101cijas procesa ce\u013cot\u0101js ieg\u016bs tik\u0161an\u0101s vietu. Ekskursijas s\u0101kas un beidzas j\u016bsu tik\u0161an\u0101s viet\u0101s.<\/span><\/p>\n<h3><\/h3>\n<h3 class=\"ui_header h1 attractions-product-info-ProductTitle__title--1qM0o\">Ekskursija pa Santo Domingo no Punta Kanas. Dienas ce\u013cojums \"Viss iek\u013cauts\".<\/h3>\n<h4><b><i>Ko sagaid\u012bt?<\/i><\/b><\/h4>\n<div class=\"apd_content_block\" data-tab=\"TABS_OVERVIEW\">\n<div class=\"ui_card section attractions-product-details-Overview__sectionMargin--uHktd attractions-product-details-Overview__cleanslateOverrideDT--39Ov7\"><\/div>\n<\/div>\n<div data-tab=\"TABS_WHAT_TO_EXPECT\">\n<div class=\"ui_card attractions-card-CollapsibleProductDetailsCard__cardContainer--3r2wk attractions-card-CollapsibleProductDetailsCard__cleanslateOverrideDT--2AJh0\">\n<div class=\"attractions-card-CollapsibleCard__header--IDA3r\">\n<div class=\"attractions-card-CollapsibleCard__headerSection--3gTKb\"><\/div>\n<\/div>\n<div class=\"attractions-card-CollapsibleCard__content--2Ws8q\">\n<div class=\"attractions-card-CollapsibleCard__contentWrap--374jk attractions-card-CollapsibleCard__titleUnderline--1uHze\">\n<div class=\"attractions-card-CollapsibleProductDetailsCard__cardContent--23ext\">\n<div class=\"common-text-ReadMore__readMore--3Iu8c common-text-ReadMore__variantFadeOut--1tInd\">\n<div class=\"common-text-ReadMore__content--2X4LR\">\n<div class=\"ui_columns is-desktop\">\n<div class=\"ui_column\">Santo Domingo ir ma\u0123iska pils\u0113ta, kas ir pilna ar v\u0113sturi, kult\u016bru un apbr\u012bnojam\u0101m ainav\u0101m. Pastaig\u0101jieties pa vec\u0101ko \"Jaun\u0101s\" pasaules galvaspils\u0113tu; Santo Domingo ir pirm\u0101 pils\u0113ta, kas dibin\u0101ta Amerik\u0101.<\/div>\n<div>1992. gad\u0101 Santo Domingo, vec\u0101k\u0101 pils\u0113ta Amerik\u0101, svin\u0113ja 500. gadadienu kop\u0161 t\u0101s atkl\u0101\u0161anas Kristofora Kolumba laik\u0101. Santo Domingo ir pirm\u0101 katedr\u0101le, universit\u0101te un r\u0101tsnams jaunaj\u0101 pasaul\u0113. Viss pils\u0113tas centrs ir p\u0101rpild\u012bts ar 15. un 16. gadsimta koloni\u0101laj\u0101m \u0113k\u0101m.<\/div>\n<div>On this tour you will not only visit the most important historical buildings but also some museums and a fascinating cave. \u00abLos Tres Ojos\u00bb is the first stop where you will see a cave learn about Taino Indian life.<\/div>\n<div><\/div>\n<\/div>\n<\/div>\n<\/div>\n<\/div>\n<\/div>\n<\/div>\n<\/div>\n<\/div>\n<h4><em><strong>Kas j\u0101\u0146em l\u012bdzi?<\/strong><\/em><\/h4>\n<ul>\n<li style=\"font-weight: 400;\"><span style=\"font-weight: 400;\">kameru<\/span><\/li>\n<li style=\"font-weight: 400;\"><span style=\"font-weight: 400;\">Atbaido\u0161i pumpuri<\/span><\/li>\n<li style=\"font-weight: 400;\"><span style=\"font-weight: 400;\">sau\u013co\u0161an\u0101s kr\u0113ms<\/span><\/li>\n<li style=\"font-weight: 400;\"><span style=\"font-weight: 400;\">Cepure<\/span><\/li>\n<li style=\"font-weight: 400;\"><span style=\"font-weight: 400;\">\u0112rtas bikses<\/span><\/li>\n<li style=\"font-weight: 400;\"><span style=\"font-weight: 400;\">P\u0101rg\u0101jienu apavi\u00a0<\/span><\/li>\n<li style=\"font-weight: 400;\"><span style=\"font-weight: 400;\">Sandales uz pavasara zon\u0101m.<\/span><\/li>\n<li style=\"font-weight: 400;\"><span style=\"font-weight: 400;\">Peld\u0113\u0161anas ap\u0123\u0113rbs<\/span><\/li>\n<\/ul>\n<p>&nbsp;<\/p>\n<h4><b><i>Sa\u0146em\u0161ana viesn\u012bc\u0101 <\/i><\/b><\/h4>\n<p><span style=\"font-weight: 400;\">Tiek pied\u0101v\u0101ta pasa\u017eieru sav\u0101k\u0161ana!<\/span><\/p>\n<p><span style=\"font-weight: 400;\">M\u0113s pa\u0146emam no vis\u0101m Punta Kanas viesn\u012bc\u0101m. Sav\u0101k\u0161anas vieta ir viesn\u012bcas vestibils<br \/>\nJa esat apmetu\u0161ies k\u0101d\u0101 no \u0161aj\u0101 teritorij\u0101 eso\u0161ajiem apartamentiem, m\u0113s j\u016bs sagaid\u012bsim pie apartamentiem vai pie ieejas tuv\u0101kaj\u0101 k\u016brort\u0101... M\u0113s uzst\u0101d\u0101m Pick up, sazinoties ar mums, izmantojot Whatsapp.<\/span><\/p>\n<p><b>Piez\u012bme:<\/b><span style=\"font-weight: 400;\"> Ja esat rezerv\u0113ts 24 stundu laik\u0101 p\u0113c ekskursijas\/ekskursijas izbrauk\u0161anas laika, m\u0113s varam noorganiz\u0113t sagaid\u012b\u0161anu viesn\u012bc\u0101. Kad pirkums b\u016bs pabeigts, m\u0113s nos\u016bt\u012bsim jums piln\u012bgu kontaktinform\u0101ciju (t\u0101lru\u0146a numuru, e-pasta adresi utt.) m\u016bsu viet\u0113jam ce\u013cvedim, lai organiz\u0113tu sa\u0146em\u0161anas pas\u0101kumus.<\/span><\/p>\n<h4><b><i>Papildu inform\u0101cijas apstiprin\u0101jums <\/i><\/b><\/h4>\n<ol>\n<li>Bi\u013cetes ir kv\u012bts p\u0113c \u0161\u012bs ekskursijas apmaksas. J\u016bs varat par\u0101d\u012bt maks\u0101jumu sav\u0101 t\u0101lrun\u012b.<\/li>\n<li style=\"font-weight: 400;\"><span style=\"font-weight: 400;\">Tik\u0161an\u0101s vieta tiks sa\u0146emta p\u0113c rezerv\u0101cijas procesa.<\/span><\/li>\n<li style=\"font-weight: 400;\"><span style=\"font-weight: 400;\">B\u0113rniem j\u0101b\u016bt pieaugu\u0161o pavad\u012bb\u0101.<\/span><\/li>\n<li style=\"font-weight: 400;\"><span style=\"font-weight: 400;\"> Nav pieejams ar rati\u0146kr\u0113slu <\/span><\/li>\n<li style=\"font-weight: 400;\"><span style=\"font-weight: 400;\">Z\u012bdai\u0146iem j\u0101s\u0113\u017e kl\u0113p\u012b <\/span><\/li>\n<li style=\"font-weight: 400;\"><span style=\"font-weight: 400;\">Nav ieteicams ce\u013cot\u0101jiem ar muguras probl\u0113m\u0101m<\/span><\/li>\n<li style=\"font-weight: 400;\"><span style=\"font-weight: 400;\">Nav ieteicams ce\u013cot\u0101jiem gr\u016btniec\u0113m <\/span><\/li>\n<li style=\"font-weight: 400;\"><span style=\"font-weight: 400;\"> Nav sirds probl\u0113mu vai citu nopietnu medic\u012bnisku st\u0101vok\u013cu <\/span><\/li>\n<li style=\"font-weight: 400;\"><span style=\"font-weight: 400;\">Liel\u0101k\u0101 da\u013ca ce\u013cot\u0101ju var piedal\u012bties<\/span><\/li>\n<\/ol>\n<h4><b><i>Atcel\u0161anas politika<\/i><\/b><\/h4>\n<p>Lai sa\u0146emtu pilnu kompens\u0101ciju, l\u016bdzu, izlasiet m\u016bsu Atcel\u0161anas noteikumus.\u00a0<a href=\"https:\/\/www.ticketswhales.com\/online-booking\/\" target=\"_blank\" rel=\"noopener\" data-saferedirecturl=\"https:\/\/www.google.com\/url?q=https:\/\/www.ticketswhales.com\/online-booking\/&amp;source=gmail&amp;ust=1672449202351000&amp;usg=AOvVaw1yAeVAPktmaVCqDujgUn90\">Noklik\u0161\u0137iniet \u0161eit<\/a>. L\u012bdzek\u013ci tiks zaud\u0113ti, ja rezerv\u0113jums tiks atcelts ce\u013cojuma dien\u0101.<\/p>\n\n\t\t<\/div>\n\t<\/div>\n<div class=\"vc_btn3-container vc_btn3-inline\" ><button class=\"vc_general vc_btn3 vc_btn3-size-md vc_btn3-shape-rounded vc_btn3-style-modern vc_btn3-color-green\">REZERV\u0112T TAGAD<\/button><\/div><\/div><\/div><\/div><\/div><div class=\"vc_row wpb_row vc_row-fluid\" ><div class=\"wpb_column vc_column_container vc_col-sm-12\"><div class=\"vc_column-inner\"><div class=\"wpb_wrapper\">\n\t<div class=\"wpb_video_widget wpb_content_element vc_clearfix   vc_video-aspect-ratio-169 vc_video-el-width-100 vc_video-align-left\" >\n\t\t<div class=\"wpb_wrapper\">\n\t\t\t<h2 class=\"wpb_heading wpb_video_heading\">Santo Domingo video:<\/h2>\n\t\t\t<div class=\"wpb_video_wrapper\"><iframe loading=\"lazy\" title=\"Santo Domingo, Dominik\u0101nas Republikas galvaspils\u0113ta | Ce\u013cojumu dienasgr\u0101mata\" width=\"1100\" height=\"619\" src=\"https:\/\/www.youtube.com\/embed\/CixCl3alHJw?feature=oembed\" frameborder=\"0\" allow=\"accelerometer; autoplay; clipboard-write; encrypted-media; gyroscope; picture-in-picture; web-share\" allowfullscreen><\/iframe><\/div>\n\t\t<\/div>\n\t<\/div>\n<\/div><\/div><\/div><\/div><div class=\"vc_row wpb_row vc_row-fluid\" ><\/div><div class=\"wpb_column vc_column_container vc_col-sm-12\"><div class=\"vc_column-inner\"><div class=\"wpb_wrapper\"><div class=\"vc_btn3-container vc_btn3-inline\" ><button class=\"vc_general vc_btn3 vc_btn3-size-md vc_btn3-shape-rounded vc_btn3-style-modern vc_btn3-color-green\">REZERV\u0112T TAGAD<\/button><\/div><\/div><\/div><\/div><div class=\"vc_empty_space\"   style=\"height: 32px\"><span class=\"vc_empty_space_inner\"><\/span><\/div><div class=\"vc_empty_space\"   style=\"height: 32px\"><span class=\"vc_empty_space_inner\"><\/span><\/div><div class=\"vc_row wpb_row vc_row-fluid\" ><div class=\"wpb_column vc_column_container vc_col-sm-12\"><div class=\"vc_column-inner\"><div class=\"wpb_wrapper\"><\/div><\/div><\/div><\/div>","protected":false},"excerpt":{"rendered":"<p><span style=\"vertical-align: inherit;\"><span style=\"vertical-align: inherit;\">Lai patiesi iepaz\u012btu Dominik\u0101nas Republikas bag\u0101to v\u0113sturi un kult\u016bru, pievienojieties mums visas dienas ekskursij\u0101 pa Santo Domingo, sen\u0101ko Amerikas pils\u0113tu. <\/span><span style=\"vertical-align: inherit;\">Braucot modern\u0101, t\u012br\u0101 un \u0113rt\u0101 autobus\u0101, j\u016bs izklaid\u0113s profesion\u0101ls gids, kas \u0161o ce\u013cojumu padar\u012bs gan dz\u012bvu, gan informat\u012bvu.<\/span><\/span><\/p>\n<p><span style=\"vertical-align: inherit;\"><span style=\"vertical-align: inherit;\">Pa ce\u013cam redz\u0113siet daudz interesantu vietu, tostarp \u010cavonas upi, kas ir bijusi redzama t\u0101d\u0101s film\u0101s k\u0101 \"Apokalipse tagad\" un \"Rambo\". <\/span><span style=\"vertical-align: inherit;\">Los Tres Ojos nacion\u0101l\u0101 parka un visas koloni\u0101l\u0101s zonas apmekl\u0113jums p\u0113c tipisk\u0101m bufetes pusdien\u0101m.<\/span><\/span><\/p>\n<p>&nbsp;<\/p>\n<p><strong><span style=\"vertical-align: inherit;\"><span style=\"vertical-align: inherit;\">Izv\u0113lieties pils\u0113tas ekskursijas datumu:\u00a0<\/span><\/span><\/strong><\/p>","protected":false},"featured_media":11686,"template":"","meta":[],"product_brand":[],"product_cat":[576,120,135,569,591,303,304,305,122],"product_tag":[306,307,308,309,310,311,312,313,314,315,316],"class_list":{"0":"post-11657","1":"product","2":"type-product","3":"status-publish","4":"has-post-thumbnail","6":"product_cat-1-punta-cana","7":"product_cat-fees-entrace","8":"product_cat-lunch","9":"product_cat-punta-cana-group-tours","10":"product_cat-punta-cana-santo-domingo","11":"product_cat-santo-domingo-from-punta-cana","12":"product_cat-tours-excursion-santo-domingo","13":"product_cat-tours-and-excursion-punta-cana","14":"product_cat-tours-and-excursions","15":"product_tag-columbus-lighthouse","16":"product_tag-day-trip-santo-domingo","17":"product_tag-los-tres-ojos-national-park","18":"product_tag-los-tres-ojos-santo-domingo","19":"product_tag-santo-domingo-city-tour","20":"product_tag-santo-domingo-excursion","21":"product_tag-santo-domingo-tour","22":"product_tag-the-3-eyes","23":"product_tag-the-colonial-zone","24":"product_tag-the-national-palace","25":"product_tag-the-plaza-de-espana","27":"first","28":"instock","29":"sale","30":"sold-individually","31":"shipping-taxable","32":"product-type-external"},"_links":{"self":[{"href":"https:\/\/haitises.com\/lv\/wp-json\/wp\/v2\/product\/11657","targetHints":{"allow":["GET"]}}],"collection":[{"href":"https:\/\/haitises.com\/lv\/wp-json\/wp\/v2\/product"}],"about":[{"href":"https:\/\/haitises.com\/lv\/wp-json\/wp\/v2\/types\/product"}],"wp:featuredmedia":[{"embeddable":true,"href":"https:\/\/haitises.com\/lv\/wp-json\/wp\/v2\/media\/11686"}],"wp:attachment":[{"href":"https:\/\/haitises.com\/lv\/wp-json\/wp\/v2\/media?parent=11657"}],"wp:term":[{"taxonomy":"product_brand","embeddable":true,"href":"https:\/\/haitises.com\/lv\/wp-json\/wp\/v2\/product_brand?post=11657"},{"taxonomy":"product_cat","embeddable":true,"href":"https:\/\/haitises.com\/lv\/wp-json\/wp\/v2\/product_cat?post=11657"},{"taxonomy":"product_tag","embeddable":true,"href":"https:\/\/haitises.com\/lv\/wp-json\/wp\/v2\/product_tag?post=11657"}],"curies":[{"name":"wp","href":"https:\/\/api.w.org\/{rel}","templated":true}]}}