{"id":11391,"date":"2021-08-15T20:09:02","date_gmt":"2021-08-15T20:09:02","guid":{"rendered":"http:\/\/haitises.com\/?post_type=product&#038;p=11391"},"modified":"2024-04-03T18:06:23","modified_gmt":"2024-04-03T18:06:23","slug":"jarabacoa-buggy-with-jimenoa-and-baiguate-waterfalls","status":"publish","type":"product","link":"https:\/\/haitises.com\/lv\/privats\/jarabacoa-buggy-with-jimenoa-and-baiguate-waterfalls\/","title":{"rendered":"Jarabacoa buggy with Jimenoa and Baiguate Waterfalls"},"content":{"rendered":"<div class=\"vc_row wpb_row vc_row-fluid\" ><div class=\"wpb_column vc_column_container vc_col-sm-12\"><div class=\"vc_column-inner\"><div class=\"wpb_wrapper\">[mkdf_section_title title_tag=\u00bb\u00bb disable_break_words=\u00bbno\u00bb subtitle_tag=\u00bb\u00bb title=\u00bbJarabacoa with Jimenoa and Baiguate Waterfalls\u00bb subtitle=\u00bbBuggy &#8211; Buggies\u00bb]<\/div><\/div><\/div><\/div><div class=\"vc_row wpb_row vc_row-fluid\" ><div class=\"wpb_column vc_column_container vc_col-sm-12\"><div class=\"vc_column-inner\"><div class=\"wpb_wrapper\">\n\t<div class=\"wpb_text_column wpb_content_element\" >\n\t\t<div class=\"wpb_wrapper\">\n\t\t\t<h3 class=\"ui_header h1 attractions-product-info-ProductTitle__title--1qM0o\">Jarabacoa buggy with Jimenoa and Baiguate Waterfalls<\/h3>\n<h4><b><i>P\u0101rskats <\/i><\/b><\/h4>\n<p><span style=\"font-weight: 400;\">Join us and travel with a local expert from Jarabacoa and get the unique experience of visiting the best spots from the capital of ecotourism starting from Jarabacoa, this tour will take you around seeing the beautiful landscape of the largest mountain ranch of the Dominican Republic. As you drive around to the different locations you will feel the mountain air and enjoy the beauty of the countryside.\u00a0<\/span><\/p>\n<p><span style=\"font-weight: 400;\">We can get to the different locations for this tour. You&#8217;ll have the options: Biking, Horseback Riding, Safari, Four Wheels, or Buggy. Buy your ticket online now and let&#8217;s have fun learning about Jarabacoa and Dominican Republic culture as you travel around to the best locations of the town.<\/span><\/p>\n<p><span style=\"font-weight: 400;\">Jarabacoa is the city of the eternal spring break because of the weather and the second most important municipality from la Vega province. According to history, Jarabacoa means \u00abplace of much water\u00bb, On September 27, 1858, Jarabacoa began its life as a municipality, a category obtained after a career that came from the beginning of the 19th century. Travel with us and get to know more about the mountains, nature, culture, and people of the northern region from the Dominican Republic.\u00a0<\/span><\/p>\n<ul>\n<li style=\"font-weight: 400;\">Maksas iek\u013cautas<\/li>\n<li>Pusdienas<\/li>\n<li>Uzkodas<\/li>\n<li style=\"font-weight: 400;\">Local Tour Guide in English<\/li>\n<\/ul>\n<p>&nbsp;<\/p>\n<h4><b>Iek\u013cau\u0161ana un izsl\u0113g\u0161ana<\/b><\/h4>\n<p>&nbsp;<\/p>\n<p><b>Iesl\u0113gumi<\/b><\/p>\n<ol>\n<li>Pusdienas<\/li>\n<li style=\"font-weight: 400;\"><span style=\"font-weight: 400;\">All taxes, fees, and handling charges<\/span><\/li>\n<li style=\"font-weight: 400;\"><span style=\"font-weight: 400;\">Viet\u0113jie nodok\u013ci<\/span><\/li>\n<li style=\"font-weight: 400;\"><span style=\"font-weight: 400;\">Dz\u0113rieni<\/span><\/li>\n<li>Uzkodas<\/li>\n<li style=\"font-weight: 400;\"><span style=\"font-weight: 400;\">Visas aktivit\u0101tes<\/span><\/li>\n<li style=\"font-weight: 400;\"><span style=\"font-weight: 400;\">Viet\u0113jais ce\u013cvedis<\/span><\/li>\n<\/ol>\n<p><b> Iz\u0146\u0113mumi<\/b><\/p>\n<ol>\n<li style=\"font-weight: 400;\"><span style=\"font-weight: 400;\">Dzeramnaudas<\/span><\/li>\n<li>transportation ( Set by Contacting us)<\/li>\n<li style=\"font-weight: 400;\"><span style=\"font-weight: 400;\">Alkoholiskie dz\u0113rieni<\/span><\/li>\n<\/ol>\n<p>&nbsp;<\/p>\n<h4><em><strong>Izbrauk\u0161ana un atgrie\u0161an\u0101s<\/strong><\/em><\/h4>\n<p><span style=\"font-weight: 400;\">The traveler will get a meeting point after the Reservation Process. Tours start and Finish at your meeting points.<\/span><\/p>\n<h4><\/h4>\n<h3 class=\"ui_header h1 attractions-product-info-ProductTitle__title--1qM0o\">Jarabacoa buggy with Jimenoa and Baiguate Waterfalls<\/h3>\n<h4><b><i>Ko sagaid\u012bt?<\/i><\/b><\/h4>\n<p><span style=\"font-weight: 400;\">Get your ticket for Jimenoa and Baiguate Waterfalls From Jarabacoa City by Buggy.\u00a0<\/span><\/p>\n<p><span style=\"font-weight: 400;\">This Excursion starts from a meeting point you must confirm with our travel Agents or your Tour Tour Guide before heading to any location. Once you meet your guide you\u2019ll have a debrief of the tour and everything related to your day.<\/span><\/p>\n<p><span style=\"font-weight: 400;\">When everyone is ready we\u2019ll head to the first location to visit witch is Jimenoa Waterfall, this one is 45 minutes away from Jarabacoa town, Jimenoa is one of the most important water sources from the Central Mountain Ranch here you will walk through the Hanging Wooden Bridge for about 10 minutes to finally meet the Jimenoa Waterfall, on the way out you can take your shoes off and put them in the freshwater of the river.\u00a0<\/span><\/p>\n<p><span style=\"font-weight: 400;\">After seeing our first location we will head to Baiguate Waterfall for a 10 minutes hike and swimming natural pools, Baiguate is 55 minutes away from Jimenoa and 15 minutes from the town.\u00a0<\/span><\/p>\n<p><span style=\"font-weight: 400;\">During this part of your trip, you will be able to go swimming for about 1 hour and take a break to try out some fresh fruits harvested from Jarabacoa farmer&#8217;s land every day. Baiguate has an 82 feet high fall and is the perfect place to relax a bit before going back to town.\u00a0\u00a0<\/span><\/p>\n<p><span style=\"font-weight: 400;\">Later after Baiguate Waterfall we will head to Ivon\u2019s to try the best local ice cream flavor, homemade by a local expert, and walk to Duarte Central Park for the last part of your trip, this is a 6 hours tour that gives you the opportunity to oversee Jarabacoa,\u00a0 this excursion ends in the same place as it started.<\/span><\/p>\n<p><span style=\"font-weight: 400;\">Note: These tours are with Officials Ecologist tour guides. Please Book with time because in the park there are not too many specialists.<\/span><\/p>\n<h4><em><strong>Kas j\u0101\u0146em l\u012bdzi?<\/strong><\/em><\/h4>\n<ul>\n<li style=\"font-weight: 400;\"><span style=\"font-weight: 400;\">kameru<\/span><\/li>\n<li style=\"font-weight: 400;\"><span style=\"font-weight: 400;\">Atbaido\u0161i pumpuri<\/span><\/li>\n<li style=\"font-weight: 400;\"><span style=\"font-weight: 400;\">sau\u013co\u0161an\u0101s kr\u0113ms<\/span><\/li>\n<li style=\"font-weight: 400;\"><span style=\"font-weight: 400;\">Cepure<\/span><\/li>\n<li style=\"font-weight: 400;\"><span style=\"font-weight: 400;\">\u0112rtas bikses<\/span><\/li>\n<li style=\"font-weight: 400;\"><span style=\"font-weight: 400;\">P\u0101rg\u0101jienu apavi me\u017eam<\/span><\/li>\n<li style=\"font-weight: 400;\"><span style=\"font-weight: 400;\">Sandales uz pavasara zon\u0101m.<\/span><\/li>\n<li style=\"font-weight: 400;\"><span style=\"font-weight: 400;\">Peld\u0113\u0161anas ap\u0123\u0113rbs<\/span><\/li>\n<\/ul>\n<p>&nbsp;<\/p>\n<h4><b><i>Sa\u0146em\u0161ana viesn\u012bc\u0101 <\/i><\/b><\/h4>\n<p><span style=\"font-weight: 400;\">Hotel pick-up is not offered for this tour. We set Pick up by contacting us by Whatsapp.<\/span><\/p>\n<p>&nbsp;<\/p>\n<p><b>Piez\u012bme:<\/b><span style=\"font-weight: 400;\"> Ja esat rezerv\u0113ts 24 stundu laik\u0101 p\u0113c ekskursijas\/ekskursijas izbrauk\u0161anas laika, m\u0113s varam noorganiz\u0113t sagaid\u012b\u0161anu viesn\u012bc\u0101 par papildu samaksu. Kad pirkums b\u016bs pabeigts, m\u0113s nos\u016bt\u012bsim jums piln\u012bgu kontaktinform\u0101ciju (t\u0101lru\u0146a numuru, e-pasta adresi utt.) m\u016bsu viet\u0113jam ce\u013cvedim, lai organiz\u0113tu sa\u0146em\u0161anas pas\u0101kumus.<\/span><\/p>\n<h4><b><i>Papildu inform\u0101cijas apstiprin\u0101jums <\/i><\/b><\/h4>\n<ol>\n<li>Tickets are the Receipt after paying for this Tour. You can show the payment on your phone.<\/li>\n<li style=\"font-weight: 400;\"><span style=\"font-weight: 400;\">Tik\u0161an\u0101s vieta tiks sa\u0146emta p\u0113c rezerv\u0101cijas procesa.<\/span><\/li>\n<li style=\"font-weight: 400;\"><span style=\"font-weight: 400;\">B\u0113rniem j\u0101b\u016bt pieaugu\u0161o pavad\u012bb\u0101.<\/span><\/li>\n<li style=\"font-weight: 400;\"><span style=\"font-weight: 400;\"> Nav pieejams ar rati\u0146kr\u0113slu <\/span><\/li>\n<li style=\"font-weight: 400;\"><span style=\"font-weight: 400;\">Z\u012bdai\u0146iem j\u0101s\u0113\u017e kl\u0113p\u012b <\/span><\/li>\n<li style=\"font-weight: 400;\"><span style=\"font-weight: 400;\">Nav ieteicams ce\u013cot\u0101jiem ar muguras probl\u0113m\u0101m<\/span><\/li>\n<li style=\"font-weight: 400;\"><span style=\"font-weight: 400;\">Nav ieteicams ce\u013cot\u0101jiem gr\u016btniec\u0113m <\/span><\/li>\n<li style=\"font-weight: 400;\"><span style=\"font-weight: 400;\"> Nav sirds probl\u0113mu vai citu nopietnu medic\u012bnisku st\u0101vok\u013cu <\/span><\/li>\n<li style=\"font-weight: 400;\"><span style=\"font-weight: 400;\">Liel\u0101k\u0101 da\u013ca ce\u013cot\u0101ju var piedal\u012bties<\/span><\/li>\n<\/ol>\n<h4><b><i>Atcel\u0161anas politika<\/i><\/b><\/h4>\n<p><span style=\"font-weight: 400;\">Lai sa\u0146emtu pilnu kompens\u0101ciju, atce\u013ciet rezerv\u0101ciju vismaz 74 stundas pirms pieredzes s\u0101kuma datuma. L\u012bdzek\u013ci tiks zaud\u0113ti, ja rezerv\u0101cija tiks atcelta taj\u0101 pa\u0161\u0101 ce\u013cojuma dien\u0101.<\/span><\/p>\n\n\t\t<\/div>\n\t<\/div>\n<\/div><\/div><\/div><\/div><div class=\"vc_row wpb_row vc_row-fluid\" ><div class=\"wpb_column vc_column_container vc_col-sm-12\"><div class=\"vc_column-inner\"><div class=\"wpb_wrapper\">\n\t<div class=\"wpb_video_widget wpb_content_element vc_clearfix   vc_video-aspect-ratio-169 vc_video-el-width-100 vc_video-align-left\" >\n\t\t<div class=\"wpb_wrapper\">\n\t\t\t<h2 class=\"wpb_heading wpb_video_heading\">Jarabacoa City Video:<\/h2>\n\t\t\t<div class=\"wpb_video_wrapper\"><iframe loading=\"lazy\" title=\"Jarabacoa | Puro Turismo de Monta\u00f1a\" width=\"1100\" height=\"619\" src=\"https:\/\/www.youtube.com\/embed\/FRHfK4RS39A?feature=oembed\" frameborder=\"0\" allow=\"accelerometer; autoplay; clipboard-write; encrypted-media; gyroscope; picture-in-picture\" allowfullscreen><\/iframe><\/div>\n\t\t<\/div>\n\t<\/div>\n<\/div><\/div><\/div><\/div><div class=\"vc_row wpb_row vc_row-fluid\" ><div class=\"wpb_column vc_column_container vc_col-sm-12\"><div class=\"vc_column-inner\"><div class=\"wpb_wrapper\"><div class=\"vc_empty_space\"   style=\"height: 32px\"><span class=\"vc_empty_space_inner\"><\/span><\/div>\n\t<div class=\"wpb_text_column wpb_content_element\" >\n\t\t<div class=\"wpb_wrapper\">\n\t\t\t<h4>Sazinies ar mums?<\/h4>\n<h5><em><strong>Piedz\u012bvojumu rezerv\u0113\u0161ana<\/strong><\/em><\/h5>\n<p><em><strong>Viet\u0113jie iedz\u012bvot\u0101ji<\/strong>\u00a0un\u00a0<strong>Nacion\u0101\u013ci<\/strong>\u00a0Ce\u013cojumu gidi un viesu pakalpojumi<\/em><\/p>\n<p><span class=\"text-turquoise\">Rezerv\u0101cijas:<\/span>\u00a0Ekskursijas un ekskursijas Dom. Rep.<\/p>\n<p><img decoding=\"async\" class=\"emoji\" draggable=\"false\" src=\"https:\/\/s.w.org\/images\/core\/emoji\/11.2.0\/svg\/1f4de.svg\" alt=\"\ud83d\udcde\" title=\"\">\u00a0T\u0101lrunis\/Whatsapp\u00a0\u00a0<a href=\"tel:+1-809-720-6035\">+1-809-720-6035<\/a>.<\/p>\n<p><img decoding=\"async\" class=\"emoji\" draggable=\"false\" src=\"https:\/\/s.w.org\/images\/core\/emoji\/11.2.0\/svg\/1f4e9.svg\" alt=\"\ud83d\udce9\" title=\"\">\u00a0<a href=\"mailto:info@bookingadventures.com.do\">info@bookingadventures.com.do<\/a><\/p>\n<p><strong>M\u0113s elast\u012bgi iestat\u0101m Whatsapp priv\u0101t\u0101s ekskursijas:\u00a0<a href=\"tel:+18097206035\">+18097206035.<\/a><\/strong><\/p>\n\n\t\t<\/div>\n\t<\/div>\n<div class=\"vc_empty_space\"   style=\"height: 32px\"><span class=\"vc_empty_space_inner\"><\/span><\/div><\/div><\/div><\/div><\/div>","protected":false},"excerpt":{"rendered":"<p><span style=\"font-weight: 400;\">Join us and travel with a local expert from Jarabacoa and get the unique experience of visiting the best spots from the capital of ecotourism starting from Jarabacoa, this tour will take you around seeing the beautiful landscape of the largest mountain ranch of the Dominican Republic. As you drive around to the different locations you will feel the mountain air and enjoy the beauty of the countryside.\u00a0<\/span><\/p>\n<p><strong>L\u016bdzu, izv\u0113lieties ekskursijas datumu:\u00a0<\/strong><\/p>","protected":false},"featured_media":11407,"template":"","meta":[],"product_brand":[],"product_cat":[120,526,122],"product_tag":[527,528,529,530,531,532,533],"class_list":{"0":"post-11391","1":"product","2":"type-product","3":"status-publish","4":"has-post-thumbnail","6":"product_cat-fees-entrace","7":"product_cat-jarabacoa-buggy","8":"product_cat-tours-and-excursions","9":"product_tag-baiguate-waterfall","10":"product_tag-jarabacoa-buggies","11":"product_tag-jarabacoa-buggy","12":"product_tag-jarabacoa-tour","13":"product_tag-jimenoa-waterfall","14":"product_tag-salto-baiguate","15":"product_tag-salto-jimenoa","17":"first","18":"instock","19":"sale","20":"sold-individually","21":"shipping-taxable","22":"product-type-external"},"_links":{"self":[{"href":"https:\/\/haitises.com\/lv\/wp-json\/wp\/v2\/product\/11391","targetHints":{"allow":["GET"]}}],"collection":[{"href":"https:\/\/haitises.com\/lv\/wp-json\/wp\/v2\/product"}],"about":[{"href":"https:\/\/haitises.com\/lv\/wp-json\/wp\/v2\/types\/product"}],"wp:featuredmedia":[{"embeddable":true,"href":"https:\/\/haitises.com\/lv\/wp-json\/wp\/v2\/media\/11407"}],"wp:attachment":[{"href":"https:\/\/haitises.com\/lv\/wp-json\/wp\/v2\/media?parent=11391"}],"wp:term":[{"taxonomy":"product_brand","embeddable":true,"href":"https:\/\/haitises.com\/lv\/wp-json\/wp\/v2\/product_brand?post=11391"},{"taxonomy":"product_cat","embeddable":true,"href":"https:\/\/haitises.com\/lv\/wp-json\/wp\/v2\/product_cat?post=11391"},{"taxonomy":"product_tag","embeddable":true,"href":"https:\/\/haitises.com\/lv\/wp-json\/wp\/v2\/product_tag?post=11391"}],"curies":[{"name":"wp","href":"https:\/\/api.w.org\/{rel}","templated":true}]}}