{"id":11350,"date":"2021-08-15T20:08:48","date_gmt":"2021-08-15T20:08:48","guid":{"rendered":"http:\/\/haitises.com\/?post_type=product&#038;p=11350"},"modified":"2024-04-05T21:12:32","modified_gmt":"2024-04-05T21:12:32","slug":"bahia-de-las-aguilas-beach-day-trip-by-boat-day-pass-snorkeling-lunch-2","status":"publish","type":"product","link":"https:\/\/haitises.com\/lv\/privats\/bahia-de-las-aguilas-beach-day-trip-by-boat-day-pass-snorkeling-lunch-2\/","title":{"rendered":"Bah\u00eda de las Aguilas: Pludmales dienas ce\u013cojums ar laivu - Dienas caurlaide - snorkel\u0113\u0161ana un pusdienas"},"content":{"rendered":"<div class=\"vc_row wpb_row vc_row-fluid\" ><div class=\"wpb_column vc_column_container vc_col-sm-12\"><div class=\"vc_column-inner\"><div class=\"wpb_wrapper\">[mkdf_section_title title_tag=\u00bb\u00bb disable_break_words=\u00bbno\u00bb subtitle_tag=\u00bb\u00bb title=\u00bbBah\u00eda de las Aguilas: Beach Day Trip by Boat\u00bb subtitle=\u00bbDay Pass &#8211; Snorkeling &amp; Lunch\u00bb]<\/div><\/div><\/div><\/div><div class=\"vc_row wpb_row vc_row-fluid\" ><div class=\"wpb_column vc_column_container vc_col-sm-12\"><div class=\"vc_column-inner\"><div class=\"wpb_wrapper\">\n\t<div class=\"wpb_text_column wpb_content_element\" >\n\t\t<div class=\"wpb_wrapper\">\n\t\t\t<h4><b><i>P\u0101rskats<\/i><\/b><\/h4>\n<p>Enjoy a day at the beach and let your spirits flow, far away from the touristy areas and all the stress. Come and discover the Jaragua National park and Bahia de las \u00c1guilas. Drive along a beautiful road with breathtaking views of the small port and fishing village Cabo Rojo. In Las Cuevas you board a boat that takes you on a 15-minute ride to one of the most beautiful natural beaches of the world. The sands of Bah\u00eda de las Aguilas is pristine and the bay covers 8 km. Experience an exceptional coastal landscape with crystal clear water shining in shades reaching from turquoise to opal-blue melting into the horizon. Lunch is served at the beach, go swimming or snorkeling and explore this untouched natural paradise.<\/p>\n<p>&nbsp;<\/p>\n<ul>\n<li>Local Guide with Safety experience in the area.<\/li>\n<li>Private transportation<\/li>\n<li>Maksas iek\u013cautas<\/li>\n<li>Pusdienas<\/li>\n<li>Local Tour Guide in Spanish, English or French.<\/li>\n<li>P\u0101rg\u0101jieni<\/li>\n<li>Snorkeling<\/li>\n<\/ul>\n<h4><b>Iek\u013cau\u0161ana un izsl\u0113g\u0161ana<\/b><\/h4>\n<p>&nbsp;<\/p>\n<p><b>Iesl\u0113gumi<\/b><\/p>\n<ol>\n<li>Local Guide with Safety experiencie in the area.<\/li>\n<li>Private transportation for small groups<\/li>\n<li>Visi nodok\u013ci, nodevas un apstr\u0101des izmaksas<\/li>\n<li>Viet\u0113jie nodok\u013ci<\/li>\n<li>Pusdienas<\/li>\n<li>P\u0101rg\u0101jieni<\/li>\n<li>Natural Pools<\/li>\n<li>Snorkeling<\/li>\n<li>Visas aktivit\u0101tes<\/li>\n<\/ol>\n<p><b>Iz\u0146\u0113mumi<\/b><\/p>\n<ol>\n<li>Dzeramnaudas<\/li>\n<li>All Drinks<\/li>\n<\/ol>\n<h4><em><strong>Izbrauk\u0161ana un atgrie\u0161an\u0101s<\/strong><\/em><\/h4>\n<p>P\u0113c Rezerv\u0101cijas procesa ce\u013cot\u0101js ieg\u016bs tik\u0161an\u0101s vietu. Ekskursijas s\u0101kas un beidzas j\u016bsu tik\u0161an\u0101s viet\u0101s.<\/p>\n<h2 class=\"styles__heading___mD4_3\" data-radium=\"true\">Bah\u00eda de las Aguilas: Beach Day Trip by Boat -Day Pass &#8211; Snorkeling &amp; Lunch<\/h2>\n<h4><em>Ko sagaid\u012bt?<\/em><\/h4>\n<p>Playa de las Aguilas was named after the indigenous eagle. It is famously known as the most beautiful beach of the entire country. The park climate is very arid and the vegetation mainly composed of cacti and other desert plants. The red dirt road that runs along the bay is comparable to an African savanna landscape.<br \/>\nDiscover this paradise for fishermen and lovers of white sand beaches and crystal-clear water. But first, travel to the village La Cueva, where local fishermen live inside caves.<\/p>\n<p>Is there anything missing from this picture perfect moment?<\/p>\n<p>The calm sea and light wind will keep you from suffering too much from the sun and heat. Become an explorer for the day and discover an ecological, natural, and totally unspoiled paradise. You can observe more than 130 species of birds, 76 of which live permanently in the bay, 10 are endemic and 47 are migrants.<\/p>\n<p>08.00 \u2013 Departure from your hotel<br \/>\n09.30 \u2013 Short stop at the Laguna de Oviedo to enjoy the view from the viewing platform<br \/>\n11.00 \u2013 Departure by boat from the village La Cueva to the Bahia de las Aguilas<br \/>\n12.30 \u2013 Typical lunch on the beach<br \/>\n03.00 \u2013 Return to La Cueva<br \/>\n06.00 \u2013 Arrival at your hotel<\/p>\n<h4><em><strong>Kas j\u0101\u0146em l\u012bdzi?<\/strong><\/em><\/h4>\n<ul>\n<li>kameru<\/li>\n<li>Atbaido\u0161i pumpuri<\/li>\n<li>sau\u013co\u0161an\u0101s kr\u0113ms<\/li>\n<li>Water<\/li>\n<li>Cepure<\/li>\n<li>\u0112rtas bikses<\/li>\n<li>P\u0101rg\u0101jienu apavi me\u017eam<\/li>\n<li>Sandales uz pavasara zon\u0101m.<\/li>\n<li>Peld\u0113\u0161anas ap\u0123\u0113rbs<\/li>\n<\/ul>\n<p>&nbsp;<\/p>\n<h4><b><i>Sa\u0146em\u0161ana viesn\u012bc\u0101<\/i><\/b><\/h4>\n<p>Hotel pick-up is offered for this tour. Pickup\/Transportation from your hotel (area of Barahona\/Paraiso\/Los Patos).<\/p>\n<p><b>Piez\u012bme:<\/b>\u00a0If you are booking within 24 hours of the tour\/Excursion departure time, we can arrangements hotel pick-up. We just pick up in Samana area. Once your purchase is complete, we will send you complete contact information (phone number, email address, etc.) for our local Tour guide to organize pick-up arrangements.<\/p>\n<h4><b><i>Papildu inform\u0101cijas apstiprin\u0101jums<\/i><\/b><\/h4>\n<ol>\n<li>Bi\u013cetes ir kv\u012bts p\u0113c \u0161\u012bs ekskursijas apmaksas. J\u016bs varat par\u0101d\u012bt maks\u0101jumu sav\u0101 t\u0101lrun\u012b.<\/li>\n<li>Tik\u0161an\u0101s vieta tiks sa\u0146emta p\u0113c rezerv\u0101cijas procesa.<\/li>\n<li>B\u0113rniem j\u0101b\u016bt pieaugu\u0161o pavad\u012bb\u0101.<\/li>\n<li>Nav pieejams ar rati\u0146kr\u0113slu<\/li>\n<li>Z\u012bdai\u0146iem j\u0101s\u0113\u017e kl\u0113p\u012b<\/li>\n<li>Nav ieteicams ce\u013cot\u0101jiem ar muguras probl\u0113m\u0101m<\/li>\n<li>Nav ieteicams ce\u013cot\u0101jiem gr\u016btniec\u0113m<\/li>\n<li>Nav sirds probl\u0113mu vai citu nopietnu medic\u012bnisku st\u0101vok\u013cu<\/li>\n<li>Liel\u0101k\u0101 da\u013ca ce\u013cot\u0101ju var piedal\u012bties<\/li>\n<\/ol>\n<h4><b><i>Atcel\u0161anas politika<\/i><\/b><\/h4>\n<p>Lai sa\u0146emtu pilnu atmaksu, atceliet abonementu vismaz 24 stundas pirms pieredzes s\u0101kuma datuma. L\u012bdzek\u013ci tiks zaud\u0113ti, ja rezerv\u0101cija tiks atcelta taj\u0101 pa\u0161\u0101 ce\u013cojuma dien\u0101.<\/p>\n\n\t\t<\/div>\n\t<\/div>\n<\/div><\/div><\/div><\/div>","protected":false},"excerpt":{"rendered":"<p>Buy a Day Pass Tickets to Bahia las Aguilas from Barahona. Driving through the national park Jaragua and heading to Cabo Rojo, where a boat awaits you. After a 15-minute ride with the boat, you will be reaching the beautiful and isolated Bah\u00eda de las \u00c1guilas, which is considered to be the most beautiful beach in the country. Lunch will be served at the beach and you have the chance to go swimming or just relax on the beach. Enjoy the pristine white sand of this 8 km long beach.<\/p>\n<p>&nbsp;<\/p>\n<p><strong>Select the day for this trip:<\/strong><\/p>","protected":false},"featured_media":500,"template":"","meta":[],"product_brand":[],"product_cat":[396,135],"product_tag":[397,398,399,400,401,402,403,404,405,406,407,408,409,410,411],"class_list":{"0":"post-11350","1":"product","2":"type-product","3":"status-publish","4":"has-post-thumbnail","6":"product_cat-bahia-de-las-aguilas-dominican-republic","7":"product_cat-lunch","8":"product_tag-bahia-de-las-aguilas","9":"product_tag-bahia-de-las-aguilas-pedernales","10":"product_tag-bahia-de-las-aguilas-beach-tour","11":"product_tag-bahia-de-las-aguilas-hoteles","12":"product_tag-bahia-de-las-aguilas-map","13":"product_tag-bahia-de-las-aguilas-private-tour","14":"product_tag-bahia-de-las-aguilas-republica-dominicana-hotel","15":"product_tag-bahia-de-las-aguilas-tour-from-punta-cana","16":"product_tag-bahia-de-las-aguilas-beach-day-trip-by-boat","17":"product_tag-bahia-las-aguilas-tours","18":"product_tag-barahona-tours","19":"product_tag-closest-airport-to-bahia-de-las-aguilas","20":"product_tag-hotel-barahona","21":"product_tag-playa-bahia-de-las-aguilas-dominican-republic","22":"product_tag-tours-a-bahia-de-las-aguilas-desde-santo-domingo","24":"first","25":"instock","26":"sale","27":"sold-individually","28":"shipping-taxable","29":"product-type-external"},"_links":{"self":[{"href":"https:\/\/haitises.com\/lv\/wp-json\/wp\/v2\/product\/11350","targetHints":{"allow":["GET"]}}],"collection":[{"href":"https:\/\/haitises.com\/lv\/wp-json\/wp\/v2\/product"}],"about":[{"href":"https:\/\/haitises.com\/lv\/wp-json\/wp\/v2\/types\/product"}],"wp:featuredmedia":[{"embeddable":true,"href":"https:\/\/haitises.com\/lv\/wp-json\/wp\/v2\/media\/500"}],"wp:attachment":[{"href":"https:\/\/haitises.com\/lv\/wp-json\/wp\/v2\/media?parent=11350"}],"wp:term":[{"taxonomy":"product_brand","embeddable":true,"href":"https:\/\/haitises.com\/lv\/wp-json\/wp\/v2\/product_brand?post=11350"},{"taxonomy":"product_cat","embeddable":true,"href":"https:\/\/haitises.com\/lv\/wp-json\/wp\/v2\/product_cat?post=11350"},{"taxonomy":"product_tag","embeddable":true,"href":"https:\/\/haitises.com\/lv\/wp-json\/wp\/v2\/product_tag?post=11350"}],"curies":[{"name":"wp","href":"https:\/\/api.w.org\/{rel}","templated":true}]}}