{"id":42,"date":"2020-06-14T11:56:46","date_gmt":"2020-06-14T11:56:46","guid":{"rendered":"http:\/\/haitises.com\/product\/import-placeholder-for-8848\/"},"modified":"2024-04-24T19:14:25","modified_gmt":"2024-04-24T19:14:25","slug":"birdwatching-in-los-haitises-national-park","status":"publish","type":"product","link":"https:\/\/haitises.com\/lt\/privatus\/birdwatching-in-los-haitises-national-park\/","title":{"rendered":"Pauk\u0161\u010di\u0173 steb\u0117jimas Los Haitises nacionaliniame parke"},"content":{"rendered":"<div class=\"vc_row wpb_row vc_row-fluid\" ><div class=\"wpb_column vc_column_container vc_col-sm-12\"><div class=\"vc_column-inner\"><div class=\"wpb_wrapper\">[mkdf_section_title title_tag=\u00bb\u00bb disable_break_words=\u00bbno\u00bb subtitle_tag=\u00bb\u00bb title=\u00bbRidgway&#8217;s Hawk Tour\u00bb subtitle=\u00bbBirding in Los Haitises National Park\u00bb]<\/div><\/div><\/div><\/div><div class=\"vc_row wpb_row vc_row-fluid\" ><div class=\"wpb_column vc_column_container vc_col-sm-12\"><div class=\"vc_column-inner\"><div class=\"wpb_wrapper\">\n\t<div class=\"wpb_text_column wpb_content_element\" >\n\t\t<div class=\"wpb_wrapper\">\n\t\t\t<h4><b><i>Ap\u017evalga <\/i><\/b><\/h4>\n<section><\/section>\n<p><strong>Los Haitises nacionalinis parkas<\/strong> Tai populiari gamtos myl\u0117toj\u0173 ir pauk\u0161\u010di\u0173 steb\u0117toj\u0173 vieta, nes ji yra labai svarbi biologinei \u012fvairovei ir faunos turtingumui tiek endemizmo, tiek r\u016b\u0161i\u0173 skai\u010diaus po\u017ei\u016briu. Atogr\u0105\u017e\u0173 mi\u0161kas su nuostabiais kra\u0161tovaizd\u017eiais ir vienu did\u017eiausi\u0173 ir svarbiausi\u0173 gamtos draustini\u0173 Dominikos Respublikoje. Los Haitises yra daugyb\u0117 vietini\u0173, endemini\u0173 ir migruojan\u010di\u0173 pauk\u0161\u010di\u0173, kai kurie i\u0161 j\u0173 yra gana reti ir labai nykstantys. Nors dauguma \u017emoni\u0173 plaukia valtimi ap\u017ei\u016br\u0117ti parko ir jo urv\u0173, sal\u0173 ir laukin\u0117s gamtos.<\/p>\n<p>Mes saugome 110 pauk\u0161\u010di\u0173 r\u016b\u0161i\u0173, kurias galite rasti Los Haitises nacionaliniame parke. Pasivaik\u0161\u010diojimas po \u0161\u012f stebukling\u0105 mi\u0161k\u0105 ie\u0161kant pap\u016bg\u0173, Todys, Ridgway&#039;s Hawks, tanageri\u0173, kolibri\u0173 ir dar daugiau. Pateikiama \u012fdomi istorija apie visus \u0161iuos pauk\u0161\u010dius, kuriuos galite pamatyti Humit take. \u017dinome Ridgway, pel\u0117dini\u0173 pel\u0117d\u0173 ir kit\u0173 endemini\u0173 r\u016b\u0161i\u0173 buveines. \u0160is turas yra orientuotas \u012f gamt\u0105 ir daugiau d\u0117mesio skiria informacijai apie laukin\u0119 gamt\u0105.<\/p>\n<p><strong>Paprastai tai yra privati kelion\u0117, skirta tikrai kokybi\u0161kai patirti.<\/strong><\/p>\n<h4><\/h4>\n<h4><b>\u012etraukimai ir i\u0161imtys<\/b><\/h4>\n<p><b>Inkliuzai<\/b><\/p>\n<ol>\n<li style=\"font-weight: 400;\">3 valandos pauk\u0161\u010di\u0173 pasivaik\u0161\u010diojimo parko takais<\/li>\n<li style=\"font-weight: 400;\"><span style=\"font-weight: 400;\">Visi mokes\u010diai, rinkliavos ir tvarkymo mokes\u010diai<\/span><\/li>\n<li style=\"font-weight: 400;\"><span style=\"font-weight: 400;\">Vietiniai mokes\u010diai<\/span><\/li>\n<li style=\"font-weight: 400;\">Pareig\u016bnai Ekologai gidai angl\u0173\/ispan\u0173 kalbomis<\/li>\n<\/ol>\n<p><b> I\u0161imtys<\/b><\/p>\n<ol>\n<li style=\"font-weight: 400;\"><span style=\"font-weight: 400;\">Arbatpinigiai<\/span><\/li>\n<li style=\"font-weight: 400;\"><span style=\"font-weight: 400;\">Perdavimas<\/span><\/li>\n<li style=\"font-weight: 400;\"><span style=\"font-weight: 400;\">G\u0117rimas<\/span><\/li>\n<\/ol>\n<p>&nbsp;<\/p>\n<h4><em><strong>I\u0161vykimas ir gr\u012f\u017eimas<\/strong><\/em><\/h4>\n<p><span style=\"font-weight: 400;\">The tour, organized by \u00abBooking Adventures\u00bb starts at the meeting point set with the Tour Guide. The traveler will get a meeting point after the Reservation Process. Tours start and Finished in our meeting points.<\/span><\/p>\n<p>&nbsp;<\/p>\n<h4><b><i>Ko tik\u0117tis?<\/i><\/b><\/h4>\n<p><em><strong>Gaukite biliet\u0105<\/strong><\/em> pauk\u0161\u010di\u0173 steb\u0117jimui Los Haitises nacionaliniame parke.<\/p>\n<p>\u0160i ekskursija prasideda nuo susitikimo vietos, \u017eygiuojant Ridgway takais iki Netingo vietovi\u0173. Po 30 minu\u010di\u0173 \u017eygio ir Vanag\u0173 steb\u0117jimo turime galimyb\u0119 t\u0119sti \u017eygius ir patikrinti, ar Los Haitises nacionaliniame parke n\u0117ra pap\u016bg\u0173, pikulet\u0173 ir kit\u0173 endemini\u0173 r\u016b\u0161i\u0173.<\/p>\n<p>Los Haitises nacionaliniame parke yra tik du pauk\u0161\u010di\u0173 takai Sabana de la Mar. Pakeliui \u012f Los Hiatises nacionalin\u012f park\u0105 sustojame kai kuriose vietose pamatyti daugiau pauk\u0161\u010di\u0173.<\/p>\n<p>Buvau San Lorenzo \u012flankoje. aplankysime du urvus \u2013 Li\u016bdesio urv\u0105, ispani\u0161kai vadinam\u0105 Cueva de la Arena; \u0161iame urve galime pamatyti petrografus i\u0161 Tainos bendruomeni\u0173, kurios buvo apsistojusios \u0161ioje vietov\u0117je. ir naudojant urvus kaip \u0161ventykl\u0105.<\/p>\n<p>Po to einame \u012f Linea urv\u0105, kuriame yra 2243 originalios piktogramos, o m\u016bs\u0173 kelion\u0117s vadovas paai\u0161kina jums archeologo informacij\u0105 apie \u0161ias piktogramas.<\/p>\n<p>Laivu v\u0117l plaukiame \u012f Pajaros sal\u0105 (Pauk\u0161\u010di\u0173 sal\u0105), kur galime pamatyti daugum\u0105 pelki\u0173 pauk\u0161\u010di\u0173 aplink Los Haitises nacionalin\u012f park\u0105. Tiesiog tod\u0117l, kad ne visi pauk\u0161\u010diai yra Vandenyje.<\/p>\n<p>Po 4 su puse valandos pa\u017einimo su pauk\u0161\u010diais Los Haitises nacionaliniame parke \u0161i ekskursija baigiasi toje pa\u010dioje vietoje, kur ir prasid\u0117jo.<\/p>\n<p><strong>Pastaba: \u0161ios ekskursijos vyksta su oficiali\u0173 ekolog\u0173 kelioni\u0173 vadovais. Pra\u0161ome rezervuoti laiku, nes parke n\u0117ra per daug specialist\u0173.<\/strong><\/p>\n<p>&nbsp;<\/p>\n<h4><em><strong>K\u0105 tur\u0117tum atsine\u0161ti?<\/strong><\/em><\/h4>\n<ul>\n<li style=\"font-weight: 400;\"><span style=\"font-weight: 400;\">fotoaparatas<\/span><\/li>\n<li>\u017di\u016bronas<\/li>\n<li style=\"font-weight: 400;\"><span style=\"font-weight: 400;\">Atbaidantys pumpurai<\/span><\/li>\n<li style=\"font-weight: 400;\"><span style=\"font-weight: 400;\">kremas nuo saul\u0117s<\/span><\/li>\n<li style=\"font-weight: 400;\"><span style=\"font-weight: 400;\">Skryb\u0117l\u0117<\/span><\/li>\n<li style=\"font-weight: 400;\"><span style=\"font-weight: 400;\">Patogios kelnes<\/span><\/li>\n<li style=\"font-weight: 400;\"><span style=\"font-weight: 400;\">\u017dygio batai mi\u0161kui<\/span><\/li>\n<li style=\"font-weight: 400;\"><span style=\"font-weight: 400;\">Sandalai pavasario zonoms.<\/span><\/li>\n<li style=\"font-weight: 400;\"><span style=\"font-weight: 400;\">Plaukimo apranga<\/span><\/li>\n<\/ul>\n<p>&nbsp;<\/p>\n<h4><b><i>Vie\u0161bu\u010dio pa\u0117mimas <\/i><\/b><\/h4>\n<p><span style=\"font-weight: 400;\">\u0160ios kelion\u0117s metu perve\u017eimas \u012f vie\u0161but\u012f nesi\u016blomas. <\/span><\/p>\n<p>&nbsp;<\/p>\n<p><b>Pastaba:<\/b><span style=\"font-weight: 400;\"> Jei esate u\u017esakytas per 24 valandas nuo kelion\u0117s\/ekskursijos i\u0161vykimo laiko, galime suorganizuoti pa\u0117mim\u0105 i\u0161 vie\u0161bu\u010dio u\u017e papildomus mokes\u010dius. Kai pirkimas bus baigtas, mes atsi\u0173sime jums vis\u0105 kontaktin\u0119 informacij\u0105 (telefono numer\u012f, el. pa\u0161to adres\u0105 ir kt.), skirt\u0105 m\u016bs\u0173 vietiniam kelioni\u0173 vadovui, kad gal\u0117tume susitarti d\u0117l pa\u0117mimo.<\/span><\/p>\n<h4><b><i>Papildomos informacijos patvirtinimas <\/i><\/b><\/h4>\n<ol>\n<li>Bilietai yra kvitas apmok\u0117jus \u0161i\u0105 kelion\u0119. Mok\u0117jim\u0105 galite parodyti savo telefone.<\/li>\n<li style=\"font-weight: 400;\"><span style=\"font-weight: 400;\">Susitikimo vieta bus gauta po rezervacijos proceso.<\/span><\/li>\n<li style=\"font-weight: 400;\"><span style=\"font-weight: 400;\">Vaikus turi lyd\u0117ti suaug\u0119s asmuo.<\/span><\/li>\n<li style=\"font-weight: 400;\"><span style=\"font-weight: 400;\"> Nepritaikoma ne\u012fgaliojo ve\u017eim\u0117liu <\/span><\/li>\n<li style=\"font-weight: 400;\"><span style=\"font-weight: 400;\">K\u016bdikiai turi s\u0117d\u0117ti ant keli\u0173 <\/span><\/li>\n<li style=\"font-weight: 400;\"><span style=\"font-weight: 400;\">Nerekomenduojama keliautojams, turintiems nugaros problem\u0173<\/span><\/li>\n<li style=\"font-weight: 400;\"><span style=\"font-weight: 400;\">Nerekomenduojama besilaukian\u010dioms keliautojoms <\/span><\/li>\n<li style=\"font-weight: 400;\"><span style=\"font-weight: 400;\"> Joki\u0173 \u0161irdies problem\u0173 ar kit\u0173 rimt\u0173 sveikatos sutrikim\u0173 <\/span><\/li>\n<li style=\"font-weight: 400;\"><span style=\"font-weight: 400;\">Dalyvauti gali dauguma keliautoj\u0173<\/span><\/li>\n<\/ol>\n<p>\u0160i ekskursija si\u016bloma ne ma\u017eiau kaip 2 ir ne daugiau kaip 15 \u017emoni\u0173. Jei \u017emoni\u0173 bus ma\u017eiau, susisiekite su mumis.<\/p>\n<h4><b><i>At\u0161aukimo politika<\/i><\/b><\/h4>\n<p><span style=\"font-weight: 400;\">Nor\u0117dami susigr\u0105\u017einti visas l\u0117\u0161as, at\u0161aukite bent 24 valandas iki patirties prad\u017eios datos.<\/span><\/p>\n\n\t\t<\/div>\n\t<\/div>\n<\/div><\/div><\/div><\/div><div class=\"vc_row wpb_row vc_row-fluid\" ><div class=\"wpb_column vc_column_container vc_col-sm-12\"><div class=\"vc_column-inner\"><div class=\"wpb_wrapper\">\n\t<div class=\"wpb_text_column wpb_content_element\" >\n\t\t<div class=\"wpb_wrapper\">\n\t\t\t<h4>Susisiekite su mumis?<\/h4>\n<h5><em><strong>Nuotyki\u0173 u\u017esakymas<\/strong><\/em><\/h5>\n<p><em><strong>Vietiniai<\/strong> ir <strong>Tautie\u010diai<\/strong> Gidai ir sve\u010di\u0173 paslaugos<\/em><\/p>\n<p><span class=\"text-turquoise\">Rezervacijos:<\/span> Ekskursijos ir ekskursijos Dom Rep.<\/p>\n<p><img decoding=\"async\" class=\"emoji\" draggable=\"false\" src=\"https:\/\/s.w.org\/images\/core\/emoji\/11.2.0\/svg\/1f4de.svg\" alt=\"\ud83d\udcde\" title=\"\"> Tel\/Whatsapp\u00a0 <a href=\"tel:+1-809-720-6035\">+1-809-720-6035<\/a>.<\/p>\n<p><img decoding=\"async\" class=\"emoji\" draggable=\"false\" src=\"https:\/\/s.w.org\/images\/core\/emoji\/11.2.0\/svg\/1f4e9.svg\" alt=\"\ud83d\udce9\" title=\"\"> <a href=\"mailto:info@bookingadventures.com.do\">info@bookingadventures.com.do<\/a><\/p>\n<p><strong>Mes lanks\u010diai nustatome priva\u010dias \u201eWhatsapp\u201c keliones: <a href=\"tel:+18097206035\">+18097206035.<\/a><\/strong><\/p>\n\n\t\t<\/div>\n\t<\/div>\n<\/div><\/div><\/div><\/div>","protected":false},"excerpt":{"rendered":"<p>Kelion\u0117 \u012f Los Haitises nacionalin\u012f park\u0105 su vietiniu gidu skirta pauk\u0161\u010di\u0173 steb\u0117jimui ir urvams. Lankymasis Los Haitises nacionalinio parko Cays, mangrovi\u0173, augmenijos, pauk\u0161\u010di\u0173, urv\u0173, piktogram\u0173 ir istorini\u0173 Sabana de la Mar vietovi\u0173 lankymas Los Haitises nacionaliniame parke.<\/p>\n<p>&nbsp;<\/p>\n<p><em><strong>Pra\u0161ome pasirinkti Ekskursijos dat\u0105\u00a0<\/strong><\/em><\/p>","protected":false},"featured_media":177,"template":"","meta":[],"product_brand":[],"product_cat":[119,120,96,98,121,122,123,124],"product_tag":[176,177,178,179,180,181,182,183,184,185,186,132,187,133,188,189,190,191,192,114,142,147,193],"class_list":{"0":"post-42","1":"product","2":"type-product","3":"status-publish","4":"has-post-thumbnail","6":"product_cat-caves","7":"product_cat-fees-entrace","8":"product_cat-hiking","9":"product_cat-local-tour-guides","10":"product_cat-mangroves","11":"product_cat-tours-and-excursions","12":"product_cat-tours-excursions-los-haitises-national-park","13":"product_cat-tours-excursions-samana-bay-dominican-republic","14":"product_tag-biding-sabana-de-la-mar","15":"product_tag-birding","16":"product_tag-birding-dominican-republic","17":"product_tag-birding-in-los-haitises","18":"product_tag-birdwatching","19":"product_tag-birdwatching-dominicana","20":"product_tag-birdwtaching","21":"product_tag-boat-tour-birding","22":"product_tag-carretera-cano-hondo","23":"product_tag-eco-lodge-paraiso-cano-hondo","24":"product_tag-hire-a-guide-in-los-haitises","25":"product_tag-los-haitises","26":"product_tag-los-haitises-birding","27":"product_tag-los-haitises-national-park","28":"product_tag-los-haitises-national-park-birding-tour-from-punta-cana","29":"product_tag-los-haitises-national-park-cano-hondo","30":"product_tag-los-haitises-samana","31":"product_tag-nature","32":"product_tag-ridgways-hawk","33":"product_tag-sabana-de-la-mar","34":"product_tag-samana","35":"product_tag-samana-bay","36":"product_tag-wildlife","38":"first","39":"instock","40":"sale","41":"sold-individually","42":"shipping-taxable","43":"product-type-external"},"_links":{"self":[{"href":"https:\/\/haitises.com\/lt\/wp-json\/wp\/v2\/product\/42","targetHints":{"allow":["GET"]}}],"collection":[{"href":"https:\/\/haitises.com\/lt\/wp-json\/wp\/v2\/product"}],"about":[{"href":"https:\/\/haitises.com\/lt\/wp-json\/wp\/v2\/types\/product"}],"wp:featuredmedia":[{"embeddable":true,"href":"https:\/\/haitises.com\/lt\/wp-json\/wp\/v2\/media\/177"}],"wp:attachment":[{"href":"https:\/\/haitises.com\/lt\/wp-json\/wp\/v2\/media?parent=42"}],"wp:term":[{"taxonomy":"product_brand","embeddable":true,"href":"https:\/\/haitises.com\/lt\/wp-json\/wp\/v2\/product_brand?post=42"},{"taxonomy":"product_cat","embeddable":true,"href":"https:\/\/haitises.com\/lt\/wp-json\/wp\/v2\/product_cat?post=42"},{"taxonomy":"product_tag","embeddable":true,"href":"https:\/\/haitises.com\/lt\/wp-json\/wp\/v2\/product_tag?post=42"}],"curies":[{"name":"wp","href":"https:\/\/api.w.org\/{rel}","templated":true}]}}