{"id":33,"date":"2020-06-14T11:56:46","date_gmt":"2020-06-14T11:56:46","guid":{"rendered":"http:\/\/haitises.com\/product\/import-placeholder-for-8190\/"},"modified":"2024-04-24T14:04:37","modified_gmt":"2024-04-24T14:04:37","slug":"los-haitises-national-park-from-sabana-de-la-mar-or-cano-hondo-hotel","status":"publish","type":"product","link":"https:\/\/haitises.com\/lt\/privatus\/los-haitises-national-park-from-sabana-de-la-mar-or-cano-hondo-hotel\/","title":{"rendered":"Los Haitises nacionalinis parkas \u2013 i\u0161 Sabana de la Mar arba Ca\u00f1o Hondo vie\u0161bu\u010dio."},"content":{"rendered":"<div class=\"vc_row wpb_row vc_row-fluid\" ><div class=\"wpb_column vc_column_container vc_col-sm-12\"><div class=\"vc_column-inner\"><div class=\"wpb_wrapper\">[mkdf_section_title title_tag=\u00bb\u00bb disable_break_words=\u00bbno\u00bb subtitle_tag=\u00bb\u00bb title=\u00bbThe Haitises National Park- From Sabana de la Mar or Cano Hondo Hotel.\u00bb subtitle=\u00bbNormal Tour to Los Haitises\u00bb]<\/div><\/div><\/div><\/div><div class=\"vc_row wpb_row vc_row-fluid\" ><div class=\"wpb_column vc_column_container vc_col-sm-12\"><div class=\"vc_column-inner\"><div class=\"wpb_wrapper\">\n\t<div class=\"wpb_text_column wpb_content_element\" >\n\t\t<div class=\"wpb_wrapper\">\n\t\t\t<h4><b><i>Ap\u017evalga <\/i><\/b><\/h4>\n<p>A Private normal trip to Los Haitises National Park.\u00a0 Come with us and visit the most beautiful national park of the Dominican Republic, Visiting Mangroves, Caves and San Lorenzo Bay. This experience can start from the Sabana de la Mar community learning about this history of Sabana de la Mar. Also, we start this trip from Ca\u00f1o Hondo Port.<\/p>\n<ul>\n<li style=\"font-weight: 400;\">\u012eskai\u010diuoti mokes\u010diai<\/li>\n<li style=\"font-weight: 400;\"><span style=\"font-weight: 400;\">Vadove pateikiami nurodymai ir prie\u017ei\u016bra<\/span><\/li>\n<li>Lunch is Not included for Lunch at Ca\u00f1o Hondo Pick this tour: <a href=\"https:\/\/www.ticketswhales.com\/tour\/los-haitises-national-park-lunch-at-cano-hondo-from-sabana-de-la-mar\/\" target=\"_blank\" rel=\"noopener\">Los Haitises Plus Ca\u00f1o Hondo.<\/a><\/li>\n<\/ul>\n<p>&nbsp;<\/p>\n<h4><b>\u012etraukimai ir i\u0161imtys<\/b><\/h4>\n<p>&nbsp;<\/p>\n<p><b>Inkliuzai<\/b><\/p>\n<ol>\n<li style=\"font-weight: 400;\">Ekskursija po Los Haitises + urvai ir piktogramos<\/li>\n<li style=\"font-weight: 400;\"><span style=\"font-weight: 400;\">Visi mokes\u010diai, rinkliavos ir tvarkymo mokes\u010diai<\/span><\/li>\n<li style=\"font-weight: 400;\"><span style=\"font-weight: 400;\">Vietiniai mokes\u010diai<\/span><\/li>\n<li style=\"font-weight: 400;\"><span style=\"font-weight: 400;\">Visa veikla<\/span><\/li>\n<li style=\"font-weight: 400;\"><span style=\"font-weight: 400;\">Vietinis gidas<\/span><\/li>\n<\/ol>\n<p><b> I\u0161imtys<\/b><\/p>\n<ol>\n<li style=\"font-weight: 400;\"><span style=\"font-weight: 400;\">Arbatpinigiai<\/span><\/li>\n<li>Lunch is Not included for Lunch at Ca\u00f1o Hondo Pick this tour: <a href=\"https:\/\/www.ticketswhales.com\/tour\/los-haitises-national-park-lunch-at-cano-hondo-from-sabana-de-la-mar\/\" target=\"_blank\" rel=\"noopener\">Los Haitises Plus Ca\u00f1o Hondo.<\/a><\/li>\n<li style=\"font-weight: 400;\"><span style=\"font-weight: 400;\">Perdavimas<\/span><\/li>\n<li style=\"font-weight: 400;\"><span style=\"font-weight: 400;\">Alkoholiniai g\u0117rimai<\/span><\/li>\n<\/ol>\n<p>&nbsp;<\/p>\n<h4><em><strong>I\u0161vykimas ir gr\u012f\u017eimas<\/strong><\/em><\/h4>\n<p><span style=\"font-weight: 400;\">Keliautojas gaus susitikimo viet\u0105 po rezervacijos proceso. Ekskursijos prasideda ir baigiasi m\u016bs\u0173 susitikimo vietose.<\/span><\/p>\n<p>&nbsp;<\/p>\n<h4><b><i>Ko tik\u0117tis?<\/i><\/b><\/h4>\n<p>&nbsp;<\/p>\n<p><em><strong>Gaukite bilietus<\/strong><\/em> for visiting Los Haitises National Park with Caves, Mangroves and San Lorenzo Bay.<\/p>\n<p>Lowest price to visit <strong>Los Haitises nacionalinis parkas<\/strong> from <strong>J\u016bros Savana<\/strong> or <strong>Ca\u00f1o Hondo Hotels<\/strong> with Locals. The Trip starts in the Main Port of\u00a0 The Haitises National Park. This trip starts at 10:00 am with a Local Tour Guide that knows the original History about the gorgeous National Park.<\/p>\n<p>After we start from the Main port of Los Haitises National Park name Ca\u00f1o Hondo (Deep Creek) on a BOAT with Life jackets. We will enjoy the Red Mangroves forest until arrive in San Lorenzo Bay. Small bay into Saman\u00e1 Bay. And here we go! The first amazing thing that you can see is the collection of a Huge limestones mountain island called Mogotes. on top of them more than 700 species of Plants and many wetlands birds flying around. Later Visiting Caves with pictographs from our indigenous communities 750 years ago.<\/p>\n<p>Per mangroves ir i\u0161silaipinkite prie atviros San Lorenso \u012flankos, i\u0161 kurios galite fotografuoti at\u0161iaur\u0173 mi\u0161ko kra\u0161tovaizd\u012f. Pa\u017evelkite \u012f vanden\u012f ir pasteb\u0117kite <em><strong>Lamantinai<\/strong><\/em>, v\u0117\u017eiagyviai ir <em><strong>Delfinai.<\/strong><\/em><\/p>\n<div class=\"body-description secondary\">\n<p>Nacionalinio parko pavadinimas kilo nuo jo pirm\u0173j\u0173 gyventoj\u0173 - tain\u0173 genties ind\u0117n\u0173. J\u0173 kalba \"Haitises\" rei\u0161kia auk\u0161tumas arba kalvas, o tai yra nuoroda \u012f sta\u010dius pakrant\u0117s geologinius darinius su kalkakmenimis. Nuotyki\u0173 parko gilumoje tyrin\u0117kite urvus, pvz. <em><strong>Sm\u0117lio urvas<\/strong><\/em> ir <strong><em>Linijos urvas.<\/em><\/strong> Caves in the reserve were used as shelter by the Taino Indians and, later, by hiding pirates. Look for drawings by Indians that decorate some of the walls. After visiting Los Haitises National Park we will go back to the port where our trip started.<\/p>\n<\/div>\n<p>&nbsp;<\/p>\n<h4><em><strong>K\u0105 tur\u0117tum atsine\u0161ti?<\/strong><\/em><\/h4>\n<ul>\n<li style=\"font-weight: 400;\"><span style=\"font-weight: 400;\">fotoaparatas<\/span><\/li>\n<li style=\"font-weight: 400;\"><span style=\"font-weight: 400;\">Atbaidantys pumpurai<\/span><\/li>\n<li style=\"font-weight: 400;\"><span style=\"font-weight: 400;\">kremas nuo saul\u0117s<\/span><\/li>\n<li style=\"font-weight: 400;\"><span style=\"font-weight: 400;\">Skryb\u0117l\u0117<\/span><\/li>\n<li style=\"font-weight: 400;\"><span style=\"font-weight: 400;\">Patogios kelnes<\/span><\/li>\n<li style=\"font-weight: 400;\"><span style=\"font-weight: 400;\">\u017dygio batai mi\u0161kui<\/span><\/li>\n<li style=\"font-weight: 400;\"><span style=\"font-weight: 400;\">Sandalai pavasario zonoms.<\/span><\/li>\n<li style=\"font-weight: 400;\"><span style=\"font-weight: 400;\">Plaukimo apranga<\/span><\/li>\n<\/ul>\n<p>&nbsp;<\/p>\n<h4><b><i>Vie\u0161bu\u010dio pa\u0117mimas <\/i><\/b><\/h4>\n<p><span style=\"font-weight: 400;\">Hotel pick-up is offered if you are in <a href=\"https:\/\/www.ticketswhales.com\/tour\/los-haitises-national-park-lunch-at-cano-hondo-from-sabana-de-la-mar\/\" target=\"_blank\" rel=\"noopener\">Paraiso Ca\u00f1o Hondo<\/a> or <a href=\"https:\/\/www.ticketswhales.com\/tour\/los-haitises-national-park-lunch-at-cano-hondo-from-sabana-de-la-mar\/\" target=\"_blank\" rel=\"noopener\">Altos Ca\u00f1o Hondo Hotel<\/a>. Our Meeting point is 5 min hiking from those hotels.<\/span><\/p>\n<p>&nbsp;<\/p>\n<p><b>Pastaba:<\/b><span style=\"font-weight: 400;\"> if you are booking within 24 hours of the tour\/Excursion departure time, we can arrangements hotel pick-up with extra Charges if you are not in Ca\u00f1o Hondo hotels. Once your purchase is complete, we will send you complete contact information (phone number, email address, etc.) for our local Tour guide to organize pick-up arrangements.<\/span><\/p>\n<h4><b><i>Papildomos informacijos patvirtinimas <\/i><\/b><\/h4>\n<ol>\n<li>Bilietai yra kvitas apmok\u0117jus \u0161i\u0105 kelion\u0119. Mok\u0117jim\u0105 galite parodyti savo telefone.<\/li>\n<li style=\"font-weight: 400;\"><span style=\"font-weight: 400;\">Susitikimo vieta bus gauta po rezervacijos proceso.<\/span><\/li>\n<li style=\"font-weight: 400;\"><span style=\"font-weight: 400;\">Vaikus turi lyd\u0117ti suaug\u0119s asmuo.<\/span><\/li>\n<li style=\"font-weight: 400;\"><span style=\"font-weight: 400;\"> Nepritaikoma ne\u012fgaliojo ve\u017eim\u0117liu <\/span><\/li>\n<li style=\"font-weight: 400;\"><span style=\"font-weight: 400;\">K\u016bdikiai turi s\u0117d\u0117ti ant keli\u0173 <\/span><\/li>\n<li style=\"font-weight: 400;\"><span style=\"font-weight: 400;\">Nerekomenduojama keliautojams, turintiems nugaros problem\u0173<\/span><\/li>\n<li style=\"font-weight: 400;\"><span style=\"font-weight: 400;\">Nerekomenduojama besilaukian\u010dioms keliautojoms <\/span><\/li>\n<li style=\"font-weight: 400;\"><span style=\"font-weight: 400;\"> Joki\u0173 \u0161irdies problem\u0173 ar kit\u0173 rimt\u0173 sveikatos sutrikim\u0173 <\/span><\/li>\n<li style=\"font-weight: 400;\"><span style=\"font-weight: 400;\">Dalyvauti gali dauguma keliautoj\u0173<\/span><\/li>\n<\/ol>\n<h4><b><i>At\u0161aukimo politika<\/i><\/b><\/h4>\n<p><span style=\"font-weight: 400;\">Nor\u0117dami susigr\u0105\u017einti visas l\u0117\u0161as, at\u0161aukite bent 24 valandas iki patirties prad\u017eios datos.<\/span><\/p>\n\n\t\t<\/div>\n\t<\/div>\n<\/div><\/div><\/div><\/div><div class=\"vc_row wpb_row vc_row-fluid\" ><div class=\"wpb_column vc_column_container vc_col-sm-12\"><div class=\"vc_column-inner\"><div class=\"wpb_wrapper\"><div class=\"vc_empty_space\"   style=\"height: 32px\"><span class=\"vc_empty_space_inner\"><\/span><\/div>\n\t<div class=\"wpb_text_column wpb_content_element\" >\n\t\t<div class=\"wpb_wrapper\">\n\t\t\t<h4>Susisiekite su mumis?<\/h4>\n<h5>Nuotyki\u0173 u\u017esakymas<\/h5>\n<p><em><strong>Vietiniai<\/strong>\u00a0ir\u00a0<strong>Tautie\u010diai<\/strong>\u00a0Gidai ir sve\u010di\u0173 paslaugos<\/em><\/p>\n<p><span class=\"text-turquoise\">Rezervacijos:<\/span>\u00a0Ekskursijos ir ekskursijos Dom Rep.<\/p>\n<p><img decoding=\"async\" class=\"emoji\" draggable=\"false\" src=\"https:\/\/s.w.org\/images\/core\/emoji\/11.2.0\/svg\/1f4de.svg\" alt=\"\ud83d\udcde\" title=\"\">\u00a0Tel\/Whatsapp\u00a0\u00a0<a href=\"tel:+1-809-720-6035\">+1-809-720-6035<\/a>.<\/p>\n<p><img decoding=\"async\" class=\"emoji\" draggable=\"false\" src=\"https:\/\/s.w.org\/images\/core\/emoji\/11.2.0\/svg\/1f4e9.svg\" alt=\"\ud83d\udce9\" title=\"\">\u00a0<a href=\"mailto:info@bookingadventures.com.do\">info@bookingadventures.com.do<\/a><\/p>\n<p><strong>Mes lanks\u010diai nustatome priva\u010dias \u201eWhatsapp\u201c keliones:\u00a0<a href=\"tel:+18097206035\">+18097206035.<\/a><\/strong><\/p>\n\n\t\t<\/div>\n\t<\/div>\n<div class=\"vc_empty_space\"   style=\"height: 32px\"><span class=\"vc_empty_space_inner\"><\/span><\/div><\/div><\/div><\/div><\/div>","protected":false},"excerpt":{"rendered":"<p>Lowest price to visit <strong>Los Haitises nacionalinis parkas<\/strong> from <strong>J\u016bros Savana<\/strong> or <strong>Ca\u00f1o Hondo Hotels<\/strong> with Locals. The Trip starts in the Main Port of\u00a0 The Haitises National Park. This trip starts at 10:00 am with a Local Tour Guide that knows the original History about the gorgeous National Park.<\/p>\n<p>After we start from the Main port of Los Haitises National Park name Ca\u00f1o Hondo (Deep Creek) on a BOAT with Life jackets. We will enjoy the Red Mangroves forest until arrive in San Lorenzo Bay, a Small bay into the Saman\u00e1 Bay. And here we go! The first amazing thing that you can see is the collection of a Huge limestones mountain island called Mogotes. On top of them more than 700 species of Plants and many wetlands birds flying around. Later Visiting Caves with pictographs from our indigenous communities 750 years ago.<\/p>\n<p>&nbsp;<\/p>\n<p><strong>Pra\u0161ome pasirinkti Ekskursijos dat\u0105\u00a0<\/strong><\/p>","protected":false},"featured_media":81,"template":"","meta":[],"product_brand":[],"product_cat":[119,120,98,121,99,122,123,124],"product_tag":[125,126,127,128,129,130,131,132,133,134,114],"class_list":{"0":"post-33","1":"product","2":"type-product","3":"status-publish","4":"has-post-thumbnail","6":"product_cat-caves","7":"product_cat-fees-entrace","8":"product_cat-local-tour-guides","9":"product_cat-mangroves","10":"product_cat-swimming-natural-springs","11":"product_cat-tours-and-excursions","12":"product_cat-tours-excursions-los-haitises-national-park","13":"product_cat-tours-excursions-samana-bay-dominican-republic","14":"product_tag-boat-tour","15":"product_tag-cano-hondo","16":"product_tag-cano-hondo-hotel","17":"product_tag-cano-hondo-tours","18":"product_tag-eco-tours","19":"product_tag-excursion","20":"product_tag-locals-guides","21":"product_tag-los-haitises","22":"product_tag-los-haitises-national-park","23":"product_tag-los-haitises-national-park-tour","24":"product_tag-sabana-de-la-mar","26":"first","27":"instock","28":"sale","29":"sold-individually","30":"shipping-taxable","31":"product-type-external"},"_links":{"self":[{"href":"https:\/\/haitises.com\/lt\/wp-json\/wp\/v2\/product\/33","targetHints":{"allow":["GET"]}}],"collection":[{"href":"https:\/\/haitises.com\/lt\/wp-json\/wp\/v2\/product"}],"about":[{"href":"https:\/\/haitises.com\/lt\/wp-json\/wp\/v2\/types\/product"}],"wp:featuredmedia":[{"embeddable":true,"href":"https:\/\/haitises.com\/lt\/wp-json\/wp\/v2\/media\/81"}],"wp:attachment":[{"href":"https:\/\/haitises.com\/lt\/wp-json\/wp\/v2\/media?parent=33"}],"wp:term":[{"taxonomy":"product_brand","embeddable":true,"href":"https:\/\/haitises.com\/lt\/wp-json\/wp\/v2\/product_brand?post=33"},{"taxonomy":"product_cat","embeddable":true,"href":"https:\/\/haitises.com\/lt\/wp-json\/wp\/v2\/product_cat?post=33"},{"taxonomy":"product_tag","embeddable":true,"href":"https:\/\/haitises.com\/lt\/wp-json\/wp\/v2\/product_tag?post=33"}],"curies":[{"name":"wp","href":"https:\/\/api.w.org\/{rel}","templated":true}]}}