{"id":129,"date":"2020-06-14T11:57:48","date_gmt":"2020-06-14T11:57:48","guid":{"rendered":"http:\/\/haitises.com\/product\/import-placeholder-for-9395\/"},"modified":"2024-04-22T16:06:04","modified_gmt":"2024-04-22T16:06:04","slug":"half-day-whale-watching-samana-in-catamaran-morning","status":"publish","type":"product","link":"https:\/\/haitises.com\/lt\/privatus\/half-day-whale-watching-samana-in-catamaran-morning\/","title":{"rendered":"Half Day Whale Watching Saman\u00e1 in Catamaran-Morning"},"content":{"rendered":"<div class=\"vc_row wpb_row vc_row-fluid\" ><div class=\"wpb_column vc_column_container vc_col-sm-12\"><div class=\"vc_column-inner\"><div class=\"wpb_wrapper\">[mkdf_section_title title_tag=\u00bb\u00bb disable_break_words=\u00bbno\u00bb subtitle_tag=\u00bb\u00bb title=\u00bbHalf Day Whale Watching Samana in Catamaran\u00bb subtitle=\u00bbMorning or Afternoon\u00bb]<\/div><\/div><\/div><\/div><div class=\"vc_row wpb_row vc_row-fluid\" ><div class=\"wpb_column vc_column_container vc_col-sm-12\"><div class=\"vc_column-inner\"><div class=\"wpb_wrapper\">\n\t<div class=\"wpb_text_column wpb_content_element\" >\n\t\t<div class=\"wpb_wrapper\">\n\t\t\t<div class=\"vc_row wpb_row vc_row-fluid\">\n<div class=\"wpb_column vc_column_container vc_col-sm-12\">\n<div class=\"vc_column-inner\">\n<div class=\"wpb_wrapper\">\n<div class=\"wpb_text_column wpb_content_element\">\n<div class=\"wpb_wrapper\">\n<div class=\"vc_row wpb_row vc_row-fluid\">\n<div class=\"wpb_column vc_column_container vc_col-sm-12\">\n<div class=\"vc_column-inner\">\n<div class=\"wpb_wrapper\">\n<div class=\"wpb_text_column wpb_content_element\">\n<div class=\"wpb_wrapper\">\n<h4><b><i>Ap\u017evalga<img decoding=\"async\" class=\"emoji\" draggable=\"false\" src=\"https:\/\/s.w.org\/images\/core\/emoji\/12.0.0-1\/svg\/1f433.svg\" alt=\"\ud83d\udc33\" title=\"\"><\/i><\/b><\/h4>\n<p>After aborting our Boat to visit the Whales in their own habitat.\u00a0 Our Captains are trained to make sure that you see whales.<\/p>\n<p>From 9:00 Am until 12:00-noon Or Private minimun 4 people for 1:00 Pm to 3:30 Pm.\u00a0 Whale watching observatory and After this Whale Whatchig trip, we Come back to Samana main port.<\/p>\n<p><strong>Pastaba:<\/strong> \u0160i kelion\u0117 n\u0117ra privati. Jei norite surengti priva\u010di\u0105 ekskursij\u0105, tiesiog susisiekite su mumis!<\/p>\n<ul>\n<li>Bangini\u0173 steb\u0117jimo kelion\u0117<\/li>\n<li>Valtis Catamarn Transfer<\/li>\n<li>Kapitonas instruktuoja ir pri\u017ei\u016bri<\/li>\n<li>Kelioni\u0173 vadovas<\/li>\n<\/ul>\n<p>&nbsp;<\/p>\n<h4><b>\u012etraukimai ir i\u0161imtys<\/b><\/h4>\n<p>&nbsp;<\/p>\n<p><b>Inkliuzai<\/b><\/p>\n<ol>\n<li>Kelioni\u0173 vadovas<\/li>\n<li>Kelion\u0117 katamaranu arba valtimi<\/li>\n<li>Visi mokes\u010diai, rinkliavos ir tvarkymo mokes\u010diai<\/li>\n<li>Vietiniai mokes\u010diai<\/li>\n<li>G\u0117rimai<\/li>\n<li>Dramamino tablet\u0117s (pasirinktinai)<\/li>\n<li>Mokes\u010diai u\u017e atvykim\u0105 \u012f \u0161ventykl\u0105 (apyrank\u0117)<\/li>\n<\/ol>\n<p><b>I\u0161imtys<\/b><\/p>\n<ol>\n<li>Arbatpinigiai<\/li>\n<li>Perve\u017eimo automobilis<\/li>\n<li>Alkoholiniai g\u0117rimai<\/li>\n<\/ol>\n<p>&nbsp;<\/p>\n<h4><em><strong>I\u0161vykimas ir gr\u012f\u017eimas<\/strong><\/em><\/h4>\n<p>Po u\u017esakymo proceso keliautojas gaus susitikimo viet\u0105. Ekskursijos prasideda ir baigiasi m\u016bs\u0173 susitikimo vietose.<\/p>\n<h3>Half-Day Whale Watching Samana in Catamaran<\/h3>\n<h4><b><i>Ko tik\u0117tis?<\/i><\/b><\/h4>\n<p>&nbsp;<\/p>\n<p><em><strong>Gaukite bilietus<\/strong><\/em> for a\u00a0 half day trip\u00a0 Whale Watching\u00a0 tour in Saman\u00e1 bay.<\/p>\n<p>The whale watching trip half day, organized by \u201cBooking Adventures\u201d starts at the meeting point set with the Tour Guide. Lunch at the beach is <strong>ne<\/strong> \u012ftraukti \u012f \u0161i\u0105 ekskursij\u0105.<\/p>\n<p>&nbsp;<\/p>\n<p><strong>Tvarkara\u0161tis:<\/strong><\/p>\n<p>8:45 - 12:30 VAL.<\/p>\n<p>1: 00 Pm &#8211; 3: 30 PM. ( It most be a Private trip minimun 4 people or Contact us).<\/p>\n<\/div>\n<p>Laikas gali keistis priklausomai nuo to, kiek bangini\u0173 pamatysime.<\/p>\n<div class=\"wpb_wrapper\">\n<p>&nbsp;<\/p>\n<h4><em><strong>K\u0105 tur\u0117tum atsine\u0161ti?<\/strong><\/em><\/h4>\n<ul>\n<li>fotoaparatas<\/li>\n<li>Atbaidantys pumpurai<\/li>\n<li>kremas nuo saul\u0117s<\/li>\n<li>Skryb\u0117l\u0117<\/li>\n<li>Patogios kelnes<\/li>\n<li>Plaukimo apranga<\/li>\n<li>Pinigai suvenyrams<\/li>\n<\/ul>\n<p>&nbsp;<\/p>\n<h4><b><i>Vie\u0161bu\u010dio pa\u0117mimas<\/i><\/b><\/h4>\n<p>\u0160ios kelion\u0117s metu perve\u017eimas \u012f vie\u0161but\u012f nesi\u016blomas.<\/p>\n<p>&nbsp;<\/p>\n<p><b>Pastaba:<\/b>\u00a0Jei esate u\u017esakytas per 24 valandas nuo kelion\u0117s\/ekskursijos i\u0161vykimo laiko, galime suorganizuoti pa\u0117mim\u0105 i\u0161 vie\u0161bu\u010dio u\u017e papildomus mokes\u010dius. Kai pirkimas bus baigtas, mes atsi\u0173sime jums vis\u0105 kontaktin\u0119 informacij\u0105 (telefono numer\u012f, el. pa\u0161to adres\u0105 ir kt.), skirt\u0105 m\u016bs\u0173 vietiniam kelioni\u0173 vadovui, kad gal\u0117tume susitarti d\u0117l pa\u0117mimo.<\/p>\n<h4><b><i>Papildomos informacijos patvirtinimas<\/i><\/b><\/h4>\n<ol>\n<li>Bilietai yra kvitas apmok\u0117jus \u0161i\u0105 kelion\u0119. Mok\u0117jim\u0105 galite parodyti savo telefone.<\/li>\n<li>Susitikimo vieta bus gauta po rezervacijos proceso.<\/li>\n<li>Vaikus turi lyd\u0117ti suaug\u0119s asmuo.<\/li>\n<li>pritaikyta ne\u012fgali\u0173j\u0173 ve\u017eim\u0117liams<\/li>\n<li>K\u016bdikiai turi s\u0117d\u0117ti ant keli\u0173<\/li>\n<li>Dalyvauti gali dauguma keliautoj\u0173<\/li>\n<\/ol>\n<h4><b><i>At\u0161aukimo politika<\/i><\/b><\/h4>\n<p>Nor\u0117dami susigr\u0105\u017einti visas l\u0117\u0161as, at\u0161aukite bent 24 valandas iki patirties prad\u017eios datos.<\/p>\n<\/div>\n<\/div>\n<\/div>\n<\/div>\n<\/div>\n<\/div>\n<\/div>\n<\/div>\n<\/div>\n<\/div>\n<\/div>\n<\/div>\n<div class=\"vc_row wpb_row vc_row-fluid\">\n<div class=\"wpb_column vc_column_container vc_col-sm-12\">\n<div class=\"vc_column-inner\">\n<div class=\"wpb_wrapper\">\n<div class=\"vc_empty_space\"><\/div>\n<div class=\"wpb_text_column wpb_content_element\">\n<div class=\"wpb_wrapper\">\n<h4>Susisiekite su mumis?<\/h4>\n<h5><b><i>KELION\u0116 PO SAMAN\u0104 SU BANGINIAIS<\/i><\/b><\/h5>\n<p><em><strong>Vietiniai<\/strong>\u00a0ir\u00a0<strong>Tautie\u010diai<\/strong>\u00a0Gidai ir sve\u010di\u0173 paslaugos<\/em><\/p>\n<p><span class=\"text-turquoise\">Rezervacijos:<\/span>\u00a0Ekskursijos ir ekskursijos Dom Rep.<\/p>\n<p><img decoding=\"async\" class=\"emoji\" draggable=\"false\" src=\"https:\/\/s.w.org\/images\/core\/emoji\/11.2.0\/svg\/1f4de.svg\" alt=\"\ud83d\udcde\" title=\"\">\u00a0Tel\/Whatsapp\u00a0\u00a0<a href=\"tel:+1-809-720-6035\">+1-809-720-6035<\/a>.<\/p>\n<p><img decoding=\"async\" class=\"emoji\" draggable=\"false\" src=\"https:\/\/s.w.org\/images\/core\/emoji\/11.2.0\/svg\/1f4e9.svg\" alt=\"\ud83d\udce9\" title=\"\">\u00a0<a href=\"mailto:info@bookingadventures.com.do\">info@bookingadventures.com.do<\/a><\/p>\n<p><strong>Mes lanks\u010diai nustatome priva\u010dias \u201eWhatsapp\u201c keliones:\u00a0<a href=\"tel:+18097206035\">+18097206035.<\/a><\/strong><\/p>\n<\/div>\n<\/div>\n<\/div>\n<\/div>\n<\/div>\n<\/div>\n\n\t\t<\/div>\n\t<\/div>\n<\/div><\/div><\/div><\/div>","protected":false},"excerpt":{"rendered":"<p>Half-Day Whale Watching Samana Bay, Dominican Republic. Whale Watching from Saman\u00e1 port in a comfortable Catamaran. Book in the Morning or Afternoon trips for Whale watching. Book Now this excursion in Samana bay for a Good whale watching trip experience.<\/p>\n<p>&nbsp;<\/p>\n<p><em><strong>Pasirinkite ekskursijos dat\u0105:<\/strong><\/em><\/p>","protected":false},"featured_media":427,"template":"","meta":[],"product_brand":[],"product_cat":[335,124,232],"product_tag":[336,201,271,234,235,236,337,338,238],"class_list":{"0":"post-129","1":"product","2":"type-product","3":"status-publish","4":"has-post-thumbnail","6":"product_cat-half-day-whale-watching-samana-in-catamaran","7":"product_cat-tours-excursions-samana-bay-dominican-republic","8":"product_cat-whale-watching-samana","9":"product_tag-half-day-whale-watching-samana-in-catamaran-morning-or-afternoon","10":"product_tag-private-tours-samana","11":"product_tag-samana-whale-watching","12":"product_tag-whale-samana","13":"product_tag-whale-tours","14":"product_tag-whale-watching-dominican-republic","15":"product_tag-whale-watching-las-galeras","16":"product_tag-whale-watching-las-terrenas","17":"product_tag-whale-watching-samana","19":"first","20":"instock","21":"sale","22":"sold-individually","23":"shipping-taxable","24":"product-type-external"},"_links":{"self":[{"href":"https:\/\/haitises.com\/lt\/wp-json\/wp\/v2\/product\/129","targetHints":{"allow":["GET"]}}],"collection":[{"href":"https:\/\/haitises.com\/lt\/wp-json\/wp\/v2\/product"}],"about":[{"href":"https:\/\/haitises.com\/lt\/wp-json\/wp\/v2\/types\/product"}],"wp:featuredmedia":[{"embeddable":true,"href":"https:\/\/haitises.com\/lt\/wp-json\/wp\/v2\/media\/427"}],"wp:attachment":[{"href":"https:\/\/haitises.com\/lt\/wp-json\/wp\/v2\/media?parent=129"}],"wp:term":[{"taxonomy":"product_brand","embeddable":true,"href":"https:\/\/haitises.com\/lt\/wp-json\/wp\/v2\/product_brand?post=129"},{"taxonomy":"product_cat","embeddable":true,"href":"https:\/\/haitises.com\/lt\/wp-json\/wp\/v2\/product_cat?post=129"},{"taxonomy":"product_tag","embeddable":true,"href":"https:\/\/haitises.com\/lt\/wp-json\/wp\/v2\/product_tag?post=129"}],"curies":[{"name":"wp","href":"https:\/\/api.w.org\/{rel}","templated":true}]}}