{"id":11391,"date":"2021-08-15T20:09:02","date_gmt":"2021-08-15T20:09:02","guid":{"rendered":"http:\/\/haitises.com\/?post_type=product&#038;p=11391"},"modified":"2024-04-03T18:06:23","modified_gmt":"2024-04-03T18:06:23","slug":"jarabacoa-buggy-with-jimenoa-and-baiguate-waterfalls","status":"publish","type":"product","link":"https:\/\/haitises.com\/lt\/privatus\/jarabacoa-buggy-with-jimenoa-and-baiguate-waterfalls\/","title":{"rendered":"Jarabacoa buggy with Jimenoa and Baiguate Waterfalls"},"content":{"rendered":"<div class=\"vc_row wpb_row vc_row-fluid\" ><div class=\"wpb_column vc_column_container vc_col-sm-12\"><div class=\"vc_column-inner\"><div class=\"wpb_wrapper\">[mkdf_section_title title_tag=\u00bb\u00bb disable_break_words=\u00bbno\u00bb subtitle_tag=\u00bb\u00bb title=\u00bbJarabacoa with Jimenoa and Baiguate Waterfalls\u00bb subtitle=\u00bbBuggy &#8211; Buggies\u00bb]<\/div><\/div><\/div><\/div><div class=\"vc_row wpb_row vc_row-fluid\" ><div class=\"wpb_column vc_column_container vc_col-sm-12\"><div class=\"vc_column-inner\"><div class=\"wpb_wrapper\">\n\t<div class=\"wpb_text_column wpb_content_element\" >\n\t\t<div class=\"wpb_wrapper\">\n\t\t\t<h3 class=\"ui_header h1 attractions-product-info-ProductTitle__title--1qM0o\">Jarabacoa buggy with Jimenoa and Baiguate Waterfalls<\/h3>\n<h4><b><i>Ap\u017evalga <\/i><\/b><\/h4>\n<p><span style=\"font-weight: 400;\">Join us and travel with a local expert from Jarabacoa and get the unique experience of visiting the best spots from the capital of ecotourism starting from Jarabacoa, this tour will take you around seeing the beautiful landscape of the largest mountain ranch of the Dominican Republic. As you drive around to the different locations you will feel the mountain air and enjoy the beauty of the countryside.\u00a0<\/span><\/p>\n<p><span style=\"font-weight: 400;\">We can get to the different locations for this tour. You&#8217;ll have the options: Biking, Horseback Riding, Safari, Four Wheels, or Buggy. Buy your ticket online now and let&#8217;s have fun learning about Jarabacoa and Dominican Republic culture as you travel around to the best locations of the town.<\/span><\/p>\n<p><span style=\"font-weight: 400;\">Jarabacoa is the city of the eternal spring break because of the weather and the second most important municipality from la Vega province. According to history, Jarabacoa means \u00abplace of much water\u00bb, On September 27, 1858, Jarabacoa began its life as a municipality, a category obtained after a career that came from the beginning of the 19th century. Travel with us and get to know more about the mountains, nature, culture, and people of the northern region from the Dominican Republic.\u00a0<\/span><\/p>\n<ul>\n<li style=\"font-weight: 400;\">\u012eskai\u010diuoti mokes\u010diai<\/li>\n<li>Lunch<\/li>\n<li>Snacks<\/li>\n<li style=\"font-weight: 400;\">Local Tour Guide in English<\/li>\n<\/ul>\n<p>&nbsp;<\/p>\n<h4><b>\u012etraukimai ir i\u0161imtys<\/b><\/h4>\n<p>&nbsp;<\/p>\n<p><b>Inkliuzai<\/b><\/p>\n<ol>\n<li>Lunch<\/li>\n<li style=\"font-weight: 400;\"><span style=\"font-weight: 400;\">All taxes, fees, and handling charges<\/span><\/li>\n<li style=\"font-weight: 400;\"><span style=\"font-weight: 400;\">Vietiniai mokes\u010diai<\/span><\/li>\n<li style=\"font-weight: 400;\"><span style=\"font-weight: 400;\">G\u0117rimai<\/span><\/li>\n<li>Snacks<\/li>\n<li style=\"font-weight: 400;\"><span style=\"font-weight: 400;\">Visa veikla<\/span><\/li>\n<li style=\"font-weight: 400;\"><span style=\"font-weight: 400;\">Vietinis gidas<\/span><\/li>\n<\/ol>\n<p><b> I\u0161imtys<\/b><\/p>\n<ol>\n<li style=\"font-weight: 400;\"><span style=\"font-weight: 400;\">Arbatpinigiai<\/span><\/li>\n<li>transportation ( Set by Contacting us)<\/li>\n<li style=\"font-weight: 400;\"><span style=\"font-weight: 400;\">Alkoholiniai g\u0117rimai<\/span><\/li>\n<\/ol>\n<p>&nbsp;<\/p>\n<h4><em><strong>I\u0161vykimas ir gr\u012f\u017eimas<\/strong><\/em><\/h4>\n<p><span style=\"font-weight: 400;\">The traveler will get a meeting point after the Reservation Process. Tours start and Finish at your meeting points.<\/span><\/p>\n<h4><\/h4>\n<h3 class=\"ui_header h1 attractions-product-info-ProductTitle__title--1qM0o\">Jarabacoa buggy with Jimenoa and Baiguate Waterfalls<\/h3>\n<h4><b><i>Ko tik\u0117tis?<\/i><\/b><\/h4>\n<p><span style=\"font-weight: 400;\">Get your ticket for Jimenoa and Baiguate Waterfalls From Jarabacoa City by Buggy.\u00a0<\/span><\/p>\n<p><span style=\"font-weight: 400;\">This Excursion starts from a meeting point you must confirm with our travel Agents or your Tour Tour Guide before heading to any location. Once you meet your guide you\u2019ll have a debrief of the tour and everything related to your day.<\/span><\/p>\n<p><span style=\"font-weight: 400;\">When everyone is ready we\u2019ll head to the first location to visit witch is Jimenoa Waterfall, this one is 45 minutes away from Jarabacoa town, Jimenoa is one of the most important water sources from the Central Mountain Ranch here you will walk through the Hanging Wooden Bridge for about 10 minutes to finally meet the Jimenoa Waterfall, on the way out you can take your shoes off and put them in the freshwater of the river.\u00a0<\/span><\/p>\n<p><span style=\"font-weight: 400;\">After seeing our first location we will head to Baiguate Waterfall for a 10 minutes hike and swimming natural pools, Baiguate is 55 minutes away from Jimenoa and 15 minutes from the town.\u00a0<\/span><\/p>\n<p><span style=\"font-weight: 400;\">During this part of your trip, you will be able to go swimming for about 1 hour and take a break to try out some fresh fruits harvested from Jarabacoa farmer&#8217;s land every day. Baiguate has an 82 feet high fall and is the perfect place to relax a bit before going back to town.\u00a0\u00a0<\/span><\/p>\n<p><span style=\"font-weight: 400;\">Later after Baiguate Waterfall we will head to Ivon\u2019s to try the best local ice cream flavor, homemade by a local expert, and walk to Duarte Central Park for the last part of your trip, this is a 6 hours tour that gives you the opportunity to oversee Jarabacoa,\u00a0 this excursion ends in the same place as it started.<\/span><\/p>\n<p><span style=\"font-weight: 400;\">Note: These tours are with Officials Ecologist tour guides. Please Book with time because in the park there are not too many specialists.<\/span><\/p>\n<h4><em><strong>K\u0105 tur\u0117tum atsine\u0161ti?<\/strong><\/em><\/h4>\n<ul>\n<li style=\"font-weight: 400;\"><span style=\"font-weight: 400;\">fotoaparatas<\/span><\/li>\n<li style=\"font-weight: 400;\"><span style=\"font-weight: 400;\">Atbaidantys pumpurai<\/span><\/li>\n<li style=\"font-weight: 400;\"><span style=\"font-weight: 400;\">Kremas nuo saul\u0117s<\/span><\/li>\n<li style=\"font-weight: 400;\"><span style=\"font-weight: 400;\">Skryb\u0117l\u0117<\/span><\/li>\n<li style=\"font-weight: 400;\"><span style=\"font-weight: 400;\">Patogios kelnes<\/span><\/li>\n<li style=\"font-weight: 400;\"><span style=\"font-weight: 400;\">\u017dygio batai mi\u0161kui<\/span><\/li>\n<li style=\"font-weight: 400;\"><span style=\"font-weight: 400;\">Sandalai pavasario zonoms.<\/span><\/li>\n<li style=\"font-weight: 400;\"><span style=\"font-weight: 400;\">Plaukimo apranga<\/span><\/li>\n<\/ul>\n<p>&nbsp;<\/p>\n<h4><b><i>Vie\u0161bu\u010dio pa\u0117mimas <\/i><\/b><\/h4>\n<p><span style=\"font-weight: 400;\">Hotel pick-up is not offered for this tour. We set Pick up by contacting us by Whatsapp.<\/span><\/p>\n<p>&nbsp;<\/p>\n<p><b>Pastaba:<\/b><span style=\"font-weight: 400;\"> Jei esate u\u017esakytas per 24 valandas nuo kelion\u0117s\/ekskursijos i\u0161vykimo laiko, galime suorganizuoti pa\u0117mim\u0105 i\u0161 vie\u0161bu\u010dio u\u017e papildomus mokes\u010dius. Kai pirkimas bus baigtas, mes atsi\u0173sime jums vis\u0105 kontaktin\u0119 informacij\u0105 (telefono numer\u012f, el. pa\u0161to adres\u0105 ir kt.), skirt\u0105 m\u016bs\u0173 vietiniam kelioni\u0173 vadovui, kad gal\u0117tume susitarti d\u0117l pa\u0117mimo.<\/span><\/p>\n<h4><b><i>Papildomos informacijos patvirtinimas <\/i><\/b><\/h4>\n<ol>\n<li>Tickets are the Receipt after paying for this Tour. You can show the payment on your phone.<\/li>\n<li style=\"font-weight: 400;\"><span style=\"font-weight: 400;\">Susitikimo vieta bus gauta po rezervacijos proceso.<\/span><\/li>\n<li style=\"font-weight: 400;\"><span style=\"font-weight: 400;\">Vaikus turi lyd\u0117ti suaug\u0119s asmuo.<\/span><\/li>\n<li style=\"font-weight: 400;\"><span style=\"font-weight: 400;\"> Nepritaikoma ne\u012fgaliojo ve\u017eim\u0117liu <\/span><\/li>\n<li style=\"font-weight: 400;\"><span style=\"font-weight: 400;\">K\u016bdikiai turi s\u0117d\u0117ti ant keli\u0173 <\/span><\/li>\n<li style=\"font-weight: 400;\"><span style=\"font-weight: 400;\">Nerekomenduojama keliautojams, turintiems nugaros problem\u0173<\/span><\/li>\n<li style=\"font-weight: 400;\"><span style=\"font-weight: 400;\">Nerekomenduojama besilaukian\u010dioms keliautojoms <\/span><\/li>\n<li style=\"font-weight: 400;\"><span style=\"font-weight: 400;\"> Joki\u0173 \u0161irdies problem\u0173 ar kit\u0173 rimt\u0173 sveikatos sutrikim\u0173 <\/span><\/li>\n<li style=\"font-weight: 400;\"><span style=\"font-weight: 400;\">Dalyvauti gali dauguma keliautoj\u0173<\/span><\/li>\n<\/ol>\n<h4><b><i>At\u0161aukimo politika<\/i><\/b><\/h4>\n<p><span style=\"font-weight: 400;\">For a full refund, cancel at least 74 hours in advance of the start date of the experience. Funds will be lost if the reservation is canceled the same day of the trip.<\/span><\/p>\n\n\t\t<\/div>\n\t<\/div>\n<\/div><\/div><\/div><\/div><div class=\"vc_row wpb_row vc_row-fluid\" ><div class=\"wpb_column vc_column_container vc_col-sm-12\"><div class=\"vc_column-inner\"><div class=\"wpb_wrapper\">\n\t<div class=\"wpb_video_widget wpb_content_element vc_clearfix   vc_video-aspect-ratio-169 vc_video-el-width-100 vc_video-align-left\" >\n\t\t<div class=\"wpb_wrapper\">\n\t\t\t<h2 class=\"wpb_heading wpb_video_heading\">Jarabacoa City Video:<\/h2>\n\t\t\t<div class=\"wpb_video_wrapper\"><iframe loading=\"lazy\" title=\"Jarabacoa | Puro Turismo de Monta\u00f1a\" width=\"1100\" height=\"619\" src=\"https:\/\/www.youtube.com\/embed\/FRHfK4RS39A?feature=oembed\" frameborder=\"0\" allow=\"accelerometer; autoplay; clipboard-write; encrypted-media; gyroscope; picture-in-picture\" allowfullscreen><\/iframe><\/div>\n\t\t<\/div>\n\t<\/div>\n<\/div><\/div><\/div><\/div><div class=\"vc_row wpb_row vc_row-fluid\" ><div class=\"wpb_column vc_column_container vc_col-sm-12\"><div class=\"vc_column-inner\"><div class=\"wpb_wrapper\"><div class=\"vc_empty_space\"   style=\"height: 32px\"><span class=\"vc_empty_space_inner\"><\/span><\/div>\n\t<div class=\"wpb_text_column wpb_content_element\" >\n\t\t<div class=\"wpb_wrapper\">\n\t\t\t<h4>Susisiekite su mumis?<\/h4>\n<h5><em><strong>Nuotyki\u0173 u\u017esakymas<\/strong><\/em><\/h5>\n<p><em><strong>Vietiniai<\/strong>\u00a0ir\u00a0<strong>Tautie\u010diai<\/strong>\u00a0Gidai ir sve\u010di\u0173 paslaugos<\/em><\/p>\n<p><span class=\"text-turquoise\">Rezervacijos:<\/span>\u00a0Ekskursijos ir ekskursijos Dom Rep.<\/p>\n<p><img decoding=\"async\" class=\"emoji\" draggable=\"false\" src=\"https:\/\/s.w.org\/images\/core\/emoji\/11.2.0\/svg\/1f4de.svg\" alt=\"\ud83d\udcde\" title=\"\">\u00a0Tel\/Whatsapp\u00a0\u00a0<a href=\"tel:+1-809-720-6035\">+1-809-720-6035<\/a>.<\/p>\n<p><img decoding=\"async\" class=\"emoji\" draggable=\"false\" src=\"https:\/\/s.w.org\/images\/core\/emoji\/11.2.0\/svg\/1f4e9.svg\" alt=\"\ud83d\udce9\" title=\"\">\u00a0<a href=\"mailto:info@bookingadventures.com.do\">info@bookingadventures.com.do<\/a><\/p>\n<p><strong>Mes lanks\u010diai nustatome priva\u010dias \u201eWhatsapp\u201c keliones:\u00a0<a href=\"tel:+18097206035\">+18097206035.<\/a><\/strong><\/p>\n\n\t\t<\/div>\n\t<\/div>\n<div class=\"vc_empty_space\"   style=\"height: 32px\"><span class=\"vc_empty_space_inner\"><\/span><\/div><\/div><\/div><\/div><\/div>","protected":false},"excerpt":{"rendered":"<p><span style=\"font-weight: 400;\">Join us and travel with a local expert from Jarabacoa and get the unique experience of visiting the best spots from the capital of ecotourism starting from Jarabacoa, this tour will take you around seeing the beautiful landscape of the largest mountain ranch of the Dominican Republic. As you drive around to the different locations you will feel the mountain air and enjoy the beauty of the countryside.\u00a0<\/span><\/p>\n<p><strong>Please Select the date for Tour:\u00a0<\/strong><\/p>","protected":false},"featured_media":11407,"template":"","meta":[],"product_brand":[],"product_cat":[120,526,122],"product_tag":[527,528,529,530,531,532,533],"class_list":{"0":"post-11391","1":"product","2":"type-product","3":"status-publish","4":"has-post-thumbnail","6":"product_cat-fees-entrace","7":"product_cat-jarabacoa-buggy","8":"product_cat-tours-and-excursions","9":"product_tag-baiguate-waterfall","10":"product_tag-jarabacoa-buggies","11":"product_tag-jarabacoa-buggy","12":"product_tag-jarabacoa-tour","13":"product_tag-jimenoa-waterfall","14":"product_tag-salto-baiguate","15":"product_tag-salto-jimenoa","17":"first","18":"instock","19":"sale","20":"sold-individually","21":"shipping-taxable","22":"product-type-external"},"_links":{"self":[{"href":"https:\/\/haitises.com\/lt\/wp-json\/wp\/v2\/product\/11391","targetHints":{"allow":["GET"]}}],"collection":[{"href":"https:\/\/haitises.com\/lt\/wp-json\/wp\/v2\/product"}],"about":[{"href":"https:\/\/haitises.com\/lt\/wp-json\/wp\/v2\/types\/product"}],"wp:featuredmedia":[{"embeddable":true,"href":"https:\/\/haitises.com\/lt\/wp-json\/wp\/v2\/media\/11407"}],"wp:attachment":[{"href":"https:\/\/haitises.com\/lt\/wp-json\/wp\/v2\/media?parent=11391"}],"wp:term":[{"taxonomy":"product_brand","embeddable":true,"href":"https:\/\/haitises.com\/lt\/wp-json\/wp\/v2\/product_brand?post=11391"},{"taxonomy":"product_cat","embeddable":true,"href":"https:\/\/haitises.com\/lt\/wp-json\/wp\/v2\/product_cat?post=11391"},{"taxonomy":"product_tag","embeddable":true,"href":"https:\/\/haitises.com\/lt\/wp-json\/wp\/v2\/product_tag?post=11391"}],"curies":[{"name":"wp","href":"https:\/\/api.w.org\/{rel}","templated":true}]}}