{"id":11353,"date":"2021-08-15T20:08:48","date_gmt":"2021-08-15T20:08:48","guid":{"rendered":"http:\/\/haitises.com\/?post_type=product&#038;p=11353"},"modified":"2024-04-05T22:01:45","modified_gmt":"2024-04-05T22:01:45","slug":"samana-whale-watching-cayo-levantado-bacardi-island-limon-waterfalls-from-punta-cana-hotels-2","status":"publish","type":"product","link":"https:\/\/haitises.com\/lt\/privatus\/samana-whale-watching-cayo-levantado-bacardi-island-limon-waterfalls-from-punta-cana-hotels-2\/","title":{"rendered":"Samana bangini\u0173 steb\u0117jimas + Cayo Levantado (Bacardi sala) + Limono kriokliai i\u0161 Punta Kanos vie\u0161bu\u010di\u0173."},"content":{"rendered":"<div class=\"vc_row wpb_row vc_row-fluid\" ><div class=\"wpb_column vc_column_container vc_col-sm-12\"><div class=\"vc_column-inner\"><div class=\"wpb_wrapper\">[mkdf_section_title title_tag=\u00bb\u00bb disable_break_words=\u00bbno\u00bb subtitle_tag=\u00bb\u00bb title=\u00bbWhale Watching 2020 in Punta Cana to Samana Bay\u00bb subtitle=\u00bbCayo Levantado (Bacardi Island) + Limon Waterfalls from Punta Cana Hotels.\u00bb]<\/div><\/div><\/div><\/div><div class=\"vc_row wpb_row vc_row-fluid\" ><div class=\"wpb_column vc_column_container vc_col-sm-12\"><div class=\"vc_column-inner\"><div class=\"wpb_wrapper\">\n\t<div class=\"wpb_text_column wpb_content_element\" >\n\t\t<div class=\"wpb_wrapper\">\n\t\t\t<div class=\"vc_row wpb_row vc_row-fluid\">\n<div class=\"wpb_column vc_column_container vc_col-sm-12\">\n<div class=\"vc_column-inner\">\n<div class=\"wpb_wrapper\">\n<div class=\"wpb_text_column wpb_content_element\">\n<div class=\"wpb_wrapper\">\n<div class=\"vc_row wpb_row vc_row-fluid\">\n<div class=\"wpb_column vc_column_container vc_col-sm-12\">\n<div class=\"vc_column-inner\">\n<div class=\"wpb_wrapper\">\n<div class=\"wpb_text_column wpb_content_element\">\n<div class=\"wpb_wrapper\">\n<h4><b><i>Ap\u017evalga<img decoding=\"async\" class=\"emoji\" draggable=\"false\" src=\"https:\/\/s.w.org\/images\/core\/emoji\/12.0.0-1\/svg\/1f433.svg\" alt=\"\ud83d\udc33\" title=\"\"><\/i><\/b><\/h4>\n<p>Bangini\u0173 Punta Kana, bangini\u0173 steb\u0117jimas Samanos \u012flankoje ir apsilankymas Cayo Levantado bei Safari prie El Limono kriokli\u0173 per \u0161i\u0105 visos dienos ekskursij\u0105 i\u0161 Punta Kanos vie\u0161bu\u010di\u0173. Keliaukite \u012f Samanos \u012flank\u0105 patogiu, oro kondicionieriumi apr\u016bpintu autobusu, tada pers\u0117skite \u012f katamaran\u0105 prie Micheso. I\u0161plaukite \u012f atvirus vandenis ir ie\u0161kokite kuprot\u0173j\u0173 bangini\u0173 b\u016bri\u0173, kurie lankosi \u0161ioje vietov\u0117je veistis ir augina jauniklius. Su \u0161i\u0173 j\u016br\u0173 \u017einduoli\u0173 elgsena ir biologija supa\u017eindins jus gidas gamtininkas ekspertas. T\u0119skite kelion\u0119 \u012f Cayo Levantado \/ Bacardi sal\u0105, kur gal\u0117site papietauti papl\u016bdimyje ir pasimaudyti \u017eydruose vandenyse po \u0161ios safario i\u0161vykos prie el Limono kriokli\u0173 su jodin\u0117jimu \u017eirgais prie kokos\u0173 mi\u0161ko, o po to gr\u012f\u017ekite \u012f Punta Kan\u0105.<\/p>\n<p>&nbsp;<\/p>\n<p><strong>Pastaba:<\/strong> \u0160i kelion\u0117 n\u0117ra privati. \u012e \u0161i\u0105 ekskursij\u0105 \u012ftrauktas sustojimas <strong>Limono krioklys<\/strong>. Nor\u0117dami u\u017esisakyti t\u0105 pa\u010di\u0105 kelion\u0119 ir nevyksta \u012f krioklius, pra\u0161ome <a href=\"https:\/\/www.ticketswhales.com\/Tours-Excursions\/tours-excursions-samana-bay-dominican-republic\/whale-watching-2020-in-punta-cana-to-samana-bay-cayo-levantado-bacardi-island-from-hotels\/\" target=\"_blank\" rel=\"noopener\">SPAUSKITE \u010cIA.<\/a><\/p>\n<ul>\n<li>Bangini\u0173 steb\u0117jimo kelion\u0117<\/li>\n<li>Bacardi sala \/ Cayo Levantado<\/li>\n<li>\u012e\u0117jimo \u012f observatorij\u0105 mokes\u010diai<\/li>\n<li>Samanos safaris<\/li>\n<li>El Limono kriokliai Jodin\u0117jimas \u017eirgais<\/li>\n<li>\u012eskai\u010diuoti \u0161vedi\u0161ko stalo piet\u016bs papl\u016bdimyje<\/li>\n<li>Val\u010di\u0173 perve\u017eimas<\/li>\n<li>Kapitonas instruktuoja ir pri\u017ei\u016bri<\/li>\n<li>Kelioni\u0173 vadovas<\/li>\n<\/ul>\n<p>&nbsp;<\/p>\n<h4><b>\u012etraukimai ir i\u0161imtys<\/b><\/h4>\n<p>&nbsp;<\/p>\n<p><b>Inkliuzai<\/b><\/p>\n<p>&nbsp;<\/p>\n<ol>\n<li>\u0160vedi\u0161ko stalo piet\u016bs papl\u016bdimyje<\/li>\n<li>Perve\u017eimas i\u0161 vie\u0161bu\u010di\u0173<\/li>\n<li>Kelioni\u0173 vadovas<\/li>\n<li>Kelion\u0117 katamaranu arba valtimi<\/li>\n<li>Visi mokes\u010diai, rinkliavos ir tvarkymo mokes\u010diai<\/li>\n<li>Vietiniai mokes\u010diai<\/li>\n<li>G\u0117rimai<\/li>\n<\/ol>\n<p><b>I\u0161imtys<\/b><\/p>\n<ol>\n<li>Arbatpinigiai<\/li>\n<\/ol>\n<p>&nbsp;<\/p>\n<h4><em><strong>I\u0161vykimas ir gr\u012f\u017eimas<\/strong><\/em><\/h4>\n<p>\u0160ios kelion\u0117s metu si\u016blomas pa\u0117mimas i\u0161 vie\u0161bu\u010dio. Pastabose \u012fra\u0161ykite vie\u0161bu\u010dio, i\u0161 kurio norite pasiimti, pavadinim\u0105. Pasiimame i\u0161 vis\u0173 Punta Kanos vie\u0161bu\u010di\u0173.<\/p>\n<p>&nbsp;<\/p>\n<h3>Samana bangini\u0173 steb\u0117jimas + Cayo Levantado (Bacardi sala) + Limono kriokliai i\u0161 Punta Kanos vie\u0161bu\u010di\u0173.<\/h3>\n<h4><b><i>Ko tik\u0117tis?<\/i><\/b><\/h4>\n<p>Per \u0161i\u0105 12 valand\u0173 trukm\u0117s kuprot\u0173j\u0173 bangini\u0173 steb\u0117jimo ekskursij\u0105 S\u00e1manos \u012flankoje i\u0161 arti susipa\u017einkite su \u0161velniaisiais Dominikos Respublikos j\u016br\u0173 mil\u017einais. Praleiskite nepamir\u0161tam\u0105 dien\u0105 steb\u0117dami t\u016bkstan\u010dius bangini\u0173, kurie kasmet atplaukia \u012f sal\u0105 poruotis, maitintis ir \u017eaisti \u0161iltuose tropiniuose vandenyse. Steb\u0117dami \u0161iuos nuostabius gyv\u016bnus gal\u0117site m\u0117gautis unikaliomis savo bangini\u0173 steb\u0117jimo gido eksperto \u012f\u017evalgomis. Dien\u0105 u\u017ebaigsite \u012fskai\u010diuotais pietumis ir papl\u016bdimio pramogomis nuostabioje Cayo Levantado saloje. Taip pat \u012fskai\u010diuotas transportas \u012f vie\u0161but\u012f ir atgal.<\/p>\n<p>Nuo 9:00 iki 12:00 val. stebime bangini\u0173 steb\u0117jimo observatorij\u0105, o po \u0161ios kelion\u0117s aplankysime Bacardi sal\u0105 \/ Cayo Levantado. Bacardi saloje bus patiekti tipi\u0161ki Dominikos regiono piet\u016bs (ry\u017eiai, pupel\u0117s, \u017euvis, salotos...). Kai piet\u016bs bus baigti, iki 16:30 val. gal\u0117site maudytis ir ruo\u0161tis kelionei prie El Limono kriokli\u0173. Ekskursija baigsis 17:00 val. tame pa\u010diame uoste, i\u0161 kurio ji prasid\u0117s m\u016bs\u0173 katamaranu ir autobusu gr\u012f\u0161ite \u012f Punta Kanos vie\u0161bu\u010dius.<\/p>\n<p><strong>Tvarkara\u0161tis:<\/strong><\/p>\n<p>6:00 - 7:00 Klient\u0173 pa\u0117mimas i\u0161 skirting\u0173 vie\u0161bu\u010di\u0173<br \/>\n07:00 I\u0161vykimas \u012f Las Canitas, Sabana de la mar<br \/>\n08:15 Atvykimas \u012f privat\u0173 dok\u0105<br \/>\n08:15 - 08:40 Pusry\u010diai (sumu\u0161tiniai, bandel\u0117s, arbata, kava, sultys)<br \/>\n8:45 \u012elipimas \u012f laiv\u0105 ir kelion\u0117s \u012f kuprot\u0173j\u0173 bangini\u0173 prieglobst\u012f Samanoje prad\u017eia<br \/>\n11:00 45 minu\u010di\u0173 bangini\u0173 paie\u0161ka - tai laikas, kurio laikomasi pagal vyriausyb\u0117s taisykles.<br \/>\n11:45 Keliaukite \u012f Cayo Levantado sal\u0105 Samanos \u012flankoje<br \/>\n12:30 Atvykimas \u012f Cayo Levantado<br \/>\n13:00 Piet\u016bs (savitarnos piet\u016bs, tipi\u0161ki dominikieti\u0161ki)*.<br \/>\n13:45 - 15:30 Laisvas laikas Cayo Levantado<br \/>\n15:00 - 15:45 V\u0117l \u012f laiv\u0105 ir atgal \u012f Miches\u0105<br \/>\n17:00 Atvykimas \u012f Miches\u0105 ir i\u0161vykimas \u012f Punta Kanos vie\u0161bu\u010dius<br \/>\n19:30 - 20:00 Atvykimas \u012f Punta Kanos vie\u0161bu\u010dius<\/p>\n<p><strong>*Piet\u0173 meniu (tipi\u0161kas Dominikos)<br \/>\n<\/strong>Ry\u017eiai, ant groteli\u0173 kepta vi\u0161tiena arba \u017euvis, salotos, dar\u017eov\u0117s, \u0161vie\u017ei vaisiai.<\/p>\n<p><strong>*Klientai, kurie po bangini\u0173 steb\u0117jimo pasirinks sustojim\u0105 prie El Limono krioklio, persikels prie krioklio ir tur\u0117s ma\u017eiau laiko praleisti Cayo Levantado.<\/strong><\/p>\n<p>\u012e \u0161i\u0105 kelion\u0119 buvo \u012ftrauktas sustojimas <strong>Limono krioklys<\/strong>. Nor\u0117dami u\u017esisakyti t\u0105 pa\u010di\u0105 kelion\u0119 ir nevyksta \u012f krioklius, pra\u0161ome <a href=\"https:\/\/www.ticketswhales.com\/Tours-Excursions\/tours-excursions-samana-bay-dominican-republic\/whale-watching-2020-in-punta-cana-to-samana-bay-cayo-levantado-bacardi-island-from-hotels\/\" target=\"_blank\" rel=\"noopener\">SPAUSKITE \u010cIA.<\/a><\/p>\n<p>&nbsp;<\/p>\n<h4><em><strong>K\u0105 tur\u0117tum atsine\u0161ti?<\/strong><\/em><\/h4>\n<ul>\n<li>fotoaparatas<\/li>\n<li>Atbaidantys pumpurai<\/li>\n<li>kremas nuo saul\u0117s<\/li>\n<li>Skryb\u0117l\u0117<\/li>\n<li>Patogios kelnes<\/li>\n<li>Sandalai \u012f papl\u016bdim\u012f<\/li>\n<li>Plaukimo apranga<\/li>\n<li>Pinigai suvenyrams ir arbatpinigiams<\/li>\n<\/ul>\n<p>&nbsp;<\/p>\n<h4><b><i>Vie\u0161bu\u010dio pa\u0117mimas<\/i><\/b><\/h4>\n<p>\u0160ios kelion\u0117s metu si\u016blomas pa\u0117mimas i\u0161 vie\u0161bu\u010dio. Pastabose \u012fra\u0161ykite vie\u0161bu\u010dio, i\u0161 kurio norite pasiimti, pavadinim\u0105. Pasiimame i\u0161 vis\u0173 Punta Kanos vie\u0161bu\u010di\u0173.<\/p>\n<p>&nbsp;<\/p>\n<p><b>Pastaba:<\/b> jei u\u017esakym\u0105 pateikiate per 24 valandas iki ekskursijos\/i\u0161vykos i\u0161vykimo laiko, galime susitarti d\u0117l pasi\u0117mimo i\u0161 vie\u0161bu\u010dio. U\u017ebaig\u0119 pirkim\u0105, atsi\u0173sime jums vis\u0105 kontaktin\u0119 informacij\u0105 (telefono numer\u012f, el. pa\u0161to adres\u0105 ir kt.), kad m\u016bs\u0173 vietinis gidas gal\u0117t\u0173 organizuoti pa\u0117mimo i\u0161 vie\u0161bu\u010dio tvark\u0105.<\/p>\n<h4><b><i>Papildomos informacijos patvirtinimas<\/i><\/b><\/h4>\n<ol>\n<li>Bilietai yra kvitas apmok\u0117jus \u0161i\u0105 kelion\u0119. Mok\u0117jim\u0105 galite parodyti savo telefone.<\/li>\n<li>Susitikimo vieta bus gauta po rezervacijos proceso.<\/li>\n<li>Vaikus turi lyd\u0117ti suaug\u0119s asmuo.<\/li>\n<li>pritaikyta ne\u012fgali\u0173j\u0173 ve\u017eim\u0117liams<\/li>\n<li>K\u016bdikiai turi s\u0117d\u0117ti ant keli\u0173<\/li>\n<li>Dalyvauti gali dauguma keliautoj\u0173<\/li>\n<\/ol>\n<h4><b><i>At\u0161aukimo politika<\/i><\/b><\/h4>\n<p>Nor\u0117dami susigr\u0105\u017einti visas l\u0117\u0161as, at\u0161aukite bent 24 valandas iki patirties prad\u017eios datos.<\/p>\n<\/div>\n<\/div>\n<\/div>\n<\/div>\n<\/div>\n<\/div>\n<\/div>\n<\/div>\n<\/div>\n<\/div>\n<\/div>\n<\/div>\n<div class=\"vc_row wpb_row vc_row-fluid\">\n<div class=\"wpb_column vc_column_container vc_col-sm-12\">\n<div class=\"vc_column-inner\">\n<div class=\"wpb_wrapper\">\n<div class=\"vc_empty_space\"><\/div>\n<div class=\"wpb_text_column wpb_content_element\">\n<div class=\"wpb_wrapper\">\n<h4>Susisiekite su mumis?<\/h4>\n<h5><b><i>KELION\u0116 PO SAMAN\u0104 SU BANGINIAIS<\/i><\/b><\/h5>\n<p><em><strong>Vietiniai<\/strong>\u00a0ir\u00a0<strong>Tautie\u010diai<\/strong>\u00a0Gidai ir sve\u010di\u0173 paslaugos<\/em><\/p>\n<p><span class=\"text-turquoise\">Rezervacijos:<\/span>\u00a0Ekskursijos ir ekskursijos Dom Rep.<\/p>\n<p><img decoding=\"async\" class=\"emoji\" draggable=\"false\" src=\"https:\/\/s.w.org\/images\/core\/emoji\/11.2.0\/svg\/1f4de.svg\" alt=\"\ud83d\udcde\" title=\"\">\u00a0Tel\/Whatsapp\u00a0\u00a0<a href=\"tel:+1-809-720-6035\">+1-809-720-6035<\/a>.<\/p>\n<p><img decoding=\"async\" class=\"emoji\" draggable=\"false\" src=\"https:\/\/s.w.org\/images\/core\/emoji\/11.2.0\/svg\/1f4e9.svg\" alt=\"\ud83d\udce9\" title=\"\">\u00a0<a href=\"mailto:info@bookingadventures.com.do\">info@bookingadventures.com.do<\/a><\/p>\n<p><strong>Mes lanks\u010diai nustatome priva\u010dias \u201eWhatsapp\u201c keliones:\u00a0<a href=\"tel:+18097206035\">+18097206035.<\/a><\/strong><\/p>\n<\/div>\n<\/div>\n<\/div>\n<\/div>\n<\/div>\n<\/div>\n\n\t\t<\/div>\n\t<\/div>\n<\/div><\/div><\/div><\/div>","protected":false},"excerpt":{"rendered":"<p>I\u0161 Punta Kanos vie\u0161bu\u010di\u0173 va\u017eiuodami \u012f \u0161iaur\u0119 nuo Punta Kanos m\u0117gausim\u0117s nuostabiais Ryt\u0173 kaln\u0173 grandin\u0117s kra\u0161tovaizd\u017eiais, kol atvyksime \u012f nedidel\u012f \u017evej\u0173 kaimel\u012f Miches\u0105 prie pietin\u0117s Samanos \u012flankos pakrant\u0117s. \u010cia prie\u0161 lipdami \u012f laiv\u0105 \u012f Saman\u0105 pasim\u0117gausite greitais pusry\u010diais. Plauksime gilyn \u012f \u012flank\u0105 steb\u0117ti bangini\u0173. Pirmiausia pasieksime Cayo Levantado sal\u0105, dar vadinam\u0105 Bacardi sala, nes ji labai pana\u0161i \u012f papl\u016bdimius, kuriuose kadaise \"Bacardi\" romas k\u016br\u0117 savo garsi\u0105sias reklamas. Cayo Levantado yra ne kas kita, kaip tropin\u0117 oaz\u0117 - nedidel\u0117 sala vidury vandenyno su turkio spalvos vandeniu ir baltu sm\u0117liu. Po to safaris Samanos bendruomen\u0117je prie kriokli\u0173. Prie kriokli\u0173 El Limonas pasiruo\u0161ia jodin\u0117jimui \u017eirgais arba \u017eygiams p\u0117s\u010diomis. Tai unikalus pilnas nuotykis.<\/p>\n<p>\u012e \u0161i\u0105 kelion\u0119 buvo \u012ftrauktas sustojimas <strong>Limono krioklys<\/strong>. Nor\u0117dami u\u017esisakyti t\u0105 pa\u010di\u0105 kelion\u0119 ir nevyksta \u012f krioklius, pra\u0161ome <a href=\"https:\/\/www.ticketswhales.com\/Tours-Excursions\/tours-excursions-samana-bay-dominican-republic\/whale-watching-2020-in-punta-cana-to-samana-bay-cayo-levantado-bacardi-island-from-hotels\/\">SPAUSKITE \u010cIA.<\/a><\/p>\n<p>&nbsp;<\/p>\n<p><em><strong>Pasirinkite ekskursijos dat\u0105:<\/strong><\/em><\/p>","protected":false},"featured_media":427,"template":"","meta":[],"product_brand":[],"product_cat":[120,232],"product_tag":[390,137,162,364,260,283,345,420,201,141,391,228,147,392,357,271,421,393,234,280,394,236,395],"class_list":{"0":"post-11353","1":"product","2":"type-product","3":"status-publish","4":"has-post-thumbnail","6":"product_cat-fees-entrace","7":"product_cat-whale-watching-samana","8":"product_tag-390","9":"product_tag-bacardi-island","10":"product_tag-cayo-levantado-day-pass","11":"product_tag-cheap-punta-cana-excursions","12":"product_tag-day-trip-punta-cana","13":"product_tag-el-limon-waterfall-and-bacardi-island-tour-from-punta-cana","14":"product_tag-half-day-whale-watching-miches","15":"product_tag-limon-from-punta-cana","16":"product_tag-private-tours-samana","17":"product_tag-punta-cana","18":"product_tag-punta-cana-activities","19":"product_tag-punta-cana-tours","20":"product_tag-samana-bay","21":"product_tag-samana-day-trip","22":"product_tag-samana-day-trip-from-punta-cana","23":"product_tag-samana-whale-watching","24":"product_tag-waterfalls-punta-cana","25":"product_tag-whale-punta-cana","26":"product_tag-whale-samana","27":"product_tag-whale-watching-2020","28":"product_tag-whale-watching-2020-in-punta-cana-to-samana-bay-cayo-levantado-bacardi-island-from-hotels","29":"product_tag-whale-watching-dominican-republic","30":"product_tag-whale-watching-punta-cana","32":"first","33":"instock","34":"sale","35":"sold-individually","36":"shipping-taxable","37":"product-type-external"},"_links":{"self":[{"href":"https:\/\/haitises.com\/lt\/wp-json\/wp\/v2\/product\/11353","targetHints":{"allow":["GET"]}}],"collection":[{"href":"https:\/\/haitises.com\/lt\/wp-json\/wp\/v2\/product"}],"about":[{"href":"https:\/\/haitises.com\/lt\/wp-json\/wp\/v2\/types\/product"}],"wp:featuredmedia":[{"embeddable":true,"href":"https:\/\/haitises.com\/lt\/wp-json\/wp\/v2\/media\/427"}],"wp:attachment":[{"href":"https:\/\/haitises.com\/lt\/wp-json\/wp\/v2\/media?parent=11353"}],"wp:term":[{"taxonomy":"product_brand","embeddable":true,"href":"https:\/\/haitises.com\/lt\/wp-json\/wp\/v2\/product_brand?post=11353"},{"taxonomy":"product_cat","embeddable":true,"href":"https:\/\/haitises.com\/lt\/wp-json\/wp\/v2\/product_cat?post=11353"},{"taxonomy":"product_tag","embeddable":true,"href":"https:\/\/haitises.com\/lt\/wp-json\/wp\/v2\/product_tag?post=11353"}],"curies":[{"name":"wp","href":"https:\/\/api.w.org\/{rel}","templated":true}]}}