{"id":11350,"date":"2021-08-15T20:08:48","date_gmt":"2021-08-15T20:08:48","guid":{"rendered":"http:\/\/haitises.com\/?post_type=product&#038;p=11350"},"modified":"2024-04-05T21:12:32","modified_gmt":"2024-04-05T21:12:32","slug":"bahia-de-las-aguilas-beach-day-trip-by-boat-day-pass-snorkeling-lunch-2","status":"publish","type":"product","link":"https:\/\/haitises.com\/lt\/privatus\/bahia-de-las-aguilas-beach-day-trip-by-boat-day-pass-snorkeling-lunch-2\/","title":{"rendered":"Bah\u00eda de las Aguilas: Beach Day Trip by Boat -Day Pass &#8211; Snorkeling &#038; Lunch"},"content":{"rendered":"<div class=\"vc_row wpb_row vc_row-fluid\" ><div class=\"wpb_column vc_column_container vc_col-sm-12\"><div class=\"vc_column-inner\"><div class=\"wpb_wrapper\">[mkdf_section_title title_tag=\u00bb\u00bb disable_break_words=\u00bbno\u00bb subtitle_tag=\u00bb\u00bb title=\u00bbBah\u00eda de las Aguilas: Beach Day Trip by Boat\u00bb subtitle=\u00bbDay Pass &#8211; Snorkeling &amp; Lunch\u00bb]<\/div><\/div><\/div><\/div><div class=\"vc_row wpb_row vc_row-fluid\" ><div class=\"wpb_column vc_column_container vc_col-sm-12\"><div class=\"vc_column-inner\"><div class=\"wpb_wrapper\">\n\t<div class=\"wpb_text_column wpb_content_element\" >\n\t\t<div class=\"wpb_wrapper\">\n\t\t\t<h4><b><i>Ap\u017evalga<\/i><\/b><\/h4>\n<p>Enjoy a day at the beach and let your spirits flow, far away from the touristy areas and all the stress. Come and discover the Jaragua National park and Bahia de las \u00c1guilas. Drive along a beautiful road with breathtaking views of the small port and fishing village Cabo Rojo. In Las Cuevas you board a boat that takes you on a 15-minute ride to one of the most beautiful natural beaches of the world. The sands of Bah\u00eda de las Aguilas is pristine and the bay covers 8 km. Experience an exceptional coastal landscape with crystal clear water shining in shades reaching from turquoise to opal-blue melting into the horizon. Lunch is served at the beach, go swimming or snorkeling and explore this untouched natural paradise.<\/p>\n<p>&nbsp;<\/p>\n<ul>\n<li>Local Guide with Safety experience in the area.<\/li>\n<li>Private transportation<\/li>\n<li>\u012eskai\u010diuoti mokes\u010diai<\/li>\n<li>Lunch<\/li>\n<li>Local Tour Guide in Spanish, English or French.<\/li>\n<li>\u017dygiai<\/li>\n<li>Snorkeling<\/li>\n<\/ul>\n<h4><b>\u012etraukimai ir i\u0161imtys<\/b><\/h4>\n<p>&nbsp;<\/p>\n<p><b>Inkliuzai<\/b><\/p>\n<ol>\n<li>Local Guide with Safety experiencie in the area.<\/li>\n<li>Private transportation for small groups<\/li>\n<li>Visi mokes\u010diai, rinkliavos ir tvarkymo mokes\u010diai<\/li>\n<li>Vietiniai mokes\u010diai<\/li>\n<li>Lunch<\/li>\n<li>\u017dygiai<\/li>\n<li>Natural Pools<\/li>\n<li>Snorkeling<\/li>\n<li>Visa veikla<\/li>\n<\/ol>\n<p><b>I\u0161imtys<\/b><\/p>\n<ol>\n<li>Arbatpinigiai<\/li>\n<li>All Drinks<\/li>\n<\/ol>\n<h4><em><strong>I\u0161vykimas ir gr\u012f\u017eimas<\/strong><\/em><\/h4>\n<p>The traveler will get a meeting point after the Reservation Process. Tours start and Finish in your meeting points.<\/p>\n<h2 class=\"styles__heading___mD4_3\" data-radium=\"true\">Bah\u00eda de las Aguilas: Beach Day Trip by Boat -Day Pass &#8211; Snorkeling &amp; Lunch<\/h2>\n<h4><em>Ko tik\u0117tis?<\/em><\/h4>\n<p>Playa de las Aguilas was named after the indigenous eagle. It is famously known as the most beautiful beach of the entire country. The park climate is very arid and the vegetation mainly composed of cacti and other desert plants. The red dirt road that runs along the bay is comparable to an African savanna landscape.<br \/>\nDiscover this paradise for fishermen and lovers of white sand beaches and crystal-clear water. But first, travel to the village La Cueva, where local fishermen live inside caves.<\/p>\n<p>Is there anything missing from this picture perfect moment?<\/p>\n<p>The calm sea and light wind will keep you from suffering too much from the sun and heat. Become an explorer for the day and discover an ecological, natural, and totally unspoiled paradise. You can observe more than 130 species of birds, 76 of which live permanently in the bay, 10 are endemic and 47 are migrants.<\/p>\n<p>08.00 \u2013 Departure from your hotel<br \/>\n09.30 \u2013 Short stop at the Laguna de Oviedo to enjoy the view from the viewing platform<br \/>\n11.00 \u2013 Departure by boat from the village La Cueva to the Bahia de las Aguilas<br \/>\n12.30 \u2013 Typical lunch on the beach<br \/>\n03.00 \u2013 Return to La Cueva<br \/>\n06.00 \u2013 Arrival at your hotel<\/p>\n<h4><em><strong>K\u0105 tur\u0117tum atsine\u0161ti?<\/strong><\/em><\/h4>\n<ul>\n<li>fotoaparatas<\/li>\n<li>Atbaidantys pumpurai<\/li>\n<li>Kremas nuo saul\u0117s<\/li>\n<li>Water<\/li>\n<li>Skryb\u0117l\u0117<\/li>\n<li>Patogios kelnes<\/li>\n<li>\u017dygio batai mi\u0161kui<\/li>\n<li>Sandalai pavasario zonoms.<\/li>\n<li>Plaukimo apranga<\/li>\n<\/ul>\n<p>&nbsp;<\/p>\n<h4><b><i>Vie\u0161bu\u010dio pa\u0117mimas<\/i><\/b><\/h4>\n<p>Hotel pick-up is offered for this tour. Pickup\/Transportation from your hotel (area of Barahona\/Paraiso\/Los Patos).<\/p>\n<p><b>Pastaba:<\/b>\u00a0If you are booking within 24 hours of the tour\/Excursion departure time, we can arrangements hotel pick-up. We just pick up in Samana area. Once your purchase is complete, we will send you complete contact information (phone number, email address, etc.) for our local Tour guide to organize pick-up arrangements.<\/p>\n<h4><b><i>Papildomos informacijos patvirtinimas<\/i><\/b><\/h4>\n<ol>\n<li>Bilietai yra kvitas apmok\u0117jus \u0161i\u0105 kelion\u0119. Mok\u0117jim\u0105 galite parodyti savo telefone.<\/li>\n<li>Susitikimo vieta bus gauta po rezervacijos proceso.<\/li>\n<li>Vaikus turi lyd\u0117ti suaug\u0119s asmuo.<\/li>\n<li>Nepritaikoma ne\u012fgaliojo ve\u017eim\u0117liu<\/li>\n<li>K\u016bdikiai turi s\u0117d\u0117ti ant keli\u0173<\/li>\n<li>Nerekomenduojama keliautojams, turintiems nugaros problem\u0173<\/li>\n<li>Nerekomenduojama besilaukian\u010dioms keliautojoms<\/li>\n<li>Joki\u0173 \u0161irdies problem\u0173 ar kit\u0173 rimt\u0173 sveikatos sutrikim\u0173<\/li>\n<li>Dalyvauti gali dauguma keliautoj\u0173<\/li>\n<\/ol>\n<h4><b><i>At\u0161aukimo politika<\/i><\/b><\/h4>\n<p>Jei norite atgauti vis\u0105 sumok\u0117t\u0105 sum\u0105, at\u0161aukite kelion\u0119 likus ne ma\u017eiau kaip 24 valandoms iki jos prad\u017eios. L\u0117\u0161os bus prarastos, jei rezervacija bus at\u0161aukta t\u0105 pa\u010di\u0105 kelion\u0117s dien\u0105.<\/p>\n\n\t\t<\/div>\n\t<\/div>\n<\/div><\/div><\/div><\/div>","protected":false},"excerpt":{"rendered":"<p>Buy a Day Pass Tickets to Bahia las Aguilas from Barahona. Driving through the national park Jaragua and heading to Cabo Rojo, where a boat awaits you. After a 15-minute ride with the boat, you will be reaching the beautiful and isolated Bah\u00eda de las \u00c1guilas, which is considered to be the most beautiful beach in the country. Lunch will be served at the beach and you have the chance to go swimming or just relax on the beach. Enjoy the pristine white sand of this 8 km long beach.<\/p>\n<p>&nbsp;<\/p>\n<p><strong>Select the day for this trip:<\/strong><\/p>","protected":false},"featured_media":500,"template":"","meta":[],"product_brand":[],"product_cat":[396,135],"product_tag":[397,398,399,400,401,402,403,404,405,406,407,408,409,410,411],"class_list":{"0":"post-11350","1":"product","2":"type-product","3":"status-publish","4":"has-post-thumbnail","6":"product_cat-bahia-de-las-aguilas-dominican-republic","7":"product_cat-lunch","8":"product_tag-bahia-de-las-aguilas","9":"product_tag-bahia-de-las-aguilas-pedernales","10":"product_tag-bahia-de-las-aguilas-beach-tour","11":"product_tag-bahia-de-las-aguilas-hoteles","12":"product_tag-bahia-de-las-aguilas-map","13":"product_tag-bahia-de-las-aguilas-private-tour","14":"product_tag-bahia-de-las-aguilas-republica-dominicana-hotel","15":"product_tag-bahia-de-las-aguilas-tour-from-punta-cana","16":"product_tag-bahia-de-las-aguilas-beach-day-trip-by-boat","17":"product_tag-bahia-las-aguilas-tours","18":"product_tag-barahona-tours","19":"product_tag-closest-airport-to-bahia-de-las-aguilas","20":"product_tag-hotel-barahona","21":"product_tag-playa-bahia-de-las-aguilas-dominican-republic","22":"product_tag-tours-a-bahia-de-las-aguilas-desde-santo-domingo","24":"first","25":"instock","26":"sale","27":"sold-individually","28":"shipping-taxable","29":"product-type-external"},"_links":{"self":[{"href":"https:\/\/haitises.com\/lt\/wp-json\/wp\/v2\/product\/11350","targetHints":{"allow":["GET"]}}],"collection":[{"href":"https:\/\/haitises.com\/lt\/wp-json\/wp\/v2\/product"}],"about":[{"href":"https:\/\/haitises.com\/lt\/wp-json\/wp\/v2\/types\/product"}],"wp:featuredmedia":[{"embeddable":true,"href":"https:\/\/haitises.com\/lt\/wp-json\/wp\/v2\/media\/500"}],"wp:attachment":[{"href":"https:\/\/haitises.com\/lt\/wp-json\/wp\/v2\/media?parent=11350"}],"wp:term":[{"taxonomy":"product_brand","embeddable":true,"href":"https:\/\/haitises.com\/lt\/wp-json\/wp\/v2\/product_brand?post=11350"},{"taxonomy":"product_cat","embeddable":true,"href":"https:\/\/haitises.com\/lt\/wp-json\/wp\/v2\/product_cat?post=11350"},{"taxonomy":"product_tag","embeddable":true,"href":"https:\/\/haitises.com\/lt\/wp-json\/wp\/v2\/product_tag?post=11350"}],"curies":[{"name":"wp","href":"https:\/\/api.w.org\/{rel}","templated":true}]}}