{"id":11327,"date":"2021-08-15T20:08:37","date_gmt":"2021-08-15T20:08:37","guid":{"rendered":"http:\/\/haitises.com\/?post_type=product&#038;p=11327"},"modified":"2024-04-09T15:41:07","modified_gmt":"2024-04-09T15:41:07","slug":"samana-cayo-levantado-bacardi-island-and-whale-watching-from-miches-in-catamaran-2","status":"publish","type":"product","link":"https:\/\/haitises.com\/lt\/privatus\/samana-cayo-levantado-bacardi-island-and-whale-watching-from-miches-in-catamaran-2\/","title":{"rendered":"Samana Cayo Levantado (Bacardi Island) and Whale Watching from Miches in Catamaran"},"content":{"rendered":"<div class=\"vc_row wpb_row vc_row-fluid\" ><div class=\"wpb_column vc_column_container vc_col-sm-12\"><div class=\"vc_column-inner\"><div class=\"wpb_wrapper\"><\/div><\/div><\/div><\/div><div class=\"vc_row wpb_row vc_row-fluid\" ><div class=\"wpb_column vc_column_container vc_col-sm-12\"><div class=\"vc_column-inner\"><div class=\"wpb_wrapper\">[mkdf_section_title title_tag=\u00bb\u00bb disable_break_words=\u00bbno\u00bb subtitle_tag=\u00bb\u00bb title=\u00bbCayo Levantado + Whale Watching from Miches in Catamaran\u00bb subtitle=\u00bbMiches Tours &amp; Excursions\u00bb]<div class=\"vc_empty_space\"   style=\"height: 32px\"><span class=\"vc_empty_space_inner\"><\/span><\/div>\n\t<div class=\"wpb_text_column wpb_content_element\" >\n\t\t<div class=\"wpb_wrapper\">\n\t\t\t<div class=\"vc_row wpb_row vc_row-fluid\">\n<div class=\"wpb_column vc_column_container vc_col-sm-12\">\n<div class=\"vc_column-inner\">\n<div class=\"wpb_wrapper\">\n<div class=\"wpb_text_column wpb_content_element\">\n<div class=\"wpb_wrapper\">\n<div class=\"vc_row wpb_row vc_row-fluid\">\n<div class=\"wpb_column vc_column_container vc_col-sm-12\">\n<div class=\"vc_column-inner\">\n<div class=\"wpb_wrapper\">\n<div class=\"wpb_text_column wpb_content_element\">\n<div class=\"wpb_wrapper\">\n<h4><b><i>Ap\u017evalga<\/i><\/b><\/h4>\n<p>Whale watching in Saman\u00e1 bay starting from Miches port in Catamaran.\u00a0 This Trip starts at 9:00 Am and Finishes at 5:00 Pm. Meeting before in Our port at Miches. After aborting our Catamaran or Boat to visit the Whales in their own habitat.<\/p>\n<p>From 9:00 Am until 12:00-noon Whale watching observatory and After this Whale trip we will visit Bacardi Island \/ Cayo Levantado. In Bacardi Island, Lunch Buffet from typical Dominican Style will be provided. When lunch is finished you are allowed to swim until 4:30 pm. Tour will be finished at 5:00 pm at the same port where it will start.<\/p>\n<p>Note: This tour is Not Private.<strong>\u00a0For a Private tour please Contact us.<\/strong><\/p>\n<ul>\n<li>Bangini\u0173 steb\u0117jimo kelion\u0117<\/li>\n<li>\u012e\u0117jimo \u012f observatorij\u0105 mokes\u010diai<\/li>\n<li>\u012eskai\u010diuoti \u0161vedi\u0161ko stalo piet\u016bs papl\u016bdimyje<\/li>\n<li>Val\u010di\u0173 perve\u017eimas<\/li>\n<li>Kapitonas instruktuoja ir pri\u017ei\u016bri<\/li>\n<li>Kelioni\u0173 vadovas<\/li>\n<\/ul>\n<p>&nbsp;<\/p>\n<h4><b>\u012etraukimai ir i\u0161imtys<\/b><\/h4>\n<p>&nbsp;<\/p>\n<p><b>Inkliuzai<\/b><\/p>\n<p>&nbsp;<\/p>\n<ol>\n<li>\u0160vedi\u0161ko stalo piet\u016bs papl\u016bdimyje<\/li>\n<li>Whale watching<\/li>\n<li>Kelioni\u0173 vadovas<\/li>\n<li>Kelion\u0117 katamaranu arba valtimi<\/li>\n<li>Visi mokes\u010diai, rinkliavos ir tvarkymo mokes\u010diai<\/li>\n<li>Vietiniai mokes\u010diai<\/li>\n<li>G\u0117rimai<\/li>\n<li>Alkoholiniai g\u0117rimai<\/li>\n<\/ol>\n<p><b>I\u0161imtys<\/b><\/p>\n<ol>\n<li>Arbatpinigiai<\/li>\n<li>Perve\u017eimo automobilis<\/li>\n<\/ol>\n<p>&nbsp;<\/p>\n<h4><em><strong>I\u0161vykimas ir gr\u012f\u017eimas<\/strong><\/em><\/h4>\n<p>Po u\u017esakymo proceso keliautojas gaus susitikimo viet\u0105. Ekskursijos prasideda ir baigiasi m\u016bs\u0173 susitikimo vietose.<\/p>\n<p>&nbsp;<\/p>\n<h4><b><i>Ko tik\u0117tis?<\/i><\/b><\/h4>\n<p>&nbsp;<\/p>\n<p><em><strong>Gaukite bilietus<\/strong><\/em>\u00a0for a day Whale Watching tour in Saman\u00e1 bay starting from Miches in Catamaran with local drinks plus a wonderful lunch and beach time.<\/p>\n<p>The Daypass for whale watching, organized by \u201cBooking Adventures\u201d starts at the meeting point set with the Tour Guide. Lunch at the beach and you can stay as long as you want swimming around. If you are Vegan we also can set some food for you.<\/p>\n<p><strong>Tvarkara\u0161tis:<\/strong><\/p>\n<p>8:45 AM \u2013 5:00 PM<\/p>\n<p>&nbsp;<\/p>\n<h4><em><strong>K\u0105 tur\u0117tum atsine\u0161ti?<\/strong><\/em><\/h4>\n<ul>\n<li>fotoaparatas<\/li>\n<li>Atbaidantys pumpurai<\/li>\n<li>Kremas nuo saul\u0117s<\/li>\n<li>Skryb\u0117l\u0117<\/li>\n<li>Patogios kelnes<\/li>\n<li>Sandalai \u012f papl\u016bdim\u012f<\/li>\n<li>Plaukimo apranga<\/li>\n<li>Pinigai suvenyrams<\/li>\n<\/ul>\n<p>&nbsp;<\/p>\n<h4><b><i>Vie\u0161bu\u010dio pa\u0117mimas<\/i><\/b><\/h4>\n<p>\u0160ios kelion\u0117s metu perve\u017eimas \u012f vie\u0161but\u012f nesi\u016blomas.<\/p>\n<p>&nbsp;<\/p>\n<p><b>Pastaba:<\/b>\u00a0Jei esate u\u017esakytas per 24 valandas nuo kelion\u0117s\/ekskursijos i\u0161vykimo laiko, galime suorganizuoti pa\u0117mim\u0105 i\u0161 vie\u0161bu\u010dio u\u017e papildomus mokes\u010dius. Kai pirkimas bus baigtas, mes atsi\u0173sime jums vis\u0105 kontaktin\u0119 informacij\u0105 (telefono numer\u012f, el. pa\u0161to adres\u0105 ir kt.), skirt\u0105 m\u016bs\u0173 vietiniam kelioni\u0173 vadovui, kad gal\u0117tume susitarti d\u0117l pa\u0117mimo.<\/p>\n<h4><b><i>Papildomos informacijos patvirtinimas<\/i><\/b><\/h4>\n<ol>\n<li>Bilietai yra kvitas apmok\u0117jus \u0161i\u0105 kelion\u0119. Mok\u0117jim\u0105 galite parodyti savo telefone.<\/li>\n<li>Susitikimo vieta bus gauta po rezervacijos proceso.<\/li>\n<li>Vaikus turi lyd\u0117ti suaug\u0119s asmuo.<\/li>\n<li>pritaikyta ne\u012fgali\u0173j\u0173 ve\u017eim\u0117liams<\/li>\n<li>K\u016bdikiai turi s\u0117d\u0117ti ant keli\u0173<\/li>\n<li>Dalyvauti gali dauguma keliautoj\u0173<\/li>\n<\/ol>\n<h4><b><i>At\u0161aukimo politika<\/i><\/b><\/h4>\n<p>Nor\u0117dami susigr\u0105\u017einti visas l\u0117\u0161as, at\u0161aukite bent 24 valandas iki patirties prad\u017eios datos.<\/p>\n<\/div>\n<\/div>\n<\/div>\n<\/div>\n<\/div>\n<\/div>\n<\/div>\n<\/div>\n<\/div>\n<\/div>\n<\/div>\n<\/div>\n<div class=\"vc_row wpb_row vc_row-fluid\">\n<div class=\"wpb_column vc_column_container vc_col-sm-12\">\n<div class=\"vc_column-inner\">\n<div class=\"wpb_wrapper\">\n<div class=\"vc_empty_space\"><\/div>\n<div class=\"wpb_text_column wpb_content_element\">\n<div class=\"wpb_wrapper\">\n<h4>Susisiekite su mumis?<\/h4>\n<h5><b><i>KELION\u0116 PO SAMAN\u0104 SU BANGINIAIS<\/i><\/b><\/h5>\n<p><em><strong>Vietiniai<\/strong>\u00a0ir\u00a0<strong>Tautie\u010diai<\/strong>\u00a0Gidai ir sve\u010di\u0173 paslaugos<\/em><\/p>\n<p><span class=\"text-turquoise\">Rezervacijos:<\/span>\u00a0Ekskursijos ir ekskursijos Dom Rep.<\/p>\n<p><img decoding=\"async\" class=\"emoji\" draggable=\"false\" src=\"https:\/\/s.w.org\/images\/core\/emoji\/11.2.0\/svg\/1f4de.svg\" alt=\"\ud83d\udcde\" title=\"\">\u00a0Tel\/Whatsapp\u00a0\u00a0<a href=\"tel:+1-809-720-6035\">+1-809-720-6035<\/a>.<\/p>\n<p><img decoding=\"async\" class=\"emoji\" draggable=\"false\" src=\"https:\/\/s.w.org\/images\/core\/emoji\/11.2.0\/svg\/1f4e9.svg\" alt=\"\ud83d\udce9\" title=\"\">\u00a0<a href=\"mailto:info@bookingadventures.com.do\">info@bookingadventures.com.do<\/a><\/p>\n<p><strong>Mes lanks\u010diai nustatome priva\u010dias \u201eWhatsapp\u201c keliones:\u00a0<a href=\"tel:+18097206035\">+18097206035.<\/a><\/strong><\/p>\n<\/div>\n<\/div>\n<\/div>\n<\/div>\n<\/div>\n<\/div>\n\n\t\t<\/div>\n\t<\/div>\n<\/div><\/div><\/div><\/div>","protected":false},"excerpt":{"rendered":"<p>Whale Miches Tours &amp; Excursions. Book Your tickets for whale watching in Samana Bay, Starting from Miches and visiting Cayo Levantado also Knows as Bacardi Island for a Day Pass adventure.<\/p>\n<p>&nbsp;<\/p>\n<p><em><strong>Pasirinkite ekskursijos dat\u0105:<\/strong><\/em><\/p>","protected":false},"featured_media":236,"template":"","meta":[],"product_brand":[],"product_cat":[124,232],"product_tag":[269,270,271,272,273,234,236,274,275,276],"class_list":{"0":"post-11327","1":"product","2":"type-product","3":"status-publish","4":"has-post-thumbnail","6":"product_cat-tours-excursions-samana-bay-dominican-republic","7":"product_cat-whale-watching-samana","8":"product_tag-miches-whale-watching","9":"product_tag-samana-dominican-republic","10":"product_tag-samana-whale-watching","11":"product_tag-samana-whale-watching-price","12":"product_tag-things-to-do-in-dominican-republic","13":"product_tag-whale-samana","14":"product_tag-whale-watching-dominican-republic","15":"product_tag-whale-watching-miches","16":"product_tag-whale-watching-miches-dominican-republic","17":"product_tag-when-to-see-whales-dominican-republic","19":"first","20":"instock","21":"sale","22":"sold-individually","23":"shipping-taxable","24":"product-type-external"},"_links":{"self":[{"href":"https:\/\/haitises.com\/lt\/wp-json\/wp\/v2\/product\/11327","targetHints":{"allow":["GET"]}}],"collection":[{"href":"https:\/\/haitises.com\/lt\/wp-json\/wp\/v2\/product"}],"about":[{"href":"https:\/\/haitises.com\/lt\/wp-json\/wp\/v2\/types\/product"}],"wp:featuredmedia":[{"embeddable":true,"href":"https:\/\/haitises.com\/lt\/wp-json\/wp\/v2\/media\/236"}],"wp:attachment":[{"href":"https:\/\/haitises.com\/lt\/wp-json\/wp\/v2\/media?parent=11327"}],"wp:term":[{"taxonomy":"product_brand","embeddable":true,"href":"https:\/\/haitises.com\/lt\/wp-json\/wp\/v2\/product_brand?post=11327"},{"taxonomy":"product_cat","embeddable":true,"href":"https:\/\/haitises.com\/lt\/wp-json\/wp\/v2\/product_cat?post=11327"},{"taxonomy":"product_tag","embeddable":true,"href":"https:\/\/haitises.com\/lt\/wp-json\/wp\/v2\/product_tag?post=11327"}],"curies":[{"name":"wp","href":"https:\/\/api.w.org\/{rel}","templated":true}]}}