{"id":551,"date":"2020-06-19T20:10:32","date_gmt":"2020-06-19T20:10:32","guid":{"rendered":"http:\/\/haitises.com\/?post_type=product&#038;p=551"},"modified":"2023-10-14T21:50:12","modified_gmt":"2023-10-14T21:50:12","slug":"excursion-al-los-haitises-y-cano-hondo-desde-samana","status":"publish","type":"product","link":"https:\/\/haitises.com\/lo\/\u0eaa\u0ec8\u0ea7\u0e99\u0e95\u0ebb\u0ea7\/excursion-al-los-haitises-y-cano-hondo-desde-samana\/","title":{"rendered":"\u0e97\u0ec8\u0ebd\u0ea7 Los Haitises \u0ec1\u0ea5\u0eb0 Ca\u00f1o Hondo \u0e88\u0eb2\u0e81 Saman\u00e1"},"content":{"rendered":"<div class=\"vc_row wpb_row vc_row-fluid\" ><div class=\"wpb_column vc_column_container vc_col-sm-12\"><div class=\"vc_column-inner\"><div class=\"wpb_wrapper\">[mkdf_section_title subtitle_tag=\u00bb\u00bb subtitle=\u00bbAlmuerzo y Nataci\u00f3n en Piscinas Naturales\u00bb]<\/div><\/div><\/div><\/div><div class=\"vc_row wpb_row vc_row-fluid\" ><div class=\"wpb_column vc_column_container vc_col-sm-12\"><div class=\"vc_column-inner\"><div class=\"wpb_wrapper\">\n\t<div class=\"wpb_text_column wpb_content_element\" >\n\t\t<div class=\"wpb_wrapper\">\n\t\t\t<h2>\u0ead\u0eb8\u0e97\u0eb0\u0e8d\u0eb2\u0e99\u0ec1\u0eab\u0ec8\u0e87\u0e8a\u0eb2\u0e94 Los Haitises + \u0ead\u0eb2\u0eab\u0eb2\u0e99\u0e97\u0ec8\u0ebd\u0e87\u0ec3\u0e99 Cano Hondo \u0e88\u0eb2\u0e81\u0e97\u0ec8\u0eb2\u0ec0\u0eae\u0eb7\u0ead Saman\u00e1.<\/h2>\n<h3><em>\u0ea5\u0eb2\u0e8d\u0ea5\u0eb0\u0ead\u0ebd\u0e94<\/em><\/h3>\n<p>\u0ead\u0eb8\u0e97\u0eb0\u0e8d\u0eb2\u0e99\u0ec1\u0eab\u0ec8\u0e87\u0e8a\u0eb2\u0e94 Los Haitises \u0ec0\u0ea5\u0eb5\u0ec8\u0ea1\u0e95\u0ebb\u0ec9\u0e99\u0e88\u0eb2\u0e81\u0e97\u0ec8\u0eb2\u0ec0\u0eae\u0eb7\u0ead Saman\u00e1 \u0e9a\u0ea7\u0e81\u0e81\u0eb1\u0e9a\u0ead\u0eb2\u0eab\u0eb2\u0e99\u0e97\u0ec8\u0ebd\u0e87\u0e97\u0eb5\u0ec8\u0e9b\u0eb0\u0ec0\u0eaa\u0eb5\u0e94 \u0ec1\u0ea5\u0eb0\u0ea5\u0ead\u0e8d\u0e99\u0ec9\u0ecd\u0eb2\u0ec3\u0e99\u0e99\u0ec9\u0ecd\u0eb2\u0e9e\u0eb8\u0e97\u0ecd\u0eb2\u0ea1\u0eb0\u0e8a\u0eb2\u0e94\u0e97\u0eb5\u0ec8 Ca\u00f1o Hondo Ecolodge. \u0ea1\u0eb2\u0e81\u0eb1\u0e9a\u0e9e\u0ea7\u0e81\u0ec0\u0eae\u0ebb\u0eb2\u0ec1\u0ea5\u0eb0\u0ec4\u0e9b\u0ea2\u0ec9\u0ebd\u0ea1\u0ea2\u0eb2\u0ea1\u0eaa\u0ea7\u0e99\u0eaa\u0eb2\u0e97\u0eb2\u0ea5\u0eb0\u0ec1\u0eab\u0ec8\u0e87\u0e8a\u0eb2\u0e94\u0e97\u0eb5\u0ec8\u0eaa\u0ea7\u0e8d\u0e87\u0eb2\u0ea1\u0e97\u0eb5\u0ec8\u0eaa\u0eb8\u0e94\u0ec3\u0e99\u0eaa\u0eb2\u0e97\u0eb2\u0ea5\u0eb0\u0e99\u0eb0\u0ea5\u0eb1\u0e94\u0ec2\u0e94\u0ea1\u0eb4\u0e99\u0eb4\u0e81\u0eb1\u0e99, \u0ec4\u0e9b\u0ea2\u0ec9\u0ebd\u0ea1\u0ea2\u0eb2\u0ea1 mangroves, \u0e96\u0ec9\u0ecd\u0eb2\u0ec1\u0ea5\u0eb0 San Lorenzo Bay, \u0ec0\u0e8a\u0eb1\u0ec8\u0e99\u0e94\u0ebd\u0ea7\u0e81\u0eb1\u0e99\u0e81\u0eb1\u0e9a\u0e82\u0ec9\u0eb2\u0ea1\u0ead\u0ec8\u0eb2\u0ea7 Saman\u00e1 \u0e97\u0eb5\u0ec8\u0eaa\u0ea7\u0e8d\u0e87\u0eb2\u0ea1. \u0eab\u0ebc\u0eb1\u0e87\u0e88\u0eb2\u0e81\u0e81\u0eb4\u0e99\u0ec0\u0e82\u0ebb\u0ec9\u0eb2\u0e97\u0ec8\u0ebd\u0e87\u0ea2\u0eb9\u0ec8 Ca\u00f1o Hondo, \u0e97\u0ec8\u0eb2\u0e99\u0e88\u0eb0\u0ec4\u0e94\u0ec9\u0ea1\u0eb5\u0ec2\u0ead\u0e81\u0eb2\u0e94\u0ea5\u0ead\u0e8d\u0e99\u0ec9\u0ecd\u0eb2\u0ec3\u0e99\u0eaa\u0eb0\u0ea5\u0ead\u0e8d\u0e99\u0ec9\u0ecd\u0eb2\u0e97\u0ecd\u0eb2\u0ea1\u0eb0\u0e8a\u0eb2\u0e94\u0eaa\u0ead\u0e87\u0eaa\u0eb2\u0ea1\u0e8a\u0ebb\u0ec8\u0ea7\u0ec2\u0ea1\u0e87\u0ec1\u0ea5\u0eb0\u0eab\u0ebc\u0eb1\u0e87\u0e88\u0eb2\u0e81\u0e99\u0eb1\u0ec9\u0e99\u0e81\u0eb1\u0e9a\u0e84\u0eb7\u0e99\u0eaa\u0eb9\u0ec8\u0e97\u0ec8\u0eb2\u0ec0\u0eae\u0eb7\u0ead Saman\u00e1.<\/p>\n<p>\u0eab\u0ebc\u0eb1\u0e87\u0e88\u0eb2\u0e81\u0e9b\u0eb0\u0eaa\u0ebb\u0e9a\u0e81\u0eb2\u0e99\u0e99\u0eb5\u0ec9, \u0e97\u0ec8\u0eb2\u0e99\u0e88\u0eb0\u0e81\u0eb1\u0e9a\u0e84\u0eb7\u0e99\u0eaa\u0eb9\u0ec8\u0e97\u0ec8\u0eb2\u0ec0\u0eae\u0eb7\u0ead Saman\u00e1.<\/p>\n<ul>\n<li>\u0ea5\u0ea7\u0ea1\u0e9e\u0eb2\u0eaa\u0eb5<\/li>\n<li>\u0e84\u0eb9\u0ec8\u0ea1\u0eb7\u0ec3\u0eab\u0ec9\u0e84\u0ecd\u0eb2\u0ec1\u0e99\u0eb0\u0e99\u0ecd\u0eb2\u0ec1\u0ea5\u0eb0\u0e81\u0eb2\u0e99\u0e8a\u0eb5\u0ec9\u0e99\u0ecd\u0eb2.<\/li>\n<\/ul>\n<h3>\u0e81\u0eb2\u0e99\u0ea5\u0ea7\u0ea1\u0ec1\u0ea5\u0eb0\u0e81\u0eb2\u0e99\u0e8d\u0ebb\u0e81\u0ec0\u0ea7\u0eb1\u0ec9\u0e99<\/h3>\n<h4>\u0ea5\u0ea7\u0ea1<\/h4>\n<ol>\n<li>\u0e81\u0eb2\u0e99\u0e97\u0ec8\u0ead\u0e87\u0e97\u0ec8\u0ebd\u0ea7 Los Haitises + \u0e96\u0ec9\u0ecd\u0eb2 \u0ec1\u0ea5\u0eb0\u0eae\u0eb9\u0e9a\u0e9e\u0eb2\u0e9a<\/li>\n<li>\u0ead\u0eb2\u0eab\u0eb2\u0e99\u0e97\u0ec8\u0ebd\u0e87\u0ec3\u0e99Ca\u00f1o Hondo<\/li>\n<li>\u0ea5\u0ead\u0e8d\u0ea2\u0eb9\u0ec8\u0ec3\u0e99\u0eaa\u0eb0\u0ea5\u0ead\u0e8d\u0e99\u0ec9\u0ecd\u0eb2\u0e97\u0ecd\u0eb2\u0ea1\u0eb0\u0e8a\u0eb2\u0e94<\/li>\n<li>\u0e9e\u0eb2\u0eaa\u0eb5, \u0e84\u0ec8\u0eb2\u0e97\u0eb3\u0e99\u0ebd\u0ea1 \u0ec1\u0ea5\u0eb0\u0e84\u0ec8\u0eb2\u0e88\u0eb1\u0e94\u0e81\u0eb2\u0e99\u0e97\u0eb1\u0e87\u0edd\u0ebb\u0e94.<\/li>\n<li>\u0e9e\u0eb2\u0eaa\u0eb5\u0e97\u0ec9\u0ead\u0e87\u0e96\u0eb4\u0ec8\u0e99<\/li>\n<li>\u0ec0\u0e84\u0eb7\u0ec8\u0ead\u0e87\u0e94\u0eb7\u0ec8\u0ea1<\/li>\n<li>\u0e81\u0eb4\u0e94\u0e88\u0eb0\u0e81\u0ecd\u0eb2\u0e97\u0eb1\u0e87\u0eab\u0ea1\u0ebb\u0e94<\/li>\n<li>\u0e84\u0eb9\u0ec8\u0ea1\u0eb7\u0e97\u0ec9\u0ead\u0e87\u0e96\u0eb4\u0ec8\u0e99<\/li>\n<\/ol>\n<h4>\u0e81\u0eb2\u0e99\u0e8d\u0ebb\u0e81\u0ec0\u0ea7\u0eb1\u0ec9\u0e99<\/h4>\n<ol>\n<li>\u0ec0\u0e84\u0eb1\u0e94\u0ea5\u0eb1\u0e9a<\/li>\n<li>\u0ec2\u0ead\u0e99<\/li>\n<li>\u0ec0\u0e84\u0eb7\u0ec8\u0ead\u0e87\u0e94\u0eb7\u0ec8\u0ea1\u0ec1\u0ead\u0e99\u0e81\u0ecd\u0eae\u0ecd<\/li>\n<\/ol>\n<h3><em>\u0ead\u0ead\u0e81\u0ec0\u0e94\u0eb5\u0e99\u0e97\u0eb2\u0e87 \u0ec1\u0ea5\u0eb0\u0e81\u0eb1\u0e9a\u0e84\u0eb7\u0e99<\/em><\/h3>\n<p>\u0e99\u0eb1\u0e81\u0e97\u0ec8\u0ead\u0e87\u0e97\u0ec8\u0ebd\u0ea7\u0e88\u0eb0\u0ec4\u0e94\u0ec9\u0eae\u0eb1\u0e9a\u0e88\u0eb8\u0e94\u0e99\u0eb1\u0e94\u0e9e\u0ebb\u0e9a\u0eab\u0ebc\u0eb1\u0e87\u0e88\u0eb2\u0e81\u0e82\u0eb1\u0ec9\u0e99\u0e95\u0ead\u0e99\u0e81\u0eb2\u0e99\u0e88\u0ead\u0e87. \u0e81\u0eb2\u0e99\u0e97\u0ec8\u0ead\u0e87\u0e97\u0ec8\u0ebd\u0ea7\u0ec0\u0ea5\u0eb5\u0ec8\u0ea1\u0e95\u0ebb\u0ec9\u0e99 \u0ec1\u0ea5\u0eb0\u0eaa\u0eb4\u0ec9\u0e99\u0eaa\u0eb8\u0e94\u0ea2\u0eb9\u0ec8\u0e97\u0eb5\u0ec8\u0e88\u0eb8\u0e94\u0e99\u0eb1\u0e94\u0e9e\u0ebb\u0e9a\u0e82\u0ead\u0e87\u0e9e\u0ea7\u0e81\u0ec0\u0eae\u0ebb\u0eb2.<\/p>\n<h3><em>\u0eaa\u0eb4\u0ec8\u0e87\u0e97\u0eb5\u0ec8\u0e84\u0eb2\u0e94\u0eab\u0ea7\u0eb1\u0e87?<\/em><\/h3>\n<p>\u0ec0\u0ead\u0ebb\u0eb2\u0e9b\u0eb5\u0ec9\u0e82\u0ead\u0e87\u0e97\u0ec8\u0eb2\u0e99\u0ec0\u0e9e\u0eb7\u0ec8\u0ead\u0ec4\u0e9b\u0ea2\u0ec9\u0ebd\u0ea1\u0ea2\u0eb2\u0ea1 Los Haitises National Park \u0e81\u0eb1\u0e9a\u0ead\u0eb2\u0eab\u0eb2\u0e99\u0e97\u0ec8\u0ebd\u0e87\u0e97\u0eb5\u0ec8\u0e9b\u0eb0\u0ec0\u0eaa\u0eb5\u0e94\u0e97\u0eb5\u0ec8 Ca\u00f1o Hondo \u0ec1\u0ea5\u0eb0\u0ea5\u0ead\u0e8d\u0e99\u0ec9\u0ecd\u0eb2\u0ec3\u0e99\u0eaa\u0eb0\u0e99\u0eb8\u0e81\u0ec0\u0e81\u0eb5\u0e97\u0ecd\u0eb2\u0ea1\u0eb0\u0e8a\u0eb2\u0e94.<\/p>\n<p>\u0ec0\u0ea5\u0eb5\u0ec8\u0ea1\u0e95\u0ebb\u0ec9\u0e99\u0e88\u0eb2\u0e81\u0e97\u0ec8\u0eb2\u0ec0\u0eae\u0eb7\u0ead Saman\u00e1 \u0ea2\u0eb9\u0ec8\u0ec0\u0e97\u0eb4\u0e87\u0ec0\u0eae\u0eb7\u0ead\u0eab\u0ebc\u0eb7 catamaran \u0e81\u0eb1\u0e9a\u0e9c\u0eb9\u0ec9\u0e99\u0ecd\u0eb2\u0e97\u0ec8\u0ebd\u0ea7\u0e97\u0ec9\u0ead\u0e87\u0e96\u0eb4\u0ec8\u0e99, \u0e9e\u0ea7\u0e81\u0ec0\u0eae\u0ebb\u0eb2\u0e9c\u0ec8\u0eb2\u0e99\u0ead\u0ec8\u0eb2\u0ea7 Saman\u00e1 \u0e95\u0ecd\u0ec8\u0ec4\u0e9b\u0e81\u0eb1\u0e9a Sabana de la Mar \u0ec0\u0e9e\u0eb7\u0ec8\u0ead\u0ec4\u0e9b\u0ea2\u0ec9\u0ebd\u0ea1\u0ea2\u0eb2\u0ea1\u0eab\u0e99\u0eb6\u0ec8\u0e87\u0ec3\u0e99\u0eaa\u0ea7\u0e99\u0eaa\u0eb2\u0e97\u0eb2\u0ea5\u0eb0\u0ec1\u0eab\u0ec8\u0e87\u0e8a\u0eb2\u0e94\u0e97\u0eb5\u0ec8\u0eaa\u0ea7\u0e8d\u0e87\u0eb2\u0ea1\u0e97\u0eb5\u0ec8\u0eaa\u0eb8\u0e94\u0ec3\u0e99\u0eaa\u0eb2\u0e97\u0eb2\u0ea5\u0eb0\u0e99\u0eb0\u0ea5\u0eb1\u0e94\u0ec2\u0e94\u0ea1\u0eb4\u0e99\u0eb4\u0e81\u0eb1\u0e99.<\/p>\n<h5>\u0ead\u0eb8\u0e97\u0eb0\u0e8d\u0eb2\u0e99\u0ec1\u0eab\u0ec8\u0e87\u0e8a\u0eb2\u0e94 Los Haitises.<\/h5>\n<p>\u0ea2\u0ec9\u0ebd\u0ea1\u0ea2\u0eb2\u0ea1\u0ec0\u0e81\u0eb2\u0eb0\u0e97\u0eb5\u0ec8\u0ea1\u0eb5\u0e99\u0ebb\u0e81\u0ead\u0ec9\u0ead\u0ea1\u0eae\u0ead\u0e9a. \u0ec3\u0e99\u0ea5\u0eb0\u0e94\u0eb9\u0e81\u0eb2\u0e99\u0ec0\u0eae\u0eb1\u0e94\u0eae\u0eb1\u0e87, \u0e9e\u0ea7\u0e81\u0ec0\u0eae\u0ebb\u0eb2\u0e8d\u0eb1\u0e87\u0eaa\u0eb2\u0ea1\u0eb2\u0e94\u0ec0\u0eab\u0eb1\u0e99\u0ea5\u0eb9\u0e81\u0ec4\u0e81\u0ec8 pelican \u0ec3\u0e99\u0eae\u0eb1\u0e87. \u0ea5\u0ebb\u0e87\u0ec0\u0ea5\u0eb4\u0e81\u0ec0\u0e82\u0ebb\u0ec9\u0eb2\u0ec4\u0e9b\u0ec3\u0e99\u0ec0\u0e81\u0eb2\u0eb0\u0eab\u0eb5\u0e99\u0ec1\u0ea5\u0eb0\u0ec4\u0e9b\u0ea2\u0ec9\u0ebd\u0ea1\u0ea2\u0eb2\u0ea1\u0e96\u0ec9\u0ecd\u0eb2\u0e97\u0eb5\u0ec8\u0ea1\u0eb5\u0eae\u0eb9\u0e9a\u0eaa\u0eb1\u0e99\u0e8d\u0eb2\u0ea5\u0eb1\u0e81\u0ec1\u0ea5\u0eb0 petroglyphs \u0e82\u0ead\u0e87\u0e9b\u0eb0\u0e8a\u0eb2\u0e8a\u0ebb\u0e99\u0e9e\u0eb7\u0ec9\u0e99\u0ec0\u0ea1\u0eb7\u0ead\u0e87.<\/p>\n<p>El recorrido, organizado por \u00abBooking Adventures\u00bb, comienza en el punto de encuentro establecido con el gu\u00eda tur\u00edstico. Ven con Booking Adventures y comienza a observar algunos manglares llenos de aves, colinas onduladas de exuberante vegetaci\u00f3n y cuevas del Parque Nacional Los Haitises.<\/p>\n<p>El nombre del parque nacional proviene de sus habitantes originales, los indios ta\u00ednos. En su idioma, \u00abHaitises\u00bb se traduce a tierras altas o colinas, una referencia a las empinadas formaciones geol\u00f3gicas de la costa con calizas. Avent\u00farate en el parque para explorar cuevas como la Cueva de la Arena y la Cueva de la L\u00ednea.<\/p>\n<p>\u0e96\u0ec9\u0ecd\u0eb2\u0ec3\u0e99\u0eaa\u0eb0\u0eab\u0e87\u0ea7\u0e99\u0ec4\u0e94\u0ec9\u0e96\u0eb7\u0e81\u0e99\u0ecd\u0eb2\u0ec3\u0e8a\u0ec9\u0ec0\u0e9b\u0eb1\u0e99\u0e97\u0eb5\u0ec8\u0e9e\u0eb1\u0e81\u0ead\u0eb2\u0ec4\u0eaa\u0ec2\u0e94\u0e8d\u0e8a\u0eb2\u0ea7\u0ead\u0eb4\u0e99\u0ec0\u0e94\u0e8d Ta\u00edno \u0ec1\u0ea5\u0eb0, \u0e95\u0ecd\u0ec8\u0ea1\u0eb2, \u0ec2\u0e94\u0e8d\u0ec2\u0e88\u0e99\u0eaa\u0eb0\u0eab\u0ea5\u0eb1\u0e94\u0e97\u0eb5\u0ec8\u0ec0\u0e8a\u0eb7\u0ec8\u0ead\u0e87\u0ec4\u0ea7\u0ec9. \u0e8a\u0ead\u0e81\u0eab\u0eb2\u0eae\u0eb9\u0e9a\u0ec1\u0e95\u0ec9\u0ea1\u0e82\u0ead\u0e87\u0e8a\u0eb2\u0ea7\u0ead\u0eb4\u0e99\u0ec0\u0e94\u0e8d\u0e97\u0eb5\u0ec8\u0e95\u0ebb\u0e81\u0ec1\u0e95\u0ec8\u0e87\u0e9a\u0eb2\u0e87\u0e9d\u0eb2.<\/p>\n<p>\u0eab\u0ebc\u0eb1\u0e87\u0e88\u0eb2\u0e81\u0ea2\u0ec9\u0ebd\u0ea1\u0ea2\u0eb2\u0ea1\u0e9b\u0ec8\u0eb2\u0eaa\u0eb0\u0eab\u0e87\u0ea7\u0e99\u0ec1\u0eab\u0ec8\u0e87\u0e8a\u0eb2\u0e94 Los Haitises \u0e9e\u0ea7\u0e81\u0ec0\u0eae\u0ebb\u0eb2\u0e88\u0eb0\u0ec4\u0e9b Cano Hondo. \u0ec3\u0e99 Cano Hondo \u0e97\u0ec8\u0eb2\u0e99\u0e88\u0eb0\u0eae\u0ebd\u0e99\u0eae\u0eb9\u0ec9\u0e81\u0ec8\u0ebd\u0ea7\u0e81\u0eb1\u0e9a\u0e9b\u0eb0\u0eab\u0ea7\u0eb1\u0e94\u0eaa\u0eb2\u0e94\u0e94\u0ec9\u0eb2\u0e99\u0e99\u0eb4\u0ec0\u0ea7\u0e94\u0ea7\u0eb4\u0e97\u0eb0\u0e8d\u0eb2\u0e99\u0eb5\u0ec9\u0ec1\u0ea5\u0eb0\u0ec3\u0e8a\u0ec9\u0ec0\u0ea7\u0ea5\u0eb2\u0e97\u0ec8\u0ebd\u0e87\u0e81\u0eb1\u0e9a\u0ead\u0eb2\u0eab\u0eb2\u0e99\u0e9b\u0ebb\u0e81\u0e81\u0eb0\u0e95\u0eb4\u0e82\u0ead\u0e87\u0e8a\u0eb8\u0ea1\u0e8a\u0ebb\u0e99 Sabana de la mar.<\/p>\n<p>\u0ead\u0eb2\u0eab\u0eb2\u0e99\u0e97\u0ec8\u0ebd\u0e87\u0e88\u0eb0\u0ec1\u0e8a\u0e9a \u0ec1\u0e95\u0ec8\u0e9e\u0ea7\u0e81\u0ec0\u0eae\u0ebb\u0eb2\u0e8d\u0eb1\u0e87\u0e9a\u0ecd\u0ec8\u0e97\u0eb1\u0e99\u0ec0\u0eae\u0eb1\u0e94\u0ec0\u0e97\u0eb7\u0ec8\u0ead. \u0eab\u0ebc\u0eb1\u0e87\u0e88\u0eb2\u0e81\u0ead\u0eb2\u0eab\u0eb2\u0e99\u0e97\u0ec8\u0ebd\u0e87, \u0e9e\u0ea7\u0e81\u0ec0\u0eae\u0ebb\u0eb2\u0e88\u0eb0\u0ea5\u0ead\u0e8d\u0ea2\u0eb9\u0ec8\u0ec3\u0e99\u0eaa\u0eb0\u0ea5\u0ead\u0e8d\u0e99\u0ec9\u0ecd\u0eb2\u0e97\u0ecd\u0eb2\u0ea1\u0eb0\u0e8a\u0eb2\u0e94\u0e88\u0eb2\u0e81\u0ec1\u0ea1\u0ec8\u0e99\u0ec9\u0ecd\u0eb2 Jibales, \u0e99\u0ec9\u0ecd\u0eb2\u0ec4\u0e9b\u0eab\u0eb2\u0ec1\u0ea1\u0ec8\u0e99\u0ec9\u0ecd\u0eb2Ca\u00f1o Hondo. \u0ea2\u0eb9\u0ec8\u0e97\u0eb5\u0ec8 Ca\u00f1o Hondo \u0e88\u0ebb\u0e99\u0e81\u0ec8\u0ea7\u0eb2 4:00 \u0ec2\u0ea1\u0e87\u0ec1\u0ea5\u0e87\u0ec1\u0ea5\u0eb0\u0e81\u0eb1\u0e9a\u0e84\u0eb7\u0e99\u0eaa\u0eb9\u0ec8\u0e97\u0ec8\u0eb2\u0ec0\u0eae\u0eb7\u0ead Saman\u00e1, \u0e9e\u0ea7\u0e81\u0ec0\u0eae\u0ebb\u0eb2\u0e88\u0eb0\u0e9c\u0ec8\u0eb2\u0e99\u0e9b\u0ec8\u0eb2\u0e94\u0ebb\u0e87\u0e94\u0eb4\u0e9a\u0ead\u0eb5\u0e81\u0ec0\u0e97\u0eb7\u0ec8\u0ead\u0eab\u0e99\u0eb6\u0ec8\u0e87\u0ec1\u0ea5\u0eb0\u0ea1\u0eb2\u0eae\u0ead\u0e94\u0ead\u0ec8\u0eb2\u0ea7\u0ec0\u0e9b\u0eb5\u0e94\u0e82\u0ead\u0e87 San Lorenzo, \u0e88\u0eb2\u0e81\u0e9a\u0ec8\u0ead\u0e99\u0e97\u0eb5\u0ec8\u0e97\u0ec8\u0eb2\u0e99\u0eaa\u0eb2\u0ea1\u0eb2\u0e94\u0e96\u0ec8\u0eb2\u0e8d\u0eae\u0eb9\u0e9a\u0e97\u0eb4\u0ea7\u0e97\u0eb1\u0e94\u0e9b\u0ec8\u0eb2\u0ec4\u0ea1\u0ec9\u0e97\u0eb5\u0ec8\u0ead\u0eb8\u0e94\u0ebb\u0ea1\u0eaa\u0ebb\u0ea1\u0e9a\u0eb9\u0e99. \u0ec0\u0e9a\u0eb4\u0ec8\u0e87\u0ead\u0ead\u0e81\u0ec4\u0e9b\u0ec3\u0e99\u0e99\u0ec9\u0ecd\u0eb2\u0ec0\u0e9e\u0eb7\u0ec8\u0ead\u0ec0\u0e9a\u0eb4\u0ec8\u0e87 manatees, crustaceans \u0ec1\u0ea5\u0eb0 dolphins.<\/p>\n<p>\u0e88\u0ebb\u0e99\u0e81\u0ec8\u0ea7\u0eb2\u0e9b\u0eb1\u0e94\u0e88\u0eb8\u0e9a\u0eb1\u0e99\u0e97\u0ec8\u0eb2\u0e99\u0e88\u0eb0\u0ec4\u0e94\u0ec9\u0e95\u0ebb\u0e81\u0ea5\u0ebb\u0e87\u0e81\u0eb1\u0e9a\u0e9c\u0eb9\u0ec9\u0e99\u0ecd\u0eb2\u0e97\u0ec8\u0ebd\u0ea7\u0ec1\u0ea5\u0eb0\u0eab\u0ebc\u0eb1\u0e87\u0e88\u0eb2\u0e81\u0e99\u0eb5\u0ec9\u0ec4\u0e9b\u0eab\u0eb2\u0e97\u0ec8\u0eb2\u0ec0\u0eae\u0eb7\u0ead Cano Hondo \u0ec1\u0ea5\u0eb0\u0e82\u0eb5\u0ec8\u0ec0\u0eae\u0eb7\u0ead\u0e81\u0eb1\u0e9a\u0e84\u0eb7\u0e99\u0eaa\u0eb9\u0ec8\u0e97\u0ec8\u0eb2\u0ec0\u0eae\u0eb7\u0ead Saman\u00e1 \u0e9c\u0ec8\u0eb2\u0e99\u0ead\u0ec8\u0eb2\u0ea7 Saman\u00e1 30 \u0e99\u0eb2\u0e97\u0eb5.<\/p>\n<p>\u0ec3\u0e99\u0e81\u0ecd\u0ea5\u0eb0\u0e99\u0eb5\u0e97\u0eb5\u0ec8\u0e97\u0ec8\u0eb2\u0e99\u0ea1\u0eb1\u0e81\u0e81\u0eb2\u0e99\u0ec0\u0e94\u0eb5\u0e99\u0e97\u0eb2\u0e87\u0e99\u0eb5\u0ec9\u0eab\u0ebc\u0eb2\u0e8d, \u0e9e\u0ea7\u0e81\u0ec0\u0eae\u0ebb\u0eb2\u0ea1\u0eb5\u0e97\u0eb2\u0e87\u0ec0\u0ea5\u0eb7\u0ead\u0e81\u0ec0\u0eab\u0ebc\u0ebb\u0ec8\u0eb2\u0e99\u0eb5\u0ec9:<\/p>\n<p>Los Haitises + Cayo Levantado \u0e88\u0eb2\u0e81\u0e97\u0ec8\u0eb2\u0ec0\u0eae\u0eb7\u0ead Saman\u00e1.<\/p>\n<h3><em>\u0ec0\u0e88\u0ebb\u0ec9\u0eb2\u0e84\u0ea7\u0e99\u0ec0\u0ead\u0ebb\u0eb2\u0eab\u0e8d\u0eb1\u0e87\u0ea1\u0eb2?<\/em><\/h3>\n<ul>\n<li>\u0e81\u0ec9\u0ead\u0e87\u200b\u0e96\u0ec8\u0eb2\u0e8d\u200b\u0eae\u0eb9\u0e9a<\/li>\n<li>\u0ea2\u0eb2\u0e95\u0ec9\u0eb2\u0e99\u0ec0\u0e8a\u0eb7\u0ec9\u0ead<\/li>\n<li>\u0e84\u0eb5\u0ea1\u0e81\u0eb1\u0e99\u0ec1\u0e94\u0e94<\/li>\n<li>\u0edd\u0ea7\u0e81<\/li>\n<li>\u0e81\u0eb2\u0e87\u0ec0\u0e81\u0e87\u0e97\u0eb5\u0ec8\u0eaa\u0eb0\u0e94\u0ea7\u0e81\u0eaa\u0eb0\u0e9a\u0eb2\u0e8d<\/li>\n<li>\u0ec0\u0e81\u0eb5\u0e9a\u0e8d\u0ec8\u0eb2\u0e87\u0e9b\u0ec8\u0eb2<\/li>\n<li>Sandals \u0e81\u0eb1\u0e9a\u0ec0\u0e82\u0e94\u0e9e\u0eb2\u0e81\u0eae\u0ebd\u0e99 spring.<\/li>\n<li>\u0e8a\u0eb8\u0e94\u0ea5\u0ead\u0e8d\u0e99\u0ecd\u0ec9\u0eb2<\/li>\n<\/ul>\n<h3><em>\u0ec4\u0e9b\u0eae\u0eb1\u0e9a\u0ec2\u0eae\u0e87\u0ec1\u0eae\u0ea1<\/em><\/h3>\n<p>\u0e9a\u0ecd\u0ec8\u0ec4\u0e94\u0ec9\u0eaa\u0eb0\u0ec0\u0edc\u0eb5\u0ec3\u0eab\u0ec9\u0ec4\u0e9b\u0eae\u0eb1\u0e9a\u0ec2\u0eae\u0e87\u0ec1\u0eae\u0ea1\u0eaa\u0eb3\u0ea5\u0eb1\u0e9a\u0e81\u0eb2\u0e99\u0e97\u0ec8\u0ead\u0e87\u0e97\u0ec8\u0ebd\u0ea7\u0e99\u0eb5\u0ec9.<\/p>\n<p><strong>\u0eab\u0ea1\u0eb2\u0e8d\u200b\u0ec0\u0eab\u0e94\u200b:<\/strong> \u0e96\u0ec9\u0eb2\u200b\u0eab\u0eb2\u0e81\u200b\u0ea7\u0ec8\u0eb2\u200b\u0e97\u0ec8\u0eb2\u0e99\u200b\u0e88\u0ead\u0e87\u200b\u0e9e\u0eb2\u0e8d\u200b\u0ec3\u0e99 24 \u0e8a\u0ebb\u0ec8\u0ea7\u200b\u0ec2\u0ea1\u0e87\u200b\u0e82\u0ead\u0e87\u200b\u0e81\u0eb2\u0e99\u200b\u0ec0\u0e94\u0eb5\u0e99\u200b\u0e97\u0eb2\u0e87 \/ \u0e81\u0eb2\u0e99\u200b\u0ead\u0ead\u0e81\u200b\u0ec0\u0e94\u0eb5\u0e99\u200b\u0e97\u0eb2\u0e87\u200b, \u0e9e\u0ea7\u0e81\u200b\u0ec0\u0eae\u0ebb\u0eb2\u200b\u0eaa\u0eb2\u200b\u0ea1\u0eb2\u0e94\u200b\u0e88\u0eb1\u0e94\u200b\u0e81\u0eb2\u0e99\u200b\u0ec4\u0e9b\u200b\u0eae\u0eb1\u0e9a\u200b\u0ec2\u0eae\u0e87\u200b\u0ec1\u0eae\u0ea1\u200b\u0ec2\u0e94\u0e8d\u200b\u0ea1\u0eb5\u200b\u0e84\u0ec8\u0eb2\u200b\u0e9a\u0ecd\u200b\u0ea5\u0eb4\u200b\u0e81\u0eb2\u0e99\u200b\u0ec0\u0e9e\u0eb5\u0ec8\u0ea1\u200b\u0ec0\u0e95\u0eb5\u0ea1\u200b. \u0ec0\u0ea1\u0eb7\u0ec8\u0ead\u0e81\u0eb2\u0e99\u0e8a\u0eb7\u0ec9\u0e82\u0ead\u0e87\u0e97\u0ec8\u0eb2\u0e99\u0eaa\u0ecd\u0eb2\u0ec0\u0ea5\u0eb1\u0e94\u0ec1\u0ea5\u0ec9\u0ea7, \u0e9e\u0ea7\u0e81\u0ec0\u0eae\u0ebb\u0eb2\u0e88\u0eb0\u0eaa\u0ebb\u0ec8\u0e87\u0e82\u0ecd\u0ec9\u0ea1\u0eb9\u0e99\u0e81\u0eb2\u0e99\u0e95\u0eb4\u0e94\u0e95\u0ecd\u0ec8\u0e97\u0eb5\u0ec8\u0e84\u0ebb\u0e9a\u0e96\u0ec9\u0ea7\u0e99\u0ec3\u0eab\u0ec9\u0e97\u0ec8\u0eb2\u0e99 (\u0ec0\u0e9a\u0eb5\u0ec2\u0e97\u0ea5\u0eb0\u0eaa\u0eb1\u0e9a, \u0e97\u0eb5\u0ec8\u0ea2\u0eb9\u0ec8\u0ead\u0eb5\u0ec0\u0ea1\u0ea7, \u0ec1\u0ea5\u0eb0\u0ead\u0eb7\u0ec8\u0e99\u0ec6) \u0eaa\u0ecd\u0eb2\u0ea5\u0eb1\u0e9a\u0e9c\u0eb9\u0ec9\u0e99\u0ecd\u0eb2\u0e97\u0ec8\u0ebd\u0ea7\u0e97\u0ec9\u0ead\u0e87\u0e96\u0eb4\u0ec8\u0e99\u0e82\u0ead\u0e87\u0e9e\u0ea7\u0e81\u0ec0\u0eae\u0ebb\u0eb2\u0ec0\u0e9e\u0eb7\u0ec8\u0ead\u0e88\u0eb1\u0e94\u0ec1\u0e88\u0e87\u0e81\u0eb2\u0e99\u0ec4\u0e9b\u0eae\u0eb1\u0e9a.<\/p>\n<h3>\u0e81\u0eb2\u0e99\u0ea2\u0eb7\u0e99\u0ea2\u0eb1\u0e99\u0e82\u0ecd\u0ec9\u0ea1\u0eb9\u0e99\u0ec0\u0e9e\u0eb5\u0ec8\u0ea1\u0ec0\u0e95\u0eb5\u0ea1<\/h3>\n<ol>\n<li>\u0e9b\u0eb5\u0ec9\u0ec1\u0ea1\u0ec8\u0e99\u0ec3\u0e9a\u0eae\u0eb1\u0e9a\u0ec0\u0e87\u0eb4\u0e99\u0eab\u0ebc\u0eb1\u0e87\u0e88\u0eb2\u0e81\u0e88\u0ec8\u0eb2\u0e8d\u0e84\u0ec8\u0eb2\u0e97\u0ebb\u0ea7\u0e99\u0eb5\u0ec9. \u0e97\u0ec8\u0eb2\u0e99\u0eaa\u0eb2\u0ea1\u0eb2\u0e94\u0eaa\u0eb0\u0ec1\u0e94\u0e87\u0e81\u0eb2\u0e99\u0e88\u0ec8\u0eb2\u0e8d\u0ec0\u0e87\u0eb4\u0e99\u0ec3\u0e99\u0ec2\u0e97\u0ea5\u0eb0\u0eaa\u0eb1\u0e9a\u0e82\u0ead\u0e87\u0e97\u0ec8\u0eb2\u0e99.<\/li>\n<li>\u0e88\u0eb8\u0e94\u0e9b\u0eb0\u0e8a\u0eb8\u0ea1\u0e88\u0eb0\u0ec4\u0e94\u0ec9\u0eae\u0eb1\u0e9a\u0eab\u0ebc\u0eb1\u0e87\u0e88\u0eb2\u0e81\u0e82\u0eb1\u0ec9\u0e99\u0e95\u0ead\u0e99\u0e81\u0eb2\u0e99\u0e88\u0ead\u0e87.<\/li>\n<li>\u0ec0\u0e94\u0eb1\u0e81\u0e99\u0ec9\u0ead\u0e8d\u0e95\u0ec9\u0ead\u0e87\u0ec4\u0e9b\u0e9e\u0ec9\u0ead\u0ea1\u0e81\u0eb1\u0e9a\u0e9c\u0eb9\u0ec9\u0ec3\u0eab\u0e8d\u0ec8.<\/li>\n<li>\u0e9a\u0ecd\u0ec8\u0ea1\u0eb5\u0ea5\u0ebb\u0e94\u0ec0\u0e82\u0eb1\u0e99\u0ec0\u0e82\u0ebb\u0ec9\u0eb2\u0ec4\u0e94\u0ec9<\/li>\n<li>\u0ec0\u0e94\u0eb1\u0e81\u0e99\u0ec9\u0ead\u0e8d\u0e84\u0ea7\u0e99\u0e99\u0eb1\u0ec8\u0e87\u0ea2\u0eb9\u0ec8\u0ec3\u0e99\u0e9a\u0ec8\u0ead\u0e99\u0e99\u0eb1\u0ec8\u0e87\u0ec0\u0e94\u0eb1\u0e81\u0e99\u0ec9\u0ead\u0e8d\u0eab\u0ebc\u0eb7\u0e81\u0eb1\u0e9a\u0e9c\u0eb9\u0ec9\u0ec3\u0eab\u0e8d\u0ec8<\/li>\n<li>\u0e9a\u0ecd\u0ec8\u0ec1\u0e99\u0eb0\u0e99\u0ecd\u0eb2\u0eaa\u0ecd\u0eb2\u0ea5\u0eb1\u0e9a\u0e99\u0eb1\u0e81\u0e97\u0ec8\u0ead\u0e87\u0e97\u0ec8\u0ebd\u0ea7\u0e97\u0eb5\u0ec8\u0ea1\u0eb5\u0e9a\u0eb1\u0e99\u0eab\u0eb2\u0e94\u0ec9\u0eb2\u0e99\u0eab\u0ea5\u0eb1\u0e87.<\/li>\n<li>\u0e9a\u0ecd\u0ec8\u0ec1\u0e99\u0eb0\u0e99\u0ecd\u0eb2\u0eaa\u0ecd\u0eb2\u0ea5\u0eb1\u0e9a\u0ec1\u0ea1\u0ec8\u0e8d\u0eb4\u0e87\u0e96\u0eb7\u0e9e\u0eb2.<\/li>\n<li>\u0e9a\u0ecd\u0ec8\u0ea1\u0eb5\u0e9a\u0eb1\u0e99\u0eab\u0eb2\u0eab\u0ebb\u0ea7\u0ec3\u0e88 \u0eab\u0ebc\u0eb7\u0ec0\u0e87\u0eb7\u0ec8\u0ead\u0e99\u0ec4\u0e82\u0e97\u0eb2\u0e87\u0e81\u0eb2\u0e99\u0ec1\u0e9e\u0e94\u0e97\u0eb5\u0ec8\u0eae\u0ec9\u0eb2\u0e8d\u0ec1\u0eae\u0e87\u0ead\u0eb7\u0ec8\u0e99\u0ec6.<\/li>\n<li>\u0e99\u0eb1\u0e81\u0e97\u0ec8\u0ead\u0e87\u0e97\u0ec8\u0ebd\u0ea7\u0eaa\u0ec8\u0ea7\u0e99\u0ec3\u0eab\u0e8d\u0ec8\u0eaa\u0eb2\u0ea1\u0eb2\u0e94\u0ec0\u0e82\u0ebb\u0ec9\u0eb2\u0eae\u0ec8\u0ea7\u0ea1\u0ec4\u0e94\u0ec9.<\/li>\n<\/ol>\n<h3><em>\u0e99\u0eb0\u0ec2\u0e8d\u0e9a\u0eb2\u0e8d\u0e81\u0eb2\u0e99\u0e8d\u0ebb\u0e81\u0ec0\u0ea5\u0eb5\u0e81<\/em><\/h3>\n<p>\u0eaa\u0eb3\u0ea5\u0eb1\u0e9a\u0e81\u0eb2\u0e99\u0e84\u0eb7\u0e99\u0ec0\u0e87\u0eb4\u0e99\u0ec0\u0e95\u0eb1\u0ea1\u0e88\u0eb3\u0e99\u0ea7\u0e99, \u0e81\u0eb0\u0ea5\u0eb8\u0e99\u0eb2\u0e8d\u0ebb\u0e81\u0ec0\u0ea5\u0eb5\u0e81\u0ea2\u0ec8\u0eb2\u0e87\u0edc\u0ec9\u0ead\u0e8d 24 \u0e8a\u0ebb\u0ec8\u0ea7\u0ec2\u0ea1\u0e87\u0e81\u0ec8\u0ead\u0e99\u0ea7\u0eb1\u0e99\u0e97\u0eb5\u0ec0\u0ea5\u0eb5\u0ec8\u0ea1\u0e95\u0ebb\u0ec9\u0e99\u0e9b\u0eb0\u0eaa\u0ebb\u0e9a\u0e81\u0eb2\u0e99.<\/p>\n\n\t\t<\/div>\n\t<\/div>\n<\/div><\/div><\/div><\/div><div class=\"vc_row wpb_row vc_row-fluid\" ><div class=\"wpb_column vc_column_container vc_col-sm-12\"><div class=\"vc_column-inner\"><div class=\"wpb_wrapper\"><div class=\"vc_empty_space\"   style=\"height: 32px\"><span class=\"vc_empty_space_inner\"><\/span><\/div>\n\t<div class=\"wpb_video_widget wpb_content_element vc_clearfix   vc_video-aspect-ratio-169 vc_video-el-width-100 vc_video-align-left\" >\n\t\t<div class=\"wpb_wrapper\">\n\t\t\t\n\t\t\t<div class=\"wpb_video_wrapper\"><iframe loading=\"lazy\" title=\"\u0ead\u0eb8\u0e97\u0eb0\u0e8d\u0eb2\u0e99\u0ec1\u0eab\u0ec8\u0e87\u0e8a\u0eb2\u0e94 Los Haitises, \u0e81\u0eb2\u0e99\u0e97\u0ec8\u0ead\u0e87\u0e97\u0ec8\u0ebd\u0ea7 \u0ec1\u0ea5\u0eb0\u0e81\u0eb2\u0e99\u0e97\u0ec8\u0ead\u0e87\u0e97\u0ec8\u0ebd\u0ea7\u0e88\u0eb2\u0e81 Samana \u0eab\u0ebc\u0eb7 Sabana de la Mar. \u0e88\u0ead\u0e87\u0ec4\u0e94\u0ec9\u0e97\u0eb5\u0ec8\u0e99\u0eb5\u0ec9:\" src=\"https:\/\/player.vimeo.com\/video\/346508015?dnt=1&amp;app_id=122963\" width=\"1100\" height=\"619\" frameborder=\"0\" allow=\"autoplay; fullscreen\" allowfullscreen><\/iframe><\/div>\n\t\t<\/div>\n\t<\/div>\n<\/div><\/div><\/div><\/div><div class=\"vc_row wpb_row vc_row-fluid\" ><div class=\"wpb_column vc_column_container vc_col-sm-12\"><div class=\"vc_column-inner\"><div class=\"wpb_wrapper\"><div class=\"vc_empty_space\"   style=\"height: 32px\"><span class=\"vc_empty_space_inner\"><\/span><\/div>\n\t<div class=\"wpb_text_column wpb_content_element\" >\n\t\t<div class=\"wpb_wrapper\">\n\t\t\t<h4>\u0e95\u0eb4\u0e94\u200b\u0e95\u0ecd\u0ec8\u200b\u0e9e\u0ea7\u0e81\u200b\u0ec0\u0eae\u0ebb\u0eb2?<\/h4>\n<h5>\u0e81\u0eb2\u0e99\u0e88\u0ead\u0e87\u0e81\u0eb2\u0e99\u0e9c\u0eb0\u0e88\u0ebb\u0e99\u0ec4\u0e9e<\/h5>\n<p><em>\u0e9c\u0eb9\u0ec9\u0e99\u0ecd\u0eb2\u0e97\u0ec8\u0ebd\u0ea7<\/em> <em><strong>\u0e97\u0ec9\u0ead\u0e87\u0e96\u0eb4\u0ec8\u0e99<\/strong><\/em> \u0ec1\u0ea5\u0eb0 <strong><em>\u0ec1\u0eab\u0ec8\u0e87\u0e8a\u0eb2\u0e94<\/em><\/strong> &amp;<em>\u00a0\u0e9a\u0ecd\u0ea5\u0eb4\u0e81\u0eb2\u0e99\u0ec1\u0e82\u0e81<\/em><\/p>\n<p>\u0e81\u0eb2\u0e99\u0e88\u0ead\u0e87: \u0e81\u0eb2\u0e99\u0e97\u0ec8\u0ead\u0e87\u0e97\u0ec8\u0ebd\u0ea7 \u0ec1\u0ea5\u0eb0\u0e81\u0eb2\u0e99\u0e97\u0ec8\u0ead\u0e87\u0e97\u0ec8\u0ebd\u0ea7\u0ec3\u0e99 Dom Rep.<\/p>\n<p>\u0ec2\u0e97\/Whatsapp +1-809-720-6035.<\/p>\n<p>info@bookingadventures.com.do<\/p>\n<p>\u0e9e\u0ea7\u0e81\u0ec0\u0eae\u0ebb\u0eb2\u0ec0\u0e9b\u0eb1\u0e99\u0e81\u0eb2\u0e99\u0e97\u0ec8\u0ead\u0e87\u0e97\u0ec8\u0ebd\u0ea7\u0eaa\u0ec8\u0ea7\u0e99\u0e95\u0ebb\u0ea7\u0e97\u0eb5\u0ec8\u0ea1\u0eb5\u0e81\u0eb2\u0e99\u0e95\u0eb1\u0ec9\u0e87\u0e84\u0ec8\u0eb2\u0e97\u0eb5\u0ec8\u0e9b\u0ec8\u0ebd\u0e99\u0ec1\u0e9b\u0e87\u0ec4\u0e94\u0ec9\u0ec2\u0e94\u0e8d Whatsapp: +18097206035.<\/p>\n\n\t\t<\/div>\n\t<\/div>\n<div class=\"vc_empty_space\"   style=\"height: 32px\"><span class=\"vc_empty_space_inner\"><\/span><\/div><\/div><\/div><\/div><\/div>","protected":false},"excerpt":{"rendered":"<p><strong>\u0e81\u0eb0\u0ea5\u0eb8\u0e99\u0eb2\u0ec0\u0ea5\u0eb7\u0ead\u0e81\u0ea7\u0eb1\u0e99\u0e97\u0eb5\u0eaa\u0ecd\u0eb2\u0ea5\u0eb1\u0e9a\u0e81\u0eb2\u0e99\u0e97\u0ebb\u0ea7\u00a0<\/strong><\/p>","protected":false},"featured_media":104,"template":"","meta":[],"product_brand":[],"product_cat":[119,96,144,98,135,121,99,122,443,123,124],"product_tag":[126,127,128,145,132,133,146,147,148,143],"class_list":{"0":"post-551","1":"product","2":"type-product","3":"status-publish","4":"has-post-thumbnail","6":"product_cat-caves","7":"product_cat-hiking","8":"product_cat-kayaking","9":"product_cat-local-tour-guides","10":"product_cat-lunch","11":"product_cat-mangroves","12":"product_cat-swimming-natural-springs","13":"product_cat-tours-and-excursions","14":"product_cat-tours-y-excursiones-es","15":"product_cat-tours-excursions-los-haitises-national-park","16":"product_cat-tours-excursions-samana-bay-dominican-republic","17":"product_tag-cano-hondo","18":"product_tag-cano-hondo-hotel","19":"product_tag-cano-hondo-tours","20":"product_tag-day-tour-cano-hondo","21":"product_tag-los-haitises","22":"product_tag-los-haitises-national-park","23":"product_tag-mangroves-los-haitises","24":"product_tag-samana-bay","25":"product_tag-samana-excursions","26":"product_tag-samana-tours","28":"first","29":"instock","30":"sale","31":"sold-individually","32":"shipping-taxable","33":"product-type-external"},"_links":{"self":[{"href":"https:\/\/haitises.com\/lo\/wp-json\/wp\/v2\/product\/551","targetHints":{"allow":["GET"]}}],"collection":[{"href":"https:\/\/haitises.com\/lo\/wp-json\/wp\/v2\/product"}],"about":[{"href":"https:\/\/haitises.com\/lo\/wp-json\/wp\/v2\/types\/product"}],"wp:featuredmedia":[{"embeddable":true,"href":"https:\/\/haitises.com\/lo\/wp-json\/wp\/v2\/media\/104"}],"wp:attachment":[{"href":"https:\/\/haitises.com\/lo\/wp-json\/wp\/v2\/media?parent=551"}],"wp:term":[{"taxonomy":"product_brand","embeddable":true,"href":"https:\/\/haitises.com\/lo\/wp-json\/wp\/v2\/product_brand?post=551"},{"taxonomy":"product_cat","embeddable":true,"href":"https:\/\/haitises.com\/lo\/wp-json\/wp\/v2\/product_cat?post=551"},{"taxonomy":"product_tag","embeddable":true,"href":"https:\/\/haitises.com\/lo\/wp-json\/wp\/v2\/product_tag?post=551"}],"curies":[{"name":"wp","href":"https:\/\/api.w.org\/{rel}","templated":true}]}}