{"id":543,"date":"2020-06-14T19:18:13","date_gmt":"2020-06-14T19:18:13","guid":{"rendered":"http:\/\/haitises.com\/?post_type=product&#038;p=543"},"modified":"2024-08-22T05:45:22","modified_gmt":"2024-08-22T05:45:22","slug":"parque-nacional-los-haitises-desde-el-puerto-de-samana","status":"publish","type":"product","link":"https:\/\/haitises.com\/kn\/\u0c96\u0cbe\u0cb8\u0c97\u0cbf\/parque-nacional-los-haitises-desde-el-puerto-de-samana\/","title":{"rendered":"\u0cb8\u0cae\u0ca8\u0cbe \u0cac\u0c82\u0ca6\u0cb0\u0cbf\u0ca8\u0cbf\u0c82\u0ca6 \u0cb2\u0cbe\u0cb8\u0ccd \u0cb9\u0cc8\u0c9f\u0cbf\u0cb8\u0ccd \u0cb0\u0cbe\u0cb7\u0ccd\u0c9f\u0ccd\u0cb0\u0cc0\u0caf \u0c89\u0ca6\u0ccd\u0caf\u0cbe\u0ca8\u0cb5\u0ca8"},"content":{"rendered":"<div class=\"vc_row wpb_row vc_row-fluid\" ><div class=\"wpb_column vc_column_container vc_col-sm-12\"><div class=\"vc_column-inner\"><div class=\"wpb_wrapper\">\n\t<div class=\"wpb_text_column wpb_content_element\" >\n\t\t<div class=\"wpb_wrapper\">\n\t\t\t<h2>\u0cb2\u0cbe\u0cb8\u0ccd \u0cb9\u0cc8\u0c9f\u0cbf\u0cb8\u0ccd \u0cb0\u0cbe\u0cb7\u0ccd\u0c9f\u0ccd\u0cb0\u0cc0\u0caf \u0c89\u0ca6\u0ccd\u0caf\u0cbe\u0ca8\u0cb5\u0ca8 (\u0cb8\u0cae\u0cbe\u0ca8 \u0cac\u0cc7) \u0cb8\u0cae\u0ca8\u0cbe \u0cac\u0c82\u0ca6\u0cb0\u0cbf\u0ca8\u0cbf\u0c82\u0ca6<\/h2>\n<ul>\n<li>\u0cb2\u0cbe\u0cb8\u0ccd \u0cb9\u0cc8\u0c9f\u0cbf\u0cb8\u0ccd \u0cb0\u0cbe\u0cb7\u0ccd\u0c9f\u0ccd\u0cb0\u0cc0\u0caf \u0c89\u0ca6\u0ccd\u0caf\u0cbe\u0ca8\u0cb5\u0ca8\u0c95\u0ccd\u0c95\u0cc6 \u0ca6\u0ccb\u0ca3\u0cbf \u0cb5\u0cbf\u0cb9\u0cbe\u0cb0<br \/>\n<h3>\u0cb5\u0cbf\u0cb5\u0cb0\u0ca3\u0cc6<\/h3>\n<p>\u0cb8\u0cae\u0ca8\u0cbe \u0cac\u0c82\u0ca6\u0cb0\u0cbf\u0ca8\u0cbf\u0c82\u0ca6 \u0cb2\u0cbe\u0cb8\u0ccd \u0cb9\u0cc8\u0c9f\u0cbf\u0cb8\u0ccd \u0cb0\u0cbe\u0cb7\u0ccd\u0c9f\u0ccd\u0cb0\u0cc0\u0caf \u0c89\u0ca6\u0ccd\u0caf\u0cbe\u0ca8\u0cb5\u0ca8\u0ccd\u0ca8\u0cc1 \u0cad\u0cc7\u0c9f\u0cbf \u0cae\u0cbe\u0ca1\u0cbf. \u0ca8\u0cae\u0ccd\u0cae\u0cca\u0c82\u0ca6\u0cbf\u0c97\u0cc6 \u0cac\u0ca8\u0ccd\u0ca8\u0cbf \u0cae\u0ca4\u0ccd\u0ca4\u0cc1 \u0ca1\u0cca\u0cae\u0cbf\u0ca8\u0cbf\u0c95\u0ca8\u0ccd \u0c97\u0ca3\u0cb0\u0cbe\u0c9c\u0ccd\u0caf\u0ca6 \u0c85\u0ca4\u0ccd\u0caf\u0c82\u0ca4 \u0cb8\u0cc1\u0c82\u0ca6\u0cb0\u0cb5\u0cbe\u0ca6 \u0cb0\u0cbe\u0cb7\u0ccd\u0c9f\u0ccd\u0cb0\u0cc0\u0caf \u0c89\u0ca6\u0ccd\u0caf\u0cbe\u0ca8\u0cb5\u0ca8\u0c95\u0ccd\u0c95\u0cc6 \u0cad\u0cc7\u0c9f\u0cbf \u0ca8\u0cc0\u0ca1\u0cbf, \u0cae\u0ccd\u0caf\u0cbe\u0c82\u0c97\u0ccd\u0cb0\u0ccb\u0cb5\u0ccd\u200c\u0c97\u0cb3\u0cc1, \u0c97\u0cc1\u0cb9\u0cc6\u0c97\u0cb3\u0cc1 \u0cae\u0ca4\u0ccd\u0ca4\u0cc1 \u0cb8\u0ccd\u0caf\u0cbe\u0ca8\u0ccd \u0cb2\u0cca\u0cb0\u0cc6\u0c82\u0c9c\u0cca \u0c95\u0cca\u0cb2\u0ccd\u0cb2\u0cbf\u0c97\u0cc6 \u0cad\u0cc7\u0c9f\u0cbf \u0ca8\u0cc0\u0ca1\u0cbf, \u0c9c\u0cca\u0ca4\u0cc6\u0c97\u0cc6 \u0cb8\u0cc1\u0c82\u0ca6\u0cb0\u0cb5\u0cbe\u0ca6 \u0cb8\u0cae\u0ca8\u0cbe \u0c95\u0cca\u0cb2\u0ccd\u0cb2\u0cbf\u0caf\u0ca8\u0ccd\u0ca8\u0cc1 \u0ca6\u0cbe\u0c9f\u0cbf. \u0ca8\u0c82\u0ca4\u0cb0 \u0cb8\u0cae\u0ca8\u0cbe \u0cac\u0c82\u0ca6\u0cb0\u0cbf\u0c97\u0cc6 \u0cb9\u0cbf\u0c82\u0ca4\u0cbf\u0cb0\u0cc1\u0c97\u0cbf.<\/li>\n<\/ul>\n<p>\u0c88 \u0c85\u0ca8\u0cc1\u0cad\u0cb5\u0ca6 \u0ca8\u0c82\u0ca4\u0cb0, \u0ca8\u0cc0\u0cb5\u0cc1 \u0cb8\u0cae\u0ca8\u0cbe \u0cac\u0c82\u0ca6\u0cb0\u0cbf\u0c97\u0cc6 \u0cb9\u0cbf\u0c82\u0ca4\u0cbf\u0cb0\u0cc1\u0c97\u0cc1\u0ca4\u0ccd\u0ca4\u0cc0\u0cb0\u0cbf.<\/p>\n<ul>\n<li>\u0ca4\u0cc6\u0cb0\u0cbf\u0c97\u0cc6\u0c97\u0cb3\u0ca8\u0ccd\u0ca8\u0cc1 \u0c92\u0cb3\u0c97\u0cca\u0c82\u0ca1\u0cbf\u0ca6\u0cc6<br \/>\n\u0cae\u0cbe\u0cb0\u0ccd\u0c97\u0ca6\u0cb0\u0ccd\u0cb6\u0cbf \u0cb8\u0cc2\u0c9a\u0ca8\u0cc6 \u0cae\u0ca4\u0ccd\u0ca4\u0cc1 \u0cae\u0cc7\u0cb2\u0ccd\u0cb5\u0cbf\u0c9a\u0cbe\u0cb0\u0ca3\u0cc6\u0caf\u0ca8\u0ccd\u0ca8\u0cc1 \u0c92\u0ca6\u0c97\u0cbf\u0cb8\u0cc1\u0ca4\u0ccd\u0ca4\u0ca6\u0cc6.<\/li>\n<li>\u0cb8\u0cc7\u0cb0\u0ccd\u0caa\u0ca1\u0cc6\u0c97\u0cb3\u0cc1 \u0cae\u0ca4\u0ccd\u0ca4\u0cc1 \u0cb9\u0cca\u0cb0\u0c97\u0cbf\u0ca1\u0cc1\u0cb5\u0cbf\u0c95\u0cc6\u0c97\u0cb3\u0cc1<\/li>\n<\/ul>\n<h3>\u0cb8\u0cc7\u0cb0\u0ccd\u0caa\u0ca1\u0cc6\u0c97\u0cb3\u0cc1<\/h3>\n<ol>\n<li>\u0cb2\u0cbe\u0cb8\u0ccd \u0cb9\u0cc8\u0c9f\u0cbf\u0cb8\u0ccd \u0caa\u0ccd\u0cb0\u0cb5\u0cbe\u0cb8 + \u0c97\u0cc1\u0cb9\u0cc6\u0c97\u0cb3\u0cc1 \u0cae\u0ca4\u0ccd\u0ca4\u0cc1 \u0c9a\u0cbf\u0ca4\u0ccd\u0cb0\u0c97\u0cb3\u0cc1<\/li>\n<li>\u0c8e\u0cb2\u0ccd\u0cb2\u0cbe \u0ca4\u0cc6\u0cb0\u0cbf\u0c97\u0cc6\u0c97\u0cb3\u0cc1, \u0cb6\u0cc1\u0cb2\u0ccd\u0c95\u0c97\u0cb3\u0cc1 \u0cae\u0ca4\u0ccd\u0ca4\u0cc1 \u0ca8\u0cbf\u0cb0\u0ccd\u0cb5\u0cb9\u0ca3\u0cc6 \u0cb6\u0cc1\u0cb2\u0ccd\u0c95\u0c97\u0cb3\u0cc1.<\/li>\n<li>\u0cb8\u0ccd\u0ca5\u0cb3\u0cc0\u0caf \u0ca4\u0cc6\u0cb0\u0cbf\u0c97\u0cc6\u0c97\u0cb3\u0cc1<\/li>\n<li>\u0caa\u0cbe\u0ca8\u0cc0\u0caf\u0c97\u0cb3\u0cc1<\/li>\n<li>\u0c8e\u0cb2\u0ccd\u0cb2\u0cbe \u0c9a\u0c9f\u0cc1\u0cb5\u0c9f\u0cbf\u0c95\u0cc6\u0c97\u0cb3\u0cc1<\/li>\n<li>\u0cb8\u0ccd\u0ca5\u0cb3\u0cc0\u0caf \u0cae\u0cbe\u0cb0\u0ccd\u0c97\u0ca6\u0cb0\u0ccd\u0cb6\u0cbf<\/li>\n<\/ol>\n<h3>\u0cb9\u0cca\u0cb0\u0c97\u0cbf\u0ca1\u0cc1\u0cb5\u0cbf\u0c95\u0cc6\u0c97\u0cb3\u0cc1<\/h3>\n<ol>\n<li>\u0cb8\u0cb2\u0cb9\u0cc6\u0c97\u0cb3\u0cc1<\/li>\n<li>\u0cb5\u0cb0\u0ccd\u0c97\u0cbe\u0cb5\u0ca3\u0cc6<\/li>\n<li>\u0cae\u0cbe\u0ca6\u0c95 \u0caa\u0cbe\u0ca8\u0cbf\u0cd5\u0caf\u0c97\u0cb3\u0cc1<\/li>\n<li>\u0cae\u0ca7\u0ccd\u0caf\u0cbe\u0cb9\u0ccd\u0ca8\u0ca6 \u0c8a\u0c9f\u0cb5\u0ca8\u0ccd\u0ca8\u0cc1 \u0cb8\u0cc7\u0cb0\u0cbf\u0cb8\u0cb2\u0cbe\u0c97\u0cbf\u0cb2\u0ccd\u0cb2, \u0c8a\u0c9f\u0c95\u0ccd\u0c95\u0cc6 \u0c88 \u0caa\u0ccd\u0cb0\u0cb5\u0cbe\u0cb8\u0c97\u0cb3\u0cb2\u0ccd\u0cb2\u0cbf \u0c92\u0c82\u0ca6\u0ca8\u0ccd\u0ca8\u0cc1 \u0c86\u0caf\u0ccd\u0c95\u0cc6 \u0cae\u0cbe\u0ca1\u0cc1\u0cb5\u0cc1\u0ca6\u0cc1 \u0c92\u0cb3\u0c97\u0cca\u0c82\u0ca1\u0cbf\u0cb0\u0cc1\u0ca4\u0ccd\u0ca4\u0ca6\u0cc6: \u0cb2\u0cbe\u0cb8\u0ccd \u0cb9\u0cc8\u0c9f\u0cbf\u0cb8\u0ccd + \u0c95\u0cbe\u0caf\u0cca \u0cb2\u0cc6\u0cb5\u0cbe\u0c82\u0c9f\u0cbe\u0ca1\u0cca \u0cb8\u0cae\u0ca8\u0cbe \u0cac\u0c82\u0ca6\u0cb0\u0cbf\u0ca8\u0cbf\u0c82\u0ca6 \u0c85\u0ca5\u0cb5\u0cbe \u0cb2\u0cbe\u0cb8\u0ccd \u0cb9\u0cc8\u0c9f\u0cc8\u0cb8\u0cc6\u0cb8\u0ccd + \u0cb8\u0cae\u0ca8\u0cbe \u0cac\u0c82\u0ca6\u0cb0\u0cbf\u0ca8\u0cbf\u0c82\u0ca6 \u0c95\u0ccd\u0caf\u0cbe\u0ca8\u0cca \u0cb9\u0cca\u0c82\u0ca1\u0ccb.<\/li>\n<\/ol>\n<h3>\u0ca8\u0cbf\u0cb0\u0ccd\u0c97\u0cae\u0ca8 \u0cae\u0ca4\u0ccd\u0ca4\u0cc1 \u0cb9\u0cbf\u0c82\u0ca4\u0cbf\u0cb0\u0cc1\u0c97\u0cc1\u0cb5\u0cbf\u0c95\u0cc6<\/h3>\n<p>\u0cac\u0cc1\u0c95\u0ccd\u0c95\u0cbf\u0c82\u0c97\u0ccd \u0caa\u0ccd\u0cb0\u0c95\u0ccd\u0cb0\u0cbf\u0caf\u0cc6\u0caf \u0ca8\u0c82\u0ca4\u0cb0 \u0caa\u0ccd\u0cb0\u0caf\u0cbe\u0ca3\u0cbf\u0c95\u0cb0\u0cc1 \u0cae\u0cc0\u0c9f\u0cbf\u0c82\u0c97\u0ccd \u0caa\u0cbe\u0caf\u0cbf\u0c82\u0c9f\u0ccd \u0c85\u0ca8\u0ccd\u0ca8\u0cc1 \u0caa\u0ca1\u0cc6\u0caf\u0cc1\u0ca4\u0ccd\u0ca4\u0cbe\u0cb0\u0cc6. \u0caa\u0ccd\u0cb0\u0cb5\u0cbe\u0cb8\u0c97\u0cb3\u0cc1 \u0ca8\u0cae\u0ccd\u0cae \u0cb8\u0cad\u0cc6\u0caf \u0cb8\u0ccd\u0ca5\u0cb3\u0c97\u0cb3\u0cb2\u0ccd\u0cb2\u0cbf \u0caa\u0ccd\u0cb0\u0cbe\u0cb0\u0c82\u0cad\u0cb5\u0cbe\u0c97\u0cc1\u0ca4\u0ccd\u0ca4\u0cb5\u0cc6 \u0cae\u0ca4\u0ccd\u0ca4\u0cc1 \u0c95\u0cca\u0ca8\u0cc6\u0c97\u0cca\u0cb3\u0ccd\u0cb3\u0cc1\u0ca4\u0ccd\u0ca4\u0cb5\u0cc6.<\/p>\n<h3>\u0c8f\u0ca8\u0ca8\u0ccd\u0ca8\u0cc1 \u0ca8\u0cbf\u0cb0\u0cbf\u0cd5\u0c95\u0ccd\u0cb7\u0cbf\u0cb8\u0cac\u0cb9\u0cc1\u0ca6\u0cc1?<\/h3>\n<p>\u0c95\u0ccd\u0caf\u0cbe\u0ca8\u0cca \u0cb9\u0cca\u0c82\u0ca1\u0ccb\u0ca6\u0cb2\u0ccd\u0cb2\u0cbf \u0c85\u0ca6\u0ccd\u0cad\u0cc1\u0ca4\u0cb5\u0cbe\u0ca6 \u0c8a\u0c9f\u0ca6\u0cca\u0c82\u0ca6\u0cbf\u0c97\u0cc6 \u0cae\u0ca4\u0ccd\u0ca4\u0cc1 \u0ca8\u0cc8\u0cb8\u0cb0\u0ccd\u0c97\u0cbf\u0c95 \u0cac\u0cc1\u0c97\u0ccd\u0c97\u0cc6\u0c97\u0cb3\u0cb2\u0ccd\u0cb2\u0cbf \u0c88\u0c9c\u0cc1\u0cb5\u0cc1\u0ca6\u0cb0\u0cca\u0c82\u0ca6\u0cbf\u0c97\u0cc6 \u0cb2\u0cbe\u0cb8\u0ccd \u0cb9\u0cc8\u0c9f\u0cbf\u0cb8\u0ccd \u0cb0\u0cbe\u0cb7\u0ccd\u0c9f\u0ccd\u0cb0\u0cc0\u0caf \u0c89\u0ca6\u0ccd\u0caf\u0cbe\u0ca8\u0cb5\u0ca8\u0c95\u0ccd\u0c95\u0cc6 \u0cad\u0cc7\u0c9f\u0cbf \u0ca8\u0cc0\u0ca1\u0cb2\u0cc1 \u0ca8\u0cbf\u0cae\u0ccd\u0cae \u0c9f\u0cbf\u0c95\u0cc6\u0c9f\u0ccd\u200c\u0c97\u0cb3\u0ca8\u0ccd\u0ca8\u0cc1 \u0caa\u0ca1\u0cc6\u0caf\u0cbf\u0cb0\u0cbf.<\/p>\n<p>\u0cb8\u0ccd\u0ca5\u0cb3\u0cc0\u0caf \u0caa\u0ccd\u0cb0\u0cb5\u0cbe\u0cb8\u0cbf \u0cae\u0cbe\u0cb0\u0ccd\u0c97\u0ca6\u0cb0\u0ccd\u0cb6\u0cbf\u0caf\u0cca\u0c82\u0ca6\u0cbf\u0c97\u0cc6 \u0ca6\u0ccb\u0ca3\u0cbf \u0c85\u0ca5\u0cb5\u0cbe \u0c95\u0ccd\u0caf\u0cbe\u0c9f\u0cae\u0cb0\u0ca8\u0ccd\u200c\u0ca8\u0cb2\u0ccd\u0cb2\u0cbf \u0cb8\u0cae\u0ca8\u0cbe \u0cac\u0c82\u0ca6\u0cb0\u0cbf\u0ca8\u0cbf\u0c82\u0ca6 \u0caa\u0ccd\u0cb0\u0cbe\u0cb0\u0c82\u0cad\u0cbf\u0cb8\u0cbf, \u0ca1\u0cca\u0cae\u0cbf\u0ca8\u0cbf\u0c95\u0ca8\u0ccd \u0cb0\u0cbf\u0caa\u0cac\u0ccd\u0cb2\u0cbf\u0c95\u0ccd\u200c\u0ca8 \u0c85\u0ca4\u0ccd\u0caf\u0c82\u0ca4 \u0cb8\u0cc1\u0c82\u0ca6\u0cb0\u0cb5\u0cbe\u0ca6 \u0cb0\u0cbe\u0cb7\u0ccd\u0c9f\u0ccd\u0cb0\u0cc0\u0caf \u0c89\u0ca6\u0ccd\u0caf\u0cbe\u0ca8\u0cb5\u0ca8\u0c97\u0cb3\u0cb2\u0ccd\u0cb2\u0cbf \u0c92\u0c82\u0ca6\u0ca8\u0ccd\u0ca8\u0cc1 \u0cad\u0cc7\u0c9f\u0cbf \u0cae\u0cbe\u0ca1\u0cb2\u0cc1 \u0ca8\u0cbe\u0cb5\u0cc1 \u0cb8\u0cac\u0cbe\u0ca8\u0cbe \u0ca1\u0cc6 \u0cb2\u0cbe \u0cae\u0cbe\u0cb0\u0ccd\u200c\u0ca8 \u0caa\u0c95\u0ccd\u0c95\u0ca6\u0cb2\u0ccd\u0cb2\u0cbf\u0cb0\u0cc1\u0cb5 \u0cb8\u0cae\u0ca8\u0cbe \u0c95\u0cca\u0cb2\u0ccd\u0cb2\u0cbf\u0caf\u0ca8\u0ccd\u0ca8\u0cc1 \u0cb9\u0cbe\u0ca6\u0cc1 \u0cb9\u0ccb\u0c97\u0cc1\u0ca4\u0ccd\u0ca4\u0cc7\u0cb5\u0cc6. \u0cb9\u0cc8\u0c9f\u0cbf\u0cb8\u0ccd \u0cb0\u0cbe\u0cb7\u0ccd\u0c9f\u0ccd\u0cb0\u0cc0\u0caf \u0c89\u0ca6\u0ccd\u0caf\u0cbe\u0ca8\u0cb5\u0ca8.<\/p>\n<p>\u0cb8\u0cc1\u0ca4\u0ccd\u0ca4\u0cb2\u0cc2 \u0caa\u0c95\u0ccd\u0cb7\u0cbf\u0c97\u0cb3\u0cca\u0c82\u0ca6\u0cbf\u0c97\u0cc6 \u0ca6\u0ccd\u0cb5\u0cc0\u0caa\u0c95\u0ccd\u0c95\u0cc6 \u0cad\u0cc7\u0c9f\u0cbf \u0ca8\u0cc0\u0ca1\u0cc1\u0cb5\u0cc1\u0ca6\u0cc1. \u0c97\u0cc2\u0ca1\u0cc1\u0c95\u0c9f\u0ccd\u0c9f\u0cc1\u0cb5 \u0c8b\u0ca4\u0cc1\u0cb5\u0cbf\u0ca8\u0cb2\u0ccd\u0cb2\u0cbf, \u0ca8\u0cbe\u0cb5\u0cc1 \u0c97\u0cc2\u0ca1\u0cc1\u0c97\u0cb3\u0cb2\u0ccd\u0cb2\u0cbf \u0caa\u0cc6\u0cb2\u0cbf\u0c95\u0cbe\u0ca8\u0ccd \u0cae\u0cb0\u0cbf\u0c97\u0cb3\u0ca8\u0ccd\u0ca8\u0cc1 \u0cb8\u0cb9 \u0ca8\u0ccb\u0ca1\u0cac\u0cb9\u0cc1\u0ca6\u0cc1. \u0c95\u0cb2\u0ccd\u0cb2\u0cbf\u0ca8 \u0ca6\u0ccd\u0cb5\u0cc0\u0caa\u0c95\u0ccd\u0c95\u0cc6 \u0cae\u0ca4\u0ccd\u0ca4\u0cb7\u0ccd\u0c9f\u0cc1 \u0cb9\u0ccb\u0c97\u0cbf \u0cae\u0ca4\u0ccd\u0ca4\u0cc1 \u0cb8\u0ccd\u0ca5\u0cb3\u0cc0\u0caf \u0c9c\u0ca8\u0cb0 \u0c9a\u0cbf\u0ca4\u0ccd\u0cb0\u0c97\u0cb3\u0cc1 \u0cae\u0ca4\u0ccd\u0ca4\u0cc1 \u0caa\u0cc6\u0c9f\u0ccd\u0cb0\u0ccb\u0c97\u0ccd\u0cb0\u0cbe\u0cab\u0ccd\u0c97\u0cb3\u0cca\u0c82\u0ca6\u0cbf\u0c97\u0cc6 \u0c97\u0cc1\u0cb9\u0cc6\u0c97\u0cb3\u0ca8\u0ccd\u0ca8\u0cc1 \u0cad\u0cc7\u0c9f\u0cbf \u0cae\u0cbe\u0ca1\u0cbf.<\/p>\n<p>El recorrido, organizado por \u00abBooking Adventures\u00bb, comienza en el punto de encuentro establecido con el gu\u00eda tur\u00edstico. Ven con Booking Adventures y comienza a observar algunos manglares llenos de p\u00e1jaros, colinas onduladas de exuberante vegetaci\u00f3n y cuevas del Parque Nacional Los Haitises.<\/p>\n<p>\u0cae\u0ccd\u0caf\u0cbe\u0c82\u0c97\u0ccd\u0cb0\u0ccb\u0cb5\u0ccd\u200c\u0c97\u0cb3 \u0cae\u0cc2\u0cb2\u0c95 \u0cae\u0ca4\u0ccd\u0ca4\u0cc1 \u0ca4\u0cc6\u0cb0\u0cc6\u0ca6 \u0cb8\u0ccd\u0caf\u0cbe\u0ca8\u0ccd \u0cb2\u0cca\u0cb0\u0cc6\u0c82\u0c9c\u0cca \u0c95\u0cca\u0cb2\u0ccd\u0cb2\u0cbf\u0caf\u0cb2\u0ccd\u0cb2\u0cbf \u0c87\u0cb3\u0cbf\u0caf\u0cbf\u0cb0\u0cbf, \u0c85\u0cb2\u0ccd\u0cb2\u0cbf\u0c82\u0ca6 \u0ca8\u0cc0\u0cb5\u0cc1 \u0c92\u0cb0\u0c9f\u0cbe\u0ca6 \u0c85\u0cb0\u0ca3\u0ccd\u0caf \u0cad\u0cc2\u0ca6\u0cc3\u0cb6\u0ccd\u0caf\u0cb5\u0ca8\u0ccd\u0ca8\u0cc1 \u0c9b\u0cbe\u0caf\u0cbe\u0c9a\u0cbf\u0ca4\u0ccd\u0cb0 \u0cae\u0cbe\u0ca1\u0cac\u0cb9\u0cc1\u0ca6\u0cc1. \u0cae\u0ccd\u0caf\u0cbe\u0ca8\u0cc7\u0c9f\u0cc0\u0cb8\u0ccd, \u0c95\u0ca0\u0cbf\u0ca3\u0c9a\u0cb0\u0ccd\u0cae\u0cbf\u0c97\u0cb3\u0cc1 \u0cae\u0ca4\u0ccd\u0ca4\u0cc1 \u0ca1\u0cbe\u0cb2\u0ccd\u0cab\u0cbf\u0ca8\u0ccd\u0c97\u0cb3\u0ca8\u0ccd\u0ca8\u0cc1 \u0ca8\u0ccb\u0ca1\u0cb2\u0cc1 \u0ca8\u0cc0\u0cb0\u0cbf\u0ca8\u0cca\u0cb3\u0c97\u0cc6 \u0ca8\u0ccb\u0ca1\u0cbf.<\/p>\n<p>El nombre del parque nacional proviene de sus habitantes originales, los indios ta\u00ednos. En su idioma, \u00abHaitises\u00bb se traduce en tierras altas o colinas, una referencia a las empinadas formaciones geol\u00f3gicas de la costa con calizas. Avent\u00farate en el parque para explorar cuevas como la Cueva de la Arena y la Cueva de la L\u00ednea. Las cuevas en la reserva fueron utilizadas como refugio por los indios ta\u00ednos y, m\u00e1s tarde, por los piratas escondidos. Busque dibujos de indios que decoran algunas de las paredes. Despu\u00e9s de visitar el Parque Nacional Los Haitises, regresaremos al puerto de Saman\u00e1 pasando la bah\u00eda de Saman\u00e1 30 minutos.<\/p>\n<p>\u0ca8\u0cc0\u0cb5\u0cc1 \u0c88 \u0caa\u0ccd\u0cb0\u0cb5\u0cbe\u0cb8\u0cb5\u0ca8\u0ccd\u0ca8\u0cc1 \u0cb9\u0cc6\u0c9a\u0ccd\u0c9a\u0cc1 \u0c87\u0cb7\u0ccd\u0c9f\u0caa\u0c9f\u0ccd\u0c9f\u0cb0\u0cc6, \u0ca8\u0cbe\u0cb5\u0cc1 \u0c88 \u0c86\u0caf\u0ccd\u0c95\u0cc6\u0c97\u0cb3\u0ca8\u0ccd\u0ca8\u0cc1 \u0cb9\u0cca\u0c82\u0ca6\u0cbf\u0ca6\u0ccd\u0ca6\u0cc7\u0cb5\u0cc6:<\/p>\n<p>\u0cb2\u0cbe\u0cb8\u0ccd \u0cb9\u0cc8\u0c9f\u0cbf\u0cb8\u0ccd + \u0c95\u0cbe\u0caf\u0cca \u0cb2\u0cc6\u0cb5\u0cbe\u0c82\u0c9f\u0cbe\u0ca1\u0cca \u0cb8\u0cae\u0ca8\u0cbe \u0cac\u0c82\u0ca6\u0cb0\u0cbf\u0ca8\u0cbf\u0c82\u0ca6.<br \/>\n\u0cb2\u0cbe\u0cb8\u0ccd \u0cb9\u0cc8\u0c9f\u0cbf\u0cb8\u0ccd + \u0c95\u0ccd\u0caf\u0cbe\u0ca8\u0cca \u0cb9\u0cca\u0c82\u0ca1\u0ccb \u0cb8\u0cae\u0ca8\u0cbe \u0cac\u0c82\u0ca6\u0cb0\u0cbf\u0ca8\u0cbf\u0c82\u0ca6.<\/p>\n<h3>\u0ca8\u0cc0\u0cb5\u0cc1 \u0c8f\u0ca8\u0cc1 \u0ca4\u0cb0\u0cac\u0cc7\u0c95\u0cc1?<\/h3>\n<ul>\n<li>\u0c95\u0ccd\u0caf\u0cbe\u0cae\u0cc6\u0cb0\u0cbe<\/li>\n<li>\u0ca8\u0cbf\u0cb5\u0cbe\u0cb0\u0c95 \u0cae\u0cca\u0c97\u0ccd\u0c97\u0cc1\u0c97\u0cb3\u0cc1<\/li>\n<li>\u0cb8\u0ca8\u0ccd\u0cb8\u0ccd\u0c95\u0ccd\u0cb0\u0cc0\u0ca8\u0ccd<\/li>\n<li>\u0c9f\u0ccb\u0caa\u0cbf<\/li>\n<li>\u0c86\u0cb0\u0cbe\u0cae\u0ca6\u0cbe\u0caf\u0c95 \u0caa\u0ccd\u0caf\u0cbe\u0c82\u0c9f\u0ccd<\/li>\n<li>\u0c85\u0cb0\u0ca3\u0ccd\u0caf \u0caa\u0cbe\u0ca6\u0caf\u0cbe\u0ca4\u0ccd\u0cb0\u0cc6\u0caf \u0cac\u0cc2\u0c9f\u0cc1\u0c97\u0cb3\u0cc1<\/li>\n<li>\u0cb5\u0cb8\u0c82\u0ca4 \u0caa\u0ccd\u0cb0\u0ca6\u0cc7\u0cb6\u0c97\u0cb3\u0cbf\u0c97\u0cc6 \u0cb8\u0ccd\u0caf\u0cbe\u0c82\u0ca1\u0cb2\u0ccd.<\/li>\n<li>\u0c88\u0c9c\u0cc1 \u0c89\u0ca1\u0cc1\u0c97\u0cc6<\/li>\n<\/ul>\n<h3>\u0cb9\u0ccb\u0c9f\u0cc6\u0cb2\u0ccd \u0caa\u0cbf\u0c95\u0caa\u0ccd<\/h3>\n<p>\u0c88 \u0caa\u0ccd\u0cb0\u0cb5\u0cbe\u0cb8\u0c95\u0ccd\u0c95\u0cbe\u0c97\u0cbf \u0cb9\u0ccb\u0c9f\u0cc6\u0cb2\u0ccd \u0caa\u0cbf\u0c95\u0caa\u0ccd \u0c85\u0ca8\u0ccd\u0ca8\u0cc1 \u0ca8\u0cc0\u0ca1\u0cb2\u0cbe\u0c97\u0cc1\u0cb5\u0cc1\u0ca6\u0cbf\u0cb2\u0ccd\u0cb2.<\/p>\n<p>\u0c97\u0cae\u0ca8\u0cbf\u0cb8\u0cbf: \u0caa\u0ccd\u0cb0\u0cb5\u0cbe\u0cb8\/\u0cb5\u0cbf\u0cb9\u0cbe\u0cb0 \u0ca8\u0cbf\u0cb0\u0ccd\u0c97\u0cae\u0ca8\u0ca6 24 \u0c97\u0c82\u0c9f\u0cc6\u0c97\u0cb3 \u0c92\u0cb3\u0c97\u0cc6 \u0ca8\u0cc0\u0cb5\u0cc1 \u0cac\u0cc1\u0c95\u0ccd \u0cae\u0cbe\u0ca1\u0cbf\u0ca6\u0cb0\u0cc6, \u0ca8\u0cbe\u0cb5\u0cc1 \u0cb9\u0cc6\u0c9a\u0ccd\u0c9a\u0cc1\u0cb5\u0cb0\u0cbf \u0cb6\u0cc1\u0cb2\u0ccd\u0c95\u0c97\u0cb3\u0cca\u0c82\u0ca6\u0cbf\u0c97\u0cc6 \u0cb9\u0ccb\u0c9f\u0cc6\u0cb2\u0ccd \u0caa\u0cbf\u0c95\u0caa\u0ccd \u0c85\u0ca8\u0ccd\u0ca8\u0cc1 \u0cb5\u0ccd\u0caf\u0cb5\u0cb8\u0ccd\u0ca5\u0cc6\u0c97\u0cca\u0cb3\u0cbf\u0cb8\u0cac\u0cb9\u0cc1\u0ca6\u0cc1. \u0ca8\u0cbf\u0cae\u0ccd\u0cae \u0c96\u0cb0\u0cc0\u0ca6\u0cbf \u0caa\u0cc2\u0cb0\u0ccd\u0ca3\u0c97\u0cca\u0c82\u0ca1 \u0ca8\u0c82\u0ca4\u0cb0, \u0caa\u0cbf\u0c95\u0caa\u0ccd \u0cb5\u0ccd\u0caf\u0cb5\u0cb8\u0ccd\u0ca5\u0cc6\u0c97\u0cb3\u0ca8\u0ccd\u0ca8\u0cc1 \u0cb5\u0ccd\u0caf\u0cb5\u0cb8\u0ccd\u0ca5\u0cc6\u0c97\u0cca\u0cb3\u0cbf\u0cb8\u0cb2\u0cc1 \u0ca8\u0cae\u0ccd\u0cae \u0cb8\u0ccd\u0ca5\u0cb3\u0cc0\u0caf \u0caa\u0ccd\u0cb0\u0cb5\u0cbe\u0cb8 \u0cae\u0cbe\u0cb0\u0ccd\u0c97\u0ca6\u0cb0\u0ccd\u0cb6\u0cbf\u0c97\u0cbe\u0c97\u0cbf \u0ca8\u0cbe\u0cb5\u0cc1 \u0ca8\u0cbf\u0cae\u0c97\u0cc6 \u0cb8\u0c82\u0caa\u0cc2\u0cb0\u0ccd\u0ca3 \u0cb8\u0c82\u0caa\u0cb0\u0ccd\u0c95 \u0cae\u0cbe\u0cb9\u0cbf\u0ca4\u0cbf\u0caf\u0ca8\u0ccd\u0ca8\u0cc1 (\u0cab\u0ccb\u0ca8\u0ccd \u0cb8\u0c82\u0c96\u0ccd\u0caf\u0cc6, \u0c87\u0cae\u0cc7\u0cb2\u0ccd \u0cb5\u0cbf\u0cb3\u0cbe\u0cb8, \u0c87\u0ca4\u0ccd\u0caf\u0cbe\u0ca6\u0cbf) \u0c95\u0cb3\u0cc1\u0cb9\u0cbf\u0cb8\u0cc1\u0ca4\u0ccd\u0ca4\u0cc7\u0cb5\u0cc6.<\/p>\n<h3>\u0cb9\u0cc6\u0c9a\u0ccd\u0c9a\u0cc1\u0cb5\u0cb0\u0cbf \u0cae\u0cbe\u0cb9\u0cbf\u0ca4\u0cbf\u0caf \u0ca6\u0cc3\u0ca2\u0cc0\u0c95\u0cb0\u0ca3<\/h3>\n<ol>\n<li>\u0c9f\u0cbf\u0c95\u0cc6\u0c9f\u0ccd\u200c\u0c97\u0cb3\u0cc1 \u0c88 \u0caa\u0ccd\u0cb0\u0cb5\u0cbe\u0cb8\u0c95\u0ccd\u0c95\u0cc6 \u0caa\u0cbe\u0cb5\u0ca4\u0cbf\u0cb8\u0cbf\u0ca6 \u0ca8\u0c82\u0ca4\u0cb0 \u0cb0\u0cb6\u0cc0\u0ca6\u0cbf\u0caf\u0cbe\u0c97\u0cbf\u0ca6\u0cc6. \u0ca8\u0cbf\u0cae\u0ccd\u0cae \u0cab\u0ccb\u0ca8\u0ccd\u200c\u0ca8\u0cb2\u0ccd\u0cb2\u0cbf \u0ca8\u0cc0\u0cb5\u0cc1 \u0caa\u0cbe\u0cb5\u0ca4\u0cbf\u0caf\u0ca8\u0ccd\u0ca8\u0cc1 \u0ca4\u0ccb\u0cb0\u0cbf\u0cb8\u0cac\u0cb9\u0cc1\u0ca6\u0cc1.<\/li>\n<li>\u0cae\u0cc0\u0c9f\u0cbf\u0c82\u0c97\u0ccd \u0caa\u0cbe\u0caf\u0cbf\u0c82\u0c9f\u0ccd \u0c85\u0ca8\u0ccd\u0ca8\u0cc1 \u0cae\u0cc0\u0cb8\u0cb2\u0cbe\u0ca4\u0cbf \u0caa\u0ccd\u0cb0\u0c95\u0ccd\u0cb0\u0cbf\u0caf\u0cc6\u0caf \u0ca8\u0c82\u0ca4\u0cb0 \u0cb8\u0ccd\u0cb5\u0cc0\u0c95\u0cb0\u0cbf\u0cb8\u0cb2\u0cbe\u0c97\u0cc1\u0ca4\u0ccd\u0ca4\u0ca6\u0cc6.<\/li>\n<li>\u0cae\u0c95\u0ccd\u0c95\u0cb3\u0cc1 \u0cb5\u0caf\u0cb8\u0ccd\u0c95\u0cb0\u0cca\u0c82\u0ca6\u0cbf\u0c97\u0cc6 \u0c87\u0cb0\u0cac\u0cc7\u0c95\u0cc1.<\/li>\n<li>\u0c97\u0cbe\u0cb2\u0cbf\u0c95\u0cc1\u0cb0\u0ccd\u0c9a\u0cbf\u0caf\u0ca8\u0ccd\u0ca8\u0cc1 \u0caa\u0ccd\u0cb0\u0cb5\u0cc7\u0cb6\u0cbf\u0cb8\u0cb2\u0cbe\u0c97\u0cc1\u0cb5\u0cc1\u0ca6\u0cbf\u0cb2\u0ccd\u0cb2<\/li>\n<li>\u0cb6\u0cbf\u0cb6\u0cc1\u0c97\u0cb3\u0cc1 \u0ca4\u0cca\u0ca1\u0cc6\u0caf \u0cae\u0cc7\u0cb2\u0cc6 \u0c95\u0cc1\u0cb3\u0cbf\u0ca4\u0cc1\u0c95\u0cca\u0cb3\u0ccd\u0cb3\u0cac\u0cc7\u0c95\u0cc1<\/li>\n<li>\u0cac\u0cc6\u0ca8\u0ccd\u0ca8\u0cc1 \u0cb8\u0cae\u0cb8\u0ccd\u0caf\u0cc6 \u0c87\u0cb0\u0cc1\u0cb5 \u0caa\u0ccd\u0cb0\u0caf\u0cbe\u0ca3\u0cbf\u0c95\u0cb0\u0cbf\u0c97\u0cc6 \u0cb6\u0cbf\u0cab\u0cbe\u0cb0\u0cb8\u0cc1 \u0cae\u0cbe\u0ca1\u0cb2\u0cbe\u0c97\u0cbf\u0cb2\u0ccd\u0cb2.<\/li>\n<li>\u0c97\u0cb0\u0ccd\u0cad\u0cbf\u0ca3\u0cbf \u0caa\u0ccd\u0cb0\u0caf\u0cbe\u0ca3\u0cbf\u0c95\u0cb0\u0cbf\u0c97\u0cc6 \u0cb6\u0cbf\u0cab\u0cbe\u0cb0\u0cb8\u0cc1 \u0cae\u0cbe\u0ca1\u0cb2\u0cbe\u0c97\u0cbf\u0cb2\u0ccd\u0cb2.<\/li>\n<li>\u0caf\u0cbe\u0cb5\u0cc1\u0ca6\u0cc7 \u0cb9\u0cc3\u0ca6\u0caf \u0cb8\u0cae\u0cb8\u0ccd\u0caf\u0cc6\u0c97\u0cb3\u0cc1 \u0c85\u0ca5\u0cb5\u0cbe \u0c87\u0ca4\u0cb0 \u0c97\u0c82\u0cad\u0cc0\u0cb0 \u0cb5\u0cc8\u0ca6\u0ccd\u0caf\u0c95\u0cc0\u0caf \u0caa\u0cb0\u0cbf\u0cb8\u0ccd\u0ca5\u0cbf\u0ca4\u0cbf\u0c97\u0cb3\u0cc1.<\/li>\n<li>\u0cb9\u0cc6\u0c9a\u0ccd\u0c9a\u0cbf\u0ca8 \u0caa\u0ccd\u0cb0\u0caf\u0cbe\u0ca3\u0cbf\u0c95\u0cb0\u0cc1 \u0cad\u0cbe\u0c97\u0cb5\u0cb9\u0cbf\u0cb8\u0cac\u0cb9\u0cc1\u0ca6\u0cc1.<\/li>\n<\/ol>\n<h3>\u0cb0\u0ca6\u0ccd\u0ca6\u0ca4\u0cbf \u0ca8\u0cc0\u0ca4\u0cbf<\/h3>\n<p>\u0caa\u0cc2\u0cb0\u0ccd\u0ca3 \u0cae\u0cb0\u0cc1\u0caa\u0cbe\u0cb5\u0ca4\u0cbf\u0c97\u0cbe\u0c97\u0cbf, \u0c85\u0ca8\u0cc1\u0cad\u0cb5\u0ca6 \u0caa\u0ccd\u0cb0\u0cbe\u0cb0\u0c82\u0cad\u0ca6 \u0ca6\u0cbf\u0ca8\u0cbe\u0c82\u0c95\u0c95\u0ccd\u0c95\u0cbf\u0c82\u0ca4 \u0c95\u0ca8\u0cbf\u0cb7\u0ccd\u0ca0 24 \u0c97\u0c82\u0c9f\u0cc6\u0c97\u0cb3 \u0cae\u0cca\u0ca6\u0cb2\u0cc1 \u0cb0\u0ca6\u0ccd\u0ca6\u0cc1\u0c97\u0cca\u0cb3\u0cbf\u0cb8\u0cbf.<\/p>\n<h3>\u0ca8\u0cae\u0ccd\u0cae\u0ca8\u0ccd\u0ca8\u0cc1 \u0cb8\u0c82\u0caa\u0cb0\u0ccd\u0c95\u0cbf\u0cb8\u0cbf?<\/h3>\n<p>\u0cac\u0cc1\u0c95\u0cbf\u0c82\u0c97\u0ccd \u0cb8\u0cbe\u0cb9\u0cb8\u0c97\u0cb3\u0cc1<br \/>\n\u0cb8\u0ccd\u0ca5\u0cb3\u0cc0\u0caf \u0cae\u0ca4\u0ccd\u0ca4\u0cc1 \u0cb0\u0cbe\u0cb7\u0ccd\u0c9f\u0ccd\u0cb0\u0cc0\u0caf \u0caa\u0ccd\u0cb0\u0cb5\u0cbe\u0cb8 \u0cae\u0cbe\u0cb0\u0ccd\u0c97\u0ca6\u0cb0\u0ccd\u0cb6\u0cbf\u0c97\u0cb3\u0cc1 \u0cae\u0ca4\u0ccd\u0ca4\u0cc1 \u0c85\u0ca4\u0cbf\u0ca5\u0cbf \u0cb8\u0cc7\u0cb5\u0cc6\u0c97\u0cb3\u0cc1<\/p>\n<p>\u0c95\u0cbe\u0caf\u0ccd\u0ca6\u0cbf\u0cb0\u0cbf\u0cb8\u0cc1\u0cb5\u0cbf\u0c95\u0cc6\u0c97\u0cb3\u0cc1: \u0ca1\u0cca\u0cae\u0ccd \u0cb0\u0cc6\u0caa\u0ccd\u200c\u0ca8\u0cb2\u0ccd\u0cb2\u0cbf \u0caa\u0ccd\u0cb0\u0cb5\u0cbe\u0cb8\u0c97\u0cb3\u0cc1 \u0cae\u0ca4\u0ccd\u0ca4\u0cc1 \u0cb5\u0cbf\u0cb9\u0cbe\u0cb0\u0c97\u0cb3\u0cc1.<\/p>\n<p>\ud83d\udcde \u0ca6\u0cc2\u0cb0\u0cb5\u0cbe\u0ca3\u0cbf\/Whatsapp +1-809-720-6035.<\/p>\n<p>\ud83d\udce9 info@bookingadventures.com.do<\/p>\n<p>\u0ca8\u0cbe\u0cb5\u0cc1 Whatsapp \u0cae\u0cc2\u0cb2\u0c95 \u0ca8\u0cae\u0ccd\u0caf\u0ca4\u0cc6\u0caf\u0cca\u0c82\u0ca6\u0cbf\u0c97\u0cc6 \u0c96\u0cbe\u0cb8\u0c97\u0cbf \u0caa\u0ccd\u0cb0\u0cb5\u0cbe\u0cb8\u0c97\u0cb3\u0ca8\u0ccd\u0ca8\u0cc1 \u0cae\u0cbe\u0ca1\u0cc1\u0ca4\u0ccd\u0ca4\u0cc7\u0cb5\u0cc6: +18097206035.<\/p>\n\n\t\t<\/div>\n\t<\/div>\n<\/div><\/div><\/div><\/div><div class=\"vc_row wpb_row vc_row-fluid\" ><div class=\"wpb_column vc_column_container vc_col-sm-12\"><div class=\"vc_column-inner\"><div class=\"wpb_wrapper\"><div class=\"vc_empty_space\"   style=\"height: 32px\"><span class=\"vc_empty_space_inner\"><\/span><\/div>\n\t<div class=\"wpb_video_widget wpb_content_element vc_clearfix   vc_video-aspect-ratio-169 vc_video-el-width-100 vc_video-align-left\" >\n\t\t<div class=\"wpb_wrapper\">\n\t\t\t<h2 class=\"wpb_heading wpb_video_heading\">\u0cb2\u0cbe\u0cb8\u0ccd \u0cb9\u0cc8\u0c9f\u0cbf\u0cb8\u0ccd \u0cae\u0ca4\u0ccd\u0ca4\u0cc1 \u0c87\u0ca8\u0ccd\u0ca8\u0cb7\u0ccd\u0c9f\u0cc1...<\/h2>\n\t\t\t<div class=\"wpb_video_wrapper\"><iframe loading=\"lazy\" title=\"\u0ca1\u0cca\u0cae\u0cbf\u0ca8\u0cbf\u0c95\u0ca8\u0ccd \u0cb0\u0cbf\u0caa\u0cac\u0ccd\u0cb2\u0cbf\u0c95\u0ccd - \u0cb2\u0cbe\u0cb8\u0ccd \u0cb9\u0cc8\u0c9f\u0cbf\u0cb8\u0ccd \u0c97\u0cc1\u0cb9\u0cc6\u0c97\u0cb3\u0cc1 (\u0c9f\u0cc8\u0ca8\u0ccb\u0cb8\u0ccd), \u0c9a\u0cbf\u0ca4\u0ccd\u0cb0\u0c97\u0cb3\u0cc1 \u0cae\u0ca4\u0ccd\u0ca4\u0cc1 \u0cb6\u0cbf\u0cb2\u0cbe\u0c95\u0cc3\u0ca4\u0cbf\u0c97\u0cb3\u0cc1\" width=\"1100\" height=\"619\" src=\"https:\/\/www.youtube.com\/embed\/o_ExYqtOlH8?feature=oembed\" frameborder=\"0\" allow=\"accelerometer; autoplay; encrypted-media; gyroscope; picture-in-picture\" allowfullscreen><\/iframe><\/div>\n\t\t<\/div>\n\t<\/div>\n<\/div><\/div><\/div><\/div>","protected":false},"excerpt":{"rendered":"<p>\u0cb8\u0ccd\u0ca5\u0cb3\u0cc0\u0caf \u0cae\u0cbe\u0cb0\u0ccd\u0c97\u0ca6\u0cb0\u0ccd\u0cb6\u0cbf\u0caf\u0cca\u0c82\u0ca6\u0cbf\u0c97\u0cc6 \u0cb2\u0cbe\u0cb8\u0ccd \u0cb9\u0cc8\u0c9f\u0cbf\u0cb8\u0ccd \u0cb0\u0cbe\u0cb7\u0ccd\u0c9f\u0ccd\u0cb0\u0cc0\u0caf \u0c89\u0ca6\u0ccd\u0caf\u0cbe\u0ca8\u0cb5\u0ca8\u0c95\u0ccd\u0c95\u0cc6 \u0caa\u0cb0\u0cbf\u0cb8\u0cb0 \u0caa\u0ccd\u0cb0\u0cb5\u0cbe\u0cb8. \u0cb2\u0cbe\u0cb8\u0ccd \u0cb9\u0cc8\u0c9f\u0cbf\u0cb8\u0ccd \u0cb0\u0cbe\u0cb7\u0ccd\u0c9f\u0ccd\u0cb0\u0cc0\u0caf \u0c89\u0ca6\u0ccd\u0caf\u0cbe\u0ca8\u0cb5\u0ca8, \u0cae\u0ccd\u0caf\u0cbe\u0c82\u0c97\u0ccd\u0cb0\u0ccb\u0cb5\u0ccd\u200c\u0c97\u0cb3\u0cc1, \u0cb8\u0cb8\u0ccd\u0caf\u0cb5\u0cb0\u0ccd\u0c97, \u0caa\u0c95\u0ccd\u0cb7\u0cbf \u0cb5\u0cc0\u0c95\u0ccd\u0cb7\u0ca3\u0cc6, \u0c97\u0cc1\u0cb9\u0cc6\u0c97\u0cb3\u0cc1, \u0c9a\u0cbf\u0ca4\u0ccd\u0cb0\u0c97\u0cb3\u0cc1 \u0cae\u0ca4\u0ccd\u0ca4\u0cc1 \u0cb2\u0cbe\u0cb8\u0ccd \u0cb9\u0cc8\u0c9f\u0cbf\u0cb8\u0ccd \u0cb0\u0cbe\u0cb7\u0ccd\u0c9f\u0ccd\u0cb0\u0cc0\u0caf \u0c89\u0ca6\u0ccd\u0caf\u0cbe\u0ca8\u0cb5\u0ca8\u0ca6\u0cb2\u0ccd\u0cb2\u0cbf\u0cb0\u0cc1\u0cb5 \u0cb8\u0cac\u0cbe\u0ca8\u0cbe \u0ca1\u0cc6 \u0cb2\u0cbe \u0cae\u0cbe\u0cb0\u0ccd\u200c\u0ca8 \u0c90\u0ca4\u0cbf\u0cb9\u0cbe\u0cb8\u0cbf\u0c95 \u0caa\u0ccd\u0cb0\u0ca6\u0cc7\u0cb6\u0c97\u0cb3 \u0c95\u0cc0\u0cb8\u0ccd\u200c\u0c97\u0cc6 \u0cad\u0cc7\u0c9f\u0cbf \u0ca8\u0cc0\u0ca1\u0cc1\u0cb5\u0cc1\u0ca6\u0cc1.<\/p>\n<p>&nbsp;<\/p>\n<p><strong>\u0ca8\u0cbf\u0cae\u0ccd\u0cae \u0cad\u0cc7\u0c9f\u0cbf\u0caf \u0ca6\u0cbf\u0ca8\u0cbe\u0c82\u0c95\u0cb5\u0ca8\u0ccd\u0ca8\u0cc1 \u0c86\u0caf\u0ccd\u0c95\u0cc6\u0cae\u0cbe\u0ca1\u0cbf:<\/strong><\/p>","protected":false},"featured_media":225,"template":"","meta":[],"product_brand":[],"product_cat":[121,435,430,443],"product_tag":[132,133,432,142,148,143],"class_list":{"0":"post-543","1":"product","2":"type-product","3":"status-publish","4":"has-post-thumbnail","6":"product_cat-mangroves","7":"product_cat-manglares","8":"product_cat-parque-nacional-los-haitises-samana","9":"product_cat-tours-y-excursiones-es","10":"product_tag-los-haitises","11":"product_tag-los-haitises-national-park","12":"product_tag-parque-nacional-los-haitises-samana","13":"product_tag-samana","14":"product_tag-samana-excursions","15":"product_tag-samana-tours","17":"first","18":"instock","19":"sale","20":"sold-individually","21":"shipping-taxable","22":"product-type-external"},"_links":{"self":[{"href":"https:\/\/haitises.com\/kn\/wp-json\/wp\/v2\/product\/543","targetHints":{"allow":["GET"]}}],"collection":[{"href":"https:\/\/haitises.com\/kn\/wp-json\/wp\/v2\/product"}],"about":[{"href":"https:\/\/haitises.com\/kn\/wp-json\/wp\/v2\/types\/product"}],"wp:featuredmedia":[{"embeddable":true,"href":"https:\/\/haitises.com\/kn\/wp-json\/wp\/v2\/media\/225"}],"wp:attachment":[{"href":"https:\/\/haitises.com\/kn\/wp-json\/wp\/v2\/media?parent=543"}],"wp:term":[{"taxonomy":"product_brand","embeddable":true,"href":"https:\/\/haitises.com\/kn\/wp-json\/wp\/v2\/product_brand?post=543"},{"taxonomy":"product_cat","embeddable":true,"href":"https:\/\/haitises.com\/kn\/wp-json\/wp\/v2\/product_cat?post=543"},{"taxonomy":"product_tag","embeddable":true,"href":"https:\/\/haitises.com\/kn\/wp-json\/wp\/v2\/product_tag?post=543"}],"curies":[{"name":"wp","href":"https:\/\/api.w.org\/{rel}","templated":true}]}}