{"id":608,"date":"2020-07-12T21:05:28","date_gmt":"2020-07-12T21:05:28","guid":{"rendered":"http:\/\/haitises.com\/?post_type=product&#038;p=608"},"modified":"2024-04-16T03:21:46","modified_gmt":"2024-04-16T03:21:46","slug":"\u10e1\u10d0\u10db\u10d0\u10dc\u10d0\u10e1-\u10de\u10dd\u10e0\u10e2\u10d8\u10d3\u10d0\u10dc-\u10d2\u10d0\u10db\u10dd\u10e7\u10d5\u10d0","status":"publish","type":"product","link":"https:\/\/haitises.com\/ka\/\u10d9\u10d4\u10e0\u10eb\u10dd\/\u10e1\u10d0\u10db\u10d0\u10dc\u10d0\u10e1-\u10de\u10dd\u10e0\u10e2\u10d8\u10d3\u10d0\u10dc-\u10d2\u10d0\u10db\u10dd\u10e7\u10d5\u10d0\/","title":{"rendered":"\u10d5\u10d4\u10e8\u10d0\u10de\u10d4\u10d1\u10d8\u10e1 \u10d3\u10d0 \u10d9\u10d0\u10d8\u10dd \u10da\u10d4\u10d5\u10d0\u10dc\u10e2\u10d0\u10d3\u10dd\u10e1 \u10de\u10d8\u10e0\u10d0\u10d3\u10d8 \u10e2\u10e3\u10e0\u10d8 \u10e1\u10d0\u10db\u10d0\u10dc\u10d0\u10e1 \u10de\u10dd\u10e0\u10e2\u10d8\u10d3\u10d0\u10dc"},"content":{"rendered":"<div class=\"vc_row wpb_row vc_row-fluid\" ><div class=\"wpb_column vc_column_container vc_col-sm-12\"><div class=\"vc_column-inner\"><div class=\"wpb_wrapper\"><div class=\"vc_empty_space\"   style=\"height: 32px\"><span class=\"vc_empty_space_inner\"><\/span><\/div>[mkdf_section_title title_tag=\u00bb\u00bb disable_break_words=\u00bbno\u00bb subtitle_tag=\u00bb\u00bb title=\u00bbSamana Cayo Levantado + Excursi\u00f3n de Ballenas\u00bb subtitle=\u00bbTour en bote desde el puerto de Saman\u00e1\u00bb]<div class=\"vc_message_box vc_message_box-standard vc_message_box-rounded vc_color-info\" ><div class=\"vc_message_box-icon\"><i class=\"fas fa-info-circle\"><\/i><\/div><p>\u10d4\u10e1 \u10d0\u10e0\u10d8\u10e1 \u10d9\u10d4\u10e0\u10eb\u10dd \u10e2\u10e3\u10e0\u10d8 \u10db\u10d8\u10dc\u10d8\u10db\u10e3\u10db 4 \u10d0\u10d3\u10d0\u10db\u10d8\u10d0\u10dc\u10d8. \u10d8\u10db\u10d0\u10d5\u10d4 \u10db\u10dd\u10d2\u10d6\u10d0\u10e3\u10e0\u10dd\u10d1\u10d8\u10e1 \u10d3\u10d0\u10e1\u10d0\u10ef\u10d0\u10d5\u10e8\u10dc\u10d0\u10d3 \u10d9\u10d0\u10e2\u10d0\u10db\u10d0\u10e0\u10d0\u10dc\u10d8\u10e1 \u10ef\u10d2\u10e3\u10e4\u10d4\u10d1\u10e8\u10d8 \u10d3\u10d0\u10d0\u10ec\u10d9\u10d0\u10de\u10e3\u10dc\u10d4\u10d7 \u10d0\u10e5.<br \/>\n\u10d7\u10e3 4 \u10d0\u10d3\u10d0\u10db\u10d8\u10d0\u10dc\u10d6\u10d4 \u10dc\u10d0\u10d9\u10da\u10d4\u10d1\u10d8 \u10ee\u10d0\u10e0\u10d7 \u10d3\u10d0 \u10d2\u10e1\u10e3\u10e0\u10d7 \u10de\u10d8\u10e0\u10d0\u10d3\u10d8, \u10d2\u10d7\u10ee\u10dd\u10d5\u10d7 \u10d3\u10d0\u10d2\u10d5\u10d8\u10d9\u10d0\u10d5\u10e8\u10d8\u10e0\u10d3\u10d4\u10d7.<\/p>\n<\/div><div class=\"vc_empty_space\"   style=\"height: 32px\"><span class=\"vc_empty_space_inner\"><\/span><\/div><\/div><\/div><\/div><\/div><div class=\"vc_row wpb_row vc_row-fluid\" ><div class=\"wpb_column vc_column_container vc_col-sm-12\"><div class=\"vc_column-inner\"><div class=\"wpb_wrapper\">\n\t<div class=\"wpb_text_column wpb_content_element\" >\n\t\t<div class=\"wpb_wrapper\">\n\t\t\t<h3>\u10d0\u10e6\u10ec\u10d4\u10e0\u10d0<\/h3>\n<p>\u10db\u10dd\u10d4\u10e0\u10d8\u10d3\u10d4\u10d7 \u10e2\u10e3\u10e0\u10d8\u10e1\u10e2\u10d4\u10d1\u10d8\u10e1 \u10d3\u10d8\u10d3 \u10ef\u10d2\u10e3\u10e4\u10e1 \u10d3\u10d0 \u10d3\u10d0\u10d0\u10d9\u10d5\u10d8\u10e0\u10d3\u10d8\u10d7 \u10d5\u10d4\u10e8\u10d0\u10de\u10d4\u10d1\u10e1 \u10e1\u10d0\u10db\u10d0\u10dc\u10d0\u10e1 \u10e7\u10e3\u10e0\u10d4\u10e8\u10d8 \u10e1\u10d0\u10db\u10d0\u10dc\u10d0\u10e1 \u10de\u10dd\u10e0\u10e2\u10d8\u10d3\u10d0\u10dc \u10d9\u10d4\u10e0\u10eb\u10dd \u10dc\u10d0\u10d5\u10d8\u10d7. \u10d4\u10e1 \u10db\u10dd\u10d2\u10d6\u10d0\u10e3\u10e0\u10dd\u10d1\u10d0 \u10d8\u10ec\u10e7\u10d4\u10d1\u10d0 \u10d3\u10d8\u10da\u10d8\u10e1 9:00 \u10e1\u10d0\u10d0\u10d7\u10d6\u10d4 \u10d3\u10d0 \u10db\u10d7\u10d0\u10d5\u10e0\u10d3\u10d4\u10d1\u10d0 17:00 \u10e1\u10d0\u10d0\u10d7\u10d6\u10d4, \u10db\u10d0\u10d2\u10e0\u10d0\u10db \u10e0\u10d0\u10d3\u10d2\u10d0\u10dc \u10d4\u10e1 \u10d8\u10e5\u10dc\u10d4\u10d1\u10d0 \u10de\u10d8\u10e0\u10d0\u10d3\u10d8 \u10db\u10dd\u10d2\u10d6\u10d0\u10e3\u10e0\u10dd\u10d1\u10d0, \u10e8\u10d4\u10d2\u10d8\u10eb\u10da\u10d8\u10d0\u10d7 \u10d3\u10d0\u10d0\u10e7\u10d4\u10dc\u10dd\u10d7 \u10d3\u10d0\u10ec\u10e7\u10d4\u10d1\u10d8\u10e1 \u10d3\u10d0 \u10d3\u10d0\u10e1\u10e0\u10e3\u10da\u10d4\u10d1\u10d8\u10e1 \u10d3\u10e0\u10dd. \u10e8\u10d4\u10ee\u10d5\u10d4\u10d3\u10e0\u10d0 \u10d0\u10d3\u10e0\u10d4 \u10e9\u10d5\u10d4\u10dc\u10e1 \u10dd\u10e4\u10d8\u10e1\u10e8\u10d8 \u10e1\u10d0\u10db\u10d4\u10e4\u10dd \u10e0\u10d4\u10e1\u10e2\u10dd\u10e0\u10dc\u10d8\u10e1 \u10d2\u10d5\u10d4\u10e0\u10d3\u10d8\u10d7. \u10e9\u10d5\u10d4\u10dc\u10d8 \u10dc\u10d0\u10d5\u10d8\u10e1 \u10e8\u10d4\u10ec\u10e7\u10d5\u10d4\u10e2\u10d8\u10e1 \u10e8\u10d4\u10db\u10d3\u10d4\u10d2 \u10d5\u10d4\u10e8\u10d0\u10de\u10d4\u10d1\u10d8\u10e1 \u10db\u10dd\u10dc\u10d0\u10ee\u10e3\u10da\u10d4\u10d1\u10d0 \u10e1\u10d0\u10d9\u10e3\u10d7\u10d0\u10e0 \u10f0\u10d0\u10d1\u10d8\u10e2\u10d0\u10e2\u10e8\u10d8. \u10e9\u10d5\u10d4\u10dc\u10d8 \u10d9\u10d0\u10de\u10d8\u10e2\u10d0\u10dc\u10d4\u10d1\u10d8 \u10d2\u10d0\u10ec\u10d5\u10e0\u10d7\u10dc\u10d8\u10da\u10d8 \u10d0\u10e0\u10d8\u10d0\u10dc \u10d8\u10db\u10d8\u10e1\u10d7\u10d5\u10d8\u10e1, \u10e0\u10dd\u10db \u10d3\u10d0\u10e0\u10ec\u10db\u10e3\u10dc\u10d3\u10dc\u10d4\u10dc, \u10e0\u10dd\u10db \u10d5\u10d4\u10e8\u10d0\u10de\u10d4\u10d1\u10d8 \u10ee\u10d4\u10d3\u10d0\u10d5\u10d7.<\/p>\n<p>\u10d3\u10d8\u10da\u10d8\u10e1 9:00 \u10e1\u10d0\u10d0\u10d7\u10d8\u10d3\u10d0\u10dc \u10e8\u10e3\u10d0\u10d3\u10e6\u10d8\u10e1 12:00 \u10e1\u10d0\u10d0\u10d7\u10d0\u10db\u10d3\u10d4 \u10d5\u10d4\u10e8\u10d0\u10de\u10d4\u10d1\u10d8\u10e1 \u10d3\u10d0\u10d9\u10d5\u10d8\u10e0\u10d5\u10d4\u10d1\u10d8\u10e1 \u10dd\u10d1\u10e1\u10d4\u10e0\u10d5\u10d0\u10e2\u10dd\u10e0\u10d8\u10d0 \u10d3\u10d0 \u10d0\u10db \u10db\u10dd\u10d2\u10d6\u10d0\u10e3\u10e0\u10dd\u10d1\u10d8\u10e1 \u10e8\u10d4\u10db\u10d3\u10d4\u10d2 \u10db\u10dd\u10d5\u10d8\u10dc\u10d0\u10ee\u10e3\u10da\u10d4\u10d1\u10d7 \u10d1\u10d0\u10d9\u10d0\u10e0\u10d3\u10d8\u10e1 \u10d9\u10e3\u10dc\u10eb\u10e3\u10da\u10e1 \/ \u10d9\u10d0\u10d8\u10dd \u10da\u10d4\u10d5\u10d0\u10dc\u10e2\u10d0\u10d3\u10dd\u10e1. \u10d1\u10d0\u10d9\u10d0\u10e0\u10d3\u10d8\u10e1 \u10d9\u10e3\u10dc\u10eb\u10e3\u10da\u10d6\u10d4, \u10d3\u10dd\u10db\u10d8\u10dc\u10d8\u10d9\u10d8\u10e1 \u10e1\u10e2\u10d8\u10da\u10d8\u10e1 \u10e2\u10d8\u10de\u10d8\u10e3\u10e0\u10d8 \u10d1\u10e3\u10e4\u10d4\u10e2\u10d8\u10e1 \u10da\u10d0\u10dc\u10e9\u10d8 (\u10d1\u10e0\u10d8\u10dc\u10ef\u10d8, \u10da\u10dd\u10d1\u10d8\u10dd, \u10d7\u10d4\u10d5\u10d6\u10d8, \u10e1\u10d0\u10da\u10d0\u10d7\u10d4\u10d1\u10d8\u2026). \u10e0\u10dd\u10d3\u10d4\u10e1\u10d0\u10ea \u10da\u10d0\u10dc\u10e9\u10d8 \u10d3\u10d0\u10e1\u10e0\u10e3\u10da\u10d3\u10d4\u10d1\u10d0, \u10ea\u10e3\u10e0\u10d5\u10d8\u10e1 \u10e3\u10e4\u10da\u10d4\u10d1\u10d0 \u10d2\u10d0\u10e5\u10d5\u10d7 \u10e1\u10d0\u10e6\u10d0\u10db\u10dd\u10e1 4:30 \u10e1\u10d0\u10d0\u10d7\u10d0\u10db\u10d3\u10d4. \u10e2\u10e3\u10e0\u10d8 \u10d3\u10d0\u10e1\u10e0\u10e3\u10da\u10d3\u10d4\u10d1\u10d0 17:00 \u10e1\u10d0\u10d0\u10d7\u10d6\u10d4 \u10d8\u10db\u10d0\u10d5\u10d4 \u10de\u10dd\u10e0\u10e2\u10e8\u10d8, \u10e1\u10d0\u10d3\u10d0\u10ea \u10d8\u10e1 \u10d3\u10d0\u10d8\u10ec\u10e7\u10d4\u10d1\u10d0.<\/p>\n<p><strong>\u1ca8\u10d4\u10dc\u10d8\u10e8\u10d5\u10dc\u10d0:<\/strong> \u10d4\u10e1 \u10e2\u10e3\u10e0\u10d8 \u10d9\u10d4\u10e0\u10eb\u10dd\u10d0. (\u10db\u10ee\u10dd\u10da\u10dd\u10d3 \u10d7\u10e5\u10d5\u10d4\u10dc \u10d3\u10d0 \u10d7\u10e5\u10d5\u10d4\u10dc\u10d8 \u10dd\u10ef\u10d0\u10ee\u10d8 \u10d0\u10dc \u10db\u10d4\u10d2\u10dd\u10d1\u10e0\u10d4\u10d1\u10d8 \u10d1\u10dd\u10e0\u10e2\u10d6\u10d4 \u10d8\u10db\u10e7\u10dd\u10e4\u10d4\u10d1\u10d8\u10d7 \u10d9\u10d0\u10de\u10d8\u10e2\u10d0\u10dc\u10d7\u10d0\u10dc \u10d3\u10d0 \u10d2\u10d8\u10d3\u10d7\u10d0\u10dc \u10d4\u10e0\u10d7\u10d0\u10d3).<\/p>\n<ul>\n<li>\u10d5\u10d4\u10e8\u10d0\u10de\u10d4\u10d1\u10d8\u10e1 \u10e7\u10e3\u10e0\u10d4\u10d1\u10d0<\/li>\n<li>\u10dd\u10d1\u10e1\u10d4\u10e0\u10d5\u10d0\u10e2\u10dd\u10e0\u10d8\u10d0\u10e8\u10d8 \u10e8\u10d4\u10e1\u10d0\u10e1\u10d5\u10da\u10d4\u10da\u10d8 \u10d1\u10d8\u10da\u10d4\u10d7\u10d4\u10d1\u10d8<\/li>\n<li>\u10e8\u10d4\u10d3\u10d8\u10e1 \u10d1\u10e3\u10e4\u10d4\u10e2\u10d8\u10e1 \u10da\u10d0\u10dc\u10e9\u10d8 \u10e1\u10d0\u10dc\u10d0\u10de\u10d8\u10e0\u10dd\u10d6\u10d4.<\/li>\n<li>\u10dc\u10d0\u10d5\u10d8\u10d7 \u10e2\u10e0\u10d0\u10dc\u10e1\u10de\u10dd\u10e0\u10e2\u10d8<\/li>\n<li>\u10d9\u10d0\u10de\u10d8\u10e2\u10d0\u10dc\u10d8 \u10e3\u10d6\u10e0\u10e3\u10dc\u10d5\u10d4\u10da\u10e7\u10dd\u10e4\u10e1 \u10d8\u10dc\u10e1\u10e2\u10e0\u10e3\u10e5\u10ea\u10d8\u10d0\u10e1 \u10d3\u10d0 \u10d6\u10d4\u10d3\u10d0\u10db\u10ee\u10d4\u10d3\u10d5\u10d4\u10da\u10dd\u10d1\u10d0\u10e1.<\/li>\n<li>\u10d4\u10e5\u10e1\u10d9\u10e3\u10e0\u10e1\u10d8\u10d0\u10db\u10eb\u10e6\u10dd\u10da\u10d8<\/li>\n<\/ul>\n<h3>\u10e9\u10d0\u10e0\u10d7\u10d5\u10d4\u10d1\u10d8 \u10d3\u10d0 \u10d2\u10d0\u10db\u10dd\u10e0\u10d8\u10ea\u10ee\u10d5\u10d4\u10d1\u10d8<\/h3>\n<h4>\u10e9\u10d0\u10e0\u10d7\u10d5\u10d4\u10d1\u10d8<\/h4>\n<ol>\n<li>\u10da\u10d0\u10dc\u10e9\u10d8 \u10e4\u10e3\u10e0\u10e8\u10d4\u10e2\u10d8 \u10e1\u10d0\u10dc\u10d0\u10de\u10d8\u10e0\u10dd\u10d6\u10d4.<\/li>\n<li>\u10d4\u10e5\u10e1\u10d9\u10e3\u10e0\u10e1\u10d8\u10d0\u10db\u10eb\u10e6\u10dd\u10da\u10d8<\/li>\n<li>\u10d9\u10d0\u10e2\u10d0\u10db\u10d0\u10e0\u10d0\u10dc\u10d8 \u10d0\u10dc \u10dc\u10d0\u10d5\u10d8\u10d7 \u10d2\u10d0\u10e1\u10d4\u10d8\u10e0\u10dc\u10d4\u10d1\u10d0<\/li>\n<li>\u10e7\u10d5\u10d4\u10da\u10d0 \u10d2\u10d0\u10d3\u10d0\u10e1\u10d0\u10ee\u10d0\u10d3\u10d4\u10d1\u10d8, \u10db\u10dd\u10e1\u10d0\u10d9\u10e0\u10d4\u10d1\u10da\u10d4\u10d1\u10d8 \u10d3\u10d0 \u10d2\u10d0\u10d3\u10d0\u10e1\u10d0\u10ee\u10d0\u10d3\u10d8<\/li>\n<li>\u10d0\u10d3\u10d2\u10d8\u10da\u10dd\u10d1\u10e0\u10d8\u10d5\u10d8 \u10d2\u10d0\u10d3\u10d0\u10e1\u10d0\u10ee\u10d0\u10d3\u10d4\u10d1\u10d8<\/li>\n<li>\u10e1\u10d0\u10e1\u10db\u10d4\u10da\u10d4\u10d1\u10d8<\/li>\n<\/ol>\n<h4>\u10d2\u10d0\u10db\u10dd\u10e0\u10d8\u10ea\u10ee\u10d5\u10d4\u10d1\u10d8<\/h4>\n<ol>\n<li>\u1ca0\u10e9\u10d4\u10d5\u10d4\u10d1\u10d8<\/li>\n<li>\u10e1\u10d0\u10e2\u10e0\u10d0\u10dc\u10e1\u10e4\u10d4\u10e0\u10dd \u10db\u10d0\u10dc\u10e5\u10d0\u10dc\u10d0<\/li>\n<li>\u1c90\u10da\u10d9\u10dd\u10f0\u10dd\u10da\u10e3\u10e0\u10d8 \u10e1\u10d0\u10e1\u10db\u10d4\u10da\u10d4\u10d1\u10d8<\/li>\n<\/ol>\n<h3><em>\u10d2\u10d0\u10db\u10d2\u10d6\u10d0\u10d5\u10e0\u10d4\u10d1\u10d0 \u10d3\u10d0 \u10d3\u10d0\u10d1\u10e0\u10e3\u10dc\u10d4\u10d1\u10d0<\/em><\/h3>\n<p>\u10db\u10dd\u10d2\u10d6\u10d0\u10e3\u10e0\u10d8 \u10db\u10d8\u10d8\u10e6\u10d4\u10d1\u10e1 \u10e8\u10d4\u10ee\u10d5\u10d4\u10d3\u10e0\u10d8\u10e1 \u10de\u10e3\u10dc\u10e5\u10e2\u10e1 \u10d3\u10d0\u10ef\u10d0\u10d5\u10e8\u10dc\u10d8\u10e1 \u10de\u10e0\u10dd\u10ea\u10d4\u10e1\u10d8\u10e1 \u10e8\u10d4\u10db\u10d3\u10d4\u10d2. \u10e2\u10e3\u10e0\u10d4\u10d1\u10d8 \u10d8\u10ec\u10e7\u10d4\u10d1\u10d0 \u10d3\u10d0 \u10db\u10d7\u10d0\u10d5\u10e0\u10d3\u10d4\u10d1\u10d0 \u10e9\u10d5\u10d4\u10dc\u10d8 \u10e8\u10d4\u10ee\u10d5\u10d4\u10d3\u10e0\u10d8\u10e1 \u10ec\u10d4\u10e0\u10e2\u10d8\u10da\u10d4\u10d1\u10e8\u10d8.<\/p>\n<h3><em>\u1ca0\u10d0\u10e1 \u10e3\u10dc\u10d3\u10d0 \u10d5\u10d4\u10da\u10dd\u10d3\u10dd?<\/em><\/h3>\n<p>\u10db\u10d8\u10d8\u10e6\u10d4\u10d7 \u10d1\u10d8\u10da\u10d4\u10d7\u10d4\u10d1\u10d8 \u10e1\u10d0\u10db\u10d0\u10dc\u10d0\u10e1 \u10e7\u10e3\u10e0\u10d4\u10e8\u10d8 \u10d5\u10d4\u10e8\u10d0\u10de\u10d4\u10d1\u10d8\u10e1 \u10e7\u10e3\u10e0\u10d4\u10d1\u10d8\u10e1 \u10d4\u10e0\u10d7\u10d3\u10e6\u10d8\u10d0\u10dc\u10d8 \u10e2\u10e3\u10e0\u10d8\u10e1\u10d7\u10d5\u10d8\u10e1, \u10d0\u10e1\u10d4\u10d5\u10d4 \u10db\u10e8\u10d5\u10d4\u10dc\u10d8\u10d4\u10e0\u10d8 \u10da\u10d0\u10dc\u10e9\u10d8 \u10d3\u10d0 \u10e1\u10d0\u10dc\u10d0\u10de\u10d8\u10e0\u10dd\u10d6\u10d4 \u10d3\u10e0\u10dd \u10d1\u10d0\u10d9\u10d0\u10e0\u10d3\u10d8\u10e1 \u10d9\u10e3\u10dc\u10eb\u10e3\u10da\u10d6\u10d4.<\/p>\n<p>El Daypass para la observaci\u00f3n de ballenas, organizado por \u00abBooking Adventures\u00bb comienza en el punto de encuentro establecido con el gu\u00eda tur\u00edstico. Almuerza en la playa y puedes quedarte todo el tiempo que quieras nadando. Si eres vegano, tambi\u00e9n podemos prepararte algo de comida.<\/p>\n<p><strong>\u10d2\u10d0\u10dc\u10e0\u10d8\u10d2\u10d8:<\/strong><\/p>\n<p>8:45 - 17:00<\/p>\n<h3><em>\u10e0\u10d0 \u10e3\u10dc\u10d3\u10d0 \u10db\u10dd\u10d8\u10e2\u10d0\u10dc\u10dd?<\/em><\/h3>\n<ul>\n<li>\u10d9\u10d0\u10db\u10d4\u10e0\u10d0<\/li>\n<li>\u10e0\u10d4\u10de\u10d4\u10da\u10d4\u10dc\u10e2\u10d4\u10d1\u10d8<\/li>\n<li>\u10db\u10d6\u10d8\u10e1\u10d2\u10d0\u10dc \u10d3\u10d0\u10db\u10ea\u10d0\u10d5\u10d8<\/li>\n<li>\u10e5\u10e3\u10d3\u10d8<\/li>\n<li>\u10d9\u10dd\u10db\u10e4\u10dd\u10e0\u10e2\u10e3\u10da\u10d8 \u10e8\u10d0\u10e0\u10d5\u10d0\u10da\u10d8<\/li>\n<li>\u10e1\u10d0\u10dc\u10d3\u10da\u10d4\u10d1\u10d8 \u10e1\u10d0\u10dc\u10d0\u10de\u10d8\u10e0\u10dd\u10d6\u10d4<\/li>\n<li>\u10e1\u10d0\u10ea\u10e3\u10e0\u10d0\u10dd \u10d9\u10dd\u10e1\u10e2\u10e3\u10db\u10d8<\/li>\n<li>\u10dc\u10d0\u10e6\u10d3\u10d8 \u10e4\u10e3\u10da\u10d8 \u10e1\u10e3\u10d5\u10d4\u10dc\u10d8\u10e0\u10d4\u10d1\u10d8\u10e1\u10d7\u10d5\u10d8\u10e1<\/li>\n<\/ul>\n<h3><em>\u10e1\u10d0\u10e1\u10e2\u10e3\u10db\u10e0\u10dd\u10e1 \u10de\u10d8\u10d9\u10d0\u10de\u10d8<\/em><\/h3>\n<p>\u10d0\u10db \u10e2\u10e3\u10e0\u10d8\u10e1\u10d7\u10d5\u10d8\u10e1 \u10e1\u10d0\u10e1\u10e2\u10e3\u10db\u10e0\u10dd\u10e1 \u10de\u10d8\u10d9\u10d0\u10de\u10d8 \u10d0\u10e0 \u10d0\u10e0\u10d8\u10e1 \u10e8\u10d4\u10db\u10dd\u10d7\u10d0\u10d5\u10d0\u10d6\u10d4\u10d1\u10e3\u10da\u10d8.<\/p>\n<p><strong>\u1ca8\u10d4\u10dc\u10d8\u10e8\u10d5\u10dc\u10d0:<\/strong> \u10d7\u10e3 \u10d3\u10d0\u10ef\u10d0\u10d5\u10e8\u10dc\u10d8\u10d7 \u10e2\u10e3\u10e0\u10d8\u10e1\/\u10d4\u10e5\u10e1\u10d9\u10e3\u10e0\u10e1\u10d8\u10d8\u10e1 \u10d2\u10d0\u10db\u10d2\u10d6\u10d0\u10d5\u10e0\u10d4\u10d1\u10d8\u10e1 \u10d3\u10e0\u10dd\u10d8\u10d3\u10d0\u10dc 24 \u10e1\u10d0\u10d0\u10d7\u10d8\u10e1 \u10d2\u10d0\u10dc\u10db\u10d0\u10d5\u10da\u10dd\u10d1\u10d0\u10e8\u10d8, \u10e9\u10d5\u10d4\u10dc \u10e8\u10d4\u10d2\u10d5\u10d8\u10eb\u10da\u10d8\u10d0 \u10db\u10dd\u10d5\u10d0\u10ec\u10e7\u10dd\u10d7 \u10e1\u10d0\u10e1\u10e2\u10e3\u10db\u10e0\u10dd\u10e1 \u10de\u10d8\u10d9\u10d0\u10de\u10d8 \u10d3\u10d0\u10db\u10d0\u10e2\u10d4\u10d1\u10d8\u10d7\u10d8 \u10e1\u10d0\u10e4\u10d0\u10e1\u10e3\u10e0\u10d8\u10d7. \u10d7\u10e5\u10d5\u10d4\u10dc\u10d8 \u10e8\u10d4\u10e1\u10e7\u10d8\u10d3\u10d5\u10d8\u10e1 \u10d3\u10d0\u10e1\u10e0\u10e3\u10da\u10d4\u10d1\u10d8\u10e1 \u10e8\u10d4\u10db\u10d3\u10d4\u10d2, \u10e9\u10d5\u10d4\u10dc \u10d2\u10d0\u10db\u10dd\u10d2\u10d8\u10d2\u10d6\u10d0\u10d5\u10dc\u10d8\u10d7 \u10e1\u10e0\u10e3\u10da \u10e1\u10d0\u10d9\u10dd\u10dc\u10e2\u10d0\u10e5\u10e2\u10dd \u10d8\u10dc\u10e4\u10dd\u10e0\u10db\u10d0\u10ea\u10d8\u10d0\u10e1 (\u10e2\u10d4\u10da\u10d4\u10e4\u10dd\u10dc\u10d8\u10e1 \u10dc\u10dd\u10db\u10d4\u10e0\u10e1, \u10d4\u10da. \u10e4\u10dd\u10e1\u10e2\u10d8\u10e1 \u10db\u10d8\u10e1\u10d0\u10db\u10d0\u10e0\u10d7\u10e1 \u10d3\u10d0 \u10d0.\u10e8.) \u10e9\u10d5\u10d4\u10dc\u10d8 \u10d0\u10d3\u10d2\u10d8\u10da\u10dd\u10d1\u10e0\u10d8\u10d5\u10d8 \u10e2\u10e3\u10e0\u10d8\u10e1 \u10db\u10d4\u10d2\u10d6\u10e3\u10e0\u10d8\u10e1\u10d7\u10d5\u10d8\u10e1, \u10e0\u10d0\u10d7\u10d0 \u10db\u10dd\u10d0\u10ec\u10e7\u10dd\u10d7 \u10de\u10d8\u10d9\u10d0\u10de\u10d8\u10e1 \u10e6\u10dd\u10dc\u10d8\u10e1\u10eb\u10d8\u10d4\u10d1\u10d4\u10d1\u10d8.<\/p>\n<h3><em>\u10d3\u10d0\u10db\u10d0\u10e2\u10d4\u10d1\u10d8\u10d7\u10d8 \u10d8\u10dc\u10e4\u10dd\u10e0\u10db\u10d0\u10ea\u10d8\u10d8\u10e1 \u10d3\u10d0\u10d3\u10d0\u10e1\u10e2\u10e3\u10e0\u10d4\u10d1\u10d0<\/em><\/h3>\n<ul>\n<li>\u10d1\u10d8\u10da\u10d4\u10d7\u10d4\u10d1\u10d8 \u10d0\u10e0\u10d8\u10e1 \u10e5\u10d5\u10d8\u10d7\u10d0\u10e0\u10d8 \u10d0\u10db \u10e2\u10e3\u10e0\u10d8\u10e1 \u10d2\u10d0\u10d3\u10d0\u10ee\u10d3\u10d8\u10e1 \u10e8\u10d4\u10db\u10d3\u10d4\u10d2. \u10d7\u10e5\u10d5\u10d4\u10dc \u10e8\u10d4\u10d2\u10d8\u10eb\u10da\u10d8\u10d0\u10d7 \u10d0\u10e9\u10d5\u10d4\u10dc\u10dd\u10d7 \u10d2\u10d0\u10d3\u10d0\u10ee\u10d3\u10d0 \u10d7\u10e5\u10d5\u10d4\u10dc\u10e1 \u10e2\u10d4\u10da\u10d4\u10e4\u10dd\u10dc\u10d6\u10d4.<\/li>\n<li>\u10e8\u10d4\u10ee\u10d5\u10d4\u10d3\u10e0\u10d8\u10e1 \u10de\u10e3\u10dc\u10e5\u10e2\u10d8 \u10db\u10d8\u10d8\u10e6\u10d4\u10d1\u10d0 \u10d3\u10d0\u10ef\u10d0\u10d5\u10e8\u10dc\u10d8\u10e1 \u10de\u10e0\u10dd\u10ea\u10d4\u10e1\u10d8\u10e1 \u10e8\u10d4\u10db\u10d3\u10d4\u10d2.<\/li>\n<li>\u10d1\u10d0\u10d5\u10e8\u10d5\u10d4\u10d1\u10e1 \u10d7\u10d0\u10dc \u10e3\u10dc\u10d3\u10d0 \u10d0\u10ee\u10da\u10d3\u10d4\u10e1 \u10d6\u10e0\u10d3\u10d0\u10e1\u10e0\u10e3\u10da\u10d8.<\/li>\n<li>\u10d8\u10dc\u10d5\u10d0\u10da\u10d8\u10d3\u10d8\u10e1 \u10d4\u10e2\u10da\u10d8\u10d7 \u10ee\u10d4\u10da\u10db\u10d8\u10e1\u10d0\u10ec\u10d5\u10d3\u10dd\u10db\u10d8<\/li>\n<li>\u10e9\u10d5\u10d8\u10da\u10d8 \u10e3\u10dc\u10d3\u10d0 \u10d8\u10ef\u10d3\u10d4\u10e1 \u10d9\u10d0\u10da\u10d7\u10d0\u10d6\u10d4<\/li>\n<li>\u10db\u10dd\u10d2\u10d6\u10d0\u10e3\u10e0\u10d7\u10d0 \u10e3\u10db\u10d4\u10e2\u10d4\u10e1\u10dd\u10d1\u10d0\u10e1 \u10e8\u10d4\u10e3\u10eb\u10da\u10d8\u10d0 \u10db\u10dd\u10dc\u10d0\u10ec\u10d8\u10da\u10d4\u10dd\u10d1\u10d0.<\/li>\n<\/ul>\n<h3><em>\u1c92\u10d0\u10e3\u10e5\u10db\u10d4\u10d1\u10d8\u10e1 \u10de\u10d8\u10e0\u10dd\u10d1\u10d4\u10d1\u10d8<\/em><\/h3>\n<p>\u10d7\u10d0\u10dc\u10ee\u10d8\u10e1 \u10e1\u10e0\u10e3\u10da\u10d8 \u10d3\u10d0\u10d1\u10e0\u10e3\u10dc\u10d4\u10d1\u10d8\u10e1\u10d7\u10d5\u10d8\u10e1 \u10d2\u10d0\u10d0\u10e3\u10e5\u10db\u10d4\u10d7 \u10d2\u10d0\u10db\u10dd\u10ea\u10d3\u10d8\u10da\u10d4\u10d1\u10d8\u10e1 \u10d3\u10d0\u10ec\u10e7\u10d4\u10d1\u10d8\u10e1 \u10d7\u10d0\u10e0\u10d8\u10e6\u10d0\u10db\u10d3\u10d4 \u10db\u10d8\u10dc\u10d8\u10db\u10e3\u10db 24 \u10e1\u10d0\u10d0\u10d7\u10d8\u10d7 \u10d0\u10d3\u10e0\u10d4.<\/p>\n<h3>\u10d3\u10d0\u10d2\u10d5\u10d8\u10d9\u10d0\u10d5\u10e8\u10d8\u10e0\u10d3\u10d8\u10d7!<br \/>\nSAMANA WHALE \u10e2\u10e3\u10e0\u10d8<\/h3>\n<p>\u10e2\u10e3\u10e0\u10d8\u10e1 \u10d2\u10d8\u10d3\u10d4\u10d1\u10d8\u00a0<strong>\u10e4\u10d0\u10e0\u10d7\u10d4\u10d1\u10d8<\/strong> \u10d3\u10d0 <strong>\u10d4\u10e0\u10dd\u10d5\u10dc\u10e3\u10da\u10d8<\/strong> \u10d3\u10d0 \u10e1\u10e2\u10e3\u10db\u10e0\u10d4\u10d1\u10d8\u10e1 \u10db\u10dd\u10db\u10e1\u10d0\u10ee\u10e3\u10e0\u10d4\u10d1\u10d0<\/p>\n<p>\u10d3\u10d0\u10ef\u10d0\u10d5\u10e8\u10dc\u10d0: \u10e2\u10e3\u10e0\u10d4\u10d1\u10d8 \u10d3\u10d0 \u10d4\u10e5\u10e1\u10d9\u10e3\u10e0\u10e1\u10d8\u10d4\u10d1\u10d8 \u10d3\u10dd\u10db.<\/p>\n<p>\u10e2\u10d4\u10da\/Whatsapp +1-809-720-6035.<\/p>\n<p>info@bookingadventures.com.do<\/p>\n<p>Hacemos tours privados de configuraci\u00f3n flexible por Whatsapp: +18097206035.<\/p>\n\n\t\t<\/div>\n\t<\/div>\n<\/div><\/div><\/div><\/div>","protected":false},"excerpt":{"rendered":"<p>\u10d5\u10d4\u10e8\u10d0\u10de\u10d4\u10d1\u10d8\u10e1 \u10e7\u10e3\u10e0\u10d4\u10d1\u10d8\u10e1 \u10de\u10d8\u10e0\u10d0\u10d3\u10d8 \u10e2\u10e3\u10e0\u10d8 \u10e1\u10d0\u10db\u10d0\u10dc\u10d0\u10e1 \u10e7\u10e3\u10e0\u10d4\u10e8\u10d8, \u10d3\u10dd\u10db\u10d8\u10dc\u10d8\u10d9\u10d8\u10e1 \u10e0\u10d4\u10e1\u10de\u10e3\u10d1\u10da\u10d8\u10d9\u10d0, \u10d0\u10d3\u10d2\u10d8\u10da\u10dd\u10d1\u10e0\u10d8\u10d5 \u10d2\u10d8\u10d3\u10d4\u10d1\u10d7\u10d0\u10dc \u10d4\u10e0\u10d7\u10d0\u10d3. \u10dc\u10e3 \u10d3\u10d0\u10d0\u10e7\u10dd\u10d5\u10dc\u10d4\u10d1\u10d7 \u10e9\u10d0\u10db\u10dd\u10e1\u10d5\u10da\u10d8\u10e1 \u10d3\u10e0\u10dd\u10d8\u10e1 \u10d3\u10d0\u10d2\u10d4\u10d2\u10db\u10d5\u10d0\u10e1 \u10d0\u10dc \u10d4\u10e5\u10e1\u10d9\u10e3\u10e0\u10e1\u10d8\u10d8\u10e1 \u10d3\u10d0\u10e1\u10e0\u10e3\u10da\u10d4\u10d1\u10d0\u10e1. \u10da\u10d0\u10dc\u10e9\u10e1 \u10d3\u10d0 \u10d3\u10e0\u10dd\u10e1 \u10d7\u10d0\u10d5\u10d0\u10d3 \u10d2\u10d0\u10dc\u10e1\u10d0\u10d6\u10e6\u10d5\u10e0\u10d0\u10d5\u10d7. \u10d3\u10d0\u10ef\u10d0\u10d5\u10e8\u10dc\u10d4\u10d7 \u10d4\u10e1 Saman\u00e1 Bay \u10d4\u10e5\u10e1\u10d9\u10e3\u10e0\u10e1\u10d8\u10d0 \u10d0\u10ee\u10da\u10d0 \u10d5\u10d4\u10e8\u10d0\u10de\u10d4\u10d1\u10d8\u10e1 \u10e7\u10e3\u10e0\u10d4\u10d1\u10d8\u10e1 \u10d9\u10d0\u10e0\u10d2\u10d8 \u10db\u10dd\u10d2\u10d6\u10d0\u10e3\u10e0\u10dd\u10d1\u10d8\u10e1 \u10d2\u10d0\u10db\u10dd\u10ea\u10d3\u10d8\u10da\u10d4\u10d1\u10d8\u10e1\u10d7\u10d5\u10d8\u10e1.<\/p>\n<p>\u10e8\u10d4\u10dc\u10d8\u10e8\u10d5\u10dc\u10d0: \u10d4\u10e1 \u10e2\u10e3\u10e0\u10d8 \u10d0\u10e0\u10d8\u10e1 \u10de\u10d8\u10e0\u10d0\u10d3\u10d8 \u10e2\u10e3\u10e0\u10d8 \u10db\u10d8\u10dc\u10d8\u10db\u10d0\u10da\u10e3\u10e0\u10d8 \u10d2\u10d0\u10d3\u10d0\u10ee\u10d3\u10d8\u10d7. \u10d8\u10db\u10d8\u10e1\u10d0\u10d7\u10d5\u10d8\u10e1, \u10e0\u10dd\u10db \u10e8\u10d4\u10e3\u10d4\u10e0\u10d7\u10d3\u10d4\u10d7 \u10d5\u10d4\u10e8\u10d0\u10de\u10d4\u10d1\u10d8\u10e1 \u10d3\u10d0\u10d9\u10d5\u10d8\u10e0\u10d5\u10d4\u10d1\u10d8\u10e1 \u10ef\u10d2\u10e3\u10e4\u10e1 \u10d9\u10d0\u10e2\u10d0\u10db\u10d0\u10e0\u10d0\u10dc\u10d6\u10d4 \u10d8\u10d2\u10d8\u10d5\u10d4 \u10e4\u10d0\u10e1\u10d8\u10d7, \u10d3\u10d0\u10d0\u10ec\u10d9\u10d0\u10de\u10e3\u10dc\u10d4\u10d7 \u10d0\u10e5.<\/p>\n<p><strong>\u10d2\u10d7\u10ee\u10dd\u10d5\u10d7 \u10d0\u10d8\u10e0\u10e9\u10d8\u10dd\u10d7 \u10d4\u10e5\u10e1\u10d9\u10e3\u10e0\u10e1\u10d8\u10d8\u10e1 \u10d7\u10d0\u10e0\u10d8\u10e6\u10d8:<\/strong><\/p>","protected":false},"featured_media":259,"template":"","meta":[],"product_brand":[],"product_cat":[443,124,232],"product_tag":[137,162,201,143,277,271,278,234,279,280,236],"class_list":{"0":"post-608","1":"product","2":"type-product","3":"status-publish","4":"has-post-thumbnail","6":"product_cat-tours-y-excursiones-es","7":"product_cat-tours-excursions-samana-bay-dominican-republic","8":"product_cat-whale-watching-samana","9":"product_tag-bacardi-island","10":"product_tag-cayo-levantado-day-pass","11":"product_tag-private-tours-samana","12":"product_tag-samana-tours","13":"product_tag-samana-whale","14":"product_tag-samana-whale-watching","15":"product_tag-samana-whale-watching-excursions","16":"product_tag-whale-samana","17":"product_tag-whale-watching","18":"product_tag-whale-watching-2020","19":"product_tag-whale-watching-dominican-republic","21":"first","22":"instock","23":"sale","24":"sold-individually","25":"shipping-taxable","26":"product-type-external"},"_links":{"self":[{"href":"https:\/\/haitises.com\/ka\/wp-json\/wp\/v2\/product\/608","targetHints":{"allow":["GET"]}}],"collection":[{"href":"https:\/\/haitises.com\/ka\/wp-json\/wp\/v2\/product"}],"about":[{"href":"https:\/\/haitises.com\/ka\/wp-json\/wp\/v2\/types\/product"}],"wp:featuredmedia":[{"embeddable":true,"href":"https:\/\/haitises.com\/ka\/wp-json\/wp\/v2\/media\/259"}],"wp:attachment":[{"href":"https:\/\/haitises.com\/ka\/wp-json\/wp\/v2\/media?parent=608"}],"wp:term":[{"taxonomy":"product_brand","embeddable":true,"href":"https:\/\/haitises.com\/ka\/wp-json\/wp\/v2\/product_brand?post=608"},{"taxonomy":"product_cat","embeddable":true,"href":"https:\/\/haitises.com\/ka\/wp-json\/wp\/v2\/product_cat?post=608"},{"taxonomy":"product_tag","embeddable":true,"href":"https:\/\/haitises.com\/ka\/wp-json\/wp\/v2\/product_tag?post=608"}],"curies":[{"name":"wp","href":"https:\/\/api.w.org\/{rel}","templated":true}]}}