{"id":551,"date":"2020-06-19T20:10:32","date_gmt":"2020-06-19T20:10:32","guid":{"rendered":"http:\/\/haitises.com\/?post_type=product&#038;p=551"},"modified":"2023-10-14T21:50:12","modified_gmt":"2023-10-14T21:50:12","slug":"excursion-al-los-haitises-y-cano-hondo-desde-samana","status":"publish","type":"product","link":"https:\/\/haitises.com\/ka\/\u10d9\u10d4\u10e0\u10eb\u10dd\/excursion-al-los-haitises-y-cano-hondo-desde-samana\/","title":{"rendered":"\u10d4\u10e5\u10e1\u10d9\u10e3\u10e0\u10e1\u10d8\u10d0 \u10da\u10dd\u10e1 \u10f0\u10d0\u10d8\u10e2\u10d8\u10e1\u10e1\u10d0 \u10d3\u10d0 \u10d9\u10d0\u10dc\u10dd \u10f0\u10dd\u10dc\u10d3\u10dd\u10e8\u10d8 \u10e1\u10d0\u10db\u10d0\u10dc\u10d8\u10d3\u10d0\u10dc"},"content":{"rendered":"<div class=\"vc_row wpb_row vc_row-fluid\" ><div class=\"wpb_column vc_column_container vc_col-sm-12\"><div class=\"vc_column-inner\"><div class=\"wpb_wrapper\">[mkdf_section_title subtitle_tag=\u00bb\u00bb subtitle=\u00bbAlmuerzo y Nataci\u00f3n en Piscinas Naturales\u00bb]<\/div><\/div><\/div><\/div><div class=\"vc_row wpb_row vc_row-fluid\" ><div class=\"wpb_column vc_column_container vc_col-sm-12\"><div class=\"vc_column-inner\"><div class=\"wpb_wrapper\">\n\t<div class=\"wpb_text_column wpb_content_element\" >\n\t\t<div class=\"wpb_wrapper\">\n\t\t\t<h2>Los Haitises \u10d4\u10e0\u10dd\u10d5\u10dc\u10e3\u10da\u10d8 \u10de\u10d0\u10e0\u10d9\u10d8 + \u10e1\u10d0\u10d3\u10d8\u10da\u10d8 Cano Hondo-\u10e8\u10d8 \u10e1\u10d0\u10db\u10d0\u10dc\u10d0\u10e1 \u10de\u10dd\u10e0\u10e2\u10d8\u10d3\u10d0\u10dc.<\/h2>\n<h3><em>\u10d0\u10e6\u10ec\u10d4\u10e0\u10d0<\/em><\/h3>\n<p>\u10da\u10dd\u10e1 \u10f0\u10d0\u10d8\u10e2\u10d8\u10e1\u10d8\u10e1 \u10d4\u10e0\u10dd\u10d5\u10dc\u10e3\u10da\u10d8 \u10de\u10d0\u10e0\u10d9\u10d8, \u10e0\u10dd\u10db\u10d4\u10da\u10d8\u10ea \u10d8\u10ec\u10e7\u10d4\u10d1\u10d0 \u10e1\u10d0\u10db\u10d0\u10dc\u10d0\u10e1 \u10de\u10dd\u10e0\u10e2\u10d8\u10d3\u10d0\u10dc, \u10de\u10da\u10e3\u10e1 \u10e8\u10d4\u10e1\u10d0\u10dc\u10d8\u10e8\u10dc\u10d0\u10d5\u10d8 \u10e1\u10d0\u10d3\u10d8\u10da\u10d8 \u10d3\u10d0 \u10ea\u10e3\u10e0\u10d5\u10d0 \u10d1\u10e3\u10dc\u10d4\u10d1\u10e0\u10d8\u10d5 \u10ec\u10e7\u10d0\u10e0\u10dd\u10d4\u10d1\u10e8\u10d8 Ca\u00f1o Hondo Ecolodge-\u10e8\u10d8. \u10db\u10dd\u10d1\u10e0\u10eb\u10d0\u10dc\u10d3\u10d8\u10d7 \u10e9\u10d5\u10d4\u10dc\u10d7\u10d0\u10dc \u10d3\u10d0 \u10d4\u10ec\u10d5\u10d8\u10d4\u10d7 \u10d3\u10dd\u10db\u10d8\u10dc\u10d8\u10d9\u10d8\u10e1 \u10e0\u10d4\u10e1\u10de\u10e3\u10d1\u10da\u10d8\u10d9\u10d8\u10e1 \u10e3\u10da\u10d0\u10db\u10d0\u10d6\u10d4\u10e1 \u10d4\u10e0\u10dd\u10d5\u10dc\u10e3\u10da \u10de\u10d0\u10e0\u10d9\u10e1, \u10db\u10dd\u10d8\u10dc\u10d0\u10ee\u10e3\u10da\u10d4\u10d7 \u10db\u10d0\u10dc\u10d2\u10e0\u10dd\u10d4\u10d1\u10d8, \u10d2\u10d0\u10db\u10dd\u10e5\u10d5\u10d0\u10d1\u10e3\u10da\u10d4\u10d1\u10d8 \u10d3\u10d0 \u10e1\u10d0\u10dc \u10da\u10dd\u10e0\u10d4\u10dc\u10ea\u10dd\u10e1 \u10e7\u10e3\u10e0\u10d4, \u10d0\u10e1\u10d4\u10d5\u10d4 \u10d2\u10d0\u10d3\u10d0\u10d9\u10d5\u10d4\u10d7\u10d4\u10d7 \u10e3\u10da\u10d0\u10db\u10d0\u10d6\u10d4\u10e1\u10d8 \u10e1\u10d0\u10db\u10d0\u10dc\u10d0\u10e1 \u10e7\u10e3\u10e0\u10d4. Ca\u00f1o Hondo-\u10e8\u10d8 \u10da\u10d0\u10dc\u10e9\u10d8\u10e1 \u10e8\u10d4\u10db\u10d3\u10d4\u10d2, \u10d7\u10e5\u10d5\u10d4\u10dc \u10d2\u10d4\u10e5\u10dc\u10d4\u10d1\u10d0\u10d7 \u10e8\u10d4\u10e1\u10d0\u10eb\u10da\u10d4\u10d1\u10da\u10dd\u10d1\u10d0 \u10e0\u10d0\u10db\u10d3\u10d4\u10dc\u10d8\u10db\u10d4 \u10e1\u10d0\u10d0\u10d7\u10d8\u10d7 \u10d2\u10d0\u10ea\u10e3\u10e0\u10dd\u10d7 \u10d1\u10e3\u10dc\u10d4\u10d1\u10e0\u10d8\u10d5 \u10d0\u10e3\u10d6\u10d4\u10d1\u10e8\u10d8 \u10d3\u10d0 \u10e8\u10d4\u10db\u10d3\u10d4\u10d2 \u10d3\u10d0\u10d1\u10e0\u10e3\u10dc\u10d3\u10d4\u10d7 \u10e1\u10d0\u10db\u10d0\u10dc\u10d0\u10e1 \u10de\u10dd\u10e0\u10e2\u10e8\u10d8.<\/p>\n<p>\u10d0\u10db \u10d2\u10d0\u10db\u10dd\u10ea\u10d3\u10d8\u10da\u10d4\u10d1\u10d8\u10e1 \u10e8\u10d4\u10db\u10d3\u10d4\u10d2, \u10d7\u10e5\u10d5\u10d4\u10dc \u10d3\u10d0\u10d1\u10e0\u10e3\u10dc\u10d3\u10d4\u10d1\u10d8\u10d7 \u10e1\u10d0\u10db\u10d0\u10dc\u10d0\u10e1 \u10de\u10dd\u10e0\u10e2\u10e8\u10d8.<\/p>\n<ul>\n<li>\u10d2\u10d0\u10d3\u10d0\u10e1\u10d0\u10ee\u10d0\u10d3\u10d4\u10d1\u10d8 \u10e8\u10d4\u10d3\u10d8\u10e1<\/li>\n<li>\u10e1\u10d0\u10ee\u10d4\u10da\u10db\u10eb\u10e6\u10d5\u10d0\u10dc\u10d4\u10da\u10dd \u10e3\u10d6\u10e0\u10e3\u10dc\u10d5\u10d4\u10da\u10e7\u10dd\u10e4\u10e1 \u10d8\u10dc\u10e1\u10e2\u10e0\u10e3\u10e5\u10ea\u10d8\u10d0\u10e1 \u10d3\u10d0 \u10d6\u10d4\u10d3\u10d0\u10db\u10ee\u10d4\u10d3\u10d5\u10d4\u10da\u10dd\u10d1\u10d0\u10e1.<\/li>\n<\/ul>\n<h3>\u10e9\u10d0\u10e0\u10d7\u10d5\u10d4\u10d1\u10d8 \u10d3\u10d0 \u10d2\u10d0\u10db\u10dd\u10e0\u10d8\u10ea\u10ee\u10d5\u10d4\u10d1\u10d8<\/h3>\n<h4>\u10e9\u10d0\u10e0\u10d7\u10d5\u10d4\u10d1\u10d8<\/h4>\n<ol>\n<li>\u10da\u10dd\u10e1 \u10f0\u10d0\u10d8\u10e2\u10d8\u10e1\u10d8\u10e1 \u10e2\u10e3\u10e0\u10d8 + \u10d2\u10d0\u10db\u10dd\u10e5\u10d5\u10d0\u10d1\u10e3\u10da\u10d4\u10d1\u10d8 \u10d3\u10d0 \u10de\u10d8\u10e5\u10e2\u10dd\u10d2\u10e0\u10d0\u10db\u10d4\u10d1\u10d8<\/li>\n<li>\u10e1\u10d0\u10d3\u10d8\u10da\u10d8 Ca\u00f1o Hondo-\u10e8\u10d8<\/li>\n<li>\u10d1\u10d0\u10dc\u10d0\u10dd\u10d1\u10d0 \u10d1\u10e3\u10dc\u10d4\u10d1\u10e0\u10d8\u10d5 \u10d0\u10e3\u10d6\u10d4\u10d1\u10e8\u10d8<\/li>\n<li>\u10e7\u10d5\u10d4\u10da\u10d0 \u10d2\u10d0\u10d3\u10d0\u10e1\u10d0\u10ee\u10d0\u10d3\u10d4\u10d1\u10d8, \u10db\u10dd\u10e1\u10d0\u10d9\u10e0\u10d4\u10d1\u10da\u10d4\u10d1\u10d8 \u10d3\u10d0 \u10d2\u10d0\u10d3\u10d0\u10e1\u10d0\u10ee\u10d0\u10d3\u10d8.<\/li>\n<li>\u10d0\u10d3\u10d2\u10d8\u10da\u10dd\u10d1\u10e0\u10d8\u10d5\u10d8 \u10d2\u10d0\u10d3\u10d0\u10e1\u10d0\u10ee\u10d0\u10d3\u10d4\u10d1\u10d8<\/li>\n<li>\u10e1\u10d0\u10e1\u10db\u10d4\u10da\u10d4\u10d1\u10d8<\/li>\n<li>\u10e7\u10d5\u10d4\u10da\u10d0 \u10d0\u10e5\u10e2\u10d8\u10d5\u10dd\u10d1\u10d0<\/li>\n<li>\u10d0\u10d3\u10d2\u10d8\u10da\u10dd\u10d1\u10e0\u10d8\u10d5\u10d8 \u10d2\u10d8\u10d3\u10d8<\/li>\n<\/ol>\n<h4>\u10d2\u10d0\u10db\u10dd\u10e0\u10d8\u10ea\u10ee\u10d5\u10d4\u10d1\u10d8<\/h4>\n<ol>\n<li>\u1ca0\u10e9\u10d4\u10d5\u10d4\u10d1\u10d8<\/li>\n<li>\u1c92\u10d0\u10d3\u10d0\u10ea\u10d4\u10db\u10d0<\/li>\n<li>\u1c90\u10da\u10d9\u10dd\u10f0\u10dd\u10da\u10e3\u10e0\u10d8 \u10e1\u10d0\u10e1\u10db\u10d4\u10da\u10d4\u10d1\u10d8<\/li>\n<\/ol>\n<h3><em>\u10d2\u10d0\u10db\u10d2\u10d6\u10d0\u10d5\u10e0\u10d4\u10d1\u10d0 \u10d3\u10d0 \u10d3\u10d0\u10d1\u10e0\u10e3\u10dc\u10d4\u10d1\u10d0<\/em><\/h3>\n<p>\u10db\u10dd\u10d2\u10d6\u10d0\u10e3\u10e0\u10d8 \u10db\u10d8\u10d8\u10e6\u10d4\u10d1\u10e1 \u10e8\u10d4\u10ee\u10d5\u10d4\u10d3\u10e0\u10d8\u10e1 \u10de\u10e3\u10dc\u10e5\u10e2\u10e1 \u10d3\u10d0\u10ef\u10d0\u10d5\u10e8\u10dc\u10d8\u10e1 \u10de\u10e0\u10dd\u10ea\u10d4\u10e1\u10d8\u10e1 \u10e8\u10d4\u10db\u10d3\u10d4\u10d2. \u10e2\u10e3\u10e0\u10d4\u10d1\u10d8 \u10d8\u10ec\u10e7\u10d4\u10d1\u10d0 \u10d3\u10d0 \u10db\u10d7\u10d0\u10d5\u10e0\u10d3\u10d4\u10d1\u10d0 \u10e9\u10d5\u10d4\u10dc\u10d8 \u10e8\u10d4\u10ee\u10d5\u10d4\u10d3\u10e0\u10d8\u10e1 \u10ec\u10d4\u10e0\u10e2\u10d8\u10da\u10d4\u10d1\u10e8\u10d8.<\/p>\n<h3><em>\u1ca0\u10d0\u10e1 \u10e3\u10dc\u10d3\u10d0 \u10d5\u10d4\u10da\u10dd\u10d3\u10dd?<\/em><\/h3>\n<p>\u10db\u10d8\u10d8\u10e6\u10d4\u10d7 \u10d1\u10d8\u10da\u10d4\u10d7\u10d4\u10d1\u10d8 Los Haitises \u10d4\u10e0\u10dd\u10d5\u10dc\u10e3\u10da\u10d8 \u10de\u10d0\u10e0\u10d9\u10d8\u10e1 \u10db\u10dd\u10e1\u10d0\u10dc\u10d0\u10ee\u10e3\u10da\u10d4\u10d1\u10da\u10d0\u10d3 Ca\u00f1o Hondo-\u10e8\u10d8 \u10db\u10e8\u10d5\u10d4\u10dc\u10d8\u10d4\u10e0\u10d8 \u10da\u10d0\u10dc\u10e9\u10d8\u10d7 \u10d3\u10d0 \u10d1\u10e3\u10dc\u10d4\u10d1\u10e0\u10d8\u10d5 \u10d0\u10e3\u10d6\u10d4\u10d1\u10e8\u10d8 \u10ea\u10e3\u10e0\u10d5\u10d8\u10d7.<\/p>\n<p>\u10e1\u10d0\u10db\u10d0\u10dc\u10d0\u10e1 \u10de\u10dd\u10e0\u10e2\u10d8\u10d3\u10d0\u10dc \u10d3\u10d0\u10ec\u10e7\u10d4\u10d1\u10e3\u10da\u10d8 \u10dc\u10d0\u10d5\u10d8\u10d7 \u10d0\u10dc \u10d9\u10d0\u10e2\u10d0\u10db\u10d0\u10e0\u10d0\u10dc\u10d8\u10d7 \u10d0\u10d3\u10d2\u10d8\u10da\u10dd\u10d1\u10e0\u10d8\u10d5 \u10d2\u10d8\u10d3\u10d7\u10d0\u10dc \u10d4\u10e0\u10d7\u10d0\u10d3, \u10d2\u10d0\u10d5\u10d3\u10d8\u10d5\u10d0\u10e0\u10d7 \u10e1\u10d0\u10db\u10d0\u10dc\u10d0\u10e1 \u10e7\u10e3\u10e0\u10d4\u10e1 \u10e1\u10d0\u10d1\u10d0\u10dc\u10d0 \u10d3\u10d4 \u10da\u10d0 \u10db\u10d0\u10e0\u10d8\u10e1 \u10d2\u10d5\u10d4\u10e0\u10d3\u10d8\u10d7, \u10e0\u10d0\u10d7\u10d0 \u10db\u10dd\u10d5\u10d8\u10dc\u10d0\u10ee\u10e3\u10da\u10dd\u10d7 \u10d3\u10dd\u10db\u10d8\u10dc\u10d8\u10d9\u10d8\u10e1 \u10e0\u10d4\u10e1\u10de\u10e3\u10d1\u10da\u10d8\u10d9\u10d8\u10e1 \u10d4\u10e0\u10d7-\u10d4\u10e0\u10d7\u10d8 \u10e3\u10da\u10d0\u10db\u10d0\u10d6\u10d4\u10e1\u10d8 \u10d4\u10e0\u10dd\u10d5\u10dc\u10e3\u10da\u10d8 \u10de\u10d0\u10e0\u10d9\u10d8.<\/p>\n<h5>\u10da\u10dd\u10e1 \u10f0\u10d0\u10d8\u10e2\u10d8\u10e1\u10d8\u10e1 \u10d4\u10e0\u10dd\u10d5\u10dc\u10e3\u10da\u10d8 \u10de\u10d0\u10e0\u10d9\u10d8.<\/h5>\n<p>\u10d9\u10e3\u10dc\u10eb\u10e3\u10da\u10d8\u10e1 \u10db\u10dd\u10dc\u10d0\u10ee\u10e3\u10da\u10d4\u10d1\u10d0 \u10d2\u10d0\u10e0\u10e8\u10d4\u10db\u10dd \u10e4\u10e0\u10d8\u10dc\u10d5\u10d4\u10da\u10d4\u10d1\u10d8\u10d7. \u10d1\u10e3\u10d3\u10dd\u10d1\u10d8\u10e1 \u10de\u10d4\u10e0\u10d8\u10dd\u10d3\u10e8\u10d8 \u10d1\u10e3\u10d3\u10d4\u10d4\u10d1\u10e8\u10d8 \u10de\u10d4\u10da\u10d8\u10d9\u10d0\u10dc\u10d8\u10e1 \u10ec\u10d8\u10ec\u10d8\u10da\u10d4\u10d1\u10e1\u10d0\u10ea \u10d9\u10d8 \u10d5\u10ee\u10d4\u10d3\u10d0\u10d5\u10d7. \u10e8\u10d4\u10d3\u10d8\u10d7 \u10e3\u10e4\u10e0\u10dd \u10e6\u10e0\u10db\u10d0\u10d3 \u10d9\u10da\u10d3\u10dd\u10d5\u10d0\u10dc \u10d9\u10e3\u10dc\u10eb\u10e3\u10da\u10d4\u10d1\u10e8\u10d8 \u10d3\u10d0 \u10d4\u10ec\u10d5\u10d8\u10d4\u10d7 \u10d2\u10d0\u10db\u10dd\u10e5\u10d5\u10d0\u10d1\u10e3\u10da\u10d4\u10d1\u10e1 \u10eb\u10d8\u10e0\u10eb\u10d5\u10d4\u10da\u10d8 \u10ee\u10d0\u10da\u10ee\u10d8\u10e1 \u10de\u10d8\u10e5\u10e2\u10dd\u10d2\u10e0\u10d0\u10db\u10d4\u10d1\u10d8\u10d7\u10d0 \u10d3\u10d0 \u10de\u10d4\u10e2\u10e0\u10dd\u10d2\u10da\u10d8\u10e4\u10d4\u10d1\u10d8\u10d7.<\/p>\n<p>El recorrido, organizado por \u00abBooking Adventures\u00bb, comienza en el punto de encuentro establecido con el gu\u00eda tur\u00edstico. Ven con Booking Adventures y comienza a observar algunos manglares llenos de aves, colinas onduladas de exuberante vegetaci\u00f3n y cuevas del Parque Nacional Los Haitises.<\/p>\n<p>El nombre del parque nacional proviene de sus habitantes originales, los indios ta\u00ednos. En su idioma, \u00abHaitises\u00bb se traduce a tierras altas o colinas, una referencia a las empinadas formaciones geol\u00f3gicas de la costa con calizas. Avent\u00farate en el parque para explorar cuevas como la Cueva de la Arena y la Cueva de la L\u00ednea.<\/p>\n<p>\u10dc\u10d0\u10d9\u10e0\u10eb\u10d0\u10da\u10e8\u10d8 \u10d2\u10d0\u10db\u10dd\u10e5\u10d5\u10d0\u10d1\u10e3\u10da\u10d4\u10d1\u10d8 \u10d7\u10d0\u10d5\u10e8\u10d4\u10e1\u10d0\u10e4\u10e0\u10d0\u10d3 \u10d2\u10d0\u10db\u10dd\u10d8\u10e7\u10d4\u10dc\u10d4\u10e1 \u10e2\u10d0\u10d8\u10dc\u10dd\u10e1 \u10d8\u10dc\u10d3\u10d8\u10d4\u10da\u10d4\u10d1\u10db\u10d0 \u10d3\u10d0 \u10db\u10dd\u10d2\u10d5\u10d8\u10d0\u10dc\u10d4\u10d1\u10d8\u10d7 \u10e4\u10d0\u10e0\u10e3\u10da\u10d8 \u10db\u10d4\u10d9\u10dd\u10d1\u10e0\u10d4\u10d4\u10d1\u10db\u10d0. \u10db\u10dd\u10eb\u10d4\u10d1\u10dc\u10d4\u10d7 \u10d8\u10dc\u10d3\u10d8\u10d4\u10da\u10d4\u10d1\u10d8\u10e1 \u10dc\u10d0\u10ee\u10d0\u10e2\u10d4\u10d1\u10d8, \u10e0\u10dd\u10db\u10da\u10d4\u10d1\u10d8\u10ea \u10d0\u10db\u10e8\u10d5\u10d4\u10dc\u10d4\u10d1\u10e1 \u10d6\u10dd\u10d2\u10d8\u10d4\u10e0\u10d7 \u10d9\u10d4\u10d3\u10d4\u10da\u10e1.<\/p>\n<p>Los Haitises \u10d4\u10e0\u10dd\u10d5\u10dc\u10e3\u10da\u10d8 \u10de\u10d0\u10e0\u10d9\u10d8\u10e1 \u10db\u10dd\u10dc\u10d0\u10ee\u10e3\u10da\u10d4\u10d1\u10d8\u10e1 \u10e8\u10d4\u10db\u10d3\u10d4\u10d2 \u10d2\u10d0\u10d5\u10d4\u10db\u10d2\u10d6\u10d0\u10d5\u10e0\u10d4\u10d1\u10d8\u10d7 Cano Hondo-\u10e8\u10d8. Cano Hondo-\u10e8\u10d8 \u10d2\u10d0\u10d4\u10ea\u10dc\u10dd\u10d1\u10d8\u10d7 \u10d0\u10db \u10d4\u10d9\u10dd\u10da\u10dd\u10d2\u10d8\u10e3\u10e0 \u10d8\u10e1\u10e2\u10dd\u10e0\u10d8\u10d0\u10e1 \u10d3\u10d0 \u10da\u10d0\u10dc\u10e9\u10e1 \u10e1\u10d0\u10d1\u10d0\u10dc\u10d0 \u10d3\u10d4 \u10da\u10d0 \u10db\u10d0\u10e0 \u10d7\u10d4\u10db\u10d8\u10e1 \u10e2\u10d8\u10de\u10e3\u10e0 \u10e1\u10d0\u10d9\u10d5\u10d4\u10d1\u10d7\u10d0\u10dc \u10d4\u10e0\u10d7\u10d0\u10d3.<\/p>\n<p>\u10e1\u10d0\u10d3\u10d8\u10da\u10d8 \u10d2\u10d4\u10db\u10e0\u10d8\u10d4\u10da\u10d8 \u10d8\u10e5\u10dc\u10d4\u10d1\u10d0, \u10db\u10d0\u10d2\u10e0\u10d0\u10db \u10ef\u10d4\u10e0 \u10d0\u10e0 \u10d3\u10d0\u10d2\u10d5\u10d8\u10e1\u10e0\u10e3\u10da\u10d4\u10d1\u10d8\u10d0. \u10da\u10d0\u10dc\u10e9\u10d8\u10e1 \u10e8\u10d4\u10db\u10d3\u10d4\u10d2 \u10d2\u10d0\u10d5\u10ea\u10e3\u10e0\u10d0\u10d5\u10d7 \u10d1\u10e3\u10dc\u10d4\u10d1\u10e0\u10d8\u10d5 \u10d0\u10e3\u10d6\u10d4\u10d1\u10e8\u10d8 \u10db\u10d3\u10d8\u10dc\u10d0\u10e0\u10d4 \u10ef\u10d8\u10d1\u10d0\u10da\u10d4\u10e1\u10d8\u10d3\u10d0\u10dc, \u10db\u10d3\u10d8\u10dc\u10d0\u10e0\u10d4 \u10d9\u10d0\u10dc\u10dd \u10f0\u10dd\u10dc\u10d3\u10dd\u10db\u10d3\u10d4. Ca\u00f1o Hondo-\u10e8\u10d8 \u10e6\u10d0\u10db\u10d8\u10e1 4:00 \u10e1\u10d0\u10d0\u10d7\u10d0\u10db\u10d3\u10d4 \u10d3\u10d0\u10d5\u10e0\u10e9\u10d4\u10d1\u10d8\u10d7 \u10d3\u10d0 \u10e1\u10d0\u10db\u10d0\u10dc\u10d0\u10e1 \u10de\u10dd\u10e0\u10e2\u10e8\u10d8 \u10d3\u10d0\u10d5\u10d1\u10e0\u10e3\u10dc\u10d3\u10d4\u10d1\u10d8\u10d7, \u10d9\u10d5\u10da\u10d0\u10d5 \u10d2\u10d0\u10d5\u10d8\u10d5\u10da\u10d8\u10d7 \u10db\u10d0\u10dc\u10d2\u10e0\u10dd\u10d4\u10d1\u10e1 \u10d3\u10d0 \u10e9\u10d0\u10d5\u10d0\u10da\u10d7 \u10e1\u10d0\u10dc-\u10da\u10dd\u10e0\u10d4\u10dc\u10ea\u10dd\u10e1 \u10e6\u10d8\u10d0 \u10e7\u10e3\u10e0\u10d4\u10e8\u10d8, \u10e1\u10d0\u10d8\u10d3\u10d0\u10dc\u10d0\u10ea \u10e8\u10d4\u10d2\u10d8\u10eb\u10da\u10d8\u10d0\u10d7 \u10d2\u10d0\u10d3\u10d0\u10d8\u10e6\u10dd\u10d7 \u10e2\u10e7\u10d8\u10e1 \u10e3\u10ee\u10d4\u10e8\u10d8 \u10de\u10d4\u10d8\u10d6\u10d0\u10df\u10d8. \u10d2\u10d0\u10d8\u10ee\u10d4\u10d3\u10d4\u10d7 \u10ec\u10e7\u10d0\u10da\u10e8\u10d8, \u10e0\u10dd\u10db \u10dc\u10d0\u10ee\u10dd\u10d7 \u10db\u10d0\u10dc\u10d0\u10e2\u10d4\u10d1\u10d8, \u10d9\u10d8\u10d1\u10dd\u10e1\u10dc\u10d0\u10d8\u10e0\u10d4\u10d1\u10d8 \u10d3\u10d0 \u10d3\u10d4\u10da\u10e4\u10d8\u10dc\u10d4\u10d1\u10d8.<\/p>\n<p>\u10d0\u10db \u10db\u10dd\u10db\u10d4\u10dc\u10e2\u10d0\u10db\u10d3\u10d4 \u10d7\u10e5\u10d5\u10d4\u10dc \u10db\u10dd\u10d0\u10d2\u10d5\u10d0\u10e0\u10d4\u10d1\u10d7 \u10e2\u10e3\u10e0 \u10d2\u10d8\u10d3\u10d7\u10d0\u10dc \u10d3\u10d0 \u10d0\u10db\u10d8\u10e1 \u10e8\u10d4\u10db\u10d3\u10d4\u10d2 \u10d2\u10d0\u10d4\u10db\u10d2\u10d6\u10d0\u10d5\u10e0\u10d4\u10d1\u10d8\u10d7 \u10d9\u10d0\u10dc\u10dd \u10f0\u10dd\u10dc\u10d3\u10dd\u10e1 \u10de\u10dd\u10e0\u10e2\u10e8\u10d8 \u10d3\u10d0 \u10d2\u10d4\u10db\u10d8\u10d7 \u10d3\u10d0\u10d1\u10e0\u10e3\u10dc\u10d3\u10d4\u10d1\u10d8\u10d7 \u10e1\u10d0\u10db\u10d0\u10dc\u10d0\u10e1 \u10de\u10dd\u10e0\u10e2\u10e8\u10d8, \u10e1\u10d0\u10db\u10d0\u10dc\u10d8\u10e1 \u10e7\u10e3\u10e0\u10d8\u10e1 \u10d2\u10d0\u10d5\u10da\u10d8\u10d7 30 \u10ec\u10e3\u10d7\u10d8\u10e1 \u10d2\u10d0\u10dc\u10db\u10d0\u10d5\u10da\u10dd\u10d1\u10d0\u10e8\u10d8.<\/p>\n<p>\u10d7\u10e3 \u10d4\u10e1 \u10db\u10dd\u10d2\u10d6\u10d0\u10e3\u10e0\u10dd\u10d1\u10d0 \u10e3\u10e4\u10e0\u10dd \u10db\u10dd\u10d2\u10ec\u10dd\u10dc\u10d7, \u10d2\u10d5\u10d0\u10e5\u10d5\u10e1 \u10e8\u10d4\u10db\u10d3\u10d4\u10d2\u10d8 \u10d5\u10d0\u10e0\u10d8\u10d0\u10dc\u10e2\u10d4\u10d1\u10d8:<\/p>\n<p>Los Haitises + Cayo Levantado \u10e1\u10d0\u10db\u10d0\u10dc\u10d0\u10e1 \u10de\u10dd\u10e0\u10e2\u10d8\u10d3\u10d0\u10dc.<\/p>\n<h3><em>\u10e0\u10d0 \u10e3\u10dc\u10d3\u10d0 \u10db\u10dd\u10d8\u10e2\u10d0\u10dc\u10dd?<\/em><\/h3>\n<ul>\n<li>\u10d9\u10d0\u10db\u10d4\u10e0\u10d0<\/li>\n<li>\u10e0\u10d4\u10de\u10d4\u10da\u10d4\u10dc\u10e2\u10d4\u10d1\u10d8<\/li>\n<li>\u10db\u10d6\u10d8\u10e1\u10d2\u10d0\u10dc \u10d3\u10d0\u10db\u10ea\u10d0\u10d5\u10d8<\/li>\n<li>\u10e5\u10e3\u10d3\u10d8<\/li>\n<li>\u10d9\u10dd\u10db\u10e4\u10dd\u10e0\u10e2\u10e3\u10da\u10d8 \u10e8\u10d0\u10e0\u10d5\u10d0\u10da\u10d8<\/li>\n<li>\u10e2\u10e7\u10d8\u10e1 \u10e1\u10d0\u10da\u10d0\u10e8\u10e5\u10e0\u10dd \u10e4\u10d4\u10ee\u10e1\u10d0\u10ea\u10db\u10d4\u10da\u10d8<\/li>\n<li>\u10e1\u10d0\u10dc\u10d3\u10da\u10d4\u10d1\u10d8 \u10d2\u10d0\u10d6\u10d0\u10e4\u10ee\u10e3\u10da\u10d8\u10e1 \u10d0\u10d3\u10d2\u10d8\u10da\u10d4\u10d1\u10e8\u10d8.<\/li>\n<li>\u10e1\u10d0\u10ea\u10e3\u10e0\u10d0\u10dd \u10d9\u10dd\u10e1\u10e2\u10e3\u10db\u10d8<\/li>\n<\/ul>\n<h3><em>\u10e1\u10d0\u10e1\u10e2\u10e3\u10db\u10e0\u10dd\u10e1 \u10de\u10d8\u10d9\u10d0\u10de\u10d8<\/em><\/h3>\n<p>\u10d0\u10db \u10e2\u10e3\u10e0\u10d8\u10e1\u10d7\u10d5\u10d8\u10e1 \u10e1\u10d0\u10e1\u10e2\u10e3\u10db\u10e0\u10dd\u10e1 \u10de\u10d8\u10d9\u10d0\u10de\u10d8 \u10d0\u10e0 \u10d0\u10e0\u10d8\u10e1 \u10e8\u10d4\u10db\u10dd\u10d7\u10d0\u10d5\u10d0\u10d6\u10d4\u10d1\u10e3\u10da\u10d8.<\/p>\n<p><strong>\u1ca8\u10d4\u10dc\u10d8\u10e8\u10d5\u10dc\u10d0:<\/strong> \u10d7\u10e3 \u10d3\u10d0\u10ef\u10d0\u10d5\u10e8\u10dc\u10d8\u10d7 \u10e2\u10e3\u10e0\u10d8\u10e1\/\u10d4\u10e5\u10e1\u10d9\u10e3\u10e0\u10e1\u10d8\u10d8\u10e1 \u10d2\u10d0\u10db\u10d2\u10d6\u10d0\u10d5\u10e0\u10d4\u10d1\u10d8\u10e1 \u10d3\u10e0\u10dd\u10d8\u10d3\u10d0\u10dc 24 \u10e1\u10d0\u10d0\u10d7\u10d8\u10e1 \u10d2\u10d0\u10dc\u10db\u10d0\u10d5\u10da\u10dd\u10d1\u10d0\u10e8\u10d8, \u10e9\u10d5\u10d4\u10dc \u10e8\u10d4\u10d2\u10d5\u10d8\u10eb\u10da\u10d8\u10d0 \u10db\u10dd\u10d5\u10d0\u10ec\u10e7\u10dd\u10d7 \u10e1\u10d0\u10e1\u10e2\u10e3\u10db\u10e0\u10dd\u10e1 \u10de\u10d8\u10d9\u10d0\u10de\u10d8 \u10d3\u10d0\u10db\u10d0\u10e2\u10d4\u10d1\u10d8\u10d7\u10d8 \u10e1\u10d0\u10e4\u10d0\u10e1\u10e3\u10e0\u10d8\u10d7. \u10d7\u10e5\u10d5\u10d4\u10dc\u10d8 \u10e8\u10d4\u10e1\u10e7\u10d8\u10d3\u10d5\u10d8\u10e1 \u10d3\u10d0\u10e1\u10e0\u10e3\u10da\u10d4\u10d1\u10d8\u10e1 \u10e8\u10d4\u10db\u10d3\u10d4\u10d2, \u10e9\u10d5\u10d4\u10dc \u10d2\u10d0\u10db\u10dd\u10d2\u10d8\u10d2\u10d6\u10d0\u10d5\u10dc\u10d8\u10d7 \u10e1\u10e0\u10e3\u10da \u10e1\u10d0\u10d9\u10dd\u10dc\u10e2\u10d0\u10e5\u10e2\u10dd \u10d8\u10dc\u10e4\u10dd\u10e0\u10db\u10d0\u10ea\u10d8\u10d0\u10e1 (\u10e2\u10d4\u10da\u10d4\u10e4\u10dd\u10dc\u10d8\u10e1 \u10dc\u10dd\u10db\u10d4\u10e0\u10e1, \u10d4\u10da. \u10e4\u10dd\u10e1\u10e2\u10d8\u10e1 \u10db\u10d8\u10e1\u10d0\u10db\u10d0\u10e0\u10d7\u10e1 \u10d3\u10d0 \u10d0.\u10e8.) \u10e9\u10d5\u10d4\u10dc\u10d8 \u10d0\u10d3\u10d2\u10d8\u10da\u10dd\u10d1\u10e0\u10d8\u10d5\u10d8 \u10e2\u10e3\u10e0\u10d8\u10e1 \u10db\u10d4\u10d2\u10d6\u10e3\u10e0\u10d8\u10e1\u10d7\u10d5\u10d8\u10e1, \u10e0\u10d0\u10d7\u10d0 \u10db\u10dd\u10d0\u10ec\u10e7\u10dd\u10d7 \u10de\u10d8\u10d9\u10d0\u10de\u10d8\u10e1 \u10e6\u10dd\u10dc\u10d8\u10e1\u10eb\u10d8\u10d4\u10d1\u10d4\u10d1\u10d8.<\/p>\n<h3>\u10d3\u10d0\u10db\u10d0\u10e2\u10d4\u10d1\u10d8\u10d7\u10d8 \u10d8\u10dc\u10e4\u10dd\u10e0\u10db\u10d0\u10ea\u10d8\u10d8\u10e1 \u10d3\u10d0\u10d3\u10d0\u10e1\u10e2\u10e3\u10e0\u10d4\u10d1\u10d0<\/h3>\n<ol>\n<li>\u10d1\u10d8\u10da\u10d4\u10d7\u10d4\u10d1\u10d8 \u10d0\u10e0\u10d8\u10e1 \u10e5\u10d5\u10d8\u10d7\u10d0\u10e0\u10d8 \u10d0\u10db \u10e2\u10e3\u10e0\u10d8\u10e1 \u10d2\u10d0\u10d3\u10d0\u10ee\u10d3\u10d8\u10e1 \u10e8\u10d4\u10db\u10d3\u10d4\u10d2. \u10d7\u10e5\u10d5\u10d4\u10dc \u10e8\u10d4\u10d2\u10d8\u10eb\u10da\u10d8\u10d0\u10d7 \u10d0\u10e9\u10d5\u10d4\u10dc\u10dd\u10d7 \u10d2\u10d0\u10d3\u10d0\u10ee\u10d3\u10d0 \u10d7\u10e5\u10d5\u10d4\u10dc\u10e1 \u10e2\u10d4\u10da\u10d4\u10e4\u10dd\u10dc\u10d6\u10d4.<\/li>\n<li>\u10e8\u10d4\u10ee\u10d5\u10d4\u10d3\u10e0\u10d8\u10e1 \u10de\u10e3\u10dc\u10e5\u10e2\u10d8 \u10db\u10d8\u10d8\u10e6\u10d4\u10d1\u10d0 \u10d3\u10d0\u10ef\u10d0\u10d5\u10e8\u10dc\u10d8\u10e1 \u10de\u10e0\u10dd\u10ea\u10d4\u10e1\u10d8\u10e1 \u10e8\u10d4\u10db\u10d3\u10d4\u10d2.<\/li>\n<li>\u10d1\u10d0\u10d5\u10e8\u10d5\u10d4\u10d1\u10e1 \u10d7\u10d0\u10dc \u10e3\u10dc\u10d3\u10d0 \u10d0\u10ee\u10da\u10d3\u10d4\u10e1 \u10d6\u10e0\u10d3\u10d0\u10e1\u10e0\u10e3\u10da\u10d8.<\/li>\n<li>\u10d0\u10e0 \u10d0\u10e0\u10d8\u10e1 \u10ee\u10d4\u10da\u10db\u10d8\u10e1\u10d0\u10ec\u10d5\u10d3\u10dd\u10db\u10d8 \u10d8\u10dc\u10d5\u10d0\u10da\u10d8\u10d3\u10d8\u10e1 \u10d4\u10e2\u10da\u10d8\u10d7<\/li>\n<li>\u10e9\u10d5\u10d8\u10da\u10d4\u10d1\u10d8 \u10e3\u10dc\u10d3\u10d0 \u10d8\u10ef\u10d3\u10dc\u10d4\u10dc \u10e9\u10d5\u10d8\u10da \u10d1\u10d0\u10d5\u10e8\u10d5\u10d7\u10d0 \u10e1\u10d9\u10d0\u10db\u10d4\u10d1\u10d6\u10d4 \u10d0\u10dc \u10e3\u10e4\u10e0\u10dd\u10e1\u10d4\u10d1\u10d7\u10d0\u10dc \u10d4\u10e0\u10d7\u10d0\u10d3<\/li>\n<li>\u10d0\u10e0 \u10d0\u10e0\u10d8\u10e1 \u10e0\u10d4\u10d9\u10dd\u10db\u10d4\u10dc\u10d3\u10d4\u10d1\u10e3\u10da\u10d8 \u10d6\u10e3\u10e0\u10d2\u10d8\u10e1 \u10de\u10e0\u10dd\u10d1\u10da\u10d4\u10db\u10d4\u10d1\u10d8\u10e1 \u10db\u10e5\u10dd\u10dc\u10d4 \u10db\u10dd\u10d2\u10d6\u10d0\u10e3\u10e0\u10d4\u10d1\u10d8\u10e1\u10d7\u10d5\u10d8\u10e1.<\/li>\n<li>\u10d0\u10e0 \u10d0\u10e0\u10d8\u10e1 \u10e0\u10d4\u10d9\u10dd\u10db\u10d4\u10dc\u10d3\u10d4\u10d1\u10e3\u10da\u10d8 \u10dd\u10e0\u10e1\u10e3\u10da\u10d4\u10d1\u10d8\u10e1\u10d7\u10d5\u10d8\u10e1.<\/li>\n<li>\u10d0\u10e0 \u10d0\u10e0\u10d8\u10e1 \u10d2\u10e3\u10da\u10d8\u10e1 \u10de\u10e0\u10dd\u10d1\u10da\u10d4\u10db\u10d4\u10d1\u10d8 \u10d0\u10dc \u10e1\u10ee\u10d5\u10d0 \u10e1\u10d4\u10e0\u10d8\u10dd\u10d6\u10e3\u10da\u10d8 \u10e1\u10d0\u10db\u10d4\u10d3\u10d8\u10ea\u10d8\u10dc\u10dd \u10db\u10d3\u10d2\u10dd\u10db\u10d0\u10e0\u10d4\u10dd\u10d1\u10d0.<\/li>\n<li>\u10db\u10dd\u10d2\u10d6\u10d0\u10e3\u10e0\u10d7\u10d0 \u10e3\u10db\u10d4\u10e2\u10d4\u10e1\u10dd\u10d1\u10d0\u10e1 \u10e8\u10d4\u10e3\u10eb\u10da\u10d8\u10d0 \u10db\u10dd\u10dc\u10d0\u10ec\u10d8\u10da\u10d4\u10dd\u10d1\u10d0.<\/li>\n<\/ol>\n<h3><em>\u1c92\u10d0\u10e3\u10e5\u10db\u10d4\u10d1\u10d8\u10e1 \u10de\u10d8\u10e0\u10dd\u10d1\u10d4\u10d1\u10d8<\/em><\/h3>\n<p>\u10d7\u10d0\u10dc\u10ee\u10d8\u10e1 \u10e1\u10e0\u10e3\u10da\u10d8 \u10d3\u10d0\u10d1\u10e0\u10e3\u10dc\u10d4\u10d1\u10d8\u10e1\u10d7\u10d5\u10d8\u10e1 \u10d2\u10d0\u10d0\u10e3\u10e5\u10db\u10d4\u10d7 \u10d2\u10d0\u10db\u10dd\u10ea\u10d3\u10d8\u10da\u10d4\u10d1\u10d8\u10e1 \u10d3\u10d0\u10ec\u10e7\u10d4\u10d1\u10d8\u10e1 \u10d7\u10d0\u10e0\u10d8\u10e6\u10d0\u10db\u10d3\u10d4 \u10db\u10d8\u10dc\u10d8\u10db\u10e3\u10db 24 \u10e1\u10d0\u10d0\u10d7\u10d8\u10d7 \u10d0\u10d3\u10e0\u10d4.<\/p>\n\n\t\t<\/div>\n\t<\/div>\n<\/div><\/div><\/div><\/div><div class=\"vc_row wpb_row vc_row-fluid\" ><div class=\"wpb_column vc_column_container vc_col-sm-12\"><div class=\"vc_column-inner\"><div class=\"wpb_wrapper\"><div class=\"vc_empty_space\"   style=\"height: 32px\"><span class=\"vc_empty_space_inner\"><\/span><\/div>\n\t<div class=\"wpb_video_widget wpb_content_element vc_clearfix   vc_video-aspect-ratio-169 vc_video-el-width-100 vc_video-align-left\" >\n\t\t<div class=\"wpb_wrapper\">\n\t\t\t\n\t\t\t<div class=\"wpb_video_wrapper\"><iframe loading=\"lazy\" title=\"Los Haitises \u10d4\u10e0\u10dd\u10d5\u10dc\u10e3\u10da\u10d8 \u10de\u10d0\u10e0\u10d9\u10d8, \u10e2\u10e3\u10e0\u10d4\u10d1\u10d8 \u10d3\u10d0 \u10d4\u10e5\u10e1\u10d9\u10e3\u10e0\u10e1\u10d8\u10d0 \u10e1\u10d0\u10db\u10d0\u10dc\u10d0\u10d3\u10d0\u10dc \u10d0\u10dc \u10e1\u10d0\u10d1\u10d0\u10dc\u10d0 \u10d3\u10d4 \u10da\u10d0 \u10db\u10d0\u10e0\u10d8\u10d3\u10d0\u10dc. \u10d3\u10d0\u10ef\u10d0\u10d5\u10e8\u10dc\u10d4\u10d7 \u10d0\u10e5:\" src=\"https:\/\/player.vimeo.com\/video\/346508015?dnt=1&amp;app_id=122963\" width=\"1100\" height=\"619\" frameborder=\"0\" allow=\"autoplay; fullscreen\" allowfullscreen><\/iframe><\/div>\n\t\t<\/div>\n\t<\/div>\n<\/div><\/div><\/div><\/div><div class=\"vc_row wpb_row vc_row-fluid\" ><div class=\"wpb_column vc_column_container vc_col-sm-12\"><div class=\"vc_column-inner\"><div class=\"wpb_wrapper\"><div class=\"vc_empty_space\"   style=\"height: 32px\"><span class=\"vc_empty_space_inner\"><\/span><\/div>\n\t<div class=\"wpb_text_column wpb_content_element\" >\n\t\t<div class=\"wpb_wrapper\">\n\t\t\t<h4>\u1c93\u10d0\u10d2\u10d5\u10d8\u10d9\u10d0\u10d5\u10e8\u10d8\u10e0\u10d3\u10d8\u10d7?<\/h4>\n<h5>\u10e1\u10d0\u10d7\u10d0\u10d5\u10d2\u10d0\u10d3\u10d0\u10e1\u10d0\u10d5\u10da\u10dd \u10d3\u10d0\u10ef\u10d0\u10d5\u10e8\u10dc\u10d0<\/h5>\n<p><em>\u10e2\u10e3\u10e0\u10d8\u10e1 \u10d2\u10d8\u10d3\u10d4\u10d1\u10d8<\/em> <em><strong>\u10d0\u10d3\u10d2\u10d8\u10da\u10dd\u10d1\u10e0\u10d8\u10d5\u10d8<\/strong><\/em> \u10d3\u10d0 <strong><em>\u10d4\u10e0\u10dd\u10d5\u10dc\u10e3\u10da\u10d8<\/em><\/strong> &amp;<em>\u00a0\u10e1\u10e2\u10e3\u10db\u10e0\u10d4\u10d1\u10d8\u10e1 \u10db\u10dd\u10db\u10e1\u10d0\u10ee\u10e3\u10e0\u10d4\u10d1\u10d0<\/em><\/p>\n<p>\u10d3\u10d0\u10ef\u10d0\u10d5\u10e8\u10dc\u10d0: \u10e2\u10e3\u10e0\u10d4\u10d1\u10d8 \u10d3\u10d0 \u10d4\u10e5\u10e1\u10d9\u10e3\u10e0\u10e1\u10d8\u10d4\u10d1\u10d8 \u10d3\u10dd\u10db.<\/p>\n<p>\u10e2\u10d4\u10da\/Whatsapp +1-809-720-6035.<\/p>\n<p>info@bookingadventures.com.do<\/p>\n<p>\u10e9\u10d5\u10d4\u10dc \u10d5\u10d0\u10e0\u10d7 \u10d9\u10d4\u10e0\u10eb\u10dd \u10e2\u10e3\u10e0\u10d4\u10d1\u10d8 \u10db\u10dd\u10e5\u10dc\u10d8\u10da\u10d8 \u10d9\u10dd\u10dc\u10e4\u10d8\u10d2\u10e3\u10e0\u10d0\u10ea\u10d8\u10d8\u10d7 Whatsapp-\u10d8\u10d7: +18097206035.<\/p>\n\n\t\t<\/div>\n\t<\/div>\n<div class=\"vc_empty_space\"   style=\"height: 32px\"><span class=\"vc_empty_space_inner\"><\/span><\/div><\/div><\/div><\/div><\/div>","protected":false},"excerpt":{"rendered":"<p><strong>\u10d2\u10d7\u10ee\u10dd\u10d5\u10d7, \u10d0\u10d8\u10e0\u10e9\u10d8\u10dd\u10d7 \u10e2\u10e3\u10e0\u10d8\u10e1 \u10d7\u10d0\u10e0\u10d8\u10e6\u10d8\u00a0<\/strong><\/p>","protected":false},"featured_media":104,"template":"","meta":[],"product_brand":[],"product_cat":[119,96,144,98,135,121,99,122,443,123,124],"product_tag":[126,127,128,145,132,133,146,147,148,143],"class_list":{"0":"post-551","1":"product","2":"type-product","3":"status-publish","4":"has-post-thumbnail","6":"product_cat-caves","7":"product_cat-hiking","8":"product_cat-kayaking","9":"product_cat-local-tour-guides","10":"product_cat-lunch","11":"product_cat-mangroves","12":"product_cat-swimming-natural-springs","13":"product_cat-tours-and-excursions","14":"product_cat-tours-y-excursiones-es","15":"product_cat-tours-excursions-los-haitises-national-park","16":"product_cat-tours-excursions-samana-bay-dominican-republic","17":"product_tag-cano-hondo","18":"product_tag-cano-hondo-hotel","19":"product_tag-cano-hondo-tours","20":"product_tag-day-tour-cano-hondo","21":"product_tag-los-haitises","22":"product_tag-los-haitises-national-park","23":"product_tag-mangroves-los-haitises","24":"product_tag-samana-bay","25":"product_tag-samana-excursions","26":"product_tag-samana-tours","28":"first","29":"instock","30":"sale","31":"sold-individually","32":"shipping-taxable","33":"product-type-external"},"_links":{"self":[{"href":"https:\/\/haitises.com\/ka\/wp-json\/wp\/v2\/product\/551","targetHints":{"allow":["GET"]}}],"collection":[{"href":"https:\/\/haitises.com\/ka\/wp-json\/wp\/v2\/product"}],"about":[{"href":"https:\/\/haitises.com\/ka\/wp-json\/wp\/v2\/types\/product"}],"wp:featuredmedia":[{"embeddable":true,"href":"https:\/\/haitises.com\/ka\/wp-json\/wp\/v2\/media\/104"}],"wp:attachment":[{"href":"https:\/\/haitises.com\/ka\/wp-json\/wp\/v2\/media?parent=551"}],"wp:term":[{"taxonomy":"product_brand","embeddable":true,"href":"https:\/\/haitises.com\/ka\/wp-json\/wp\/v2\/product_brand?post=551"},{"taxonomy":"product_cat","embeddable":true,"href":"https:\/\/haitises.com\/ka\/wp-json\/wp\/v2\/product_cat?post=551"},{"taxonomy":"product_tag","embeddable":true,"href":"https:\/\/haitises.com\/ka\/wp-json\/wp\/v2\/product_tag?post=551"}],"curies":[{"name":"wp","href":"https:\/\/api.w.org\/{rel}","templated":true}]}}