{"id":608,"date":"2020-07-12T21:05:28","date_gmt":"2020-07-12T21:05:28","guid":{"rendered":"http:\/\/haitises.com\/?post_type=product&#038;p=608"},"modified":"2024-04-16T03:21:46","modified_gmt":"2024-04-16T03:21:46","slug":"tour-privado-ballenas-y-cayo-levantado-desde-el-puerto-de-samana","status":"publish","type":"product","link":"https:\/\/haitises.com\/jv\/pribadi\/tour-privado-ballenas-y-cayo-levantado-desde-el-puerto-de-samana\/","title":{"rendered":"Tour privado Ballenas y Cayo Levantado desde el puerto de Saman\u00e1"},"content":{"rendered":"<div class=\"vc_row wpb_row vc_row-fluid\" ><div class=\"wpb_column vc_column_container vc_col-sm-12\"><div class=\"vc_column-inner\"><div class=\"wpb_wrapper\"><div class=\"vc_empty_space\"   style=\"height: 32px\"><span class=\"vc_empty_space_inner\"><\/span><\/div>[mkdf_section_title title_tag=\u00bb\u00bb disable_break_words=\u00bbno\u00bb subtitle_tag=\u00bb\u00bb title=\u00bbSamana Cayo Levantado + Excursi\u00f3n de Ballenas\u00bb subtitle=\u00bbTour en bote desde el puerto de Saman\u00e1\u00bb]<div class=\"vc_message_box vc_message_box-standard vc_message_box-rounded vc_color-info\" ><div class=\"vc_message_box-icon\"><i class=\"fas fa-info-circle\"><\/i><\/div><p>Este es un tour privado m\u00ednimo 4 personas. Para reservar el mismo viaje en grupos de catamar\u00e1n, haga clic aqu\u00ed.<br \/>\nSi son menos de 4 personas y le gustar\u00eda privado, cont\u00e1ctenos.<\/p>\n<\/div><div class=\"vc_empty_space\"   style=\"height: 32px\"><span class=\"vc_empty_space_inner\"><\/span><\/div><\/div><\/div><\/div><\/div><div class=\"vc_row wpb_row vc_row-fluid\" ><div class=\"wpb_column vc_column_container vc_col-sm-12\"><div class=\"vc_column-inner\"><div class=\"wpb_wrapper\">\n\t<div class=\"wpb_text_column wpb_content_element\" >\n\t\t<div class=\"wpb_wrapper\">\n\t\t\t<h3>Katrangan<\/h3>\n<p>Evite grandes grupos de turistas y haga su observaci\u00f3n de ballenas en la bah\u00eda de Saman\u00e1 desde el puerto de Saman\u00e1 en un bote privado. Este viaje comienza a las 9:00 a.m. y termina a las 5:00 p.m. Pero debido a que ser\u00e1 un viaje privado, puede establecer el tiempo para comenzar y terminar. Reuni\u00f3n antes en nuestra oficina al lado del restaurante Royal. Despu\u00e9s de abortar nuestro barco para visitar a las ballenas en su propio h\u00e1bitat. Nuestros capitanes est\u00e1n entrenados para asegurarse de que veas ballenas.<\/p>\n<p>Desde las 9:00 am hasta las 12: 00-mediod\u00eda Observatorio de avistamiento de ballenas y despu\u00e9s de este viaje visitaremos la isla Bacardi \/ Cayo Levantado. En la isla de Bacardi, se proporcionar\u00e1 un almuerzo buffet de estilo t\u00edpico dominicano (arroz, frijoles, pescado, ensaladas &#8230;). Cuando termina el almuerzo, se le permite nadar hasta las 4:30 p.m. El recorrido finalizar\u00e1 a las 5:00 pm en el mismo puerto desde donde comenzar\u00e1.<\/p>\n<p><strong>Cathetan:<\/strong> Este tour es privado. (Solo usted y su familia o amigos a bordo con el capit\u00e1n y el gu\u00eda tur\u00edstico).<\/p>\n<ul>\n<li>Avistamiento de ballenas<\/li>\n<li>Entradas al Observatorio<\/li>\n<li>Kalebu nedha awan prasmanan ing pantai.<\/li>\n<li>Transporte de barco<\/li>\n<li>El Capit\u00e1n proporciona instrucci\u00f3n y supervisi\u00f3n.<\/li>\n<li>Gu\u00eda tur\u00edstico<\/li>\n<\/ul>\n<h3>Inklusi lan pengecualian<\/h3>\n<h4>Inklusi<\/h4>\n<ol>\n<li>Buffet nedha awan ing pantai.<\/li>\n<li>Gu\u00eda tur\u00edstico<\/li>\n<li>Catamar\u00e1n o paseo en barco<\/li>\n<li>Todos los impuestos, tarifas y cargos por manejo<\/li>\n<li>Pajak lokal<\/li>\n<li>ombenan<\/li>\n<\/ol>\n<h4>Pengecualian<\/h4>\n<ol>\n<li>Tips<\/li>\n<li>Transfer Car<\/li>\n<li>Ombenan alkohol<\/li>\n<\/ol>\n<h3><em>Mangkat lan bali<\/em><\/h3>\n<p>El viajero obtendr\u00e1 un punto de encuentro despu\u00e9s del proceso de reserva. Los tours comienzan y finalizan en nuestros puntos de encuentro.<\/p>\n<h3><em>Apa sing dikarepake?<\/em><\/h3>\n<p>Obtenga sus boletos para un d\u00eda de visita privada de avistamiento de ballenas en la bah\u00eda de Saman\u00e1, adem\u00e1s de un maravilloso almuerzo y tiempo de playa en la isla de Bacardi.<\/p>\n<p>El Daypass para la observaci\u00f3n de ballenas, organizado por \u00abBooking Adventures\u00bb comienza en el punto de encuentro establecido con el gu\u00eda tur\u00edstico. Almuerza en la playa y puedes quedarte todo el tiempo que quieras nadando. Si eres vegano, tambi\u00e9n podemos prepararte algo de comida.<\/p>\n<p><strong>Horario:<\/strong><\/p>\n<p>8:45 AM &#8211; 5:00 PM<\/p>\n<h3><em>Apa sampeyan kudu nggawa?<\/em><\/h3>\n<ul>\n<li>kamera<\/li>\n<li>Repellents<\/li>\n<li>tabir surya<\/li>\n<li>Topi<\/li>\n<li>Celana sing nyaman<\/li>\n<li>Sandal menyang pantai<\/li>\n<li>Baju renang<\/li>\n<li>Efectivo para souvenirs<\/li>\n<\/ul>\n<h3><em>Pickup hotel<\/em><\/h3>\n<p>Pickup hotel ora ditawakake kanggo tur iki.<\/p>\n<p><strong>Cathetan:<\/strong> Yen sampeyan Book ing 24 jam saka demo \/ excursion wektu departure, kita bisa ngatur hotel pickup karo biaya tambahan. Sawise tuku rampung, kita bakal ngirim informasi kontak lengkap (nomer telpon, alamat email, etc.) kanggo guide wisata lokal kanggo ngatur noto pickup.<\/p>\n<h3><em>Konfirmasi informasi tambahan<\/em><\/h3>\n<ul>\n<li>Tiket kasebut minangka Resi sawise mbayar Tour iki. Sampeyan bisa nuduhake pembayaran ing telpon.<\/li>\n<li>Titik patemon bakal ditampa sawise proses reservasi.<\/li>\n<li>Anak kudu diiringi wong diwasa.<\/li>\n<li>Accesible a silla de ruedas<\/li>\n<li>Los infantes deben sentarse en el regazo<\/li>\n<li>Paling lelungan bisa melu.<\/li>\n<\/ul>\n<h3><em>Kabijakan pembatalan<\/em><\/h3>\n<p>Para obtener un reembolso completo, cancele al menos 24 horas antes de la fecha de inicio de la experiencia.<\/p>\n<h3>!Cont\u00e1ctenos!<br \/>\nTOUR BALLENAS SAMANA<\/h3>\n<p>Pemandu wisata\u00a0<strong>lokal<\/strong> lan <strong>nasional<\/strong> lan layanan tamu<\/p>\n<p>Reservasi: Wisata lan Wisata ing Dom Rep.<\/p>\n<p>Telp\/Whatsapp +1-809-720-6035.<\/p>\n<p>info@bookingadventures.com.do<\/p>\n<p>Hacemos tours privados de configuraci\u00f3n flexible por Whatsapp: +18097206035.<\/p>\n\n\t\t<\/div>\n\t<\/div>\n<\/div><\/div><\/div><\/div>","protected":false},"excerpt":{"rendered":"<p>Excursi\u00f3n privada de avistamiento de ballenas en la bah\u00eda de Saman\u00e1, Rep\u00fablica Dominicana, con gu\u00edas locales. No dudes en programar tu hora de llegada o terminar la excursi\u00f3n. El almuerzo y el horario son establecidos por usted mismo. Reserve ahora esta excursi\u00f3n en la bah\u00eda de Saman\u00e1 para una buena experiencia de viaje de observaci\u00f3n de ballenas.<\/p>\n<p>Nota: Este tour es un Tour privado con un pago m\u00ednimo. Para unirse a un grupo de observaci\u00f3n de ballenas con el mismo precio en Catamar\u00e1n, HAGA CLIC AQU\u00cd.<\/p>\n<p><strong>Por favor, seleccione la fecha de la excursi\u00f3n:<\/strong><\/p>","protected":false},"featured_media":259,"template":"","meta":[],"product_brand":[],"product_cat":[443,124,232],"product_tag":[137,162,201,143,277,271,278,234,279,280,236],"class_list":{"0":"post-608","1":"product","2":"type-product","3":"status-publish","4":"has-post-thumbnail","6":"product_cat-tours-y-excursiones-es","7":"product_cat-tours-excursions-samana-bay-dominican-republic","8":"product_cat-whale-watching-samana","9":"product_tag-bacardi-island","10":"product_tag-cayo-levantado-day-pass","11":"product_tag-private-tours-samana","12":"product_tag-samana-tours","13":"product_tag-samana-whale","14":"product_tag-samana-whale-watching","15":"product_tag-samana-whale-watching-excursions","16":"product_tag-whale-samana","17":"product_tag-whale-watching","18":"product_tag-whale-watching-2020","19":"product_tag-whale-watching-dominican-republic","21":"first","22":"instock","23":"sale","24":"sold-individually","25":"shipping-taxable","26":"product-type-external"},"_links":{"self":[{"href":"https:\/\/haitises.com\/jv\/wp-json\/wp\/v2\/product\/608","targetHints":{"allow":["GET"]}}],"collection":[{"href":"https:\/\/haitises.com\/jv\/wp-json\/wp\/v2\/product"}],"about":[{"href":"https:\/\/haitises.com\/jv\/wp-json\/wp\/v2\/types\/product"}],"wp:featuredmedia":[{"embeddable":true,"href":"https:\/\/haitises.com\/jv\/wp-json\/wp\/v2\/media\/259"}],"wp:attachment":[{"href":"https:\/\/haitises.com\/jv\/wp-json\/wp\/v2\/media?parent=608"}],"wp:term":[{"taxonomy":"product_brand","embeddable":true,"href":"https:\/\/haitises.com\/jv\/wp-json\/wp\/v2\/product_brand?post=608"},{"taxonomy":"product_cat","embeddable":true,"href":"https:\/\/haitises.com\/jv\/wp-json\/wp\/v2\/product_cat?post=608"},{"taxonomy":"product_tag","embeddable":true,"href":"https:\/\/haitises.com\/jv\/wp-json\/wp\/v2\/product_tag?post=608"}],"curies":[{"name":"wp","href":"https:\/\/api.w.org\/{rel}","templated":true}]}}